{"id":16380,"date":"2025-01-20T09:10:43","date_gmt":"2025-01-20T09:10:43","guid":{"rendered":"https:\/\/www.hydraulic-cylinders.net\/product\/arm-cylinderfor-sany-large-excavator-sy365\/"},"modified":"2025-01-20T09:10:45","modified_gmt":"2025-01-20T09:10:45","slug":"arm-cylinderfor-sany-large-excavator-sy365","status":"publish","type":"product","link":"https:\/\/www.hydraulic-cylinders.net\/fi\/tuote\/arm-cylinderfor-sany-large-excavator-sy365\/","title":{"rendered":"Varren sylinteri Sany-kaivukoneelle SY365"},"content":{"rendered":"<p>Sany-kaivukoneen SY365 varren sylinteri \u2013 kaikki mit\u00e4 sinun tarvitsee tiet\u00e4\u00e4<\/p>\n<h2>Johdanto<\/h2>\n<h3>Tuotteen m\u00e4\u00e4ritelm\u00e4<\/h3>\n<p>Varren sylinteri on erityisesti suunniteltu hydraulisylinteri, jota k\u00e4ytet\u00e4\u00e4n ensisijaisesti lineaarisen liikkeen ja voiman tuottamiseen erityyppisten koneiden, kuten kaivinkoneiden, nostureiden ja robottik\u00e4sivarsien, varsille. Varren sylintereill\u00e4 on ratkaiseva rooli hydraulij\u00e4rjestelmiss\u00e4, sill\u00e4 ne mahdollistavat lis\u00e4ty\u00f6kalujen tai lis\u00e4laitteiden tehokkaan liikkumisen ja ohjauksen. N\u00e4m\u00e4 sylinterit eiv\u00e4t ainoastaan \u200b\u200btarjoa tasaista liikett\u00e4, vaan ne kest\u00e4v\u00e4t my\u00f6s raskaita kuormia varmistaen koneiden tehokkaan toiminnan ja luotettavuuden erilaisissa ty\u00f6olosuhteissa. <\/p>\n<p><img decoding=\"async\" src=\"https:\/\/www.hydraulic-cylinders.net\/wp-content\/uploads\/2025\/01\/songte-company-2.webp\"><\/p>\n<h3>Tuotteen ominaisuudet<\/h3>\n<p>Sany-suurkaivinkoneen SY365 varren sylinterill\u00e4 on seuraavat ominaisuudet:<\/p>\n<ul>\n<li><strong>Tehokas k\u00e4ytt\u00f6:<\/strong> Varren sylinterit tarjoavat tehokkaan lineaarisen liikkeen ja voiman, mik\u00e4 varmistaa mekaanisen varren tehokkaan toiminnan erilaisissa toiminnoissa.<\/li>\n<li><strong>Tarkka ohjaus:<\/strong> Varsisylinterit voivat saavuttaa tarkan liikkeenohjauksen hydraulisten j\u00e4rjestelmien avulla, mik\u00e4 tekee lis\u00e4ty\u00f6kalujen k\u00e4yt\u00f6st\u00e4 joustavampaa ja tarkempaa.<\/li>\n<li><strong>Kest\u00e4v\u00e4:<\/strong> Varsisylinterit on yleens\u00e4 valmistettu eritt\u00e4in lujista materiaaleista, joilla on hyv\u00e4 kulutuskest\u00e4vyys ja korroosionkest\u00e4vyys, mik\u00e4 tekee niist\u00e4 sopivia pitk\u00e4aikaiseen k\u00e4ytt\u00f6\u00f6n ankarissa olosuhteissa.<\/li>\n<li><strong>Monitoiminnallinen sopeutumiskyky:<\/strong> N\u00e4it\u00e4 sylintereit\u00e4 voidaan k\u00e4ytt\u00e4\u00e4 laajasti erilaisissa mekaanisissa laitteissa, kuten kaivinkoneissa, nostureissa ja robottik\u00e4sivarsissa, mukautuen erilaisiin ty\u00f6vaatimuksiin.<\/li>\n<li><strong>Helppo huolto:<\/strong> Suunnittelussa on otettu huomioon huollon ja vaihdon helppous, mik\u00e4 tekee s\u00e4\u00e4nn\u00f6llisest\u00e4 tarkastuksesta ja huollosta k\u00e4tev\u00e4mp\u00e4\u00e4 ja v\u00e4hent\u00e4\u00e4 laitteiden seisokkiaikaa.<\/li>\n<\/ul>\n<p>Voimme valmistaa t\u00e4t\u00e4 tuotetta, ja se voi t\u00e4ydellisesti korvata n\u00e4m\u00e4 hydraulisylinterit.<\/p>\n<p><img decoding=\"async\" src=\"https:\/\/www.hydraulic-cylinders.net\/wp-content\/uploads\/2025\/01\/songte-oil-pipes-and-spare-parts.webp\"><\/p>\n<h3>Tuotesovellukset<\/h3>\n<p>Sany-suurkaivinkoneen SY365 varren sylinteri\u00e4 voidaan k\u00e4ytt\u00e4\u00e4 useilla eri teollisuudenaloilla ja tilanteissa:<\/p>\n<h4>Rakentaminen<\/h4>\n<p>Kaivinkoneissa ja nostureissa varren sylinterit ohjaavat kauhan tai puomin liikett\u00e4, mik\u00e4 mahdollistaa maanrakennusty\u00f6t, materiaalink\u00e4sittelyn ja rakenteelliset asennukset.<\/p>\n<h4>Valmistus<\/h4>\n<p>Automatisoiduilla tuotantolinjoilla varsisylinterit ohjaavat robottivarsien liikett\u00e4 ja suorittavat kokoonpano-, hitsaus- ja k\u00e4sittelyteht\u00e4vi\u00e4, mik\u00e4 lis\u00e4\u00e4 tehokkuutta ja tarkkuutta.<\/p>\n<h4>Maatalouskoneet<\/h4>\n<p>Maatalouskoneissa, kuten puimureissa ja istutuskoneissa, varsisylinterit ohjaavat k\u00e4ytt\u00f6varsien liikett\u00e4 ja suorittavat teht\u00e4vi\u00e4, kuten kylv\u00f6\u00e4, lannoitusta ja sadonkorjuuta.<\/p>\n<h4>Kaivostoiminta<\/h4>\n<p>Kaivoslaitteissa varren sylinterit ohjaavat kaivoslaitteiden varren liikett\u00e4, suorittaen louhintaa ja mineraalien kuljetusta.<\/p>\n<h4>Logistiikka ja kuljetus<\/h4>\n<p>Trukeissa ja robottien k\u00e4sittelyss\u00e4 varsisylinterit ohjaavat lastin nostamista ja siirt\u00e4mist\u00e4, mik\u00e4 mahdollistaa materiaalink\u00e4sittelyn ja pinoamisen.<\/p>\n<h3>Tuotesuunnittelun n\u00e4k\u00f6kohdat ja valintastandardit<\/h3>\n<p>Suunnittelun\u00e4k\u00f6kohtien perusteella Sany-suurkaivinkoneen SY365 varren sylinterill\u00e4 on oltava seuraavat ominaisuudet:<\/p>\n<ul>\n<li><strong>Kantavuus:<\/strong> Varren sylinterin on oltava riitt\u00e4v\u00e4n luja tukemaan laitteen painoa ja sen kantamaa kuormaa.<\/li>\n<li><strong>Tiivistys:<\/strong> Sylinterin tiivistysvaikutuksen varmistamiseksi, hydrauli\u00f6ljyn vuotamisen est\u00e4miseksi ja sylinterin k\u00e4ytt\u00f6i\u00e4n pident\u00e4miseksi k\u00e4ytet\u00e4\u00e4n erilaisia \u200b\u200btiivistyselementtej\u00e4, kuten m\u00e4nn\u00e4n tiivisteit\u00e4, varren tiivisteit\u00e4 jne.<\/li>\n<li><strong>Kest\u00e4vyys:<\/strong> Sylinterin on oltava valmistettu korkealaatuisista materiaaleista sen kest\u00e4vyyden varmistamiseksi, kest\u00e4m\u00e4\u00e4n korkeaa painetta ja korkeita l\u00e4mp\u00f6tiloja sek\u00e4 vastustamaan hankausta ja korroosiota.<\/li>\n<li><strong>Turvallisuus:<\/strong> Sylinterin on toimittava turvallisesti, v\u00e4ltett\u00e4v\u00e4 vikoja ja onnettomuuksia sek\u00e4 varmistettava laitteiden ja henkil\u00f6st\u00f6n turvallisuus.<\/li>\n<li><strong>Yll\u00e4pidett\u00e4vyys:<\/strong> Sylinterin on oltava helppo huoltaa ja korjata, mik\u00e4 v\u00e4hent\u00e4\u00e4 laitteiden seisokkiaikaa ja yll\u00e4pitokustannuksia sek\u00e4 varmistaa laitteiden pitk\u00e4n k\u00e4ytt\u00f6i\u00e4n.<\/li>\n<\/ul>\n<p><img decoding=\"async\" src=\"https:\/\/www.hydraulic-cylinders.net\/wp-content\/uploads\/2025\/01\/songte-cylinder-head-with-all-kinds-excavator-models.webp\"><\/p>\n<h3>Tuotteen tiivistys ja voitelu<\/h3>\n<p>Sylinterin tiivistysvaikutuksen varmistamiseksi, hydrauli\u00f6ljyn vuotamisen est\u00e4miseksi ja sylinterin k\u00e4ytt\u00f6i\u00e4n pident\u00e4miseksi k\u00e4ytet\u00e4\u00e4n erilaisia \u200b\u200btiivistyselementtej\u00e4, kuten m\u00e4nn\u00e4ntiivisteit\u00e4, varren tiivisteit\u00e4 jne. Tiivistyselementit on valmistettu kulutusta kest\u00e4vist\u00e4 materiaaleista, kuten polyuretaanista ja nitriilikumista. <\/p>\n<p>Sylinterin runko ja kierteitetty p\u00e4\u00e4typinta k\u00e4yv\u00e4t l\u00e4pi tarkan ty\u00f6st\u00f6n, mik\u00e4 parantaa niiden kulutuskest\u00e4vyytt\u00e4. S\u00e4\u00e4nn\u00f6llinen voitelu sopivalla m\u00e4\u00e4r\u00e4ll\u00e4 hydrauli\u00f6ljy\u00e4 on v\u00e4ltt\u00e4m\u00e4t\u00f6nt\u00e4 sujuvan toiminnan varmistamiseksi ja sylinterin k\u00e4ytt\u00f6i\u00e4n pident\u00e4miseksi.<\/p>\n<h3>S\u00e4\u00e4nn\u00f6lliset tarkastukset ja ennaltaehk\u00e4isev\u00e4t huoltotoimenpiteet<\/h3>\n<p>Sany-suurkaivukoneen SY365 varren sylinterille on teht\u00e4v\u00e4 s\u00e4\u00e4nn\u00f6llisi\u00e4 tarkastuksia ja ennaltaehk\u00e4isevi\u00e4 huoltotoimenpiteit\u00e4, mukaan lukien:<\/p>\n<ul>\n<li>Tiivisteosien s\u00e4\u00e4nn\u00f6llinen tarkastus ja vaihto.<\/li>\n<li>M\u00e4nn\u00e4nvarsien ja sylinteriputkien s\u00e4\u00e4nn\u00f6llinen tarkastus ja vaihto.<\/li>\n<li>Hydrauli\u00f6ljyn s\u00e4\u00e4nn\u00f6llinen tarkastus ja vaihto.<\/li>\n<li>Vaurioituneiden osien, kuten mutterien, pulttien jne., vaihto s\u00e4\u00e4nn\u00f6llisesti.<\/li>\n<li>Kirist\u00e4 kaikki liitokset ja kiinnikkeet s\u00e4\u00e4nn\u00f6llisesti.<\/li>\n<\/ul>\n<h3>Tuotteen asennusopas<\/h3>\n<p>Sany-suurkaivukoneen SY365 varren sylinterin asennus vaatii ammattitaitoa ja -tekniikkaa. Noudata seuraavia ohjeita:<\/p>\n<ol>\n<li>Poista vanha sylinteri koneesta varovasti ja turvallisesti.<\/li>\n<li>Puhdista kiinnityspinta ja varmista, ett\u00e4 se on sile\u00e4 eik\u00e4 siin\u00e4 ole ruostetta tai roskia.<\/li>\n<li>Asenna uusi varren sylinteri ja kirist\u00e4 pultit valmistajan ohjeiden mukaisesti.<\/li>\n<li>Liit\u00e4 hydrauliletkut ja tarkista vuodot.<\/li>\n<li>Testaa varren sylinterin toiminta ennen sen k\u00e4ytt\u00f6\u00e4 koneessa.<\/li>\n<\/ol>\n<p><img decoding=\"async\" src=\"https:\/\/www.hydraulic-cylinders.net\/wp-content\/uploads\/2025\/01\/songte-bushings-with-all-kinds-of-excavator-models.webp\"><\/p>\n<h3>Tuoteturvallisuusn\u00e4k\u00f6kohdat ja ymp\u00e4rist\u00f6tekij\u00e4t<\/h3>\n<p>Noudata turvallisuusm\u00e4\u00e4r\u00e4yksi\u00e4 ja -ohjeita tiukasti k\u00e4ytt\u00e4ess\u00e4si varsisylinteri\u00e4. K\u00e4yt\u00e4 tarvittaessa suojavarusteita, kuten k\u00e4sineit\u00e4, suojalaseja ja kyp\u00e4r\u00e4\u00e4. \u00c4l\u00e4 ylit\u00e4 sylinterin suurinta kuormituskapasiteettia ja v\u00e4lt\u00e4 ylikuormitusta tai \u00e4killisi\u00e4 iskuja.<\/p>\n<p>Sany-suurkaivinkoneen SY365 varren sylinteri on ymp\u00e4rist\u00f6yst\u00e4v\u00e4llinen tuote, joka on valmistettu kierr\u00e4tett\u00e4vist\u00e4 materiaaleista ja suunniteltu tehokkaaseen ja energians\u00e4\u00e4st\u00f6\u00f6n. Se t\u00e4ytt\u00e4\u00e4 kansainv\u00e4liset ymp\u00e4rist\u00f6m\u00e4\u00e4r\u00e4ykset ja -standardit.<\/p>\n<h3>Tuotevianm\u00e4\u00e4ritys ja yleiset ongelmat<\/h3>\n<p>Sany-suurkaivukoneen SY365 varren sylinterin yleisi\u00e4 vikoja ja ongelmia ovat:<\/p>\n<ul>\n<li>\u00d6ljyvuoto<\/li>\n<li>Melu k\u00e4yt\u00f6n aikana<\/li>\n<li>Hidas liike tai ei liikett\u00e4<\/li>\n<li>Liiallinen t\u00e4rin\u00e4<\/li>\n<li>Riitt\u00e4m\u00e4t\u00f6n teho tai voima<\/li>\n<\/ul>\n<h3>Vinkkej\u00e4 ja ratkaisuja viank\u00e4sittelyyn<\/h3>\n<p>Jos varren sylinteriss\u00e4 on ongelmia, noudata seuraavia vinkkej\u00e4:<\/p>\n<ul>\n<li>Tarkista hydrauliikkaj\u00e4rjestelm\u00e4 \u00f6ljyvuotojen tai tukosten varalta ja vaihda hydrauliikka\u00f6ljy tarvittaessa.<\/li>\n<li>Tarkista tiiviste-elementit vaurioiden tai kulumisen varalta ja vaihda ne tarvittaessa.<\/li>\n<li>Tarkista m\u00e4nn\u00e4nvarsi ja sylinteriputki vaurioiden varalta ja vaihda ne tarvittaessa.<\/li>\n<li>Tarkista hydrauliikkaletkut ja -liit\u00e4nn\u00e4t vuotojen varalta ja korjaa tai vaihda ne tarvittaessa.<\/li>\n<li>Tarkista kiinnitysruuvit ja kirist\u00e4 niit\u00e4 tarvittaessa.<\/li>\n<\/ul>\n<h3>Tietoja yrityksest\u00e4<\/h3>\n<p>Olemme ammattimainen hydraulisten sylinterien valmistaja, joka on erikoistunut monenlaisiin tuotteisiin ja on yksi johtavista hydraulisten sylinterien valmistajista ja tukkumyyjist\u00e4 sek\u00e4 kotimaisilla ett\u00e4 kansainv\u00e4lisill\u00e4 markkinoilla. Noudatamme aina erinomaisuuden periaatetta laadussa, luotamme hienojen valmistuspajojen teollisen tuotannon hallintastrategiaan ja parannamme jatkuvasti teknologian tasoa ja tuotantotehokkuutta. Ottamalla k\u00e4ytt\u00f6\u00f6n huippuluokan digitaalisia valmistuslaitteita ja ammattimaisia \u200b\u200btestausj\u00e4rjestelmi\u00e4, optimoimme jatkuvasti valmistusalustaa, parannamme tuotteiden laadunvalvontaprosessia ja meill\u00e4 on vahvat innovaatiokyvyt. Tavoitteenamme on vastata asiakkaiden monipuolisiin tarpeisiin tehokkuuden, tarkkuuden ja korkean laadun periaatteiden mukaisesti.<\/p>\n<p><img decoding=\"async\" src=\"https:\/\/www.hydraulic-cylinders.net\/wp-content\/uploads\/2025\/01\/songte-company-4.webp\"><br \/>\n<img decoding=\"async\" src=\"https:\/\/www.hydraulic-cylinders.net\/wp-content\/uploads\/2025\/01\/songte-company-3.webp\"><\/p>\n<h3>Palvelumme<\/h3>\n<ul>\n<li><strong>Ammattimaisuus:<\/strong> Meill\u00e4 on kokeneiden insin\u00f6\u00f6rien ja teknikkojen tiimi, joka voi tarjota ammattimaista ja kattavaa tukea.<\/li>\n<li><strong>Kansainv\u00e4linen sertifiointi:<\/strong> Tuotteemme ovat kansainv\u00e4listen standardien ja sertifikaattien, kuten ISO9001, CE ja ROHS, mukaisia.<\/li>\n<li><strong>Mukauttaminen:<\/strong> Tarjoamme r\u00e4\u00e4t\u00e4l\u00f6ityj\u00e4 palveluita asiakkaiden vaatimusten mukaisesti, mukaan lukien koko, materiaalit ja muut eritelm\u00e4t.<\/li>\n<li><strong>Tuotantolaitteet:<\/strong> Meill\u00e4 on k\u00e4yt\u00f6ss\u00e4mme edistyneet laitteet, kuten CNC-sorvit, jyrsinkoneet ja hiomakoneet, jotka takaavat tarkan ja tehokkaan valmistuksen.<\/li>\n<li><strong>Myynnin j\u00e4lkeinen palvelu:<\/strong> Tarjoamme korkealaatuista huoltopalvelua, mukaan lukien teknist\u00e4 tukea, tuotetakuuta ja korjauspalveluita.<\/li>\n<\/ul>\n<h3>Johtop\u00e4\u00e4t\u00f6s<\/h3>\n<p>Yhteenvetona voidaan todeta, ett\u00e4 Sany-suurkaivukoneen SY365-varren sylinteri on kriittinen komponentti hydraulij\u00e4rjestelmiss\u00e4, sill\u00e4 se tarjoaa lineaarista liikett\u00e4 ja tehoa mekaaniselle varrelle, mik\u00e4 mahdollistaa erilaiset toiminnot eri toimialoilla ja tilanteissa. Korkean hy\u00f6tysuhteensa, tarkan ohjauksensa, kest\u00e4vyytens\u00e4, monipuolisen mukautuvuutensa ja helpon huoltonsa ansiosta siit\u00e4 on tullut olennainen tuote konepajateollisuudessa. Vaihtohydraulisylinterien ammattimaisena valmistajana pyrimme aina huippuosaamiseen ja tarjoamme korkealaatuisia tuotteita ja palveluita asiakkaidemme monipuolisten tarpeiden t\u00e4ytt\u00e4miseksi. <\/p>\n<p><em>Kirjoittaja: lyl<\/em><\/p>","protected":false},"excerpt":{"rendered":"<p>Arm Cylinder for Sany Large Excavator SY365 &#8211; All You Need to Know Introduction Product Definition An arm cylinder is a specially designed hydraulic cylinder used primarily to provide linear motion and power to various types of machinery&#8217;s arm, such as excavators, cranes, and robotic arms. Arm cylinders play a critical role in hydraulic systems, [&hellip;]<\/p>","protected":false},"featured_media":14772,"comment_status":"open","ping_status":"closed","template":"","meta":{"_et_pb_use_builder":"","_et_pb_old_content":"","_et_gb_content_width":""},"product_brand":[],"product_cat":[1497],"product_tag":[1498,1496],"class_list":{"0":"post-16380","1":"product","2":"type-product","3":"status-publish","4":"has-post-thumbnail","6":"product_cat-arm-cylinders","7":"product_tag-arm-cylinders","8":"product_tag-hydraulic-cylinders","10":"first","11":"instock","12":"shipping-taxable","13":"product-type-simple"},"amp_enabled":true,"_links":{"self":[{"href":"https:\/\/www.hydraulic-cylinders.net\/fi\/wp-json\/wp\/v2\/product\/16380","targetHints":{"allow":["GET"]}}],"collection":[{"href":"https:\/\/www.hydraulic-cylinders.net\/fi\/wp-json\/wp\/v2\/product"}],"about":[{"href":"https:\/\/www.hydraulic-cylinders.net\/fi\/wp-json\/wp\/v2\/types\/product"}],"replies":[{"embeddable":true,"href":"https:\/\/www.hydraulic-cylinders.net\/fi\/wp-json\/wp\/v2\/comments?post=16380"}],"wp:featuredmedia":[{"embeddable":true,"href":"https:\/\/www.hydraulic-cylinders.net\/fi\/wp-json\/wp\/v2\/media\/14772"}],"wp:attachment":[{"href":"https:\/\/www.hydraulic-cylinders.net\/fi\/wp-json\/wp\/v2\/media?parent=16380"}],"wp:term":[{"taxonomy":"product_brand","embeddable":true,"href":"https:\/\/www.hydraulic-cylinders.net\/fi\/wp-json\/wp\/v2\/product_brand?post=16380"},{"taxonomy":"product_cat","embeddable":true,"href":"https:\/\/www.hydraulic-cylinders.net\/fi\/wp-json\/wp\/v2\/product_cat?post=16380"},{"taxonomy":"product_tag","embeddable":true,"href":"https:\/\/www.hydraulic-cylinders.net\/fi\/wp-json\/wp\/v2\/product_tag?post=16380"}],"curies":[{"name":"wp","href":"https:\/\/api.w.org\/{rel}","templated":true}]}}