{"id":16390,"date":"2025-01-20T09:11:39","date_gmt":"2025-01-20T09:11:39","guid":{"rendered":"https:\/\/www.hydraulic-cylinders.net\/product\/arm-cylinderfor-xcmg-small-excavator-xe85c\/"},"modified":"2025-01-20T09:11:41","modified_gmt":"2025-01-20T09:11:41","slug":"arm-cylinderfor-xcmg-small-excavator-xe85c","status":"publish","type":"product","link":"https:\/\/www.hydraulic-cylinders.net\/fi\/tuote\/arm-cylinderfor-xcmg-small-excavator-xe85c\/","title":{"rendered":"Varren sylinteri XCMG-pienkaivukoneeseen XE85C"},"content":{"rendered":"<h2>Varren sylinteri XCMG-pienkaivukoneeseen XE85C<\/h2>\n<h3>Johdanto<\/h3>\n<p>Varren sylinteri on erikoishydraulinen sylinteri, jota k\u00e4ytet\u00e4\u00e4n lineaarisen liikkeen ja voiman tuottamiseen erilaisille koneiden varsille, kuten kaivinkoneille, nostureille ja robottivarsille. Varren sylinterill\u00e4 on ratkaiseva rooli hydraulij\u00e4rjestelm\u00e4ss\u00e4, sill\u00e4 se mahdollistaa lis\u00e4ty\u00f6kalujen tai lis\u00e4laitteiden tehokkaan liikkeen ja hallinnan. N\u00e4m\u00e4 sylinterit eiv\u00e4t ainoastaan \u200b\u200btarjoa tasaista liikett\u00e4, vaan ne my\u00f6s kest\u00e4v\u00e4t raskaita kuormia, mik\u00e4 varmistaa koneiden tehokkaan toiminnan ja luotettavuuden erilaisissa ty\u00f6olosuhteissa.<\/p>\n<p><img decoding=\"async\" src=\"https:\/\/www.hydraulic-cylinders.net\/wp-content\/uploads\/2025\/01\/songte-company-2.webp\" alt=\"Varren sylinterin kuva\"><\/p>\n<h3>Ominaisuudet<\/h3>\n<ul>\n<li>Tehokas voimansiirto: Varren sylinteri tarjoaa vahvan lineaarisen liikkeen ja voiman, mik\u00e4 varmistaa koneen varsien tehokkaan suorituskyvyn erilaisissa toiminnoissa.<\/li>\n<li>Tarkkuusohjaus: Hydraulisen j\u00e4rjestelm\u00e4n avulla varren sylinteri voi saavuttaa tarkan liikkeenohjauksen, mik\u00e4 tekee lis\u00e4ty\u00f6kalujen k\u00e4yt\u00f6st\u00e4 joustavampaa ja tarkempaa.<\/li>\n<li>Kest\u00e4v\u00e4: Varsisylinterit on yleens\u00e4 valmistettu eritt\u00e4in lujista materiaaleista, joilla on hyv\u00e4 kulutuskest\u00e4vyys ja korroosionkest\u00e4vyys, ja ne soveltuvat pitk\u00e4aikaiseen k\u00e4ytt\u00f6\u00f6n ankarissa olosuhteissa.<\/li>\n<li>Monitoiminnallinen mukautuvuus: N\u00e4it\u00e4 sylintereit\u00e4 voidaan k\u00e4ytt\u00e4\u00e4 laajalti erilaisissa mekaanisissa laitteissa, kuten kaivinkoneissa, nostureissa ja robottivarsissa, mukautumaan erilaisiin ty\u00f6vaatimuksiin.<\/li>\n<li>Helppo huolto: Suunniteltu helppoa huoltoa ja vaihtoa varten, mik\u00e4 tekee s\u00e4\u00e4nn\u00f6llisest\u00e4 tarkastuksesta ja huollosta k\u00e4tev\u00e4mp\u00e4\u00e4 ja v\u00e4hent\u00e4\u00e4 laitteiden seisokkiaikaa.<\/li>\n<\/ul>\n<p>Tuotteemme voivat t\u00e4ydellisesti korvata n\u00e4m\u00e4 hydraulisylinterit. Katso kuva alla:<\/p>\n<p><img decoding=\"async\" src=\"https:\/\/www.hydraulic-cylinders.net\/wp-content\/uploads\/2025\/01\/songte-oil-pipes-and-spare-parts.webp\" alt=\"Hydraulisylinterin vaihtokuva\"><\/p>\n<h3>Sovellukset<\/h3>\n<ul>\n<li><strong>Rakentaminen:<\/strong> Kaivinkoneissa ja nostureissa varren sylinteri\u00e4 k\u00e4ytet\u00e4\u00e4n kauhan tai puomin liikkeen ohjaamiseen maanrakennuksessa, materiaalink\u00e4sittelyss\u00e4 ja rakenteellisissa asennuksissa.<\/li>\n<li><strong>Valmistus:<\/strong> Automatisoiduilla tuotantolinjoilla varren sylinteri\u00e4 k\u00e4ytet\u00e4\u00e4n robottik\u00e4sivarsien liikuttamiseen kokoonpano-, hitsaus- ja materiaalink\u00e4sittelyprosesseissa, mik\u00e4 parantaa tuotannon tehokkuutta ja tarkkuutta.<\/li>\n<li><strong>Maatalouskoneet:<\/strong> Maatalouskoneissa, kuten puimureissa ja kylv\u00f6koneissa, varren sylinteri ohjaa k\u00e4ytt\u00f6varren liikett\u00e4 ja suorittaa teht\u00e4vi\u00e4, kuten kylv\u00f6\u00e4, lannoitusta ja sadonkorjuuta.<\/li>\n<li><strong>Kaivostoiminta:<\/strong> Kaivoslaitteissa varren sylinteri\u00e4 k\u00e4ytet\u00e4\u00e4n kaivoslaitteiden varsien liikkeen ohjaamiseen malmin louhinnassa ja k\u00e4sittelyss\u00e4.<\/li>\n<li><strong>Logistiikka ja kuljetus:<\/strong> Trukeissa ja robottien k\u00e4sittelyss\u00e4 varren sylinteri\u00e4 k\u00e4ytet\u00e4\u00e4n haarukoiden nostamisen ja liikkeen ohjaamiseen, mik\u00e4 mahdollistaa materiaalin k\u00e4sittelyn ja pinoamisen.<\/li>\n<\/ul>\n<h3>Suunnittelun\u00e4k\u00f6kohdat ja valintakriteerit<\/h3>\n<ul>\n<li><strong>Kantavuus:<\/strong> Varren sylinterin on kestett\u00e4v\u00e4 kuormitus, jolle se altistetaan aiotussa k\u00e4ytt\u00f6tarkoituksessa.<\/li>\n<li><strong>Tiivistys:<\/strong> Varren sylinteriss\u00e4 k\u00e4ytet\u00e4\u00e4n erilaisia \u200b\u200btiivistyskomponentteja, kuten m\u00e4nn\u00e4ntiivisteit\u00e4 ja varren tiivisteit\u00e4, joiden on oltava kulutusta kest\u00e4vist\u00e4 materiaaleista, kuten polyuretaanista ja nitriilikumista, hydraulinesteen vuotamisen est\u00e4miseksi.<\/li>\n<li><strong>Kest\u00e4vyys:<\/strong> Varren sylinterin on oltava valmistettu eritt\u00e4in lujista materiaaleista, jotta se kest\u00e4\u00e4 ankarat ty\u00f6olosuhteet ja sill\u00e4 on pitk\u00e4 k\u00e4ytt\u00f6ik\u00e4.<\/li>\n<li><strong>Turvallisuus:<\/strong> Varren sylinteri on suunniteltava turvallisuus mieless\u00e4, ja siin\u00e4 on oltava ominaisuuksia, kuten ylikuormitussuoja, h\u00e4t\u00e4pys\u00e4ytys ja t\u00f6rm\u00e4yksenestoj\u00e4rjestelm\u00e4t.<\/li>\n<li><strong>Yll\u00e4pidett\u00e4vyys:<\/strong> Varren sylinterin on oltava helposti huollettava ja korjattava, ja siin\u00e4 on oltava ominaisuuksia, kuten helposti saavutettavat huoltoportit ja vaihdettavat osat.<\/li>\n<\/ul>\n<p><img decoding=\"async\" src=\"https:\/\/www.hydraulic-cylinders.net\/wp-content\/uploads\/2025\/01\/songte-cylinder-head-with-all-kinds-excavator-models.webp\" alt=\"Varren sylinterin suunnittelukuva\"><\/p>\n<h3>Tiivistys ja voitelu<\/h3>\n<p>Varren sylinteriss\u00e4 k\u00e4ytet\u00e4\u00e4n erilaisia \u200b\u200btiivistyskomponentteja hydraulinesteen vuotojen est\u00e4miseksi, kuten m\u00e4nn\u00e4ntiivisteit\u00e4, varren tiivisteit\u00e4 ja kulutusrenkaita. N\u00e4m\u00e4 tiivistyskomponentit on valmistettu kulutusta kest\u00e4vist\u00e4 materiaaleista, kuten polyuretaanista ja nitriilikumista. Sylinterinkannen, varren ja p\u00e4\u00e4tykannen pinnat on hienok\u00e4sitelty kulutuskest\u00e4vyyden parantamiseksi. Varren sylinteri vaatii s\u00e4\u00e4nn\u00f6llist\u00e4 voitelua sopivalla m\u00e4\u00e4r\u00e4ll\u00e4 hydrauli\u00f6ljy\u00e4 sujuvan toiminnan varmistamiseksi ja tiivistyskomponenttien ennenaikaisen kulumisen est\u00e4miseksi.<\/p>\n<h3>Huolto ja ennaltaehk\u00e4isev\u00e4t toimenpiteet<\/h3>\n<ul>\n<li>Tarkista s\u00e4\u00e4nn\u00f6llisesti varren sylinteri kulumisen ja vaurioiden varalta ja vaihda kuluneet tai vaurioituneet osat v\u00e4litt\u00f6m\u00e4sti.<\/li>\n<li>Voitele puomin sylinteri s\u00e4\u00e4nn\u00f6llisesti sopivalla m\u00e4\u00e4r\u00e4ll\u00e4 hydrauli\u00f6ljy\u00e4.<\/li>\n<li>Suorita hydraulij\u00e4rjestelm\u00e4n s\u00e4\u00e4nn\u00f6llinen tarkastus ja huolto varmistaaksesi sen moitteettoman toiminnan.<\/li>\n<li>Noudata valmistajan asennus- ja huolto-ohjeita.<\/li>\n<li>Noudata kaikkia turvaohjeita ty\u00f6skennelless\u00e4si hydraulisten laitteiden kanssa.<\/li>\n<\/ul>\n<p><img decoding=\"async\" src=\"https:\/\/www.hydraulic-cylinders.net\/wp-content\/uploads\/2025\/01\/songte-chushion-collar.webp\" alt=\"Varren sylinterin huoltokuva\"><\/p>\n<h3>Asennusopas<\/h3>\n<p>Ennen asennusta tarkista, ett\u00e4 puomin sylinteri on yhteensopiva koneen ja lis\u00e4laitteen kanssa. Noudata valmistajan asennusohjeita, mukaan lukien pulttien ja muttereiden kiristysmomentit. Varmista, ett\u00e4 kaikki hydrauliikkaliit\u00e4nn\u00e4t ovat tiukat ja kunnolla tiivistetyt. Asennuksen j\u00e4lkeen tarkista vuodot ja tee toimintatesti varmistaaksesi oikean toiminnan.<\/p>\n<p><img decoding=\"async\" src=\"https:\/\/www.hydraulic-cylinders.net\/wp-content\/uploads\/2025\/01\/songte-bushings-with-all-kinds-of-excavator-models.webp\" alt=\"Varren sylinterin asennuskuva\"><\/p>\n<h3>Turvallisuusn\u00e4k\u00f6kohdat ja ymp\u00e4rist\u00f6tekij\u00e4t<\/h3>\n<p>Turvallisuus on kriittisen t\u00e4rke\u00e4\u00e4 hydraulisten laitteiden kanssa ty\u00f6skennelt\u00e4ess\u00e4. Puomisylinteri on suunniteltava turvallisuus mieless\u00e4, ja siin\u00e4 on oltava ominaisuuksia, kuten ylikuormitussuoja, h\u00e4t\u00e4pys\u00e4ytys ja t\u00f6rm\u00e4yksenestoj\u00e4rjestelm\u00e4t. Ymp\u00e4rist\u00f6tekij\u00e4t, kuten l\u00e4mp\u00f6tila, kosteus ja altistuminen kemikaaleille, voivat my\u00f6s vaikuttaa puomisylinterin suorituskykyyn ja k\u00e4ytt\u00f6ik\u00e4\u00e4n, ja ne on otettava huomioon sylinteri\u00e4 valittaessa ja k\u00e4ytett\u00e4ess\u00e4.<\/p>\n<h3>Vianm\u00e4\u00e4ritys ja yleiset ongelmat<\/h3>\n<ul>\n<li>Vuotava hydraulineste: Tarkista tiivisteet ja kulutusrenkaat vaurioiden tai kulumisen varalta ja vaihda tarvittaessa.<\/li>\n<li>Hidas tai ep\u00e4tasainen liike: Tarkista hydraulij\u00e4rjestelm\u00e4n toiminta ja nestetasot.<\/li>\n<li>Liiallinen melu tai t\u00e4rin\u00e4: Tarkista vaurioituneiden tai kuluneiden osien, kuten laakerien tai m\u00e4ntien, varalta ja vaihda ne tarvittaessa.<\/li>\n<\/ul>\n<h3>Vianm\u00e4\u00e4ritysvinkkej\u00e4 ja -ratkaisuja<\/h3>\n<p>Jos kohtaat ongelmia, noudata valmistajan ohjeita vianm\u00e4\u00e4rityksest\u00e4 ja korjauksesta. Tarvittaessa pyyd\u00e4 apua p\u00e4tev\u00e4lt\u00e4 hydrauliikka-asentajalta. Ongelmien v\u00e4ltt\u00e4miseksi noudata valmistajan huolto-ohjeita ja suorita s\u00e4\u00e4nn\u00f6llisi\u00e4 tarkastuksia ja ennaltaehk\u00e4isev\u00e4\u00e4 huoltoa.<\/p>\n<p><img decoding=\"async\" src=\"https:\/\/www.hydraulic-cylinders.net\/wp-content\/uploads\/2025\/01\/songte-company-4.webp\" alt=\"Yrityksen profiilikuva\"><br \/>\n<img decoding=\"async\" src=\"https:\/\/www.hydraulic-cylinders.net\/wp-content\/uploads\/2025\/01\/songte-company-3.webp\" alt=\"Yrityksen profiilikuva\"><\/p>\n<h3>Tietoa meist\u00e4<\/h3>\n<p>Olemme ammattimainen hydraulisten sylinterien valmistaja, jolla on laaja tuotevalikoima, ja olemme yksi johtavista hydraulisten sylinterien valmistajista ja tukkumyyjist\u00e4 kotimaisilla ja kansainv\u00e4lisill\u00e4 markkinoilla. Noudatamme aina erinomaisen laadun periaatetta, luotamme teollisen tuotannon hallintastrategioihin hienoissa valmistuspajoissa ja parannamme jatkuvasti teknist\u00e4 tasoamme ja tuotantotehokkuuttamme. Huippuluokan digitaalisten valmistuslaitteiden ja ammattimaisten testausj\u00e4rjestelmien k\u00e4ytt\u00f6\u00f6noton avulla optimoimme jatkuvasti valmistusymp\u00e4rist\u00f6\u00e4mme ja parannamme tuotteidemme laadunvalvontaprosessia vahvoilla innovaatiokyvyill\u00e4. Tavoitteenamme on vastata asiakkaiden monipuolisiin tarpeisiin tehokkaalla, tarkalla ja laadukkaalla tavalla.<\/p>\n<h3>Palvelumme<\/h3>\n<ul>\n<li>Ammattitaito: Meill\u00e4 on ammattitaitoinen tiimi, joka tarjoaa teknist\u00e4 tukea ja palveluita.<\/li>\n<li>Kansainv\u00e4linen sertifiointi: Olemme l\u00e4p\u00e4isseet ISO9001-laatuj\u00e4rjestelm\u00e4n kansainv\u00e4lisen sertifioinnin.<\/li>\n<li>R\u00e4\u00e4t\u00e4l\u00f6inti: Tarjoamme r\u00e4\u00e4t\u00e4l\u00f6ityj\u00e4 palveluita asiakkaiden erityistarpeiden t\u00e4ytt\u00e4miseksi.<\/li>\n<li>Tuotantolaitteet: Meill\u00e4 on edistyneet digitaaliset valmistuslaitteet ja ammattimaiset testausj\u00e4rjestelm\u00e4t.<\/li>\n<li>Myynnin j\u00e4lkeinen palvelu: Tarjoamme kattavaa myynnin j\u00e4lkeist\u00e4 palvelua ja teknist\u00e4 tukea asiakastyytyv\u00e4isyyden varmistamiseksi.<\/li>\n<\/ul>\n<p>Kirjoittaja: lyl<\/p>","protected":false},"excerpt":{"rendered":"<p>Arm Cylinder for XCMG Small Excavator XE85C Introduction An arm cylinder is a specialized hydraulic cylinder used to provide linear motion and power to various machinery arms, such as excavators, cranes, and robotic arms. The arm cylinder plays a crucial role in the hydraulic system, allowing for effective movement and control of additional tools or [&hellip;]<\/p>","protected":false},"featured_media":14772,"comment_status":"open","ping_status":"closed","template":"","meta":{"_et_pb_use_builder":"","_et_pb_old_content":"","_et_gb_content_width":""},"product_brand":[],"product_cat":[1497],"product_tag":[1498,1496],"class_list":{"0":"post-16390","1":"product","2":"type-product","3":"status-publish","4":"has-post-thumbnail","6":"product_cat-arm-cylinders","7":"product_tag-arm-cylinders","8":"product_tag-hydraulic-cylinders","10":"first","11":"instock","12":"shipping-taxable","13":"product-type-simple"},"amp_enabled":true,"_links":{"self":[{"href":"https:\/\/www.hydraulic-cylinders.net\/fi\/wp-json\/wp\/v2\/product\/16390","targetHints":{"allow":["GET"]}}],"collection":[{"href":"https:\/\/www.hydraulic-cylinders.net\/fi\/wp-json\/wp\/v2\/product"}],"about":[{"href":"https:\/\/www.hydraulic-cylinders.net\/fi\/wp-json\/wp\/v2\/types\/product"}],"replies":[{"embeddable":true,"href":"https:\/\/www.hydraulic-cylinders.net\/fi\/wp-json\/wp\/v2\/comments?post=16390"}],"wp:featuredmedia":[{"embeddable":true,"href":"https:\/\/www.hydraulic-cylinders.net\/fi\/wp-json\/wp\/v2\/media\/14772"}],"wp:attachment":[{"href":"https:\/\/www.hydraulic-cylinders.net\/fi\/wp-json\/wp\/v2\/media?parent=16390"}],"wp:term":[{"taxonomy":"product_brand","embeddable":true,"href":"https:\/\/www.hydraulic-cylinders.net\/fi\/wp-json\/wp\/v2\/product_brand?post=16390"},{"taxonomy":"product_cat","embeddable":true,"href":"https:\/\/www.hydraulic-cylinders.net\/fi\/wp-json\/wp\/v2\/product_cat?post=16390"},{"taxonomy":"product_tag","embeddable":true,"href":"https:\/\/www.hydraulic-cylinders.net\/fi\/wp-json\/wp\/v2\/product_tag?post=16390"}],"curies":[{"name":"wp","href":"https:\/\/api.w.org\/{rel}","templated":true}]}}