{"id":16428,"date":"2025-01-20T09:14:50","date_gmt":"2025-01-20T09:14:50","guid":{"rendered":"https:\/\/www.hydraulic-cylinders.net\/product\/arm-cylinderfor-zoomlion-middle-excavator-ze260e\/"},"modified":"2025-01-20T09:14:52","modified_gmt":"2025-01-20T09:14:52","slug":"arm-cylinderfor-zoomlion-middle-excavator-ze260e","status":"publish","type":"product","link":"https:\/\/www.hydraulic-cylinders.net\/fi\/tuote\/arm-cylinderfor-zoomlion-middle-excavator-ze260e\/","title":{"rendered":"Varren sylinteri Zoomlion-kaivinkoneeseen ZE260E"},"content":{"rendered":"<h1>Zoomlion-kaivinkoneen ZE260E varren sylinteri<\/h1>\n<h2>Johdanto<\/h2>\n<p>Zoomlion Middle Excavator ZE260E -kaivukoneen varren sylinteri on erikoishydraulinen sylinteri, joka on suunniteltu tarjoamaan lineaarista liikett\u00e4 ja voimaa erilaisten koneiden, kuten kaivinkoneiden, nostureiden ja robottik\u00e4sivarsien, varrelle. Varren sylinterill\u00e4 on ratkaiseva rooli hydraulij\u00e4rjestelmiss\u00e4, sill\u00e4 se mahdollistaa lis\u00e4laitteiden tai lis\u00e4varusteiden tehokkaan liikkeen ja ohjauksen. N\u00e4m\u00e4 sylinterit eiv\u00e4t ainoastaan \u200b\u200bvarmista tasaista liikett\u00e4, vaan ne kest\u00e4v\u00e4t my\u00f6s raskaita kuormia, mik\u00e4 varmistaa koneiden korkean tehokkuuden ja luotettavuuden erilaisissa k\u00e4ytt\u00f6olosuhteissa.<\/p>\n<p><img decoding=\"async\" src=\"https:\/\/www.hydraulic-cylinders.net\/wp-content\/uploads\/2025\/01\/songte-company-2.webp\" alt=\"Varren sylinterin kuva\"><\/p>\n<h2>Ominaisuudet<\/h2>\n<ul>\n<li><strong>Tehokas voimansiirto:<\/strong> Varren sylinteri tarjoaa tehokkaan lineaarisen liikkeen ja voiman, mik\u00e4 varmistaa robottik\u00e4sivarren korkean suorituskyvyn erilaisissa toiminnoissa.<\/li>\n<li><strong>Tarkka ohjaus:<\/strong> Hydraulisen j\u00e4rjestelm\u00e4n avulla varren sylinteri mahdollistaa tarkan liikkeenohjauksen, mik\u00e4 tekee ty\u00f6laitteiden k\u00e4yt\u00f6st\u00e4 joustavampaa ja tarkempaa.<\/li>\n<li><strong>Kest\u00e4vyys:<\/strong> Varsisylinterit on tyypillisesti valmistettu eritt\u00e4in lujista materiaaleista, joilla on erinomainen kulutus- ja korroosionkest\u00e4vyys, mik\u00e4 tekee niist\u00e4 sopivia pitk\u00e4aikaiseen k\u00e4ytt\u00f6\u00f6n ankarissa olosuhteissa.<\/li>\n<li><strong>Monitoiminnallinen sopeutumiskyky:<\/strong> N\u00e4it\u00e4 sylintereit\u00e4 voidaan k\u00e4ytt\u00e4\u00e4 laajasti erityyppisiss\u00e4 koneissa, kuten kaivinkoneissa, nostureissa ja robottik\u00e4sivarsissa, ja ne mukautuvat erilaisiin ty\u00f6vaatimuksiin.<\/li>\n<li><strong>Helppo huolto:<\/strong> Suunniteltu helppok\u00e4ytt\u00f6iseksi huollettavaksi ja vaihdettavaksi, s\u00e4\u00e4nn\u00f6lliset tarkastukset ja huolto on tehty k\u00e4tev\u00e4mm\u00e4ksi, mik\u00e4 v\u00e4hent\u00e4\u00e4 laitteiden seisokkiaikaa.<\/li>\n<\/ul>\n<p><img decoding=\"async\" src=\"https:\/\/www.hydraulic-cylinders.net\/wp-content\/uploads\/2025\/01\/songte-oil-pipes-and-spare-parts.webp\" alt=\"Tuotekuva\"><\/p>\n<h2>Sovellukset<\/h2>\n<p>Zoomlion Middle Excavator ZE260E -kaivukoneen varren sylinteri\u00e4 k\u00e4ytet\u00e4\u00e4n laajalti seuraavilla teollisuudenaloilla:<\/p>\n<h3>1. Rakennustekniikka<\/h3>\n<p>Kaivinkoneissa ja nostureissa varren sylinteri ohjaa kauhan tai puomin liikett\u00e4 maanrakennuksessa, materiaalink\u00e4sittelyss\u00e4 ja rakenteellisissa asennuksissa.<\/p>\n<h3>2. Valmistava teollisuus<\/h3>\n<p>Automatisoiduilla tuotantolinjoilla varren sylinteri\u00e4 k\u00e4ytet\u00e4\u00e4n robottik\u00e4sivarsien liikuttamiseen, mik\u00e4 mahdollistaa prosessit, kuten kokoonpanon, hitsauksen ja materiaalink\u00e4sittelyn, parantaen siten tuotannon tehokkuutta ja tarkkuutta.<\/p>\n<h3>3. Maatalouskoneet<\/h3>\n<p>Maatalouskoneissa, kuten puimureissa ja kylv\u00f6koneissa, varren sylinteri ohjaa k\u00e4ytt\u00f6varsien liikett\u00e4 esimerkiksi kylv\u00f6n, lannoituksen ja sadonkorjuun kaltaisissa teht\u00e4viss\u00e4.<\/p>\n<h3>4. Kaivostoiminta<\/h3>\n<p>Kaivoslaitteissa varren sylinteri ohjaa kaivoslaitteiden varren liikett\u00e4 malmin louhinnassa ja kuljetuksessa.<\/p>\n<h3>5. Logistiikka ja kuljetus<\/h3>\n<p>Trukeissa ja robottien k\u00e4sittelyss\u00e4 varren sylinteri ohjaa haarukoiden nostamista ja liikett\u00e4, mik\u00e4 mahdollistaa materiaalien kuljetuksen ja pinoamisen.<\/p>\n<p><img decoding=\"async\" src=\"https:\/\/www.hydraulic-cylinders.net\/wp-content\/uploads\/2025\/01\/songte-cylinder-head-with-all-kinds-excavator-models.webp\" alt=\"Tuotekuva\"><\/p>\n<h2>Suunnittelun\u00e4k\u00f6kohdat ja valintakriteerit<\/h2>\n<p>Sylinterin suunnittelussa ja valinnassa on otettava huomioon useita keskeisi\u00e4 tekij\u00f6it\u00e4:<\/p>\n<h3>1. Kantavuus<\/h3>\n<p>Varren sylinterin on kestett\u00e4v\u00e4 k\u00e4yt\u00f6n aikana kohtaamansa enimm\u00e4iskuormitus turvallisen ja luotettavan toiminnan varmistamiseksi.<\/p>\n<h3>2. Tiivistys<\/h3>\n<p>Sylinterin asianmukaisen tiivistyksen varmistamiseksi tulisi k\u00e4ytt\u00e4\u00e4 erilaisia \u200b\u200btiiviste-elementtej\u00e4, kuten m\u00e4nn\u00e4ntiivisteit\u00e4 ja varren tiivisteit\u00e4. N\u00e4m\u00e4 tiivisteet on valmistettu kulutusta kest\u00e4vist\u00e4 materiaaleista, kuten polyuretaanista ja nitriilikumista. Lis\u00e4ksi sylinterin runko ja kierteitetyt p\u00e4\u00e4t tulisi k\u00e4sitell\u00e4 hienos\u00e4\u00e4t\u00f6isesti kulutuskest\u00e4vyyden parantamiseksi.<\/p>\n<h3>3. Kest\u00e4vyys<\/h3>\n<p>Varren sylinterin tulee olla valmistettu korkealaatuisista materiaaleista ja sen pintak\u00e4sittelyn on oltava asianmukaista kest\u00e4vyyden, kulumisen ja korroosionkest\u00e4vyyden varmistamiseksi.<\/p>\n<h3>4. Turvallisuus<\/h3>\n<p>Suunnittelussa tulisi priorisoida turvaominaisuuksia onnettomuuksien est\u00e4miseksi k\u00e4yt\u00f6n aikana. T\u00e4h\u00e4n voi sis\u00e4lty\u00e4 varoventtiilien tai rajakytkimien sis\u00e4llytt\u00e4minen k\u00e4sivarren liikkeen ohjaamiseksi.<\/p>\n<h3>5. Helppohoitoisuus<\/h3>\n<p>Suunnittelussa tulee ottaa huomioon helppo p\u00e4\u00e4sy s\u00e4\u00e4nn\u00f6llisi\u00e4 tarkastuksia ja huoltoa varten. T\u00e4m\u00e4 sis\u00e4lt\u00e4\u00e4 kyvyn vaihtaa komponentteja tehokkaasti, mik\u00e4 v\u00e4hent\u00e4\u00e4 seisokkiaikoja.<\/p>\n<p><img decoding=\"async\" src=\"https:\/\/www.hydraulic-cylinders.net\/wp-content\/uploads\/2025\/01\/songte-chushion-collar.webp\" alt=\"Tuotekuva\"><\/p>\n<h2>Tiivistys ja voitelu<\/h2>\n<p>Varsisylinteriss\u00e4 k\u00e4ytet\u00e4\u00e4n erilaisia \u200b\u200btiivistyskomponentteja, kuten m\u00e4nn\u00e4ntiivisteit\u00e4 ja varren tiivisteit\u00e4, jotka on valmistettu kulutusta kest\u00e4vist\u00e4 materiaaleista, kuten polyuretaanista ja nitriilikumista. Sylinterin runko ja kierteitetyt p\u00e4\u00e4t pintak\u00e4sitell\u00e4\u00e4n huolellisesti kulutuskest\u00e4vyyden parantamiseksi. S\u00e4\u00e4nn\u00f6llinen voitelu sopivalla hydrauliikka\u00f6ljyll\u00e4 on v\u00e4ltt\u00e4m\u00e4t\u00f6nt\u00e4 sylinterin sujuvan toiminnan ja pitk\u00e4n k\u00e4ytt\u00f6i\u00e4n kannalta.<\/p>\n<h2>S\u00e4\u00e4nn\u00f6llinen tarkastus ja ennaltaehk\u00e4isev\u00e4 huolto<\/h2>\n<p>Varren sylinterin optimaalisen suorituskyvyn ja pitk\u00e4n k\u00e4ytt\u00f6i\u00e4n varmistamiseksi on toteutettava seuraavat toimenpiteet:<\/p>\n<ul>\n<li>Tarkista sylinteri s\u00e4\u00e4nn\u00f6llisesti kulumisen, vuotojen tai vaurioiden varalta.<\/li>\n<li>Tarkista ja pid\u00e4 yll\u00e4 oikeaa voitelutasoa.<\/li>\n<li>Kirist\u00e4 kaikki l\u00f6ys\u00e4t liitokset tai liittimet.<\/li>\n<li>Vaihda kuluneet tiivisteet tai osat viipym\u00e4tt\u00e4.<\/li>\n<li>Noudata valmistajan suosittelemaa huolto-ohjelmaa.<\/li>\n<\/ul>\n<h2>Tuotteen asennusopas<\/h2>\n<p>Asenna varren sylinteri oikein noudattamalla n\u00e4it\u00e4 ohjeita:<\/p>\n<ol>\n<li>Varmista, ett\u00e4 kone on sammutettu ja kaikki hydraulipaine on vapautettu.<\/li>\n<li>Aseta sylinteri haluttuun paikkaan ja kohdista kiinnitysrei\u00e4t.<\/li>\n<li>Kiinnit\u00e4 sylinteri tukevasti koneistoon sopivilla pulteilla tai kiinnikkeill\u00e4.<\/li>\n<li>Liit\u00e4 hydrauliletkut sylinterin tulo- ja l\u00e4ht\u00f6liit\u00e4nt\u00f6ihin ja varmista, ett\u00e4 letkut ovat kunnolla kiinni.<\/li>\n<li>Tarkista mahdolliset vuodot ja tee tarvittavat s\u00e4\u00e4d\u00f6t.<\/li>\n<li>Testaa sylinterin toimivuus k\u00e4ytt\u00e4m\u00e4ll\u00e4 konetta turvallisissa olosuhteissa.<\/li>\n<\/ol>\n<p><img decoding=\"async\" src=\"https:\/\/www.hydraulic-cylinders.net\/wp-content\/uploads\/2025\/01\/songte-bushings-with-all-kinds-of-excavator-models.webp\" alt=\"Tuotekuva\"><\/p>\n<h2>Turvallisuusn\u00e4k\u00f6kohdat ja ymp\u00e4rist\u00f6tekij\u00e4t<\/h2>\n<p>Varsisylinteri\u00e4 k\u00e4ytett\u00e4ess\u00e4 on t\u00e4rke\u00e4\u00e4 priorisoida turvatoimenpiteet onnettomuuksien v\u00e4ltt\u00e4miseksi. On eritt\u00e4in t\u00e4rke\u00e4\u00e4 noudattaa valmistajan ohjeita ja suosituksia turvallisen k\u00e4yt\u00f6n varmistamiseksi. Lis\u00e4ksi ymp\u00e4rist\u00f6tekij\u00e4t, kuten l\u00e4mp\u00f6tila, kosteus ja ep\u00e4puhtaudet, on otettava huomioon optimaalisen suorituskyvyn ja pitk\u00e4n k\u00e4ytt\u00f6i\u00e4n varmistamiseksi.<\/p>\n<h2>Vianm\u00e4\u00e4ritys ja yleiset ongelmat<\/h2>\n<p>T\u00e4ss\u00e4 on joitakin yleisi\u00e4 vianm\u00e4\u00e4ritysvinkkej\u00e4 ja ratkaisuja varren sylinterille:<\/p>\n<ul>\n<li>Jos sylinteri ei liiku ulos tai sis\u00e4\u00e4n kunnolla, tarkista hydrauliikkaj\u00e4rjestelm\u00e4st\u00e4 mahdolliset esteet tai tukokset.<\/li>\n<li>Jos vuotoa on liikaa, tarkista ja vaihda kaikki kuluneet tiivisteet tai vaurioituneet osat.<\/li>\n<li>Jos sylinteri t\u00e4risee tai pit\u00e4\u00e4 ep\u00e4tavallisia \u00e4\u00e4ni\u00e4, se voi viitata virheelliseen linjaukseen tai kuluneisiin laakereihin.<\/li>\n<li>Jos sylinteri ei pid\u00e4 kuormaa, tarkista, onko hydraulipaine riitt\u00e4m\u00e4t\u00f6n tai tiivisteet kuluneet.<\/li>\n<\/ul>\n<p>Noudattamalla n\u00e4it\u00e4 vianm\u00e4\u00e4ritysvinkkej\u00e4 ja toteuttamalla ennaltaehk\u00e4isevi\u00e4 toimenpiteit\u00e4 voidaan minimoida mahdolliset ongelmat, mik\u00e4 varmistaa varren sylinterin optimaalisen suorituskyvyn ja luotettavuuden.<\/p>\n<p><img decoding=\"async\" src=\"https:\/\/www.hydraulic-cylinders.net\/wp-content\/uploads\/2025\/01\/songte-chushion-collar.webp\" alt=\"Tuotekuva\"><\/p>\n<h2>Tietoa meist\u00e4<\/h2>\n<p>Olemme ammattimainen valmistaja, joka on erikoistunut korvaavien hydraulisylintereiden tuotantoon. Laajan tuotevalikoimamme ansiosta olemme yksi johtavista valmistajista ja tukkumyyjist\u00e4 kotimaisilla ja kansainv\u00e4lisill\u00e4 markkinoilla. Sitoutumisemme huippulaatuun varmistetaan teollistettujen tuotannonohjausstrategioiden avulla huippumodernissa tuotantolaitoksessamme, jossa parannamme jatkuvasti teknologisia valmiuksiamme ja tuotantotehokkuuttamme.<\/p>\n<p>Ottamalla k\u00e4ytt\u00f6\u00f6n edistyneit\u00e4 digitaalisia valmistuslaitteita ja ammattimaisia \u200b\u200btestausj\u00e4rjestelmi\u00e4, optimoimme valmistusymp\u00e4rist\u00f6\u00e4mme ja parannamme tuotteiden laadunvalvontaprosessejamme. Meill\u00e4 on vahvat innovaatiokyvyt ja pyrimme vastaamaan asiakkaiden monimuotoisiin tarpeisiin tehokkuuden, tarkkuuden ja korkean laadun periaatteilla.<\/p>\n<p><img decoding=\"async\" src=\"https:\/\/www.hydraulic-cylinders.net\/wp-content\/uploads\/2025\/01\/songte-company-4.webp\" alt=\"Yrityksen imago\"><br \/>\n<img","protected":false},"excerpt":{"rendered":"<p>Arm Cylinder For Zoomlion Middle Excavator ZE260E Introduction The Arm Cylinder for Zoomlion Middle Excavator ZE260E is a specialized hydraulic cylinder designed to provide linear motion and power to the arm of various types of machinery, such as excavators, cranes, and robotic arms. The arm cylinder plays a crucial role in hydraulic systems, enabling the [&hellip;]<\/p>","protected":false},"featured_media":14777,"comment_status":"open","ping_status":"closed","template":"","meta":{"_et_pb_use_builder":"","_et_pb_old_content":"","_et_gb_content_width":""},"product_brand":[],"product_cat":[1497],"product_tag":[1498,1496],"class_list":{"0":"post-16428","1":"product","2":"type-product","3":"status-publish","4":"has-post-thumbnail","6":"product_cat-arm-cylinders","7":"product_tag-arm-cylinders","8":"product_tag-hydraulic-cylinders","10":"first","11":"instock","12":"shipping-taxable","13":"product-type-simple"},"amp_enabled":true,"_links":{"self":[{"href":"https:\/\/www.hydraulic-cylinders.net\/fi\/wp-json\/wp\/v2\/product\/16428","targetHints":{"allow":["GET"]}}],"collection":[{"href":"https:\/\/www.hydraulic-cylinders.net\/fi\/wp-json\/wp\/v2\/product"}],"about":[{"href":"https:\/\/www.hydraulic-cylinders.net\/fi\/wp-json\/wp\/v2\/types\/product"}],"replies":[{"embeddable":true,"href":"https:\/\/www.hydraulic-cylinders.net\/fi\/wp-json\/wp\/v2\/comments?post=16428"}],"wp:featuredmedia":[{"embeddable":true,"href":"https:\/\/www.hydraulic-cylinders.net\/fi\/wp-json\/wp\/v2\/media\/14777"}],"wp:attachment":[{"href":"https:\/\/www.hydraulic-cylinders.net\/fi\/wp-json\/wp\/v2\/media?parent=16428"}],"wp:term":[{"taxonomy":"product_brand","embeddable":true,"href":"https:\/\/www.hydraulic-cylinders.net\/fi\/wp-json\/wp\/v2\/product_brand?post=16428"},{"taxonomy":"product_cat","embeddable":true,"href":"https:\/\/www.hydraulic-cylinders.net\/fi\/wp-json\/wp\/v2\/product_cat?post=16428"},{"taxonomy":"product_tag","embeddable":true,"href":"https:\/\/www.hydraulic-cylinders.net\/fi\/wp-json\/wp\/v2\/product_tag?post=16428"}],"curies":[{"name":"wp","href":"https:\/\/api.w.org\/{rel}","templated":true}]}}