{"id":1644,"date":"2023-10-10T06:05:51","date_gmt":"2023-10-10T06:05:51","guid":{"rendered":"https:\/\/hydraulic-cylinders.net\/?post_type=product&#038;p=1644"},"modified":"2025-04-11T02:55:30","modified_gmt":"2025-04-11T02:55:30","slug":"press-clamping-cylinder","status":"publish","type":"product","link":"https:\/\/www.hydraulic-cylinders.net\/fi\/tuote\/press-clamping-cylinder\/","title":{"rendered":"Paina kiinnityssylinteri\u00e4"},"content":{"rendered":"<h1 style=\"text-align: center;\"><strong>Paina kiinnityssylinteri\u00e4<\/strong><\/h1>\n<p><img loading=\"lazy\" decoding=\"async\" class=\"aligncenter wp-image-1645\" src=\"https:\/\/hydraulic-cylinders.net\/wp-content\/uploads\/2023\/10\/clamping-cylinder-1-1-300x300.webp\" alt=\"\" width=\"400\" height=\"400\" \/><\/p>\n<p>Puristuskiinnityssylinteri on huippuluokan tuote, joka tarjoaa poikkeuksellista suorituskyky\u00e4 ja luotettavuutta erilaisissa teollisissa sovelluksissa. Edistyksellisten ominaisuuksiensa ja kest\u00e4v\u00e4n rakenteensa ansiosta t\u00e4m\u00e4 sylinteri tarjoaa paremman kiinnitysvoiman, tarkan ohjauksen ja paremman tuottavuuden.<\/p>\n<p>Puristuskiinnityssylinteri on mullistava tekij\u00e4 teollisissa sovelluksissa, sill\u00e4 se tarjoaa suuren puristusvoiman, tarkan ohjauksen ja nopean toiminnan. Monipuolisten kiinnitysvaihtoehtojensa ja luotettavan suorituskykyns\u00e4 ansiosta t\u00e4m\u00e4 sylinteri parantaa tuottavuutta, tehokkuutta ja tarkkuutta erilaisissa teollisissa prosesseissa. Noudattamalla suositeltuja k\u00e4ytt\u00f6menetelmi\u00e4 ja huoltok\u00e4yt\u00e4nt\u00f6j\u00e4 voit maksimoida puristuskiinnityssylinterin pitk\u00e4ik\u00e4isyyden, luotettavuuden ja turvallisuuden teollisessa j\u00e4rjestelm\u00e4ss\u00e4si. Valitse t\u00e4m\u00e4 sylinteri vapauttaaksesi teollisten prosessiesi t\u00e4yden potentiaalin ja saavuttaaksesi nopeasti erinomaisia \u200b\u200btuloksia.<\/p>\n<p>Puristussylinterin t\u00e4rkeimm\u00e4t ominaisuudet:<\/p>\n<ol>\n<li>Suuri puristusvoima:<\/li>\n<\/ol>\n<ul>\n<li>Puristussylinterill\u00e4 on voimakas puristusvoima, jonka ansiosta se pit\u00e4\u00e4 ty\u00f6kappaleet tukevasti paikallaan koneistuksen, hitsauksen tai kokoonpanon aikana.<\/li>\n<li>Kest\u00e4v\u00e4n rakenteensa ja optimoidun muotoilunsa ansiosta t\u00e4m\u00e4 sylinteri tarjoaa luotettavan ja tasaisen puristusvoiman varmistaen vakauden ja tarkkuuden.<\/li>\n<\/ul>\n<ol start=\"2\">\n<li>Tarkka ohjaus:<\/li>\n<\/ol>\n<ul>\n<li>T\u00e4ss\u00e4 sylinteriss\u00e4 on tarkat ohjausmekanismit, joiden avulla k\u00e4ytt\u00e4j\u00e4t voivat s\u00e4\u00e4t\u00e4\u00e4 puristusvoimaa tarkasti.<\/li>\n<li>Puristusvoiman hienos\u00e4\u00e4t\u00f6mahdollisuus varmistaa optimaalisen tartunnan vahingoittamatta herkki\u00e4 ty\u00f6kappaleita, mik\u00e4 johtaa erinomaiseen laatuun ja v\u00e4hent\u00e4\u00e4 uudelleenty\u00f6st\u00f6\u00e4.<\/li>\n<\/ul>\n<ol start=\"3\">\n<li>Nopea toiminta:<\/li>\n<\/ol>\n<ul>\n<li>Puristuskiinnityssylinteri on suunniteltu nopeisiin kiinnitys- ja vapautusoperaatioihin, mik\u00e4 minimoi seisokkiajat ja maksimoi tuottavuuden.<\/li>\n<li>Sen tehokas rakenne ja nopea k\u00e4ytt\u00f6 mahdollistavat nopeat ty\u00f6kappaleen vaihdot, mik\u00e4 lyhent\u00e4\u00e4 sykliaikoja ja parantaa kokonaistehokkuutta.<\/li>\n<\/ul>\n<ol start=\"4\">\n<li>Monipuoliset kiinnitysvaihtoehdot:<\/li>\n<\/ol>\n<ul>\n<li>T\u00e4m\u00e4 sylinteri tarjoaa monipuolisia kiinnitysvaihtoehtoja, kuten laippa-, jalka- tai kierrekiinnityksen, mik\u00e4 mahdollistaa joustavuuden ja saumattoman integroinnin erilaisiin teollisuusymp\u00e4rist\u00f6ihin.<\/li>\n<li>Erilaiset kiinnitysvaihtoehdot mahdollistavat helpon asennuksen ja integroinnin olemassa oleviin koneisiin tai r\u00e4\u00e4t\u00e4l\u00f6ityihin ty\u00f6asemiin.<\/li>\n<\/ul>\n<h2><strong>Puristimen kiinnityssylinterin parametri:<\/strong><\/h2>\n<table border=\"1\" cellspacing=\"0\" cellpadding=\"0\">\n<tbody>\n<tr>\n<td>Tuotteen nimi<\/td>\n<td>Hydraulinen puristimen kiinnityssylinteri<\/td>\n<\/tr>\n<tr>\n<td>Ominaisuudet:<\/td>\n<td>Kirist\u00e4 ter\u00e4sharkkoa tai -aihiota pit\u00e4v\u00e4 puristimen p\u00e4\u00e4<\/td>\n<\/tr>\n<tr>\n<td>Rei\u00e4n halkaisija:<\/td>\n<td>125 mm\uff5e700 mm<\/td>\n<\/tr>\n<tr>\n<td>Tangon halkaisija:<\/td>\n<td>80 mm\uff5e520 mm<br \/>\nIsku \u22641200 mm<\/td>\n<\/tr>\n<tr>\n<td>Ty\u00f6nt\u00f6voima:<\/td>\n<td>Enimm\u00e4ism\u00e4\u00e4r\u00e4 9621 kN<br \/>\n(Sylinterin halkaisija 700 mm \/ paine 25 MPa)<\/td>\n<\/tr>\n<tr>\n<td>\u00a0Kiinnityssylinterin sovellukset:<\/td>\n<td>Hydraulinen puristin<\/td>\n<\/tr>\n<\/tbody>\n<\/table>\n<div><\/div>\n<div class=\"txtboxL\">Ominaisuudet:<\/div>\n<div class=\"txtboxR\">Kirist\u00e4 ter\u00e4sharkkoa tai -aihiota pit\u00e4v\u00e4 puristimen p\u00e4\u00e4<\/div>\n<div class=\"txtboxL\">Tekniset tiedot:<\/div>\n<div class=\"txtboxR\">Rei\u00e4n halkaisija: 125 mm ~ 700 mm<br \/>\nTangon halkaisija: 80 mm ~ 520 mm<br \/>\nIsku \u22641200 mm<\/div>\n<div class=\"txtboxL\">Ty\u00f6nt\u00f6voima:<\/div>\n<div class=\"txtboxR\">Enimm\u00e4ism\u00e4\u00e4r\u00e4 9621 kN<br \/>\n(Sylinterin halkaisija 700 mm \/ paine 25 MPa)<\/div>\n<h2><strong>Puristinsylinteritehdas:<\/strong><\/h2>\n<p><img loading=\"lazy\" decoding=\"async\" class=\"alignnone wp-image-1619 size-full\" src=\"https:\/\/hydraulic-cylinders.net\/wp-content\/uploads\/2023\/10\/press-cylinder.webp\" alt=\"\" width=\"1418\" height=\"946\" srcset=\"https:\/\/hydraulic-cylinders.net\/wp-content\/uploads\/2023\/10\/press-cylinder.webp 1418w, https:\/\/hydraulic-cylinders.net\/wp-content\/uploads\/2023\/10\/press-cylinder-1280x854.webp 1280w, https:\/\/hydraulic-cylinders.net\/wp-content\/uploads\/2023\/10\/press-cylinder-980x654.webp 980w, https:\/\/hydraulic-cylinders.net\/wp-content\/uploads\/2023\/10\/press-cylinder-480x320.webp 480w\" sizes=\"(min-width: 0px) and (max-width: 480px) 480px, (min-width: 481px) and (max-width: 980px) 980px, (min-width: 981px) and (max-width: 1280px) 1280px, (min-width: 1281px) 1418px, 100vw\" \/><\/p>\n<h2><strong>Puristussylinterin k\u00e4ytt\u00f6tapa<\/strong><strong>:<\/strong><\/h2>\n<ol>\n<li><strong>Asennus ja asennus:<\/strong><\/li>\n<\/ol>\n<ul>\n<li>Aloita valitsemalla sovellukseesi sopiva kiinnitysvaihtoehto, kuten laippa, jalka tai kierrerunko.<\/li>\n<li>Noudata valmistajan ohjeita tai ohjeita kiinnitt\u00e4\u00e4ksesi puristussylinterin tukevasti haluttuun paikkaan varmistaen oikean kohdistuksen ja vakauden.<\/li>\n<\/ul>\n<ol start=\"2\">\n<li><strong>Puristusvoiman s\u00e4\u00e4t\u00f6:<\/strong><\/li>\n<\/ol>\n<ul>\n<li>Aseta haluttu puristusvoima sovelluksesi vaatimuksista riippuen mukana toimitetuilla s\u00e4\u00e4timill\u00e4 tai s\u00e4\u00e4t\u00f6mekanismeilla.<\/li>\n<li>Harkitse huolellisesti ty\u00f6kappaleen materiaalia, kokoa ja ty\u00f6st\u00f6vaatimuksia optimaalisen kiinnitysvoiman saavuttamiseksi parhaiden tulosten saavuttamiseksi.<\/li>\n<\/ul>\n<ol start=\"3\">\n<li><strong>Ty\u00f6kappaleen kiinnitys:<\/strong><\/li>\n<\/ol>\n<ul>\n<li>Aseta ty\u00f6kappale puristussylinterin kiinnitysalueen sis\u00e4lle.<\/li>\n<li>Aktivoi sylinteri kiinnitt\u00e4\u00e4ksesi sen ja varmistaaksesi ty\u00f6kappaleen tukevan otteen.<\/li>\n<li>Varmista, ett\u00e4 puristusvoima on riitt\u00e4v\u00e4 pit\u00e4m\u00e4\u00e4n ty\u00f6kappaleen tukevasti paikallaan vaaditun toimenpiteen aikana.<\/li>\n<\/ul>\n<h2><strong>Kuinka irrottaa hydraulisylinterin p\u00e4\u00e4tykorkki?<\/strong><\/h2>\n<div class=\"ChatMessage_chatMessage__xkgHx\" data-complete=\"true\">\n<div class=\"ChatMessage_botMessageHeader__8yA1R\">\n<div class=\"ChatMessage_headerWrapper__UeGSI\">\n<div class=\"ChatMessage_badge__ah1FU\">Hydraulisylinterin p\u00e4\u00e4tykannen irrottaminen on yksinkertainen prosessi, joka vaatii joitakin t\u00e4rkeit\u00e4 ty\u00f6kaluja ja huolellista suoritusta. T\u00e4ss\u00e4 on vaiheittainen opas hydraulisylinterin p\u00e4\u00e4tykannen irrottamiseen:<\/div>\n<\/div>\n<\/div>\n<div class=\"ChatMessage_messageRow__DHlnq\">\n<div class=\"ChatMessage_messageWrapper__4Ugd6\">\n<div class=\"Message_row__ug_UU\">\n<div class=\"Message_botMessageBubble__aYctV\">\n<div class=\"Markdown_markdownContainer__Tz3HQ\">\n<ol>\n<li><strong>Turvallisuus ennen kaikkea:<\/strong> Ennen kuin aloitat mit\u00e4\u00e4n t\u00f6it\u00e4 hydraulisylinterin parissa, varmista, ett\u00e4 j\u00e4rjestelm\u00e4 on paineeton ja kaikki hydraulivirta on katkaistu. T\u00e4m\u00e4 est\u00e4\u00e4 odottamattomat liikkeet tai hydraulinesteen vuotamisen.<\/li>\n<li><strong>Ker\u00e4\u00e4 ty\u00f6kalut:<\/strong> Tarvitset asianmukaiset ty\u00f6kalut, kuten jakoavaimet, hylsysarjat, kumivasaran ja sorkkaraudan tai ruuvimeisselin.<\/li>\n<li><strong>Tunnista p\u00e4\u00e4tykappale:<\/strong> P\u00e4\u00e4tykorkki sijaitsee tyypillisesti hydraulisylinterin toisessa p\u00e4\u00e4ss\u00e4 ja on kiinnitetty pulteilla tai kiinnitysrenkailla.<\/li>\n<li><strong>Pulttien k\u00e4ytt\u00f6:<\/strong> Jos p\u00e4\u00e4tykappale on kiinnitetty pulteilla, k\u00e4yt\u00e4 sopivaa jakoavainta tai hylsysarjaa niiden l\u00f6ys\u00e4\u00e4miseen ja irrottamiseen. Aloita l\u00f6ys\u00e4\u00e4m\u00e4ll\u00e4 pultteja ristikk\u00e4in varmistaaksesi tasaisen paineen vapautumisen.<\/li>\n<li><strong>Irrota pid\u00e4tinrenkaat:<\/strong> P\u00e4\u00e4tykansi voidaan joskus kiinnitt\u00e4\u00e4 pid\u00e4tinrenkailla. Irrota pid\u00e4tinrenkaat varovasti sorkkaraudalla tai ruuvimeisselill\u00e4 varmistaen, etteiv\u00e4t ne vahingoita sylinteri\u00e4 tai p\u00e4\u00e4tykantta.<\/li>\n<li><strong>Napauta kevyesti:<\/strong> Kun pultit tai kiinnitysrenkaat on irrotettu, p\u00e4\u00e4tykansi voi olla edelleen tiukasti suljettu hydraulisen paineen tai kitkan vuoksi. Kopauta p\u00e4\u00e4tykannen reunoja varovasti kumivasaralla. T\u00e4m\u00e4 auttaa rikkomaan mahdollisen liiman tai tiivistemateriaalin ja l\u00f6ys\u00e4\u00e4m\u00e4\u00e4n p\u00e4\u00e4tykannen.<\/li>\n<li><strong>Irrota p\u00e4\u00e4tykappale:<\/strong> L\u00f6ys\u00e4\u00e4 p\u00e4\u00e4tykansi ja kampea se varovasti irti sorkkaraudalla tai ruuvimeisselill\u00e4. Aloita reunasta ja ty\u00f6skentele ymp\u00e4ri painamalla varovasti ja tasaisesti, jotta sylinteri tai p\u00e4\u00e4tykansi ei vaurioidu. Napauta sorkkarautaa kevyesti kumivasaralla, jotta p\u00e4\u00e4tykansi irtoaa helpommin.<\/li>\n<li><strong>Tarkasta ja puhdista:<\/strong> Kun p\u00e4\u00e4tykansi on irrotettu, tarkista se mahdollisten vaurioiden, kulumisen tai vuotojen varalta. Huomioi tiivisteet tai tiivisteet, jotka saattavat vaatia vaihtoa. Puhdista p\u00e4\u00e4tykansi ja sylinterin kiinnityspinta huolellisesti varmistaaksesi asianmukaisen tiiviyden uudelleenkokoonpanoa varten.<\/li>\n<\/ol>\n<\/div>\n<\/div>\n<\/div>\n<\/div>\n<\/div>\n<\/div>\n<h2><strong>Tehtaan kapasiteetti ja kapasiteetti:<\/strong><\/h2>\n<h3>(1) Kokoonpano<\/h3>\n<p>Meill\u00e4 on ensiluokkainen riippumaton tutkimus- ja kehitysty\u00f6n kokoonpanoalusta. Hydraulisylinterien tuotantopajassa on nelj\u00e4 puoliautomaattista nostosylinterin kokoonpanolinjaa ja yksi automaattinen kallistussylinterin kokoonpanolinja, joiden suunniteltu vuotuinen tuotantokapasiteetti on 1 miljoona kappaletta. Erikoissylinterin ty\u00f6paja on varustettu erilaisilla eritelmill\u00e4 puoliautomaattisen puhdistusasennuksen kokoonpanoj\u00e4rjestelm\u00e4ll\u00e4, jonka suunniteltu vuotuinen tuotantokapasiteetti on 200 000, ja se on varustettu kuuluisilla CNC-ty\u00f6st\u00f6laitteilla, ty\u00f6st\u00f6keskuksella, korkean tarkkuuden sylinterin k\u00e4sittelyyn tarkoitetuilla erityislaitteilla, robottihitsauskoneella, automaattisella puhdistuslaitteella, automaattisella sylinterin kokoonpanokoneella ja automaattisella maalaustuotantolinjalla. Olemassa olevat kriittiset laitteet yli 300 sarjaa (sarjaa). Laiteresurssien optimaalinen kohdentaminen ja tehokas k\u00e4ytt\u00f6 varmistavat tuotteiden tarkkuusvaatimukset ja t\u00e4ytt\u00e4v\u00e4t tuotteiden laatuvaatimukset.<\/p>\n<p><img loading=\"lazy\" decoding=\"async\" class=\"alignnone wp-image-626\" src=\"https:\/\/hydraulic-cylinders.net\/wp-content\/uploads\/2023\/08\/hydraulic-cylinder-product-1-300x158.webp\" alt=\"\" width=\"495\" height=\"260\" srcset=\"https:\/\/hydraulic-cylinders.net\/wp-content\/uploads\/2023\/08\/hydraulic-cylinder-product-1-300x158.webp 495w, https:\/\/hydraulic-cylinders.net\/wp-content\/uploads\/2023\/08\/hydraulic-cylinder-product-1-480x252.webp 480w\" sizes=\"(min-width: 0px) and (max-width: 480px) 480px, (min-width: 481px) 495px, 100vw\" \/> <img loading=\"lazy\" decoding=\"async\" class=\"alignnone wp-image-627\" src=\"https:\/\/hydraulic-cylinders.net\/wp-content\/uploads\/2023\/08\/hydraulic-cylinder-product-2-300x189.webp\" alt=\"\" width=\"413\" height=\"260\" \/><\/p>\n<h3>(2) Koneistus<\/h3>\n<p>Ty\u00f6st\u00f6paja on varustettu r\u00e4\u00e4t\u00e4l\u00f6idyll\u00e4 kaltevalla kiskosorvauskeskuksella, ty\u00f6st\u00f6keskuksella, suurnopeus-hiontakoneella, hitsausrobotilla ja muilla vastaavilla laitteilla, joilla voidaan k\u00e4sitell\u00e4 sylinteriputkia, joiden sis\u00e4halkaisija on enint\u00e4\u00e4n 400 mm ja enimm\u00e4ispituus on 6 metri\u00e4.<\/p>\n<p><img loading=\"lazy\" decoding=\"async\" class=\"alignnone wp-image-628 size-large\" src=\"https:\/\/hydraulic-cylinders.net\/wp-content\/uploads\/2023\/08\/hydraulic-cylinder-product-3-1024x391.webp\" alt=\"\" width=\"1024\" height=\"391\" srcset=\"https:\/\/hydraulic-cylinders.net\/wp-content\/uploads\/2023\/08\/hydraulic-cylinder-product-3-980x374.webp 980w, https:\/\/hydraulic-cylinders.net\/wp-content\/uploads\/2023\/08\/hydraulic-cylinder-product-3-480x183.webp 480w\" sizes=\"(min-width: 0px) and (max-width: 480px) 480px, (min-width: 481px) and (max-width: 980px) 980px, (min-width: 981px) 1024px, 100vw\" \/><\/p>\n<h3>(3) Hitsaus<\/h3>\n<p><img loading=\"lazy\" decoding=\"async\" class=\"alignnone wp-image-629 size-large\" src=\"https:\/\/hydraulic-cylinders.net\/wp-content\/uploads\/2023\/08\/hydraulic-cylinder-product-4-1024x510.webp\" alt=\"\" width=\"1024\" height=\"510\" srcset=\"https:\/\/hydraulic-cylinders.net\/wp-content\/uploads\/2023\/08\/hydraulic-cylinder-product-4-980x488.webp 980w, https:\/\/hydraulic-cylinders.net\/wp-content\/uploads\/2023\/08\/hydraulic-cylinder-product-4-480x239.webp 480w\" sizes=\"(min-width: 0px) and (max-width: 480px) 480px, (min-width: 481px) and (max-width: 980px) 980px, (min-width: 981px) 1024px, 100vw\" \/><\/p>\n<h3>(4) Maalaus ja pinnoitus<\/h3>\n<p>Pienill\u00e4 ja keskisuurilla sylinterin automaattisilla vesipohjaisilla maalipinnoituslinjoilla automaattisen robotin lastaus- ja purku- ja automaattisen ruiskutuksen saavuttamiseksi, suunnittelukapasiteetti on 4000 kappaletta vuorossa;<br \/>\nMeill\u00e4 on my\u00f6s puoliautomaattinen maalauslinja suurille sylintereille, joka toimii voimaketjulla ja jonka suunnittelukapasiteetti on 60 laatikkoa ty\u00f6vuorossa.<\/p>\n<p><img loading=\"lazy\" decoding=\"async\" class=\"alignnone wp-image-630\" src=\"https:\/\/hydraulic-cylinders.net\/wp-content\/uploads\/2023\/08\/hydraulic-cylinder-product-5-300x213.webp\" alt=\"\" width=\"366\" height=\"260\" \/> <img loading=\"lazy\" decoding=\"async\" class=\"alignnone wp-image-631\" src=\"https:\/\/hydraulic-cylinders.net\/wp-content\/uploads\/2023\/08\/hydraulic-cylinder-product-6-300x225.webp\" alt=\"\" width=\"347\" height=\"260\" \/><\/p>\n<h3>(5) Testaus<\/h3>\n<p>Meill\u00e4 on ensiluokkaiset tarkastustilat ja testialustat, joilla varmistetaan, ett\u00e4 sylinterin suorituskyky t\u00e4ytt\u00e4\u00e4 vaatimukset.<\/p>\n<p><img loading=\"lazy\" decoding=\"async\" class=\"alignnone wp-image-632\" src=\"https:\/\/hydraulic-cylinders.net\/wp-content\/uploads\/2023\/08\/hydraulic-cylinder-product-8-300x200.webp\" alt=\"\" width=\"389\" height=\"260\" \/><\/p>\n<p>&nbsp;<\/p>\n<p>&nbsp;<\/p>\n<p>Olemme yksi parhaista hydraulisylintereiden valmistajista. Voimme tarjota kattavia hydraulisylintereit\u00e4. Tarjoamme my\u00f6s vastaavia <a href=\"https:\/\/hzpt.com\/agricultural-pto-gearbox\/\" target=\"_blank\" rel=\"noopener\">maatalousvaihteistot<\/a>Olemme vieneet tuotteitamme asiakkaille maailmanlaajuisesti ja ansainneet hyv\u00e4n maineen erinomaisen tuotelaadun ja huoltopalvelumme ansiosta. Toivotamme tervetulleeksi asiakkaat kotimaassa ja ulkomailla ottamaan meihin yhteytt\u00e4 neuvotellakseen liiketoimista, vaihtaakseen tietoja ja <a href=\"https:\/\/www.hydraulic-cylinders.net\/fi\/contact-us\/\">tehd\u00e4 yhteisty\u00f6t\u00e4 kanssamme<\/a>!<\/p>","protected":false},"excerpt":{"rendered":"<p>Press Clamping Cylinder The press clamping cylinder is a cutting-edge product that delivers exceptional performance and reliability in various industrial applications. With its advanced features and robust design, this cylinder offers enhanced clamping force, precise control, and improved productivity. The press clamping cylinder is a game-changer in industrial applications, offering high clamping force, precise control, [&hellip;]<\/p>","protected":false},"featured_media":1646,"comment_status":"open","ping_status":"closed","template":"","meta":{"_et_pb_use_builder":"","_et_pb_old_content":"","_et_gb_content_width":""},"product_brand":[],"product_cat":[1522,1549,1376],"product_tag":[1380],"class_list":{"0":"post-1644","1":"product","2":"type-product","3":"status-publish","4":"has-post-thumbnail","6":"product_cat-press-hydraulic-cylinders","7":"product_cat-single-acting-hydraulic-cylinder","8":"product_cat-hydraulic-cylinder","9":"product_tag-hydraulic-cylinder","11":"first","12":"instock","13":"shipping-taxable","14":"product-type-simple"},"amp_enabled":true,"_links":{"self":[{"href":"https:\/\/www.hydraulic-cylinders.net\/fi\/wp-json\/wp\/v2\/product\/1644","targetHints":{"allow":["GET"]}}],"collection":[{"href":"https:\/\/www.hydraulic-cylinders.net\/fi\/wp-json\/wp\/v2\/product"}],"about":[{"href":"https:\/\/www.hydraulic-cylinders.net\/fi\/wp-json\/wp\/v2\/types\/product"}],"replies":[{"embeddable":true,"href":"https:\/\/www.hydraulic-cylinders.net\/fi\/wp-json\/wp\/v2\/comments?post=1644"}],"wp:featuredmedia":[{"embeddable":true,"href":"https:\/\/www.hydraulic-cylinders.net\/fi\/wp-json\/wp\/v2\/media\/1646"}],"wp:attachment":[{"href":"https:\/\/www.hydraulic-cylinders.net\/fi\/wp-json\/wp\/v2\/media?parent=1644"}],"wp:term":[{"taxonomy":"product_brand","embeddable":true,"href":"https:\/\/www.hydraulic-cylinders.net\/fi\/wp-json\/wp\/v2\/product_brand?post=1644"},{"taxonomy":"product_cat","embeddable":true,"href":"https:\/\/www.hydraulic-cylinders.net\/fi\/wp-json\/wp\/v2\/product_cat?post=1644"},{"taxonomy":"product_tag","embeddable":true,"href":"https:\/\/www.hydraulic-cylinders.net\/fi\/wp-json\/wp\/v2\/product_tag?post=1644"}],"curies":[{"name":"wp","href":"https:\/\/api.w.org\/{rel}","templated":true}]}}