{"id":16441,"date":"2025-01-20T09:16:03","date_gmt":"2025-01-20T09:16:03","guid":{"rendered":"https:\/\/www.hydraulic-cylinders.net\/product\/arm-cylinderfor-sunward-small-excavator-swe70e\/"},"modified":"2025-01-20T09:16:04","modified_gmt":"2025-01-20T09:16:04","slug":"arm-cylinderfor-sunward-small-excavator-swe70e","status":"publish","type":"product","link":"https:\/\/www.hydraulic-cylinders.net\/fi\/tuote\/arm-cylinderfor-sunward-small-excavator-swe70e\/","title":{"rendered":"Varren sylinteri Sunwardin pieneen kaivinkoneeseen SWE70E"},"content":{"rendered":"<h2>Varren sylinteri Sunwardin pieneen kaivinkoneeseen SWE70E<\/h2>\n<h3>Johdanto<\/h3>\n<p>Varren sylinteri on erikoishydraulinen sylinteri, joka on suunniteltu tarjoamaan lineaarista liikett\u00e4 ja voimaa erityyppisille koneille, kuten kaivinkoneille, nostureille ja mekaanisille varsille. Varren sylinterill\u00e4 on ratkaiseva rooli hydraulij\u00e4rjestelmiss\u00e4, sill\u00e4 se mahdollistaa lis\u00e4laitteiden tai lis\u00e4varusteiden tehokkaan liikkumisen ja hallinnan. N\u00e4m\u00e4 sylinterit eiv\u00e4t ainoastaan \u200b\u200btarjoa tasaista liikett\u00e4, vaan ne kest\u00e4v\u00e4t my\u00f6s raskaita kuormia varmistaen koneen tehokkaan toiminnan ja luotettavuuden erilaisissa k\u00e4ytt\u00f6olosuhteissa.<\/p>\n<p><img decoding=\"async\" src=\"https:\/\/www.hydraulic-cylinders.net\/wp-content\/uploads\/2025\/01\/songte-company-2.webp\" alt=\"Varren sylinteri\"\/><\/p>\n<h3>Ominaisuudet<\/h3>\n<ul>\n<li>Tehokas voimansiirto: Varren sylinteri tarjoaa tehokkaan lineaarisen liikkeen ja voiman, mik\u00e4 varmistaa mekaanisen varren korkean hy\u00f6tysuhteen erilaisissa toiminnoissa.<\/li>\n<li>Tarkka ohjaus: Hydraulisen j\u00e4rjestelm\u00e4n avulla varren sylinteri voi saavuttaa tarkan liikkeenohjauksen, mik\u00e4 tekee lis\u00e4laitteiden k\u00e4yt\u00f6st\u00e4 joustavampaa ja tarkempaa.<\/li>\n<li>Vahva kest\u00e4vyys: Varsisylinteri on yleens\u00e4 valmistettu eritt\u00e4in lujista materiaaleista, joilla on hyv\u00e4 kulutuskest\u00e4vyys ja korroosionkest\u00e4vyys, ja ne soveltuvat pitk\u00e4aikaiseen k\u00e4ytt\u00f6\u00f6n ankarissa olosuhteissa.<\/li>\n<li>Monitoiminnallinen mukautuvuus: N\u00e4it\u00e4 sylintereit\u00e4 voidaan k\u00e4ytt\u00e4\u00e4 laajalti erilaisissa mekaanisissa laitteissa, kuten kaivinkoneissa, nostureissa ja mekaanisissa k\u00e4sivarsissa, mukautuen erilaisiin ty\u00f6tarpeisiin.<\/li>\n<li>Helppo huolto: Suunniteltu helppoa huoltoa ja vaihtoa varten, s\u00e4\u00e4nn\u00f6lliset tarkastukset ja huolto ovat k\u00e4tev\u00e4mpi\u00e4, mik\u00e4 v\u00e4hent\u00e4\u00e4 laitteiden seisokkiaikaa.<\/li>\n<\/ul>\n<p>Voimme valmistaa t\u00e4t\u00e4 tuotetta, joka voi t\u00e4ydellisesti korvata n\u00e4m\u00e4 hydraulisylinterit.<\/p>\n<p><img decoding=\"async\" src=\"https:\/\/www.hydraulic-cylinders.net\/wp-content\/uploads\/2025\/01\/songte-oil-pipes-and-spare-parts.webp\" alt=\"Hydraulisylinterin varaosat\"\/><\/p>\n<h3>Sovellukset<\/h3>\n<p>Varsi-sylinteri\u00e4 k\u00e4ytet\u00e4\u00e4n laajalti useilla eri teollisuudenaloilla, mukaan lukien:<\/p>\n<ul>\n<li>Rakennustekniikka: Kaivinkoneissa ja nostureissa varren sylinteri\u00e4 k\u00e4ytet\u00e4\u00e4n kauhojen tai puomien liikkeen ohjaamiseen maanrakennuksessa, materiaalink\u00e4sittelyss\u00e4 ja rakenteellisissa asennuksissa.<\/li>\n<li>Valmistus: Automatisoiduilla tuotantolinjoilla varsisylinteri\u00e4 k\u00e4ytet\u00e4\u00e4n mekaanisten varsien liikuttamiseen, kokoonpano-, hitsaus- ja k\u00e4sittelyprosessien suorittamiseen, mik\u00e4 parantaa tuotannon tehokkuutta ja tarkkuutta.<\/li>\n<li>Maatalouskoneet: Maatalouskoneissa, kuten puimureissa ja kylv\u00f6koneissa, varren sylinteri ohjaa k\u00e4ytt\u00f6varren liikett\u00e4 ja suorittaa teht\u00e4vi\u00e4, kuten istutusta, lannoitusta ja sadonkorjuuta.<\/li>\n<li>Kaivostoiminta: Kaivoslaitteissa varren sylinteri\u00e4 k\u00e4ytet\u00e4\u00e4n kaivoslaitteiden varren liikkeen ohjaamiseen kaivostoiminnassa ja materiaalink\u00e4sittelyss\u00e4.<\/li>\n<li>Logistiikka ja kuljetus: Trukeissa ja robottien k\u00e4sittelyss\u00e4 varren sylinteri\u00e4 k\u00e4ytet\u00e4\u00e4n haarukoiden nostamisen ja liikkeen ohjaamiseen, mik\u00e4 mahdollistaa materiaalink\u00e4sittelyn ja pinoamisen.<\/li>\n<\/ul>\n<h3>Suunnittelun\u00e4k\u00f6kohdat ja valintakriteerit<\/h3>\n<p>Suunnittelun\u00e4k\u00f6kohtien perusteella varsisylinterill\u00e4 on oltava seuraavat ominaisuudet:<\/p>\n<ul>\n<li>Kantavuus: Varren sylinterin on oltava riitt\u00e4v\u00e4n kantokykyinen erilaisten ty\u00f6olosuhteiden tarpeiden t\u00e4ytt\u00e4miseksi.<\/li>\n<li>Tiivistysominaisuudet: Varren sylinterin tiivistysominaisuuksien on oltava hyv\u00e4t \u00f6ljyvuotojen est\u00e4miseksi ja vakaan toiminnan varmistamiseksi.<\/li>\n<li>Kest\u00e4vyys: Varren sylinterin on oltava kest\u00e4v\u00e4 ja kulumis- ja korroosionkest\u00e4v\u00e4, jotta se kest\u00e4\u00e4 pitk\u00e4aikaista k\u00e4ytt\u00f6\u00e4 vaativissa olosuhteissa.<\/li>\n<li>Turvallisuus: Varren sylinterin on t\u00e4ytett\u00e4v\u00e4 turvallisuusvaatimukset onnettomuuksien v\u00e4ltt\u00e4miseksi k\u00e4yt\u00f6n aikana.<\/li>\n<li>Huollettavuus: Varren sylinterin on oltava helppo huoltaa ja korjata laitteiden seisokkiaikojen v\u00e4hent\u00e4miseksi.<\/li>\n<\/ul>\n<p><img decoding=\"async\" src=\"https:\/\/www.hydraulic-cylinders.net\/wp-content\/uploads\/2025\/01\/songte-cylinder-head-with-all-kinds-excavator-models.webp\" alt=\"Sylinterikansi\"\/><\/p>\n<h3>Tiivistys ja voitelu<\/h3>\n<p>Varren sylinteriss\u00e4 k\u00e4ytet\u00e4\u00e4n erilaisia \u200b\u200btiivistyskomponentteja, kuten m\u00e4nn\u00e4ntiivisteit\u00e4, varren tiivisteit\u00e4 jne. Tiivistyskomponentit on valmistettu kulutusta kest\u00e4vist\u00e4 materiaaleista, kuten polyuretaanista ja nitriilikumista. Sylinterin runko ja kierteiden p\u00e4\u00e4typinta on hienok\u00e4sitelty kulutuskest\u00e4vyyden parantamiseksi. S\u00e4\u00e4nn\u00f6llinen sopivan hydrauli\u00f6ljyn lis\u00e4\u00e4minen voiteluun on v\u00e4ltt\u00e4m\u00e4t\u00f6nt\u00e4, jotta varren sylinteri toimii sujuvasti.<\/p>\n<h3>Ennakoiva huolto ja vianm\u00e4\u00e4ritys<\/h3>\n<p>S\u00e4\u00e4nn\u00f6llinen tarkastus ja ennaltaehk\u00e4isev\u00e4 huolto voivat v\u00e4hent\u00e4\u00e4 varren sylinterin vikaantumisen todenn\u00e4k\u00f6isyytt\u00e4. Jos ongelmia ilmenee, voidaan tehd\u00e4 seuraavat vianm\u00e4\u00e4ritystoimenpiteet:<\/p>\n<ul>\n<li>Tarkista hydraulij\u00e4rjestelm\u00e4n vuodot ja korjaa ne ajoissa.<\/li>\n<li>Tarkista tiivisteen kuluminen ja vaihda se ajoissa.<\/li>\n<li>Tarkista hydrauliikka\u00f6ljyn puhtaus ja vaihda se tarvittaessa.<\/li>\n<li>Tarkista mutterien ja pulttien kireys ja kirist\u00e4 niit\u00e4 tarvittaessa.<\/li>\n<li>Tarkista sylinterirungon kuluminen ja korjaa tai vaihda se tarvittaessa.<\/li>\n<\/ul>\n<p>Ongelmien v\u00e4ltt\u00e4miseksi on suositeltavaa:<\/p>\n<ul>\n<li>Puhdista ja huolla hydrauliikkaj\u00e4rjestelm\u00e4\u00e4 s\u00e4\u00e4nn\u00f6llisesti kontaminaation est\u00e4miseksi.<\/li>\n<li>Tarkista s\u00e4\u00e4nn\u00f6llisesti varren sylinterin kuluminen ja vaihda kuluneet osat ajoissa.<\/li>\n<li>K\u00e4yt\u00e4 varsisylinteri\u00e4 m\u00e4\u00e4ritettyjen parametrien sis\u00e4ll\u00e4 ylikuormituksen v\u00e4ltt\u00e4miseksi.<\/li>\n<\/ul>\n<p><img decoding=\"async\" src=\"https:\/\/www.hydraulic-cylinders.net\/wp-content\/uploads\/2025\/01\/songte-chushion-collar.webp\" alt=\"Tyynykaulus\"\/><\/p>\n<h3>Asennusopas<\/h3>\n<p>Ennen asennusta varmista, ett\u00e4 varren sylinteri vastaa kaivinkoneen mallia ja ett\u00e4 kaikki hydrauliikkalinjat ovat puhtaita roskista. Noudata seuraavia asennusohjeita:<\/p>\n<ol>\n<li>Kiinnit\u00e4 varren sylinteri kaivinkoneeseen pulteilla ja muttereilla.<\/li>\n<li>Kytke hydrauliletkut varren sylinteriin valmistajan ohjeiden mukaisesti.<\/li>\n<li>Tarkista vuodot ja korjaa ne tarvittaessa.<\/li>\n<li>Testaa varren sylinteri varmistaaksesi, ett\u00e4 se toimii sujuvasti ja oikein.<\/li>\n<\/ol>\n<h3>Tietoa meist\u00e4<\/h3>\n<p>Olemme ammattimainen hydraulisten sylinterien valmistaja, jolla on laaja tuotevalikoima. Olemme yksi johtavista hydraulisten sylinterien valmistajista ja tukkumyyjist\u00e4 kotimaisilla ja ulkomaisilla markkinoilla. Noudatamme aina erinomaisen laadun periaatetta ja parannamme jatkuvasti teknologiaamme ja tuotantotehokkuuttamme teollistettujen tuotannonohjausstrategioiden avulla hienostuneissa tuotantolaitoksissa. Huippuluokan digitaalisten valmistuslaitteiden ja ammattimaisten testausj\u00e4rjestelmien k\u00e4ytt\u00f6\u00f6noton avulla optimoimme jatkuvasti valmistusalustaa ja parannamme tuotteiden laadunvalvontaprosesseja vahvan innovaatiokyvyn ansiosta. Tavoitteenamme on vastata asiakkaiden monipuolisiin tarpeisiin tehokkuuden, tarkkuuden ja korkean laadun periaatteilla.<\/p>\n<p><img decoding=\"async\" src=\"https:\/\/www.hydraulic-cylinders.net\/wp-content\/uploads\/2025\/01\/songte-company-4.webp\" alt=\"Yritys\"\/><\/p>\n<h3>Ammattitaito, kansainv\u00e4linen sertifiointi, r\u00e4\u00e4t\u00e4l\u00f6idyt palvelut, tuotantolaitteet ja huoltopalvelut<\/h3>\n<ul>\n<li>Ammattitaito: Tiimimme koostuu kokeneista insin\u00f6\u00f6reist\u00e4 ja teknikoista, jotka pystyv\u00e4t tarjoamaan asiakkaille ammattimaisia \u200b\u200bratkaisuja.<\/li>\n<li>Kansainv\u00e4linen sertifiointi: Tuotteemme ovat l\u00e4p\u00e4isseet kansainv\u00e4liset sertifikaatit, kuten ISO9001, CE ja UL.<\/li>\n<li>R\u00e4\u00e4t\u00e4l\u00f6idyt palvelut: Voimme tarjota r\u00e4\u00e4t\u00e4l\u00f6ityj\u00e4 hydraulisylintereit\u00e4 asiakkaiden vaatimusten mukaisesti.<\/li>\n<li>Tuotantolaitteet: K\u00e4yt\u00e4mme edistyneit\u00e4 digitaalisia valmistuslaitteita varmistaaksemme tuotteiden laadun ja tuotannon tehokkuuden.<\/li>\n<li>Myynnin j\u00e4lkeinen palvelu: Tarjoamme kattavia myynnin j\u00e4lkeisi\u00e4 palveluita asiakastyytyv\u00e4isyyden varmistamiseksi.<\/li>\n<\/ul>\n<p><img decoding=\"async\" src=\"https:\/\/www.hydraulic-cylinders.net\/wp-content\/uploads\/2025\/01\/songte-company-3.webp\" alt=\"Yritys\"\/><\/p>\n<p>Kirjoittaja: lyl.<\/p>","protected":false},"excerpt":{"rendered":"<p>Arm Cylinder For Sunward Small Excavator SWE70E Introduction The Arm Cylinder is a specialized hydraulic cylinder designed to provide linear motion and power for various types of machinery, such as excavators, cranes, and mechanical arms. The Arm Cylinder plays a crucial role in hydraulic systems, allowing attachments or accessories to move and be controlled effectively. [&hellip;]<\/p>","protected":false},"featured_media":14770,"comment_status":"open","ping_status":"closed","template":"","meta":{"_et_pb_use_builder":"","_et_pb_old_content":"","_et_gb_content_width":""},"product_brand":[],"product_cat":[1497],"product_tag":[1498,1496],"class_list":{"0":"post-16441","1":"product","2":"type-product","3":"status-publish","4":"has-post-thumbnail","6":"product_cat-arm-cylinders","7":"product_tag-arm-cylinders","8":"product_tag-hydraulic-cylinders","10":"first","11":"instock","12":"shipping-taxable","13":"product-type-simple"},"amp_enabled":true,"_links":{"self":[{"href":"https:\/\/www.hydraulic-cylinders.net\/fi\/wp-json\/wp\/v2\/product\/16441","targetHints":{"allow":["GET"]}}],"collection":[{"href":"https:\/\/www.hydraulic-cylinders.net\/fi\/wp-json\/wp\/v2\/product"}],"about":[{"href":"https:\/\/www.hydraulic-cylinders.net\/fi\/wp-json\/wp\/v2\/types\/product"}],"replies":[{"embeddable":true,"href":"https:\/\/www.hydraulic-cylinders.net\/fi\/wp-json\/wp\/v2\/comments?post=16441"}],"wp:featuredmedia":[{"embeddable":true,"href":"https:\/\/www.hydraulic-cylinders.net\/fi\/wp-json\/wp\/v2\/media\/14770"}],"wp:attachment":[{"href":"https:\/\/www.hydraulic-cylinders.net\/fi\/wp-json\/wp\/v2\/media?parent=16441"}],"wp:term":[{"taxonomy":"product_brand","embeddable":true,"href":"https:\/\/www.hydraulic-cylinders.net\/fi\/wp-json\/wp\/v2\/product_brand?post=16441"},{"taxonomy":"product_cat","embeddable":true,"href":"https:\/\/www.hydraulic-cylinders.net\/fi\/wp-json\/wp\/v2\/product_cat?post=16441"},{"taxonomy":"product_tag","embeddable":true,"href":"https:\/\/www.hydraulic-cylinders.net\/fi\/wp-json\/wp\/v2\/product_tag?post=16441"}],"curies":[{"name":"wp","href":"https:\/\/api.w.org\/{rel}","templated":true}]}}