{"id":16451,"date":"2025-01-21T05:26:16","date_gmt":"2025-01-21T05:26:16","guid":{"rendered":"https:\/\/www.hydraulic-cylinders.net\/product\/arm-cylinder-for-sunward-middle-excavator-swe230e\/"},"modified":"2025-01-21T05:26:18","modified_gmt":"2025-01-21T05:26:18","slug":"arm-cylinder-for-sunward-middle-excavator-swe230e","status":"publish","type":"product","link":"https:\/\/www.hydraulic-cylinders.net\/fi\/tuote\/arm-cylinder-for-sunward-middle-excavator-swe230e\/","title":{"rendered":"Varren sylinteri Sunward Middle -kaivukoneeseen SWE230E"},"content":{"rendered":"<h1>Varren sylinteri Sunward Middle -kaivukoneeseen SWE230E<\/h1>\n<h2>Johdanto<\/h2>\n<p>Varren sylinteri on erityisesti suunniteltu hydraulisylinteri, jota k\u00e4ytet\u00e4\u00e4n lineaarisen liikkeen ja voiman tuottamiseen erilaisten koneiden, kuten kaivinkoneiden, nostureiden ja robottivarsien, varsille. Varren sylinterill\u00e4 on ratkaiseva rooli hydraulij\u00e4rjestelm\u00e4ss\u00e4, sill\u00e4 se mahdollistaa lis\u00e4ty\u00f6kalujen tai lis\u00e4laitteiden liikkeen ja ohjauksen. N\u00e4m\u00e4 sylinterit eiv\u00e4t ainoastaan \u200b\u200btarjoa tasaista liikett\u00e4, vaan ne kest\u00e4v\u00e4t my\u00f6s raskaita kuormia varmistaen koneiden tehokkaan toiminnan ja luotettavuuden erilaisissa ty\u00f6olosuhteissa.<\/p>\n<p><img decoding=\"async\" src=\"https:\/\/www.hydraulic-cylinders.net\/wp-content\/uploads\/2025\/01\/songte-company-2.webp\" alt=\"Varren sylinterin kuva\"><\/p>\n<h3>M\u00e4\u00e4ritelm\u00e4 ja selitys<\/h3>\n<p>Varren sylinteri on hydraulisylinteri, joka tarjoaa lineaarista liikett\u00e4 ja voimaa erilaisten koneiden, kuten kaivinkoneiden, nostureiden ja robottivarsien, varsille. T\u00e4llaisilla hydraulisylintereill\u00e4 on ratkaiseva rooli hydraulij\u00e4rjestelm\u00e4ss\u00e4, sill\u00e4 ne mahdollistavat lis\u00e4ty\u00f6kalujen tai lis\u00e4laitteiden liikkeen ja ohjauksen. N\u00e4m\u00e4 sylinterit eiv\u00e4t ainoastaan \u200b\u200btarjoa tasaista liikett\u00e4, vaan ne kest\u00e4v\u00e4t my\u00f6s raskaita kuormia varmistaen koneiden tehokkaan toiminnan ja luotettavuuden erilaisissa ty\u00f6olosuhteissa.<\/p>\n<h2>Ominaisuudet<\/h2>\n<ul>\n<li>\n<h3>Tehokas vaihteisto<\/h3>\n<p> Varren sylinterit voivat tarjota tehokkaan lineaarisen liikkeen ja voiman, mik\u00e4 varmistaa koneen varren korkean hy\u00f6tysuhteen erilaisissa toiminnoissa.<\/li>\n<li>\n<h3>Tarkka ohjaus<\/h3>\n<p> Hydraulisen j\u00e4rjestelm\u00e4n avulla varsisylinterit voivat saavuttaa tarkan liikkeenohjauksen, mik\u00e4 tekee lis\u00e4ty\u00f6kalujen k\u00e4yt\u00f6st\u00e4 joustavampaa ja tarkempaa.<\/li>\n<li>\n<h3>Kest\u00e4v\u00e4<\/h3>\n<p> Varsisylintereiss\u00e4 k\u00e4ytet\u00e4\u00e4n yleens\u00e4 eritt\u00e4in lujia materiaaleja, joilla on hyv\u00e4 kulutus- ja korroosionkest\u00e4vyys, jotka soveltuvat pitk\u00e4aikaiseen k\u00e4ytt\u00f6\u00f6n ankarissa olosuhteissa.<\/li>\n<li>\n<h3>Monitoiminnallinen sopeutumiskyky<\/h3>\n<p> N\u00e4it\u00e4 sylintereit\u00e4 voidaan k\u00e4ytt\u00e4\u00e4 laajalti erilaisissa mekaanisissa laitteissa, kuten kaivinkoneissa, nostureissa ja robottik\u00e4sivarsissa, erilaisiin ty\u00f6vaatimuksiin mukautumiseksi.<\/li>\n<li>\n<h3>Helppo huolto<\/h3>\n<p> Suunnittelussa on otettu huomioon huollon ja vaihdon helppous, mik\u00e4 tekee s\u00e4\u00e4nn\u00f6llisist\u00e4 tarkastuksista ja huollosta k\u00e4tev\u00e4mp\u00e4\u00e4 ja v\u00e4hent\u00e4\u00e4 laitteiden seisokkiaikaa.<\/li>\n<\/ul>\n<p>Voimme valmistaa t\u00e4t\u00e4 tuotetta, joka voi t\u00e4ydellisesti korvata n\u00e4m\u00e4 hydraulisylinterit.<\/p>\n<p><img decoding=\"async\" src=\"https:\/\/www.hydraulic-cylinders.net\/wp-content\/uploads\/2025\/01\/songte-oil-pipes-and-spare-parts.webp\" alt=\"Tuotekuva\"><\/p>\n<h2>Sovellukset<\/h2>\n<p>Varsisylinterill\u00e4 on laaja valikoima sovelluksia eri teollisuudenaloilla:<\/p>\n<ul>\n<li>\n<h3>Rakennustekniikka<\/h3>\n<p> Kaivinkoneiden ja nostureiden kauhojen tai puomien liikkeen ohjaamiseen k\u00e4ytet\u00e4\u00e4n kaivinkoneiden ja nostureiden kaivut\u00f6it\u00e4, materiaalink\u00e4sittely\u00e4 ja rakenteellisia asennuksia varten.<\/li>\n<li>\n<h3>Valmistus<\/h3>\n<p> Varsisylintereit\u00e4 k\u00e4ytet\u00e4\u00e4n robottik\u00e4sivarsien liikuttamiseen automatisoiduilla tuotantolinjoilla, kuten kokoonpanossa, hitsauksessa ja k\u00e4sittelyss\u00e4, mik\u00e4 parantaa tuotannon tehokkuutta ja tarkkuutta.<\/li>\n<li>\n<h3>Maatalouskoneet<\/h3>\n<p> Varren sylinterit ohjaavat maatalouskoneiden, kuten puimureiden ja kylv\u00f6koneiden, k\u00e4ytt\u00f6varsien liikett\u00e4 ja suorittavat teht\u00e4vi\u00e4, kuten kylv\u00f6\u00e4, lannoitusta ja sadonkorjuuta.<\/li>\n<li>\n<h3>Kaivostoiminta<\/h3>\n<p> Varsisylintereit\u00e4 k\u00e4ytet\u00e4\u00e4n kaivoslaitteiden varren liikkeen ohjaamiseen, esimerkiksi mineraalien louhinnassa ja kuljetuksessa.<\/li>\n<li>\n<h3>Logistiikka ja kuljetus<\/h3>\n<p> Varsisylintereit\u00e4 k\u00e4ytet\u00e4\u00e4n haarukoiden noston ja liikkeen ohjaamiseen trukeissa ja robottien k\u00e4sittelyss\u00e4, mik\u00e4 mahdollistaa materiaalink\u00e4sittelyn ja pinoamisen.<\/li>\n<\/ul>\n<h2>Suunnittelun\u00e4k\u00f6kohdat ja valintakriteerit<\/h2>\n<p>Suunnittelun ja valintakriteerien osalta varren sylinterin on t\u00e4ytett\u00e4v\u00e4 tietyt vaatimukset:<\/p>\n<ul>\n<li>\n<h3>Kantavuus<\/h3>\n<p> Varren sylinterin tulee olla riitt\u00e4v\u00e4n kantava, jotta se t\u00e4ytt\u00e4\u00e4 eri koneiden vaatimukset erilaisissa ty\u00f6olosuhteissa.<\/li>\n<li>\n<h3>Tiivistys<\/h3>\n<p> Varren sylinterin on oltava tiiviisti tiivistetty, jotta ulkopuolelta tuleva p\u00f6ly ja ep\u00e4puhtaudet eiv\u00e4t p\u00e4\u00e4se sylinteriin ja jotta hydraulinen j\u00e4rjestelm\u00e4 toimii luotettavasti.<\/li>\n<li>\n<h3>Kest\u00e4vyys<\/h3>\n<p> Varren sylinterin tulee olla valmistettu eritt\u00e4in lujista materiaaleista, joilla on hyv\u00e4 kulutus- ja korroosionkest\u00e4vyys, jotta varmistetaan pitk\u00e4aikainen k\u00e4ytt\u00f6 ankarissa olosuhteissa.<\/li>\n<li>\n<h3>Turvallisuus<\/h3>\n<p> Turvallisuus on ratkaisevan t\u00e4rke\u00e4\u00e4, ja varsisylinteriss\u00e4 on oltava luotettava turvalaite ylikuormituksen tai muiden toimintah\u00e4iri\u00f6iden aiheuttamien onnettomuuksien est\u00e4miseksi.<\/li>\n<li>\n<h3>Yll\u00e4pidett\u00e4vyys<\/h3>\n<p> Varren sylinterin suunnittelussa tulisi ottaa huomioon osien huollon ja vaihdon helppous, mik\u00e4 v\u00e4hent\u00e4\u00e4 seisokkiaikoja ja yll\u00e4pitokustannuksia.<\/li>\n<\/ul>\n<p><img decoding=\"async\" src=\"https:\/\/www.hydraulic-cylinders.net\/wp-content\/uploads\/2025\/01\/songte-cylinder-head-with-all-kinds-excavator-models.webp\" alt=\"Tuotekuva\"><\/p>\n<h2>Tiivistys ja voitelu<\/h2>\n<p>Varren sylinteriss\u00e4 k\u00e4ytet\u00e4\u00e4n erilaisia \u200b\u200btiivistyskomponentteja, kuten m\u00e4nn\u00e4ntiivisteit\u00e4, varren tiivisteit\u00e4 jne. N\u00e4m\u00e4 tiivisteet on valmistettu kulutusta kest\u00e4vist\u00e4 materiaaleista, kuten polyuretaanista ja nitriilikumista. Sylinterin runko ja kierteitetty p\u00e4\u00e4typinta on tarkasti k\u00e4sitelty kulutuskest\u00e4vyyden parantamiseksi. Varren sylinteriin on lis\u00e4tt\u00e4v\u00e4 s\u00e4\u00e4nn\u00f6llisesti sopiva m\u00e4\u00e4r\u00e4 hydrauli\u00f6ljy\u00e4 asianmukaisen voitelun varmistamiseksi.<\/p>\n<h2>Tarkastus ja huolto<\/h2>\n<p>S\u00e4\u00e4nn\u00f6lliset tarkastukset ja ennaltaehk\u00e4isev\u00e4t huoltotoimenpiteet voivat pident\u00e4\u00e4 varsisylinterien k\u00e4ytt\u00f6ik\u00e4\u00e4. Keskeisi\u00e4 toimenpiteit\u00e4 ovat:<\/p>\n<ul>\n<li>\n<h3>Varren sylinterin s\u00e4\u00e4nn\u00f6llinen tarkastus<\/h3>\n<p> Tarkasta sylinterin runko ja liikkuvat osat vaurioiden tai muodonmuutosten varalta, tarkista tiivistekomponentit ja varmista, ett\u00e4 hydrauliikkaj\u00e4rjestelm\u00e4 on puhdas ja esteet\u00f6n.<\/li>\n<li>\n<h3>Puhdistus ja vaihto<\/h3>\n<p> Puhdista ja vaihda s\u00e4\u00e4nn\u00f6llisesti kaikki vaurioituneet tai kuluneet osat, kuten tiivisteet.<\/li>\n<li>\n<h3>Oikea voitelu<\/h3>\n<p> Lis\u00e4\u00e4 s\u00e4\u00e4nn\u00f6llisesti oikea m\u00e4\u00e4r\u00e4 hydrauliikka\u00f6ljy\u00e4 varmistaaksesi asianmukaisen voitelun.<\/li>\n<\/ul>\n<h2>Asennusopas<\/h2>\n<p>Noudata n\u00e4it\u00e4 ohjeita oikean asennuksen varmistamiseksi:<\/p>\n<ol>\n<li>Varmista, ett\u00e4 kone on sammutettu ja vakaassa asennossa.<\/li>\n<li>Irrota vanha varren sylinteri ja puhdista kiinnityspinta.<\/li>\n<li>Levit\u00e4 pieni m\u00e4\u00e4r\u00e4 rasvaa uuden varren sylinterin kiinnityspinnalle.<\/li>\n<li>Asenna uusi varren sylinteri ja kirist\u00e4 kiinnityspultit ilmoitettuun v\u00e4\u00e4nt\u00f6momenttiin.<\/li>\n<li>Liit\u00e4 hydrauliletkut ja liittimet.<\/li>\n<li>Testaa uuden varren sylinterin toiminta ja vuodot.<\/li>\n<\/ol>\n<p><img decoding=\"async\" src=\"https:\/\/www.hydraulic-cylinders.net\/wp-content\/uploads\/2025\/01\/songte-bushings-with-all-kinds-of-excavator-models.webp\" alt=\"Tuotekuva\"><\/p>\n<h2>Turvallisuusn\u00e4k\u00f6kohdat ja ymp\u00e4rist\u00f6tekij\u00e4t<\/h2>\n<p>Varsisylintereit\u00e4 k\u00e4ytett\u00e4ess\u00e4 on t\u00e4rke\u00e4\u00e4 noudattaa asiaankuuluvia turvallisuusm\u00e4\u00e4r\u00e4yksi\u00e4 ja -ohjeita onnettomuuksien v\u00e4ltt\u00e4miseksi. Turvatoimenpiteisiin kuuluvat laitteiden s\u00e4\u00e4nn\u00f6llinen tarkastus, laitteiden asianmukaisen k\u00e4yt\u00f6n varmistaminen sek\u00e4 ylikuormituksen tai v\u00e4\u00e4rink\u00e4yt\u00f6n v\u00e4ltt\u00e4minen.<\/p>\n<h2>Vianm\u00e4\u00e4ritys ja yleiset ongelmat<\/h2>\n<p>Yleisi\u00e4 vivustosylinterin ongelmia ovat vuoto, heikko suorituskyky ja kuluminen. T\u00e4ss\u00e4 on vinkkej\u00e4 n\u00e4iden ongelmien diagnosointiin ja korjaamiseen:<\/p>\n<ul>\n<li>\n<h3>Vuoto<\/h3>\n<p> Tarkista tiivistekomponentit kulumisen tai vaurioiden varalta, vaihda vaurioituneet osat ja varmista, ett\u00e4 hydrauliikkaj\u00e4rjestelm\u00e4 on puhdas ja esteet\u00f6n.<\/li>\n<li>\n<h3>Huono suorituskyky<\/h3>\n<p> Tarkista hydraulij\u00e4rjestelm\u00e4 mahdollisten ongelmien, kuten alhaisten nestetasojen, tukosten tai pumpun tai moottorin vaurioiden, varalta.<\/li>\n<li>\n<h3>K\u00e4ytt\u00e4\u00e4<\/h3>\n<p> Tarkista sylinterirungon tai liikkuvien osien, kuten m\u00e4nn\u00e4n tai m\u00e4nn\u00e4nvarren, kuluminen ja vaihda kuluneet osat.<\/li>\n<\/ul>\n<p>S\u00e4\u00e4nn\u00f6llinen tarkastus ja ennaltaehk\u00e4isev\u00e4 huolto voivat auttaa est\u00e4m\u00e4\u00e4n n\u00e4iden ongelmien syntymisen.<\/p>\n<h2>Tietoa meist\u00e4<\/h2>\n<p>Olemme ammattimainen hydraulisten sylinterien valmistaja, joka tarjoaa laajan valikoiman tuotteita ja on yksi johtavista hydraulisten sylinterien valmistajista ja tukkumyyjist\u00e4 sek\u00e4 kotimaisilla ett\u00e4 kansainv\u00e4lisill\u00e4 markkinoilla. Noudatamme aina erinomaisen laadun periaatetta ja parannamme jatkuvasti tuotantotehokkuuttamme ja teknologista tasoamme. Ottamalla k\u00e4ytt\u00f6\u00f6n edistyneit\u00e4 digitaalisia valmistuslaitteita ja ammattimaisia \u200b\u200btestausj\u00e4rjestelmi\u00e4, optimoimme jatkuvasti valmistusymp\u00e4rist\u00f6\u00e4mme ja parannamme tuotteidemme laadunvalvontaprosesseja. Tavoitteenamme on vastata asiakkaiden monipuolisiin tarpeisiin korkealla tehokkuudella, tarkkuudella ja korkeita laatuperiaatteita noudattaen.<\/p>\n<p><img decoding=\"async\" src=\"https:\/\/www.hydraulic-cylinders.net\/wp-content\/uploads\/2025\/01\/songte-company-4.webp\" alt=\"Tuotekuva\"><br \/>\n<img decoding=\"async\" src=\"https:\/\/www.hydraulic-cylinders.net\/wp-content\/uploads\/2025\/01\/songte-company-3.webp\" alt=\"Tuotekuva\"><\/p>\n<h3>Ammattimaisuus<\/h3>\n<p>Tiimimme koostuu kokeneista insin\u00f6\u00f6reist\u00e4, suunnittelijoista ja myyjist\u00e4, jotka ovat omistautuneet tarjoamaan ammattitaitoisia palveluita ja ratkaisuja, jotka t\u00e4ytt\u00e4v\u00e4t kaikki asiakkaiden tarpeet.<\/p>\n<h3>Kansainv\u00e4linen sertifiointi<\/h3>\n<p>Olemme k\u00e4yneet l\u00e4pi kansainv\u00e4lisen sertifiointiprosessin ja voimme tarjota asiakkaillemme korkealaatuisia, luotettavia ja kansainv\u00e4liset standardit t\u00e4ytt\u00e4vi\u00e4 tuotteita.<\/p>\n<h3>R\u00e4\u00e4t\u00e4l\u00f6intipalvelut<\/h3>\n<p>Tarjoamme r\u00e4\u00e4t\u00e4l\u00f6intipalveluita asiakkaiden ainutlaatuisten tarpeiden t\u00e4ytt\u00e4miseksi, kuten sylinterin koon, paineen ja k\u00e4ytt\u00f6tarkoituksen muuttaminen.<\/p>\n<h3>Tuotantolaitteet<\/h3>\n<p>K\u00e4yt\u00e4mme edistyneit\u00e4 tuotantolaitteita ja valmistusteknologioita varmistaaksemme tuotteiden laadun ja parantaaksemme tuotantotehokkuutta.<\/p>\n<h3>Myynnin j\u00e4lkeinen palvelu<\/h3>\n<p>Tarjoamme kattavia myynnin j\u00e4lkeisi\u00e4 palveluita, mukaan lukien teknist\u00e4 tukea, huoltoa ja korjauspalveluita, varmistaaksemme maksimaalisen asiakastyytyv\u00e4isyyden ja tuotteiden suorituskyvyn.<\/p>\n<p><img decoding=\"async\" src=\"https:\/\/www.hydraulic-cylinders.net\/wp-content\/uploads\/2025\/01\/songte-chushion-collar.webp\" alt=\"Tuotekuva\"><\/p>\n<p>Kirjoittaja: lyl<\/p>","protected":false},"excerpt":{"rendered":"<p>Arm Cylinder For Sunward Middle Excavator SWE230E Introduction Arm cylinder is a specially designed hydraulic cylinder used to provide linear motion and power to the arms of various machines such as excavators, cranes, and robotic arms. The arm cylinder plays a critical role in the hydraulic system, enabling the movement and control of additional tools [&hellip;]<\/p>","protected":false},"featured_media":14772,"comment_status":"open","ping_status":"closed","template":"","meta":{"_et_pb_use_builder":"","_et_pb_old_content":"","_et_gb_content_width":""},"product_brand":[],"product_cat":[1497],"product_tag":[1498,1496],"class_list":{"0":"post-16451","1":"product","2":"type-product","3":"status-publish","4":"has-post-thumbnail","6":"product_cat-arm-cylinders","7":"product_tag-arm-cylinders","8":"product_tag-hydraulic-cylinders","10":"first","11":"instock","12":"shipping-taxable","13":"product-type-simple"},"amp_enabled":true,"_links":{"self":[{"href":"https:\/\/www.hydraulic-cylinders.net\/fi\/wp-json\/wp\/v2\/product\/16451","targetHints":{"allow":["GET"]}}],"collection":[{"href":"https:\/\/www.hydraulic-cylinders.net\/fi\/wp-json\/wp\/v2\/product"}],"about":[{"href":"https:\/\/www.hydraulic-cylinders.net\/fi\/wp-json\/wp\/v2\/types\/product"}],"replies":[{"embeddable":true,"href":"https:\/\/www.hydraulic-cylinders.net\/fi\/wp-json\/wp\/v2\/comments?post=16451"}],"wp:featuredmedia":[{"embeddable":true,"href":"https:\/\/www.hydraulic-cylinders.net\/fi\/wp-json\/wp\/v2\/media\/14772"}],"wp:attachment":[{"href":"https:\/\/www.hydraulic-cylinders.net\/fi\/wp-json\/wp\/v2\/media?parent=16451"}],"wp:term":[{"taxonomy":"product_brand","embeddable":true,"href":"https:\/\/www.hydraulic-cylinders.net\/fi\/wp-json\/wp\/v2\/product_brand?post=16451"},{"taxonomy":"product_cat","embeddable":true,"href":"https:\/\/www.hydraulic-cylinders.net\/fi\/wp-json\/wp\/v2\/product_cat?post=16451"},{"taxonomy":"product_tag","embeddable":true,"href":"https:\/\/www.hydraulic-cylinders.net\/fi\/wp-json\/wp\/v2\/product_tag?post=16451"}],"curies":[{"name":"wp","href":"https:\/\/api.w.org\/{rel}","templated":true}]}}