{"id":1647,"date":"2023-10-10T06:38:09","date_gmt":"2023-10-10T06:38:09","guid":{"rendered":"https:\/\/hydraulic-cylinders.net\/?post_type=product&#038;p=1647"},"modified":"2025-04-11T03:46:26","modified_gmt":"2025-04-11T03:46:26","slug":"press-leveling-cylinder","status":"publish","type":"product","link":"https:\/\/www.hydraulic-cylinders.net\/fi\/tuote\/press-leveling-cylinder\/","title":{"rendered":"Paina tasoitussylinteri\u00e4"},"content":{"rendered":"<h1 style=\"text-align: center;\"><strong>Paina tasoitussylinteri\u00e4<\/strong><\/h1>\n<p><img loading=\"lazy\" decoding=\"async\" class=\"aligncenter wp-image-1648\" src=\"https:\/\/hydraulic-cylinders.net\/wp-content\/uploads\/2023\/10\/leveling-cylinder-1-300x300.webp\" alt=\"\" width=\"400\" height=\"400\" \/><\/p>\n<p>Puristimen tasaussylinteri on huippuluokan tuote, jolla on poikkeuksellisen tarkka ja vakaa k\u00e4ytt\u00f6 erilaisissa teollisissa sovelluksissa. Edistyksellisten ominaisuuksiensa ja kest\u00e4v\u00e4n rakenteensa ansiosta t\u00e4m\u00e4 sylinteri tarjoaa luotettavat tasausominaisuudet varmistaen optimaalisen koneistuksen, kokoonpanon ja linjauksen suorituskyvyn.<\/p>\n<p>Puristimen tasaussylinteri on v\u00e4ltt\u00e4m\u00e4t\u00f6n ty\u00f6kalu tarkkuuden ja vakauden saavuttamiseksi teollisissa sovelluksissa. Tarkan tasausominaisuuden, kest\u00e4v\u00e4n rakenteen ja korkeuss\u00e4\u00e4dett\u00e4vyyden ansiosta t\u00e4m\u00e4 sylinteri mahdollistaa ty\u00f6kappaleiden tai koneiden optimoinnin ja sijoittelun. Noudattamalla suositeltuja k\u00e4ytt\u00f6- ja huoltomenetelmi\u00e4 voit maksimoida puristimen tasaussylinterin suorituskyvyn, pitk\u00e4ik\u00e4isyyden ja turvallisuuden teollisessa j\u00e4rjestelm\u00e4ss\u00e4si. Valitse t\u00e4m\u00e4 sylinteri parantaaksesi teollisten toimintojesi tarkkuutta, tehokkuutta ja laatua.<\/p>\n<p>Paina tasaussylinterin t\u00e4rkeimm\u00e4t ominaisuudet:<\/p>\n<ol>\n<li>Tarkka vaaitus:<\/li>\n<\/ol>\n<ul>\n<li>Puristimen tasaussylinteri on suunniteltu tarjoamaan tarkkoja tasausominaisuuksia, joiden avulla voit kohdistaa ja sijoittaa ty\u00f6kappaleita tai koneita tarkasti.<\/li>\n<li>Hienovaraisen s\u00e4\u00e4t\u00f6mekanisminsa ja suuren kuormituksenkestokykyns\u00e4 ansiosta t\u00e4m\u00e4 sylinteri varmistaa vakaat ja tasaiset pinnat, mik\u00e4 minimoi virheet ja parantaa laatua.<\/li>\n<\/ul>\n<ol start=\"2\">\n<li>Vankka rakenne:<\/li>\n<\/ol>\n<ul>\n<li>T\u00e4m\u00e4 sylinteri on valmistettu kest\u00e4vist\u00e4 materiaaleista, mik\u00e4 varmistaa sen kyvyn kest\u00e4\u00e4 raskaita kuormia ja ankaria k\u00e4ytt\u00f6olosuhteita.<\/li>\n<li>Puristimen tasaussylinterin tukeva rakenne takaa pitk\u00e4n k\u00e4ytt\u00f6i\u00e4n ja luotettavuuden, mik\u00e4 tekee siit\u00e4 sopivan vaativiin teollisuusymp\u00e4rist\u00f6ihin.<\/li>\n<\/ul>\n<ol start=\"3\">\n<li>Korkeuden s\u00e4\u00e4t\u00f6:<\/li>\n<\/ol>\n<ul>\n<li>Sylinteri tarjoaa k\u00e4tev\u00e4n korkeuss\u00e4\u00e4d\u00f6n, jonka avulla voit hienos\u00e4\u00e4t\u00e4\u00e4 ty\u00f6kappaleen tai koneen tasoa.<\/li>\n<li>Helppok\u00e4ytt\u00f6isen korkeudens\u00e4\u00e4t\u00f6mekanismin ansiosta voit saavuttaa tarkan tasauksen, joka mukautuu pintaolosuhteisiin tai laitteiden vaatimusten vaihteluihin.<\/li>\n<\/ul>\n<ol start=\"4\">\n<li>Nopea ja helppo asennus:<\/li>\n<\/ol>\n<ul>\n<li>Puristimen tasaussylinteri on suunniteltu saumatonta asennusta varten, mik\u00e4 mahdollistaa vaivattoman k\u00e4ytt\u00f6\u00f6nottoprosessin.<\/li>\n<li>Sen k\u00e4ytt\u00e4j\u00e4yst\u00e4v\u00e4lliset asennusominaisuudet minimoivat seisokkiajat ja varmistavat nopean integroinnin olemassa oleviin teollisuusj\u00e4rjestelmiisi.<\/li>\n<\/ul>\n<h2><strong>Paina tasoitussylinterin parametria:<\/strong><\/h2>\n<table border=\"1\" cellspacing=\"0\" cellpadding=\"0\">\n<tbody>\n<tr>\n<td>Tuotteen nimi<\/td>\n<td>Hydraulinen puristimen tasoitussylinteri<\/td>\n<\/tr>\n<tr>\n<td>Ominaisuudet:<\/td>\n<td>Aihioiden tai ty\u00f6kappaleiden rinnakkainen nosto<\/td>\n<\/tr>\n<tr>\n<td>Rei\u00e4n halkaisija:<\/td>\n<td>\u00a090 mm\uff5e380 mm<\/td>\n<\/tr>\n<tr>\n<td>Tangon halkaisija:<\/td>\n<td>50 mm\uff5e280 mm<br \/>\nIsku \u22642500 mm<\/td>\n<\/tr>\n<tr>\n<td>Ty\u00f6nt\u00f6voima:<\/td>\n<td>Enimm\u00e4isteho 2835 kN<br \/>\n(Sylinterin halkaisija 380 mm \/ paine 25 MPa)<\/td>\n<\/tr>\n<tr>\n<td>Hydraulisen puristimen tasoitussylinterin sovellukset:<\/td>\n<td>Hydraulinen puristin<\/td>\n<\/tr>\n<\/tbody>\n<\/table>\n<div><\/div>\n<div>\n<div class=\"txtboxL\">Ominaisuudet:<\/div>\n<div class=\"txtboxR\">Aihioiden tai ty\u00f6kappaleiden rinnakkainen nosto<\/div>\n<div class=\"txtboxL\">Tekniset tiedot:<\/div>\n<div class=\"txtboxR\">Rei\u00e4n halkaisija: 90 mm - 380 mm<br \/>\nTangon halkaisija: 50 mm ~ 280 mm<br \/>\nIsku \u22642500 mm<\/div>\n<div class=\"txtboxL\">Ty\u00f6nt\u00f6voima:<\/div>\n<div class=\"txtboxR\">Enimm\u00e4isteho 2835 kN<br \/>\n(Sylinterin halkaisija 380 mm \/ paine 25 MPa)<\/div>\n<\/div>\n<h2><strong>Puristinsylinteritehdas:<\/strong><\/h2>\n<p><img loading=\"lazy\" decoding=\"async\" class=\"alignnone wp-image-1619 size-full\" src=\"https:\/\/hydraulic-cylinders.net\/wp-content\/uploads\/2023\/10\/press-cylinder.webp\" alt=\"\" width=\"1418\" height=\"946\" srcset=\"https:\/\/hydraulic-cylinders.net\/wp-content\/uploads\/2023\/10\/press-cylinder.webp 1418w, https:\/\/hydraulic-cylinders.net\/wp-content\/uploads\/2023\/10\/press-cylinder-1280x854.webp 1280w, https:\/\/hydraulic-cylinders.net\/wp-content\/uploads\/2023\/10\/press-cylinder-980x654.webp 980w, https:\/\/hydraulic-cylinders.net\/wp-content\/uploads\/2023\/10\/press-cylinder-480x320.webp 480w\" sizes=\"(min-width: 0px) and (max-width: 480px) 480px, (min-width: 481px) and (max-width: 980px) 980px, (min-width: 981px) and (max-width: 1280px) 1280px, (min-width: 1281px) 1418px, 100vw\" \/><\/p>\n<h2><strong>Puristimen tasoitussylinterin k\u00e4ytt\u00f6tapa<\/strong><strong>:<\/strong><\/h2>\n<ol>\n<li><strong>Asennuksen valmistelu:<\/strong><\/li>\n<\/ol>\n<ul>\n<li>Ennen puristimen tasaussylinterin asentamista varmista, ett\u00e4 ty\u00f6taso tai kone on puhdas eik\u00e4 siin\u00e4 ole roskia tai esteit\u00e4.<\/li>\n<li>Tunnista sopivat kiinnityskohdat ja sijoita sylinteri niiden mukaisesti.<\/li>\n<\/ul>\n<ol start=\"2\">\n<li><strong>Sylinterin asennus:<\/strong><\/li>\n<\/ol>\n<ul>\n<li>Kiinnit\u00e4 sylinteri tukevasti m\u00e4\u00e4r\u00e4ttyihin kiinnityspisteisiin mukana toimitetuilla kiinnityskiinnikkeill\u00e4 tai kiinnitystarvikkeilla.<\/li>\n<li>Noudata valmistajan ohjeita ja ohjeita varmistaaksesi oikean kohdistuksen ja vakauden.<\/li>\n<\/ul>\n<ol start=\"3\">\n<li><strong>Tason s\u00e4\u00e4t\u00e4minen:<\/strong><\/li>\n<\/ol>\n<ul>\n<li>Aktivoi puristimen tasaussylinterin korkeudens\u00e4\u00e4t\u00f6mekanismi valmistajan ohjeiden mukaisesti.<\/li>\n<li>S\u00e4\u00e4d\u00e4 sylinteri\u00e4 v\u00e4hitellen halutun tason saavuttamiseksi ottaen huomioon sovelluksesi erityisvaatimukset.<\/li>\n<\/ul>\n<ol start=\"4\">\n<li><strong>Tason lukitseminen:<\/strong><\/li>\n<\/ol>\n<ul>\n<li>Kun haluttu taso on saavutettu, lukitse sylinteri lukitusmekanismilla.<\/li>\n<li>Lukitusmekanismi varmistaa vakauden ja est\u00e4\u00e4 tahattomat liikkeet tai s\u00e4\u00e4d\u00f6t.<\/li>\n<\/ul>\n<h2><strong>Kuinka tarkistaa, vuotaako hydraulisylinteri sis\u00e4isesti?<\/strong><\/h2>\n<div class=\"ChatMessage_chatMessage__xkgHx\" data-complete=\"true\">\n<div class=\"ChatMessage_botMessageHeader__8yA1R\">\n<div class=\"ChatMessage_headerWrapper__UeGSI\">Hydraulisylinterin sis\u00e4isten vuotojen tarkistaminen on olennainen huoltoteht\u00e4v\u00e4 optimaalisen suorituskyvyn varmistamiseksi ja mahdollisten vaurioiden est\u00e4miseksi. T\u00e4ss\u00e4 on vaiheet hydraulisylinterin sis\u00e4isten vuotojen tarkistamiseksi:<\/div>\n<\/div>\n<div class=\"ChatMessage_messageRow__DHlnq\">\n<div class=\"ChatMessage_messageWrapper__4Ugd6\">\n<div class=\"Message_row__ug_UU\">\n<div class=\"Message_botMessageBubble__aYctV\">\n<div class=\"Markdown_markdownContainer__Tz3HQ\">\n<ol>\n<li><strong>Turvaohjeet:<\/strong> Ennen mink\u00e4\u00e4n tarkastuksen aloittamista noudata asianmukaisia \u200b\u200bturvallisuusmenetelmi\u00e4. Sammuta hydraulinen virtal\u00e4hde, vapauta j\u00e4rjestelm\u00e4n paine ja varmista, ett\u00e4 sylinteri on t\u00e4ysin vedetty sis\u00e4\u00e4n.<\/li>\n<li><strong>Silm\u00e4m\u00e4\u00e4r\u00e4inen tarkastus:<\/strong> Aloita tarkastamalla hydraulisylinterin ulkopinta silm\u00e4m\u00e4\u00e4r\u00e4isesti mahdollisten \u00f6ljyvuotojen varalta. Etsi \u00f6ljytahroja, m\u00e4rki\u00e4 kohtia tai kertyneen \u00f6ljyn vartta sylinterin rungon, m\u00e4nn\u00e4nvarren tai tiivisteiden ymp\u00e4rilt\u00e4. Ulkoiset vuodot voivat olla merkki sis\u00e4isist\u00e4 vuodoista.<\/li>\n<li><strong>Sylinterin pidennys:<\/strong> Ved\u00e4 hydraulisylinteri kokonaan ulos. T\u00e4m\u00e4 paljastaa m\u00e4nn\u00e4n ja antaa sinun tarkkailla \u00f6ljyvuotoja m\u00e4nn\u00e4n tiivistealueelta.<\/li>\n<li><strong>Pyyhi ja tarkkaile:<\/strong> Pyyhi tangon koko pituus puhtaalla liinalla. Tarkista, onko liinassa \u00f6ljyj\u00e4\u00e4mi\u00e4. Jos huomaat kankaassa merkitt\u00e4v\u00e4n m\u00e4\u00e4r\u00e4n \u00f6ljy\u00e4, se voi viitata sis\u00e4iseen vuotoon.<\/li>\n<li><strong>Tarkista sauvan liike:<\/strong> Ved\u00e4 sylinteri\u00e4 hitaasti sis\u00e4\u00e4np\u00e4in samalla tarkkaillen m\u00e4nn\u00e4n liikett\u00e4. Kiinnit\u00e4 huomiota nykiv\u00e4\u00e4n tai ep\u00e4tasaiseen liikkeeseen, joka voi viitata sis\u00e4iseen vuotoon tai vaurioituneisiin tiivisteisiin.<\/li>\n<li><strong>Sylinterin ajautumistesti:<\/strong> Sylinterin ollessa t\u00e4ysin sis\u00e4\u00e4nvedettyn\u00e4 ja hydraulij\u00e4rjestelm\u00e4n ollessa sammutettuna, tarkkaile sylinteri\u00e4 odottamattomien liikkeiden varalta. Jos sylinteri alkaa laajentua tai liikkua hitaasti ulosp\u00e4in, se voi viitata sis\u00e4iseen vuotoon.<\/li>\n<li><strong>Painetestaus:<\/strong> Painekoke voidaan suorittaa, jos ep\u00e4ill\u00e4\u00e4n sis\u00e4ist\u00e4 vuotoa, mutta se ei ole silm\u00e4m\u00e4\u00e4r\u00e4isesti havaittavissa. Painetesti voidaan suorittaa turvallisesti valmistajan ohjeiden tai hydrauliikan asiantuntijan toimesta. T\u00e4m\u00e4 tarkoittaa sylinterin paineistamista ja paineh\u00e4vi\u00f6n seurantaa tietyn ajanjakson ajan. Merkitt\u00e4v\u00e4 paineenlasku voi viitata sis\u00e4iseen vuotoon.<\/li>\n<li><strong>\u00d6ljyanalyysi:<\/strong> Jos ep\u00e4ill\u00e4\u00e4n sis\u00e4ist\u00e4 vuotoa, mutta sit\u00e4 ei ole vahvistettu silm\u00e4m\u00e4\u00e4r\u00e4isell\u00e4 tarkastuksella tai muilla menetelmill\u00e4, harkitse \u00f6ljyanalyysin tekemist\u00e4. Ker\u00e4\u00e4 j\u00e4rjestelm\u00e4st\u00e4 hydrauliikka\u00f6ljyn\u00e4yte ja anna sen analysoida laboratoriossa. Tutkimuksessa voidaan tunnistaa ep\u00e4puhtauksia tai kulumishiukkasten ep\u00e4normaaleja m\u00e4\u00e4ri\u00e4, jotka voivat viitata sis\u00e4iseen vuotoon tai muihin ongelmiin.<\/li>\n<\/ol>\n<\/div>\n<\/div>\n<\/div>\n<\/div>\n<\/div>\n<\/div>\n<h2><strong>Tehtaan kapasiteetti ja kapasiteetti:<\/strong><\/h2>\n<h3>(1) Kokoonpano<\/h3>\n<p>Meill\u00e4 on ensiluokkainen riippumaton tutkimus- ja kehitysty\u00f6n kokoonpanoalusta. Hydraulisylinterien tuotantopajassa on nelj\u00e4 puoliautomaattista nostosylinterin kokoonpanolinjaa ja yksi automaattinen kallistussylinterin kokoonpanolinja, joiden suunniteltu vuotuinen tuotantokapasiteetti on 1 miljoona kappaletta. Erikoissylinterin ty\u00f6paja on varustettu erilaisilla eritelmill\u00e4 puoliautomaattisen puhdistusasennuksen kokoonpanoj\u00e4rjestelm\u00e4ll\u00e4, jonka suunniteltu vuotuinen tuotantokapasiteetti on 200 000, ja se on varustettu kuuluisilla CNC-ty\u00f6st\u00f6laitteilla, ty\u00f6st\u00f6keskuksella, korkean tarkkuuden sylinterin k\u00e4sittelyyn tarkoitetuilla erityislaitteilla, robottihitsauskoneella, automaattisella puhdistuslaitteella, automaattisella sylinterin kokoonpanokoneella ja automaattisella maalaustuotantolinjalla. Olemassa olevat kriittiset laitteet yli 300 sarjaa (sarjaa). Laiteresurssien optimaalinen kohdentaminen ja tehokas k\u00e4ytt\u00f6 varmistavat tuotteiden tarkkuusvaatimukset ja t\u00e4ytt\u00e4v\u00e4t tuotteiden laatuvaatimukset.<\/p>\n<p><img loading=\"lazy\" decoding=\"async\" class=\"alignnone wp-image-626\" src=\"https:\/\/hydraulic-cylinders.net\/wp-content\/uploads\/2023\/08\/hydraulic-cylinder-product-1-300x158.webp\" alt=\"\" width=\"495\" height=\"260\" srcset=\"https:\/\/hydraulic-cylinders.net\/wp-content\/uploads\/2023\/08\/hydraulic-cylinder-product-1-300x158.webp 495w, https:\/\/hydraulic-cylinders.net\/wp-content\/uploads\/2023\/08\/hydraulic-cylinder-product-1-480x252.webp 480w\" sizes=\"(min-width: 0px) and (max-width: 480px) 480px, (min-width: 481px) 495px, 100vw\" \/> <img loading=\"lazy\" decoding=\"async\" class=\"alignnone wp-image-627\" src=\"https:\/\/hydraulic-cylinders.net\/wp-content\/uploads\/2023\/08\/hydraulic-cylinder-product-2-300x189.webp\" alt=\"\" width=\"413\" height=\"260\" \/><\/p>\n<h3>(2) Koneistus<\/h3>\n<p>Ty\u00f6st\u00f6paja on varustettu r\u00e4\u00e4t\u00e4l\u00f6idyll\u00e4 kaltevalla kiskosorvauskeskuksella, ty\u00f6st\u00f6keskuksella, suurnopeus-hiontakoneella, hitsausrobotilla ja muilla vastaavilla laitteilla, joilla voidaan k\u00e4sitell\u00e4 sylinteriputkia, joiden sis\u00e4halkaisija on enint\u00e4\u00e4n 400 mm ja enimm\u00e4ispituus on 6 metri\u00e4.<\/p>\n<p><img loading=\"lazy\" decoding=\"async\" class=\"alignnone wp-image-628 size-large\" src=\"https:\/\/hydraulic-cylinders.net\/wp-content\/uploads\/2023\/08\/hydraulic-cylinder-product-3-1024x391.webp\" alt=\"\" width=\"1024\" height=\"391\" srcset=\"https:\/\/hydraulic-cylinders.net\/wp-content\/uploads\/2023\/08\/hydraulic-cylinder-product-3-980x374.webp 980w, https:\/\/hydraulic-cylinders.net\/wp-content\/uploads\/2023\/08\/hydraulic-cylinder-product-3-480x183.webp 480w\" sizes=\"(min-width: 0px) and (max-width: 480px) 480px, (min-width: 481px) and (max-width: 980px) 980px, (min-width: 981px) 1024px, 100vw\" \/><\/p>\n<h3>(3) Hitsaus<\/h3>\n<p><img loading=\"lazy\" decoding=\"async\" class=\"alignnone wp-image-629 size-large\" src=\"https:\/\/hydraulic-cylinders.net\/wp-content\/uploads\/2023\/08\/hydraulic-cylinder-product-4-1024x510.webp\" alt=\"\" width=\"1024\" height=\"510\" srcset=\"https:\/\/hydraulic-cylinders.net\/wp-content\/uploads\/2023\/08\/hydraulic-cylinder-product-4-980x488.webp 980w, https:\/\/hydraulic-cylinders.net\/wp-content\/uploads\/2023\/08\/hydraulic-cylinder-product-4-480x239.webp 480w\" sizes=\"(min-width: 0px) and (max-width: 480px) 480px, (min-width: 481px) and (max-width: 980px) 980px, (min-width: 981px) 1024px, 100vw\" \/><\/p>\n<h3>(4) Maalaus ja pinnoitus<\/h3>\n<p>Pienill\u00e4 ja keskisuurilla sylinterin automaattisilla vesipohjaisilla maalipinnoituslinjoilla automaattisen robotin lastaus- ja purku- ja automaattisen ruiskutuksen saavuttamiseksi, suunnittelukapasiteetti on 4000 kappaletta vuorossa;<br \/>\nMeill\u00e4 on my\u00f6s puoliautomaattinen maalauslinja suurille sylintereille, joka toimii voimaketjulla ja jonka suunnittelukapasiteetti on 60 laatikkoa ty\u00f6vuorossa.<\/p>\n<p><img loading=\"lazy\" decoding=\"async\" class=\"alignnone wp-image-630\" src=\"https:\/\/hydraulic-cylinders.net\/wp-content\/uploads\/2023\/08\/hydraulic-cylinder-product-5-300x213.webp\" alt=\"\" width=\"366\" height=\"260\" \/> <img loading=\"lazy\" decoding=\"async\" class=\"alignnone wp-image-631\" src=\"https:\/\/hydraulic-cylinders.net\/wp-content\/uploads\/2023\/08\/hydraulic-cylinder-product-6-300x225.webp\" alt=\"\" width=\"347\" height=\"260\" \/><\/p>\n<h3>(5) Testaus<\/h3>\n<p>Meill\u00e4 on ensiluokkaiset tarkastustilat ja testialustat, joilla varmistetaan, ett\u00e4 sylinterin suorituskyky t\u00e4ytt\u00e4\u00e4 vaatimukset.<\/p>\n<p><img loading=\"lazy\" decoding=\"async\" class=\"alignnone wp-image-632\" src=\"https:\/\/hydraulic-cylinders.net\/wp-content\/uploads\/2023\/08\/hydraulic-cylinder-product-8-300x200.webp\" alt=\"\" width=\"389\" height=\"260\" \/><\/p>\n<p>&nbsp;<\/p>\n<p>&nbsp;<\/p>\n<p>Olemme yksi parhaista hydraulisylintereiden valmistajista. Voimme tarjota kattavia hydraulisylintereit\u00e4. Tarjoamme my\u00f6s vastaavia <a href=\"https:\/\/hzpt.com\/agricultural-pto-gearbox\/\" target=\"_blank\" rel=\"noopener\">maatalousvaihteistot<\/a>Olemme vieneet tuotteitamme asiakkaille maailmanlaajuisesti ja ansainneet hyv\u00e4n maineen erinomaisen tuotelaadun ja huoltopalvelumme ansiosta. Toivotamme tervetulleeksi asiakkaat kotimaassa ja ulkomailla ottamaan meihin yhteytt\u00e4 neuvotellakseen liiketoimista, vaihtaakseen tietoja ja <a href=\"https:\/\/www.hydraulic-cylinders.net\/fi\/contact-us\/\">tehd\u00e4 yhteisty\u00f6t\u00e4 kanssamme<\/a>!<\/p>","protected":false},"excerpt":{"rendered":"<p>Press Leveling Cylinder The press leveling cylinder is a state-of-the-art product with exceptional precision and stability in various industrial applications. With its advanced features and robust construction, this cylinder offers reliable leveling capabilities, ensuring optimal machining, assembly, and alignment performance. The press leveling cylinder is an indispensable tool for achieving precision and stability in industrial [&hellip;]<\/p>","protected":false},"featured_media":1649,"comment_status":"open","ping_status":"closed","template":"","meta":{"_et_pb_use_builder":"","_et_pb_old_content":"","_et_gb_content_width":""},"product_brand":[],"product_cat":[1550,1522,1376],"product_tag":[1380],"class_list":{"0":"post-1647","1":"product","2":"type-product","3":"status-publish","4":"has-post-thumbnail","6":"product_cat-double-acting-hydraulic-cylinder","7":"product_cat-press-hydraulic-cylinders","8":"product_cat-hydraulic-cylinder","9":"product_tag-hydraulic-cylinder","11":"first","12":"instock","13":"shipping-taxable","14":"product-type-simple"},"amp_enabled":true,"_links":{"self":[{"href":"https:\/\/www.hydraulic-cylinders.net\/fi\/wp-json\/wp\/v2\/product\/1647","targetHints":{"allow":["GET"]}}],"collection":[{"href":"https:\/\/www.hydraulic-cylinders.net\/fi\/wp-json\/wp\/v2\/product"}],"about":[{"href":"https:\/\/www.hydraulic-cylinders.net\/fi\/wp-json\/wp\/v2\/types\/product"}],"replies":[{"embeddable":true,"href":"https:\/\/www.hydraulic-cylinders.net\/fi\/wp-json\/wp\/v2\/comments?post=1647"}],"wp:featuredmedia":[{"embeddable":true,"href":"https:\/\/www.hydraulic-cylinders.net\/fi\/wp-json\/wp\/v2\/media\/1649"}],"wp:attachment":[{"href":"https:\/\/www.hydraulic-cylinders.net\/fi\/wp-json\/wp\/v2\/media?parent=1647"}],"wp:term":[{"taxonomy":"product_brand","embeddable":true,"href":"https:\/\/www.hydraulic-cylinders.net\/fi\/wp-json\/wp\/v2\/product_brand?post=1647"},{"taxonomy":"product_cat","embeddable":true,"href":"https:\/\/www.hydraulic-cylinders.net\/fi\/wp-json\/wp\/v2\/product_cat?post=1647"},{"taxonomy":"product_tag","embeddable":true,"href":"https:\/\/www.hydraulic-cylinders.net\/fi\/wp-json\/wp\/v2\/product_tag?post=1647"}],"curies":[{"name":"wp","href":"https:\/\/api.w.org\/{rel}","templated":true}]}}