{"id":16478,"date":"2025-01-21T05:28:09","date_gmt":"2025-01-21T05:28:09","guid":{"rendered":"https:\/\/www.hydraulic-cylinders.net\/product\/arm-cylinder-for-lishide-large-excavator-sc400-8\/"},"modified":"2025-01-21T05:28:11","modified_gmt":"2025-01-21T05:28:11","slug":"arm-cylinder-for-lishide-large-excavator-sc400-8","status":"publish","type":"product","link":"https:\/\/www.hydraulic-cylinders.net\/fi\/tuote\/arm-cylinder-for-lishide-large-excavator-sc400-8\/","title":{"rendered":"Lishide-kaivinkoneen SC400.8 varren sylinteri"},"content":{"rendered":"<h2>Lishide-kaivinkoneen SC400.8 varren sylinteri<\/h2>\n<h3>Johdanto<\/h3>\n<p>Varren sylinteri on erityisesti suunniteltu hydraulisylinteri, jota k\u00e4ytet\u00e4\u00e4n p\u00e4\u00e4asiassa lineaarisen liikkeen ja voiman tuottamiseen erilaisten koneiden, kuten kaivinkoneiden, nostureiden ja robottivarsien, varsille. Varren sylinterill\u00e4 on ratkaiseva rooli hydraulij\u00e4rjestelm\u00e4ss\u00e4, sill\u00e4 se mahdollistaa kiinnitettyjen ty\u00f6kalujen tai lis\u00e4varusteiden tehokkaan liikkeen ja ohjauksen. N\u00e4m\u00e4 sylinterit eiv\u00e4t ainoastaan \u200b\u200btarjoa tasaista liikett\u00e4, vaan ne kest\u00e4v\u00e4t my\u00f6s raskaita kuormia varmistaen koneiden tehokkaan toiminnan ja luotettavuuden erilaisissa k\u00e4ytt\u00f6olosuhteissa.<\/p>\n<p><img decoding=\"async\" src=\"https:\/\/www.hydraulic-cylinders.net\/wp-content\/uploads\/2025\/01\/songte-company-2.webp\"><\/p>\n<h3>Ominaisuudet<\/h3>\n<ul>\n<li>Tehokas voimansiirto: Varren sylinteri voi tarjota tehokkaan lineaarisen liikkeen ja voiman, mik\u00e4 varmistaa mekaanisen varren korkean hy\u00f6tysuhteen erilaisissa toiminnoissa.<\/li>\n<li>Tarkka ohjaus: Hydraulisen j\u00e4rjestelm\u00e4n avulla varren sylinteri voi saavuttaa tarkan liikkeenohjauksen, mik\u00e4 tekee kiinnitettyjen ty\u00f6kalujen k\u00e4yt\u00f6st\u00e4 joustavampaa ja tarkempaa.<\/li>\n<li>Vahva kest\u00e4vyys: Varsisylinterit on yleens\u00e4 valmistettu eritt\u00e4in lujista materiaaleista, joilla on hyv\u00e4 kulutuskest\u00e4vyys ja korroosionkest\u00e4vyys, joten ne soveltuvat pitk\u00e4aikaiseen k\u00e4ytt\u00f6\u00f6n ankarissa olosuhteissa.<\/li>\n<li>Monitoiminnallinen mukautuvuus: N\u00e4it\u00e4 sylintereit\u00e4 voidaan k\u00e4ytt\u00e4\u00e4 laajalti erityyppisiss\u00e4 koneissa, kuten kaivinkoneissa, nostureissa ja robottivarsissa, erilaisten ty\u00f6vaatimusten t\u00e4ytt\u00e4miseksi.<\/li>\n<li>Helppo huolto: Suunnittelussa on otettu huomioon helppo huolto ja vaihto, mik\u00e4 tekee s\u00e4\u00e4nn\u00f6llisest\u00e4 tarkastuksesta ja huollosta k\u00e4tev\u00e4mp\u00e4\u00e4 ja v\u00e4hent\u00e4\u00e4 laitteiden seisokkiaikaa.<\/li>\n<\/ul>\n<p>Voimme valmistaa t\u00e4t\u00e4 tuotetta, joka voi t\u00e4ydellisesti korvata n\u00e4m\u00e4 hydraulisylinterit.<\/p>\n<p><img decoding=\"async\" src=\"https:\/\/www.hydraulic-cylinders.net\/wp-content\/uploads\/2025\/01\/songte-oil-pipes-and-spare-parts.webp\"><\/p>\n<h3>Sovellukset<\/h3>\n<p>Varsisylintereill\u00e4 on laaja valikoima sovelluksia eri teollisuudenaloilla:<\/p>\n<ul>\n<li>Rakentaminen: Kaivinkoneiden ja nostureiden kauhojen tai puomien liikkeen ohjaamiseen maanrakennuksessa, materiaalink\u00e4sittelyss\u00e4 ja rakenteellisissa asennuksissa k\u00e4ytet\u00e4\u00e4n varsi-sylintereit\u00e4.<\/li>\n<li>Valmistus: Varsisylintereit\u00e4 k\u00e4ytet\u00e4\u00e4n robottivarsien liikuttamiseen automatisoiduilla tuotantolinjoilla kokoonpano-, hitsaus- ja k\u00e4sittelyprosesseissa, mik\u00e4 parantaa tuotannon tehokkuutta ja tarkkuutta.<\/li>\n<li>Maatalouskoneet: Varren sylinterit ohjaavat maatalouskoneiden, kuten puimureiden ja istutuskoneiden, k\u00e4ytt\u00f6varsien liikett\u00e4 ja suorittavat teht\u00e4vi\u00e4, kuten istutusta, lannoitusta ja sadonkorjuuta.<\/li>\n<li>Kaivostoiminta: Varsisylintereit\u00e4 k\u00e4ytet\u00e4\u00e4n kaivoslaitteiden varren liikkeen ohjaamiseen malmien louhinnassa ja kuljetuksessa.<\/li>\n<li>Logistiikka ja kuljetus: Varsisylintereit\u00e4 k\u00e4ytet\u00e4\u00e4n haarukoiden nostamisen ja liikkeen ohjaamiseen trukeissa ja robottien k\u00e4sittelyss\u00e4, mik\u00e4 mahdollistaa materiaalink\u00e4sittelyn ja pinoamisen.<\/li>\n<\/ul>\n<h3>Suunnittelun\u00e4k\u00f6kohdat ja valintastandardit<\/h3>\n<p>Suunnittelun n\u00e4k\u00f6kulmasta varsisylintereiss\u00e4 tulisi ottaa huomioon seuraavat n\u00e4k\u00f6kohdat:<\/p>\n<ul>\n<li>Kantavuus: Varren sylintereiden on kestett\u00e4v\u00e4 koneiden ja lis\u00e4laitteiden kuormitus ja voima.<\/li>\n<li>Tiivistys: Hydrauli\u00f6ljyn vuotamisen est\u00e4miseksi ja sylinterin normaalin toiminnan varmistamiseksi tulisi k\u00e4ytt\u00e4\u00e4 erilaisia \u200b\u200btiivistyskomponentteja, kuten m\u00e4nn\u00e4n tiivisteit\u00e4 ja varren tiivisteit\u00e4.<\/li>\n<li>Kest\u00e4vyys: Varren sylinterin tulee olla valmistettu eritt\u00e4in lujista materiaaleista, joilla on hyv\u00e4 kulutus- ja korroosionkest\u00e4vyys kest\u00e4m\u00e4\u00e4n ankaria ymp\u00e4rist\u00f6j\u00e4.<\/li>\n<li>Turvallisuus: Onnettomuuksien v\u00e4ltt\u00e4miseksi on harkittava turvatoimenpiteit\u00e4, kuten ylikuormitussuojaa ja h\u00e4t\u00e4pys\u00e4ytyst\u00e4.<\/li>\n<li>Yll\u00e4pidett\u00e4vyys: Suunnittelussa tulisi ottaa huomioon osien helppo huolto ja vaihto laitteiden seisokkiaikojen lyhent\u00e4miseksi.<\/li>\n<\/ul>\n<p><img decoding=\"async\" src=\"https:\/\/www.hydraulic-cylinders.net\/wp-content\/uploads\/2025\/01\/songte-cylinder-head-with-all-kinds-excavator-models.webp\"><\/p>\n<h3>Tiivistys ja voitelu<\/h3>\n<p>Varsisylintereiss\u00e4 tulisi k\u00e4ytt\u00e4\u00e4 erilaisia \u200b\u200btiivistyskomponentteja, kuten m\u00e4nn\u00e4ntiivisteit\u00e4 ja varren tiivisteit\u00e4, jotka on valmistettu kulutusta kest\u00e4vist\u00e4 materiaaleista, kuten polyuretaanista tai nitriilikumista. Sylinterin runko ja kierteiden p\u00e4\u00e4typinnat tulisi k\u00e4sitell\u00e4 hienoksi kulutuskest\u00e4vyyden parantamiseksi. Varsisylintereit\u00e4 on voideltava s\u00e4\u00e4nn\u00f6llisesti hydrauli\u00f6ljyll\u00e4 sujuvan toiminnan varmistamiseksi.<\/p>\n<h3>Huolto ja ennaltaehk\u00e4isev\u00e4t toimenpiteet<\/h3>\n<p>Varsivarsien sylinterien s\u00e4\u00e4nn\u00f6llinen tarkastus ja ennaltaehk\u00e4isev\u00e4 huolto voivat pident\u00e4\u00e4 niiden k\u00e4ytt\u00f6ik\u00e4\u00e4. Seuraavat toimenpiteet on teht\u00e4v\u00e4:<\/p>\n<ul>\n<li>Tarkista tiivistekomponenttien kuluminen ja vaihda ne ajoissa.<\/li>\n<li>Tarkista sylinterin rungon vuodot ja halkeamat ja korjaa tai vaihda ne tarvittaessa.<\/li>\n<li>Tarkista kiinnityspulttien ja -muttereiden l\u00f6ysyys ja kirist\u00e4 niit\u00e4 tarvittaessa.<\/li>\n<li>Tarkista hydrauliikka\u00f6ljyn m\u00e4\u00e4r\u00e4 ja laatu s\u00e4\u00e4nn\u00f6llisesti ja vaihda se tarvittaessa.<\/li>\n<li>S\u00e4ilyt\u00e4 sylinteri\u00e4 oikein ja suojaa se p\u00f6lylt\u00e4 ja kosteudelta.<\/li>\n<\/ul>\n<p><img decoding=\"async\" src=\"https:\/\/www.hydraulic-cylinders.net\/wp-content\/uploads\/2025\/01\/songte-chushion-collar.webp\"><\/p>\n<h3>Asennusopas<\/h3>\n<p>Sylinterin asennuksessa on noudatettava seuraavia vaiheita:<\/p>\n<ol>\n<li>Puhdista sylinterin ja kiinnikkeen kiinnityspinta.<\/li>\n<li>Asenna sylinteri ohjeiden mukaisesti kiinnitt\u00e4en huomiota asennussuuntaan ja pulttien kiristysmomenttiin.<\/li>\n<li>Liit\u00e4 hydrauliletkut sylinteriin ja tarkista vuodot.<\/li>\n<li>Suorita koeajo sylinterin ja siihen kiinnitettyjen ty\u00f6kalujen toiminnan tarkistamiseksi.<\/li>\n<\/ol>\n<h3>Turvallisuus- ja ymp\u00e4rist\u00f6n\u00e4k\u00f6kohdat<\/h3>\n<p>On t\u00e4rke\u00e4\u00e4 noudattaa turvaohjeita varsisylintereit\u00e4 k\u00e4ytett\u00e4ess\u00e4 onnettomuuksien v\u00e4ltt\u00e4miseksi. My\u00f6s ymp\u00e4rist\u00f6tekij\u00e4t on otettava huomioon varsisylintereit\u00e4 valittaessa ja k\u00e4ytett\u00e4ess\u00e4 niiden ymp\u00e4rist\u00f6vaikutusten minimoimiseksi.<\/p>\n<h3>Vianm\u00e4\u00e4ritys ja yleiset ongelmat<\/h3>\n<p>Yleisi\u00e4 ongelmia varsisylintereiden kanssa ovat vuodot, ep\u00e4normaali melu ja riitt\u00e4m\u00e4t\u00f6n voima. Jos jokin n\u00e4ist\u00e4 ongelmista ilmenee, on ryhdytt\u00e4v\u00e4 seuraaviin toimenpiteisiin:<\/p>\n<ul>\n<li>Tarkista tiivistekomponentit ja vaihda ne tarvittaessa.<\/li>\n<li>Tarkista hydrauliikka\u00f6ljyn m\u00e4\u00e4r\u00e4 ja laatu ja vaihda tarvittaessa.<\/li>\n<li>Tarkista kiinnityspulttien ja -muttereiden l\u00f6ysyys ja kirist\u00e4 niit\u00e4 tarvittaessa.<\/li>\n<li>Tarkista sylinterin rungon halkeamien tai vaurioiden varalta ja korjaa tai vaihda se tarvittaessa.<\/li>\n<\/ul>\n<p>Mahdollisten ongelmien v\u00e4ltt\u00e4miseksi suositellaan s\u00e4\u00e4nn\u00f6llist\u00e4 tarkastusta ja huoltoa.<\/p>\n<p><img decoding=\"async\" src=\"https:\/\/www.hydraulic-cylinders.net\/wp-content\/uploads\/2025\/01\/songte-bushings-with-all-kinds-of-excavator-models.webp\"><\/p>\n<h3>Tietoa meist\u00e4<\/h3>\n<p>Olemme ammattimainen hydraulisten sylinterien valmistaja, joka tarjoaa laajan valikoiman tuotteita ja on yksi johtavista hydraulisten sylinterien valmistajista ja tukkumyyjist\u00e4 kotimaisilla ja kansainv\u00e4lisill\u00e4 markkinoilla. Noudatamme aina erinomaisen laadun periaatetta, luotamme teollistettuihin tuotannonohjausstrategioihin hienoissa valmistuspajoissa ja parannamme jatkuvasti teknist\u00e4 tasoamme ja tuotantotehokkuuttamme. Ottamalla k\u00e4ytt\u00f6\u00f6n edistyneit\u00e4 digitaalisia valmistuslaitteita ja ammattimaisia \u200b\u200btestausj\u00e4rjestelmi\u00e4, optimoimme jatkuvasti valmistusymp\u00e4rist\u00f6\u00e4mme, parannamme tuotteidemme laadunvalvontaprosessia ja meill\u00e4 on vahva innovaatiokyky. Tavoitteenamme on vastata asiakkaiden monipuolisiin tarpeisiin tehokkuuden, tarkkuuden ja korkean laadun periaatteilla.<\/p>\n<p><img decoding=\"async\" src=\"https:\/\/www.hydraulic-cylinders.net\/wp-content\/uploads\/2025\/01\/songte-company-4.webp\"><\/p>\n<h3>Palvelumme<\/h3>\n<ul>\n<li>Ammattitaito: Meill\u00e4 on kokeneiden insin\u00f6\u00f6rien ja teknikkojen tiimi, joka tarjoaa ammattimaisia \u200b\u200bpalveluita asiakkaillemme.<\/li>\n<li>Kansainv\u00e4linen sertifiointi: Tuotteemme ovat l\u00e4p\u00e4isseet ISO9001-laatuj\u00e4rjestelm\u00e4n sertifioinnin ja muut kansainv\u00e4liset sertifikaatit.<\/li>\n<li>R\u00e4\u00e4t\u00e4l\u00f6intipalvelut: Voimme tarjota r\u00e4\u00e4t\u00e4l\u00f6ityj\u00e4 palveluita asiakkaan tarpeiden mukaan.<\/li>\n<li>Tuotantolaitteet: Yrityksell\u00e4mme on edistyneet digitaaliset valmistuslaitteet ja ammattimaiset testausj\u00e4rjestelm\u00e4t.<\/li>\n<li>Myynnin j\u00e4lkeinen palvelu: Tarjoamme oikea-aikaista ja harkittua myynnin j\u00e4lkeist\u00e4 palvelua asiakastyytyv\u00e4isyyden varmistamiseksi.<\/li>\n<\/ul>\n<p><img decoding=\"async\" src=\"https:\/\/www.hydraulic-cylinders.net\/wp-content\/uploads\/2025\/01\/songte-company-3.webp\"><\/p>\n<p>Kirjoittaja: lyl.<\/p>","protected":false},"excerpt":{"rendered":"<p>Arm Cylinder For Lishide Large Excavator SC400.8 Introduction Arm cylinder is a specially designed hydraulic cylinder that is mainly used to provide linear motion and power to the arms of various types of machinery, such as excavators, cranes, and robotic arms. The arm cylinder plays a critical role in the hydraulic system, allowing for effective [&hellip;]<\/p>","protected":false},"featured_media":14779,"comment_status":"open","ping_status":"closed","template":"","meta":{"_et_pb_use_builder":"","_et_pb_old_content":"","_et_gb_content_width":""},"product_brand":[],"product_cat":[1497],"product_tag":[1498,1496],"class_list":{"0":"post-16478","1":"product","2":"type-product","3":"status-publish","4":"has-post-thumbnail","6":"product_cat-arm-cylinders","7":"product_tag-arm-cylinders","8":"product_tag-hydraulic-cylinders","10":"first","11":"instock","12":"shipping-taxable","13":"product-type-simple"},"amp_enabled":true,"_links":{"self":[{"href":"https:\/\/www.hydraulic-cylinders.net\/fi\/wp-json\/wp\/v2\/product\/16478","targetHints":{"allow":["GET"]}}],"collection":[{"href":"https:\/\/www.hydraulic-cylinders.net\/fi\/wp-json\/wp\/v2\/product"}],"about":[{"href":"https:\/\/www.hydraulic-cylinders.net\/fi\/wp-json\/wp\/v2\/types\/product"}],"replies":[{"embeddable":true,"href":"https:\/\/www.hydraulic-cylinders.net\/fi\/wp-json\/wp\/v2\/comments?post=16478"}],"wp:featuredmedia":[{"embeddable":true,"href":"https:\/\/www.hydraulic-cylinders.net\/fi\/wp-json\/wp\/v2\/media\/14779"}],"wp:attachment":[{"href":"https:\/\/www.hydraulic-cylinders.net\/fi\/wp-json\/wp\/v2\/media?parent=16478"}],"wp:term":[{"taxonomy":"product_brand","embeddable":true,"href":"https:\/\/www.hydraulic-cylinders.net\/fi\/wp-json\/wp\/v2\/product_brand?post=16478"},{"taxonomy":"product_cat","embeddable":true,"href":"https:\/\/www.hydraulic-cylinders.net\/fi\/wp-json\/wp\/v2\/product_cat?post=16478"},{"taxonomy":"product_tag","embeddable":true,"href":"https:\/\/www.hydraulic-cylinders.net\/fi\/wp-json\/wp\/v2\/product_tag?post=16478"}],"curies":[{"name":"wp","href":"https:\/\/api.w.org\/{rel}","templated":true}]}}