{"id":16553,"date":"2025-01-21T05:33:31","date_gmt":"2025-01-21T05:33:31","guid":{"rendered":"https:\/\/www.hydraulic-cylinders.net\/product\/arm-cylinder-for-jcm-middle-excavator-jcm921f\/"},"modified":"2025-01-21T05:33:32","modified_gmt":"2025-01-21T05:33:32","slug":"arm-cylinder-for-jcm-middle-excavator-jcm921f","status":"publish","type":"product","link":"https:\/\/www.hydraulic-cylinders.net\/fi\/tuote\/arm-cylinder-for-jcm-middle-excavator-jcm921f\/","title":{"rendered":"JCM-kaivukoneen JCM921F varren sylinteri"},"content":{"rendered":"<p>JCM-kaivukoneen JCM921F varren sylinteri<\/p>\n<p>Johdanto<br \/>\nVarren sylinteri on erityisesti suunniteltu hydraulisylinteri, jota k\u00e4ytet\u00e4\u00e4n lineaarisen liikkeen ja voiman tuottamiseen erilaisten koneiden, kuten kaivinkoneiden, nostureiden ja mekaanisten varsien, varsille. Varren sylinterill\u00e4 on keskeinen rooli hydraulij\u00e4rjestelm\u00e4ss\u00e4, sill\u00e4 se mahdollistaa lis\u00e4ty\u00f6kalujen tai lis\u00e4laitteiden tehokkaan liikkeen ja ohjauksen. N\u00e4m\u00e4 sylinterit eiv\u00e4t ainoastaan \u200b\u200btarjoa tasaista liikett\u00e4, vaan ne kest\u00e4v\u00e4t my\u00f6s raskaita kuormia varmistaen koneiden tehokkaan toiminnan ja luotettavuuden erilaisissa ty\u00f6olosuhteissa.<\/p>\n<p><img loading=\"lazy\" decoding=\"async\" src=\"https:\/\/www.hydraulic-cylinders.net\/wp-content\/uploads\/2025\/01\/songte-company-2.webp\" alt=\"Varren sylinteri\" width=\"400\" height=\"267\"><\/p>\n<p>M\u00e4\u00e4ritelm\u00e4 ja selitys<br \/>\nVarren sylinterit ovat olennainen osa raskaiden koneiden hydraulij\u00e4rjestelm\u00e4\u00e4. Ne on suunniteltu tarjoamaan lineaarista liikett\u00e4 ja voimaa erilaisten koneiden, kuten kaivinkoneiden, nostureiden ja mekaanisten varsien, varsille. Varren sylinteri vastaa lis\u00e4ty\u00f6kalujen tai lis\u00e4laitteiden sujuvasta liikkeest\u00e4 ja ohjauksesta, mik\u00e4 tekee niist\u00e4 v\u00e4ltt\u00e4m\u00e4tt\u00f6mi\u00e4 koneiden tehokkaalle toiminnalle ja luotettavuudelle. N\u00e4ill\u00e4 sylintereill\u00e4 on ratkaiseva rooli hydraulij\u00e4rjestelm\u00e4ss\u00e4, koska ne mahdollistavat lis\u00e4ty\u00f6kalujen tai lis\u00e4laitteiden, kuten kauhojen ja puomien, tehokkaan liikkeen ja ohjauksen. Varren sylinterit on valmistettu eritt\u00e4in lujista materiaaleista, mik\u00e4 varmistaa kest\u00e4vyyden ja luotettavuuden erilaisissa ty\u00f6olosuhteissa.<\/p>\n<p>Ominaisuudet<br \/>\nVarsi-sylintereill\u00e4 on seuraavat keskeiset ominaisuudet:<\/p>\n<h2>Tehokas vaihteisto<\/h2>\n<p>Varren sylinterit tarjoavat tehokkaan lineaarisen liikkeen ja voiman, mik\u00e4 varmistaa koneiston toiminnan korkean tehokkuuden.<\/p>\n<h2>Tarkka ohjaus<\/h2>\n<p>Varsisylinterit voivat saavuttaa tarkan liikkeenohjauksen hydraulij\u00e4rjestelm\u00e4n avulla, mik\u00e4 tekee lis\u00e4ty\u00f6kalujen k\u00e4yt\u00f6st\u00e4 joustavampaa ja tarkempaa.<\/p>\n<h2>Kest\u00e4vyys<\/h2>\n<p>Varsisylinterit on yleens\u00e4 valmistettu eritt\u00e4in lujista materiaaleista, mik\u00e4 tekee niist\u00e4 eritt\u00e4in kest\u00e4vi\u00e4 kulumista ja korroosiota vastaan \u200b\u200bja soveltuu pitk\u00e4aikaiseen k\u00e4ytt\u00f6\u00f6n ankarissa olosuhteissa.<\/p>\n<h2>Monitoiminnallinen sopeutumiskyky<\/h2>\n<p>N\u00e4it\u00e4 sylintereit\u00e4 k\u00e4ytet\u00e4\u00e4n laajalti erityyppisiss\u00e4 koneissa, kuten kaivinkoneissa, nostureissa ja mekaanisissa k\u00e4sivarsissa, ja ne mukautuvat erilaisiin ty\u00f6vaatimuksiin.<\/p>\n<h2>Helppo huolto<\/h2>\n<p>Varren sylinterit on suunniteltu helposti huollettaviksi ja vaihdettaviksi, mik\u00e4 tekee s\u00e4\u00e4nn\u00f6llisist\u00e4 tarkastuksista ja huollosta k\u00e4tev\u00e4mpi\u00e4 ja v\u00e4hent\u00e4\u00e4 laitteiden seisokkiaikaa.<\/p>\n<p>Voimme valmistaa t\u00e4t\u00e4 tuotetta, joka voi t\u00e4ydellisesti korvata n\u00e4m\u00e4 hydraulisylinterit.<\/p>\n<p><img loading=\"lazy\" decoding=\"async\" src=\"https:\/\/www.hydraulic-cylinders.net\/wp-content\/uploads\/2025\/01\/songte-oil-pipes-and-spare-parts.webp\" alt=\"Hydraulisylinterin osat\" width=\"400\" height=\"267\"><\/p>\n<p>Sovellukset<br \/>\nVarsisylintereill\u00e4 on laaja valikoima sovelluksia eri teollisuudenaloilla, kuten:<\/p>\n<h2>Rakennustekniikka<\/h2>\n<p>Kaivinkoneiden ja nostureiden kauhojen tai puomien liikett\u00e4 ohjataan kaivinkoneissa ja nostureissa, maanrakennust\u00f6iss\u00e4, materiaalink\u00e4sittelyss\u00e4 ja rakenteiden asennuksessa.<\/p>\n<h2>Valmistava teollisuus<\/h2>\n<p>Varsisylinterit ohjaavat mekaanisten varsien liikett\u00e4 automatisoiduilla tuotantolinjoilla kokoonpano-, hitsaus- ja k\u00e4sittelytoiminnoissa, mik\u00e4 parantaa tuotannon tehokkuutta ja tarkkuutta.<\/p>\n<h2>Maatalouskoneet<\/h2>\n<p>Varren sylinterit ohjaavat maatalouskoneiden, kuten puimureiden ja kylv\u00f6koneiden, k\u00e4ytt\u00f6vartta ja suorittavat teht\u00e4vi\u00e4, kuten istutusta, lannoitusta ja sadonkorjuuta.<\/p>\n<h2>Kaivosteollisuus<\/h2>\n<p>Kaivoslaitteiden varren sylinterit ohjaavat varren liikett\u00e4 kaivos- ja kuljetustoiminnoissa.<\/p>\n<h2>Logistiikka ja kuljetus<\/h2>\n<p>Varsisylinterit ohjaavat trukkien ja robottien lastink\u00e4sittelyhaarukoiden liikett\u00e4, toteuttaen materiaalien k\u00e4sittelyn ja pinoamisen.<\/p>\n<p>Suunnittelun\u00e4k\u00f6kohdat ja valintastandardit<br \/>\nVarsisylintereill\u00e4 on erityisi\u00e4 suunnittelun\u00e4k\u00f6kohtia ja valintastandardeja niiden optimaalisen suorituskyvyn varmistamiseksi, jotka ovat:<\/p>\n<h2>Kantavuus<\/h2>\n<p>Varsisylinterien on kyett\u00e4v\u00e4 kannattelemaan koneen aiheuttamaa kuormaa.<\/p>\n<h2>Tiivistys<\/h2>\n<p>Varsisylinterit tarvitsevat erilaisia \u200b\u200btiivisteit\u00e4, kuten m\u00e4nn\u00e4ntiivisteit\u00e4 ja varren tiivisteit\u00e4, vuotojen est\u00e4miseksi ja sylinterin tehokkaan toiminnan varmistamiseksi.<\/p>\n<h2>Kest\u00e4vyys<\/h2>\n<p>Varsisylinterien tulee olla valmistettu korkealaatuisista materiaaleista, mik\u00e4 varmistaa kest\u00e4vyyden ja luotettavuuden erilaisissa k\u00e4ytt\u00f6olosuhteissa.<\/p>\n<h2>Turvallisuus<\/h2>\n<p>Varsisylinterit tulee suunnitella turvallisuus mieless\u00e4 varmistaen, ett\u00e4 ne kest\u00e4v\u00e4t tarvittavat voimat ja est\u00e4v\u00e4t onnettomuudet.<\/p>\n<h2>Huolto<\/h2>\n<p>Varsisylinterien tulee olla helposti huollettavia ja vaihdettavia, mik\u00e4 mahdollistaa s\u00e4\u00e4nn\u00f6lliset tarkastukset ja huollon, mik\u00e4 v\u00e4hent\u00e4\u00e4 laitteiden seisokkiaikaa.<\/p>\n<p><img loading=\"lazy\" decoding=\"async\" src=\"https:\/\/www.hydraulic-cylinders.net\/wp-content\/uploads\/2025\/01\/songte-cylinder-head-with-all-kinds-excavator-models.webp\" alt=\"Sylinterikansi\" width=\"400\" height=\"267\"><\/p>\n<p>Tiivistys ja voitelu<br \/>\nVarsisylinterit vaativat erityyppisi\u00e4 tiivisteit\u00e4, kuten m\u00e4nn\u00e4ntiivisteit\u00e4 ja varren tiivisteit\u00e4, jotka on valmistettu kulutusta kest\u00e4vist\u00e4 materiaaleista, kuten polyuretaanista ja nitriilikumista, vuotojen est\u00e4miseksi ja sylinterin tehokkaan toiminnan varmistamiseksi. Sylinterin runko ja kierrepinta tulee viimeistell\u00e4 tarkasti kulutuskest\u00e4vyyden parantamiseksi, ja s\u00e4\u00e4nn\u00f6llinen voitelu sopivalla m\u00e4\u00e4r\u00e4ll\u00e4 hydrauli\u00f6ljy\u00e4 on tarpeen.<\/p>\n<p>Huolto ja ennaltaehk\u00e4isev\u00e4t toimenpiteet<br \/>\nS\u00e4\u00e4nn\u00f6lliset huoltotarkastukset ja ennaltaehk\u00e4isev\u00e4t toimenpiteet ovat v\u00e4ltt\u00e4m\u00e4tt\u00f6mi\u00e4 varsivarsien sylintereiden optimaalisen suorituskyvyn varmistamiseksi. Ennaltaehk\u00e4iseviin toimenpiteisiin kuuluvat:<\/p>\n<h2>S\u00e4\u00e4nn\u00f6llinen tarkastus<\/h2>\n<p>Sylinterin tarkastus vuotojen, vaurioiden ja kulumisen varalta sek\u00e4 kuluneiden osien vaihto.<\/p>\n<h2>Puhdistus<\/h2>\n<p>Pid\u00e4 sylinteri puhtaana, jotta p\u00f6ly, lika ja muut ep\u00e4puhtaudet eiv\u00e4t vaikuta sen suorituskykyyn.<\/p>\n<h2>Voitelu<\/h2>\n<p>Voitele sylinteri s\u00e4\u00e4nn\u00f6llisesti sopivalla m\u00e4\u00e4r\u00e4ll\u00e4 hydrauli\u00f6ljy\u00e4 kulumisen est\u00e4miseksi ja sen k\u00e4ytt\u00f6i\u00e4n pident\u00e4miseksi.<\/p>\n<h2>Oikea s\u00e4ilytys<\/h2>\n<p>S\u00e4ilyt\u00e4 sylinteri\u00e4 kuivassa ja viile\u00e4ss\u00e4 paikassa ruosteen ja muiden vaurioiden est\u00e4miseksi.<\/p>\n<h2>Osien vaihto<\/h2>\n<p>Kuluneiden osien, kuten tiivisteiden ja m\u00e4ntien, vaihtaminen sylinterin tehokkaan toiminnan varmistamiseksi.<\/p>\n<p><img loading=\"lazy\" decoding=\"async\" src=\"https:\/\/www.hydraulic-cylinders.net\/wp-content\/uploads\/2025\/01\/songte-chushion-collar.webp\" alt=\"Tyynykaulus\" width=\"400\" height=\"267\"><\/p>\n<p>Asennusopas<br \/>\nVarsi-sylinterien asennus vaatii tiettyj\u00e4 vaiheita optimaalisen suorituskyvyn varmistamiseksi, jotka ovat:<\/p>\n<h2>Valmistelu<\/h2>\n<p>Valmistele tarvittavat ty\u00f6kalut, suojavarusteet ja sylinteri.<\/p>\n<h2>Tarkastus<\/h2>\n<p>Tarkista sylinteri mahdollisten vaurioiden tai vikojen varalta ennen asennusta.<\/p>\n<h2>Purkaminen<\/h2>\n<p>Pura vanha sylinteri ja poista se koneesta.<\/p>\n<h2>Asennus<\/h2>\n<p>Asenna uusi sylinterinvarsi valmistajan ohjeiden mukaisesti.<\/p>\n<h2>Testaus<\/h2>\n<p>Testaa uuden varren sylinterin toiminta ja vuodot.<\/p>\n<p>Turvallisuus- ja ymp\u00e4rist\u00f6n\u00e4k\u00f6kohdat<br \/>\nVarsisylinterit vaativat erityisi\u00e4 turvatoimenpiteit\u00e4 onnettomuuksien est\u00e4miseksi k\u00e4yt\u00f6n aikana. Turvatoimenpiteisiin kuuluvat:<\/p>\n<h2>Oikea koulutus<\/h2>\n<p>K\u00e4ytt\u00e4j\u00e4t on koulutettava asianmukaisesti, jotta he ymm\u00e4rt\u00e4v\u00e4t laitteiston ja sen turvallisen k\u00e4yt\u00f6n.<\/p>\n<h2>S\u00e4\u00e4nn\u00f6llinen huolto<\/h2>\n<p>S\u00e4\u00e4nn\u00f6lliset huoltotarkastukset sylinterin optimaalisen suorituskyvyn varmistamiseksi ja onnettomuuksien ehk\u00e4isemiseksi.<\/p>\n<h2>Ymp\u00e4rist\u00f6nsuojelu<\/h2>\n<p>Hydrauli\u00f6ljyn ja muiden varsisylintereiden k\u00e4yt\u00f6ss\u00e4 k\u00e4ytettyjen vaarallisten aineiden asianmukainen h\u00e4vitt\u00e4minen ymp\u00e4rist\u00f6n suojelemiseksi.<\/p>\n<p>Vianm\u00e4\u00e4ritys ja yleiset ongelmat<br \/>\nVarsi-sylintereiss\u00e4 voi olla useita yleisi\u00e4 ongelmia, kuten vuotoja, vaurioita ja kulumista. N\u00e4iden ongelmien diagnosoimiseksi ja ratkaisemiseksi noudata seuraavia ohjeita:<\/p>\n<h2>Vuoto<\/h2>\n<p>Vuoto voi johtua kuluneista tiivisteist\u00e4. Vaihda tiivisteet ongelman ratkaisemiseksi.<\/p>\n<h2>Vahingoittaa<\/h2>\n<p>Vaurioita voi synty\u00e4 virheellisen k\u00e4yt\u00f6n tai ulkoisten tekij\u00f6iden vuoksi. Tarkasta sylinteri ja vaihda vaurioituneet osat.<\/p>\n<h2>K\u00e4ytt\u00e4\u00e4<\/h2>\n<p>Kulumista voi esiinty\u00e4 pitk\u00e4aikaisen k\u00e4yt\u00f6n seurauksena. S\u00e4\u00e4nn\u00f6llinen huolto ja kuluneiden osien vaihtaminen voivat est\u00e4\u00e4 kulumista.<\/p>\n<p><img loading=\"lazy\" decoding=\"async\" src=\"https:\/\/www.hydraulic-cylinders.net\/wp-content\/uploads\/2025\/01\/songte-bushings-with-all-kinds-of-excavator-models.webp\" alt=\"Holkit\" width=\"400\" height=\"267\"><\/p>\n<p>Vianm\u00e4\u00e4ritys ja ennaltaehk\u00e4isy<br \/>\nYleisten ongelmien v\u00e4ltt\u00e4miseksi ryhdy seuraaviin toimenpiteisiin:<\/p>\n<h2>S\u00e4\u00e4nn\u00f6lliset huoltotarkastukset<\/h2>\n<p>S\u00e4\u00e4nn\u00f6lliset huoltotarkastukset kulumisen ja vaurioiden est\u00e4miseksi.<\/p>\n<h2>Oikea koulutus<\/h2>\n<p>K\u00e4ytt\u00e4j\u00e4t saavat asianmukaista koulutusta koneiden optimaalisen toiminnan varmistamiseksi.<\/p>\n<h2>Asianmukainen voitelu<\/h2>\n<p>Asianmukainen voitelu kulumisen est\u00e4miseksi ja sylinterin k\u00e4ytt\u00f6i\u00e4n pident\u00e4miseksi.<\/p>\n<h2>Kuluneiden osien vaihto<\/h2>\n<p>Kuluneiden osien vaihtaminen sylinterin tehokkaan toiminnan varmistamiseksi.<\/p>\n<p>Johtop\u00e4\u00e4t\u00f6s<br \/>\nOlemme ammattimainen hydraulisten sylinterien valmistaja, jolla on laaja tuotevalikoima. Olemme yksi johtavista hydraulisten sylinterien valmistajista ja tukkumyyjist\u00e4 maailmanlaajuisesti. Noudatamme erinomaisuuden periaatetta laadussa ja parannamme jatkuvasti teknisi\u00e4 valmiuksiamme ja tuotantotehokkuuttamme. Ottamalla k\u00e4ytt\u00f6\u00f6n huippuluokan digitaalisia valmistuslaitteita ja ammattimaisia \u200b\u200btestausj\u00e4rjestelmi\u00e4, optimoimme valmistusymp\u00e4rist\u00f6\u00e4mme ja parannamme tuotteidemme laadunvalvontaprosessia. Tavoitteenamme on vastata asiakkaidemme monipuolisiin tarpeisiin korkean tehokkuuden, tarkkuuden ja korkean laadun periaatteiden mukaisesti.<\/p>\n<p><img loading=\"lazy\" decoding=\"async\" src=\"https:\/\/www.hydraulic-cylinders.net\/wp-content\/uploads\/2025\/01\/songte-company-4.webp\" alt=\"Yritys\" width=\"400\" height=\"267\"><\/p>\n<p>Olemme yritys, joka arvostaa ammattitaitoa, kansainv\u00e4list\u00e4 sertifiointia, r\u00e4\u00e4t\u00e4l\u00f6ityj\u00e4 palveluita, tuotantolaitteita ja j\u00e4lkimarkkinointipalvelua. <\/p>\n<p><img loading=\"lazy\" decoding=\"async\" src=\"https:\/\/www.hydraulic-cylinders.net\/wp-content\/uploads\/2025\/01\/songte-company-3.webp\" alt=\"Tehdas\" width=\"400\" height=\"267\"><\/p>\n<p>Kirjoittaja: lyl<\/p>","protected":false},"excerpt":{"rendered":"<p>Arm Cylinder for JCM Middle Excavator JCM921F Introduction Arm cylinder is a specially designed hydraulic cylinder used to provide linear motion and power to the arms of various types of machinery such as excavators, cranes, and mechanical arms. The arm cylinder plays a key role in the hydraulic system, enabling the effective movement and control [&hellip;]<\/p>","protected":false},"featured_media":14766,"comment_status":"open","ping_status":"closed","template":"","meta":{"_et_pb_use_builder":"","_et_pb_old_content":"","_et_gb_content_width":""},"product_brand":[],"product_cat":[1497],"product_tag":[1498,1496],"class_list":{"0":"post-16553","1":"product","2":"type-product","3":"status-publish","4":"has-post-thumbnail","6":"product_cat-arm-cylinders","7":"product_tag-arm-cylinders","8":"product_tag-hydraulic-cylinders","10":"first","11":"instock","12":"shipping-taxable","13":"product-type-simple"},"amp_enabled":true,"_links":{"self":[{"href":"https:\/\/www.hydraulic-cylinders.net\/fi\/wp-json\/wp\/v2\/product\/16553","targetHints":{"allow":["GET"]}}],"collection":[{"href":"https:\/\/www.hydraulic-cylinders.net\/fi\/wp-json\/wp\/v2\/product"}],"about":[{"href":"https:\/\/www.hydraulic-cylinders.net\/fi\/wp-json\/wp\/v2\/types\/product"}],"replies":[{"embeddable":true,"href":"https:\/\/www.hydraulic-cylinders.net\/fi\/wp-json\/wp\/v2\/comments?post=16553"}],"wp:featuredmedia":[{"embeddable":true,"href":"https:\/\/www.hydraulic-cylinders.net\/fi\/wp-json\/wp\/v2\/media\/14766"}],"wp:attachment":[{"href":"https:\/\/www.hydraulic-cylinders.net\/fi\/wp-json\/wp\/v2\/media?parent=16553"}],"wp:term":[{"taxonomy":"product_brand","embeddable":true,"href":"https:\/\/www.hydraulic-cylinders.net\/fi\/wp-json\/wp\/v2\/product_brand?post=16553"},{"taxonomy":"product_cat","embeddable":true,"href":"https:\/\/www.hydraulic-cylinders.net\/fi\/wp-json\/wp\/v2\/product_cat?post=16553"},{"taxonomy":"product_tag","embeddable":true,"href":"https:\/\/www.hydraulic-cylinders.net\/fi\/wp-json\/wp\/v2\/product_tag?post=16553"}],"curies":[{"name":"wp","href":"https:\/\/api.w.org\/{rel}","templated":true}]}}