{"id":16624,"date":"2025-01-21T05:38:41","date_gmt":"2025-01-21T05:38:41","guid":{"rendered":"https:\/\/www.hydraulic-cylinders.net\/product\/arm-cylinder-for-bobcat-small-excavator-e85\/"},"modified":"2025-01-21T05:38:43","modified_gmt":"2025-01-21T05:38:43","slug":"arm-cylinder-for-bobcat-small-excavator-e85","status":"publish","type":"product","link":"https:\/\/www.hydraulic-cylinders.net\/fi\/tuote\/arm-cylinder-for-bobcat-small-excavator-e85\/","title":{"rendered":"Bobcat E85 -kaivukoneen varren sylinteri"},"content":{"rendered":"<h2>Bobcat E85 -kaivukoneen varren sylinteri<\/h2>\n<h3>Johdanto<\/h3>\n<p>Varren sylinteri, joka tunnetaan my\u00f6s hydraulisylinterin\u00e4, on erityisesti suunniteltu hydraulinen toimilaite, jota k\u00e4ytet\u00e4\u00e4n lineaarisen liikkeen ja voiman tuottamiseen erilaisten koneiden, kuten kaivinkoneiden, nostureiden ja robottivarsien, varsille. Varren sylinterill\u00e4 on ratkaiseva rooli hydraulij\u00e4rjestelmiss\u00e4, sill\u00e4 se mahdollistaa lis\u00e4laitteiden tai lis\u00e4varusteiden liikkeen ja ohjauksen. N\u00e4m\u00e4 sylinterit eiv\u00e4t ainoastaan \u200b\u200btarjoa tasaista liikett\u00e4, vaan ne kest\u00e4v\u00e4t my\u00f6s raskaita kuormia varmistaen koneiden tehokkaan toiminnan ja luotettavuuden erilaisissa k\u00e4ytt\u00f6olosuhteissa.<\/p>\n<p><img decoding=\"async\" src=\"https:\/\/www.hydraulic-cylinders.net\/wp-content\/uploads\/2025\/01\/songte-company-2.webp\" alt=\"Varren sylinterin kuva\" \/><\/p>\n<h3>Ominaisuudet<\/h3>\n<ul>\n<li><strong>Tehokas voimansiirto:<\/strong> Varren sylinteri voi tarjota tehokkaan lineaarisen liikkeen ja voiman, mik\u00e4 varmistaa koneen varren korkean hy\u00f6tysuhteen erilaisten toimintojen aikana.<\/li>\n<li><strong>Tarkka ohjaus:<\/strong> Hydraulisten j\u00e4rjestelmien avulla varren sylinteri voi saavuttaa tarkan liikkeenohjauksen, mik\u00e4 tekee kiinnitettyjen ty\u00f6kalujen k\u00e4yt\u00f6st\u00e4 joustavampaa ja tarkempaa.<\/li>\n<li><strong>Kest\u00e4v\u00e4:<\/strong> Varsisylinterit on tyypillisesti valmistettu eritt\u00e4in lujista materiaaleista, ja niill\u00e4 on hyv\u00e4 kulutus- ja korroosionkest\u00e4vyys, mink\u00e4 ansiosta ne soveltuvat pitk\u00e4aikaiseen k\u00e4ytt\u00f6\u00f6n ankarissa olosuhteissa.<\/li>\n<li><strong>Monitoiminnallinen sopeutumiskyky:<\/strong> N\u00e4it\u00e4 sylintereit\u00e4 voidaan k\u00e4ytt\u00e4\u00e4 laajalti erilaisissa mekaanisissa laitteissa, kuten kaivinkoneissa, nostureissa ja robottivarsissa, ja ne mukautuvat erilaisiin ty\u00f6vaatimuksiin.<\/li>\n<li><strong>Helppo huolto:<\/strong> Suunniteltu helppoon huoltoon ja vaihtoon, s\u00e4\u00e4nn\u00f6llinen tarkastus ja huolto ovat k\u00e4tev\u00e4mpi\u00e4, mik\u00e4 v\u00e4hent\u00e4\u00e4 laitteiden seisokkiaikaa.<\/li>\n<\/ul>\n<p>Pystymme valmistamaan t\u00e4t\u00e4 tuotetta ja tarjoamaan t\u00e4ydellisen korvaavan tuotteen n\u00e4ille hydraulisylintereille.<\/p>\n<p><img decoding=\"async\" src=\"https:\/\/www.hydraulic-cylinders.net\/wp-content\/uploads\/2025\/01\/songte-oil-pipes-and-spare-parts.webp\" alt=\"Hydraulisylinterin osien kuva\" \/><\/p>\n<h3>Hakemus<\/h3>\n<p>Varsisylintereill\u00e4 on monipuolisia sovelluksia eri teollisuudenaloilla:<\/p>\n<ul>\n<li><strong>Rakennustekniikka:<\/strong> Kaivinkoneissa ja nostureissa k\u00e4ytet\u00e4\u00e4n varsisylintereit\u00e4 kauhojen tai puomien liikkeen ohjaamiseen maanrakennuksessa, materiaalink\u00e4sittelyss\u00e4 ja rakenteellisissa asennuksissa.<\/li>\n<li><strong>Valmistus:<\/strong> Automatisoiduilla tuotantolinjoilla varsisylintereit\u00e4 k\u00e4ytet\u00e4\u00e4n robottik\u00e4sivarsien liikuttamiseen kokoonpano-, hitsaus- ja k\u00e4sittelyprosessien aikana tuotannon tehokkuuden ja tarkkuuden parantamiseksi.<\/li>\n<li><strong>Maatalouskoneet:<\/strong> Varren sylinterit ohjaavat maatalouskoneiden, kuten puimureiden ja kylv\u00f6koneiden, k\u00e4ytt\u00f6varsien liikett\u00e4 ja suorittavat teht\u00e4vi\u00e4, kuten istutusta, lannoitusta ja sadonkorjuuta.<\/li>\n<li><strong>Kaivostoiminta:<\/strong> Kaivoslaitteissa k\u00e4ytet\u00e4\u00e4n varren sylintereit\u00e4 kaivoslaitteiden varren liikkeen ohjaamiseen mineraalien louhinnassa ja kuljetuksessa.<\/li>\n<li><strong>Logistiikka ja kuljetus:<\/strong> Trukeissa ja robottien k\u00e4sittelyss\u00e4 varren sylinterit ohjaavat haarukoiden nostamista ja liikett\u00e4 materiaalink\u00e4sittelyss\u00e4 ja pinoamisessa.<\/li>\n<\/ul>\n<h3>Suunnittelun\u00e4k\u00f6kohdat ja valintakriteerit<\/h3>\n<p>Suunnittelun n\u00e4k\u00f6kulmasta on otettava huomioon seuraavat kriteerit:<\/p>\n<ul>\n<li><strong>Kantavuus:<\/strong> Hydraulisylinterit on suunniteltava kest\u00e4m\u00e4\u00e4n koneiden k\u00e4ytt\u00f6kuormia.<\/li>\n<li><strong>Tiivistys:<\/strong> Hydraulisylinterit on tiivistett\u00e4v\u00e4 kunnolla vuotojen est\u00e4miseksi ja paineen yll\u00e4pit\u00e4miseksi.<\/li>\n<li><strong>Kest\u00e4vyys:<\/strong> Hydraulisylinterien tulee olla valmistettu materiaaleista, jotka kest\u00e4v\u00e4t kulutusta ja korroosiota.<\/li>\n<li><strong>Turvallisuus:<\/strong> Hydraulisylinterit on suunniteltava est\u00e4m\u00e4\u00e4n onnettomuudet ja varmistamaan henkil\u00f6st\u00f6n ja laitteiden turvallisuus.<\/li>\n<li><strong>Yll\u00e4pidett\u00e4vyys:<\/strong> Hydraulisylinterit tulisi suunnitella siten, ett\u00e4 osien huolto ja vaihto on helppoa, mik\u00e4 v\u00e4hent\u00e4\u00e4 seisokkiaikoja.<\/li>\n<\/ul>\n<p><img decoding=\"async\" src=\"https:\/\/www.hydraulic-cylinders.net\/wp-content\/uploads\/2025\/01\/songte-cylinder-head-with-all-kinds-excavator-models.webp\" alt=\"Sylinterikannen kuva\" \/><\/p>\n<h3>Tiivistys ja voitelu<\/h3>\n<p>Hydraulisylintereiss\u00e4 k\u00e4ytet\u00e4\u00e4n erilaisia \u200b\u200btiivistekomponentteja, kuten m\u00e4nn\u00e4ntiivisteit\u00e4 ja varren tiivisteit\u00e4. N\u00e4m\u00e4 tiivisteet on valmistettu kulutusta kest\u00e4vist\u00e4 materiaaleista, kuten polyuretaanista ja nitriilikumista. Sylinterin runko ja kierteiden p\u00e4\u00e4typinta on hienok\u00e4sitelty kulutuskest\u00e4vyyden parantamiseksi. S\u00e4\u00e4nn\u00f6llinen voitelu sopivalla m\u00e4\u00e4r\u00e4ll\u00e4 hydrauli\u00f6ljy\u00e4 on my\u00f6s tarpeen moitteettoman toiminnan yll\u00e4pit\u00e4miseksi.<\/p>\n<h3>Tarkastus- ja ennaltaehk\u00e4isev\u00e4t huoltotoimenpiteet<\/h3>\n<p>S\u00e4\u00e4nn\u00f6lliset tarkastukset ja ennaltaehk\u00e4isev\u00e4t huoltotoimenpiteet ovat v\u00e4ltt\u00e4m\u00e4tt\u00f6mi\u00e4 hydraulisylinterien moitteettoman toiminnan varmistamiseksi. Seuraavat toimenpiteet on toteutettava:<\/p>\n<ul>\n<li><strong>Sylinterirungon, m\u00e4nn\u00e4nvarren ja tiivisteiden s\u00e4\u00e4nn\u00f6llinen tarkastus:<\/strong> T\u00e4m\u00e4 varmistaa, ett\u00e4 hydraulisylinteri on hyv\u00e4ss\u00e4 kunnossa ja mahdolliset ongelmat havaitaan ajoissa.<\/li>\n<li><strong>Kuluneiden tiivisteiden vaihto:<\/strong> T\u00e4m\u00e4 est\u00e4\u00e4 vuodot ja yll\u00e4pit\u00e4\u00e4 hydraulipainetta.<\/li>\n<li><strong>S\u00e4\u00e4nn\u00f6llinen voitelu:<\/strong> T\u00e4m\u00e4 varmistaa hydraulisylinterin moitteettoman toiminnan ja pident\u00e4\u00e4 sen k\u00e4ytt\u00f6ik\u00e4\u00e4.<\/li>\n<\/ul>\n<p>N\u00e4m\u00e4 toimenpiteet voivat auttaa v\u00e4hent\u00e4m\u00e4\u00e4n ongelmien esiintymist\u00e4 ja pident\u00e4m\u00e4\u00e4n hydraulisylinterien k\u00e4ytt\u00f6ik\u00e4\u00e4.<\/p>\n<p><img decoding=\"async\" src=\"https:\/\/www.hydraulic-cylinders.net\/wp-content\/uploads\/2025\/01\/songte-chushion-collar.webp\" alt=\"Tyynykauluksen kuva\" \/><\/p>\n<h3>Asennusopas<\/h3>\n<p>Oikea asennus on ratkaisevan t\u00e4rke\u00e4\u00e4 hydraulisylinterien moitteettoman toiminnan kannalta. Seuraavat vaiheet on suoritettava:<\/p>\n<ul>\n<li><strong>Puhdista asennuspinta:<\/strong> T\u00e4m\u00e4 varmistaa, ettei asennukseen kerry likaa tai roskia, jotka voisivat vaikuttaa siihen.<\/li>\n<li><strong>Asenna sylinteri:<\/strong> Varmista, ett\u00e4 sylinteri on asennettu oikein telineeseen ja kiinnitetty hydraulij\u00e4rjestelm\u00e4\u00e4n.<\/li>\n<li><strong>Tarkista tiivisteet:<\/strong> Varmista, ett\u00e4 tiivisteet on asennettu oikein ja ett\u00e4 ne ovat hyv\u00e4ss\u00e4 kunnossa.<\/li>\n<li><strong>Voitele:<\/strong> Voitele sylinteri valmistajan ohjeiden mukaisesti.<\/li>\n<li><strong>Tarkista toiminta:<\/strong> Tarkista sylinterin toiminta varmistaaksesi, ett\u00e4 se toimii oikein.<\/li>\n<\/ul>\n<p><img decoding=\"async\" src=\"https:\/\/www.hydraulic-cylinders.net\/wp-content\/uploads\/2025\/01\/songte-bushings-with-all-kinds-of-excavator-models.webp\" alt=\"Holkit Kuva\" \/><\/p>\n<h3>Turvallisuusn\u00e4k\u00f6kohdat ja ymp\u00e4rist\u00f6tekij\u00e4t<\/h3>\n<p>Hydraulisylinterien k\u00e4ytt\u00f6 edellytt\u00e4\u00e4 turvallisuuss\u00e4\u00e4nt\u00f6jen ja -m\u00e4\u00e4r\u00e4ysten noudattamista. Turvallisuustoimenpiteit\u00e4, kuten asianmukaista koulutusta, s\u00e4\u00e4nn\u00f6llisi\u00e4 tarkastuksia ja ennaltaehk\u00e4isev\u00e4\u00e4 huoltoa, tulisi toteuttaa onnettomuusriskin v\u00e4hent\u00e4miseksi. My\u00f6s ymp\u00e4rist\u00f6tekij\u00e4t, kuten l\u00e4mp\u00f6tila ja kosteus, on otettava huomioon, koska ne voivat vaikuttaa hydraulisylinterien suorituskykyyn.<\/p>\n<h3>Vianm\u00e4\u00e4ritys ja yleiset ongelmat<\/h3>\n<p>Joitakin yleisi\u00e4 hydraulisylintereiss\u00e4 esiintyvi\u00e4 ongelmia ovat vuoto, riitt\u00e4m\u00e4t\u00f6n paine ja sylinterin ajautuminen. N\u00e4iden ongelmien ratkaisemiseksi tulisi harkita seuraavia vinkkej\u00e4 ja ratkaisuja:<\/p>\n<ul>\n<li><strong>Vuoto:<\/strong> Vuoto voi johtua vaurioituneista tiivisteist\u00e4 tai liitosten riitt\u00e4m\u00e4tt\u00f6m\u00e4st\u00e4 kirist\u00e4misest\u00e4. Vaihda tiivisteet tai kirist\u00e4 liitosia tarpeen mukaan.<\/li>\n<li><strong>Riitt\u00e4m\u00e4t\u00f6n paine:<\/strong> Riitt\u00e4m\u00e4t\u00f6n paine voi johtua toimintah\u00e4iri\u00f6isest\u00e4 pumpusta tai tukkeutuneista suodattimista. Tarkista pumppu ja suodattimet ja puhdista tai vaihda ne tarvittaessa.<\/li>\n<li><strong>Sylinterin ajautuminen:<\/strong> Sylinterin ajautumista voi tapahtua alhaisen hydraulipaineen tai vaurioituneen m\u00e4nn\u00e4ntiivisteen vuoksi. Tarkista hydraulipaine ja vaihda m\u00e4nn\u00e4ntiiviste tarvittaessa.<\/li>\n<\/ul>\n<p>Ennaltaehk\u00e4isev\u00e4t toimenpiteet, kuten s\u00e4\u00e4nn\u00f6llinen tarkastus ja huolto, voivat my\u00f6s auttaa v\u00e4hent\u00e4m\u00e4\u00e4n n\u00e4iden ongelmien esiintymist\u00e4.<\/p>\n<p><img decoding=\"async\" src=\"https:\/\/www.hydraulic-cylinders.net\/wp-content\/uploads\/2025\/01\/songte-company-4.webp\" alt=\"Yrityksen imago\" \/><\/p>\n<h3>Tietoa meist\u00e4<\/h3>\n<p>Olemme ammattimainen hydraulisten sylinterien valmistaja, jolla on laaja tuotevalikoima. Olemme yksi johtavista hydraulisten sylinterien valmistajista ja tukkumyyjist\u00e4 kotimaisilla ja kansainv\u00e4lisill\u00e4 markkinoilla. Noudatamme aina erinomaisen laadun periaatetta, luotamme teollistettuihin tuotannonohjausstrategioihin hienoissa valmistuspajoissa ja parannamme jatkuvasti teknist\u00e4 tasoamme ja tuotantotehokkuuttamme. Ottamalla k\u00e4ytt\u00f6\u00f6n huippuluokan digitaalisia valmistuslaitteita ja ammattimaisia \u200b\u200btestausj\u00e4rjestelmi\u00e4, optimoimme jatkuvasti valmistusymp\u00e4rist\u00f6\u00e4mme, parannamme tuotteidemme laadunvalvontaprosesseja ja meill\u00e4 on vahvat innovaatiokyvyt. Tavoitteenamme on tyydytt\u00e4\u00e4 asiakkaiden monipuoliset tarpeet korkealla tehokkuudella, tarkkuudella ja korkealla laadulla.<\/p>\n<p>Tarjoamme asiakkaillemme ammattitaitoa, kansainv\u00e4list\u00e4 sertifiointia, r\u00e4\u00e4t\u00e4l\u00f6ityj\u00e4 palveluita, tuotantolaitteita ja j\u00e4lkimarkkinointipalveluita.<\/p>\n<p><img decoding=\"async\" src=\"https:\/\/www.hydraulic-cylinders.net\/wp-content\/uploads\/2025\/01\/songte-company-3.webp\" alt=\"Yrityksen imago\" \/><\/p>\n<p>Kirjoittaja: lyl<\/p>","protected":false},"excerpt":{"rendered":"<p>Arm Cylinder For Bobcat Small Excavator E85 Introduction The arm cylinder, also known as hydraulic cylinder, is a specially designed hydraulic actuator used to provide linear motion and power to the arms of various machinery such as excavators, cranes and robotic arms. The arm cylinder plays a critical role in hydraulic systems, enabling the movement [&hellip;]<\/p>","protected":false},"featured_media":14763,"comment_status":"open","ping_status":"closed","template":"","meta":{"_et_pb_use_builder":"","_et_pb_old_content":"","_et_gb_content_width":""},"product_brand":[],"product_cat":[1497],"product_tag":[1498,1496],"class_list":{"0":"post-16624","1":"product","2":"type-product","3":"status-publish","4":"has-post-thumbnail","6":"product_cat-arm-cylinders","7":"product_tag-arm-cylinders","8":"product_tag-hydraulic-cylinders","10":"first","11":"instock","12":"shipping-taxable","13":"product-type-simple"},"amp_enabled":true,"_links":{"self":[{"href":"https:\/\/www.hydraulic-cylinders.net\/fi\/wp-json\/wp\/v2\/product\/16624","targetHints":{"allow":["GET"]}}],"collection":[{"href":"https:\/\/www.hydraulic-cylinders.net\/fi\/wp-json\/wp\/v2\/product"}],"about":[{"href":"https:\/\/www.hydraulic-cylinders.net\/fi\/wp-json\/wp\/v2\/types\/product"}],"replies":[{"embeddable":true,"href":"https:\/\/www.hydraulic-cylinders.net\/fi\/wp-json\/wp\/v2\/comments?post=16624"}],"wp:featuredmedia":[{"embeddable":true,"href":"https:\/\/www.hydraulic-cylinders.net\/fi\/wp-json\/wp\/v2\/media\/14763"}],"wp:attachment":[{"href":"https:\/\/www.hydraulic-cylinders.net\/fi\/wp-json\/wp\/v2\/media?parent=16624"}],"wp:term":[{"taxonomy":"product_brand","embeddable":true,"href":"https:\/\/www.hydraulic-cylinders.net\/fi\/wp-json\/wp\/v2\/product_brand?post=16624"},{"taxonomy":"product_cat","embeddable":true,"href":"https:\/\/www.hydraulic-cylinders.net\/fi\/wp-json\/wp\/v2\/product_cat?post=16624"},{"taxonomy":"product_tag","embeddable":true,"href":"https:\/\/www.hydraulic-cylinders.net\/fi\/wp-json\/wp\/v2\/product_tag?post=16624"}],"curies":[{"name":"wp","href":"https:\/\/api.w.org\/{rel}","templated":true}]}}