{"id":16668,"date":"2025-01-21T05:45:39","date_gmt":"2025-01-21T05:45:39","guid":{"rendered":"https:\/\/www.hydraulic-cylinders.net\/product\/arm-cylinder-for-world-small-excavator-w265-8\/"},"modified":"2025-01-21T05:45:41","modified_gmt":"2025-01-21T05:45:41","slug":"arm-cylinder-for-world-small-excavator-w265-8","status":"publish","type":"product","link":"https:\/\/www.hydraulic-cylinders.net\/fi\/tuote\/arm-cylinder-for-world-small-excavator-w265-8\/","title":{"rendered":"Varren sylinteri World Small Excavator W265-8 -kaivukoneeseen"},"content":{"rendered":"<p>Varren sylinteri World Small Excavator W265-8 -kaivukoneeseen<\/p>\n<p>Varren sylinteri on erityisesti suunniteltu hydraulisylinteri, jota k\u00e4ytet\u00e4\u00e4n p\u00e4\u00e4asiassa lineaarisen liikkeen ja voiman tarjoamiseen erilaisille koneiden varsille, kuten kaivinkoneille, nostureille ja manipulaattoreille. Varren sylinterill\u00e4 on ratkaiseva rooli hydraulij\u00e4rjestelm\u00e4ss\u00e4, sill\u00e4 se mahdollistaa lis\u00e4ty\u00f6kalujen tai lis\u00e4laitteiden tehokkaan liikkumisen ja ohjaamisen. N\u00e4m\u00e4 sylinterit eiv\u00e4t ainoastaan \u200b\u200bsaavuta tasaisia \u200b\u200bliikkeit\u00e4, vaan ne kest\u00e4v\u00e4t my\u00f6s raskaita kuormia varmistaen koneiden tehokkaan toiminnan ja luotettavuuden erilaisissa k\u00e4ytt\u00f6olosuhteissa.<\/p>\n<p><img decoding=\"async\" src=\"https:\/\/www.hydraulic-cylinders.net\/wp-content\/uploads\/2025\/01\/songte-company-2.webp\"><\/p>\n<p>Ominaisuudet:<\/p>\n<p>1. Tehokas voimansiirto: Varren sylinteri voi tarjota tehokkaan lineaarisen liikkeen ja voiman, mik\u00e4 varmistaa mekaanisen varren tehokkaan suorituskyvyn erilaisissa toiminnoissa.<\/p>\n<p>2. Tarkka ohjaus: Hydraulij\u00e4rjestelm\u00e4n avulla varren sylinteri voi saavuttaa tarkan liikkeenohjauksen, mik\u00e4 tekee lis\u00e4ty\u00f6kalujen k\u00e4yt\u00f6st\u00e4 joustavampaa ja tarkempaa.<\/p>\n<p>3. Vahva kest\u00e4vyys: Varsisylinterit on yleens\u00e4 valmistettu eritt\u00e4in lujista materiaaleista, joilla on hyv\u00e4 kulutuskest\u00e4vyys ja korroosionkest\u00e4vyys, ja ne soveltuvat pitk\u00e4aikaiseen k\u00e4ytt\u00f6\u00f6n ankarissa olosuhteissa.<\/p>\n<p>4. Monitoiminnallinen sopeutumiskyky: N\u00e4it\u00e4 sylintereit\u00e4 voidaan k\u00e4ytt\u00e4\u00e4 laajalti erilaisissa mekaanisissa laitteissa, kuten kaivinkoneissa, nostureissa ja manipulaattoreissa, mukautumaan erilaisiin ty\u00f6vaatimuksiin.<\/p>\n<p>5. Helppo huolto: Suunnittelussa on otettu huomioon helppo huolto ja vaihto, mik\u00e4 helpottaa s\u00e4\u00e4nn\u00f6llisten tarkastusten ja huollon suorittamista ja v\u00e4hent\u00e4\u00e4 laitteiden seisokkiaikaa.<\/p>\n<p>Voimme tuottaa t\u00e4t\u00e4 tuotetta, ja tuotteemme voi t\u00e4ydellisesti korvata n\u00e4m\u00e4 hydraulisylinterit.<\/p>\n<p><img decoding=\"async\" src=\"https:\/\/www.hydraulic-cylinders.net\/wp-content\/uploads\/2025\/01\/songte-oil-pipes-and-spare-parts.webp\"><\/p>\n<p>Sovellukset:<\/p>\n<p>1. Rakennustekniikka: Kaivinkoneissa ja nostureissa varren sylinteri\u00e4 k\u00e4ytet\u00e4\u00e4n kaivurin tai nostovarren liikkeen ohjaamiseen maanrakennuksessa, materiaalink\u00e4sittelyss\u00e4 ja rakenteellisissa asennuksissa.<\/p>\n<p>2. Valmistus: Automatisoiduilla tuotantolinjoilla varren sylinteri\u00e4 k\u00e4ytet\u00e4\u00e4n manipulaattoreiden liikkeeseen, kokoonpanoon, hitsaukseen ja k\u00e4sittelyprosesseihin, mik\u00e4 parantaa tuotannon tehokkuutta ja tarkkuutta.<\/p>\n<p>3. Maatalouskoneet: Maatalouskoneissa, kuten puimureissa ja istutuskoneissa, puomin sylinteri ohjaa k\u00e4ytt\u00f6varren liikett\u00e4 ja suorittaa teht\u00e4vi\u00e4, kuten istutusta, lannoitusta ja sadonkorjuuta.<\/p>\n<p>4. Kaivostoiminta: Kaivoslaitteissa varren sylinteri\u00e4 k\u00e4ytet\u00e4\u00e4n kaivoslaitteiden varren liikkeen ohjaamiseen malmin louhinnassa ja k\u00e4sittelyss\u00e4.<\/p>\n<p>5. Logistiikka ja kuljetus: Trukeissa ja robottien k\u00e4sittelyss\u00e4 varren sylinteri\u00e4 k\u00e4ytet\u00e4\u00e4n haarukoiden nostamisen ja liikkeen ohjaamiseen, mik\u00e4 mahdollistaa materiaalien k\u00e4sittelyn ja pinoamisen.<\/p>\n<p>Suunnittelun\u00e4k\u00f6kohdat ja valintastandardit:<\/p>\n<p>1. Kantavuus: Varren sylinterin on oltava riitt\u00e4v\u00e4n kantokykyinen kannattelemaan varren ja lis\u00e4ty\u00f6kalujen tai lis\u00e4laitteiden painoa.<\/p>\n<p>2. Tiivistys: K\u00e4yt\u00f6n aikana k\u00e4ytet\u00e4\u00e4n erilaisia \u200b\u200btiivistyselementtej\u00e4, kuten m\u00e4nn\u00e4ntiivisteit\u00e4 ja varren tiivisteit\u00e4, jotta nesteenpaine ei h\u00e4vi\u00e4. Tiivistyselementit on valmistettu kulutusta kest\u00e4vist\u00e4 materiaaleista, kuten polyuretaanista ja nitriilikumista.<\/p>\n<p>3. Kest\u00e4vyys: Sylinterin runko ja kierteitetty p\u00e4\u00e4typinta on huolellisesti k\u00e4sitelty kulutuskest\u00e4vyyden parantamiseksi.<\/p>\n<p>4. Turvallisuus: Varren sylinteriss\u00e4 on oltava turvalaitteet, kuten varoventtiilit ja ylikuormitussuoja, jotta v\u00e4ltet\u00e4\u00e4n liiallisen paineen tai ylikuormituksen aiheuttamat onnettomuudet.<\/p>\n<p>5. Yll\u00e4pidett\u00e4vyys: Varren sylinterin suunnittelussa tulee ottaa huomioon osien huollon ja vaihdon helppous seisokkiaikojen v\u00e4hent\u00e4miseksi.<\/p>\n<p><img decoding=\"async\" src=\"https:\/\/www.hydraulic-cylinders.net\/wp-content\/uploads\/2025\/01\/songte-cylinder-head-with-all-kinds-excavator-models.webp\"><\/p>\n<p>Tiivistys ja voitelu:<\/p>\n<p>Erilaisia \u200b\u200btiiviste-elementtej\u00e4, kuten m\u00e4nn\u00e4ntiivisteit\u00e4 ja varren tiivisteit\u00e4, k\u00e4ytet\u00e4\u00e4n varmistamaan, ett\u00e4 nesteenpaine ei h\u00e4vi\u00e4 k\u00e4yt\u00f6n aikana. Tiivisteet on valmistettu kulutusta kest\u00e4vist\u00e4 materiaaleista, kuten polyuretaanista ja nitriilikumista. Sylinterin runko ja kierteitetty p\u00e4\u00e4typinta on huolellisesti k\u00e4sitelty kulutuskest\u00e4vyyden parantamiseksi. Voitelua varten on tarpeen lis\u00e4t\u00e4 s\u00e4\u00e4nn\u00f6llisesti sopivaa hydrauliikka\u00f6ljy\u00e4.<\/p>\n<p>S\u00e4\u00e4nn\u00f6llinen tarkastus ja ennaltaehk\u00e4isev\u00e4 huolto:<\/p>\n<p>1. Varren sylinterin s\u00e4\u00e4nn\u00f6llinen tarkastus ja huolto voivat pident\u00e4\u00e4 sen k\u00e4ytt\u00f6ik\u00e4\u00e4 ja varmistaa sen luotettavan toiminnan.<\/p>\n<p>2. Tarkista s\u00e4\u00e4nn\u00f6llisesti varren sylinterin tiivistys ja voitelu ja vaihda kuluneet tiivisteet ja lis\u00e4\u00e4 voitelu\u00f6ljy\u00e4 ajoissa.<\/p>\n<p>3. Tarkista turvalaitteet, kuten varoventtiilit ja ylikuormitussuoja, varmistaaksesi niiden normaalin toiminnan.<\/p>\n<p>4. Tarkista s\u00e4\u00e4nn\u00f6llisesti sylinterirungon ja kierteitetyn p\u00e4\u00e4typinnan ulkoinen kuluminen ja vaihda ne ajoissa, jos kuluminen on liiallista.<\/p>\n<p>5. Tarkista, ovatko pultit ja mutterit l\u00f6ys\u00e4ll\u00e4, ja kirist\u00e4 niit\u00e4 tarvittaessa.<\/p>\n<p>Asennusopas:<\/p>\n<p>1. Puhdista asennuspinta sek\u00e4 sylinterin runko ja kierteitetty p\u00e4\u00e4typinta ennen asennusta.<\/p>\n<p>2. Asenna varren sylinteri asennuskaavion mukaisesti ja kirist\u00e4 pultit tasaisesti.<\/p>\n<p>3. Liit\u00e4 hydrauliputki ja pikaliitin oikein.<\/p>\n<p>4. Lis\u00e4\u00e4 sopivaa hydrauliikka\u00f6ljy\u00e4 ja testaa puomin sylinterin toiminta.<\/p>\n<p><img decoding=\"async\" src=\"https:\/\/www.hydraulic-cylinders.net\/wp-content\/uploads\/2025\/01\/songte-bushings-with-all-kinds-of-excavator-models.webp\"><\/p>\n<p>Turvallisuusn\u00e4k\u00f6kohdat ja ymp\u00e4rist\u00f6tekij\u00e4t:<\/p>\n<p>On t\u00e4rke\u00e4\u00e4 noudattaa turvallisuusohjeita varren sylinteri\u00e4 k\u00e4ytett\u00e4ess\u00e4, kuten k\u00e4ytt\u00e4\u00e4 henkil\u00f6nsuojaimia ja v\u00e4ltt\u00e4\u00e4 hydraulinesteen ruiskutusvammoja. Ymp\u00e4rist\u00f6tekij\u00e4t, kuten l\u00e4mp\u00f6tila, kosteus ja p\u00f6ly, voivat vaikuttaa varren sylinterin suorituskykyyn, ja ne on otettava huomioon.<\/p>\n<p>Vianm\u00e4\u00e4ritys ja yleiset ongelmat:<\/p>\n<p>1. Puomin sylinteri ei liiku: Tarkista, onko hydrauliikka\u00f6ljy\u00e4 riitt\u00e4v\u00e4sti ja onko putkisto tukossa.<\/p>\n<p>2. Puomisylinterin liike on hidas: Tarkista, onko hydrauliikka\u00f6ljyn viskositeetti liian korkea ja ovatko tiivisteet kuluneet.<\/p>\n<p>3. Hydrauli\u00f6ljyn vuoto: Tarkista, ovatko tiivisteet vaurioituneet tai liitos l\u00f6ys\u00e4ll\u00e4.<\/p>\n<p>4. Ep\u00e4normaali \u00e4\u00e4ni: Tarkista, ovatko m\u00e4nt\u00e4 ja sylinteri kuluneet tai vaurioituneet.<\/p>\n<p>5. Ylikuumeneminen: Tarkista, onko hydrauliikka\u00f6ljyn viskositeetti liian korkea vai onko j\u00e4\u00e4hdytysj\u00e4rjestelm\u00e4 normaali.<\/p>\n<p>Ennaltaehk\u00e4isev\u00e4t toimenpiteet:<\/p>\n<p>1. Tarkista ja vaihda tiiviste-elementit s\u00e4\u00e4nn\u00f6llisesti ja varmista sylinterirungon ja kierteitetyn p\u00e4\u00e4typinnan riitt\u00e4v\u00e4 voitelu.<\/p>\n<p>2. V\u00e4lt\u00e4 ylikuormitusta ja liiallista painetta ja tarkista turvalaitteet s\u00e4\u00e4nn\u00f6llisesti.<\/p>\n<p>3. Puhdista hydrauliikka\u00f6ljy s\u00e4\u00e4nn\u00f6llisesti ja vaihda se ajoissa.<\/p>\n<p>4. Tarkista s\u00e4\u00e4nn\u00f6llisesti sylinterirungon ja kierteitetyn p\u00e4\u00e4typinnan ulkoinen kuluminen ja vaihda ne ajoissa, jos kuluminen on liiallista.<\/p>\n<p>5. Tarkasta hydrauliikkaputki ja liitos s\u00e4\u00e4nn\u00f6llisesti ja kirist\u00e4 tai vaihda ne ajoissa, jos ongelmia ilmenee.<\/p>\n<p>We are a professional alternative hydraulic cylinder manufacturer with a wide range of products and have become one of the leading hydraulic cylinder manufacturers and wholesale distributors in domestic and international markets. We always adhere to the principle of excellent quality, rely on industrialized production management strategies in a sophisticated manufacturing workshop, continuously improve our technical level and production efficiency. Through the introduction of high-end digital manufacturing equipment and professional testing systems, we continuously optimize the manufacturing platform, improve the product quality control process, and have strong innovation capabilities. Our goal is to meet customers&#8217; diverse needs based on the principles of efficiency, precision, and high quality.<\/p>\n<p>Yrityksellemme on ominaista ammattitaito, kansainv\u00e4liset sertifikaatit, r\u00e4\u00e4t\u00e4l\u00f6idyt palvelut, tuotantolaitteet ja j\u00e4lkimarkkinointipalvelut.<\/p>\n<p><img decoding=\"async\" src=\"https:\/\/www.hydraulic-cylinders.net\/wp-content\/uploads\/2025\/01\/songte-company-4.webp\"><\/p>\n<p><img decoding=\"async\" src=\"https:\/\/www.hydraulic-cylinders.net\/wp-content\/uploads\/2025\/01\/songte-company-3.webp\"><\/p>\n<p>Kirjoittaja: lyl.<\/p>","protected":false},"excerpt":{"rendered":"<p>Arm Cylinder For World Small Excavator W265-8 Arm cylinder is a specially designed hydraulic cylinder that is mainly used to provide linear motion and power for various machinery arms, such as excavators, cranes, and manipulators. The arm cylinder plays a critical role in the hydraulic system, allowing additional tools or attachments to move and control [&hellip;]<\/p>","protected":false},"featured_media":14783,"comment_status":"open","ping_status":"closed","template":"","meta":{"_et_pb_use_builder":"","_et_pb_old_content":"","_et_gb_content_width":""},"product_brand":[],"product_cat":[1497],"product_tag":[1498,1496],"class_list":{"0":"post-16668","1":"product","2":"type-product","3":"status-publish","4":"has-post-thumbnail","6":"product_cat-arm-cylinders","7":"product_tag-arm-cylinders","8":"product_tag-hydraulic-cylinders","10":"first","11":"instock","12":"shipping-taxable","13":"product-type-simple"},"amp_enabled":true,"_links":{"self":[{"href":"https:\/\/www.hydraulic-cylinders.net\/fi\/wp-json\/wp\/v2\/product\/16668","targetHints":{"allow":["GET"]}}],"collection":[{"href":"https:\/\/www.hydraulic-cylinders.net\/fi\/wp-json\/wp\/v2\/product"}],"about":[{"href":"https:\/\/www.hydraulic-cylinders.net\/fi\/wp-json\/wp\/v2\/types\/product"}],"replies":[{"embeddable":true,"href":"https:\/\/www.hydraulic-cylinders.net\/fi\/wp-json\/wp\/v2\/comments?post=16668"}],"wp:featuredmedia":[{"embeddable":true,"href":"https:\/\/www.hydraulic-cylinders.net\/fi\/wp-json\/wp\/v2\/media\/14783"}],"wp:attachment":[{"href":"https:\/\/www.hydraulic-cylinders.net\/fi\/wp-json\/wp\/v2\/media?parent=16668"}],"wp:term":[{"taxonomy":"product_brand","embeddable":true,"href":"https:\/\/www.hydraulic-cylinders.net\/fi\/wp-json\/wp\/v2\/product_brand?post=16668"},{"taxonomy":"product_cat","embeddable":true,"href":"https:\/\/www.hydraulic-cylinders.net\/fi\/wp-json\/wp\/v2\/product_cat?post=16668"},{"taxonomy":"product_tag","embeddable":true,"href":"https:\/\/www.hydraulic-cylinders.net\/fi\/wp-json\/wp\/v2\/product_tag?post=16668"}],"curies":[{"name":"wp","href":"https:\/\/api.w.org\/{rel}","templated":true}]}}