{"id":16674,"date":"2025-01-21T05:46:02","date_gmt":"2025-01-21T05:46:02","guid":{"rendered":"https:\/\/www.hydraulic-cylinders.net\/product\/arm-cylinder-for-world-middle-excavator-w2245dlc-8\/"},"modified":"2025-01-21T05:46:07","modified_gmt":"2025-01-21T05:46:07","slug":"arm-cylinder-for-world-middle-excavator-w2245dlc-8","status":"publish","type":"product","link":"https:\/\/www.hydraulic-cylinders.net\/fi\/tuote\/arm-cylinder-for-world-middle-excavator-w2245dlc-8\/","title":{"rendered":"Varren sylinteri World Middle -kaivukoneelle W2245DLC-8"},"content":{"rendered":"<p>Varren sylinteri World Middle -kaivukoneelle W2245DLC-8<\/p>\n<p>Varren sylinteri on erityisesti suunniteltu hydraulisylinteri, joka tarjoaa lineaarista liikett\u00e4 ja voimaa erilaisten koneiden, kuten kaivinkoneiden, nostureiden ja robottivarsien, varrelle. Varren sylintereill\u00e4 on ratkaiseva rooli hydraulij\u00e4rjestelmiss\u00e4, sill\u00e4 ne mahdollistavat lis\u00e4laitteiden ja lis\u00e4varusteiden tehokkaan liikkeen ja hallinnan. N\u00e4m\u00e4 sylinterit eiv\u00e4t ainoastaan \u200b\u200btarjoa tasaista liikett\u00e4, vaan ne kest\u00e4v\u00e4t my\u00f6s raskaita kuormia varmistaen koneiden tehokkaan toiminnan ja luotettavuuden erilaisissa ty\u00f6olosuhteissa.<\/p>\n<p><img decoding=\"async\" src=\"https:\/\/www.hydraulic-cylinders.net\/wp-content\/uploads\/2025\/01\/songte-company-2.webp\"><\/p>\n<p>Ominaisuudet:<br \/>\n1. Tehokas voimansiirto: Varren sylinteri tarjoaa tehokkaan lineaarisen liikkeen ja voiman, mik\u00e4 varmistaa koneen varsien tehokkaan suorituskyvyn erilaisissa toiminnoissa.<br \/>\n2. Tarkka ohjaus: Hydraulisten j\u00e4rjestelmien avulla varren sylinteri voi saavuttaa tarkan liikkeenohjauksen, mik\u00e4 tekee lis\u00e4laitteiden k\u00e4yt\u00f6st\u00e4 joustavampaa ja tarkempaa.<br \/>\n3. Vahva kest\u00e4vyys: Varsisylinterit on yleens\u00e4 valmistettu eritt\u00e4in lujista materiaaleista, joilla on hyv\u00e4 kulutuskest\u00e4vyys ja korroosionkest\u00e4vyys, jotka soveltuvat pitk\u00e4aikaiseen k\u00e4ytt\u00f6\u00f6n ankarissa olosuhteissa.<br \/>\n4. Monitoiminnallinen mukautuvuus: N\u00e4it\u00e4 sylintereit\u00e4 voidaan k\u00e4ytt\u00e4\u00e4 laajalti erityyppisiss\u00e4 koneissa, kuten kaivinkoneissa, nostureissa ja robottik\u00e4sivarsissa, mukautuen erilaisiin ty\u00f6vaatimuksiin.<br \/>\n5. Helppo huolto: Suunnittelussa on otettu huomioon helppo huolto ja vaihto, mik\u00e4 tekee s\u00e4\u00e4nn\u00f6llisist\u00e4 tarkastuksista ja huollosta k\u00e4tev\u00e4mp\u00e4\u00e4 ja v\u00e4hent\u00e4\u00e4 laitteiden seisokkiaikaa.<\/p>\n<p>Tuotteemme voi t\u00e4ydellisesti korvata n\u00e4m\u00e4 hydraulisylinterit.<\/p>\n<p><img decoding=\"async\" src=\"https:\/\/www.hydraulic-cylinders.net\/wp-content\/uploads\/2025\/01\/songte-oil-pipes-and-spare-parts.webp\"><\/p>\n<p>Sovellukset:<br \/>\n1. Rakennustekniikka: Kaivinkoneiden ja nostureiden kauhan tai puomin liikkeen ohjaamiseen k\u00e4ytet\u00e4\u00e4n kaivinkoneiden ja nostureiden kaivut\u00f6it\u00e4, materiaalink\u00e4sittely\u00e4 ja rakenteiden asennusta varten.<br \/>\n2. Valmistus: Varsisylintereit\u00e4 k\u00e4ytet\u00e4\u00e4n robottivarsien liikuttamiseen automatisoiduilla tuotantolinjoilla kokoonpano-, hitsaus- ja k\u00e4sittelyprosesseissa, mik\u00e4 parantaa tuotannon tehokkuutta ja tarkkuutta.<br \/>\n3. Maatalouskoneet: Varren sylinterit ohjaavat k\u00e4ytt\u00f6varren liikett\u00e4 maatalouskoneissa, kuten puimureissa ja istutuskoneissa, ja suorittavat teht\u00e4vi\u00e4, kuten istutusta, lannoitusta ja sadonkorjuuta.<br \/>\n4. Kaivostoiminta: Varsisylintereit\u00e4 k\u00e4ytet\u00e4\u00e4n kaivoslaitteiden varren liikkeen ohjaamiseen, malmien louhinnan ja kuljetuksen suorittamiseen.<br \/>\n5. Logistiikka ja kuljetus: Varsisylintereit\u00e4 k\u00e4ytet\u00e4\u00e4n haarukoiden nostamisen ja liikkeen ohjaamiseen trukeissa ja robottien k\u00e4sittelyss\u00e4, mik\u00e4 mahdollistaa materiaalien k\u00e4sittelyn ja pinoamisen.<\/p>\n<p>Suunnittelun\u00e4k\u00f6kohdat ja valintakriteerit:<br \/>\n1. Kantavuus: Sylinterin on kestett\u00e4v\u00e4 raskaita kuormia ja oltava riitt\u00e4v\u00e4n luja muodonmuutosten tai rikkoutumisen v\u00e4ltt\u00e4miseksi.<br \/>\n2. Tiivistys: Erilaisia \u200b\u200btiivistyskomponentteja, kuten m\u00e4nn\u00e4ntiivisteit\u00e4 ja varren tiivisteit\u00e4, k\u00e4ytet\u00e4\u00e4n vuotojen est\u00e4miseksi ja sylinterin luotettavan toiminnan varmistamiseksi.<br \/>\n3. Kest\u00e4vyys: Sylinterirungossa ja m\u00e4nn\u00e4nvarressa k\u00e4ytet\u00e4\u00e4n yleens\u00e4 eritt\u00e4in lujia materiaaleja hyv\u00e4n kulutuskest\u00e4vyyden ja korroosionkest\u00e4vyyden varmistamiseksi.<br \/>\n4. Turvallisuus: Turvallisuusominaisuuksia, kuten ylipainesuojausta, py\u00f6rimisenestomekanismia ja h\u00e4t\u00e4pys\u00e4ytysmekanismia, on harkittava turvallisen k\u00e4yt\u00f6n varmistamiseksi.<br \/>\n5. Yll\u00e4pidett\u00e4vyys: Sylinterin suunnittelussa tulisi ottaa huomioon komponenttien helppo huolto ja vaihto, mik\u00e4 v\u00e4hent\u00e4\u00e4 seisokkiaikoja ja yll\u00e4pitokustannuksia.<\/p>\n<p><img decoding=\"async\" src=\"https:\/\/www.hydraulic-cylinders.net\/wp-content\/uploads\/2025\/01\/songte-cylinder-head-with-all-kinds-excavator-models.webp\"><\/p>\n<p>Tiivistys ja voitelu:<br \/>\nErilaisia \u200b\u200btiivistekomponentteja, kuten m\u00e4nn\u00e4ntiivisteit\u00e4 ja varren tiivisteit\u00e4, k\u00e4ytet\u00e4\u00e4n vuotojen est\u00e4miseksi ja sylinterin luotettavan toiminnan varmistamiseksi. Tiivisteet on valmistettu kulutusta kest\u00e4vist\u00e4 materiaaleista, kuten polyuretaanista ja nitriilikumista. Sylinterin runko ja kierteitetyt p\u00e4\u00e4typinnat on hienok\u00e4sitelty kulutuskest\u00e4vyyden parantamiseksi. Voitelua varten on lis\u00e4tt\u00e4v\u00e4 s\u00e4\u00e4nn\u00f6llisesti sopivaa hydrauliikka\u00f6ljy\u00e4.<\/p>\n<p>S\u00e4\u00e4nn\u00f6lliset tarkastukset ja ennaltaehk\u00e4isev\u00e4t huoltotoimenpiteet:<br \/>\n1. Tarkista s\u00e4\u00e4nn\u00f6llisesti sylinterin runko, m\u00e4nn\u00e4nvarsi ja tiivistekomponentit kulumisen, vaurioiden ja vuotojen varalta.<br \/>\n2. Vaihda kuluneet tai vaurioituneet tiivisteet ja muut osat s\u00e4\u00e4nn\u00f6llisesti vuotojen ja vikojen v\u00e4ltt\u00e4miseksi.<br \/>\n3. Lis\u00e4\u00e4 s\u00e4\u00e4nn\u00f6llisesti sopivaa hydrauli\u00f6ljy\u00e4 voiteluun sylinterin suorituskyvyn yll\u00e4pit\u00e4miseksi.<br \/>\n4. Puhdista ja huolla sylinteri ja hydrauliikkaj\u00e4rjestelm\u00e4 s\u00e4\u00e4nn\u00f6llisesti kontaminaation ja korroosion est\u00e4miseksi.<\/p>\n<p>Oikeat tuotteen asennusohjeet:<br \/>\n1. Tarkista sylinterin malli ja asennuspaikka ennen asennusta.<br \/>\n2. Asenna sylinteri laitevalmistajan ohjeiden ja vaatimusten mukaisesti.<br \/>\n3. Liit\u00e4 hydrauliikka\u00f6ljyputket ja -liittimet oikein ja tukevasti.<br \/>\n4. Tarkista sylinterin suorituskyky asennuksen j\u00e4lkeen varmistaaksesi sen oikean toiminnan.<\/p>\n<p><img decoding=\"async\" src=\"https:\/\/www.hydraulic-cylinders.net\/wp-content\/uploads\/2025\/01\/songte-bushings-with-all-kinds-of-excavator-models.webp\"><\/p>\n<p>Turvallisuusn\u00e4k\u00f6kohdat ja ymp\u00e4rist\u00f6tekij\u00e4t:<br \/>\nTurvallisuustoimenpiteit\u00e4, kuten ylipainesuojausta, py\u00f6rimisenestomekanismia ja h\u00e4t\u00e4pys\u00e4ytysmekanismia, on harkittava turvallisen k\u00e4yt\u00f6n varmistamiseksi. Ymp\u00e4rist\u00f6tekij\u00e4t, kuten l\u00e4mp\u00f6tila, kosteus ja ep\u00e4puhtaudet, on otettava huomioon sylinterin luotettavan ja tehokkaan toiminnan varmistamiseksi.<\/p>\n<p>Vianm\u00e4\u00e4ritys ja yleisimm\u00e4t ongelmat:<br \/>\n1. Vuoto: Sylinteri voi vuotaa kuluneiden tai vaurioituneiden tiivisteiden, l\u00f6ysien liitosten tai vaurioituneen sylinterin rungon tai m\u00e4nn\u00e4nvarren vuoksi.<br \/>\n2. Ylikuumeneminen: Sylinteri voi ylikuumentua riitt\u00e4m\u00e4tt\u00f6m\u00e4n voitelun, liiallisen kuormituksen tai hydrauliikka\u00f6ljyn ep\u00e4puhtauksien vuoksi.<br \/>\n3. Hidas liike: Sylinteri voi liikkua hitaasti riitt\u00e4m\u00e4tt\u00f6m\u00e4n hydrauli\u00f6ljyn sy\u00f6t\u00f6n, kuluneiden tai vaurioituneiden tiivisteiden tai liiallisen kuormituksen vuoksi.<br \/>\n4. Melu: Sylinteri voi tuottaa melua liian suuren paineen, l\u00f6ysien liitosten tai vaurioituneiden osien vuoksi.<\/p>\n<p>Viank\u00e4sittelyvinkkej\u00e4 ja ratkaisuja:<br \/>\n1. Vuoto: Vaihda kuluneet tai vaurioituneet tiivisteet, kirist\u00e4 l\u00f6ys\u00e4t liitokset tai korjaa tai vaihda vaurioitunut sylinterirunko tai m\u00e4nn\u00e4nvarsi.<br \/>\n2. Ylikuumeneminen: Lis\u00e4\u00e4 sopivaa hydrauli\u00f6ljy\u00e4 voiteluun, v\u00e4henn\u00e4 kuormitusta tai vaihda likaantunut hydrauli\u00f6ljy.<br \/>\n3. Hidas liike: Lis\u00e4\u00e4 riitt\u00e4v\u00e4sti hydrauliikka\u00f6ljy\u00e4, vaihda kuluneet tai vaurioituneet tiivisteet tai v\u00e4henn\u00e4 kuormaa.<br \/>\n4. Melu: V\u00e4henn\u00e4 painetta, kirist\u00e4 liitokset tai korjaa tai vaihda vaurioituneet osat.<\/p>\n<p><img decoding=\"async\" src=\"https:\/\/www.hydraulic-cylinders.net\/wp-content\/uploads\/2025\/01\/songte-chushion-collar.webp\"><\/p>\n<p>Olemme ammattimainen vaihtoehtoisten hydraulisylinterien valmistaja, jolla on laaja tuotevalikoima, ja olemme nousseet yhdeksi johtavista hydraulisylinterien valmistajista ja tukkumyyjist\u00e4 kotimaisilla ja kansainv\u00e4lisill\u00e4 markkinoilla. Noudatamme aina erinomaisen laadun periaatetta ja luotamme hienostuneen valmistuspajan teollistettuun tuotannonohjausstrategiaan parantaaksemme jatkuvasti teknist\u00e4 tasoamme ja tuotantotehokkuuttamme. Ottamalla k\u00e4ytt\u00f6\u00f6n huippuluokan digitaalisia valmistuslaitteita ja ammattimaisia \u200b\u200btestausj\u00e4rjestelmi\u00e4 optimoimme jatkuvasti valmistusalustaa, parannamme tuotteiden laadunvalvontaprosessia ja meill\u00e4 on vahvat innovatiiviset kyvyt. Tavoitteenamme on tyydytt\u00e4\u00e4 asiakkaiden monipuoliset tarpeet korkean tehokkuuden, tarkkuuden ja korkean laadun periaatteilla.<\/p>\n<p>Yrityksemme painottaa ammattitaitoa, kansainv\u00e4list\u00e4 sertifiointia, r\u00e4\u00e4t\u00e4l\u00f6ityj\u00e4 palveluita, tuotantolaitteita ja huoltopalvelua.<\/p>\n<p><img decoding=\"async\" src=\"https:\/\/www.hydraulic-cylinders.net\/wp-content\/uploads\/2025\/01\/songte-company-4.webp\"><br \/>\n<img decoding=\"async\" src=\"https:\/\/www.hydraulic-cylinders.net\/wp-content\/uploads\/2025\/01\/songte-company-3.webp\"><\/p>\n<p>Kirjoittaja: lyl<\/p>","protected":false},"excerpt":{"rendered":"<p>Arm Cylinder For World Middle Excavator W2245DLC-8 Arm cylinder is a specially designed hydraulic cylinder that provides linear motion and power to the arm of various types of machinery such as excavators, cranes, and robotic arms. Arm cylinders play a crucial role in hydraulic systems, allowing for effective movement and control of attachments and accessories. [&hellip;]<\/p>","protected":false},"featured_media":14766,"comment_status":"open","ping_status":"closed","template":"","meta":{"_et_pb_use_builder":"","_et_pb_old_content":"","_et_gb_content_width":""},"product_brand":[],"product_cat":[1497],"product_tag":[1498,1496],"class_list":{"0":"post-16674","1":"product","2":"type-product","3":"status-publish","4":"has-post-thumbnail","6":"product_cat-arm-cylinders","7":"product_tag-arm-cylinders","8":"product_tag-hydraulic-cylinders","10":"first","11":"instock","12":"shipping-taxable","13":"product-type-simple"},"amp_enabled":true,"_links":{"self":[{"href":"https:\/\/www.hydraulic-cylinders.net\/fi\/wp-json\/wp\/v2\/product\/16674","targetHints":{"allow":["GET"]}}],"collection":[{"href":"https:\/\/www.hydraulic-cylinders.net\/fi\/wp-json\/wp\/v2\/product"}],"about":[{"href":"https:\/\/www.hydraulic-cylinders.net\/fi\/wp-json\/wp\/v2\/types\/product"}],"replies":[{"embeddable":true,"href":"https:\/\/www.hydraulic-cylinders.net\/fi\/wp-json\/wp\/v2\/comments?post=16674"}],"wp:featuredmedia":[{"embeddable":true,"href":"https:\/\/www.hydraulic-cylinders.net\/fi\/wp-json\/wp\/v2\/media\/14766"}],"wp:attachment":[{"href":"https:\/\/www.hydraulic-cylinders.net\/fi\/wp-json\/wp\/v2\/media?parent=16674"}],"wp:term":[{"taxonomy":"product_brand","embeddable":true,"href":"https:\/\/www.hydraulic-cylinders.net\/fi\/wp-json\/wp\/v2\/product_brand?post=16674"},{"taxonomy":"product_cat","embeddable":true,"href":"https:\/\/www.hydraulic-cylinders.net\/fi\/wp-json\/wp\/v2\/product_cat?post=16674"},{"taxonomy":"product_tag","embeddable":true,"href":"https:\/\/www.hydraulic-cylinders.net\/fi\/wp-json\/wp\/v2\/product_tag?post=16674"}],"curies":[{"name":"wp","href":"https:\/\/api.w.org\/{rel}","templated":true}]}}