{"id":16682,"date":"2025-01-21T05:46:39","date_gmt":"2025-01-21T05:46:39","guid":{"rendered":"https:\/\/www.hydraulic-cylinders.net\/product\/arm-cylinder-for-jingong-crawler-excavator-jcm915-lc\/"},"modified":"2025-01-21T05:46:41","modified_gmt":"2025-01-21T05:46:41","slug":"arm-cylinder-for-jingong-crawler-excavator-jcm915-lc","status":"publish","type":"product","link":"https:\/\/www.hydraulic-cylinders.net\/fi\/tuote\/arm-cylinder-for-jingong-crawler-excavator-jcm915-lc\/","title":{"rendered":"Jingong-telakaivukoneen JCM915-LC varren sylinteri"},"content":{"rendered":"<h1>Jingong-telakaivukoneen JCM915-LC varren sylinteri<\/h1>\n<h2>Johdanto<\/h2>\n<p>Varren sylinteri on erityisesti suunniteltu hydraulisylinteri, jota k\u00e4ytet\u00e4\u00e4n ensisijaisesti lineaarisen liikkeen ja voiman tuottamiseen erilaisille koneen varsille, kuten kaivinkoneille, nostureille ja mekaanisille varsille. Varren sylinterill\u00e4 on ratkaiseva rooli hydraulij\u00e4rjestelm\u00e4ss\u00e4, sill\u00e4 se mahdollistaa lis\u00e4ty\u00f6kalujen tai lis\u00e4laitteiden tehokkaan liikkumisen ja ohjauksen. N\u00e4m\u00e4 sylinterit eiv\u00e4t ainoastaan \u200b\u200bsaavuta tasaista liikett\u00e4, vaan ne my\u00f6s kannattelevat raskaita kuormia varmistaen koneen tehokkaan toiminnan ja luotettavuuden erilaisissa ty\u00f6olosuhteissa.<\/p>\n<p><img decoding=\"async\" src=\"https:\/\/www.hydraulic-cylinders.net\/wp-content\/uploads\/2025\/01\/songte-company-2.webp\" alt=\"Varren sylinterin kuva\"><\/p>\n<h3>M\u00e4\u00e4ritelm\u00e4 ja selitys<\/h3>\n<p>Puomin sylinteri on olennainen osa mit\u00e4 tahansa hydraulij\u00e4rjestelm\u00e4\u00e4. Se on suunniteltu tarjoamaan lineaarista liikett\u00e4 ja voimaa koneiden, kuten kaivinkoneiden, nostureiden ja mekaanisten puomien, puomeille. Se mahdollistaa koneiden erilaisten teht\u00e4vien, kuten kaivamisen, nostamisen ja ohjaamisen, suorittamisen. Puomin sylinteri on valmistettu eritt\u00e4in lujista materiaaleista ja suunniteltu kest\u00e4m\u00e4\u00e4n ankaria ty\u00f6olosuhteita varmistaen koneiden tehokkaan ja luotettavan toiminnan. Sen monipuolisuus ja kest\u00e4vyys tekev\u00e4t siit\u00e4 ihanteellisen monenlaisiin sovelluksiin eri teollisuudenaloilla.<\/p>\n<h2>Ominaisuudet<\/h2>\n<ul>\n<li>\n<h3>Tehokas k\u00e4ytt\u00f6laite<\/h3>\n<p>Varren sylinteri tarjoaa tehokkaan lineaarisen liikkeen ja voiman, mik\u00e4 varmistaa koneen varsien korkean hy\u00f6tysuhteen erilaisten toimintojen aikana.<\/p>\n<\/li>\n<li>\n<h3>Tarkka ohjaus<\/h3>\n<p>Varren sylinteri voi saavuttaa tarkan liikkeenohjauksen hydraulij\u00e4rjestelm\u00e4n kautta, mik\u00e4 tekee kiinnitettyjen ty\u00f6kalujen k\u00e4yt\u00f6st\u00e4 joustavampaa ja tarkempaa.<\/p>\n<\/li>\n<li>\n<h3>Kest\u00e4vyys<\/h3>\n<p>Varren sylinteri on valmistettu eritt\u00e4in lujista materiaaleista, joilla on erinomainen kulutus- ja korroosionkest\u00e4vyys, joten se soveltuu pitk\u00e4aikaiseen k\u00e4ytt\u00f6\u00f6n vaativissa olosuhteissa.<\/p>\n<\/li>\n<li>\n<h3>Monitoiminnallinen sopeutumiskyky<\/h3>\n<p>Varren sylinteri\u00e4 voidaan k\u00e4ytt\u00e4\u00e4 laajasti erilaisissa mekaanisissa laitteissa, kuten kaivinkoneissa, nostureissa ja mekaanisissa varsissa, erilaisten ty\u00f6vaatimusten t\u00e4ytt\u00e4miseksi.<\/p>\n<\/li>\n<li>\n<h3>Helppo huolto<\/h3>\n<p>Varren sylinteri on suunniteltu helppoa huoltoa ja vaihtoa varten, mik\u00e4 tekee s\u00e4\u00e4nn\u00f6llisest\u00e4 tarkastuksesta ja huollosta k\u00e4tev\u00e4mp\u00e4\u00e4 ja v\u00e4hent\u00e4\u00e4 laitteiden seisokkiaikaa.<\/p>\n<\/li>\n<\/ul>\n<p>Voimme valmistaa t\u00e4t\u00e4 tuotetta, ja tuotteemme voivat korvata erilaisia \u200b\u200bhydraulisylintereit\u00e4.<\/p>\n<p><img decoding=\"async\" src=\"https:\/\/www.hydraulic-cylinders.net\/wp-content\/uploads\/2025\/01\/songte-oil-pipes-and-spare-parts.webp\" alt=\"Varaosien kuva\"><\/p>\n<h2>Sovellukset<\/h2>\n<p>Varsisylinteri\u00e4 k\u00e4ytet\u00e4\u00e4n laajalti useilla eri teollisuudenaloilla, mukaan lukien:<\/p>\n<ul>\n<li>\n<h3>Rakennustekniikka<\/h3>\n<p>Kaivinkoneiden ja nostureiden kaivurin tai puomin liikkeen ohjaamiseen kaivinkoneissa ja nostureissa, maanrakennuksessa, materiaalink\u00e4sittelyss\u00e4 ja rakenteellisissa asennuksissa.<\/p>\n<\/li>\n<li>\n<h3>Valmistus<\/h3>\n<p>Varren sylinteri ohjaa mekaanisen varren liikett\u00e4 automatisoiduilla tuotantolinjoilla ja suorittaa kokoonpano-, hitsaus- ja k\u00e4sittelyprosesseja tuotannon tehokkuuden ja tarkkuuden parantamiseksi.<\/p>\n<\/li>\n<li>\n<h3>Maatalouskoneet<\/h3>\n<p>Varren sylinteri ohjaa k\u00e4ytt\u00f6varren liikett\u00e4 maatalouskoneissa, kuten puimureissa ja istutuskoneissa, suorittaen teht\u00e4vi\u00e4, kuten kylv\u00f6\u00e4, lannoitusta ja sadonkorjuuta.<\/p>\n<\/li>\n<li>\n<h3>Kaivostoiminta<\/h3>\n<p>Varren sylinteri ohjaa varren liikett\u00e4 kaivoslaitteissa, kuten kaivoskoneissa, malmien louhintaan ja kuljetukseen.<\/p>\n<\/li>\n<li>\n<h3>Logistiikka ja kuljetus<\/h3>\n<p>Varren sylinteri ohjaa trukkien ja robottien lastink\u00e4sittelyhaarukan liikett\u00e4, mik\u00e4 mahdollistaa tavaroiden k\u00e4sittelyn ja pinoamisen.<\/p>\n<\/li>\n<\/ul>\n<h2>Suunnittelun\u00e4k\u00f6kohdat ja valintakriteerit<\/h2>\n<p>Varren sylinterin suunnitteluun ja valintaan liittyvi\u00e4 n\u00e4k\u00f6kohtia ovat:<\/p>\n<ul>\n<li>\n<h3>Kantavuus<\/h3>\n<p>Varren sylinterin kantavuuden tulee vastata koneen vaatimuksia erilaisissa k\u00e4ytt\u00f6olosuhteissa.<\/p>\n<\/li>\n<li>\n<h3>Tiivistyskyky<\/h3>\n<p>Varren sylinterin tiivistyskyky on elint\u00e4rke\u00e4 hydraulinesteen vuotojen est\u00e4miseksi ja sylinterin tehokkaan toiminnan varmistamiseksi.<\/p>\n<\/li>\n<li>\n<h3>Kest\u00e4vyys<\/h3>\n<p>Varren sylinterin tulee olla valmistettu eritt\u00e4in lujista materiaaleista, joilla on erinomainen kulutus- ja korroosionkest\u00e4vyys ja jotka soveltuvat pitk\u00e4aikaiseen k\u00e4ytt\u00f6\u00f6n ankarissa olosuhteissa.<\/p>\n<\/li>\n<li>\n<h3>Turvallisuus<\/h3>\n<p>Varren sylinterin tulee olla suunniteltu turvaominaisuuksilla, jotka est\u00e4v\u00e4t onnettomuudet k\u00e4yt\u00f6n aikana.<\/p>\n<\/li>\n<li>\n<h3>Yll\u00e4pidett\u00e4vyys<\/h3>\n<p>Varren sylinterin tulisi olla suunniteltu helposti huollettavaksi ja vaihdettavaksi laitteiden seisokkiaikojen minimoimiseksi.<\/p>\n<\/li>\n<\/ul>\n<p><img decoding=\"async\" src=\"https:\/\/www.hydraulic-cylinders.net\/wp-content\/uploads\/2025\/01\/songte-cylinder-head-with-all-kinds-excavator-models.webp\" alt=\"Sylinterikannen kuva\"><\/p>\n<h2>Tiivistys ja voitelu<\/h2>\n<p>Varren sylinteriss\u00e4 k\u00e4ytet\u00e4\u00e4n erilaisia \u200b\u200btiivistyskomponentteja, kuten m\u00e4nn\u00e4ntiivisteit\u00e4 ja varren tiivisteit\u00e4, jotka on valmistettu kulutusta kest\u00e4vist\u00e4 materiaaleista, kuten polyuretaanista ja nitriilikumista. Sylinterin runko ja kierteiden p\u00e4\u00e4typinta on k\u00e4sitelty kulutuskest\u00e4vyyden parantamiseksi. Varren sylinteri vaatii s\u00e4\u00e4nn\u00f6llist\u00e4 voitelua hydrauli\u00f6ljyll\u00e4 tehokkaan toimintansa yll\u00e4pit\u00e4miseksi. <\/p>\n<h2>Huolto ja vianm\u00e4\u00e4ritys<\/h2>\n<p>Varren sylinterin s\u00e4\u00e4nn\u00f6llinen tarkastus ja ennaltaehk\u00e4isev\u00e4 huolto on v\u00e4ltt\u00e4m\u00e4t\u00f6nt\u00e4 tehokkaan toiminnan varmistamiseksi ja odottamattomien vikojen est\u00e4miseksi. Yleisi\u00e4 varren sylinteriongelmia ovat:<\/p>\n<ul>\n<li>\n<h3>Vuoto<\/h3>\n<p>Vuoto voi johtua kuluneista tai vaurioituneista tiivisteist\u00e4 tai v\u00e4\u00e4rin kiristetyist\u00e4 liitoksista.<\/p>\n<\/li>\n<li>\n<h3>Ylikuumeneminen<\/h3>\n<p>Ylikuumeneminen voi johtua huonolaatuisesta hydrauliikka\u00f6ljyst\u00e4, tukkeutuneista suodattimista tai liiallisesta kuormituksesta.<\/p>\n<\/li>\n<li>\n<h3>Hidas toiminta<\/h3>\n<p>Hidas toiminta voi johtua riitt\u00e4m\u00e4tt\u00f6m\u00e4st\u00e4 hydraulisesta paineesta tai tukkeutuneista suodattimista.<\/p>\n<\/li>\n<\/ul>\n<p>N\u00e4iden ongelmien v\u00e4ltt\u00e4miseksi on suositeltavaa suorittaa s\u00e4\u00e4nn\u00f6llisi\u00e4 tarkastuksia ja huoltoa, kuten kuluneiden tiivisteiden vaihto, suodattimien puhdistus ja hydraulinesteen tasojen tarkistaminen. On my\u00f6s t\u00e4rke\u00e4\u00e4 noudattaa valmistajan asennus- ja k\u00e4ytt\u00f6ohjeita ja k\u00e4ytt\u00e4\u00e4 laadukasta hydrauli\u00f6ljy\u00e4.<\/p>\n<p><img decoding=\"async\" src=\"https:\/\/www.hydraulic-cylinders.net\/wp-content\/uploads\/2025\/01\/songte-chushion-collar.webp\" alt=\"Chushion-kauluksen kuva\"><\/p>\n<h2>Asennusopas<\/h2>\n<p>Noudata valmistajan asennusohjeita. Varmista, ett\u00e4 puomin sylinteri on oikein kohdistettu ja tukevasti kiinnitetty hydraulij\u00e4rjestelm\u00e4\u00e4n. Tarkista vuodot ja tee koek\u00e4ytt\u00f6 varmistaaksesi oikean toiminnan.<\/p>\n<p><img decoding=\"async\" src=\"https:\/\/www.hydraulic-cylinders.net\/wp-content\/uploads\/2025\/01\/songte-bushings-with-all-kinds-of-excavator-models.webp\" alt=\"Holkit Kuva\"><\/p>\n<h2>Turvallisuusn\u00e4k\u00f6kohdat ja ymp\u00e4rist\u00f6tekij\u00e4t<\/h2>\n<p>Ty\u00f6skennelless\u00e4si varren sylinterin kanssa on t\u00e4rke\u00e4\u00e4 noudattaa turvallisuusm\u00e4\u00e4r\u00e4yksi\u00e4 ja k\u00e4ytt\u00e4\u00e4 asianmukaisia \u200b\u200bhenkil\u00f6nsuojaimia, kuten k\u00e4sineit\u00e4 ja suojalaseja. Hydrauli\u00f6ljyn ja -komponenttien asianmukainen h\u00e4vitt\u00e4minen on v\u00e4ltt\u00e4m\u00e4t\u00f6nt\u00e4 ymp\u00e4rist\u00f6vaikutusten minimoimiseksi.<\/p>\n<h2>Tietoa meist\u00e4<\/h2>\n<p>Olemme ammattimainen hydraulisten sylinterien valmistaja, jolla on laaja tuotevalikoima. Meist\u00e4 on tullut yksi johtavista hydraulisten sylinterien valmistajista ja tukkumyyjist\u00e4 kotimaisilla ja kansainv\u00e4lisill\u00e4 markkinoilla. Noudatamme aina erinomaisen laadun periaatetta ja luotamme teollistettuihin tuotannonohjausstrategioihin kehittyneiss\u00e4 tuotantolaitoksissamme parantaaksemme jatkuvasti teknologiaamme ja tuotantotehokkuuttamme. Meill\u00e4 on vahva innovaatiokyky, joka perustuu huippuluokan digitaalisten valmistuslaitteiden ja ammattimaisten testausj\u00e4rjestelmien k\u00e4ytt\u00f6\u00f6nottoon. Tavoitteenamme on vastata asiakkaiden monipuolisiin tarpeisiin korkealla tehokkuudella, tarkkuudella ja korkealaatuisilla tuotteilla.<\/p>\n<p><img decoding=\"async\" src=\"https:\/\/www.hydraulic-cylinders.net\/wp-content\/uploads\/2025\/01\/songte-company-4.webp\" alt=\"Yritys 4 Kuva\"><br \/>\n<img decoding=\"async\" src=\"https:\/\/www.hydraulic-cylinders.net\/wp-content\/uploads\/2025\/01\/songte-company-3.webp\" alt=\"Yritys 3 -kuva\"><\/p>\n<p>Yrityksemme tarjoaa r\u00e4\u00e4t\u00e4l\u00f6ityj\u00e4 palveluita, kansainv\u00e4lisi\u00e4 sertifiointeja, ammattimaisia \u200b\u200btuotantolaitteita ja laadukkaita huoltopalveluita, muiden muassa. Ota yhteytt\u00e4 jo t\u00e4n\u00e4\u00e4n saadaksesi lis\u00e4tietoja.<\/p>\n<p>Kirjoittaja: lyl.<\/p>","protected":false},"excerpt":{"rendered":"<p>Arm Cylinder For Jingong Crawler Excavator JCM915-LC Introduction The arm cylinder is a specially designed hydraulic cylinder that is primarily used to provide linear motion and power for various machine arms, such as excavators, cranes, and mechanical arms. The arm cylinder plays a critical role in the hydraulic system, enabling additional tools or attachments to [&hellip;]<\/p>","protected":false},"featured_media":14772,"comment_status":"open","ping_status":"closed","template":"","meta":{"_et_pb_use_builder":"","_et_pb_old_content":"","_et_gb_content_width":""},"product_brand":[],"product_cat":[1497],"product_tag":[1498,1496],"class_list":{"0":"post-16682","1":"product","2":"type-product","3":"status-publish","4":"has-post-thumbnail","6":"product_cat-arm-cylinders","7":"product_tag-arm-cylinders","8":"product_tag-hydraulic-cylinders","10":"first","11":"instock","12":"shipping-taxable","13":"product-type-simple"},"amp_enabled":true,"_links":{"self":[{"href":"https:\/\/www.hydraulic-cylinders.net\/fi\/wp-json\/wp\/v2\/product\/16682","targetHints":{"allow":["GET"]}}],"collection":[{"href":"https:\/\/www.hydraulic-cylinders.net\/fi\/wp-json\/wp\/v2\/product"}],"about":[{"href":"https:\/\/www.hydraulic-cylinders.net\/fi\/wp-json\/wp\/v2\/types\/product"}],"replies":[{"embeddable":true,"href":"https:\/\/www.hydraulic-cylinders.net\/fi\/wp-json\/wp\/v2\/comments?post=16682"}],"wp:featuredmedia":[{"embeddable":true,"href":"https:\/\/www.hydraulic-cylinders.net\/fi\/wp-json\/wp\/v2\/media\/14772"}],"wp:attachment":[{"href":"https:\/\/www.hydraulic-cylinders.net\/fi\/wp-json\/wp\/v2\/media?parent=16682"}],"wp:term":[{"taxonomy":"product_brand","embeddable":true,"href":"https:\/\/www.hydraulic-cylinders.net\/fi\/wp-json\/wp\/v2\/product_brand?post=16682"},{"taxonomy":"product_cat","embeddable":true,"href":"https:\/\/www.hydraulic-cylinders.net\/fi\/wp-json\/wp\/v2\/product_cat?post=16682"},{"taxonomy":"product_tag","embeddable":true,"href":"https:\/\/www.hydraulic-cylinders.net\/fi\/wp-json\/wp\/v2\/product_tag?post=16682"}],"curies":[{"name":"wp","href":"https:\/\/api.w.org\/{rel}","templated":true}]}}