{"id":16688,"date":"2025-01-21T05:47:02","date_gmt":"2025-01-21T05:47:02","guid":{"rendered":"https:\/\/www.hydraulic-cylinders.net\/product\/arm-cylinder-for-jingong-wheel-type-jcm909l\/"},"modified":"2025-01-21T05:47:08","modified_gmt":"2025-01-21T05:47:08","slug":"arm-cylinder-for-jingong-wheel-type-jcm909l","status":"publish","type":"product","link":"https:\/\/www.hydraulic-cylinders.net\/fi\/tuote\/arm-cylinder-for-jingong-wheel-type-jcm909l\/","title":{"rendered":"Jingong-py\u00f6r\u00e4n JCM909L varren sylinteri"},"content":{"rendered":"<h1>Jingong-py\u00f6r\u00e4n JCM909L varren sylinteri<\/h1>\n<h2>Johdanto<\/h2>\n<p>Varren sylinteri on erityisesti suunniteltu hydraulisylinteri, jota k\u00e4ytet\u00e4\u00e4n p\u00e4\u00e4asiassa lineaarisen liikkeen ja voiman tuottamiseen erilaisten koneiden, kuten kaivinkoneiden, nostureiden ja mekaanisten varsien, varsille. Varren sylintereill\u00e4 on keskeinen rooli hydraulij\u00e4rjestelmiss\u00e4, sill\u00e4 ne mahdollistavat lis\u00e4laitteiden tai lis\u00e4varusteiden tehokkaan liikkumisen ja ohjauksen. N\u00e4m\u00e4 sylinterit eiv\u00e4t ainoastaan \u200b\u200bsaavuta tasaista liikett\u00e4, vaan ne my\u00f6s kannattelevat raskaita kuormia varmistaen koneiden tehokkaan toiminnan ja luotettavuuden erilaisissa ty\u00f6olosuhteissa.<\/p>\n<p><img decoding=\"async\" src=\"https:\/\/www.hydraulic-cylinders.net\/wp-content\/uploads\/2025\/01\/songte-company-2.webp\"><\/p>\n<h2>Ominaisuudet<\/h2>\n<ul>\n<li>\n<h3>Tehokas vaihteisto<\/h3>\n<p>Varren sylinteri voi tarjota tehokkaan lineaarisen liikkeen ja voiman, mik\u00e4 varmistaa mekaanisen varren korkean hy\u00f6tysuhteen erilaisissa toiminnoissa.<\/p>\n<\/li>\n<li>\n<h3>Tarkka ohjaus<\/h3>\n<p>Hydraulisen j\u00e4rjestelm\u00e4n avulla varren sylinteri voi saavuttaa tarkan liikkeenohjauksen, mik\u00e4 tekee lis\u00e4laitteiden k\u00e4yt\u00f6st\u00e4 joustavampaa ja tarkempaa.<\/p>\n<\/li>\n<li>\n<h3>Vahva kest\u00e4vyys<\/h3>\n<p>Varsisylinterit on yleens\u00e4 valmistettu eritt\u00e4in lujista materiaaleista, joilla on hyv\u00e4 kulutuskest\u00e4vyys ja korroosionkest\u00e4vyys, ja ne soveltuvat pitk\u00e4aikaiseen k\u00e4ytt\u00f6\u00f6n ankarissa olosuhteissa.<\/p>\n<\/li>\n<li>\n<h3>Monitoiminnallinen sopeutumiskyky<\/h3>\n<p>N\u00e4it\u00e4 sylintereit\u00e4 voidaan k\u00e4ytt\u00e4\u00e4 laajalti erilaisissa mekaanisissa laitteissa, kuten kaivinkoneissa, nostureissa ja mekaanisissa varsissa, mukautuen erilaisiin ty\u00f6vaatimuksiin.<\/p>\n<\/li>\n<li>\n<h3>Helppo huolto<\/h3>\n<p>Suunniteltu helppoa huoltoa ja vaihtoa silm\u00e4ll\u00e4 pit\u00e4en, s\u00e4\u00e4nn\u00f6lliset tarkastukset ja huolto ovat k\u00e4tev\u00e4mpi\u00e4, mik\u00e4 v\u00e4hent\u00e4\u00e4 laitteiden seisokkiaikaa.<\/p>\n<\/li>\n<\/ul>\n<p>Voimme valmistaa t\u00e4t\u00e4 tuotetta t\u00e4ydelliseksi korvikkeeksi n\u00e4ille hydraulisylintereille.<\/p>\n<p><img decoding=\"async\" src=\"https:\/\/www.hydraulic-cylinders.net\/wp-content\/uploads\/2025\/01\/songte-oil-pipes-and-spare-parts.webp\"><\/p>\n<h2>Sovellukset<\/h2>\n<p>Varsisylintereit\u00e4 k\u00e4ytet\u00e4\u00e4n useilla eri teollisuudenaloilla, mukaan lukien:<\/p>\n<ul>\n<li>\n<h3>Rakennustekniikka<\/h3>\n<p>Kaivinkoneissa ja nostureissa varsisylintereit\u00e4 k\u00e4ytet\u00e4\u00e4n kauhojen tai puomien liikkeen ohjaamiseen maanrakennuksessa, materiaalink\u00e4sittelyss\u00e4 ja rakenteellisissa asennuksissa.<\/p>\n<\/li>\n<li>\n<h3>Valmistava teollisuus<\/h3>\n<p>Automatisoiduilla tuotantolinjoilla varsisylintereit\u00e4 k\u00e4ytet\u00e4\u00e4n mekaanisten varsien liikuttamiseen kokoonpano-, hitsaus- ja k\u00e4sittelyprosesseissa, mik\u00e4 parantaa tuotannon tehokkuutta ja tarkkuutta.<\/p>\n<\/li>\n<li>\n<h3>Maatalouskoneet<\/h3>\n<p>Maatalouskoneissa, kuten puimureissa ja kylv\u00f6koneissa, varren sylinterit ohjaavat k\u00e4ytt\u00f6varren liikett\u00e4 ja suorittavat teht\u00e4vi\u00e4, kuten istutusta, lannoitusta ja sadonkorjuuta.<\/p>\n<\/li>\n<li>\n<h3>Kaivostoiminta<\/h3>\n<p>Kaivoslaitteissa varsisylintereit\u00e4 k\u00e4ytet\u00e4\u00e4n ohjaamaan kaivoslaitteiden varren liikett\u00e4 malminlouhinnassa ja -kuljetuksessa.<\/p>\n<\/li>\n<li>\n<h3>Logistiikka ja kuljetus<\/h3>\n<p>Trukeissa ja robottien k\u00e4sittelyss\u00e4 varsisylintereit\u00e4 k\u00e4ytet\u00e4\u00e4n haarukan noston ja liikkeen ohjaamiseen, mik\u00e4 mahdollistaa materiaalien k\u00e4sittelyn ja pinoamisen.<\/p>\n<\/li>\n<\/ul>\n<h2>Suunnittelun\u00e4k\u00f6kohdat ja valintakriteerit<\/h2>\n<ul>\n<li>\n<h3>Kantavuus<\/h3>\n<p>Varsisylinterit tulee suunnitella kest\u00e4m\u00e4\u00e4n odotettavissa olevat kuormitukset k\u00e4yt\u00f6n aikana turvallisen ja luotettavan k\u00e4yt\u00f6n varmistamiseksi.<\/p>\n<\/li>\n<li>\n<h3>Tiivistyskyky<\/h3>\n<p>Nestevuotojen est\u00e4miseksi ja sylinterin suorituskyvyn yll\u00e4pit\u00e4miseksi tulisi k\u00e4ytt\u00e4\u00e4 erilaisia \u200b\u200btiivisteit\u00e4, kuten m\u00e4nn\u00e4ntiivisteit\u00e4 ja varren tiivisteit\u00e4.<\/p>\n<\/li>\n<li>\n<h3>Kest\u00e4vyys<\/h3>\n<p>Varsisylinterien tulee olla valmistettu eritt\u00e4in lujista materiaaleista ja niille tulee tehd\u00e4 hieno pintak\u00e4sittely niiden kulutus- ja korroosionkest\u00e4vyyden parantamiseksi.<\/p>\n<\/li>\n<li>\n<h3>Turvallisuus<\/h3>\n<p>Varsisylinterit tulee suunnitella turvallisuus mieless\u00e4 pit\u00e4en ja varmistaa, ett\u00e4 niiden k\u00e4yt\u00f6n aikana ei tapahdu onnettomuuksia.<\/p>\n<\/li>\n<li>\n<h3>Huolto<\/h3>\n<p>Varsisylinterien tulisi olla helposti huollettavia ja korjattavia, jotta laitteiden seisokkiaika ja kustannukset v\u00e4henev\u00e4t.<\/p>\n<\/li>\n<\/ul>\n<p><img decoding=\"async\" src=\"https:\/\/www.hydraulic-cylinders.net\/wp-content\/uploads\/2025\/01\/songte-cylinder-head-with-all-kinds-excavator-models.webp\"><\/p>\n<h2>Tiivistys ja voitelu<\/h2>\n<p>Varsisylintereiss\u00e4 tulisi k\u00e4ytt\u00e4\u00e4 erilaisia \u200b\u200btiivisteit\u00e4, kuten m\u00e4nn\u00e4ntiivisteit\u00e4 ja varren tiivisteit\u00e4, nestevuotojen est\u00e4miseksi ja sylinterin suorituskyvyn yll\u00e4pit\u00e4miseksi. Tiivisteiden tulisi olla kulutusta kest\u00e4vi\u00e4 materiaaleja, kuten polyuretaania ja nitriilikumia. Lis\u00e4ksi sylinterin runko ja kierteitetyt p\u00e4\u00e4typinnat tulisi k\u00e4sitell\u00e4 hienos\u00e4\u00e4t\u00f6isesti niiden kulutuskest\u00e4vyyden parantamiseksi. S\u00e4\u00e4nn\u00f6llinen voitelu sopivalla hydrauliikka\u00f6ljyll\u00e4 on my\u00f6s tarpeen sylinterin sujuvan ja tehokkaan toiminnan varmistamiseksi.<\/p>\n<h2>Ennakoiva huolto ja vianm\u00e4\u00e4ritys<\/h2>\n<p>S\u00e4\u00e4nn\u00f6llisi\u00e4 tarkastuksia ja huoltoa on teht\u00e4v\u00e4 mahdollisten ongelmien ehk\u00e4isemiseksi ja varsivarsien sylintereiden luotettavuuden ja suorituskyvyn varmistamiseksi. Vianetsint\u00e4\u00e4n voi sis\u00e4lty\u00e4:<\/p>\n<ul>\n<li>\n<h3>Vuoto<\/h3>\n<p>Tarkista, ovatko tiivisteet vaurioituneet tai kuluneet, ja vaihda ne tarvittaessa.<\/p>\n<\/li>\n<li>\n<h3>Alhainen hy\u00f6tysuhde<\/h3>\n<p>Tarkista, toimiiko sylinteri tasaisesti, ja tarkista hydraulij\u00e4rjestelm\u00e4 mahdollisten toimintah\u00e4iri\u00f6iden varalta, jotka voisivat vaikuttaa sen tehokkuuteen.<\/p>\n<\/li>\n<li>\n<h3>Melu<\/h3>\n<p>Tarkista, onko sylinteri asianmukaisesti voideltu ja onko m\u00e4nn\u00e4ss\u00e4 tai m\u00e4nt\u00e4tangossa tukoksia tai vaurioita.<\/p>\n<\/li>\n<\/ul>\n<p>Ennaltaehk\u00e4iseviin toimenpiteisiin voi kuulua:<\/p>\n<ul>\n<li>\n<h3>S\u00e4\u00e4nn\u00f6lliset tarkastukset<\/h3>\n<p>Tarkista sylinteri s\u00e4\u00e4nn\u00f6llisesti kulumisen tai vaurioiden varalta ja vaihda tarvittaessa osat.<\/p>\n<\/li>\n<li>\n<h3>Oikea voitelu<\/h3>\n<p>Varmista, ett\u00e4 sylinteri on voideltu riitt\u00e4v\u00e4sti sopivalla hydrauliikka\u00f6ljyll\u00e4.<\/p>\n<\/li>\n<li>\n<h3>Turvatoimenpiteet<\/h3>\n<p>Varmista, ett\u00e4 sylinteri on asennettu oikein ja sit\u00e4 k\u00e4ytet\u00e4\u00e4n turvallisuusohjeiden mukaisesti onnettomuuksien v\u00e4ltt\u00e4miseksi.<\/p>\n<\/li>\n<\/ul>\n<p><img decoding=\"async\" src=\"https:\/\/www.hydraulic-cylinders.net\/wp-content\/uploads\/2025\/01\/songte-chushion-collar.webp\"><\/p>\n<h2>Asennusopas<\/h2>\n<p>Kun asennat sylinterin, noudata seuraavia ohjeita:<\/p>\n<ol>\n<li>Varmista, ett\u00e4 laitteet on tuettu ja kiinnitetty asianmukaisesti onnettomuuksien v\u00e4ltt\u00e4miseksi.<\/li>\n<li>Irrota kaikki vanhat tai vaurioituneet sylinterin osat ja valmistele uusi sylinteri asennusta varten.<\/li>\n<li>Asenna m\u00e4nn\u00e4nvarsi sylinterin runkoon ja kiinnit\u00e4 se lukkomutterilla.<\/li>\n<li>Asenna sylinteri laitteeseen ja kiinnit\u00e4 se paikalleen pulteilla tai tapilla.<\/li>\n<li>Liit\u00e4 hydrauliletkut sylinteriin ja t\u00e4yt\u00e4 se sopivalla hydrauli\u00f6ljyll\u00e4.<\/li>\n<li>Tarkista sylinterin toiminta ja mahdolliset vuodot tai vauriot.<\/li>\n<\/ol>\n<p><img decoding=\"async\" src=\"https:\/\/www.hydraulic-cylinders.net\/wp-content\/uploads\/2025\/01\/songte-bushings-with-all-kinds-of-excavator-models.webp\"><\/p>\n<h2>Turvallisuus- ja ymp\u00e4rist\u00f6n\u00e4k\u00f6kohdat<\/h2>\n<p>Turvallisuus on etusijalla hydrauliikkalaitteita k\u00e4sitelt\u00e4ess\u00e4. Varmista, ett\u00e4 kaikkia turvallisuusohjeita noudatetaan asennuksen, k\u00e4yt\u00f6n ja huollon aikana onnettomuuksien ja vammojen v\u00e4ltt\u00e4miseksi. Lis\u00e4ksi varsisylinterit on h\u00e4vitett\u00e4v\u00e4 asianmukaisesti ymp\u00e4rist\u00f6n saastumisen est\u00e4miseksi.<\/p>\n<h2>Yrityksen esittely<\/h2>\n<p>Olemme ammattimainen hydraulisten sylinterien valmistaja, jolla on laaja tuotevalikoima. Olemme yksi johtavista hydraulisten sylinterien valmistajista ja tukkumyyjist\u00e4 kotimaisilla ja kansainv\u00e4lisill\u00e4 markkinoilla. Noudatamme aina erinomaisuuden periaatetta laadussa ja luotamme hienon valmistusty\u00f6pajan teollistettuun tuotannonohjausstrategiaan parantaaksemme jatkuvasti teknologiaamme ja tuotantotehokkuuttamme. Ottamalla k\u00e4ytt\u00f6\u00f6n huippuluokan digitaalisia valmistuslaitteita ja ammattimaisia \u200b\u200btestausj\u00e4rjestelmi\u00e4, optimoimme jatkuvasti valmistusymp\u00e4rist\u00f6\u00e4mme ja parannamme tuotteidemme laadunvalvontaprosessia vahvoilla innovaatiokyvyill\u00e4mme. Tavoitteenamme on vastata asiakkaiden monimuotoisiin tarpeisiin korkean tehokkuuden, tarkkuuden ja korkean laadun periaatteilla.<\/p>\n<p>Yrityksemme tarjoaa ammattitaitoisia palveluita, kansainv\u00e4lisi\u00e4 sertifiointeja, r\u00e4\u00e4t\u00e4l\u00f6ityj\u00e4 palveluita, tuotantolaitteita ja j\u00e4lkimarkkinointipalvelua asiakkaiden tarpeiden t\u00e4ytt\u00e4miseksi. Meill\u00e4 on omistautunut ammattilaistiimi, joka on sitoutunut tarjoamaan asiakkaillemme korkealaatuisia tuotteita ja palveluita.<\/p>\n<p><img decoding=\"async\" src=\"https:\/\/www.hydraulic-cylinders.net\/wp-content\/uploads\/2025\/01\/songte-company-4.webp\"><br \/>\n<img decoding=\"async\" src=\"https:\/\/www.hydraulic-cylinders.net\/wp-content\/uploads\/2025\/01\/songte-company-3.webp\"><\/p>\n<p>Kirjoittaja: lyl<\/p>","protected":false},"excerpt":{"rendered":"<p>Arm Cylinder For Jingong Wheel Type JCM909L Introduction An arm cylinder is a specially designed hydraulic cylinder that is mainly used to provide linear motion and power to the arms of various types of machinery, such as excavators, cranes, and mechanical arms. Arm cylinders play a key role in hydraulic systems, allowing attachments or accessories [&hellip;]<\/p>","protected":false},"featured_media":14783,"comment_status":"open","ping_status":"closed","template":"","meta":{"_et_pb_use_builder":"","_et_pb_old_content":"","_et_gb_content_width":""},"product_brand":[],"product_cat":[1497],"product_tag":[1498,1496],"class_list":{"0":"post-16688","1":"product","2":"type-product","3":"status-publish","4":"has-post-thumbnail","6":"product_cat-arm-cylinders","7":"product_tag-arm-cylinders","8":"product_tag-hydraulic-cylinders","10":"first","11":"instock","12":"shipping-taxable","13":"product-type-simple"},"amp_enabled":true,"_links":{"self":[{"href":"https:\/\/www.hydraulic-cylinders.net\/fi\/wp-json\/wp\/v2\/product\/16688","targetHints":{"allow":["GET"]}}],"collection":[{"href":"https:\/\/www.hydraulic-cylinders.net\/fi\/wp-json\/wp\/v2\/product"}],"about":[{"href":"https:\/\/www.hydraulic-cylinders.net\/fi\/wp-json\/wp\/v2\/types\/product"}],"replies":[{"embeddable":true,"href":"https:\/\/www.hydraulic-cylinders.net\/fi\/wp-json\/wp\/v2\/comments?post=16688"}],"wp:featuredmedia":[{"embeddable":true,"href":"https:\/\/www.hydraulic-cylinders.net\/fi\/wp-json\/wp\/v2\/media\/14783"}],"wp:attachment":[{"href":"https:\/\/www.hydraulic-cylinders.net\/fi\/wp-json\/wp\/v2\/media?parent=16688"}],"wp:term":[{"taxonomy":"product_brand","embeddable":true,"href":"https:\/\/www.hydraulic-cylinders.net\/fi\/wp-json\/wp\/v2\/product_brand?post=16688"},{"taxonomy":"product_cat","embeddable":true,"href":"https:\/\/www.hydraulic-cylinders.net\/fi\/wp-json\/wp\/v2\/product_cat?post=16688"},{"taxonomy":"product_tag","embeddable":true,"href":"https:\/\/www.hydraulic-cylinders.net\/fi\/wp-json\/wp\/v2\/product_tag?post=16688"}],"curies":[{"name":"wp","href":"https:\/\/api.w.org\/{rel}","templated":true}]}}