{"id":16706,"date":"2025-01-21T05:48:26","date_gmt":"2025-01-21T05:48:26","guid":{"rendered":"https:\/\/www.hydraulic-cylinders.net\/product\/arm-cylinder-for-jove-jv365lc\/"},"modified":"2025-01-21T05:48:28","modified_gmt":"2025-01-21T05:48:28","slug":"arm-cylinder-for-jove-jv365lc","status":"publish","type":"product","link":"https:\/\/www.hydraulic-cylinders.net\/fi\/tuote\/arm-cylinder-for-jove-jv365lc\/","title":{"rendered":"Varren sylinteri Jove JV365LC:lle"},"content":{"rendered":"<p>Jove JV365LC:n varren sylinteri \u2013 m\u00e4\u00e4ritelm\u00e4 ja selitys<\/p>\n<p>Varren sylinteri on erityisesti suunniteltu hydraulisylinteri, jota k\u00e4ytet\u00e4\u00e4n ensisijaisesti lineaarisen liikkeen ja voiman tuottamiseen erilaisten koneiden, kuten kaivinkoneiden, nostureiden ja mekaanisten varsien, varsille. Hydraulij\u00e4rjestelm\u00e4ss\u00e4 varren sylinterill\u00e4 on ratkaiseva rooli lis\u00e4ty\u00f6kalujen tai lis\u00e4laitteiden tehokkaan liikkeen ja ohjauksen mahdollistamisessa. N\u00e4m\u00e4 sylinterit eiv\u00e4t ainoastaan \u200b\u200bmahdollista tasaista liikett\u00e4, vaan ne my\u00f6s tukevat raskaita kuormia varmistaen koneiden tehokkaan toiminnan ja luotettavuuden erilaisissa ty\u00f6olosuhteissa.<\/p>\n<p>Varren sylinteri on valmistettu korkealaatuisista materiaaleista ja suunniteltu kest\u00e4v\u00e4ksi ja luotettavaksi. Sit\u00e4 k\u00e4ytet\u00e4\u00e4n laajalti useilla teollisuudenaloilla, kuten rakentamisessa, valmistuksessa, maataloudessa, kaivosteollisuudessa, logistiikassa ja kuljetuksessa.<\/p>\n<p><img decoding=\"async\" src=\"https:\/\/www.hydraulic-cylinders.net\/wp-content\/uploads\/2025\/01\/songte-company-2.webp\"><\/p>\n<p>Jove JV365LC:n varren sylinterin ominaisuudet<\/p>\n<p>1. Tehokas voimansiirto: Varren sylinteri tarjoaa tehokkaan lineaarisen liikkeen ja voiman, mik\u00e4 varmistaa mekaanisten varsien korkean hy\u00f6tysuhteen erilaisissa toiminnoissa.<br \/>\n2. Tarkka ohjaus: Hydraulij\u00e4rjestelm\u00e4n avulla varren sylinteri voi saavuttaa tarkan liikkeenohjauksen, mik\u00e4 tekee lis\u00e4ty\u00f6kalujen k\u00e4yt\u00f6st\u00e4 joustavampaa ja tarkempaa.<br \/>\n3. Vahva kest\u00e4vyys: Varren sylinteri on yleens\u00e4 valmistettu eritt\u00e4in lujista materiaaleista, joilla on hyv\u00e4 kulutuskest\u00e4vyys ja korroosionkest\u00e4vyys ja jotka soveltuvat pitk\u00e4aikaiseen k\u00e4ytt\u00f6\u00f6n ankarissa olosuhteissa.<br \/>\n4. Monitoiminnallinen sopeutumiskyky: N\u00e4it\u00e4 sylintereit\u00e4 voidaan k\u00e4ytt\u00e4\u00e4 laajalti erilaisissa mekaanisissa laitteissa, kuten kaivinkoneissa, nostureissa ja mekaanisissa varsissa, erilaisten ty\u00f6vaatimusten t\u00e4ytt\u00e4miseksi.<br \/>\n5. Helppo huolto: Varren sylinterin suunnittelussa on otettu huomioon huollon ja vaihdon helppous, mik\u00e4 tekee s\u00e4\u00e4nn\u00f6llisest\u00e4 tarkastuksesta ja huollosta k\u00e4tev\u00e4mp\u00e4\u00e4 ja v\u00e4hent\u00e4\u00e4 laitteiden seisokkiaikaa.<\/p>\n<p>Voimme tuottaa t\u00e4t\u00e4 tuotetta, ja tuotteemme voi t\u00e4ydellisesti korvata n\u00e4m\u00e4 hydraulisylinterit.<\/p>\n<p><img decoding=\"async\" src=\"https:\/\/www.hydraulic-cylinders.net\/wp-content\/uploads\/2025\/01\/songte-oil-pipes-and-spare-parts.webp\"><\/p>\n<p>Jove JV365LC:n varren sylinterin sovellukset<\/p>\n<p>1. Rakennustekniikka: Kaivinkoneissa ja nostureissa varren sylinteri\u00e4 k\u00e4ytet\u00e4\u00e4n kauhojen tai puomien liikkeen ohjaamiseen, maanrakennuksen, materiaalink\u00e4sittelyn ja rakenteellisten asennusten suorittamiseen.<br \/>\n2. Valmistus: Automatisoiduilla tuotantolinjoilla varren sylinteri\u00e4 k\u00e4ytet\u00e4\u00e4n mekaanisten varsien liikuttamiseen, kokoonpano-, hitsaus- ja k\u00e4sittelyprosessien suorittamiseen, mik\u00e4 parantaa tuotannon tehokkuutta ja tarkkuutta.<br \/>\n3. Maatalouskoneet: Maatalouskoneissa, kuten puimureissa ja istutuskoneissa, puomisylinteri ohjaa k\u00e4ytt\u00f6vipujen liikett\u00e4 ja suorittaa teht\u00e4vi\u00e4, kuten kylv\u00f6\u00e4, lannoitusta ja sadonkorjuuta.<br \/>\n4. Kaivostoiminta: Kaivoslaitteissa varren sylinteri\u00e4 k\u00e4ytet\u00e4\u00e4n kaivoslaitteiden varsien liikkeen ohjaamiseen, mineraalien louhinnan ja kuljetuksen suorittamiseen.<br \/>\n5. Logistiikka ja kuljetus: Trukeissa ja robottien k\u00e4sittelyss\u00e4 varren sylinteri\u00e4 k\u00e4ytet\u00e4\u00e4n haarukoiden nostamisen ja liikkeen ohjaamiseen, mik\u00e4 mahdollistaa materiaalink\u00e4sittelyn ja pinoamisen.<\/p>\n<p>Suunnittelun\u00e4k\u00f6kohdat ja valintastandardit<\/p>\n<p>1. Kantavuus: Varren sylinterin tulee olla riitt\u00e4v\u00e4n kantava, jotta se toimii normaalisti ja vakaasti erilaisissa k\u00e4ytt\u00f6olosuhteissa.<br \/>\n2. Tiivistysominaisuudet: Varren sylinteri vaatii korkeaa tiivistyskyky\u00e4, ja \u00f6ljyvuotojen est\u00e4miseksi ja hydraulisten j\u00e4rjestelmien turvallisuuden varmistamiseksi tulisi k\u00e4ytt\u00e4\u00e4 erilaisia \u200b\u200btiivistyskomponentteja, kuten m\u00e4nn\u00e4n tiivisteit\u00e4 ja varren tiivisteit\u00e4.<br \/>\n3. Kest\u00e4vyys: Varren sylinterin tulee olla valmistettu eritt\u00e4in lujista materiaaleista ja sen tulee olla tiukasti k\u00e4sitelty ja pintak\u00e4sitelty kest\u00e4vyyden ja kulutuskest\u00e4vyyden varmistamiseksi.<br \/>\n4. Turvallisuus: Varren sylinterin on t\u00e4ytett\u00e4v\u00e4 hydraulij\u00e4rjestelmien turvallisuusstandardit, mukaan lukien paine- ja l\u00e4mp\u00f6tilaluokitukset, ja siin\u00e4 on oltava turvalaitteet, kuten varoventtiilit ja puskurilaitteet, onnettomuuksien est\u00e4miseksi.<br \/>\n5. Huollettavuus: Varren sylinterin suunnittelussa on otettava huomioon helppo huolto ja vaihto, ja tiivisteiden ja muiden komponenttien vaihdon on oltava helppoa ja k\u00e4tev\u00e4\u00e4.<\/p>\n<p><img decoding=\"async\" src=\"https:\/\/www.hydraulic-cylinders.net\/wp-content\/uploads\/2025\/01\/songte-cylinder-head-with-all-kinds-excavator-models.webp\"><\/p>\n<p>Varren sylinterin tiivistys ja voitelu<\/p>\n<p>Varsisylinteriss\u00e4 k\u00e4ytet\u00e4\u00e4n erilaisia \u200b\u200btiivisteit\u00e4, kuten m\u00e4nn\u00e4ntiivisteit\u00e4, varren tiivisteit\u00e4 ja puskuritiivisteit\u00e4, \u00f6ljyvuotojen est\u00e4miseksi ja hydraulisten j\u00e4rjestelmien tiiviyden varmistamiseksi. N\u00e4m\u00e4 tiivisteet on valmistettu kulutusta kest\u00e4vist\u00e4 materiaaleista, kuten polyuretaanista ja nitriilikumista, kest\u00e4vyyden ja suorituskyvyn varmistamiseksi. Lis\u00e4ksi sylinterin rungon pinta ja kierrep\u00e4\u00e4 on k\u00e4sitelty tarkasti niiden kulutuskest\u00e4vyyden parantamiseksi.<\/p>\n<p>Varren sylinteri vaatii s\u00e4\u00e4nn\u00f6llist\u00e4 hydrauli\u00f6ljyvoitelua kitkan ja kulumisen v\u00e4hent\u00e4miseksi sek\u00e4 k\u00e4ytt\u00f6i\u00e4n pident\u00e4miseksi. Ty\u00f6olosuhteiden mukaan on valittava sopivan viskositeetin ja suorituskyvyn omaava hydrauli\u00f6ljy, ja \u00f6ljytaso on tarkistettava ja huollettava s\u00e4\u00e4nn\u00f6llisesti.<\/p>\n<p>S\u00e4\u00e4nn\u00f6lliset tarkastukset ja ennaltaehk\u00e4isev\u00e4t huoltotoimenpiteet<\/p>\n<p>Varren sylinterin normaalin ja vakaan toiminnan varmistamiseksi s\u00e4\u00e4nn\u00f6llinen tarkastus ja huolto ovat v\u00e4ltt\u00e4m\u00e4tt\u00f6mi\u00e4. Seuraavat toimenpiteet on suoritettava:<\/p>\n<p>1. Tarkista tiivisteiden tiivistyskyky ja kuluminen s\u00e4\u00e4nn\u00f6llisesti ja vaihda ne tarvittaessa ajoissa.<br \/>\n2. Tarkista sylinterirungon ja kierteitetyn p\u00e4\u00e4n pinta kulumisen ja vaurioiden varalta ja korjaa tai vaihda ne ajoissa.<br \/>\n3. Tarkista hydrauliikka\u00f6ljyn m\u00e4\u00e4r\u00e4 ja laatu s\u00e4\u00e4nn\u00f6llisesti ja vaihda \u00f6ljy ja suodattimet ajoissa.<br \/>\n4. Tarkista s\u00e4\u00e4nn\u00f6llisesti turvalaitteet, kuten varoventtiilit ja puskurilaitteet, ja varmista, ett\u00e4 ne toimivat oikein.<br \/>\n5. Tarkasta hydrauliikkaj\u00e4rjestelm\u00e4 s\u00e4\u00e4nn\u00f6llisesti vuotojen ja toimintah\u00e4iri\u00f6iden varalta ja tee korjaavat toimenpiteet ajoissa.<\/p>\n<p>Jove JV365LC:n varren sylinterin asennusopas<\/p>\n<p>1. Tarkista ennen asennusta varren sylinteri ja kaikki osat vaurioiden tai vikojen varalta.<br \/>\n2. Asenna varren sylinteri oikeaan asentoon asennusohjeiden mukaisesti ja varmista, ett\u00e4 kierteitetty p\u00e4\u00e4 ja liitososat ovat puhtaat ja roskattomat.<br \/>\n3. Kirist\u00e4 kierteitetty p\u00e4\u00e4 ja liitososat ilmoitettuun v\u00e4\u00e4nt\u00f6momenttiin ja varmista, ett\u00e4 varren sylinteri on tukevasti ja vakaasti kiinni.<br \/>\n4. T\u00e4yt\u00e4 hydraulij\u00e4rjestelm\u00e4 sopivalla hydrauli\u00f6ljyll\u00e4 ja tarkista \u00f6ljyn m\u00e4\u00e4r\u00e4 ja laatu s\u00e4\u00e4nn\u00f6llisesti.<br \/>\n5. Suorita toiminnan testaus asennuksen j\u00e4lkeen varmistaaksesi, ett\u00e4 varren sylinteri toimii oikein.<\/p>\n<p><img decoding=\"async\" src=\"https:\/\/www.hydraulic-cylinders.net\/wp-content\/uploads\/2025\/01\/songte-bushings-with-all-kinds-of-excavator-models.webp\"><\/p>\n<p>Turvallisuusn\u00e4k\u00f6kohdat ja ymp\u00e4rist\u00f6tekij\u00e4t<\/p>\n<p>Puomisylinteri\u00e4 k\u00e4ytett\u00e4ess\u00e4 turvallisuuden tulisi olla etusijalla. K\u00e4ytt\u00e4jien tulee saada asianmukaista koulutusta ja opastusta laitteen turvalliseen ja oikeaan k\u00e4ytt\u00f6\u00f6n. S\u00e4\u00e4nn\u00f6llinen huolto ja tarkastus ovat v\u00e4ltt\u00e4m\u00e4tt\u00f6mi\u00e4 hydraulij\u00e4rjestelm\u00e4n turvallisuuden ja luotettavuuden varmistamiseksi.<\/p>\n<p>Ymp\u00e4rist\u00f6tekij\u00e4t, kuten l\u00e4mp\u00f6tila, kosteus ja ep\u00e4puhtaudet, voivat vaikuttaa varsisylinterin suorituskykyyn ja k\u00e4ytt\u00f6ik\u00e4\u00e4n. Siksi on varmistettava asianmukainen varastointi ja k\u00e4sittely, ja laitteet on suojattava ymp\u00e4rist\u00f6tekij\u00f6ilt\u00e4.<\/p>\n<p>Vianm\u00e4\u00e4ritys ja yleiset ongelmat<\/p>\n<p>Yleisi\u00e4 vivuston sylinterin ongelmia ovat \u00f6ljyvuoto, riitt\u00e4m\u00e4t\u00f6n paine ja ep\u00e4normaali melu. N\u00e4it\u00e4 ongelmia voivat aiheuttaa useat tekij\u00e4t, kuten kuluneet tiivisteet, tukkeutuneet suodattimet ja vaurioituneet osat. N\u00e4iden ongelmien diagnosoimiseksi ja ratkaisemiseksi on ryhdytt\u00e4v\u00e4 seuraaviin toimenpiteisiin:<\/p>\n<p>1. Tarkista tiivisteet ja vaihda ne tarvittaessa.<br \/>\n2. Tarkista suodattimet ja puhdista tai vaihda ne tarvittaessa.<br \/>\n3. Tarkista paine ja s\u00e4\u00e4d\u00e4 se sopivalle alueelle.<br \/>\n4. Tarkista osat vaurioiden tai kulumisen varalta ja korjaa tai vaihda ne tarvittaessa.<\/p>\n<p>Ennaltaehk\u00e4isev\u00e4t toimenpiteet, kuten s\u00e4\u00e4nn\u00f6llinen tarkastus ja huolto, voivat v\u00e4hent\u00e4\u00e4 n\u00e4iden ongelmien esiintymist\u00e4 ja pident\u00e4\u00e4 varren sylinterin k\u00e4ytt\u00f6ik\u00e4\u00e4.<\/p>\n<p><img decoding=\"async\" src=\"https:\/\/www.hydraulic-cylinders.net\/wp-content\/uploads\/2025\/01\/songte-chushion-collar.webp\"><\/p>\n<p>Tietoa meist\u00e4<\/p>\n<p>Olemme ammattimainen hydraulisten sylinterien valmistaja, joka tarjoaa laajan valikoiman tuotteita ja palveluita vastaamaan eri toimialojen asiakkaiden monipuolisiin tarpeisiin. Tuotteemme ovat korkealaatuisia ja olemme tulleet yhdeksi johtavista hydraulisten sylinterien valmistajista ja tukkumyyjist\u00e4 kotimaisilla ja kansainv\u00e4lisill\u00e4 markkinoilla.<\/p>\n<p>Noudatamme aina erinomaisen laadun periaatetta ja luotamme teollistettuihin tuotannonohjausstrategioihin kehittyneiss\u00e4 tuotantotiloissamme parantaaksemme jatkuvasti teknologista tasoamme ja tuotantotehokkuuttamme. Huippuluokan digitaalisten valmistuslaitteiden ja ammattimaisten testausj\u00e4rjestelmien k\u00e4ytt\u00f6\u00f6noton avulla optimoimme jatkuvasti valmistusymp\u00e4rist\u00f6\u00e4, parannamme tuotteiden laadunvalvontaprosessia ja meill\u00e4 on vahvat innovaatiokyvyt. Tavoitteenamme on vastata asiakkaiden monipuolisiin tarpeisiin tehokkaasti, tarkasti ja korkealaatuisilla tuotteilla.<\/p>\n<p>Olemme omistautuneet tarjoamaan ammattimaisia, kansainv\u00e4lisesti sertifioituja ja r\u00e4\u00e4t\u00e4l\u00f6ityj\u00e4 palveluita, k\u00e4ytt\u00e4m\u00e4ll\u00e4 edistyneit\u00e4 tuotantolaitteita ja tarjoamalla kattavia myynnin j\u00e4lkeisi\u00e4 palveluita asiakastyytyv\u00e4isyyden varmistamiseksi.<\/p>\n<p><img decoding=\"async\" src=\"https:\/\/www.hydraulic-cylinders.net\/wp-content\/uploads\/2025\/01\/songte-company-4.webp\"><img decoding=\"async\" src=\"https:\/\/www.hydraulic-cylinders.net\/wp-content\/uploads\/2025\/01\/songte-company-3.webp\"><\/p>\n<p>Kirjoittaja: lyl<\/p>","protected":false},"excerpt":{"rendered":"<p>Arm Cylinder for Jove JV365LC \u2013 Definition and Explanation Arm cylinder is a specially designed hydraulic cylinder that is primarily used for providing linear motion and power to the arms of various machines, such as excavators, cranes, and mechanical arms. In a hydraulic system, the arm cylinder plays a critical role in enabling the effective [&hellip;]<\/p>","protected":false},"featured_media":14759,"comment_status":"open","ping_status":"closed","template":"","meta":{"_et_pb_use_builder":"","_et_pb_old_content":"","_et_gb_content_width":""},"product_brand":[],"product_cat":[1497],"product_tag":[1498,1496],"class_list":{"0":"post-16706","1":"product","2":"type-product","3":"status-publish","4":"has-post-thumbnail","6":"product_cat-arm-cylinders","7":"product_tag-arm-cylinders","8":"product_tag-hydraulic-cylinders","10":"first","11":"instock","12":"shipping-taxable","13":"product-type-simple"},"amp_enabled":true,"_links":{"self":[{"href":"https:\/\/www.hydraulic-cylinders.net\/fi\/wp-json\/wp\/v2\/product\/16706","targetHints":{"allow":["GET"]}}],"collection":[{"href":"https:\/\/www.hydraulic-cylinders.net\/fi\/wp-json\/wp\/v2\/product"}],"about":[{"href":"https:\/\/www.hydraulic-cylinders.net\/fi\/wp-json\/wp\/v2\/types\/product"}],"replies":[{"embeddable":true,"href":"https:\/\/www.hydraulic-cylinders.net\/fi\/wp-json\/wp\/v2\/comments?post=16706"}],"wp:featuredmedia":[{"embeddable":true,"href":"https:\/\/www.hydraulic-cylinders.net\/fi\/wp-json\/wp\/v2\/media\/14759"}],"wp:attachment":[{"href":"https:\/\/www.hydraulic-cylinders.net\/fi\/wp-json\/wp\/v2\/media?parent=16706"}],"wp:term":[{"taxonomy":"product_brand","embeddable":true,"href":"https:\/\/www.hydraulic-cylinders.net\/fi\/wp-json\/wp\/v2\/product_brand?post=16706"},{"taxonomy":"product_cat","embeddable":true,"href":"https:\/\/www.hydraulic-cylinders.net\/fi\/wp-json\/wp\/v2\/product_cat?post=16706"},{"taxonomy":"product_tag","embeddable":true,"href":"https:\/\/www.hydraulic-cylinders.net\/fi\/wp-json\/wp\/v2\/product_tag?post=16706"}],"curies":[{"name":"wp","href":"https:\/\/api.w.org\/{rel}","templated":true}]}}