{"id":16717,"date":"2025-01-21T05:49:13","date_gmt":"2025-01-21T05:49:13","guid":{"rendered":"https:\/\/www.hydraulic-cylinders.net\/product\/arm-cylinder-for-sgzg-sd25b\/"},"modified":"2025-01-21T05:49:16","modified_gmt":"2025-01-21T05:49:16","slug":"arm-cylinder-for-sgzg-sd25b","status":"publish","type":"product","link":"https:\/\/www.hydraulic-cylinders.net\/fi\/tuote\/arm-cylinder-for-sgzg-sd25b\/","title":{"rendered":"Varren sylinteri SGZG SD25B:lle"},"content":{"rendered":"<h2>Varren sylinteri SGZG SD25B:lle<\/h2>\n<h3>M\u00e4\u00e4ritelm\u00e4 ja selitys<\/h3>\n<p>Varren sylinteri on erityisesti suunniteltu hydraulisylinteri, jota k\u00e4ytet\u00e4\u00e4n ensisijaisesti lineaarisen liikkeen ja voiman tuottamiseen erilaisten koneiden, kuten kaivinkoneiden, nostureiden ja robottivarsien, varsille. Varren sylintereill\u00e4 on ratkaiseva rooli hydraulij\u00e4rjestelmiss\u00e4, sill\u00e4 ne mahdollistavat kiinnitettyjen ty\u00f6kalujen tai lis\u00e4varusteiden tehokkaan liikkeen ja ohjauksen. N\u00e4m\u00e4 sylinterit eiv\u00e4t ainoastaan \u200b\u200bsaavuta tasaista liikett\u00e4, vaan ne kest\u00e4v\u00e4t my\u00f6s raskaita kuormia varmistaen koneiden tehokkaan toiminnan ja luotettavuuden erilaisissa ty\u00f6olosuhteissa.<\/p>\n<p><img decoding=\"async\" src=\"https:\/\/www.hydraulic-cylinders.net\/wp-content\/uploads\/2025\/01\/songte-company-2.webp\"><\/p>\n<h3>Ominaisuudet<\/h3>\n<ul>\n<li><strong>Tehokas vaihteisto:<\/strong> Varren sylinterit tarjoavat tehokkaan lineaarisen liikkeen ja voiman, mik\u00e4 varmistaa mekaanisten varsien korkean hy\u00f6tysuhteen erilaisissa toiminnoissa.<\/li>\n<li><strong>Tarkka ohjaus:<\/strong> Hydraulisten j\u00e4rjestelmien avulla varsisylinterit voivat saavuttaa tarkan liikkeenohjauksen, mik\u00e4 tekee kiinnitettyjen ty\u00f6kalujen k\u00e4yt\u00f6st\u00e4 joustavampaa ja tarkempaa.<\/li>\n<li><strong>Kest\u00e4vyys:<\/strong> Varsisylinterit on yleens\u00e4 valmistettu eritt\u00e4in lujista materiaaleista, joilla on hyv\u00e4 kulutus- ja korroosionkest\u00e4vyys, ja ne soveltuvat pitk\u00e4aikaiseen k\u00e4ytt\u00f6\u00f6n ankarissa olosuhteissa.<\/li>\n<li><strong>Monitoiminnallinen sopeutumiskyky:<\/strong> N\u00e4it\u00e4 sylintereit\u00e4 voidaan k\u00e4ytt\u00e4\u00e4 laajalti erilaisissa mekaanisissa laitteissa, kuten kaivinkoneissa, nostureissa ja robottivarsissa, ja ne mukautuvat erilaisiin ty\u00f6vaatimuksiin.<\/li>\n<li><strong>Helppo huolto:<\/strong> Suunnittelussa on otettu huomioon helppo huolto ja vaihto, mik\u00e4 tekee s\u00e4\u00e4nn\u00f6llisest\u00e4 tarkastuksesta ja huollosta k\u00e4tev\u00e4mp\u00e4\u00e4 ja v\u00e4hent\u00e4\u00e4 laitteiden seisokkiaikaa.<\/li>\n<\/ul>\n<p>Voimme valmistaa t\u00e4t\u00e4 tuotetta, ja tuotteemme voivat t\u00e4ydellisesti korvata n\u00e4m\u00e4 hydraulisylinterit.<\/p>\n<p><img decoding=\"async\" src=\"https:\/\/www.hydraulic-cylinders.net\/wp-content\/uploads\/2025\/01\/songte-oil-pipes-and-spare-parts.webp\"><\/p>\n<h3>Sovellukset<\/h3>\n<ul>\n<li><strong>Rakennustekniikka:<\/strong> Kaivinkoneissa ja nostureissa varsisylintereit\u00e4 k\u00e4ytet\u00e4\u00e4n kauhojen tai puomien liikkeen ohjaamiseen maanrakennuksessa, materiaalink\u00e4sittelyss\u00e4 ja rakenteellisissa asennuksissa.<\/li>\n<li><strong>Valmistava teollisuus:<\/strong> Automatisoiduilla tuotantolinjoilla varsisylintereit\u00e4 k\u00e4ytet\u00e4\u00e4n robottik\u00e4sivarsien liikuttamiseen kokoonpano-, hitsaus- ja k\u00e4sittelyprosesseissa, mik\u00e4 parantaa tuotannon tehokkuutta ja tarkkuutta.<\/li>\n<li><strong>Maatalouskoneet:<\/strong> Maatalouskoneissa, kuten puimureissa ja istutuskoneissa, varsisylinterit ohjaavat k\u00e4ytt\u00f6varsien liikett\u00e4 ja suorittavat teht\u00e4vi\u00e4, kuten kylv\u00f6\u00e4, lannoitusta ja sadonkorjuuta.<\/li>\n<li><strong>Kaivostoiminta:<\/strong> Kaivoslaitteissa varsisylintereit\u00e4 k\u00e4ytet\u00e4\u00e4n kaivoslaitteiden varren liikkeen ohjaamiseen kaivos- ja materiaalink\u00e4sittelyteht\u00e4viss\u00e4.<\/li>\n<li><strong>Logistiikka ja kuljetus:<\/strong> Trukeissa ja robottien k\u00e4sittelyss\u00e4 varsisylintereit\u00e4 k\u00e4ytet\u00e4\u00e4n haarukoiden nostamisen ja liikkeen ohjaamiseen, mik\u00e4 mahdollistaa materiaalink\u00e4sittelyn ja pinoamisen.<\/li>\n<\/ul>\n<h3>Suunnittelun\u00e4k\u00f6kohdat ja valintakriteerit<\/h3>\n<ul>\n<li><strong>Kantavuus:<\/strong> Varren sylinterin on oltava riitt\u00e4v\u00e4n kantava ja vakaa kest\u00e4m\u00e4\u00e4n erilaisia \u200b\u200bkuormia ja varmistamaan koneiden turvallinen k\u00e4ytt\u00f6.<\/li>\n<li><strong>Tiivistys:<\/strong> Erilaisten tiivistyskomponenttien, kuten m\u00e4nn\u00e4ntiivisteiden, varren tiivisteiden jne., k\u00e4ytt\u00f6 ja kulutusta kest\u00e4vien materiaalien, kuten polyuretaanin ja nitriilikumin, valinta voivat parantaa varsisylinterien tiivistysominaisuuksia.<\/li>\n<li><strong>Kest\u00e4vyys:<\/strong> Korkean lujuuden omaavien materiaalien k\u00e4ytt\u00f6, pintakarkaisuk\u00e4sittely ja muut toimenpiteet lis\u00e4\u00e4v\u00e4t varsisylinterien kest\u00e4vyytt\u00e4 ja kulutuskest\u00e4vyytt\u00e4.<\/li>\n<li><strong>Turvallisuus:<\/strong> Varsisylinterit tulee suunnitella turvaominaisuuksilla, kuten ylikuormitussuojalla, varoventtiileill\u00e4 ja muilla turvalaitteilla, jotka est\u00e4v\u00e4t liiallisen paineen tai kuormituksen aiheuttamat onnettomuudet.<\/li>\n<li><strong>Yll\u00e4pidett\u00e4vyys:<\/strong> Varsisylinterien suunnittelussa tulisi ottaa huomioon komponenttien helppo huolto ja vaihto, mik\u00e4 v\u00e4hent\u00e4\u00e4 huoltokustannuksia ja huoltoaikaa.<\/li>\n<\/ul>\n<p><img decoding=\"async\" src=\"https:\/\/www.hydraulic-cylinders.net\/wp-content\/uploads\/2025\/01\/songte-cylinder-head-with-all-kinds-excavator-models.webp\"><\/p>\n<h3>Tiivistys ja voitelu<\/h3>\n<p>Varsisylintereiss\u00e4 k\u00e4ytet\u00e4\u00e4n erilaisia \u200b\u200btiivistyskomponentteja, kuten m\u00e4nn\u00e4ntiivisteit\u00e4, varren tiivisteit\u00e4 jne., ja niiss\u00e4 valitaan kulutusta kest\u00e4vi\u00e4 materiaaleja, kuten polyuretaania ja nitriilikumia, tiivistyskyvyn parantamiseksi. Sylinterin runko ja kierteitetty p\u00e4\u00e4typinta on hienok\u00e4sitelty kulutuskest\u00e4vyyden parantamiseksi. Voiteluun on lis\u00e4tt\u00e4v\u00e4 s\u00e4\u00e4nn\u00f6llisesti sopivaa hydrauliikka\u00f6ljy\u00e4.<\/p>\n<h3>Tarkastus- ja ennaltaehk\u00e4isev\u00e4t huoltotoimenpiteet<\/h3>\n<ul>\n<li>Puomiston sylintereiden s\u00e4\u00e4nn\u00f6llinen tarkastus, mukaan lukien \u00f6ljyvuotojen, tiivisteiden vaurioiden ja ep\u00e4normaalin melun tarkistus, tulee suorittaa.<\/li>\n<li>Ennaltaehk\u00e4iseviin huoltotoimenpiteisiin kuuluvat vaurioituneiden osien puhdistaminen, kirist\u00e4minen ja vaihtaminen.<\/li>\n<li>Noudata tarkasti k\u00e4ytt\u00f6ohjeita, v\u00e4lt\u00e4 ylikuormitusta ja ylipainetta ja pid\u00e4 hydraulij\u00e4rjestelm\u00e4 puhtaana est\u00e4\u00e4ksesi likaantumisen ja puomisylinterien vaurioitumisen.<\/li>\n<\/ul>\n<h3>Tuotteen asennusopas<\/h3>\n<ul>\n<li>Ennen asennusta tarkista varren sylinteri kuljetuksen tai varastoinnin aiheuttamien vaurioiden tai muodonmuutosten varalta.<\/li>\n<li>Puhdista asennuspinta ja varren sylinterin kierteitetty p\u00e4\u00e4 varmistaaksesi tiiviin ja luotettavan liitoksen.<\/li>\n<li>Asenna varren sylinteri tarkasti nuolen osoittamaan suuntaan ja v\u00e4lt\u00e4 virheellist\u00e4 kohdistusta.<\/li>\n<li>Asennuksen aikana \u00e4l\u00e4 ylit\u00e4 m\u00e4\u00e4ritetty\u00e4 kiristysmomenttia, jotta sylinterin kierteitetty p\u00e4\u00e4 ei vaurioidu.<\/li>\n<\/ul>\n<p><img decoding=\"async\" src=\"https:\/\/www.hydraulic-cylinders.net\/wp-content\/uploads\/2025\/01\/songte-bushings-with-all-kinds-of-excavator-models.webp\"><\/p>\n<h3>Turvallisuusn\u00e4k\u00f6kohdat ja ymp\u00e4rist\u00f6tekij\u00e4t<\/h3>\n<p>Varsisylintereit\u00e4 k\u00e4ytett\u00e4ess\u00e4 turvallisuuden on aina oltava etusijalla. Turvalaitteet, kuten ylikuormitussuoja ja varoventtiilit, on asennettava est\u00e4m\u00e4\u00e4n liiallisen paineen tai kuormituksen aiheuttamat onnettomuudet. Lis\u00e4ksi on otettava huomioon ymp\u00e4rist\u00f6tekij\u00e4t, kuten l\u00e4mp\u00f6tila, kosteus ja korroosio, varsisylintereiden vaurioitumisen v\u00e4ltt\u00e4miseksi.<\/p>\n<h3>Vianm\u00e4\u00e4ritys ja yleiset ongelmat<\/h3>\n<ul>\n<li>\u00d6ljyvuoto: Tarkasta tiivistyskomponentit, kuten m\u00e4nn\u00e4ntiivisteet ja m\u00e4nn\u00e4nvarren tiivisteet, ja vaihda ne tarvittaessa.<\/li>\n<li>Ep\u00e4normaali \u00e4\u00e4ni: Tarkista sylinterin rungon tai m\u00e4nn\u00e4nvarren mahdolliset vauriot tai muodonmuutokset ja suorita korjaavat huollot tarvittaessa.<\/li>\n<li>Hidas tai ep\u00e4vakaa toiminta: Tarkista hydrauliikkaj\u00e4rjestelm\u00e4 likaantumisen tai riitt\u00e4m\u00e4tt\u00f6m\u00e4n voitelun varalta ja s\u00e4\u00e4d\u00e4 tai vaihda \u00f6ljynsuodatin ja hydrauliikka\u00f6ljy tarvittaessa.<\/li>\n<\/ul>\n<p>On t\u00e4rke\u00e4\u00e4 diagnosoida ja ratkaista ongelmat oikea-aikaisesti ja tehokkaasti, jotta varsi-sylintereiden toiminta on turvallista ja luotettavaa.<\/p>\n<p><img decoding=\"async\" src=\"https:\/\/www.hydraulic-cylinders.net\/wp-content\/uploads\/2025\/01\/songte-chushion-collar.webp\"><\/p>\n<h3>Tietoa meist\u00e4<\/h3>\n<p>Olemme ammattimainen hydraulisten sylinterien valmistaja, jolla on laaja tuotevalikoima, ja johtava hydraulisten sylinterien valmistaja ja tukkumyyj\u00e4 kotimaisilla ja ulkomaisilla markkinoilla. Noudatamme aina erinomaisen laadun periaatetta ja luotamme hienostuneen valmistuspajan teollistettuun tuotannonohjausstrategiaan parantaaksemme jatkuvasti teknologista tasoamme ja tuotantotehokkuuttamme. Ottamalla k\u00e4ytt\u00f6\u00f6n huippuluokan digitaalisia valmistuslaitteita ja ammattimaisia \u200b\u200btestausj\u00e4rjestelmi\u00e4 optimoimme jatkuvasti valmistusalustaa, parannamme tuotteiden laadunvalvontaprosessia ja meill\u00e4 on vahvat innovaatiokyvyt. Tavoitteenamme on tyydytt\u00e4\u00e4 asiakkaiden monipuoliset tarpeet korkean tehokkuuden, tarkkuuden ja korkean laadun periaatteilla.<\/p>\n<ul>\n<li><strong>Ammattimaisuus:<\/strong> Tiimimme koostuu kokeneista insin\u00f6\u00f6reist\u00e4 ja teknikoista, jotka ovat sitoutuneet tarjoamaan asiakkaille ammattitaitoista ja tehokasta palvelua.<\/li>\n<li><strong>Kansainv\u00e4linen sertifiointi:<\/strong> Tuotteemme ovat l\u00e4p\u00e4isseet ISO9001-laatuj\u00e4rjestelm\u00e4n sertifikaatin ja ne ovat saaneet laajan tunnustuksen asiakkailta maailmanlaajuisesti.<\/li>\n<li><strong>R\u00e4\u00e4t\u00e4l\u00f6intipalvelut:<\/strong> Tarjoamme r\u00e4\u00e4t\u00e4l\u00f6ityj\u00e4 palveluita asiakkaiden erityistarpeiden, kuten tuotteen koon, paineen ja asennusasennon, mukaan.<\/li>\n<li><strong>Tuotantolaitteet:<\/strong> Meill\u00e4 on k\u00e4yt\u00f6ss\u00e4mme edistykselliset tuotantolaitteet, kuten CNC-ty\u00f6st\u00f6keskukset, hydraulisylinterien testauslaitteet ja automaattiset hitsauslaitteet, varmistaaksemme tuotteidemme korkean laadun.<\/li>\n<li><strong>Myynnin j\u00e4lkeinen palvelu:<\/strong> Tarjoamme kattavaa j\u00e4lkimarkkinointipalvelua, joka sis\u00e4lt\u00e4\u00e4 tuotteiden asennuksen, teknisen tuen ja huoltokonsultoinnin asiakastyytyv\u00e4isyyden varmistamiseksi.<\/li>\n<\/ul>\n<p><img decoding=\"async\" src=\"https:\/\/www.hydraulic-cylinders.net\/wp-content\/uploads\/2025\/01\/songte-company-4.webp\"><br \/>\n<img decoding=\"async\" src=\"https:\/\/www.hydraulic-cylinders.net\/wp-content\/uploads\/2025\/01\/songte-company-3.webp\"><\/p>\n<p>Kirjoittaja: lyl<\/p>","protected":false},"excerpt":{"rendered":"<p>Arm Cylinder For SGZG SD25B Definition and Explanation Arm cylinder is a specially designed hydraulic cylinder that is primarily used to provide linear motion and power to the arms of various machinery such as excavators, cranes, and robotic arms. Arm cylinders play a critical role in hydraulic systems, enabling the effective movement and control of [&hellip;]<\/p>","protected":false},"featured_media":14786,"comment_status":"open","ping_status":"closed","template":"","meta":{"_et_pb_use_builder":"","_et_pb_old_content":"","_et_gb_content_width":""},"product_brand":[],"product_cat":[1497],"product_tag":[1498,1496],"class_list":{"0":"post-16717","1":"product","2":"type-product","3":"status-publish","4":"has-post-thumbnail","6":"product_cat-arm-cylinders","7":"product_tag-arm-cylinders","8":"product_tag-hydraulic-cylinders","10":"first","11":"instock","12":"shipping-taxable","13":"product-type-simple"},"amp_enabled":true,"_links":{"self":[{"href":"https:\/\/www.hydraulic-cylinders.net\/fi\/wp-json\/wp\/v2\/product\/16717","targetHints":{"allow":["GET"]}}],"collection":[{"href":"https:\/\/www.hydraulic-cylinders.net\/fi\/wp-json\/wp\/v2\/product"}],"about":[{"href":"https:\/\/www.hydraulic-cylinders.net\/fi\/wp-json\/wp\/v2\/types\/product"}],"replies":[{"embeddable":true,"href":"https:\/\/www.hydraulic-cylinders.net\/fi\/wp-json\/wp\/v2\/comments?post=16717"}],"wp:featuredmedia":[{"embeddable":true,"href":"https:\/\/www.hydraulic-cylinders.net\/fi\/wp-json\/wp\/v2\/media\/14786"}],"wp:attachment":[{"href":"https:\/\/www.hydraulic-cylinders.net\/fi\/wp-json\/wp\/v2\/media?parent=16717"}],"wp:term":[{"taxonomy":"product_brand","embeddable":true,"href":"https:\/\/www.hydraulic-cylinders.net\/fi\/wp-json\/wp\/v2\/product_brand?post=16717"},{"taxonomy":"product_cat","embeddable":true,"href":"https:\/\/www.hydraulic-cylinders.net\/fi\/wp-json\/wp\/v2\/product_cat?post=16717"},{"taxonomy":"product_tag","embeddable":true,"href":"https:\/\/www.hydraulic-cylinders.net\/fi\/wp-json\/wp\/v2\/product_tag?post=16717"}],"curies":[{"name":"wp","href":"https:\/\/api.w.org\/{rel}","templated":true}]}}