{"id":1677,"date":"2023-10-11T05:47:57","date_gmt":"2023-10-11T05:47:57","guid":{"rendered":"https:\/\/hydraulic-cylinders.net\/?post_type=product&#038;p=1677"},"modified":"2025-04-11T03:46:12","modified_gmt":"2025-04-11T03:46:12","slug":"press-front-side-shift-cylinder","status":"publish","type":"product","link":"https:\/\/www.hydraulic-cylinders.net\/fi\/tuote\/press-front-side-shift-cylinder\/","title":{"rendered":"Paina etusivusiirtosylinteri\u00e4"},"content":{"rendered":"<h1 style=\"text-align: center;\"><strong>Paina etusivusiirtosylinteri\u00e4<\/strong><\/h1>\n<p><img loading=\"lazy\" decoding=\"async\" class=\"wp-image-1683 aligncenter\" src=\"https:\/\/hydraulic-cylinders.net\/wp-content\/uploads\/2023\/10\/front-side-shift-cylinder-1-2-300x300.webp\" alt=\"\" width=\"400\" height=\"400\" \/><\/p>\n<p>Puristimen etusivulle siirrett\u00e4v\u00e4 sylinteri on innovatiivinen ty\u00f6kalu, joka on suunniteltu parantamaan puristustoimintojen tarkkuutta ja tehokkuutta. T\u00e4m\u00e4 edistynyt sylinteri on erityisesti suunniteltu helpottamaan ty\u00f6kappaleiden etusivulle siirt\u00e4mist\u00e4 puristuksen aikana, mik\u00e4 varmistaa tarkan kohdistuksen ja lyhent\u00e4\u00e4 asennusaikaa.<\/p>\n<p>Puristimen etusivusiirtosylinteri mullistaa puristustoiminnot. Etusivusiirtomahdollisuutensa, tarkan kohdistuksensa, s\u00e4\u00e4dett\u00e4v\u00e4n siirtoalueensa ja nopean reagointikykyns\u00e4 ansiosta t\u00e4m\u00e4 sylinteri antaa k\u00e4ytt\u00e4jille mahdollisuuden saavuttaa tarkkoja ja tehokkaita puristustuloksia. Noudattamalla suositeltuja k\u00e4ytt\u00f6- ja huoltomenetelmi\u00e4 voit maksimoida puristimen etusivusiirtosylinterin suorituskyvyn, pitk\u00e4ik\u00e4isyyden ja turvallisuuden puristussovelluksissasi. Noudata puristuskykyjesi tasoa ja koe erinomainen kohdistus ja tehokkuus t\u00e4ll\u00e4 huippuluokan sylinterill\u00e4.<\/p>\n<p>Paina etusivusiirtosylinterin t\u00e4rkeimm\u00e4t ominaisuudet:<\/p>\n<ol>\n<li>Etupuolen siirtomahdollisuus:\n<ul>\n<li>Puristimen etupuolen siirtosylinteri on suunniteltu mahdollistamaan ty\u00f6kappaleiden tarkka etupuolen siirto puristustoimintojen aikana.<\/li>\n<li>Sen avulla k\u00e4ytt\u00e4j\u00e4t voivat helposti s\u00e4\u00e4t\u00e4\u00e4 ty\u00f6kappaleen sijaintia, mik\u00e4 varmistaa optimaalisen kohdistuksen ja v\u00e4hent\u00e4\u00e4 manuaalisten s\u00e4\u00e4t\u00f6jen tarvetta.<\/li>\n<\/ul>\n<\/li>\n<li>Tarkka kohdistus:\n<ul>\n<li>T\u00e4m\u00e4 sylinteri varmistaa ty\u00f6kappaleen tarkan kohdistuksen, minimoi kohdistusvirheiden riskin ja parantaa kokonaistarkkuutta.<\/li>\n<li>Puristimen etusivusiirtosylinterin saavuttama tarkka kohdistus parantaa tuotteen laatua ja v\u00e4hent\u00e4\u00e4 hylkyprosentteja.<\/li>\n<\/ul>\n<\/li>\n<li>S\u00e4\u00e4dett\u00e4v\u00e4 vaihtoalue:\n<ul>\n<li>Sylinteri tarjoaa s\u00e4\u00e4dett\u00e4v\u00e4n siirtoalueen, jonka avulla k\u00e4ytt\u00e4j\u00e4t voivat mukauttaa etupuolen siirron laajuutta kunkin sovelluksen erityisvaatimusten mukaan.<\/li>\n<li>Siirtoalueen s\u00e4\u00e4t\u00f6joustavuus varmistaa yhteensopivuuden eri ty\u00f6kappaleiden kokojen, muotojen ja puristustarpeiden kanssa.<\/li>\n<\/ul>\n<\/li>\n<li>Nopea ja reagoiva:\n<ul>\n<li>Puristimen etuosan sivusiirtosylinteriss\u00e4 on nopea ja reagoiva siirtomekanismi, joka varmistaa nopeat s\u00e4\u00e4d\u00f6t puristustoimintojen aikana.<\/li>\n<li>Nopea vaihtotoiminto lyhent\u00e4\u00e4 kokonaissykliaikaa maksimoiden tuottavuuden ja l\u00e4pimenon puristussovelluksissa.<\/li>\n<\/ul>\n<\/li>\n<\/ol>\n<h2><strong>Paina etusivusiirtosylinterin parametria:<\/strong><\/h2>\n<table border=\"1\" cellspacing=\"0\" cellpadding=\"0\">\n<tbody>\n<tr>\n<td>Tuotteen nimi<\/td>\n<td>Hydraulinen puristin Etupuolen siirtosylinteri<\/td>\n<\/tr>\n<tr>\n<td>Ominaisuudet:<\/td>\n<td>Siirr\u00e4 aihiota tai ty\u00f6kappaletta vaakasuunnassa<\/td>\n<\/tr>\n<tr>\n<td>M\u00e4nt\u00e4:<\/td>\n<td>80 mm\uff5e240 mm<br \/>\nIsku \u2264300 mm<\/td>\n<\/tr>\n<tr>\n<td>Ty\u00f6nt\u00f6voima:<\/td>\n<td>Enimm\u00e4isteho 1130 kN<br \/>\n(M\u00e4nt\u00e4 240 mm \/ paine 25 MPa)<\/td>\n<\/tr>\n<tr>\n<td>Etusivusiirtosylinterin sovellukset:<\/td>\n<td>Hydraulinen puristin<\/td>\n<\/tr>\n<\/tbody>\n<\/table>\n<div><\/div>\n<div>\n<div class=\"txtboxL\">\n<div class=\"txtboxL\">Ominaisuudet:<\/div>\n<div class=\"txtboxR\">Siirr\u00e4 aihiota tai ty\u00f6kappaletta vaakasuunnassa<\/div>\n<div class=\"txtboxL\">Tekniset tiedot:<\/div>\n<div class=\"txtboxR\">M\u00e4nt\u00e4: 80 mm ~ 240 mm<br \/>\nIsku \u2264300 mm<\/div>\n<div class=\"txtboxL\">Ty\u00f6nt\u00f6voima:<\/div>\n<div class=\"txtboxR\">Enimm\u00e4isteho 1130 kN<br \/>\n(M\u00e4nt\u00e4 240 mm \/ paine 25 MPa)<\/div>\n<\/div>\n<\/div>\n<h2><strong>Puristinsylinteritehdas:<\/strong><\/h2>\n<p><img loading=\"lazy\" decoding=\"async\" class=\"alignnone wp-image-1619 size-full\" src=\"https:\/\/hydraulic-cylinders.net\/wp-content\/uploads\/2023\/10\/press-cylinder.webp\" alt=\"\" width=\"1418\" height=\"946\" srcset=\"https:\/\/hydraulic-cylinders.net\/wp-content\/uploads\/2023\/10\/press-cylinder.webp 1418w, https:\/\/hydraulic-cylinders.net\/wp-content\/uploads\/2023\/10\/press-cylinder-1280x854.webp 1280w, https:\/\/hydraulic-cylinders.net\/wp-content\/uploads\/2023\/10\/press-cylinder-980x654.webp 980w, https:\/\/hydraulic-cylinders.net\/wp-content\/uploads\/2023\/10\/press-cylinder-480x320.webp 480w\" sizes=\"(min-width: 0px) and (max-width: 480px) 480px, (min-width: 481px) and (max-width: 980px) 980px, (min-width: 981px) and (max-width: 1280px) 1280px, (min-width: 1281px) 1418px, 100vw\" \/><\/p>\n<h2><strong>Puristimen etusivusiirtosylinterin k\u00e4ytt\u00f6tapa<\/strong><strong>:<\/strong><\/h2>\n<ol>\n<li><strong>Asennus:<\/strong>\n<ul>\n<li>Kiinnit\u00e4 puristimen etupuolen siirtosylinteri tukevasti haluttuun paikkaan varmistaen oikean kohdistuksen puristuslaitteiston kanssa.<\/li>\n<li>Liit\u00e4 hydrauliikkaletkut valmistajan ohjeiden mukaisesti varmistaen oikean nesteen virtauksen ja v\u00e4ltt\u00e4en vuodot.<\/li>\n<\/ul>\n<\/li>\n<li><strong>Vaihteen s\u00e4\u00e4t\u00f6:<\/strong>\n<ul>\n<li>Tutustu sylinterin mukana toimitettuun vaihteensiirtomekanismiin.<\/li>\n<li>S\u00e4\u00e4t\u00f6j\u00e4 voidaan yleens\u00e4 tehd\u00e4 digitaalisilla s\u00e4\u00e4timill\u00e4, s\u00e4\u00e4t\u00f6nupeilla tai k\u00e4sipy\u00f6rill\u00e4.<\/li>\n<li>Noudata valmistajan ohjeita tehd\u00e4ksesi tarkat etupuolen siirtym\u00e4n s\u00e4\u00e4d\u00f6t ty\u00f6kappaleen mittojen ja kohdistusvaatimusten perusteella.<\/li>\n<\/ul>\n<\/li>\n<li><strong>Ty\u00f6kappaleen kohdistus ja siirto:<\/strong>\n<ul>\n<li>Aseta ty\u00f6kappale puristusalustalle ja varmista, ett\u00e4 se on alustavasti linjassa sylinterin kanssa.<\/li>\n<li>Aktivoi sylinteri siirtomekanismin kytkemiseksi ja ty\u00f6kappaleen tasaiseksi s\u00e4\u00e4t\u00e4miseksi haluttuun etupuolen asentoon.<\/li>\n<li>Tarkista kohdistus silm\u00e4m\u00e4\u00e4r\u00e4isesti tai mittausty\u00f6kaluilla varmistaaksesi tarkan etupuolen siirtym\u00e4n.<\/li>\n<\/ul>\n<\/li>\n<li><strong>Painaminen:<\/strong>\n<ul>\n<li>Kun ty\u00f6kappale on kohdistettu ja siirretty oikein, jatka puristustoimenpidett\u00e4 normaalin menetelm\u00e4n mukaisesti.<\/li>\n<li>Puristimen etuosan sivuttaissiirtosylinteri yll\u00e4pit\u00e4\u00e4 ty\u00f6kappaleen kohdistusta ja vakautta koko puristusprosessin ajan varmistaen yhdenmukaiset tulokset.<\/li>\n<\/ul>\n<\/li>\n<\/ol>\n<h2><strong>Kuinka hydraulisylinteri kunnostetaan?<\/strong><\/h2>\n<p>Hydraulisylinterin uudelleenrakentaminen sis\u00e4lt\u00e4\u00e4 sylinterin purkamisen, kuluneiden tai vaurioituneiden osien tarkastamisen ja vaihtamisen sek\u00e4 sylinterin kokoamisen uudelleen toiminnan palauttamiseksi. T\u00e4ss\u00e4 on vaiheittainen opas hydraulisylinterin uudelleenrakentamiseen:<\/p>\n<p>Huomautus: Hydraulisylinterin uudelleenrakentaminen voi olla monimutkaista ja vaatii mekaanista tiet\u00e4myst\u00e4 ja kokemusta. Jos olet ep\u00e4varma tai sinulta puuttuu tarvittava asiantuntemus, on suositeltavaa hakea apua ammattitaitoiselta hydrauliikkateknikolta.<\/p>\n<ol>\n<li><strong>Turvaohjeet:<\/strong>\n<ul>\n<li>Varmista, ett\u00e4 hydrauliikkaj\u00e4rjestelm\u00e4 on paineeton sammuttamalla virtal\u00e4hde ja vapauttamalla mahdollinen varastoitu paine.<\/li>\n<li>K\u00e4yt\u00e4 asianmukaisia \u200b\u200bsuojavarusteita, kuten k\u00e4sineit\u00e4 ja suojalaseja, suojautuaksesi mahdollisilta hydraulinesteen vuodoilta tai roiskeilta.<\/li>\n<\/ul>\n<\/li>\n<li><strong>Sylinterin irrotus:<\/strong>\n<ul>\n<li>Irrota hydrauliletkut sylinterist\u00e4. K\u00e4yt\u00e4 sopivia jakoavaimia tai ty\u00f6kaluja liittimien l\u00f6ys\u00e4\u00e4miseen ja irrottamiseen.<\/li>\n<li>Tue sylinterin paino nostimella tai sopivalla nostolaitteella.<\/li>\n<li>Irrota kaikki kiinnitystelineet tai kiinnitystarvikkeet, jotka kiinnitt\u00e4v\u00e4t sylinterin laitteeseen.<\/li>\n<\/ul>\n<\/li>\n<li><strong>Purkaminen:<\/strong>\n<ul>\n<li>Aseta sylinteri puhtaalle ty\u00f6p\u00f6yd\u00e4lle tai alustalle.<\/li>\n<li>Irrota sylinterin p\u00e4\u00e4tykappaleet varovasti sopivilla ty\u00f6kaluilla, kuten jakoavaimella tai hylsysarjalla. Ole varovainen, ettet vahingoita sylinteri\u00e4 tai sen osia t\u00e4m\u00e4n prosessin aikana.<\/li>\n<li>Kun p\u00e4\u00e4tykannet on irrotettu, liu'uta m\u00e4nt\u00e4- ja m\u00e4nt\u00e4varsikokoonpano ulos sylinteriputkesta.<\/li>\n<li>Tarkasta ja dokumentoi osien j\u00e4rjestys ja suunta purkaessasi niit\u00e4. T\u00e4m\u00e4 auttaa kokoamisen aikana.<\/li>\n<\/ul>\n<\/li>\n<li><strong>Komponenttien tarkastus:<\/strong>\n<ul>\n<li>Tarkasta kaikki osat huolellisesti kulumisen, vaurioiden tai korroosion varalta. Kiinnit\u00e4 erityist\u00e4 huomiota m\u00e4nt\u00e4\u00e4n, m\u00e4nn\u00e4nvarteen, tiivisteisiin, laakereihin ja muihin sis\u00e4osiin.<\/li>\n<li>Mittaa kriittiset mitat, kuten m\u00e4nn\u00e4n halkaisija, m\u00e4nn\u00e4nvarren halkaisija ja tiivisteuran mitat. Vertaa n\u00e4it\u00e4 mittoja valmistajan eritelmiin m\u00e4\u00e4ritt\u00e4\u00e4ksesi, onko jotkin komponentit vaihdettava.<\/li>\n<\/ul>\n<\/li>\n<li><strong>Komponentin vaihto:<\/strong>\n<ul>\n<li>Vaihda kaikki kuluneet, vaurioituneet tai erittelyjen ulkopuoliset osat. Varmista, ett\u00e4 varaosat ovat yhteensopivia hydraulisylinterin merkin ja mallin kanssa.<\/li>\n<li>Yleisi\u00e4 osia, jotka usein vaativat vaihtoa, ovat tiivisteet, O-renkaat, laakerit, m\u00e4nn\u00e4nrenkaat ja kulutusnauhat.<\/li>\n<li>Voitele uudet tiivisteet ja O-renkaat hydraulinesteell\u00e4 tai sopivalla voiteluaineella ennen asennusta.<\/li>\n<\/ul>\n<\/li>\n<li><strong>Kokoaminen:<\/strong>\n<ul>\n<li>Aloita kokoaminen asettamalla m\u00e4nt\u00e4- ja m\u00e4nt\u00e4varsikokoonpano varovasti takaisin sylinteriputkeen.<\/li>\n<li>Asenna uudet tiivisteet ja O-renkaat oikeisiin uriinsa varmistaen oikean kohdistuksen ja suunnan.<\/li>\n<li>Levit\u00e4 ohut kerros hydraulinestett\u00e4 tai kokoonpanovoiteluainetta tiivisteisiin ja muihin liikkuviin osiin kokoamisen aikana.<\/li>\n<li>Asenna p\u00e4\u00e4tykannet takaisin purkamalla ne k\u00e4\u00e4nteisess\u00e4 j\u00e4rjestyksess\u00e4 ja varmista, ett\u00e4 kaikki pultit tai kiinnikkeet on kiristetty kunnolla valmistajan ohjeiden mukaisesti.<\/li>\n<\/ul>\n<\/li>\n<li><strong>Testaus ja asennus:<\/strong>\n<ul>\n<li>Kun sylinteri on koottu uudelleen, on t\u00e4rke\u00e4\u00e4 testata sen toimivuus ennen sen asentamista takaisin laitteeseen.<\/li>\n<li>Kytke hydrauliletkut ja paineista j\u00e4rjestelm\u00e4 uudelleen valmistajan ohjeiden mukaisesti.<\/li>\n<li>K\u00e4yt\u00e4 sylinteri\u00e4 useita kertoja tarkistaaksesi sen sujuvan toiminnan, tiivistyksen ja mahdolliset vuodot.<\/li>\n<li>Jos sylinteri toimii oikein testin aikana, asenna se takaisin laitteeseen varmistaen hydrauliletkujen oikean kohdistuksen ja liit\u00e4nn\u00e4n.<\/li>\n<\/ul>\n<\/li>\n<\/ol>\n<h2><strong>Tehtaan kapasiteetti ja kapasiteetti:<\/strong><\/h2>\n<h3>(1) Kokoonpano<\/h3>\n<p>Meill\u00e4 on ensiluokkainen riippumaton tutkimus- ja kehitysty\u00f6n kokoonpanoalusta. Hydraulisylinterien tuotantopajassa on nelj\u00e4 puoliautomaattista nostosylinterin kokoonpanolinjaa ja yksi automaattinen kallistussylinterin kokoonpanolinja, joiden suunniteltu vuotuinen tuotantokapasiteetti on 1 miljoona kappaletta. Erikoissylinterin ty\u00f6paja on varustettu erilaisilla eritelmill\u00e4 puoliautomaattisen puhdistusasennuksen kokoonpanoj\u00e4rjestelm\u00e4ll\u00e4, jonka suunniteltu vuotuinen tuotantokapasiteetti on 200 000, ja se on varustettu kuuluisilla CNC-ty\u00f6st\u00f6laitteilla, ty\u00f6st\u00f6keskuksella, korkean tarkkuuden sylinterin k\u00e4sittelyyn tarkoitetuilla erityislaitteilla, robottihitsauskoneella, automaattisella puhdistuslaitteella, automaattisella sylinterin kokoonpanokoneella ja automaattisella maalaustuotantolinjalla. Olemassa olevat kriittiset laitteet yli 300 sarjaa (sarjaa). Laiteresurssien optimaalinen kohdentaminen ja tehokas k\u00e4ytt\u00f6 varmistavat tuotteiden tarkkuusvaatimukset ja t\u00e4ytt\u00e4v\u00e4t tuotteiden laatuvaatimukset.<\/p>\n<p><img loading=\"lazy\" decoding=\"async\" class=\"alignnone wp-image-626\" src=\"https:\/\/hydraulic-cylinders.net\/wp-content\/uploads\/2023\/08\/hydraulic-cylinder-product-1-300x158.webp\" alt=\"\" width=\"495\" height=\"260\" srcset=\"https:\/\/hydraulic-cylinders.net\/wp-content\/uploads\/2023\/08\/hydraulic-cylinder-product-1-300x158.webp 495w, https:\/\/hydraulic-cylinders.net\/wp-content\/uploads\/2023\/08\/hydraulic-cylinder-product-1-480x252.webp 480w\" sizes=\"(min-width: 0px) and (max-width: 480px) 480px, (min-width: 481px) 495px, 100vw\" \/> <img loading=\"lazy\" decoding=\"async\" class=\"alignnone wp-image-627\" src=\"https:\/\/hydraulic-cylinders.net\/wp-content\/uploads\/2023\/08\/hydraulic-cylinder-product-2-300x189.webp\" alt=\"\" width=\"413\" height=\"260\" \/><\/p>\n<h3>(2) Koneistus<\/h3>\n<p>Ty\u00f6st\u00f6paja on varustettu r\u00e4\u00e4t\u00e4l\u00f6idyll\u00e4 kaltevalla kiskosorvauskeskuksella, ty\u00f6st\u00f6keskuksella, suurnopeus-hiontakoneella, hitsausrobotilla ja muilla vastaavilla laitteilla, joilla voidaan k\u00e4sitell\u00e4 sylinteriputkia, joiden sis\u00e4halkaisija on enint\u00e4\u00e4n 400 mm ja enimm\u00e4ispituus on 6 metri\u00e4.<\/p>\n<p><img loading=\"lazy\" decoding=\"async\" class=\"alignnone wp-image-628 size-large\" src=\"https:\/\/hydraulic-cylinders.net\/wp-content\/uploads\/2023\/08\/hydraulic-cylinder-product-3-1024x391.webp\" alt=\"\" width=\"1024\" height=\"391\" srcset=\"https:\/\/hydraulic-cylinders.net\/wp-content\/uploads\/2023\/08\/hydraulic-cylinder-product-3-980x374.webp 980w, https:\/\/hydraulic-cylinders.net\/wp-content\/uploads\/2023\/08\/hydraulic-cylinder-product-3-480x183.webp 480w\" sizes=\"(min-width: 0px) and (max-width: 480px) 480px, (min-width: 481px) and (max-width: 980px) 980px, (min-width: 981px) 1024px, 100vw\" \/><\/p>\n<h3>(3) Hitsaus<\/h3>\n<p><img loading=\"lazy\" decoding=\"async\" class=\"alignnone wp-image-629 size-large\" src=\"https:\/\/hydraulic-cylinders.net\/wp-content\/uploads\/2023\/08\/hydraulic-cylinder-product-4-1024x510.webp\" alt=\"\" width=\"1024\" height=\"510\" srcset=\"https:\/\/hydraulic-cylinders.net\/wp-content\/uploads\/2023\/08\/hydraulic-cylinder-product-4-980x488.webp 980w, https:\/\/hydraulic-cylinders.net\/wp-content\/uploads\/2023\/08\/hydraulic-cylinder-product-4-480x239.webp 480w\" sizes=\"(min-width: 0px) and (max-width: 480px) 480px, (min-width: 481px) and (max-width: 980px) 980px, (min-width: 981px) 1024px, 100vw\" \/><\/p>\n<h3>(4) Maalaus ja pinnoitus<\/h3>\n<p>Pienill\u00e4 ja keskisuurilla sylinterin automaattisilla vesipohjaisilla maalipinnoituslinjoilla automaattisen robotin lastaus- ja purku- ja automaattisen ruiskutuksen saavuttamiseksi, suunnittelukapasiteetti on 4000 kappaletta vuorossa;<br \/>\nMeill\u00e4 on my\u00f6s puoliautomaattinen maalauslinja suurille sylintereille, joka toimii voimaketjulla ja jonka suunnittelukapasiteetti on 60 laatikkoa ty\u00f6vuorossa.<\/p>\n<p><img loading=\"lazy\" decoding=\"async\" class=\"alignnone wp-image-630\" src=\"https:\/\/hydraulic-cylinders.net\/wp-content\/uploads\/2023\/08\/hydraulic-cylinder-product-5-300x213.webp\" alt=\"\" width=\"366\" height=\"260\" \/> <img loading=\"lazy\" decoding=\"async\" class=\"alignnone wp-image-631\" src=\"https:\/\/hydraulic-cylinders.net\/wp-content\/uploads\/2023\/08\/hydraulic-cylinder-product-6-300x225.webp\" alt=\"\" width=\"347\" height=\"260\" \/><\/p>\n<h3>(5) Testaus<\/h3>\n<p>Meill\u00e4 on ensiluokkaiset tarkastustilat ja testialustat, joilla varmistetaan, ett\u00e4 sylinterin suorituskyky t\u00e4ytt\u00e4\u00e4 vaatimukset.<\/p>\n<p><img loading=\"lazy\" decoding=\"async\" class=\"alignnone wp-image-632\" src=\"https:\/\/hydraulic-cylinders.net\/wp-content\/uploads\/2023\/08\/hydraulic-cylinder-product-8-300x200.webp\" alt=\"\" width=\"389\" height=\"260\" \/><\/p>\n<p>&nbsp;<\/p>\n<p>&nbsp;<\/p>\n<p>Olemme yksi parhaista hydraulisylintereiden valmistajista. Voimme tarjota kattavia hydraulisylintereit\u00e4. Tarjoamme my\u00f6s vastaavia <a href=\"https:\/\/hzpt.com\/agricultural-pto-gearbox\/\" target=\"_blank\" rel=\"noopener\">maatalousvaihteistot<\/a>Olemme vieneet tuotteitamme asiakkaille maailmanlaajuisesti ja ansainneet hyv\u00e4n maineen erinomaisen tuotelaadun ja huoltopalvelumme ansiosta. Toivotamme tervetulleeksi asiakkaat kotimaassa ja ulkomailla ottamaan meihin yhteytt\u00e4 neuvotellakseen liiketoimista, vaihtaakseen tietoja ja <a href=\"https:\/\/www.hydraulic-cylinders.net\/fi\/contact-us\/\">tehd\u00e4 yhteisty\u00f6t\u00e4 kanssamme<\/a>!<\/p>","protected":false},"excerpt":{"rendered":"<p>Press Front Side Shift Cylinder The press front side shift cylinder is an innovative tool designed to elevate the precision and efficiency of pressing operations. This advanced cylinder is specifically engineered to facilitate the front side shifting of workpieces during pressing, ensuring accurate alignment and reducing setup time. The press front side shift cylinder is [&hellip;]<\/p>","protected":false},"featured_media":1678,"comment_status":"open","ping_status":"closed","template":"","meta":{"_et_pb_use_builder":"","_et_pb_old_content":"","_et_gb_content_width":""},"product_brand":[],"product_cat":[1550,1522,1376],"product_tag":[1380],"class_list":{"0":"post-1677","1":"product","2":"type-product","3":"status-publish","4":"has-post-thumbnail","6":"product_cat-double-acting-hydraulic-cylinder","7":"product_cat-press-hydraulic-cylinders","8":"product_cat-hydraulic-cylinder","9":"product_tag-hydraulic-cylinder","11":"first","12":"instock","13":"shipping-taxable","14":"product-type-simple"},"amp_enabled":true,"_links":{"self":[{"href":"https:\/\/www.hydraulic-cylinders.net\/fi\/wp-json\/wp\/v2\/product\/1677","targetHints":{"allow":["GET"]}}],"collection":[{"href":"https:\/\/www.hydraulic-cylinders.net\/fi\/wp-json\/wp\/v2\/product"}],"about":[{"href":"https:\/\/www.hydraulic-cylinders.net\/fi\/wp-json\/wp\/v2\/types\/product"}],"replies":[{"embeddable":true,"href":"https:\/\/www.hydraulic-cylinders.net\/fi\/wp-json\/wp\/v2\/comments?post=1677"}],"wp:featuredmedia":[{"embeddable":true,"href":"https:\/\/www.hydraulic-cylinders.net\/fi\/wp-json\/wp\/v2\/media\/1678"}],"wp:attachment":[{"href":"https:\/\/www.hydraulic-cylinders.net\/fi\/wp-json\/wp\/v2\/media?parent=1677"}],"wp:term":[{"taxonomy":"product_brand","embeddable":true,"href":"https:\/\/www.hydraulic-cylinders.net\/fi\/wp-json\/wp\/v2\/product_brand?post=1677"},{"taxonomy":"product_cat","embeddable":true,"href":"https:\/\/www.hydraulic-cylinders.net\/fi\/wp-json\/wp\/v2\/product_cat?post=1677"},{"taxonomy":"product_tag","embeddable":true,"href":"https:\/\/www.hydraulic-cylinders.net\/fi\/wp-json\/wp\/v2\/product_tag?post=1677"}],"curies":[{"name":"wp","href":"https:\/\/api.w.org\/{rel}","templated":true}]}}