{"id":16778,"date":"2025-01-21T05:53:42","date_gmt":"2025-01-21T05:53:42","guid":{"rendered":"https:\/\/www.hydraulic-cylinders.net\/product\/arm-cylinder-for-john-deere-e210lc\/"},"modified":"2025-01-21T05:53:44","modified_gmt":"2025-01-21T05:53:44","slug":"arm-cylinder-for-john-deere-e210lc","status":"publish","type":"product","link":"https:\/\/www.hydraulic-cylinders.net\/fi\/tuote\/arm-cylinder-for-john-deere-e210lc\/","title":{"rendered":"John Deere E210LC:n varren sylinteri"},"content":{"rendered":"<div>\n<h1>John Deere E210LC:n varren sylinteri<\/h1>\n<h2>Johdanto<\/h2>\n<p>Varren sylinteri on erityisesti suunniteltu hydraulisylinteri, jota k\u00e4ytet\u00e4\u00e4n ensisijaisesti lineaarisen liikkeen ja voiman tuottamiseen erilaisten koneiden, kuten kaivinkoneiden, nostureiden ja robottivarsien, varsille. Varren sylinterill\u00e4 on ratkaiseva rooli hydraulij\u00e4rjestelmiss\u00e4, sill\u00e4 se mahdollistaa lis\u00e4ty\u00f6kalujen tai lis\u00e4laitteiden tehokkaan liikkeen ja ohjauksen. N\u00e4m\u00e4 sylinterit eiv\u00e4t ainoastaan \u200b\u200bvarmista tasaista liikett\u00e4, vaan ne kest\u00e4v\u00e4t my\u00f6s raskaita kuormia, mik\u00e4 varmistaa koneiden tehokkaan toiminnan ja luotettavuuden erilaisissa k\u00e4ytt\u00f6olosuhteissa.<\/p>\n<p>    <img decoding=\"async\" src=\"https:\/\/www.hydraulic-cylinders.net\/wp-content\/uploads\/2025\/01\/songte-company-2.webp\" alt=\"Varren sylinterin kuva\"><\/p>\n<h2>Ominaisuudet<\/h2>\n<ul>\n<li>\n<h3>Tehokas vaihteisto<\/h3>\n<p>Varren sylinterit tarjoavat tehokkaan lineaarisen liikkeen ja voiman, mik\u00e4 varmistaa koneen varsien tehokkaan suorituskyvyn erilaisissa toiminnoissa.<\/li>\n<li>\n<h3>Tarkka hallinta<\/h3>\n<p>Hydraulisen j\u00e4rjestelm\u00e4n avulla varsisylinterit voivat saavuttaa tarkan liikkeenohjauksen, mik\u00e4 tekee lis\u00e4ty\u00f6kalujen k\u00e4yt\u00f6st\u00e4 joustavampaa ja tarkempaa.<\/li>\n<li>\n<h3>Kest\u00e4vyys<\/h3>\n<p>Varsisylinterit on yleens\u00e4 valmistettu eritt\u00e4in lujista materiaaleista, joilla on hyv\u00e4 kulutus- ja korroosionkest\u00e4vyys, ja ne soveltuvat pitk\u00e4aikaiseen k\u00e4ytt\u00f6\u00f6n ankarissa olosuhteissa.<\/li>\n<li>\n<h3>Monitoiminnallinen mukautuvuus<\/h3>\n<p>N\u00e4it\u00e4 sylintereit\u00e4 voidaan k\u00e4ytt\u00e4\u00e4 laajalti erilaisissa mekaanisissa laitteissa, kuten kaivinkoneissa, nostureissa ja robottik\u00e4sivarsissa, mukautuen erilaisiin ty\u00f6vaatimuksiin.<\/li>\n<li>\n<h3>Helppo huolto<\/h3>\n<p>Suunnittelussa on otettu huomioon helppo huolto ja vaihto, mik\u00e4 mahdollistaa k\u00e4tev\u00e4t s\u00e4\u00e4nn\u00f6lliset tarkastukset ja huollon, mik\u00e4 v\u00e4hent\u00e4\u00e4 laitteiden seisokkiaikaa.<\/li>\n<\/ul>\n<p>Voimme valmistaa t\u00e4t\u00e4 tuotetta ja tuotteemme voi t\u00e4ydellisesti korvata n\u00e4m\u00e4 hydraulisylinterit.<\/p>\n<p>    <img decoding=\"async\" src=\"https:\/\/www.hydraulic-cylinders.net\/wp-content\/uploads\/2025\/01\/songte-oil-pipes-and-spare-parts.webp\" alt=\"\u00d6ljyputket ja varaosat -kuva\"><\/p>\n<h2>Sovellukset<\/h2>\n<ul>\n<li>\n<h3>Rakennustekniikka<\/h3>\n<p>Kaivinkoneissa ja nostureissa varsisylintereit\u00e4 k\u00e4ytet\u00e4\u00e4n kauhojen tai puomien liikkeen ohjaamiseen maanrakennuksessa, materiaalink\u00e4sittelyss\u00e4 ja rakenteellisissa asennuksissa.<\/li>\n<li>\n<h3>Valmistus<\/h3>\n<p>Automatisoiduilla tuotantolinjoilla varsisylintereit\u00e4 k\u00e4ytet\u00e4\u00e4n robottivarsien liikuttamiseen, kokoonpanoon, hitsaukseen ja k\u00e4sittelyprosesseihin tuotannon tehokkuuden ja tarkkuuden parantamiseksi.<\/li>\n<li>\n<h3>Maatalouskoneet<\/h3>\n<p>Maatalouskoneissa, kuten puimureissa ja istutuskoneissa, varsisylinterit ohjaavat k\u00e4ytt\u00f6varsien liikett\u00e4 ja suorittavat teht\u00e4vi\u00e4, kuten kylv\u00f6\u00e4, lannoitusta ja sadonkorjuuta.<\/li>\n<li>\n<h3>Kaivostoiminta<\/h3>\n<p>Kaivoslaitteissa varsisylintereit\u00e4 k\u00e4ytet\u00e4\u00e4n kaivoslaitteiden varsien liikkeen ohjaamiseen kaivostoiminnassa ja materiaalink\u00e4sittelyss\u00e4.<\/li>\n<li>\n<h3>Logistiikka ja kuljetus<\/h3>\n<p>Trukeissa ja robottien k\u00e4sittelyss\u00e4 varsisylintereit\u00e4 k\u00e4ytet\u00e4\u00e4n haarukoiden noston ja liikkeen ohjaamiseen, mik\u00e4 mahdollistaa materiaalink\u00e4sittelyn ja pinoamisen.<\/li>\n<\/ul>\n<h2>Suunnittelun\u00e4k\u00f6kohdat ja valintakriteerit<\/h2>\n<ul>\n<li>\n<h3>Kantavuus<\/h3>\n<p>Varsisylintereiden on oltava riitt\u00e4v\u00e4n kantavia kest\u00e4m\u00e4\u00e4n koneeseen k\u00e4yt\u00f6n aikana mahdollisesti kohdistuvan enimm\u00e4iskuormituksen.<\/li>\n<li>\n<h3>Tiivistys<\/h3>\n<p>Hydrauli\u00f6ljyn vuotojen est\u00e4miseksi tulisi k\u00e4ytt\u00e4\u00e4 erilaisia \u200b\u200btiivistyskomponentteja, kuten m\u00e4nn\u00e4ntiivisteit\u00e4 ja m\u00e4nn\u00e4nvarren tiivisteit\u00e4.<\/li>\n<li>\n<h3>Kest\u00e4vyys<\/h3>\n<p>Varren sylinterin tulee olla valmistettu eritt\u00e4in lujista materiaaleista, joilla on hyv\u00e4 kulutus- ja korroosionkest\u00e4vyys, jotta se kest\u00e4\u00e4 vaativissa k\u00e4ytt\u00f6ymp\u00e4rist\u00f6iss\u00e4.<\/li>\n<li>\n<h3>Turvallisuus<\/h3>\n<p>Varsisylinterit tulee suunnitella ja valmistaa turvallisuus mieless\u00e4 pit\u00e4en, mukaan lukien turvalaitteet, kuten ylikuormitussuoja.<\/li>\n<li>\n<h3>Huolto<\/h3>\n<p>Varren sylinterin komponentit tulee suunnitella helposti huollettaviksi ja vaihdettaviksi.<\/li>\n<\/ul>\n<p>    <img decoding=\"async\" src=\"https:\/\/www.hydraulic-cylinders.net\/wp-content\/uploads\/2025\/01\/songte-cylinder-head-with-all-kinds-excavator-models.webp\" alt=\"Sylinterikannen kuva\"><\/p>\n<h2>Tiivistys ja voitelu<\/h2>\n<p>Erilaisia \u200b\u200btiivistekomponentteja, kuten m\u00e4nn\u00e4ntiivisteit\u00e4 ja varren tiivisteit\u00e4, k\u00e4ytet\u00e4\u00e4n est\u00e4m\u00e4\u00e4n hydrauli\u00f6ljyn vuotoja. N\u00e4m\u00e4 tiivistekomponentit on valmistettu kulutusta kest\u00e4vist\u00e4 materiaaleista, kuten polyuretaanista ja nitriilikumista. Sylinterin runko ja kierteiden p\u00e4\u00e4typinnat on hienok\u00e4sitelty kulutuskest\u00e4vyyden parantamiseksi, ja ne vaativat s\u00e4\u00e4nn\u00f6llist\u00e4 sopivan hydrauli\u00f6ljyn lis\u00e4\u00e4mist\u00e4 voitelua varten.<\/p>\n<h2>S\u00e4\u00e4nn\u00f6llinen tarkastus ja ennaltaehk\u00e4isev\u00e4 huolto<\/h2>\n<ul>\n<li>\n<h3>Komponenttien tarkastus<\/h3>\n<p>Tarkasta m\u00e4nn\u00e4nvarsi, m\u00e4nt\u00e4 ja sylinterirunko s\u00e4\u00e4nn\u00f6llisesti naarmujen, korroosion ja vaurioiden varalta ja vaihda ne tarvittaessa.<\/li>\n<li>\n<h3>Tiivisteiden tarkastus<\/h3>\n<p>Tarkista tiivisteen kunto ja vaihda se tarvittaessa hydrauliikka\u00f6ljyn vuotojen v\u00e4ltt\u00e4miseksi.<\/li>\n<li>\n<h3>Ennakoiva huolto<\/h3>\n<p>Huolla hydrauliikkaj\u00e4rjestelm\u00e4\u00e4 s\u00e4\u00e4nn\u00f6llisesti, mukaan lukien hydrauliikka\u00f6ljyn vaihto, \u00f6ljynsuodattimen puhdistus ja \u00f6ljytason tarkistus.<\/li>\n<\/ul>\n<p>    <img decoding=\"async\" src=\"https:\/\/www.hydraulic-cylinders.net\/wp-content\/uploads\/2025\/01\/songte-chushion-collar.webp\" alt=\"Tyynykauluksen kuva\"><\/p>\n<h2>Tuotteen asennusopas<\/h2>\n<p>Asennuksen aikana varmista, ett\u00e4 sylinteri on tukevasti kiinni ja m\u00e4nn\u00e4nvarsi on oikeassa asennossa. Hydrauli\u00f6ljyputkea liitett\u00e4ess\u00e4 kiinnit\u00e4 huomiota suuntaan ja v\u00e4lt\u00e4 vastakkaista liit\u00e4nt\u00e4\u00e4 tai ilmalukkiutumista. Hydrauli\u00f6ljy\u00e4 t\u00e4ytett\u00e4ess\u00e4 varmista, ett\u00e4 \u00f6ljytaso on oikea ja ett\u00e4 hydrauli\u00f6ljy on puhdasta ja ep\u00e4puhtauksista vapaata. Asennuksen j\u00e4lkeen suorita koeajo varmistaaksesi normaalin toiminnan.<\/p>\n<p>    <img decoding=\"async\" src=\"https:\/\/www.hydraulic-cylinders.net\/wp-content\/uploads\/2025\/01\/songte-bushings-with-all-kinds-of-excavator-models.webp\" alt=\"Holkit Kuva\"><\/p>\n<h2>Turvallisuus- ja ymp\u00e4rist\u00f6n\u00e4k\u00f6kohdat<\/h2>\n<p>K\u00e4yt\u00f6n aikana on varmistettava, ett\u00e4 konetta k\u00e4ytet\u00e4\u00e4n nimelliskuormitusalueella ja ett\u00e4 sit\u00e4 k\u00e4ytet\u00e4\u00e4n koneen turvallisuusohjeiden mukaisesti. Hydrauli\u00f6ljy\u00e4 on k\u00e4sitelt\u00e4v\u00e4 asianmukaisesti ja ymp\u00e4rist\u00f6nsuojelutoimenpiteit\u00e4 on toteutettava ymp\u00e4rist\u00f6n saastumisen est\u00e4miseksi.<\/p>\n<h2>Vianm\u00e4\u00e4ritys ja yleiset ongelmat<\/h2>\n<ul>\n<li>\n<h3>Hydrauli\u00f6ljyn vuoto<\/h3>\n<p>Syyn\u00e4 voi olla tiivisteiden kuluminen tai vaurioituminen tai sylinterin rungon vaurioituminen. Vaihda vaurioituneet osat ajoissa.<\/li>\n<li>\n<h3>Ep\u00e4normaali melu<\/h3>\n<p>Syyn\u00e4 voi olla hydraulij\u00e4rjestelm\u00e4\u00e4n p\u00e4\u00e4sev\u00e4 ilma tai m\u00e4nn\u00e4n tai sylinterin rungon vaurioituminen. Tarkista ja korjaa vaurioituneet osat ajoissa.<\/li>\n<li>\n<h3>Matala paine<\/h3>\n<p>Syyn\u00e4 voi olla tukos hydrauliikkaputkessa tai ongelma hydrauliikkapumpussa. Tarkista ja korjaa vaurioituneet osat ajoissa.<\/li>\n<\/ul>\n<h2>Vianm\u00e4\u00e4ritysvinkkej\u00e4 ja -ratkaisuja<\/h2>\n<ul>\n<li>\n<h3>Hydrauli\u00f6ljyn vuoto<\/h3>\n<p>Vaihda vaurioituneet tiivistekomponentit tai sylinterin runko ja varmista oikea asennus.<\/li>\n<li>\n<h3>Ep\u00e4normaali melu<\/h3>\n<p>Tarkista ja korjaa vaurioituneet osat, kuten poista ilma hydraulij\u00e4rjestelm\u00e4st\u00e4 tai vaihda vaurioituneet osat.<\/li>\n<li>\n<h3>Matala paine<\/h3>\n<p>Tarkista ja poista hydrauliikkaputken tukos tai korjaa hydrauliikkapumppu.<\/li>\n<\/ul>\n<p>    <img decoding=\"async\" src=\"https:\/\/www.hydraulic-cylinders.net\/wp-content\/uploads\/2025\/01\/songte-company-4.webp\" alt=\"Yrityksen imago\"><br \/>\n    <img decoding=\"async\" src=\"https:\/\/www.hydraulic-cylinders.net\/wp-content\/uploads\/2025\/01\/songte-company-3.webp\" alt=\"Yrityksen imago\"><\/p>\n<h2>Tietoa meist\u00e4<\/h2>\n<p>Olemme ammattimainen korvaavien hydraulisylinterien valmistaja, jolla on laaja tuotevalikoima, ja meist\u00e4 on tullut yksi johtavista hydraulisylinterien valmistajista ja tukkumyyjist\u00e4 kotimaisilla ja kansainv\u00e4lisill\u00e4 markkinoilla. Noudatamme aina erinomaisen laadun periaatetta ja luotamme teollistettuihin tuotannonohjausstrategioihin hienostuneissa valmistuspajoissa parantaaksemme jatkuvasti teknologiaamme ja tuotantotehokkuuttamme. Ottamalla k\u00e4ytt\u00f6\u00f6n huippuluokan digitaalisia valmistuslaitteita ja ammattimaisia \u200b\u200btestausj\u00e4rjestelmi\u00e4, optimoimme jatkuvasti valmistusymp\u00e4rist\u00f6\u00e4mme ja parannamme tuotteidemme laadunvalvontaprosessia vahvoilla innovaatiokyvyill\u00e4. Tavoitteenamme on vastata asiakkaidemme monipuolisiin tarpeisiin korkealla tehokkuudella, tarkkuudella ja korkeita laatuperiaatteita noudattaen.<\/p>\n<ul>\n<li>\n<h3>Ammattimaisuus<\/h3>\n<p>Meill\u00e4 on ammattitaitoinen tiimi, jolla on runsaasti kokemusta hydraulisylinterien suunnittelusta ja valmistuksesta, varmistaen, ett\u00e4 tuotteemme vastaavat asiakkaiden tarpeisiin.<\/li>\n<li>\n<h3>Kansainv\u00e4linen sertifiointi<\/h3>\n<p>Kaikki tuotteemme ovat l\u00e4p\u00e4isseet ISO9001-laatuj\u00e4rjestelm\u00e4n sertifioinnin ja niit\u00e4 vied\u00e4\u00e4n yli 50 maahan ja alueelle ymp\u00e4ri maailmaa.<\/li>\n<li>\n<h3>R\u00e4\u00e4t\u00e4l\u00f6intipalvelu<\/h3>\n<p>Tarjoamme r\u00e4\u00e4t\u00e4l\u00f6ityj\u00e4 hydraulisylintereit\u00e4 vastaamaan erilaisiin asiakastarpeisiin ja tarjoamme kokonaisvaltaisen palvelun suunnittelusta tuotantoon.<\/li>\n<li>\n<h3>Tuotantolaitteet<\/h3>\n<p>Meill\u00e4 on edistyneet tuotantolaitteet, kuten CNC-ty\u00f6st\u00f6keskukset, automaattiset hitsauskoneet ja automaattiset maalauslinjat.<\/li>\n<li>\n<h3>Myynnin j\u00e4lkeinen palvelu<\/h3>\n<p>Tarjoamme 24\/7 huoltopalvelua, joka sis\u00e4lt\u00e4\u00e4 teknisen tuen, huollon ja korjauksen.<\/li>\n<\/ul>\n<p>Kirjoittaja: lyl.<\/p>\n<\/div>","protected":false},"excerpt":{"rendered":"<p>Arm Cylinder For John Deere E210LC Introduction An arm cylinder is a specially designed hydraulic cylinder that is primarily used to provide linear motion and power to the arms of various types of machinery such as excavators, cranes, and robotic arms. The arm cylinder plays a crucial role in hydraulic systems, allowing for the effective [&hellip;]<\/p>","protected":false},"featured_media":14783,"comment_status":"open","ping_status":"closed","template":"","meta":{"_et_pb_use_builder":"","_et_pb_old_content":"","_et_gb_content_width":""},"product_brand":[],"product_cat":[1497],"product_tag":[1498,1496],"class_list":{"0":"post-16778","1":"product","2":"type-product","3":"status-publish","4":"has-post-thumbnail","6":"product_cat-arm-cylinders","7":"product_tag-arm-cylinders","8":"product_tag-hydraulic-cylinders","10":"first","11":"instock","12":"shipping-taxable","13":"product-type-simple"},"amp_enabled":true,"_links":{"self":[{"href":"https:\/\/www.hydraulic-cylinders.net\/fi\/wp-json\/wp\/v2\/product\/16778","targetHints":{"allow":["GET"]}}],"collection":[{"href":"https:\/\/www.hydraulic-cylinders.net\/fi\/wp-json\/wp\/v2\/product"}],"about":[{"href":"https:\/\/www.hydraulic-cylinders.net\/fi\/wp-json\/wp\/v2\/types\/product"}],"replies":[{"embeddable":true,"href":"https:\/\/www.hydraulic-cylinders.net\/fi\/wp-json\/wp\/v2\/comments?post=16778"}],"wp:featuredmedia":[{"embeddable":true,"href":"https:\/\/www.hydraulic-cylinders.net\/fi\/wp-json\/wp\/v2\/media\/14783"}],"wp:attachment":[{"href":"https:\/\/www.hydraulic-cylinders.net\/fi\/wp-json\/wp\/v2\/media?parent=16778"}],"wp:term":[{"taxonomy":"product_brand","embeddable":true,"href":"https:\/\/www.hydraulic-cylinders.net\/fi\/wp-json\/wp\/v2\/product_brand?post=16778"},{"taxonomy":"product_cat","embeddable":true,"href":"https:\/\/www.hydraulic-cylinders.net\/fi\/wp-json\/wp\/v2\/product_cat?post=16778"},{"taxonomy":"product_tag","embeddable":true,"href":"https:\/\/www.hydraulic-cylinders.net\/fi\/wp-json\/wp\/v2\/product_tag?post=16778"}],"curies":[{"name":"wp","href":"https:\/\/api.w.org\/{rel}","templated":true}]}}