{"id":16788,"date":"2025-01-21T05:54:26","date_gmt":"2025-01-21T05:54:26","guid":{"rendered":"https:\/\/www.hydraulic-cylinders.net\/product\/arm-cylinder-for-yuchai-yc210lc-8\/"},"modified":"2025-01-21T05:54:27","modified_gmt":"2025-01-21T05:54:27","slug":"arm-cylinder-for-yuchai-yc210lc-8","status":"publish","type":"product","link":"https:\/\/www.hydraulic-cylinders.net\/fi\/tuote\/arm-cylinder-for-yuchai-yc210lc-8\/","title":{"rendered":"Varren sylinteri Yuchai YC210LC-8:lle"},"content":{"rendered":"<h2>Yuchai YC210LC-8:n varren sylinteri: Hydraulisylinteri tehokkaille koneille<\/h2>\n<p>Yuchai YC210LC-8:n varren sylinteri on erikoishydraulinen sylinteri, joka on suunniteltu tarjoamaan lineaarista liikett\u00e4 ja voimaa erilaisten koneiden, kuten kaivinkoneiden, nostureiden ja mekaanisten varsien, varsille. T\u00e4ll\u00e4 sylinterill\u00e4 on ratkaiseva rooli hydraulij\u00e4rjestelmiss\u00e4, sill\u00e4 se mahdollistaa lis\u00e4ty\u00f6kalujen tai lis\u00e4laitteiden tehokkaan liikkeen ja ohjauksen. Se ei ainoastaan \u200b\u200bmahdollista tasaista liikett\u00e4, vaan se kest\u00e4\u00e4 my\u00f6s raskaita kuormia varmistaen tehokkaan toiminnan ja luotettavuuden erilaisissa ty\u00f6olosuhteissa.<\/p>\n<h3>M\u00e4\u00e4ritelm\u00e4 ja selitys<\/h3>\n<p>Varren sylinteri, joka tunnetaan my\u00f6s varren hydraulisylinterin\u00e4, on hydraulinen toimilaite, joka muuntaa nestevoiman lineaariseksi voimaksi ja liikkeeksi. Se koostuu sylinterin rungosta, m\u00e4nn\u00e4st\u00e4 ja tangosta, jotka yhdess\u00e4 tuottavat tarvittavan voiman varren liikkeelle. Sylinterin runko sis\u00e4lt\u00e4\u00e4 paineistettua hydraulinestett\u00e4, kun taas m\u00e4nt\u00e4 ja tanko v\u00e4litt\u00e4v\u00e4t voiman varteen. Ohjaamalla hydraulinesteen virtausta varren sylinteri voi laajentua tai supistua, mik\u00e4 mahdollistaa varren liikkeen tarkan hallinnan.<\/p>\n<p>Raskaita kuormia kest\u00e4v\u00e4 ja tasaisen ja tarkan liikkeen varmistava varren sylinteri on olennainen osa useilla eri teollisuudenaloilla. Sen kyky tarjota tehokasta lineaarista liikett\u00e4 ja hallintaa tekee siit\u00e4 korvaamattoman sovelluksissa, kuten kaivamisessa, nostamisessa ja materiaalink\u00e4sittelyss\u00e4. Olipa kyseess\u00e4 sitten ojituksen kaivaminen, raskaiden esineiden siirt\u00e4minen tai ty\u00f6kalujen k\u00e4sittely, varren sylinterill\u00e4 on t\u00e4rke\u00e4 rooli tuottavuuden ja tehokkuuden parantamisessa.<\/p>\n<p><img decoding=\"async\" src=\"https:\/\/www.hydraulic-cylinders.net\/wp-content\/uploads\/2025\/01\/songte-company-2.webp\" alt=\"Varren sylinteri\" \/><\/p>\n<h2>Yuchai YC210LC-8:n varren sylinterin ominaisuudet<\/h2>\n<ul>\n<li>\n<h3>Tehokas vaihteisto<\/h3>\n<p>Varren sylinteri tarjoaa tehokkaan lineaarisen liikkeen ja voiman, mik\u00e4 varmistaa koneen varren korkean suorituskyvyn.<\/p>\n<\/li>\n<li>\n<h3>Tarkka ohjaus<\/h3>\n<p>Hydraulisen j\u00e4rjestelm\u00e4n avulla varren sylinteri mahdollistaa tarkan liikkeenohjauksen, mik\u00e4 tekee toiminnasta kiinnitettyjen ty\u00f6kalujen kanssa joustavampaa ja tarkempaa.<\/p>\n<\/li>\n<li>\n<h3>Kest\u00e4vyys<\/h3>\n<p>Varsisylinterit on tyypillisesti valmistettu eritt\u00e4in lujista materiaaleista, jotka tarjoavat erinomaisen kulutus- ja korroosionkest\u00e4vyyden, joten ne soveltuvat pitk\u00e4aikaiseen k\u00e4ytt\u00f6\u00f6n ankarissa olosuhteissa.<\/p>\n<\/li>\n<li>\n<h3>Monipuolinen sopeutumiskyky<\/h3>\n<p>N\u00e4it\u00e4 sylintereit\u00e4 voidaan k\u00e4ytt\u00e4\u00e4 laajasti erilaisissa koneissa, kuten kaivinkoneissa, nostureissa ja mekaanisissa k\u00e4sivarsissa, erilaisiin ty\u00f6vaatimuksiin.<\/p>\n<\/li>\n<li>\n<h3>Helppo huolto<\/h3>\n<p>Huollon ja vaihdon helppous mieless\u00e4 pit\u00e4en suunniteltu varren sylinteri helpottaa k\u00e4tevi\u00e4 s\u00e4\u00e4nn\u00f6llisi\u00e4 tarkastuksia ja huoltoa minimoiden laitteiden seisokkiajat.<\/p>\n<\/li>\n<\/ul>\n<p><img decoding=\"async\" src=\"https:\/\/www.hydraulic-cylinders.net\/wp-content\/uploads\/2025\/01\/songte-oil-pipes-and-spare-parts.webp\" alt=\"Varren sylinterin varaosat\" \/><\/p>\n<h2>Varren sylinterin sovellukset<\/h2>\n<p>Varsisylinteri\u00e4 k\u00e4ytet\u00e4\u00e4n laajasti useilla eri teollisuudenaloilla ja sovelluksissa:<\/p>\n<ul>\n<li>\n<h3>Rakennustekniikka<\/h3>\n<p>Kaivinkoneissa ja nostureissa varren sylinteri ohjaa kauhojen tai puomien liikett\u00e4 maanrakennuksessa, materiaalink\u00e4sittelyss\u00e4 ja rakenteellisissa asennuksissa.<\/p>\n<\/li>\n<li>\n<h3>Valmistus<\/h3>\n<p>Automatisoiduilla tuotantolinjoilla varren sylinteri helpottaa mekaanisten varsien liikett\u00e4 kokoonpanossa, hitsauksessa ja materiaalink\u00e4sittelyss\u00e4, mik\u00e4 parantaa tuotannon tehokkuutta ja tarkkuutta.<\/p>\n<\/li>\n<li>\n<h3>Maatalouskoneet<\/h3>\n<p>Maatalouslaitteissa, kuten puimureissa ja kylv\u00f6koneissa, varren sylinteri ohjaa k\u00e4ytt\u00f6varsien liikett\u00e4 esimerkiksi kylv\u00f6n, lannoituksen ja sadonkorjuun yhteydess\u00e4.<\/p>\n<\/li>\n<li>\n<h3>Kaivostoiminta<\/h3>\n<p>Kaivoslaitteissa varren sylinteri ohjaa kaivoskoneiden varren liikett\u00e4, mik\u00e4 mahdollistaa malmin louhinnan ja kuljetuksen.<\/p>\n<\/li>\n<li>\n<h3>Logistiikka ja kuljetus<\/h3>\n<p>Trukeissa ja robottien k\u00e4sittelyss\u00e4 varren sylinteri ohjaa haarukoiden nostamista ja liikett\u00e4, mik\u00e4 mahdollistaa materiaalink\u00e4sittelyn ja pinoamisen.<\/p>\n<\/li>\n<\/ul>\n<h2>Suunnittelun\u00e4k\u00f6kohdat ja valintakriteerit<\/h2>\n<p>Varren sylinterin suunnittelua ja valintaa harkittaessa on useita tekij\u00f6it\u00e4:<\/p>\n<ul>\n<li>\n<h3>Kantavuus<\/h3>\n<p>Varren sylinterin tulee kest\u00e4\u00e4 k\u00e4yt\u00f6n aikana odotettavissa olevat kuormat ja voimat, mik\u00e4 varmistaa turvallisen ja tehokkaan suorituskyvyn.<\/p>\n<\/li>\n<li>\n<h3>Tiivistysominaisuudet<\/h3>\n<p>Erilaisten tiivistyskomponenttien, kuten m\u00e4nn\u00e4ntiivisteiden ja varren tiivisteiden, k\u00e4ytt\u00f6 on ratkaisevan t\u00e4rke\u00e4\u00e4 nestevuotojen est\u00e4miseksi ja optimaalisen hydraulisen suorituskyvyn yll\u00e4pit\u00e4miseksi. Kulutusta kest\u00e4vien materiaalien, kuten polyuretaanin ja nitriilikumin, valinta varmistaa kest\u00e4vyyden.<\/p>\n<\/li>\n<li>\n<h3>Kest\u00e4vyys<\/h3>\n<p>Sylinterin runko ja kierteitetyt p\u00e4\u00e4typinnat on k\u00e4sitelty huolellisesti kulutuskest\u00e4vyyden parantamiseksi ja sylinterin k\u00e4ytt\u00f6i\u00e4n pident\u00e4miseksi.<\/p>\n<\/li>\n<li>\n<h3>Turvallisuus<\/h3>\n<p>Suunnittelussa tulisi ottaa huomioon turvaominaisuudet, kuten paineenalennusventtiilit ja vikasietomekanismit onnettomuuksien est\u00e4miseksi ja sek\u00e4 koneiden ett\u00e4 k\u00e4ytt\u00e4jien suojaamiseksi.<\/p>\n<\/li>\n<li>\n<h3>Yll\u00e4pidett\u00e4vyys<\/h3>\n<p>Helppo p\u00e4\u00e4sy huoltoa ja korjausta varten sek\u00e4 varaosien saatavuus ovat olennaisia \u200b\u200bseisokkiaikojen minimoimiseksi ja varren sylinterin pitk\u00e4ik\u00e4isyyden varmistamiseksi.<\/p>\n<\/li>\n<\/ul>\n<p><img decoding=\"async\" src=\"https:\/\/www.hydraulic-cylinders.net\/wp-content\/uploads\/2025\/01\/songte-cylinder-head-with-all-kinds-excavator-models.webp\" alt=\"Varren sylinterikansi\" \/><\/p>\n<h2>Varren sylinterin tiivistys ja voitelu<\/h2>\n<p>Varren sylinteriss\u00e4 on useita tiivistyskomponentteja, ja se vaatii asianmukaisen voitelun optimaalisen suorituskyvyn saavuttamiseksi:<\/p>\n<p>M\u00e4nn\u00e4ntiivisteiden, sylinterinvarren tiivisteiden ja muiden tiivistyselementtien yhdistelm\u00e4, joka on valmistettu kulutusta kest\u00e4vist\u00e4 materiaaleista, kuten polyuretaanista ja nitriilikumista, est\u00e4\u00e4 nestevuodon ja yll\u00e4pit\u00e4\u00e4 hydraulij\u00e4rjestelm\u00e4n eheytt\u00e4. Lis\u00e4ksi sylinterin runko ja kierteitetyt p\u00e4\u00e4typinnat on k\u00e4sitelty huolellisesti kulutuskest\u00e4vyyden parantamiseksi.<\/p>\n<p>S\u00e4\u00e4nn\u00f6llinen voitelu sopivalla hydrauliikka\u00f6ljyll\u00e4 on v\u00e4ltt\u00e4m\u00e4t\u00f6nt\u00e4 kitkan v\u00e4hent\u00e4miseksi ja sujuvan toiminnan varmistamiseksi. Riitt\u00e4v\u00e4 voitelu auttaa est\u00e4m\u00e4\u00e4n ennenaikaista kulumista ja pident\u00e4\u00e4 puomisylinterin k\u00e4ytt\u00f6ik\u00e4\u00e4.<\/p>\n<h2>S\u00e4\u00e4nn\u00f6llinen tarkastus ja ennaltaehk\u00e4isev\u00e4 huolto<\/h2>\n<p>Luotettavan ja tehokkaan toiminnan varmistamiseksi s\u00e4\u00e4nn\u00f6lliset tarkastukset ja ennaltaehk\u00e4isev\u00e4t huoltotoimenpiteet ovat v\u00e4ltt\u00e4m\u00e4tt\u00f6mi\u00e4:<\/p>\n<ul>\n<li>\n<h3>M\u00e4\u00e4r\u00e4aikaistarkastus<\/h3>\n<p>Tarkasta varren sylinteri s\u00e4\u00e4nn\u00f6llisesti kulumisen, vuotojen tai vaurioiden varalta. Tarkista tiivisteet, tangot ja sylinterin runko mahdollisten poikkeavuuksien varalta ja korjaa mahdolliset ongelmat viipym\u00e4tt\u00e4.<\/p>\n<\/li>\n<li>\n<h3>Ennakoiva huolto<\/h3>\n<p>Noudata valmistajan suosituksia ennaltaehk\u00e4isev\u00e4st\u00e4 huollosta, kuten tiivisteiden vaihdosta, liikkuvien osien voitelusta ja sylinterin puhdistuksesta. Ennakoivan huoltoaikataulun noudattaminen auttaa minimoimaan odottamattomia seisokkeja ja pident\u00e4\u00e4 varren sylinterin k\u00e4ytt\u00f6ik\u00e4\u00e4.<\/p>\n<\/li>\n<\/ul>\n<h2>Tuotteen asennusohjeet<\/h2>\n<p>Varren sylinterin oikea asennus on ratkaisevan t\u00e4rke\u00e4\u00e4 optimaalisen suorituskyvyn ja turvallisuuden kannalta:<\/p>\n<ol>\n<li>\n<h3>Valmistelu<\/h3>\n<p>Varmista, ett\u00e4 kaikki tarvittavat ty\u00f6kalut ja laitteet ovat saatavilla. Tutustu valmistajan toimittamiin asennusohjeisiin.<\/p>\n<\/li>\n<li>\n<h3>Tarkasta sylinteri<\/h3>\n<p>Ennen asennusta tarkista varren sylinteri huolellisesti mahdollisten vaurioiden tai vikojen varalta. Jos havaitset ongelmia, ota yhteytt\u00e4 toimittajaan tai valmistajaan saadaksesi ohjeita.<\/p>\n<\/li>\n<li>\n<h3>Asennus<\/h3>\n<p>Noudata valmistajan suosittelemaa menettely\u00e4 varren sylinterin kiinnitt\u00e4misess\u00e4 koneeseen. K\u00e4yt\u00e4 sopivia ty\u00f6kaluja ja varmista, ett\u00e4 kaikki liit\u00e4nn\u00e4t ovat tiukasti kiinni.<\/p>\n<\/li>\n<li>\n<h3>Tasaus<\/h3>\n<p>Tarkista varren sylinterin kohdistus ja tee tarvittavat s\u00e4\u00e4d\u00f6t varmistaaksesi oikean asennon optimaalisen suorituskyvyn ja turvallisuuden takaamiseksi.<\/p>\n<\/li>\n<li>\n<h3>Testaus<\/h3>\n<p>Asennuksen j\u00e4lkeen suorita perusteellinen testi varmistussylinterin toimivuuden varmistamiseksi. Tarkista k\u00e4yt\u00f6n aikana mahdolliset ep\u00e4normaalit \u00e4\u00e4net, vuodot tai muut ongelmat.<\/p>\n<\/li>\n<\/ol>\n<p><img","protected":false},"excerpt":{"rendered":"<p>Arm Cylinder For Yuchai YC210LC-8: A Hydraulic Cylinder for Efficient Machinery The Arm Cylinder for Yuchai YC210LC-8 is a specialized hydraulic cylinder designed to provide linear motion and power to the arms of various types of machinery, such as excavators, cranes, and mechanical arms. This cylinder plays a crucial role in hydraulic systems, enabling the [&hellip;]<\/p>","protected":false},"featured_media":14783,"comment_status":"open","ping_status":"closed","template":"","meta":{"_et_pb_use_builder":"","_et_pb_old_content":"","_et_gb_content_width":""},"product_brand":[],"product_cat":[1497],"product_tag":[1498,1496],"class_list":{"0":"post-16788","1":"product","2":"type-product","3":"status-publish","4":"has-post-thumbnail","6":"product_cat-arm-cylinders","7":"product_tag-arm-cylinders","8":"product_tag-hydraulic-cylinders","10":"first","11":"instock","12":"shipping-taxable","13":"product-type-simple"},"amp_enabled":true,"_links":{"self":[{"href":"https:\/\/www.hydraulic-cylinders.net\/fi\/wp-json\/wp\/v2\/product\/16788","targetHints":{"allow":["GET"]}}],"collection":[{"href":"https:\/\/www.hydraulic-cylinders.net\/fi\/wp-json\/wp\/v2\/product"}],"about":[{"href":"https:\/\/www.hydraulic-cylinders.net\/fi\/wp-json\/wp\/v2\/types\/product"}],"replies":[{"embeddable":true,"href":"https:\/\/www.hydraulic-cylinders.net\/fi\/wp-json\/wp\/v2\/comments?post=16788"}],"wp:featuredmedia":[{"embeddable":true,"href":"https:\/\/www.hydraulic-cylinders.net\/fi\/wp-json\/wp\/v2\/media\/14783"}],"wp:attachment":[{"href":"https:\/\/www.hydraulic-cylinders.net\/fi\/wp-json\/wp\/v2\/media?parent=16788"}],"wp:term":[{"taxonomy":"product_brand","embeddable":true,"href":"https:\/\/www.hydraulic-cylinders.net\/fi\/wp-json\/wp\/v2\/product_brand?post=16788"},{"taxonomy":"product_cat","embeddable":true,"href":"https:\/\/www.hydraulic-cylinders.net\/fi\/wp-json\/wp\/v2\/product_cat?post=16788"},{"taxonomy":"product_tag","embeddable":true,"href":"https:\/\/www.hydraulic-cylinders.net\/fi\/wp-json\/wp\/v2\/product_tag?post=16788"}],"curies":[{"name":"wp","href":"https:\/\/api.w.org\/{rel}","templated":true}]}}