{"id":16824,"date":"2025-01-21T05:57:05","date_gmt":"2025-01-21T05:57:05","guid":{"rendered":"https:\/\/www.hydraulic-cylinders.net\/product\/arm-cylinder-for-volwa-large-excavator-dls450-8b\/"},"modified":"2025-01-21T05:57:07","modified_gmt":"2025-01-21T05:57:07","slug":"arm-cylinder-for-volwa-large-excavator-dls450-8b","status":"publish","type":"product","link":"https:\/\/www.hydraulic-cylinders.net\/fi\/tuote\/arm-cylinder-for-volwa-large-excavator-dls450-8b\/","title":{"rendered":"Varren sylinteri Volwa-kaivukoneeseen DLS450-8B"},"content":{"rendered":"<h2>Varren sylinteri Volwa-kaivukoneeseen DLS450-8B<\/h2>\n<h3>Johdanto<\/h3>\n<p>Varren sylinteri on erityisesti suunniteltu hydraulisylinteri, jota k\u00e4ytet\u00e4\u00e4n lineaarisen liikkeen ja voiman tuottamiseen erilaisten koneiden, kuten kaivinkoneiden, nostureiden ja robottivarsien, varsille. Varren sylintereill\u00e4 on t\u00e4rke\u00e4 rooli hydraulij\u00e4rjestelm\u00e4ss\u00e4, sill\u00e4 ne mahdollistavat kiinnitettyjen ty\u00f6kalujen tai lis\u00e4varusteiden tehokkaan liikkeen ja ohjauksen. N\u00e4m\u00e4 sylinterit eiv\u00e4t ainoastaan \u200b\u200btarjoa tasaista liikett\u00e4, vaan ne kest\u00e4v\u00e4t my\u00f6s raskaita kuormia varmistaen koneiden tehokkaan toiminnan ja luotettavuuden erilaisissa k\u00e4ytt\u00f6olosuhteissa.<\/p>\n<p><img decoding=\"async\" src=\"https:\/\/www.hydraulic-cylinders.net\/wp-content\/uploads\/2025\/01\/songte-company-2.webp\" alt=\"Varren sylinterin kuva\"><\/p>\n<h3>Ominaisuudet<\/h3>\n<p>Volwa-suurkaivukoneen DLS450-8B varren sylinteriss\u00e4 on seuraavat ominaisuudet:<\/p>\n<ul>\n<li>Tehokas voimansiirto: Varren sylinteri tarjoaa tehokkaan lineaarisen liikkeen ja voiman, mik\u00e4 varmistaa robottivarren tehokkaan suorituskyvyn erilaisissa toiminnoissa.<\/li>\n<li>Tarkka ohjaus: Varren sylinteri voi saavuttaa tarkan liikkeenohjauksen hydraulij\u00e4rjestelm\u00e4n kautta, mik\u00e4 tekee kiinnitettyjen ty\u00f6kalujen k\u00e4yt\u00f6st\u00e4 joustavampaa ja tarkempaa.<\/li>\n<li>Vahva kest\u00e4vyys: Varsisylinterit on tyypillisesti valmistettu eritt\u00e4in lujista materiaaleista, ja niill\u00e4 on erinomainen kulutus- ja korroosionkest\u00e4vyys, mink\u00e4 ansiosta ne soveltuvat pitk\u00e4aikaiseen k\u00e4ytt\u00f6\u00f6n ankarissa olosuhteissa.<\/li>\n<li>Monitoiminnallinen mukautuvuus: N\u00e4it\u00e4 sylintereit\u00e4 voidaan k\u00e4ytt\u00e4\u00e4 laajalti erilaisissa mekaanisissa laitteissa, kuten kaivinkoneissa, nostureissa ja robottivarsissa, mukautuen erilaisiin ty\u00f6vaatimuksiin.<\/li>\n<li>Helppo huolto: Varren sylinterin suunnittelussa on otettu huomioon huollon ja vaihdon helppous, mik\u00e4 tekee s\u00e4\u00e4nn\u00f6llisest\u00e4 tarkastuksesta ja huollosta k\u00e4tev\u00e4mp\u00e4\u00e4 ja v\u00e4hent\u00e4\u00e4 laitteiden seisokkiaikaa.<\/li>\n<\/ul>\n<p>Voimme valmistaa t\u00e4t\u00e4 tuotetta, ja se voi t\u00e4ydellisesti korvata n\u00e4m\u00e4 hydraulisylinterit.<\/p>\n<p><img decoding=\"async\" src=\"https:\/\/www.hydraulic-cylinders.net\/wp-content\/uploads\/2025\/01\/songte-oil-pipes-and-spare-parts.webp\" alt=\"Vaihtosylinterin kuva\"><\/p>\n<h3>Sovellukset<\/h3>\n<p>Varren sylinteri\u00e4 voidaan k\u00e4ytt\u00e4\u00e4 useilla eri aloilla, kuten:<\/p>\n<ul>\n<li>Rakennustekniikka: Kaivinkoneissa ja nostureissa varsisylintereit\u00e4 k\u00e4ytet\u00e4\u00e4n lapioiden tai puomien liikkeen ohjaamiseen, maanrakennuksen, materiaalink\u00e4sittelyn ja rakenteellisten asennusten suorittamiseen.<\/li>\n<li>Valmistus: Automatisoiduilla tuotantolinjoilla varsisylintereit\u00e4 k\u00e4ytet\u00e4\u00e4n robottik\u00e4sivarsien liikuttamiseen, kokoonpano-, hitsaus- ja k\u00e4sittelyprosesseihin, mik\u00e4 parantaa tuotannon tehokkuutta ja tarkkuutta.<\/li>\n<li>Maatalouskoneet: Maatalouskoneissa, kuten puimureissa ja kylv\u00f6koneissa, varsisylinterit ohjaavat k\u00e4ytt\u00f6varsien liikett\u00e4 ja suorittavat teht\u00e4vi\u00e4, kuten kylv\u00f6\u00e4, lannoitusta ja sadonkorjuuta.<\/li>\n<li>Kaivostoiminta: Kaivoslaitteissa varsisylintereit\u00e4 k\u00e4ytet\u00e4\u00e4n kaivoslaitteiden varsien liikkeen ohjaamiseen malmin louhinnassa ja kuljetuksessa.<\/li>\n<li>Logistiikka ja kuljetus: Trukeissa ja robottien k\u00e4sittelyss\u00e4 varsisylintereit\u00e4 k\u00e4ytet\u00e4\u00e4n haarukoiden nostamisen ja liikkeen ohjaamiseen, mik\u00e4 mahdollistaa materiaalink\u00e4sittelyn ja pinoamisen.<\/li>\n<\/ul>\n<h3>Suunnittelun\u00e4k\u00f6kohdat ja valintakriteerit<\/h3>\n<p>Puomiston sylinterit ovat hydraulisten j\u00e4rjestelmien kriittisi\u00e4 osia, ja niiden suunnittelu ja valintakriteerit vaativat huolellista harkintaa. Seuraavat suunnittelussa huomioon otettavat seikat on otettava huomioon:<\/p>\n<h4>Kantavuus<\/h4>\n<p>Varren sylinterin on kestett\u00e4v\u00e4 siihen k\u00e4yt\u00f6n aikana kohdistuvat kuormitukset, jotka voivat vaihdella sovelluksesta riippuen. Sylinterin sis\u00e4halkaisija ja iskunpituus tulee valita kyseisen sovelluksen kuormitusvaatimusten perusteella.<\/p>\n<h4>Tiivistys<\/h4>\n<p>Varren sylinteri on tiivistett\u00e4v\u00e4 tehokkaasti hydraulinesteen vuotojen est\u00e4miseksi, sill\u00e4 ne voivat vahingoittaa muita komponentteja. Asianmukaisen tiivistyksen varmistamiseksi on k\u00e4ytett\u00e4v\u00e4 korkealaatuisia m\u00e4nn\u00e4n ja varren tiivisteit\u00e4, jotka on valmistettu esimerkiksi polyuretaanista tai nitriilikumista.<\/p>\n<h4>Kest\u00e4vyys<\/h4>\n<p>Varren sylinterin on oltava riitt\u00e4v\u00e4n kest\u00e4v\u00e4 kest\u00e4m\u00e4\u00e4n ankaria k\u00e4ytt\u00f6olosuhteita, kuten korkeita l\u00e4mp\u00f6tiloja, kosteutta ja korroosiota. Sylinterin rakentamisessa tulisi k\u00e4ytt\u00e4\u00e4 eritt\u00e4in lujia materiaaleja, kuten ter\u00e4st\u00e4 tai alumiiniseosta, kest\u00e4vyyden varmistamiseksi.<\/p>\n<h4>Turvallisuus<\/h4>\n<p>Varren sylinteri on suunniteltava turvallisuus mieless\u00e4 onnettomuuksien ja vammojen ehk\u00e4isemiseksi. Turvaominaisuudet, kuten paineenalennusventtiilit ja h\u00e4t\u00e4pys\u00e4ytyspainikkeet, tulisi sis\u00e4llytt\u00e4\u00e4 suunnitteluun turvallisen k\u00e4yt\u00f6n varmistamiseksi.<\/p>\n<h4>Yll\u00e4pidett\u00e4vyys<\/h4>\n<p>Varren sylinterin on oltava helppo huoltaa ja korjata seisokkiaikojen minimoimiseksi ja yll\u00e4pitokustannusten pienent\u00e4miseksi. Suunnittelussa tulisi olla ominaisuuksia, kuten irrotettavat p\u00e4\u00e4tykappaleet ja helposti vaihdettavat tiivisteet, huollon yksinkertaistamiseksi.<\/p>\n<p><img decoding=\"async\" src=\"https:\/\/www.hydraulic-cylinders.net\/wp-content\/uploads\/2025\/01\/songte-cylinder-head-with-all-kinds-excavator-models.webp\" alt=\"Sylinterin suunnittelukuva\"><\/p>\n<h3>Tiivistys ja voitelu<\/h3>\n<p>Varren sylinteri vaatii asianmukaisen tiivistyksen ja voitelun luotettavan toiminnan varmistamiseksi. Erilaiset tiivistyskomponentit, kuten m\u00e4nn\u00e4ntiivisteet ja varren tiivisteet, tulee valita k\u00e4ytt\u00f6tarkoituksen erityisvaatimusten mukaan. Sylinterin reik\u00e4 ja varren pinta tulee k\u00e4sitell\u00e4 hienoksi kulutuskest\u00e4vyyden parantamiseksi. Sopivan hydrauli\u00f6ljyn s\u00e4\u00e4nn\u00f6llinen lis\u00e4\u00e4minen on v\u00e4ltt\u00e4m\u00e4t\u00f6nt\u00e4 sylinterin voitelun ja j\u00e4\u00e4hdytyksen yll\u00e4pit\u00e4miseksi.<\/p>\n<h3>Huolto ja ennaltaehk\u00e4isev\u00e4t toimenpiteet<\/h3>\n<p>S\u00e4\u00e4nn\u00f6lliset tarkastukset ja ennaltaehk\u00e4isev\u00e4 huolto voivat pident\u00e4\u00e4 varren sylinterin k\u00e4ytt\u00f6ik\u00e4\u00e4. Seuraavat toimenpiteet on toteutettava:<\/p>\n<ul>\n<li>Tarkista sylinteri s\u00e4\u00e4nn\u00f6llisesti mahdollisten vaurioiden tai kulumisen varalta.<\/li>\n<li>Vaihda kaikki vaurioituneet tai kuluneet tiivisteet vuotojen est\u00e4miseksi.<\/li>\n<li>Varmista sylinterin asianmukainen voitelu kulumisen minimoimiseksi.<\/li>\n<li>Pid\u00e4 sylinteri ja hydrauliikkaj\u00e4rjestelm\u00e4 puhtaina kontaminaation est\u00e4miseksi.<\/li>\n<\/ul>\n<p><img decoding=\"async\" src=\"https:\/\/www.hydraulic-cylinders.net\/wp-content\/uploads\/2025\/01\/songte-chushion-collar.webp\" alt=\"Huoltokuva\"><\/p>\n<h3>Asennusopas<\/h3>\n<p>Sylinterin asentamiseksi on noudatettava seuraavia vaiheita:<\/p>\n<ol>\n<li>Aseta sylinteri haluttuun paikkaan ja kiinnit\u00e4 se pulteilla tai tapilla.<\/li>\n<li>Liit\u00e4 hydrauliletkut sylinterin portteihin.<\/li>\n<li>Varmista, ett\u00e4 kaikki hydrauliset liit\u00e4nn\u00e4t ovat tiukat ja vuotamattomat.<\/li>\n<li>Testaa sylinterin toiminta ja varmista, ett\u00e4 se toimii oikein.<\/li>\n<\/ol>\n<p><img decoding=\"async\" src=\"https:\/\/www.hydraulic-cylinders.net\/wp-content\/uploads\/2025\/01\/songte-bushings-with-all-kinds-of-excavator-models.webp\" alt=\"Asennuskuva\"><\/p>\n<h3>Turvallisuusn\u00e4k\u00f6kohdat ja ymp\u00e4rist\u00f6tekij\u00e4t<\/h3>\n<p>Varsisylinteri\u00e4 k\u00e4ytett\u00e4ess\u00e4 on t\u00e4rke\u00e4\u00e4 ryhty\u00e4 tarvittaviin turvatoimiin onnettomuuksien ja vammojen v\u00e4ltt\u00e4miseksi. J\u00e4rjestelm\u00e4n suunnittelussa tulisi olla turvaominaisuuksia, kuten paineenalennusventtiilej\u00e4 ja h\u00e4t\u00e4pys\u00e4ytyspainikkeita, turvallisen k\u00e4yt\u00f6n varmistamiseksi. Ymp\u00e4rist\u00f6tekij\u00e4t, kuten l\u00e4mp\u00f6tila, kosteus ja ep\u00e4puhtaudet, on my\u00f6s otettava huomioon luotettavan toiminnan varmistamiseksi erilaisissa olosuhteissa.<\/p>\n<h3>Vianm\u00e4\u00e4ritys ja yleiset ongelmat<\/h3>\n<p>Seuraavassa on joitakin yleisi\u00e4 ongelmia, joita voi esiinty\u00e4 varren sylinteri\u00e4 k\u00e4ytett\u00e4ess\u00e4:<\/p>\n<ul>\n<li>Vuotava hydraulineste<\/li>\n<li>Heikentynyt suorituskyky<\/li>\n<li>Meluisa toiminta<\/li>\n<\/ul>\n<p>N\u00e4iden ongelmien diagnosoimiseksi ja ratkaisemiseksi on noudatettava seuraavia vinkkej\u00e4:<\/p>\n<ul>\n<li>Tarkasta sylinteri ja hydrauliikkaletkut mahdollisten vuotojen varalta ja korjaa ne tarvittaessa.<\/li>\n<li>Tarkista hydraulinesteen m\u00e4\u00e4r\u00e4 ja laatu ja lis\u00e4\u00e4 tai vaihda nestett\u00e4 tarvittaessa.<\/li>\n<li>Tarkasta sylinteri vaurioiden tai kulumisen varalta ja vaihda kaikki vaurioituneet tai kuluneet osat.<\/li>\n<\/ul>\n<p>Mahdollisten ongelmien v\u00e4ltt\u00e4miseksi on t\u00e4rke\u00e4\u00e4 huoltaa ja tarkastaa sylinteri s\u00e4\u00e4nn\u00f6llisesti.<\/p>\n<p><img decoding=\"async\" src=\"https:\/\/www.hydraulic-cylinders.net\/wp-content\/uploads\/2025\/01\/songte-company-4.webp\" alt=\"Yrityksen imago\"><br \/>\n<img decoding=\"async\" src=\"https:\/\/www.hydraulic-cylinders.net\/wp-content\/uploads\/2025\/01\/songte-company-3.webp\" alt=\"Yrityksen imago\"><\/p>\n<h3>Tietoa meist\u00e4<\/h3>\n<p>Olemme ammattimainen hydraulisten sylinterien valmistaja, jolla on laaja tuotevalikoima. Olemme yksi johtavista hydraulisten sylinterien valmistajista ja tukkumyyjist\u00e4 kotimaassa ja kansainv\u00e4lisesti. Noudatamme aina erinomaisuuden periaatetta laadussa ja luotamme hienostuneiden tuotantolaitosten tuotannonohjausstrategioihin parantaaksemme jatkuvasti teknist\u00e4 tasoamme ja tuotantotehokkuuttamme. Ottamalla k\u00e4ytt\u00f6\u00f6n huippuluokan digitaalisia valmistuslaitteita ja ammattimaisia \u200b\u200btestausj\u00e4rjestelmi\u00e4, optimoimme jatkuvasti valmistusymp\u00e4rist\u00f6\u00e4mme ja parannamme tuotteidemme laadunvalvontaprosessia vahvan innovaatiokyvyn avulla. Tavoitteenamme on vastata asiakkaidemme monipuolisiin tarpeisiin tehokkaalla, tarkalla ja laadukkaalla tavalla.<\/p>\n<p>Tarjoamme ammattimaisia, kansainv\u00e4lisesti sertifioituja ja r\u00e4\u00e4t\u00e4l\u00f6ityj\u00e4 palveluita, ja meill\u00e4 on edistyneet tuotantolaitteet ja kattavat huoltopalvelut.<\/p>\n<p>Kirjoittaja: lyl.<\/p>","protected":false},"excerpt":{"rendered":"<p>Arm Cylinder For Volwa Large Excavator DLS450-8B Introduction An arm cylinder is a specially designed hydraulic cylinder that is used to provide linear motion and power to the arms of various types of machinery such as excavators, cranes, and robotic arms. Arm cylinders play a vital role in the hydraulic system, enabling the efficient movement [&hellip;]<\/p>","protected":false},"featured_media":14766,"comment_status":"open","ping_status":"closed","template":"","meta":{"_et_pb_use_builder":"","_et_pb_old_content":"","_et_gb_content_width":""},"product_brand":[],"product_cat":[1497],"product_tag":[1498,1496],"class_list":{"0":"post-16824","1":"product","2":"type-product","3":"status-publish","4":"has-post-thumbnail","6":"product_cat-arm-cylinders","7":"product_tag-arm-cylinders","8":"product_tag-hydraulic-cylinders","10":"first","11":"instock","12":"shipping-taxable","13":"product-type-simple"},"amp_enabled":true,"_links":{"self":[{"href":"https:\/\/www.hydraulic-cylinders.net\/fi\/wp-json\/wp\/v2\/product\/16824","targetHints":{"allow":["GET"]}}],"collection":[{"href":"https:\/\/www.hydraulic-cylinders.net\/fi\/wp-json\/wp\/v2\/product"}],"about":[{"href":"https:\/\/www.hydraulic-cylinders.net\/fi\/wp-json\/wp\/v2\/types\/product"}],"replies":[{"embeddable":true,"href":"https:\/\/www.hydraulic-cylinders.net\/fi\/wp-json\/wp\/v2\/comments?post=16824"}],"wp:featuredmedia":[{"embeddable":true,"href":"https:\/\/www.hydraulic-cylinders.net\/fi\/wp-json\/wp\/v2\/media\/14766"}],"wp:attachment":[{"href":"https:\/\/www.hydraulic-cylinders.net\/fi\/wp-json\/wp\/v2\/media?parent=16824"}],"wp:term":[{"taxonomy":"product_brand","embeddable":true,"href":"https:\/\/www.hydraulic-cylinders.net\/fi\/wp-json\/wp\/v2\/product_brand?post=16824"},{"taxonomy":"product_cat","embeddable":true,"href":"https:\/\/www.hydraulic-cylinders.net\/fi\/wp-json\/wp\/v2\/product_cat?post=16824"},{"taxonomy":"product_tag","embeddable":true,"href":"https:\/\/www.hydraulic-cylinders.net\/fi\/wp-json\/wp\/v2\/product_tag?post=16824"}],"curies":[{"name":"wp","href":"https:\/\/api.w.org\/{rel}","templated":true}]}}