{"id":16827,"date":"2025-01-21T05:57:18","date_gmt":"2025-01-21T05:57:18","guid":{"rendered":"https:\/\/www.hydraulic-cylinders.net\/product\/arm-cylinder-for-volwa-cane-unloader-dls880-9a\/"},"modified":"2025-01-21T05:57:23","modified_gmt":"2025-01-21T05:57:23","slug":"arm-cylinder-for-volwa-cane-unloader-dls880-9a","status":"publish","type":"product","link":"https:\/\/www.hydraulic-cylinders.net\/fi\/tuote\/arm-cylinder-for-volwa-cane-unloader-dls880-9a\/","title":{"rendered":"Volwa-ruo'onpurkaimen DLS880-9A varren sylinteri"},"content":{"rendered":"<h1>Volwa-ruo'onpurkaimen DLS880-9A varren sylinteri<\/h1>\n<h2>Johdanto<\/h2>\n<h3>Varren sylinterin m\u00e4\u00e4rittely<\/h3>\n<p>Varren sylinteri on erityisesti suunniteltu hydraulisylinteri, jota k\u00e4ytet\u00e4\u00e4n lineaarisen liikkeen ja voiman tarjoamiseen erityyppisten koneiden, kuten kaivinkoneiden, nostureiden ja mekaanisten varsien, varsille. Varren sylintereill\u00e4 on ratkaiseva rooli hydraulij\u00e4rjestelmiss\u00e4, sill\u00e4 ne mahdollistavat lis\u00e4laitteiden tai lis\u00e4varusteiden tehokkaan liikkumisen ja ohjauksen. N\u00e4m\u00e4 sylinterit eiv\u00e4t ainoastaan \u200b\u200bsaavuta tasaista liikett\u00e4, vaan ne kest\u00e4v\u00e4t my\u00f6s raskaita kuormia varmistaen koneiden tehokkaan toiminnan ja luotettavuuden erilaisissa k\u00e4ytt\u00f6olosuhteissa.<\/p>\n<p><img decoding=\"async\" src=\"https:\/\/www.hydraulic-cylinders.net\/wp-content\/uploads\/2025\/01\/songte-company-2.webp\" alt=\"Varren sylinterin kuva\"><\/p>\n<h3>Varren sylinterin ominaisuudet<\/h3>\n<ul>\n<li><b>Tehokas vaihteisto:<\/b> Varren sylinterit tarjoavat tehokkaan lineaarisen liikkeen ja voiman, mik\u00e4 varmistaa mekaanisten varsien korkean hy\u00f6tysuhteen erilaisissa toiminnoissa.<\/li>\n<li><b>Tarkka ohjaus:<\/b> Varren sylinterit voivat saavuttaa tarkan liikkeenohjauksen hydraulisten j\u00e4rjestelmien avulla, mik\u00e4 tekee lis\u00e4laitteiden k\u00e4yt\u00f6st\u00e4 joustavampaa ja tarkempaa.<\/li>\n<li><b>Vahva kest\u00e4vyys:<\/b> Varsisylinterit on yleens\u00e4 valmistettu eritt\u00e4in lujista materiaaleista, joilla on hyv\u00e4 kulutus- ja korroosionkest\u00e4vyys, ja ne soveltuvat pitk\u00e4aikaiseen k\u00e4ytt\u00f6\u00f6n ankarissa olosuhteissa.<\/li>\n<li><b>Monitoiminnallinen mukautuvuus:<\/b> N\u00e4it\u00e4 sylintereit\u00e4 k\u00e4ytet\u00e4\u00e4n laajalti erilaisissa mekaanisissa laitteissa, kuten kaivinkoneissa, nostureissa ja mekaanisissa k\u00e4sivarsissa, ja ne mukautuvat erilaisiin ty\u00f6vaatimuksiin.<\/li>\n<li><b>Helppo huolto:<\/b> Helppoa huoltoa ja vaihtoa silm\u00e4ll\u00e4 pit\u00e4en suunniteltu s\u00e4\u00e4nn\u00f6lliset tarkastukset ja huolto ovat k\u00e4tev\u00e4mpi\u00e4, mik\u00e4 v\u00e4hent\u00e4\u00e4 laitteiden seisokkiaikaa.<\/li>\n<\/ul>\n<p>Voimme valmistaa t\u00e4t\u00e4 tuotetta, joka voi t\u00e4ydellisesti korvata n\u00e4m\u00e4 hydraulisylinterit.<\/p>\n<p><img decoding=\"async\" src=\"https:\/\/www.hydraulic-cylinders.net\/wp-content\/uploads\/2025\/01\/songte-oil-pipes-and-spare-parts.webp\" alt=\"Hydraulisylinterin osien kuva\"><\/p>\n<h2>Varren sylinterin sovellukset<\/h2>\n<p>Varsisylinteri\u00e4 k\u00e4ytet\u00e4\u00e4n laajalti useilla eri teollisuudenaloilla, mukaan lukien:<\/p>\n<ul>\n<li><b>Rakennustekniikka:<\/b> Kaivinkoneissa ja nostureissa varsisylintereit\u00e4 k\u00e4ytet\u00e4\u00e4n kauhojen tai puomien liikkeit\u00e4 ohjaamaan maanrakennust\u00f6iden, materiaalink\u00e4sittelyn ja rakenteellisten asennusten suorittamisessa.<\/li>\n<li><b>Valmistus:<\/b> Automatisoiduilla tuotantolinjoilla varsisylintereit\u00e4 k\u00e4ytet\u00e4\u00e4n mekaanisten varsien liikuttamiseen, kokoonpano-, hitsaus- ja k\u00e4sittelyprosesseihin, mik\u00e4 parantaa tuotannon tehokkuutta ja tarkkuutta.<\/li>\n<li><b>Maatalouskoneet:<\/b> Maatalouskoneissa, kuten puimureissa ja kylv\u00f6koneissa, varsisylinterit ohjaavat k\u00e4ytt\u00f6varsien liikett\u00e4 ja suorittavat kylv\u00f6-, lannoitus- ja sadonkorjuuteht\u00e4vi\u00e4.<\/li>\n<li><b>Kaivostoiminta:<\/b> Kaivoslaitteissa varsisylintereit\u00e4 k\u00e4ytet\u00e4\u00e4n kaivoslaitteiden varren liikkeen ohjaamiseen, malmin louhinnan ja kuljetuksen suorittamiseen.<\/li>\n<li><b>Logistiikka ja kuljetus:<\/b> Trukeissa ja robottien k\u00e4sittelyss\u00e4 varsisylintereit\u00e4 k\u00e4ytet\u00e4\u00e4n haarukoiden nostamisen ja liikkeen ohjaamiseen, mik\u00e4 mahdollistaa materiaalink\u00e4sittelyn ja pinoamisen.<\/li>\n<\/ul>\n<h2>Suunnittelun\u00e4k\u00f6kohdat ja valintakriteerit<\/h2>\n<h3>Kantavuus<\/h3>\n<p>Varren sylinterin kuormankantokyky on ratkaisevan t\u00e4rke\u00e4 suunnittelukriteeri. Meid\u00e4n on varmistettava, ett\u00e4 sylinteri kest\u00e4\u00e4 kohdistetun kuormituksen ilman vikaantumista tai lommahtamista.<\/p>\n<h3>Tiivistys<\/h3>\n<p>Varren sylinteri vaatii korkealaatuisen tiivistyksen vuotojen est\u00e4miseksi. K\u00e4yt\u00e4mme erilaisia \u200b\u200btiivistyskomponentteja, kuten m\u00e4nn\u00e4ntiivisteit\u00e4 ja varren tiivisteit\u00e4, jotka on valmistettu kulutusta kest\u00e4vist\u00e4 materiaaleista, kuten polyuretaanista ja nitriilikumista, sylinterin pitk\u00e4n k\u00e4ytt\u00f6i\u00e4n varmistamiseksi.<\/p>\n<h3>Kest\u00e4vyys<\/h3>\n<p>Varren sylinterin on oltava kest\u00e4v\u00e4 ja kest\u00e4v\u00e4 kulumiselle, korroosiolle ja muille vaurioille, joita voi esiinty\u00e4 ankarissa olosuhteissa.<\/p>\n<h3>Turvallisuus<\/h3>\n<p>Varren sylinteri on suunniteltava turvallisuus mieless\u00e4. Ylikuormituksen est\u00e4miseksi on oltava turvamekanismit, kuten paineenalennusventtiilit.<\/p>\n<h3>Yll\u00e4pidett\u00e4vyys<\/h3>\n<p>Varren sylinterin tulee olla helposti huollettavissa ja korjattavissa, ja varaosien saatavuus ja huolto-ohjelma tulisi olla selke\u00e4.<\/p>\n<p><img decoding=\"async\" src=\"https:\/\/www.hydraulic-cylinders.net\/wp-content\/uploads\/2025\/01\/songte-cylinder-head-with-all-kinds-excavator-models.webp\" alt=\"Hydraulisylinterin kannen kuva\"><\/p>\n<h2>Tiivistys ja voitelu<\/h2>\n<p>Vuotojen est\u00e4miseksi k\u00e4ytet\u00e4\u00e4n erilaisia \u200b\u200btiivistekomponentteja, kuten m\u00e4nn\u00e4ntiivisteit\u00e4 ja varren tiivisteit\u00e4. N\u00e4m\u00e4 tiivistekomponentit on valmistettu kulutusta kest\u00e4vist\u00e4 materiaaleista, kuten polyuretaanista ja nitriilikumista. Sylinterinkannen, m\u00e4nn\u00e4n ja varren pinnat on hienok\u00e4sitelty kulutuskest\u00e4vyyden parantamiseksi. S\u00e4\u00e4nn\u00f6llinen voitelu hydrauliikka\u00f6ljyll\u00e4 on v\u00e4ltt\u00e4m\u00e4t\u00f6nt\u00e4 sylinterin sujuvan toiminnan varmistamiseksi.<\/p>\n<h2>Huolto ja ennaltaehk\u00e4isev\u00e4t toimenpiteet<\/h2>\n<ul>\n<li>Varren sylinterin s\u00e4\u00e4nn\u00f6llinen tarkastus ja huolto on suoritettava mahdollisten ongelmien tunnistamiseksi ennen kuin niist\u00e4 tulee vakavia.<\/li>\n<li>Kuluneet tai vaurioituneet osat on vaihdettava viipym\u00e4tt\u00e4 lis\u00e4vaurioiden v\u00e4ltt\u00e4miseksi.<\/li>\n<li>K\u00e4yt\u00e4 asianmukaisia \u200b\u200bhydrauliikka\u00f6ljyj\u00e4 ja suodatinelementtej\u00e4 asianmukaisen voitelun varmistamiseksi ja kontaminaation est\u00e4miseksi.<\/li>\n<\/ul>\n<p><img decoding=\"async\" src=\"https:\/\/www.hydraulic-cylinders.net\/wp-content\/uploads\/2025\/01\/songte-chushion-collar.webp\" alt=\"Hydraulisylinterin kauluskuva\"><\/p>\n<h2>Asennusohjeet<\/h2>\n<p>Asenna varren sylinteri seuraavasti:<\/p>\n<ol>\n<li>Varmista, ett\u00e4 kiinnityspinnat ovat puhtaat ja vapaat roskista.<\/li>\n<li>Levit\u00e4 ohut kerros hydrauliikka\u00f6ljy\u00e4 sylinterin tankoon.<\/li>\n<li>Asenna sylinteri oikeaan asentoon ja kiinnit\u00e4 se paikalleen.<\/li>\n<li>Liit\u00e4 hydrauliletkut ja liittimet sylinteriin.<\/li>\n<li>Tarkista vuodot ja kirist\u00e4 kaikki liittimet kunnolla.<\/li>\n<\/ol>\n<p><img decoding=\"async\" src=\"https:\/\/www.hydraulic-cylinders.net\/wp-content\/uploads\/2025\/01\/songte-bushings-with-all-kinds-of-excavator-models.webp\" alt=\"Hydraulisylinterin holkit Kuva\"><\/p>\n<h2>Turvallisuusn\u00e4k\u00f6kohdat ja ymp\u00e4rist\u00f6tekij\u00e4t<\/h2>\n<p>Hydraulisten laitteiden kanssa ty\u00f6skennelt\u00e4ess\u00e4 turvallisuuden on oltava etusijalla. Asianmukaista koulutusta, suojavarusteita ja turvallisuusprotokollia on noudatettava.<\/p>\n<h2>Vianm\u00e4\u00e4ritys ja yleiset ongelmat<\/h2>\n<p>Yleisi\u00e4 ongelmia varsisylintereiden kanssa ovat vuodot, hidas toiminta ja paineenpit\u00e4m\u00e4tt\u00f6myydet. N\u00e4it\u00e4 ongelmia voivat aiheuttaa kuluneet tiivisteet, likaantunut hydraulineste tai vaurioituneet komponentit. Ongelman vianm\u00e4\u00e4ritykseen kuuluu syyn tunnistaminen ja asianmukaisten korjaavien toimenpiteiden toteuttaminen.<\/p>\n<h2>Johtop\u00e4\u00e4t\u00f6s<\/h2>\n<p>Olemme ammattimainen hydraulisylinterien valmistaja, jolla on laaja tuotevalikoima ja joka on tunnustettu yhdeksi johtavista hydraulisylinterien valmistajista ja tukkumyyjist\u00e4 kotimaisilla ja kansainv\u00e4lisill\u00e4 markkinoilla. Noudatamme aina erinomaisuuden periaatetta laadussa, luotamme tarkkuusvalmistusty\u00f6pajan teollistettuun tuotannonohjausstrategiaan ja parannamme jatkuvasti teknist\u00e4 tasoamme ja tuotantotehokkuuttamme. Tavoitteenamme on vastata asiakkaiden monipuolisiin tarpeisiin korkean tehokkuuden, tarkkuuden ja korkean laadun periaatteilla.<\/p>\n<p><img decoding=\"async\" src=\"https:\/\/www.hydraulic-cylinders.net\/wp-content\/uploads\/2025\/01\/songte-company-4.webp\" alt=\"Hydraulisylinterin yrityskuva\"><br \/>\n<img decoding=\"async\" src=\"https:\/\/www.hydraulic-cylinders.net\/wp-content\/uploads\/2025\/01\/songte-company-3.webp\" alt=\"Hydraulisylinterin yrityskuva\"><\/p>\n<h2>Yrityksen yleiskatsaus<\/h2>\n<ul>\n<li><b>Ammattimaisuus:<\/b> Tiimimme koostuu eritt\u00e4in kokeneista ja ammattitaitoisista ammattilaisista, jotka ovat sitoutuneet tarjoamaan korkealaatuisia hydraulisylintereit\u00e4.<\/li>\n<li><b>Kansainv\u00e4liset sertifikaatit:<\/b> Tuotteemme ovat saaneet useita kansainv\u00e4lisi\u00e4 sertifikaatteja, kuten ISO9001, CE ja TUV, mik\u00e4 takaa niiden laadun ja luotettavuuden.<\/li>\n<li><b>Mukauttaminen:<\/b> Toimitamme r\u00e4\u00e4t\u00e4l\u00f6ityj\u00e4 hydraulisylintereit\u00e4 asiakkaan vaatimusten mukaisesti varmistaen, ett\u00e4 heid\u00e4n erityistarpeensa t\u00e4yttyv\u00e4t.<\/li>\n<li><b>Tuotantolaitteet:<\/b> Tuotantolaitteistoomme kuuluvat huippuluokan digitaaliset valmistuslaitteet ja ammattimaiset testausj\u00e4rjestelm\u00e4t, joiden avulla voimme tuottaa korkealaatuisia tuotteita tehokkaasti.<\/li>\n<li><b>Myynnin j\u00e4lkeinen palvelu:<\/b> Tarjoamme 24\/7 myynnin j\u00e4lkeist\u00e4 tukea varmistaaksemme, ett\u00e4 asiakkaamme saavat oikea-aikaisia \u200b\u200bja tehokkaita ratkaisuja kaikkiin kohtaamiinsa ongelmiin.<\/li>\n<\/ul>\n<p>Kirjoittaja: lyl<\/p>","protected":false},"excerpt":{"rendered":"<p>Arm Cylinder For Volwa Cane Unloader DLS880-9A Introduction Defining Arm Cylinder An arm cylinder is a specially designed hydraulic cylinder used to provide linear motion and power for arms of various types of machinery, such as excavators, cranes, and mechanical arms. Arm cylinders play a critical role in hydraulic systems, enabling attachments or accessories to [&hellip;]<\/p>","protected":false},"featured_media":14786,"comment_status":"open","ping_status":"closed","template":"","meta":{"_et_pb_use_builder":"","_et_pb_old_content":"","_et_gb_content_width":""},"product_brand":[],"product_cat":[1497],"product_tag":[1498,1496],"class_list":{"0":"post-16827","1":"product","2":"type-product","3":"status-publish","4":"has-post-thumbnail","6":"product_cat-arm-cylinders","7":"product_tag-arm-cylinders","8":"product_tag-hydraulic-cylinders","10":"first","11":"instock","12":"shipping-taxable","13":"product-type-simple"},"amp_enabled":true,"_links":{"self":[{"href":"https:\/\/www.hydraulic-cylinders.net\/fi\/wp-json\/wp\/v2\/product\/16827","targetHints":{"allow":["GET"]}}],"collection":[{"href":"https:\/\/www.hydraulic-cylinders.net\/fi\/wp-json\/wp\/v2\/product"}],"about":[{"href":"https:\/\/www.hydraulic-cylinders.net\/fi\/wp-json\/wp\/v2\/types\/product"}],"replies":[{"embeddable":true,"href":"https:\/\/www.hydraulic-cylinders.net\/fi\/wp-json\/wp\/v2\/comments?post=16827"}],"wp:featuredmedia":[{"embeddable":true,"href":"https:\/\/www.hydraulic-cylinders.net\/fi\/wp-json\/wp\/v2\/media\/14786"}],"wp:attachment":[{"href":"https:\/\/www.hydraulic-cylinders.net\/fi\/wp-json\/wp\/v2\/media?parent=16827"}],"wp:term":[{"taxonomy":"product_brand","embeddable":true,"href":"https:\/\/www.hydraulic-cylinders.net\/fi\/wp-json\/wp\/v2\/product_brand?post=16827"},{"taxonomy":"product_cat","embeddable":true,"href":"https:\/\/www.hydraulic-cylinders.net\/fi\/wp-json\/wp\/v2\/product_cat?post=16827"},{"taxonomy":"product_tag","embeddable":true,"href":"https:\/\/www.hydraulic-cylinders.net\/fi\/wp-json\/wp\/v2\/product_tag?post=16827"}],"curies":[{"name":"wp","href":"https:\/\/api.w.org\/{rel}","templated":true}]}}