{"id":16829,"date":"2025-01-21T05:57:31","date_gmt":"2025-01-21T05:57:31","guid":{"rendered":"https:\/\/www.hydraulic-cylinders.net\/product\/arm-cylinder-for-volwa-cane-unloader-dls190-9a\/"},"modified":"2025-01-21T05:57:33","modified_gmt":"2025-01-21T05:57:33","slug":"arm-cylinder-for-volwa-cane-unloader-dls190-9a","status":"publish","type":"product","link":"https:\/\/www.hydraulic-cylinders.net\/fi\/tuote\/arm-cylinder-for-volwa-cane-unloader-dls190-9a\/","title":{"rendered":"Varren sylinteri Volwa-ruo'onpurkajaan DLS190-9A"},"content":{"rendered":"<h1>Varren sylinteri Volwa-ruo'onpurkajaan DLS190-9A<\/h1>\n<h2>Johdanto<\/h2>\n<p>Varren sylinteri on hydraulinen sylinterityyppi, joka on erityisesti suunniteltu tarjoamaan lineaarista liikett\u00e4 ja voimaa erilaisille koneen varsille, kuten kaivinkoneille, nostureille ja mekaanisille varsille. Sill\u00e4 on ratkaiseva rooli hydraulij\u00e4rjestelmiss\u00e4, sill\u00e4 se mahdollistaa lis\u00e4ty\u00f6kalujen tai lis\u00e4laitteiden tehokkaan liikkumisen ja hallinnan. N\u00e4m\u00e4 sylinterit eiv\u00e4t ainoastaan \u200b\u200bsaavuta tasaista toimintaa, vaan ne kest\u00e4v\u00e4t my\u00f6s raskaita kuormia varmistaen koneiden tehokkaan toiminnan ja luotettavuuden erilaisissa k\u00e4ytt\u00f6olosuhteissa.<\/p>\n<p><img decoding=\"async\" src=\"https:\/\/www.hydraulic-cylinders.net\/wp-content\/uploads\/2025\/01\/songte-company-2.webp\" alt=\"varren sylinterin kuva\"><\/p>\n<h2>Ominaisuudet<\/h2>\n<ul>\n<li>Suuri tehonsiirto: Varren sylinteri tarjoaa tehokkaan lineaarisen liikkeen ja voiman, mik\u00e4 varmistaa mekaanisen varren korkean hy\u00f6tysuhteen erilaisissa toiminnoissa.<\/li>\n<li>Tarkka ohjaus: Hydraulisen j\u00e4rjestelm\u00e4n avulla varren sylinteri voi saavuttaa tarkan liikkeenohjauksen, mik\u00e4 tekee lis\u00e4ty\u00f6kalujen k\u00e4yt\u00f6st\u00e4 joustavampaa ja tarkempaa.<\/li>\n<li>Vahva kest\u00e4vyys: Varsisylinterit on yleens\u00e4 valmistettu eritt\u00e4in lujista materiaaleista ja niill\u00e4 on hyv\u00e4 kulutus- ja korroosionkest\u00e4vyys, joten ne soveltuvat pitk\u00e4aikaiseen k\u00e4ytt\u00f6\u00f6n ankarissa olosuhteissa.<\/li>\n<li>Monitoiminnallinen mukautuvuus: N\u00e4it\u00e4 sylintereit\u00e4 voidaan k\u00e4ytt\u00e4\u00e4 laajasti erityyppisiss\u00e4 koneissa, kuten kaivinkoneissa, nostureissa ja mekaanisissa k\u00e4sivarsissa, mukautuen erilaisiin ty\u00f6vaatimuksiin.<\/li>\n<li>Helppo huolto: Suunnittelussa on otettu huomioon huollon ja vaihdon helppous, mik\u00e4 tekee s\u00e4\u00e4nn\u00f6llisest\u00e4 tarkastuksesta ja huollosta k\u00e4tev\u00e4mp\u00e4\u00e4 ja v\u00e4hent\u00e4\u00e4 laitteiden seisokkiaikaa.<\/li>\n<\/ul>\n<p>Voimme tuottaa t\u00e4t\u00e4 tuotetta, ja tuotteemme voi t\u00e4ydellisesti korvata n\u00e4m\u00e4 hydraulisylinterit.<\/p>\n<p><img decoding=\"async\" src=\"https:\/\/www.hydraulic-cylinders.net\/wp-content\/uploads\/2025\/01\/songte-oil-pipes-and-spare-parts.webp\" alt=\"varaosien kuva\"><\/p>\n<h2>Sovellukset<\/h2>\n<p>Varsisylintereit\u00e4 k\u00e4ytet\u00e4\u00e4n laajalti eri teollisuudenaloilla ja niill\u00e4 on lukuisia sovelluksia, kuten:<\/p>\n<ul>\n<li><strong>Rakennustekniikka:<\/strong> Kaivinkoneissa ja nostureissa varsisylintereit\u00e4 k\u00e4ytet\u00e4\u00e4n kauhojen tai puomien liikkeen ohjaamiseen maanrakennuksessa, materiaalink\u00e4sittelyss\u00e4 ja rakenteellisissa asennuksissa.<\/li>\n<li><strong>Valmistus:<\/strong> Automatisoiduilla tuotantolinjoilla varsisylintereit\u00e4 k\u00e4ytet\u00e4\u00e4n mekaanisten varsien liikuttamiseen kokoonpanossa, hitsauksessa ja tuotannon k\u00e4sittelyss\u00e4, mik\u00e4 lis\u00e4\u00e4 tuottavuutta ja tarkkuutta.<\/li>\n<li><strong>Maatalouskoneet:<\/strong> Maatalouskoneissa, kuten puimureissa ja istutuskoneissa, varsisylinterit ohjaavat k\u00e4ytt\u00f6varsien liikett\u00e4 ja suorittavat teht\u00e4vi\u00e4, kuten kylv\u00f6\u00e4, lannoitusta ja sadonkorjuuta.<\/li>\n<li><strong>Kaivostoiminta:<\/strong> Kaivoslaitteissa varsisylintereit\u00e4 k\u00e4ytet\u00e4\u00e4n kaivoslaitteiden varren liikkeen ohjaamiseen, esimerkiksi mineraalien louhinnan ja kuljetuksen suorittamiseen.<\/li>\n<li><strong>Logistiikka ja kuljetus:<\/strong> Trukeissa ja robottien k\u00e4sittelyss\u00e4 varsisylintereit\u00e4 k\u00e4ytet\u00e4\u00e4n haarukoiden nostamisen ja siirt\u00e4misen ohjaamiseen, mik\u00e4 mahdollistaa materiaalink\u00e4sittelyn ja pinoamisen.<\/li>\n<\/ul>\n<h2>Suunnittelun\u00e4k\u00f6kohdat ja valintakriteerit<\/h2>\n<p>Varsisylinterit on suunniteltu ottaen huomioon useita keskeisi\u00e4 n\u00e4k\u00f6kohtia, mukaan lukien:<\/p>\n<ul>\n<li><strong>Kantavuus:<\/strong> Sylinterin on kestett\u00e4v\u00e4 siihen kohdistuvat voimat ja sen nostama kuorma.<\/li>\n<li><strong>Tiivistys:<\/strong> Varsisylintereiss\u00e4 k\u00e4ytet\u00e4\u00e4n erilaisia \u200b\u200btiivisteit\u00e4, kuten m\u00e4nn\u00e4ntiivisteit\u00e4 ja varren tiivisteit\u00e4, jotka valitaan niiden kulutuskest\u00e4vyyden, kest\u00e4vyyden ja kemiallisen yhteensopivuuden perusteella.<\/li>\n<li><strong>Kest\u00e4vyys:<\/strong> Varsisylinterit on tyypillisesti valmistettu eritt\u00e4in lujista materiaaleista ja k\u00e4sitellyist\u00e4 pinnoista, jotka kest\u00e4v\u00e4t hankausta ja korroosiota.<\/li>\n<li><strong>Turvallisuus:<\/strong> Varsisylinterien on oltava suunniteltu siten, ett\u00e4 ne toimivat turvallisesti, ja niiss\u00e4 on oltava turvaominaisuuksia, kuten lukitusventtiilit ja paineenalennusventtiilit.<\/li>\n<li><strong>Yll\u00e4pidett\u00e4vyys:<\/strong> Varsisylinterien on oltava helppohoitoisia, ja niiss\u00e4 on oltava ominaisuuksia, kuten vaihdettavat tiivisteet ja helppo p\u00e4\u00e4sy sis\u00e4isiin osiin.<\/li>\n<\/ul>\n<p><img decoding=\"async\" src=\"https:\/\/www.hydraulic-cylinders.net\/wp-content\/uploads\/2025\/01\/songte-cylinder-head-with-all-kinds-excavator-models.webp\" alt=\"sylinterikannen kuva\"><\/p>\n<h2>Tiivistys ja voitelu<\/h2>\n<p>Varsisylintereiss\u00e4 k\u00e4ytet\u00e4\u00e4n erilaisia \u200b\u200btiivisteit\u00e4, kuten m\u00e4nn\u00e4ntiivisteit\u00e4 ja varren tiivisteit\u00e4, jotka on valmistettu kulutusta kest\u00e4vist\u00e4 materiaaleista, kuten polyuretaanista ja nitriilikumista. Sylinterin runko ja kierteitetyt p\u00e4\u00e4t on hienok\u00e4sitelty kulutuskest\u00e4vyyden parantamiseksi. Sylinterin voitelu ja vuotojen est\u00e4miseksi on tarpeen lis\u00e4t\u00e4 s\u00e4\u00e4nn\u00f6llisesti sopivaa hydrauliikka\u00f6ljy\u00e4.<\/p>\n<p><img decoding=\"async\" src=\"https:\/\/www.hydraulic-cylinders.net\/wp-content\/uploads\/2025\/01\/songte-chushion-collar.webp\" alt=\"hylkeiden kuva\"><\/p>\n<h2>Huolto ja ennaltaehk\u00e4isev\u00e4t toimenpiteet<\/h2>\n<p>S\u00e4\u00e4nn\u00f6llinen tarkastus ja ennaltaehk\u00e4isev\u00e4 huolto ovat v\u00e4ltt\u00e4m\u00e4tt\u00f6mi\u00e4 varsivarsien sylinterien tehokkaan toiminnan ja pitk\u00e4n k\u00e4ytt\u00f6i\u00e4n varmistamiseksi. Joitakin suositeltuja toimenpiteit\u00e4 ovat:<\/p>\n<ul>\n<li>Tarkista sylinteri s\u00e4\u00e4nn\u00f6llisesti kulumisen, vuotojen ja muiden vaurioiden varalta.<\/li>\n<li>Pid\u00e4 sylinteri ja hydrauliikkaj\u00e4rjestelm\u00e4 puhtaina kontaminaation est\u00e4miseksi.<\/li>\n<li>Varmista, ett\u00e4 sylinteri on asianmukaisesti voideltu suositellulla hydrauliikka\u00f6ljyll\u00e4 ja ett\u00e4 \u00f6ljynpinta on riitt\u00e4v\u00e4.<\/li>\n<li>Noudata valmistajan huoltosuosituksia ja -menettelyj\u00e4.<\/li>\n<\/ul>\n<h2>Asennusopas<\/h2>\n<p>Varsisylinterien asennus vaatii huolellista huomiota oikean toiminnan varmistamiseksi. Joitakin olennaisia \u200b\u200bvaiheita ovat:<\/p>\n<ul>\n<li>Varmista, ett\u00e4 sylinteri on yhteensopiva koneen ja k\u00e4ytt\u00f6tarkoituksen kanssa.<\/li>\n<li>Asenna hydrauliletkut ja -liittimet vaatimusten mukaisesti.<\/li>\n<li>Varmista, ett\u00e4 sylinteri on oikein kohdistettu koneeseen.<\/li>\n<li>Tarkista vuodot ja asianmukainen toiminta asennuksen j\u00e4lkeen.<\/li>\n<\/ul>\n<p><img decoding=\"async\" src=\"https:\/\/www.hydraulic-cylinders.net\/wp-content\/uploads\/2025\/01\/songte-bushings-with-all-kinds-of-excavator-models.webp\" alt=\"holkkien kuva\"><\/p>\n<h2>Turvallisuusn\u00e4k\u00f6kohdat ja ymp\u00e4rist\u00f6tekij\u00e4t<\/h2>\n<p>Varsisylinterien turvallinen k\u00e4ytt\u00f6 edellytt\u00e4\u00e4 asianmukaista koulutusta ja huoltoa sek\u00e4 k\u00e4ytt\u00f6ohjeen turvallisuusohjeiden noudattamista. Ymp\u00e4rist\u00f6tekij\u00e4t, kuten l\u00e4mp\u00f6tila, kosteus ja altistuminen kemikaaleille, voivat vaikuttaa varsisylinterien suorituskykyyn ja pitk\u00e4ik\u00e4isyyteen.<\/p>\n<h2>Yleisi\u00e4 ongelmia ja vianm\u00e4\u00e4ritys<\/h2>\n<p>Joitakin yleisi\u00e4 ongelmia, joita voi esiinty\u00e4 varsisylintereiss\u00e4, ovat:<\/p>\n<ul>\n<li>Vuotava \u00f6ljy<\/li>\n<li>Voiman puute tai hidas liike<\/li>\n<li>Nykiv\u00e4 tai ep\u00e4s\u00e4\u00e4nn\u00f6llinen liike<\/li>\n<li>Liiallinen melu tai t\u00e4rin\u00e4<\/li>\n<\/ul>\n<p>Asianmukaiset vianm\u00e4\u00e4ritystekniikat, kuten vaurioituneiden tiivisteiden, riitt\u00e4m\u00e4tt\u00f6m\u00e4n \u00f6ljyn tai v\u00e4\u00e4rin linjattujen komponenttien tarkistaminen, voivat auttaa diagnosoimaan ja ratkaisemaan n\u00e4m\u00e4 ongelmat. Ennaltaehk\u00e4isev\u00e4t toimenpiteet, kuten s\u00e4\u00e4nn\u00f6llinen huolto ja tarkastus, voivat my\u00f6s minimoida ongelmien esiintymisen riski\u00e4.<\/p>\n<p><img decoding=\"async\" src=\"https:\/\/www.hydraulic-cylinders.net\/wp-content\/uploads\/2025\/01\/songte-company-4.webp\" alt=\"yrityksen imago\"><br \/>\n<img decoding=\"async\" src=\"https:\/\/www.hydraulic-cylinders.net\/wp-content\/uploads\/2025\/01\/songte-company-3.webp\" alt=\"tehdaskuva\"><\/p>\n<h2>Tietoa meist\u00e4<\/h2>\n<p>Olemme ammattimainen hydraulisylintereiden ja varaosien valmistaja, joka tarjoaa laajan valikoiman tuotteita ja on yksi johtavista hydraulisylintereiden valmistajista ja tukkumyyjist\u00e4 kotimaisilla ja kansainv\u00e4lisill\u00e4 markkinoilla. Noudatamme aina korkealaatuista periaatetta ja luotamme teollistettuihin tuotannonohjausstrategioihin kehittyneiss\u00e4 tuotantotiloissamme parantaaksemme jatkuvasti teknist\u00e4 tasoamme ja tuotantotehokkuuttamme. Ottamalla k\u00e4ytt\u00f6\u00f6n edistyneit\u00e4 digitaalisia valmistuslaitteita ja ammattimaisia \u200b\u200btestausj\u00e4rjestelmi\u00e4 optimoimme valmistusymp\u00e4rist\u00f6mme, t\u00e4ydellist\u00e4mme tuotteidemme laadunvalvontaprosesseja ja meill\u00e4 on vahvat innovatiiviset valmiudet. Tavoitteenamme on vastata asiakkaidemme monipuolisiin tarpeisiin tehokkailla, tarkoilla ja korkealaatuisilla tuotteilla.<\/p>\n<p>Tarjoamme ammattitaitoisia palveluita, kansainv\u00e4lisi\u00e4 sertifikaatteja, r\u00e4\u00e4t\u00e4l\u00f6ityj\u00e4 palveluita, edistyneit\u00e4 tuotantolaitteita ja erinomaista huoltopalvelua asiakkaidemme tarpeiden t\u00e4ytt\u00e4miseksi.<\/p>\n<p>Kirjoittaja: lyl<\/p>","protected":false},"excerpt":{"rendered":"<p>Arm Cylinder For Volwa Cane Unloader DLS190-9A Introduction Arm cylinder is a type of hydraulic cylinder specially designed to provide linear motion and power for various machine arms, such as excavators, cranes, and mechanical arms. It plays a crucial role in hydraulic systems, allowing additional tools or attachments to move and be controlled effectively. These [&hellip;]<\/p>","protected":false},"featured_media":14779,"comment_status":"open","ping_status":"closed","template":"","meta":{"_et_pb_use_builder":"","_et_pb_old_content":"","_et_gb_content_width":""},"product_brand":[],"product_cat":[1497],"product_tag":[1498,1496],"class_list":{"0":"post-16829","1":"product","2":"type-product","3":"status-publish","4":"has-post-thumbnail","6":"product_cat-arm-cylinders","7":"product_tag-arm-cylinders","8":"product_tag-hydraulic-cylinders","10":"first","11":"instock","12":"shipping-taxable","13":"product-type-simple"},"amp_enabled":true,"_links":{"self":[{"href":"https:\/\/www.hydraulic-cylinders.net\/fi\/wp-json\/wp\/v2\/product\/16829","targetHints":{"allow":["GET"]}}],"collection":[{"href":"https:\/\/www.hydraulic-cylinders.net\/fi\/wp-json\/wp\/v2\/product"}],"about":[{"href":"https:\/\/www.hydraulic-cylinders.net\/fi\/wp-json\/wp\/v2\/types\/product"}],"replies":[{"embeddable":true,"href":"https:\/\/www.hydraulic-cylinders.net\/fi\/wp-json\/wp\/v2\/comments?post=16829"}],"wp:featuredmedia":[{"embeddable":true,"href":"https:\/\/www.hydraulic-cylinders.net\/fi\/wp-json\/wp\/v2\/media\/14779"}],"wp:attachment":[{"href":"https:\/\/www.hydraulic-cylinders.net\/fi\/wp-json\/wp\/v2\/media?parent=16829"}],"wp:term":[{"taxonomy":"product_brand","embeddable":true,"href":"https:\/\/www.hydraulic-cylinders.net\/fi\/wp-json\/wp\/v2\/product_brand?post=16829"},{"taxonomy":"product_cat","embeddable":true,"href":"https:\/\/www.hydraulic-cylinders.net\/fi\/wp-json\/wp\/v2\/product_cat?post=16829"},{"taxonomy":"product_tag","embeddable":true,"href":"https:\/\/www.hydraulic-cylinders.net\/fi\/wp-json\/wp\/v2\/product_tag?post=16829"}],"curies":[{"name":"wp","href":"https:\/\/api.w.org\/{rel}","templated":true}]}}