{"id":1686,"date":"2023-10-11T06:24:34","date_gmt":"2023-10-11T06:24:34","guid":{"rendered":"https:\/\/hydraulic-cylinders.net\/?post_type=product&#038;p=1686"},"modified":"2025-04-11T02:55:27","modified_gmt":"2025-04-11T02:55:27","slug":"filter-press-cylinder","status":"publish","type":"product","link":"https:\/\/www.hydraulic-cylinders.net\/fi\/tuote\/filter-press-cylinder\/","title":{"rendered":"Suodatinpuristimen sylinteri"},"content":{"rendered":"<h1 style=\"text-align: center;\"><strong>Suodatinpuristimen sylinteri<\/strong><\/h1>\n<p><img loading=\"lazy\" decoding=\"async\" class=\"wp-image-1687 aligncenter\" src=\"https:\/\/hydraulic-cylinders.net\/wp-content\/uploads\/2023\/10\/filter-press-cylinder-2-300x300.webp\" alt=\"\" width=\"400\" height=\"400\" \/><\/p>\n<p>Suodatinpuristimen sylinteri on eritt\u00e4in tehokas ty\u00f6kalu, joka on suunniteltu optimoimaan suodatustehokkuutta ja suorituskyky\u00e4 erilaisissa teollisissa sovelluksissa. Kest\u00e4v\u00e4n rakenteensa ja edistyneiden ominaisuuksiensa ansiosta t\u00e4m\u00e4 sylinteri on ratkaisevan t\u00e4rke\u00e4 kiinteiden aineiden erottamisessa nesteist\u00e4 ja varmistaa erinomaiset suodatustulokset.<\/p>\n<p>Suodatinpuristimen sylinteri on elint\u00e4rke\u00e4 tehokkaan ja tehokkaan suodatuksen saavuttamiseksi. Kest\u00e4v\u00e4n rakenteensa, tehokkaiden suodatusominaisuuksiensa, monipuolisen yhteensopivuuden ja mukautettavien lis\u00e4varusteidensa ansiosta t\u00e4m\u00e4 sylinteri tarjoaa poikkeuksellisia tuloksia erilaisissa teollisissa sovelluksissa. Noudattamalla suositeltuja k\u00e4ytt\u00f6- ja huoltomenetelmi\u00e4 voit maksimoida suodatinpuristimen suorituskyvyn, pitk\u00e4ik\u00e4isyyden ja luotettavuuden suodatusprosesseissasi. T\u00e4m\u00e4 edistyksellinen ja luotettava sylinteri parantaa suodatustehokkuuttasi ja saavuttaa erinomaisia \u200b\u200btuloksia.<\/p>\n<p>Suodatinpuristimen sylinterin t\u00e4rkeimm\u00e4t ominaisuudet:<\/p>\n<ol>\n<li>Korkealaatuinen rakenne:\n<ul>\n<li>Suodatinpuristimen sylinteri on huolellisesti valmistettu ensiluokkaisista materiaaleista, mik\u00e4 takaa kest\u00e4vyyden ja pitk\u00e4ik\u00e4isyyden.<\/li>\n<li>Sen tukeva rakenne kest\u00e4\u00e4 suodatustoimintojen vaativat olosuhteet ja tarjoaa luotettavan suorituskyvyn.<\/li>\n<\/ul>\n<\/li>\n<li>Tehokas suodatus:\n<ul>\n<li>T\u00e4m\u00e4 sylinteri on suunniteltu tarjoamaan tehokasta ja tarkkaa suodatusta erottamalla kiinte\u00e4t aineet nesteist\u00e4 tehokkaasti.<\/li>\n<li>Suodatinpuristimen sylinteri optimoi suodatuksen ja tuottaa puhtaampaa ja laadukkaampaa suodosta.<\/li>\n<\/ul>\n<\/li>\n<li>Monipuolinen yhteensopivuus:\n<ul>\n<li>Sylinteri on suunniteltu yhteensopivaksi erilaisten suodatinpuristinj\u00e4rjestelmien kanssa, joten se soveltuu erilaisiin teollisiin suodatusj\u00e4rjestelmiin.<\/li>\n<li>Sen monipuolisuus mahdollistaa saumattoman integroinnin olemassa oleviin suodatusprosesseihin, mik\u00e4 parantaa kokonaistehokkuutta.<\/li>\n<\/ul>\n<\/li>\n<li>Mukautettavat vaihtoehdot:\n<ul>\n<li>Suodatinpuristimen sylinteri tarjoaa mukautettavia vaihtoehtoja tiettyjen suodatusvaatimusten t\u00e4ytt\u00e4miseksi.<\/li>\n<li>R\u00e4\u00e4t\u00e4l\u00f6i sylinterin tekniset tiedot, kuten koko, suodatuskapasiteetti ja paineluokitus, vastaamaan suodatussovelluksesi ainutlaatuisia tarpeita.<\/li>\n<\/ul>\n<\/li>\n<\/ol>\n<h2><strong>Suodatinpuristimen sylinterin parametri:<\/strong><\/h2>\n<table border=\"1\" cellspacing=\"0\" cellpadding=\"0\">\n<tbody>\n<tr>\n<td>Tuotteen nimi<\/td>\n<td>Suodatinpuristimen hydraulisylinteri<\/td>\n<\/tr>\n<tr>\n<td>Ominaisuudet:<\/td>\n<td>Ty\u00f6nn\u00e4\/ty\u00f6nn\u00e4 painelevy\u00e4 puristaaksesi\/vet\u00e4m\u00e4ll\u00e4 painetta puristaaksesi painelevy\u00e4<\/td>\n<\/tr>\n<tr>\n<td>Rei\u00e4n halkaisija:<\/td>\n<td>160 mm\uff5e580 mm<\/td>\n<\/tr>\n<tr>\n<td>Tangon halkaisija:<\/td>\n<td>110 mm\uff5e410 mm<br \/>\nIsku \u22642600 mm<\/td>\n<\/tr>\n<tr>\n<td>Ty\u00f6nt\u00f6voima:<\/td>\n<td>Enimm\u00e4ism\u00e4\u00e4r\u00e4 11889 kN<br \/>\n(Sylinterin halkaisija 580 mm \/ paine 45 MPa)<\/td>\n<\/tr>\n<tr>\n<td>Suodatinpuristimen sylinterisovellukset:<\/td>\n<td>Suodatinpuristin<\/td>\n<\/tr>\n<\/tbody>\n<\/table>\n<div><\/div>\n<div class=\"txtboxR\">\n<div class=\"txtboxL\">Ominaisuudet:<\/div>\n<div class=\"txtboxR\">Ty\u00f6nn\u00e4\/ty\u00f6nn\u00e4 painelevy\u00e4 puristaaksesi\/vet\u00e4m\u00e4ll\u00e4 painetta puristaaksesi painelevy\u00e4<\/div>\n<div class=\"txtboxL\">Tekniset tiedot:<\/div>\n<div class=\"txtboxR\">Rei\u00e4n halkaisija: 160 mm - 580 mm<br \/>\nTangon halkaisija: 110 mm - 410 mm<br \/>\nIsku \u22642600 mm<\/div>\n<div class=\"txtboxL\">Ty\u00f6nt\u00f6voima:<\/div>\n<div class=\"txtboxR\">Enimm\u00e4ism\u00e4\u00e4r\u00e4 11889 kN<br \/>\n(Sylinterin halkaisija 580 mm \/ paine 45 MPa)<\/div>\n<\/div>\n<h2><strong>Puristinsylinteritehdas:<\/strong><\/h2>\n<p><img loading=\"lazy\" decoding=\"async\" class=\"alignnone wp-image-1619 size-full\" src=\"https:\/\/hydraulic-cylinders.net\/wp-content\/uploads\/2023\/10\/press-cylinder.webp\" alt=\"\" width=\"1418\" height=\"946\" srcset=\"https:\/\/hydraulic-cylinders.net\/wp-content\/uploads\/2023\/10\/press-cylinder.webp 1418w, https:\/\/hydraulic-cylinders.net\/wp-content\/uploads\/2023\/10\/press-cylinder-1280x854.webp 1280w, https:\/\/hydraulic-cylinders.net\/wp-content\/uploads\/2023\/10\/press-cylinder-980x654.webp 980w, https:\/\/hydraulic-cylinders.net\/wp-content\/uploads\/2023\/10\/press-cylinder-480x320.webp 480w\" sizes=\"(min-width: 0px) and (max-width: 480px) 480px, (min-width: 481px) and (max-width: 980px) 980px, (min-width: 981px) and (max-width: 1280px) 1280px, (min-width: 1281px) 1418px, 100vw\" \/><\/p>\n<h2><strong>Suodatinpuristimen sylinterin k\u00e4ytt\u00f6tapa<\/strong><strong>:<\/strong><\/h2>\n<ul>\n<li><strong>Asennus:<\/strong>\n<ul>\n<li>Aloita varmistamalla, ett\u00e4 suodatinpuristinj\u00e4rjestelm\u00e4 on oikein asennettu ja valmis asennettavaksi.<\/li>\n<li>Aseta suodatinpuristimen sylinteri varovasti suodatinpuristimen rungon tarkoitettuun kiinnityskohtaan.<\/li>\n<li>Kiinnit\u00e4 sylinteri tukevasti sopivilla pulteilla tai puristimilla varmistaen vakaan ja luotettavan liitoksen.<\/li>\n<\/ul>\n<\/li>\n<li><strong>Liit\u00e4nt\u00e4 ja tiivistys:<\/strong>\n<ul>\n<li>Kytke suodatinpuristimen sylinteri suodatinpuristimen hydraulij\u00e4rjestelm\u00e4\u00e4n.<\/li>\n<li>Varmista, ett\u00e4 kaikki hydrauliset liit\u00e4nn\u00e4t ovat tukevasti kiinni ja vuotamattomat.<\/li>\n<li>Sulje sylinteri huolellisesti est\u00e4\u00e4ksesi ohivirtauksen tai vuodon suodatuksen aikana.<\/li>\n<\/ul>\n<\/li>\n<li><strong>Suodatusparametrien s\u00e4\u00e4t\u00e4minen:<\/strong>\n<ul>\n<li>Tutustu suodatusparametreihin, joita vaaditaan juuri sinun sovelluksessasi.<\/li>\n<li>S\u00e4\u00e4d\u00e4 suodatusparametreja, kuten painetta, l\u00e4mp\u00f6tilaa ja kestoa, suodatusprosessin vaatimusten mukaisesti.<\/li>\n<li>Varmista, ett\u00e4 suodatinpuristimen sylinteri pystyy k\u00e4sittelem\u00e4\u00e4n m\u00e4\u00e4ritellyt parametrit vaarantamatta sen eheytt\u00e4.<\/li>\n<\/ul>\n<\/li>\n<li><strong>Suodatuksen aloittaminen:<\/strong>\n<ul>\n<li>K\u00e4ynnist\u00e4 suodatusprosessi aktivoimalla suodatinpuristin.<\/li>\n<li>Suodatinpuristimen sylinteri kohdistaa painetta suodatinlevyihin edist\u00e4en kiinteiden aineiden erottumista nesteest\u00e4.<\/li>\n<li>Seuraa suodatusprosessia tarkasti varmistaaksesi optimaalisen suorituskyvyn ja s\u00e4\u00e4d\u00e4 parametreja tarvittaessa.<\/li>\n<\/ul>\n<\/li>\n<\/ul>\n<h2><strong>Kuinka pakata hydraulisylinteri uudelleen?<\/strong><\/h2>\n<p>Hydraulisylinterin uudelleenpakkaaminen tarkoittaa sylinterin tiivisteiden vaihtamista sen suorituskyvyn palauttamiseksi ja vuotojen est\u00e4miseksi. T\u00e4ss\u00e4 on vaiheittainen opas hydraulisylinterin uudelleenpakkaamiseen:<\/p>\n<ol>\n<li><strong>Ker\u00e4\u00e4 tarvittavat ty\u00f6kalut ja materiaalit:<\/strong>\n<ul>\n<li>Suojalasit ja k\u00e4sineet<\/li>\n<li>Avaimet tai hylsysarja<\/li>\n<li>Tiivistesarja (sis\u00e4lt\u00e4\u00e4 uudet tiivisteet ja O-renkaat)<\/li>\n<li>Puhdistusliuotin tai hydrauliikka\u00f6ljy<\/li>\n<li>R\u00e4tit tai pyyhkeet<\/li>\n<\/ul>\n<\/li>\n<li><strong>Valmistele ty\u00f6alue:<\/strong>\n<ul>\n<li>Varmista, ett\u00e4 sinulla on puhdas ja hyvin valaistu ty\u00f6tila hydraulisylinterin purkamista ja kokoamista varten.<\/li>\n<li>Aseta suojapeite roiskeiden tai roskien ker\u00e4\u00e4miseksi.<\/li>\n<\/ul>\n<\/li>\n<li><strong>Hydraulisen paineen vapautus:<\/strong>\n<ul>\n<li>Sammuta hydraulij\u00e4rjestelm\u00e4 ja vapauta paine sylinterist\u00e4 aktivoimalla ohjausventtiili tai irrottamalla hydrauliletku.<\/li>\n<li>Kytke kaikki turvalukot tai -esteet est\u00e4\u00e4ksesi sylinterin vahingossa tapahtuvan liikkumisen uudelleenpakkauksen aikana.<\/li>\n<\/ul>\n<\/li>\n<li><strong>Irrota sylinteri:<\/strong>\n<ul>\n<li>Irrota hydraulisylinteri laitteesta tai koneesta k\u00e4ytt\u00e4m\u00e4ll\u00e4 sopivia avaimia tai hylsysarjaa.<\/li>\n<li>Huomioi sylinterin suunta ja asento varmistaaksesi oikean uudelleenasennuksen.<\/li>\n<\/ul>\n<\/li>\n<li><strong>Pura sylinteri:<\/strong>\n<ul>\n<li>Irrota varovasti sylinterin p\u00e4\u00e4tykannet tai kiinnityspultit p\u00e4\u00e4st\u00e4ksesi k\u00e4siksi m\u00e4nt\u00e4\u00e4n ja tiivisteisiin.<\/li>\n<li>Kiinnit\u00e4 huomiota osien j\u00e4rjestykseen ja kokoonpanoon purkaessasi sylinteri\u00e4.<\/li>\n<\/ul>\n<\/li>\n<li><strong>Puhdista sylinteri:<\/strong>\n<ul>\n<li>Puhdista kaikki sylinterin osat puhdistusliuottimella tai hydrauliikka\u00f6ljyll\u00e4, mukaan lukien m\u00e4nt\u00e4, sylinterin reik\u00e4 ja p\u00e4\u00e4tykannet.<\/li>\n<li>Pyyhi lika, roskat tai vanha voiteluaine pinnoilta r\u00e4teill\u00e4 tai pyyhkeill\u00e4.<\/li>\n<\/ul>\n<\/li>\n<li><strong>Poista vanhat tiivisteet:<\/strong>\n<ul>\n<li>Tunnista vaihdettavat tiivisteet ja irrota ne varovasti m\u00e4nn\u00e4st\u00e4 ja sylinterin rei\u00e4st\u00e4.<\/li>\n<li>K\u00e4yt\u00e4 tiivisteiden varovasti irrottamiseen tiivistepiikkuria tai pient\u00e4 ruuvimeisseli\u00e4. Varo vahingoittamasta sylinterin tai m\u00e4nn\u00e4n pintoja.<\/li>\n<\/ul>\n<\/li>\n<li><strong>Asenna uudet tiivisteet:<\/strong>\n<ul>\n<li>Ota uudet tiivisteet tiivistesarjasta ja voitele ne ohuella kerroksella hydrauliikka\u00f6ljy\u00e4.<\/li>\n<li>Aseta uudet tiivisteet varovasti m\u00e4nn\u00e4n ja sylinterin rei\u00e4n uriin.<\/li>\n<li>Varmista, ett\u00e4 tiivisteet ovat oikein paikoillaan ja linjassa.<\/li>\n<\/ul>\n<\/li>\n<li><strong>Kokoa sylinteri uudelleen:<\/strong>\n<ul>\n<li>Kokoa sylinteri purkamisen k\u00e4\u00e4nteisess\u00e4 j\u00e4rjestyksess\u00e4 noudattaen valmistajan ohjeita, jos saatavilla.<\/li>\n<li>Kirist\u00e4 kiinnityspultit tai p\u00e4\u00e4tykannet tiukasti varmistaen oikean kohdistuksen ja kiristysmomentin.<\/li>\n<\/ul>\n<\/li>\n<li><strong>Testaa ja tarkista vuodot:<\/strong><\/li>\n<\/ol>\n<ul>\n<li>Kytke hydraulisylinteri takaisin laitteeseen tai koneeseen.<\/li>\n<li>Paineista hydraulij\u00e4rjestelm\u00e4 hitaasti ja k\u00e4ynnist\u00e4 sylinteri tarkistaaksesi mahdolliset vuodot tai ep\u00e4normaalin toiminnan.<\/li>\n<li>Tarkista kaikki liitokset ja tiivisteet vuotojen varalta.<\/li>\n<\/ul>\n<ol start=\"11\">\n<li><strong>Integroi sylinteri uudelleen:<\/strong>\n<ul>\n<li>Kun olet varmistanut, ett\u00e4 uudelleen pakattu sylinteri toimii oikein eik\u00e4 siin\u00e4 ole vuotoja, asenna se takaisin laitteeseen tai koneeseen.<\/li>\n<li>Varmista, ett\u00e4 sylinteri on oikein kohdistettu ja tukevasti kiinnitetty.<\/li>\n<\/ul>\n<\/li>\n<\/ol>\n<h2><strong>Tehtaan kapasiteetti ja kapasiteetti:<\/strong><\/h2>\n<h3>(1) Kokoonpano<\/h3>\n<p>Meill\u00e4 on ensiluokkainen riippumaton tutkimus- ja kehitysty\u00f6n kokoonpanoalusta. Hydraulisylinterien tuotantopajassa on nelj\u00e4 puoliautomaattista nostosylinterin kokoonpanolinjaa ja yksi automaattinen kallistussylinterin kokoonpanolinja, joiden suunniteltu vuotuinen tuotantokapasiteetti on 1 miljoona kappaletta. Erikoissylinterin ty\u00f6paja on varustettu erilaisilla eritelmill\u00e4 puoliautomaattisen puhdistusasennuksen kokoonpanoj\u00e4rjestelm\u00e4ll\u00e4, jonka suunniteltu vuotuinen tuotantokapasiteetti on 200 000, ja se on varustettu kuuluisilla CNC-ty\u00f6st\u00f6laitteilla, ty\u00f6st\u00f6keskuksella, korkean tarkkuuden sylinterin k\u00e4sittelyyn tarkoitetuilla erityislaitteilla, robottihitsauskoneella, automaattisella puhdistuslaitteella, automaattisella sylinterin kokoonpanokoneella ja automaattisella maalaustuotantolinjalla. Olemassa olevat kriittiset laitteet yli 300 sarjaa (sarjaa). Laiteresurssien optimaalinen kohdentaminen ja tehokas k\u00e4ytt\u00f6 varmistavat tuotteiden tarkkuusvaatimukset ja t\u00e4ytt\u00e4v\u00e4t tuotteiden laatuvaatimukset.<\/p>\n<p><img loading=\"lazy\" decoding=\"async\" class=\"alignnone wp-image-626\" src=\"https:\/\/hydraulic-cylinders.net\/wp-content\/uploads\/2023\/08\/hydraulic-cylinder-product-1-300x158.webp\" alt=\"\" width=\"495\" height=\"260\" srcset=\"https:\/\/hydraulic-cylinders.net\/wp-content\/uploads\/2023\/08\/hydraulic-cylinder-product-1-300x158.webp 495w, https:\/\/hydraulic-cylinders.net\/wp-content\/uploads\/2023\/08\/hydraulic-cylinder-product-1-480x252.webp 480w\" sizes=\"(min-width: 0px) and (max-width: 480px) 480px, (min-width: 481px) 495px, 100vw\" \/> <img loading=\"lazy\" decoding=\"async\" class=\"alignnone wp-image-627\" src=\"https:\/\/hydraulic-cylinders.net\/wp-content\/uploads\/2023\/08\/hydraulic-cylinder-product-2-300x189.webp\" alt=\"\" width=\"413\" height=\"260\" \/><\/p>\n<h3>(2) Koneistus<\/h3>\n<p>Ty\u00f6st\u00f6paja on varustettu r\u00e4\u00e4t\u00e4l\u00f6idyll\u00e4 kaltevalla kiskosorvauskeskuksella, ty\u00f6st\u00f6keskuksella, suurnopeus-hiontakoneella, hitsausrobotilla ja muilla vastaavilla laitteilla, joilla voidaan k\u00e4sitell\u00e4 sylinteriputkia, joiden sis\u00e4halkaisija on enint\u00e4\u00e4n 400 mm ja enimm\u00e4ispituus on 6 metri\u00e4.<\/p>\n<p><img loading=\"lazy\" decoding=\"async\" class=\"alignnone wp-image-628 size-large\" src=\"https:\/\/hydraulic-cylinders.net\/wp-content\/uploads\/2023\/08\/hydraulic-cylinder-product-3-1024x391.webp\" alt=\"\" width=\"1024\" height=\"391\" srcset=\"https:\/\/hydraulic-cylinders.net\/wp-content\/uploads\/2023\/08\/hydraulic-cylinder-product-3-980x374.webp 980w, https:\/\/hydraulic-cylinders.net\/wp-content\/uploads\/2023\/08\/hydraulic-cylinder-product-3-480x183.webp 480w\" sizes=\"(min-width: 0px) and (max-width: 480px) 480px, (min-width: 481px) and (max-width: 980px) 980px, (min-width: 981px) 1024px, 100vw\" \/><\/p>\n<h3>(3) Hitsaus<\/h3>\n<p><img loading=\"lazy\" decoding=\"async\" class=\"alignnone wp-image-629 size-large\" src=\"https:\/\/hydraulic-cylinders.net\/wp-content\/uploads\/2023\/08\/hydraulic-cylinder-product-4-1024x510.webp\" alt=\"\" width=\"1024\" height=\"510\" srcset=\"https:\/\/hydraulic-cylinders.net\/wp-content\/uploads\/2023\/08\/hydraulic-cylinder-product-4-980x488.webp 980w, https:\/\/hydraulic-cylinders.net\/wp-content\/uploads\/2023\/08\/hydraulic-cylinder-product-4-480x239.webp 480w\" sizes=\"(min-width: 0px) and (max-width: 480px) 480px, (min-width: 481px) and (max-width: 980px) 980px, (min-width: 981px) 1024px, 100vw\" \/><\/p>\n<h3>(4) Maalaus ja pinnoitus<\/h3>\n<p>Pienill\u00e4 ja keskisuurilla sylinterin automaattisilla vesipohjaisilla maalipinnoituslinjoilla automaattisen robotin lastaus- ja purku- ja automaattisen ruiskutuksen saavuttamiseksi, suunnittelukapasiteetti on 4000 kappaletta vuorossa;<br \/>\nMeill\u00e4 on my\u00f6s puoliautomaattinen maalauslinja suurille sylintereille, joka toimii voimaketjulla ja jonka suunnittelukapasiteetti on 60 laatikkoa ty\u00f6vuorossa.<\/p>\n<p><img loading=\"lazy\" decoding=\"async\" class=\"alignnone wp-image-630\" src=\"https:\/\/hydraulic-cylinders.net\/wp-content\/uploads\/2023\/08\/hydraulic-cylinder-product-5-300x213.webp\" alt=\"\" width=\"366\" height=\"260\" \/> <img loading=\"lazy\" decoding=\"async\" class=\"alignnone wp-image-631\" src=\"https:\/\/hydraulic-cylinders.net\/wp-content\/uploads\/2023\/08\/hydraulic-cylinder-product-6-300x225.webp\" alt=\"\" width=\"347\" height=\"260\" \/><\/p>\n<h3>(5) Testaus<\/h3>\n<p>Meill\u00e4 on ensiluokkaiset tarkastustilat ja testialustat, joilla varmistetaan, ett\u00e4 sylinterin suorituskyky t\u00e4ytt\u00e4\u00e4 vaatimukset.<\/p>\n<p><img loading=\"lazy\" decoding=\"async\" class=\"alignnone wp-image-632\" src=\"https:\/\/hydraulic-cylinders.net\/wp-content\/uploads\/2023\/08\/hydraulic-cylinder-product-8-300x200.webp\" alt=\"\" width=\"389\" height=\"260\" \/><\/p>\n<p>&nbsp;<\/p>\n<p>&nbsp;<\/p>\n<p>Olemme yksi parhaista hydraulisylintereiden valmistajista. Voimme tarjota kattavia hydraulisylintereit\u00e4. Tarjoamme my\u00f6s vastaavia <a href=\"https:\/\/hzpt.com\/agricultural-pto-gearbox\/\" target=\"_blank\" rel=\"noopener\">maatalousvaihteistot<\/a>Olemme vieneet tuotteitamme asiakkaille maailmanlaajuisesti ja ansainneet hyv\u00e4n maineen erinomaisen tuotelaadun ja huoltopalvelumme ansiosta. Toivotamme tervetulleeksi asiakkaat kotimaassa ja ulkomailla ottamaan meihin yhteytt\u00e4 neuvotellakseen liiketoimista, vaihtaakseen tietoja ja <a href=\"https:\/\/www.hydraulic-cylinders.net\/fi\/contact-us\/\">tehd\u00e4 yhteisty\u00f6t\u00e4 kanssamme<\/a>!<\/p>","protected":false},"excerpt":{"rendered":"<p>Filter Press Cylinder The filter press cylinder is a highly effective tool designed to optimize filtration efficiency and performance in various industrial applications. With its robust construction and advanced features, this cylinder is crucial in separating solids from liquids, ensuring superior filtration outcomes. The filter press cylinder is vital to achieving efficient and high-performance filtration. [&hellip;]<\/p>","protected":false},"featured_media":1688,"comment_status":"open","ping_status":"closed","template":"","meta":{"_et_pb_use_builder":"","_et_pb_old_content":"","_et_gb_content_width":""},"product_brand":[],"product_cat":[1522,1549,1376],"product_tag":[1380],"class_list":{"0":"post-1686","1":"product","2":"type-product","3":"status-publish","4":"has-post-thumbnail","6":"product_cat-press-hydraulic-cylinders","7":"product_cat-single-acting-hydraulic-cylinder","8":"product_cat-hydraulic-cylinder","9":"product_tag-hydraulic-cylinder","11":"first","12":"instock","13":"shipping-taxable","14":"product-type-simple"},"amp_enabled":true,"_links":{"self":[{"href":"https:\/\/www.hydraulic-cylinders.net\/fi\/wp-json\/wp\/v2\/product\/1686","targetHints":{"allow":["GET"]}}],"collection":[{"href":"https:\/\/www.hydraulic-cylinders.net\/fi\/wp-json\/wp\/v2\/product"}],"about":[{"href":"https:\/\/www.hydraulic-cylinders.net\/fi\/wp-json\/wp\/v2\/types\/product"}],"replies":[{"embeddable":true,"href":"https:\/\/www.hydraulic-cylinders.net\/fi\/wp-json\/wp\/v2\/comments?post=1686"}],"wp:featuredmedia":[{"embeddable":true,"href":"https:\/\/www.hydraulic-cylinders.net\/fi\/wp-json\/wp\/v2\/media\/1688"}],"wp:attachment":[{"href":"https:\/\/www.hydraulic-cylinders.net\/fi\/wp-json\/wp\/v2\/media?parent=1686"}],"wp:term":[{"taxonomy":"product_brand","embeddable":true,"href":"https:\/\/www.hydraulic-cylinders.net\/fi\/wp-json\/wp\/v2\/product_brand?post=1686"},{"taxonomy":"product_cat","embeddable":true,"href":"https:\/\/www.hydraulic-cylinders.net\/fi\/wp-json\/wp\/v2\/product_cat?post=1686"},{"taxonomy":"product_tag","embeddable":true,"href":"https:\/\/www.hydraulic-cylinders.net\/fi\/wp-json\/wp\/v2\/product_tag?post=1686"}],"curies":[{"name":"wp","href":"https:\/\/api.w.org\/{rel}","templated":true}]}}