{"id":16868,"date":"2025-01-21T06:09:15","date_gmt":"2025-01-21T06:09:15","guid":{"rendered":"https:\/\/www.hydraulic-cylinders.net\/product\/arm-cylinder-for-bonny-ctd460-6\/"},"modified":"2025-01-21T06:09:17","modified_gmt":"2025-01-21T06:09:17","slug":"arm-cylinder-for-bonny-ctd460-6","status":"publish","type":"product","link":"https:\/\/www.hydraulic-cylinders.net\/fi\/tuote\/arm-cylinder-for-bonny-ctd460-6\/","title":{"rendered":"Varren sylinteri Bonny CTD460-6:lle"},"content":{"rendered":"<h1>Varren sylinteri Bonny CTD460-6:lle<\/h1>\n<h2>Johdanto<\/h2>\n<p>Varren sylinteri on erikoishydraulinen sylinteri, jota k\u00e4ytet\u00e4\u00e4n ensisijaisesti lineaarisen liikkeen ja voiman tuottamiseen erilaisten koneiden, kuten kaivinkoneiden, nostureiden ja robottivarsien, varsille. Varren sylinterill\u00e4 on ratkaiseva rooli hydraulij\u00e4rjestelmiss\u00e4, sill\u00e4 se mahdollistaa kiinnitettyjen ty\u00f6kalujen tai lis\u00e4varusteiden tehokkaan liikkeen ja ohjauksen. N\u00e4m\u00e4 sylinterit eiv\u00e4t ainoastaan \u200b\u200btarjoa tasaista liikett\u00e4, vaan ne kest\u00e4v\u00e4t my\u00f6s raskaita kuormia varmistaen koneiden tehokkaan toiminnan ja luotettavuuden erilaisissa ty\u00f6olosuhteissa.<\/p>\n<p><img decoding=\"async\" src=\"https:\/\/www.hydraulic-cylinders.net\/wp-content\/uploads\/2025\/01\/songte-company-2.webp\"><\/p>\n<h2>Ominaisuudet<\/h2>\n<ul>\n<li>\n<h3>Tehokas voimansiirto:<\/h3>\n<p> Varren sylinteri tarjoaa vahvan lineaarisen liikkeen ja tehon, mik\u00e4 varmistaa koneiston korkean hy\u00f6tysuhteen.<\/li>\n<li>\n<h3>Tarkka ohjaus:<\/h3>\n<p> Hydraulisen j\u00e4rjestelm\u00e4n avulla varren sylinteri voi saavuttaa tarkan liikkeenohjauksen, mik\u00e4 tekee kiinnitettyjen ty\u00f6kalujen k\u00e4yt\u00f6st\u00e4 joustavampaa ja tarkempaa.<\/li>\n<li>\n<h3>Korkea kest\u00e4vyys:<\/h3>\n<p> Varsisylinterit on yleens\u00e4 valmistettu eritt\u00e4in lujista materiaaleista, joilla on hyv\u00e4 kulutus- ja korroosionkest\u00e4vyys, mik\u00e4 tekee niist\u00e4 sopivia pitk\u00e4aikaiseen k\u00e4ytt\u00f6\u00f6n ankarissa olosuhteissa.<\/li>\n<li>\n<h3>Monitoiminnallinen mukautuvuus:<\/h3>\n<p> N\u00e4it\u00e4 sylintereit\u00e4 voidaan k\u00e4ytt\u00e4\u00e4 laajalti erityyppisiss\u00e4 koneissa, kuten kaivinkoneissa, nostureissa ja robottik\u00e4sivarsissa, ja ne mukautuvat erilaisiin ty\u00f6vaatimuksiin.<\/li>\n<li>\n<h3>Helppo huolto:<\/h3>\n<p> Suunnittelussa on otettu huomioon huollon ja vaihdon helppous, mik\u00e4 tekee s\u00e4\u00e4nn\u00f6llisest\u00e4 tarkastuksesta ja huollosta k\u00e4tev\u00e4mp\u00e4\u00e4 ja v\u00e4hent\u00e4\u00e4 laitteiden seisokkiaikaa.<\/li>\n<\/ul>\n<p>Voimme valmistaa t\u00e4t\u00e4 tuotetta ja tuotteemme voivat t\u00e4ydellisesti korvata n\u00e4m\u00e4 hydraulisylinterit.<\/p>\n<p><img decoding=\"async\" src=\"https:\/\/www.hydraulic-cylinders.net\/wp-content\/uploads\/2025\/01\/songte-oil-pipes-and-spare-parts.webp\"><\/p>\n<h2>Sovellukset<\/h2>\n<p>Varsisylintereit\u00e4 k\u00e4ytet\u00e4\u00e4n useilla eri teollisuudenaloilla ja sovelluksissa, mukaan lukien:<\/p>\n<ul>\n<li>\n<h3>Rakentaminen:<\/h3>\n<p> Kaivinkoneissa ja nostureissa varsisylintereit\u00e4 k\u00e4ytet\u00e4\u00e4n kauhojen tai puomien liikkeen ohjaamiseen maanrakennuksessa, materiaalink\u00e4sittelyss\u00e4 ja rakenteellisissa asennuksissa.<\/li>\n<li>\n<h3>Valmistus:<\/h3>\n<p> Automatisoiduilla tuotantolinjoilla varsisylintereit\u00e4 k\u00e4ytet\u00e4\u00e4n robottik\u00e4sivarsien liikuttamiseen kokoonpano-, hitsaus- ja k\u00e4sittelyprosesseissa, mik\u00e4 parantaa tuotannon tehokkuutta ja tarkkuutta.<\/li>\n<li>\n<h3>Maatalouskoneet:<\/h3>\n<p> Maatalouskoneissa, kuten puimureissa ja istutuskoneissa, varsisylinterit ohjaavat k\u00e4ytt\u00f6varsien liikett\u00e4 ja suorittavat teht\u00e4vi\u00e4, kuten kylv\u00f6\u00e4, lannoitusta ja sadonkorjuuta.<\/li>\n<li>\n<h3>Kaivostoiminta:<\/h3>\n<p> Kaivoslaitteissa varsisylintereit\u00e4 k\u00e4ytet\u00e4\u00e4n ohjaamaan kaivoslaitteiden varren liikett\u00e4 malmin louhinnassa ja k\u00e4sittelyss\u00e4.<\/li>\n<li>\n<h3>Logistiikka ja kuljetus:<\/h3>\n<p> Trukeissa ja robottien k\u00e4sittelyss\u00e4 varsisylintereit\u00e4 k\u00e4ytet\u00e4\u00e4n haarukoiden nostamisen ja liikkeen ohjaamiseen, mik\u00e4 mahdollistaa materiaalink\u00e4sittelyn ja pinoamisen.<\/li>\n<\/ul>\n<h2>Suunnittelun\u00e4k\u00f6kohdat ja valintakriteerit<\/h2>\n<p>Varren sylinterin suunnittelussa on otettu huomioon keskeiset tekij\u00e4t, kuten kuormituksen kantokyky, tiiviys, kest\u00e4vyys, turvallisuus ja huollettavuus. <\/p>\n<ul>\n<li>\n<h3>Kantavuus:<\/h3>\n<p> Varren sylinterin on kyett\u00e4v\u00e4 k\u00e4sittelem\u00e4\u00e4n siihen k\u00e4yt\u00f6n aikana kohdistuvat kuormat varmistaen, ett\u00e4 se toimii sujuvasti ja tehokkaasti.<\/li>\n<li>\n<h3>Tiivistys:<\/h3>\n<p> Sylinterin on oltava tehokkaasti tiivistetty hydraulinesteen vuotojen ja ulkoisten ep\u00e4puhtauksien aiheuttaman kontaminaation est\u00e4miseksi.<\/li>\n<li>\n<h3>Kest\u00e4vyys:<\/h3>\n<p> Varren sylinterin tulee olla valmistettu korkealaatuisista materiaaleista, jotka kest\u00e4v\u00e4t ankaria k\u00e4ytt\u00f6olosuhteita.<\/li>\n<li>\n<h3>Turvallisuus:<\/h3>\n<p> Varren sylinterin on oltava suunniteltu est\u00e4m\u00e4\u00e4n henkil\u00f6- ja koneonnettomuudet ja loukkaantumiset.<\/li>\n<li>\n<h3>Yll\u00e4pidett\u00e4vyys:<\/h3>\n<p> Suunnittelussa on otettava huomioon huollon ja vaihdon helppous, seisokkiaikojen v\u00e4hent\u00e4minen ja tuottavuuden maksimointi.<\/li>\n<\/ul>\n<p><img decoding=\"async\" src=\"https:\/\/www.hydraulic-cylinders.net\/wp-content\/uploads\/2025\/01\/songte-cylinder-head-with-all-kinds-excavator-models.webp\"><\/p>\n<h2>Tiivistys ja voitelu<\/h2>\n<p>Varsisylintereiss\u00e4 k\u00e4ytet\u00e4\u00e4n erilaisia \u200b\u200btiivistekomponentteja, kuten m\u00e4nn\u00e4ntiivisteit\u00e4 ja varren tiivisteit\u00e4, jotka on valmistettu kulutusta kest\u00e4vist\u00e4 materiaaleista, kuten polyuretaanista ja nitriilikumista. Sylinterin runko ja kierteitetyt p\u00e4\u00e4typinnat on hienok\u00e4sitelty kulutuskest\u00e4vyyden parantamiseksi. S\u00e4\u00e4nn\u00f6lliseen huoltoon kuuluu sopivan m\u00e4\u00e4r\u00e4n hydrauli\u00f6ljyn lis\u00e4\u00e4minen voiteluun.<\/p>\n<h2>Ennakoiva huolto ja vianm\u00e4\u00e4ritys<\/h2>\n<p>S\u00e4\u00e4nn\u00f6llinen tarkastus ja ennaltaehk\u00e4isev\u00e4 huolto ovat v\u00e4ltt\u00e4m\u00e4tt\u00f6mi\u00e4 varren sylinterin moitteettoman toiminnan varmistamiseksi. Yleisi\u00e4 ongelmia, kuten hydraulinesteen vuotoja, sylinterin ajautumista ja heikentynytt\u00e4 tehokkuutta, voidaan diagnosoida ja ratkaista asianmukaisilla vianetsint\u00e4menetelmill\u00e4. Mahdollisten ongelmien ehk\u00e4isemiseen t\u00e4ht\u00e4\u00e4vi\u00e4 toimenpiteit\u00e4 ovat sylinterin pit\u00e4minen puhtaana, asianmukaisen asennuksen ja kiinnityksen varmistaminen sek\u00e4 suositeltujen huolto-ohjelmien noudattaminen.<\/p>\n<p><img decoding=\"async\" src=\"https:\/\/www.hydraulic-cylinders.net\/wp-content\/uploads\/2025\/01\/songte-chushion-collar.webp\"><\/p>\n<h2>Asennusopas<\/h2>\n<p>Varren sylinterin oikean asennuksen varmistamiseksi noudata valmistajan ohjeita ja asiaankuuluvia turvaohjeita. Tarkista laitteiden yhteensopivuus ja varmista, ett\u00e4 kaikki kiinnityspisteet ovat tukevasti kiinni ja hyv\u00e4ss\u00e4 kunnossa. Suorita toimintatesti ennen k\u00e4ytt\u00f6\u00e4 sylinterin moitteettoman toiminnan varmistamiseksi.<\/p>\n<h2>Tietoa meist\u00e4<\/h2>\n<p>Olemme ammattimainen hydraulisten sylinterien valmistaja, jolla on laaja tuotevalikoima, ja olemme yksi johtavista hydraulisten sylinterien valmistajista ja tukkumyyjist\u00e4 kotimaisilla ja kansainv\u00e4lisill\u00e4 markkinoilla. Noudatamme aina huippuosaamisen periaatetta ja luotamme teollistettuihin tuotannonohjausstrategioihin hienovalmisteisissa ty\u00f6pajoissa parantaaksemme jatkuvasti teknist\u00e4 tasoamme ja tuotantotehokkuuttamme. Ottamalla k\u00e4ytt\u00f6\u00f6n huippuluokan digitaalisia valmistuslaitteita ja ammattimaisia \u200b\u200btestausj\u00e4rjestelmi\u00e4, optimoimme valmistusymp\u00e4rist\u00f6\u00e4 ja parannamme tuotteiden laadunvalvontaprosessia vahvan innovaatiokyvyn avulla. Tavoitteenamme on vastata asiakkaiden monipuolisiin tarpeisiin tehokkaasti, tarkasti ja korkealla laadulla.<\/p>\n<ul>\n<li>\n<h3>Ammattimaisuus:<\/h3>\n<p> Meill\u00e4 on kokeneiden ja ammattitaitoisten insin\u00f6\u00f6rien ja teknikkojen tiimi, joka on erikoistunut hydraulisylinterien suunnitteluun, valmistukseen ja laadunvalvontaan.<\/li>\n<li>\n<h3>Kansainv\u00e4linen sertifiointi:<\/h3>\n<p> Tuotteemme ovat l\u00e4p\u00e4isseet useita kansallisia ja kansainv\u00e4lisi\u00e4 laatusertifikaatteja, kuten ISO9001:2015, CE ja SGS.<\/li>\n<li>\n<h3>R\u00e4\u00e4t\u00e4l\u00f6intipalvelut:<\/h3>\n<p> Tarjoamme r\u00e4\u00e4t\u00e4l\u00f6ityj\u00e4 palveluita vastaamaan asiakkaiden erityisvaatimuksia.<\/li>\n<li>\n<h3>Tuotantolaitteet:<\/h3>\n<p> K\u00e4yt\u00e4mme edistyneit\u00e4 ja huippuluokan digitaalisia valmistuslaitteita, kuten CNC-sorveja ja ty\u00f6st\u00f6keskuksia, varmistaaksemme tuotteidemme korkean tarkkuuden ja yhdenmukaisuuden.<\/li>\n<li>\n<h3>Myynnin j\u00e4lkeinen palvelu:<\/h3>\n<p> Tarjoamme kattavia ja ammattimaisia \u200b\u200bj\u00e4lkimarkkinointipalveluita, kuten teknist\u00e4 tukea, tuotehuoltoa ja takuuta.<\/li>\n<\/ul>\n<p><img decoding=\"async\" src=\"https:\/\/www.hydraulic-cylinders.net\/wp-content\/uploads\/2025\/01\/songte-company-4.webp\"><\/p>\n<p><img decoding=\"async\" src=\"https:\/\/www.hydraulic-cylinders.net\/wp-content\/uploads\/2025\/01\/songte-company-3.webp\"><\/p>\n<footer>Kirjoittaja: lyl.<\/footer>","protected":false},"excerpt":{"rendered":"<p>Arm Cylinder For Bonny CTD460-6 Introduction An arm cylinder is a specialized hydraulic cylinder that is primarily used to provide linear motion and power to the arms of various types of machinery such as excavators, cranes, and robotic arms. The arm cylinder plays a critical role in hydraulic systems, allowing for effective movement and control [&hellip;]<\/p>","protected":false},"featured_media":14786,"comment_status":"open","ping_status":"closed","template":"","meta":{"_et_pb_use_builder":"","_et_pb_old_content":"","_et_gb_content_width":""},"product_brand":[],"product_cat":[1497],"product_tag":[1498,1496],"class_list":{"0":"post-16868","1":"product","2":"type-product","3":"status-publish","4":"has-post-thumbnail","6":"product_cat-arm-cylinders","7":"product_tag-arm-cylinders","8":"product_tag-hydraulic-cylinders","10":"first","11":"instock","12":"shipping-taxable","13":"product-type-simple"},"amp_enabled":true,"_links":{"self":[{"href":"https:\/\/www.hydraulic-cylinders.net\/fi\/wp-json\/wp\/v2\/product\/16868","targetHints":{"allow":["GET"]}}],"collection":[{"href":"https:\/\/www.hydraulic-cylinders.net\/fi\/wp-json\/wp\/v2\/product"}],"about":[{"href":"https:\/\/www.hydraulic-cylinders.net\/fi\/wp-json\/wp\/v2\/types\/product"}],"replies":[{"embeddable":true,"href":"https:\/\/www.hydraulic-cylinders.net\/fi\/wp-json\/wp\/v2\/comments?post=16868"}],"wp:featuredmedia":[{"embeddable":true,"href":"https:\/\/www.hydraulic-cylinders.net\/fi\/wp-json\/wp\/v2\/media\/14786"}],"wp:attachment":[{"href":"https:\/\/www.hydraulic-cylinders.net\/fi\/wp-json\/wp\/v2\/media?parent=16868"}],"wp:term":[{"taxonomy":"product_brand","embeddable":true,"href":"https:\/\/www.hydraulic-cylinders.net\/fi\/wp-json\/wp\/v2\/product_brand?post=16868"},{"taxonomy":"product_cat","embeddable":true,"href":"https:\/\/www.hydraulic-cylinders.net\/fi\/wp-json\/wp\/v2\/product_cat?post=16868"},{"taxonomy":"product_tag","embeddable":true,"href":"https:\/\/www.hydraulic-cylinders.net\/fi\/wp-json\/wp\/v2\/product_tag?post=16868"}],"curies":[{"name":"wp","href":"https:\/\/api.w.org\/{rel}","templated":true}]}}