{"id":16878,"date":"2025-01-21T06:09:59","date_gmt":"2025-01-21T06:09:59","guid":{"rendered":"https:\/\/www.hydraulic-cylinders.net\/product\/arm-cylinder-for-bada-wys60\/"},"modified":"2025-01-21T06:10:01","modified_gmt":"2025-01-21T06:10:01","slug":"arm-cylinder-for-bada-wys60","status":"publish","type":"product","link":"https:\/\/www.hydraulic-cylinders.net\/fi\/tuote\/arm-cylinder-for-bada-wys60\/","title":{"rendered":"Varren sylinteri Bada WYS60:lle"},"content":{"rendered":"<h2>Varren sylinteri Bada WYS60:lle<\/h2>\n<h3>Johdanto<\/h3>\n<p>Bada WYS60:n varren sylinteri on erikoishydraulinen sylinteri, joka on suunniteltu tarjoamaan lineaarista liikett\u00e4 ja voimaa erityyppisten koneiden, kuten kaivinkoneiden, nostureiden ja mekaanisten varsien, varsille. Varren sylinterill\u00e4 on keskeinen rooli hydraulij\u00e4rjestelmiss\u00e4, sill\u00e4 se mahdollistaa kiinnitettyjen ty\u00f6kalujen tai lis\u00e4varusteiden tehokkaan liikkumisen ja ohjauksen. N\u00e4m\u00e4 sylinterit eiv\u00e4t ainoastaan \u200b\u200btarjoa tasaisia \u200b\u200bliikkeit\u00e4, vaan ne kest\u00e4v\u00e4t my\u00f6s raskaita kuormia varmistaen koneiden tehokkaan toiminnan ja luotettavuuden erilaisissa ty\u00f6olosuhteissa.<\/p>\n<p><img loading=\"lazy\" decoding=\"async\" src=\"https:\/\/www.hydraulic-cylinders.net\/wp-content\/uploads\/2025\/01\/songte-company-2.webp\" alt=\"Varren sylinteri Bada WYS60:lle\" width=\"400\" height=\"300\"><\/p>\n<h3>Ominaisuudet<\/h3>\n<ul>\n<li><strong>Tehokas voimansiirto:<\/strong> Varren sylinteri tarjoaa tehokkaan lineaarisen liikkeen ja voiman, mik\u00e4 varmistaa mekaanisen varren korkean hy\u00f6tysuhteen erilaisissa toiminnoissa.<\/li>\n<li><strong>Tarkka ohjaus:<\/strong> Hydraulisen j\u00e4rjestelm\u00e4n avulla varren sylinteri voi saavuttaa tarkan liikkeenohjauksen, mik\u00e4 tekee kiinnitettyjen ty\u00f6kalujen k\u00e4yt\u00f6st\u00e4 joustavampaa ja tarkempaa.<\/li>\n<li><strong>Kest\u00e4vyys:<\/strong> Varsisylinterit on yleens\u00e4 valmistettu eritt\u00e4in lujista materiaaleista, joilla on hyv\u00e4 kulutus- ja korroosionkest\u00e4vyys, jotka soveltuvat pitk\u00e4aikaiseen k\u00e4ytt\u00f6\u00f6n ankarissa olosuhteissa.<\/li>\n<li><strong>Monitoiminnallinen mukautuvuus:<\/strong> N\u00e4it\u00e4 sylintereit\u00e4 voidaan k\u00e4ytt\u00e4\u00e4 laajalti erilaisissa mekaanisissa laitteissa, kuten kaivinkoneissa, nostureissa ja mekaanisissa varsissa, ja ne mukautuvat erilaisiin ty\u00f6vaatimuksiin.<\/li>\n<li><strong>Helppo huolto:<\/strong> Suunnittelussa on otettu huomioon huollon ja vaihdon helppous, mik\u00e4 tekee s\u00e4\u00e4nn\u00f6llisest\u00e4 tarkastuksesta ja huollosta k\u00e4tev\u00e4mp\u00e4\u00e4 ja v\u00e4hent\u00e4\u00e4 laitteiden seisokkiaikaa.<\/li>\n<\/ul>\n<p>Voimme tuottaa t\u00e4t\u00e4 tuotetta, ja tuotteemme voi t\u00e4ydellisesti korvata n\u00e4m\u00e4 hydraulisylinterit.<\/p>\n<p><img loading=\"lazy\" decoding=\"async\" src=\"https:\/\/www.hydraulic-cylinders.net\/wp-content\/uploads\/2025\/01\/songte-oil-pipes-and-spare-parts.webp\" alt=\"Hydraulisylinterin varaosat\" width=\"400\" height=\"300\"><\/p>\n<h3>Sovellukset<\/h3>\n<p>Varsisylinteri\u00e4 k\u00e4ytet\u00e4\u00e4n useilla eri teollisuudenaloilla ja laitteissa, kuten:<\/p>\n<ul>\n<li><strong>Rakentaminen:<\/strong> Kaivinkoneissa ja nostureissa varren sylinteri\u00e4 k\u00e4ytet\u00e4\u00e4n kauhan tai puomin liikkeen ohjaamiseen maanrakennuksessa, materiaalink\u00e4sittelyss\u00e4 ja rakenteellisissa asennuksissa.<\/li>\n<li><strong>Valmistus:<\/strong> Automatisoiduilla tuotantolinjoilla varren sylinteri\u00e4 k\u00e4ytet\u00e4\u00e4n mekaanisten varsien liikuttamiseen, kuten kokoonpanoon, hitsaukseen ja k\u00e4sittelyyn, tuotannon tehokkuuden ja tarkkuuden parantamiseksi.<\/li>\n<li><strong>Maatalouskoneet:<\/strong> Maatalouskoneissa, kuten puimureissa ja kylv\u00f6koneissa, varren sylinteri ohjaa k\u00e4ytt\u00f6varren liikett\u00e4 ja suorittaa teht\u00e4vi\u00e4, kuten kylv\u00f6\u00e4, lannoitusta ja sadonkorjuuta.<\/li>\n<li><strong>Kaivostoiminta:<\/strong> Kaivoslaitteissa varren sylinteri\u00e4 k\u00e4ytet\u00e4\u00e4n kaivoslaitteiden varren liikkeen ohjaamiseen kaivostoiminnassa ja materiaalink\u00e4sittelyss\u00e4.<\/li>\n<li><strong>Logistiikka ja kuljetus:<\/strong> Trukeissa ja robottien k\u00e4sittelyss\u00e4 varren sylinteri\u00e4 k\u00e4ytet\u00e4\u00e4n haarukan noston ja liikkeen ohjaamiseen sek\u00e4 materiaalien k\u00e4sittelyyn ja pinoamiseen.<\/li>\n<\/ul>\n<h3>Suunnittelun\u00e4k\u00f6kohdat ja valintakriteerit<\/h3>\n<p>Varren sylinteri on hydrauliikkaj\u00e4rjestelmien kriittinen osa, ja sen suunnittelussa ja valinnassa on otettava huomioon t\u00e4rke\u00e4t seikat.<\/p>\n<ul>\n<li><strong>Kantavuus:<\/strong> Varren sylinterin kantokyvyn tulee vastata laitteen kuormitusvaatimuksia varmistaen, ett\u00e4 sylinteri kest\u00e4\u00e4 raskaita kuormia ilman muodonmuutoksia tai vaurioita.<\/li>\n<li><strong>Tiivistys:<\/strong> \u00d6ljyvuotojen est\u00e4miseksi ja nestepaineen yll\u00e4pit\u00e4miseksi k\u00e4ytet\u00e4\u00e4n erilaisia \u200b\u200btiivistyskomponentteja, kuten m\u00e4nn\u00e4ntiivisteit\u00e4 ja varren tiivisteit\u00e4. Polyuretaani ja nitriilikumi ovat yleisesti k\u00e4ytettyj\u00e4 tiivistysmateriaaleja, joilla on hyv\u00e4 kulutuskest\u00e4vyys.<\/li>\n<li><strong>Kest\u00e4vyys:<\/strong> Varren sylinteri altistuu usein ankarille ymp\u00e4rist\u00f6olosuhteille ja suurelle mekaaniselle rasitukselle, mik\u00e4 vaatii eritt\u00e4in lujia ja kulutusta kest\u00e4vi\u00e4 materiaaleja pitk\u00e4aikaisen ja luotettavan toiminnan varmistamiseksi.<\/li>\n<li><strong>Turvallisuus:<\/strong> Varren sylinterin tulee olla varustettu turvaominaisuuksilla, kuten paineenalennusventtiileill\u00e4 ja h\u00e4t\u00e4pys\u00e4ytyskytkimill\u00e4, jotta estet\u00e4\u00e4n ylikuormituksen tai j\u00e4rjestelm\u00e4vian aiheuttamat onnettomuudet.<\/li>\n<li><strong>Yll\u00e4pidett\u00e4vyys:<\/strong> Suunnittelussa tulisi ottaa huomioon huollon ja vaihdon helppous, varmistaa sylinterien nopea ja tehokas korjaus ja vaihto sek\u00e4 minimoida laitteiden seisokkiajat.<\/li>\n<\/ul>\n<p><img loading=\"lazy\" decoding=\"async\" src=\"https:\/\/www.hydraulic-cylinders.net\/wp-content\/uploads\/2025\/01\/songte-cylinder-head-with-all-kinds-excavator-models.webp\" alt=\"Sylinterikansi\" width=\"400\" height=\"300\"><\/p>\n<h3>Tiivistys ja voitelu<\/h3>\n<p>Varren sylinteri vaatii erilaisia \u200b\u200btiivistyskomponentteja ja s\u00e4\u00e4nn\u00f6llist\u00e4 voitelua varmistaakseen oikean toiminnan ja est\u00e4\u00e4kseen kulumisen.<\/p>\n<ul>\n<li><strong>Tiivistyskomponentit:<\/strong> Sylinteriss\u00e4 k\u00e4ytet\u00e4\u00e4n erilaisia \u200b\u200btiivistyskomponentteja, kuten m\u00e4nn\u00e4ntiivisteit\u00e4, varren tiivisteit\u00e4 ja pyyhkij\u00e4n tiivisteit\u00e4, \u00f6ljyvuotojen est\u00e4miseksi ja nestepaineen yll\u00e4pit\u00e4miseksi. Tiivistyskomponentit on tyypillisesti valmistettu kest\u00e4vist\u00e4 materiaaleista, kuten polyuretaanista ja nitriilikumista, kulutuskest\u00e4vyyden varmistamiseksi.<\/li>\n<li><strong>Voitelu:<\/strong> Sylinteri vaatii asianmukaisen voitelun liikkuvien osien v\u00e4lisen kulumisen v\u00e4hent\u00e4miseksi, nesteenpaineen yll\u00e4pit\u00e4miseksi ja korroosion est\u00e4miseksi. Hydrauli\u00f6ljyn s\u00e4\u00e4nn\u00f6llinen lis\u00e4\u00e4minen on v\u00e4ltt\u00e4m\u00e4t\u00f6nt\u00e4 sylinterin asianmukaisen voitelun varmistamiseksi.<\/li>\n<\/ul>\n<h3>Huolto ja vianm\u00e4\u00e4ritys<\/h3>\n<p>S\u00e4\u00e4nn\u00f6llinen tarkastus ja ennakoiva huolto voivat auttaa pident\u00e4m\u00e4\u00e4n puomisylinterin k\u00e4ytt\u00f6ik\u00e4\u00e4 ja est\u00e4m\u00e4\u00e4n kalliita seisokkeja ja korjauksia.<\/p>\n<ul>\n<li><strong>Tarkastus:<\/strong> Sylinterin s\u00e4\u00e4nn\u00f6llinen silm\u00e4m\u00e4\u00e4r\u00e4inen tarkastus kulumisen, vuotojen ja vaurioiden varalta on v\u00e4ltt\u00e4m\u00e4t\u00f6nt\u00e4 sen moitteettoman toiminnan varmistamiseksi.<\/li>\n<li><strong>Ennaltaehk\u00e4isev\u00e4 huolto:<\/strong> S\u00e4\u00e4nn\u00f6llinen huolto, kuten puhdistus, voitelu ja tiivisteiden vaihto, voi est\u00e4\u00e4 sylinterin ennenaikaisen vikaantumisen ja pident\u00e4\u00e4 sylinterin k\u00e4ytt\u00f6ik\u00e4\u00e4.<\/li>\n<li><strong>Vianm\u00e4\u00e4ritys:<\/strong> Sylinterivian sattuessa asianmukainen vianm\u00e4\u00e4ritys voi auttaa diagnosoimaan ongelman perimm\u00e4isen syyn ja ryhtym\u00e4\u00e4n asianmukaisiin korjaaviin toimenpiteisiin. Yleisi\u00e4 ongelmia ovat vuotavat tiivisteet, vaurioituneet sylinterit ja kuluneet komponentit.<\/li>\n<li><strong>Ennaltaehk\u00e4isev\u00e4t toimenpiteet:<\/strong> Asianmukainen huolto ja tarkastus voivat auttaa ehk\u00e4isem\u00e4\u00e4n mahdollisia ongelmia ja minimoimaan laitteiden vikaantumisriskin. Kuluneiden osien s\u00e4\u00e4nn\u00f6llinen vaihto ja asianmukainen voitelu voivat auttaa yll\u00e4pit\u00e4m\u00e4\u00e4n sylinterin suorituskyky\u00e4 ja luotettavuutta.<\/li>\n<\/ul>\n<p><img loading=\"lazy\" decoding=\"async\" src=\"https:\/\/www.hydraulic-cylinders.net\/wp-content\/uploads\/2025\/01\/songte-chushion-collar.webp\" alt=\"Sylinterin pehmustekaulus\" width=\"400\" height=\"300\"><\/p>\n<h3>Asennusopas<\/h3>\n<p>Varren sylinterin asianmukainen asennus on v\u00e4ltt\u00e4m\u00e4t\u00f6nt\u00e4 sen moitteettoman toiminnan, turvallisuuden ja k\u00e4ytt\u00f6i\u00e4n varmistamiseksi.<\/p>\n<ul>\n<li><strong>Valmistelu:<\/strong> Ennen asennusta varmista, ett\u00e4 kiinnityspinta on puhdas, tasainen ja vapaa roskista. Tarkista, ett\u00e4 sylinteri ja kiinnityspinta ovat yhteensopivia ja ett\u00e4 asennusmitat ovat oikeat.<\/li>\n<li><strong>Paikannus:<\/strong> Aseta sylinteri asennuspaikkaan ja kohdista kierrerei\u00e4t asennuspinnan kanssa. Kiinnit\u00e4 sylinteri asennuspintaan kiinnityspulteilla ja -muttereilla varmistaen, ett\u00e4 pultit on kiristetty valmistajan ohjeiden mukaisesti.<\/li>\n<li><strong>Yhteydet:<\/strong> Kytke hydrauliletkut ja -liittimet sylinterin portteihin varmistaen, ett\u00e4 liit\u00e4nn\u00e4t ovat tiukat ja vuotamattomat. Levit\u00e4 liitoksiin kierretiivistett\u00e4 tai teflonteippi\u00e4 \u00f6ljyvuotojen est\u00e4miseksi.<\/li>\n<li><strong>Testaus:<\/strong> Asennuksen j\u00e4lkeen testaa sylinterin toiminta k\u00e4ytt\u00e4m\u00e4ll\u00e4 hydraulij\u00e4rjestelm\u00e4\u00e4 ja tarkistamalla mahdolliset vuodot, ep\u00e4tavalliset liikkeet tai ep\u00e4normaalit \u00e4\u00e4net. S\u00e4\u00e4d\u00e4 j\u00e4rjestelm\u00e4n painetta ja virtausta tarvittaessa oikean toiminnan saavuttamiseksi.<\/li>\n<\/ul>\n<h3>Tietoa meist\u00e4<\/h3>\n<p>Olemme ammattimainen hydraulisten sylinterien valmistaja, jolla on laaja tuotevalikoima, ja olemme yksi johtavista hydraulisten sylinterien valmistajista ja tukkumyyjist\u00e4 kotimaisilla ja kansainv\u00e4lisill\u00e4 markkinoilla. Noudatamme aina erinomaisen laadun periaatetta, luotamme hienojen valmistuspajojen teollistettuihin tuotannonohjausstrategioihin ja parannamme jatkuvasti teknist\u00e4 tasoamme ja tuotantotehokkuuttamme. Ottamalla k\u00e4ytt\u00f6\u00f6n huippuluokan digitaalisia valmistuslaitteita ja ammattimaisia \u200b\u200btestausj\u00e4rjestelmi\u00e4, optimoimme jatkuvasti valmistusymp\u00e4rist\u00f6\u00e4mme, t\u00e4ydellist\u00e4mme tuotteidemme laadunvalvontaprosessia ja meill\u00e4 on vahvat innovaatiokyvyt. Tavoitteenamme on vastata asiakkaiden monipuolisiin tarpeisiin tehokkuuden, tarkkuuden ja korkean laadun periaatteilla.<\/p>\n<p><img loading=\"lazy\" decoding=\"async\" src=\"https:\/\/www.hydraulic-cylinders.net\/wp-content\/uploads\/2025\/01\/songte-company-4.webp\" alt=\"Yritysprofiili\" width=\"400\" height=\"300\"><br \/>\n<img loading=\"lazy\" decoding=\"async\" src=\"https:\/\/www.hydraulic-cylinders.net\/wp-content\/uploads\/2025\/01\/songte-company-3.webp\" alt=\"Yritysprofiili\" width=\"400\" height=\"300\"><\/p>\n<h3>Palvelumme<\/h3>\n<ul>\n<li><strong>Ammattimaisuus:<\/strong> Meill\u00e4 on kokeneiden insin\u00f6\u00f6rien ja teknikkojen tiimi, joka voi tarjota ammattimaista teknist\u00e4 tukea ja r\u00e4\u00e4t\u00e4l\u00f6ityj\u00e4 hydraulisylinteriratkaisuja asiakkaillemme.<\/li>\n<li><strong>Kansainv\u00e4liset sertifikaatit:<\/strong> Tuotteemme ovat kansainv\u00e4listen standardien, kuten ISO, CE ja SGS, sertifioimia, mik\u00e4 takaa niiden laadun ja luotettavuuden.<\/li>\n<li><strong>Mukauttaminen:<\/strong> Tarjoamme r\u00e4\u00e4t\u00e4l\u00f6ityj\u00e4 hydraulisylinteriratkaisuja asiakkaidemme erityistarpeisiin ja vaatimuksiin.<\/li>\n<li><strong>Tuotantolaitteet:<\/strong> K\u00e4yt\u00e4mme edistyneit\u00e4 digitaalisia valmistuslaitteita, kuten CNC-koneita ja robottihitsauslaitteita, varmistaaksemme tuotteidemme tarkkuuden ja yhdenmukaisuuden.<\/li>\n<li><strong>Myynnin j\u00e4lkeinen palvelu:<\/strong> Tarjoamme kattavia j\u00e4lkimarkkinointipalveluita, kuten asennusohjausta, vianetsint\u00e4\u00e4 ja huoltoa, varmistaaksemme asiakastyytyv\u00e4isyyden ja -uskollisuuden.<\/li>\n<\/ul>\n<p>Kirjoittaja: lyl.<\/p>","protected":false},"excerpt":{"rendered":"<p>Arm Cylinder For Bada WYS60 Introduction The Arm Cylinder for Bada WYS60 is a specialized hydraulic cylinder designed to provide linear motion and power to the arms of various types of machines such as excavators, cranes, and mechanical arms. The arm cylinder plays a key role in hydraulic systems, allowing attached tools or accessories to [&hellip;]<\/p>","protected":false},"featured_media":14786,"comment_status":"open","ping_status":"closed","template":"","meta":{"_et_pb_use_builder":"","_et_pb_old_content":"","_et_gb_content_width":""},"product_brand":[],"product_cat":[1497],"product_tag":[1498,1496],"class_list":{"0":"post-16878","1":"product","2":"type-product","3":"status-publish","4":"has-post-thumbnail","6":"product_cat-arm-cylinders","7":"product_tag-arm-cylinders","8":"product_tag-hydraulic-cylinders","10":"first","11":"instock","12":"shipping-taxable","13":"product-type-simple"},"amp_enabled":true,"_links":{"self":[{"href":"https:\/\/www.hydraulic-cylinders.net\/fi\/wp-json\/wp\/v2\/product\/16878","targetHints":{"allow":["GET"]}}],"collection":[{"href":"https:\/\/www.hydraulic-cylinders.net\/fi\/wp-json\/wp\/v2\/product"}],"about":[{"href":"https:\/\/www.hydraulic-cylinders.net\/fi\/wp-json\/wp\/v2\/types\/product"}],"replies":[{"embeddable":true,"href":"https:\/\/www.hydraulic-cylinders.net\/fi\/wp-json\/wp\/v2\/comments?post=16878"}],"wp:featuredmedia":[{"embeddable":true,"href":"https:\/\/www.hydraulic-cylinders.net\/fi\/wp-json\/wp\/v2\/media\/14786"}],"wp:attachment":[{"href":"https:\/\/www.hydraulic-cylinders.net\/fi\/wp-json\/wp\/v2\/media?parent=16878"}],"wp:term":[{"taxonomy":"product_brand","embeddable":true,"href":"https:\/\/www.hydraulic-cylinders.net\/fi\/wp-json\/wp\/v2\/product_brand?post=16878"},{"taxonomy":"product_cat","embeddable":true,"href":"https:\/\/www.hydraulic-cylinders.net\/fi\/wp-json\/wp\/v2\/product_cat?post=16878"},{"taxonomy":"product_tag","embeddable":true,"href":"https:\/\/www.hydraulic-cylinders.net\/fi\/wp-json\/wp\/v2\/product_tag?post=16878"}],"curies":[{"name":"wp","href":"https:\/\/api.w.org\/{rel}","templated":true}]}}