{"id":16885,"date":"2025-01-21T06:10:28","date_gmt":"2025-01-21T06:10:28","guid":{"rendered":"https:\/\/www.hydraulic-cylinders.net\/product\/arm-cylinder-for-baoding-wy65-8\/"},"modified":"2025-01-21T06:10:30","modified_gmt":"2025-01-21T06:10:30","slug":"arm-cylinder-for-baoding-wy65-8","status":"publish","type":"product","link":"https:\/\/www.hydraulic-cylinders.net\/fi\/tuote\/arm-cylinder-for-baoding-wy65-8\/","title":{"rendered":"Varren sylinteri Baodingille WY65-8"},"content":{"rendered":"<h1>Varren sylinteri Baodingille WY65-8<\/h1>\n<h2>Johdanto<\/h2>\n<p>Varren sylinteri on erityisesti suunniteltu hydraulisylinteri, joka tarjoaa lineaarista liikett\u00e4 ja voimaa erilaisten koneiden, kuten kaivinkoneiden, nostureiden ja robottivarsien, varsille. Varren sylintereill\u00e4 on ratkaiseva rooli hydraulij\u00e4rjestelmiss\u00e4, sill\u00e4 ne mahdollistavat lis\u00e4laitteiden tai lis\u00e4varusteiden tehokkaan liikkumisen ja ohjauksen. N\u00e4m\u00e4 sylinterit eiv\u00e4t ainoastaan \u200b\u200btarjoa tasaista liikett\u00e4, vaan ne kest\u00e4v\u00e4t my\u00f6s raskaita kuormia varmistaen koneiden tehokkaan toiminnan ja luotettavuuden erilaisissa k\u00e4ytt\u00f6olosuhteissa.<\/p>\n<p><img decoding=\"async\" src=\"https:\/\/www.hydraulic-cylinders.net\/wp-content\/uploads\/2025\/01\/songte-company-2.webp\"><\/p>\n<h2>Ominaisuudet<\/h2>\n<ul>\n<li>Tehokas voimansiirto: Varren sylinteri tarjoaa tehokkaan lineaarisen liikkeen ja voiman, mik\u00e4 varmistaa mekaanisen varren korkean suorituskyvyn erilaisissa toiminnoissa.<\/li>\n<li>Tarkka ohjaus: Hydraulisen j\u00e4rjestelm\u00e4n avulla varren sylinteri voi saavuttaa tarkan liikkeenohjauksen, mik\u00e4 tekee lis\u00e4laitteiden k\u00e4yt\u00f6st\u00e4 joustavampaa ja tarkempaa.<\/li>\n<li>Korkea kest\u00e4vyys: Varsisylinterit on yleens\u00e4 valmistettu eritt\u00e4in lujista materiaaleista, joilla on hyv\u00e4 kulutuskest\u00e4vyys ja korroosionkest\u00e4vyys, ja ne soveltuvat pitk\u00e4aikaiseen k\u00e4ytt\u00f6\u00f6n ankarissa olosuhteissa.<\/li>\n<li>Monitoiminnallinen mukautuvuus: N\u00e4it\u00e4 sylintereit\u00e4 voidaan k\u00e4ytt\u00e4\u00e4 laajalti erilaisissa mekaanisissa laitteissa, kuten kaivinkoneissa, nostureissa ja robottivarsissa, mukautumaan erilaisiin ty\u00f6tarpeisiin.<\/li>\n<li>Helppo huolto: Suunnittelussa on otettu huomioon helppo huolto ja vaihto, mik\u00e4 tekee s\u00e4\u00e4nn\u00f6llisest\u00e4 tarkastuksesta ja huollosta k\u00e4tev\u00e4mp\u00e4\u00e4 ja v\u00e4hent\u00e4\u00e4 laitteiden seisokkiaikaa.<\/li>\n<\/ul>\n<p>Voimme tuottaa t\u00e4t\u00e4 tuotetta, ja tuotteemme voi t\u00e4ydellisesti korvata n\u00e4m\u00e4 hydraulisylinterit.<\/p>\n<p><img decoding=\"async\" src=\"https:\/\/www.hydraulic-cylinders.net\/wp-content\/uploads\/2025\/01\/songte-oil-pipes-and-spare-parts.webp\"><\/p>\n<h2>Sovellukset<\/h2>\n<p>Varsisylintereit\u00e4 k\u00e4ytet\u00e4\u00e4n useilla eri teollisuudenaloilla, mukaan lukien:<\/p>\n<ul>\n<li>Rakentaminen: Kaivinkoneissa ja nostureissa varsisylintereit\u00e4 k\u00e4ytet\u00e4\u00e4n kauhojen tai puomien liikkeen ohjaamiseen maanrakennuksessa, materiaalink\u00e4sittelyss\u00e4 ja rakenteellisessa asennuksessa.<\/li>\n<li>Valmistus: Automatisoiduilla tuotantolinjoilla varsisylintereit\u00e4 k\u00e4ytet\u00e4\u00e4n robottik\u00e4sivarsien liikuttamiseen kokoonpano-, hitsaus- ja materiaalink\u00e4sittelyprosesseissa, mik\u00e4 parantaa tuotannon tehokkuutta ja tarkkuutta.<\/li>\n<li>Maatalouskoneet: Maatalouskoneissa, kuten puimureissa ja istutuskoneissa, varsisylinterit ohjaavat k\u00e4ytt\u00f6varsien liikett\u00e4 teht\u00e4vien, kuten kylv\u00f6n, lannoituksen ja sadonkorjuun, suorittamiseksi.<\/li>\n<li>Kaivostoiminta: Kaivoslaitteissa varsisylintereit\u00e4 k\u00e4ytet\u00e4\u00e4n kaivoslaitteiden varren liikkeen ohjaamiseen, malmin louhintaan ja k\u00e4sittelyyn.<\/li>\n<li>Logistiikka ja kuljetus: Trukeissa ja robottien k\u00e4sittelyss\u00e4 varsisylintereit\u00e4 k\u00e4ytet\u00e4\u00e4n haarukoiden nostamisen ja liikkeen ohjaamiseen sek\u00e4 materiaalien kantamiseen ja pinoamiseen.<\/li>\n<\/ul>\n<h2>Suunnittelu- ja valintakriteerit<\/h2>\n<p>Varsisylinterit on suunniteltu ottaen huomioon useita n\u00e4k\u00f6kohtia, kuten:<\/p>\n<ul>\n<li>Kantavuus: Varren sylinterin on kestett\u00e4v\u00e4 koneiston ja lis\u00e4laitteiden enimm\u00e4iskuormitus.<\/li>\n<li>Tiivistysominaisuudet: Varren sylinteriss\u00e4 tulisi k\u00e4ytt\u00e4\u00e4 erilaisia \u200b\u200btiivistyskomponentteja, kuten m\u00e4nn\u00e4ntiivisteit\u00e4 ja tankotiivisteit\u00e4, jotka on valmistettu kulutusta kest\u00e4vist\u00e4 materiaaleista, kuten polyuretaanista ja nitriilikumista, hyv\u00e4n tiivistyskyvyn varmistamiseksi.<\/li>\n<li>Kest\u00e4vyys: Sylinterin runko ja kierteitetty p\u00e4\u00e4typinta tulee k\u00e4sitell\u00e4 hienoksi kulutuskest\u00e4vyyden parantamiseksi.<\/li>\n<li>Turvallisuus: Varren sylinteriss\u00e4 tulee olla turvatoimenpiteit\u00e4, kuten paineenalennusventtiili ja varoventtiili, ylikuormituksen est\u00e4miseksi ja henkil\u00f6st\u00f6n ja laitteiden turvallisuuden varmistamiseksi.<\/li>\n<li>Huollettavuus: Varren sylinterin tulee olla helppo huoltaa ja korjata, esimerkiksi k\u00e4ytt\u00e4m\u00e4ll\u00e4 irrotettavia osia ja helposti vaihdettavia tiivisteit\u00e4.<\/li>\n<\/ul>\n<p><img decoding=\"async\" src=\"https:\/\/www.hydraulic-cylinders.net\/wp-content\/uploads\/2025\/01\/songte-cylinder-head-with-all-kinds-excavator-models.webp\"><\/p>\n<h2>Tiivistys ja voitelu<\/h2>\n<p>Varren sylinteriss\u00e4 on erilaisia \u200b\u200btiivistyskomponentteja, kuten m\u00e4nn\u00e4ntiivisteit\u00e4, m\u00e4nn\u00e4nvarren tiivisteit\u00e4 ja kulutusrenkaita, jotka on valmistettu kulutusta kest\u00e4vist\u00e4 materiaaleista, kuten polyuretaanista ja nitriilikumista, hyv\u00e4n tiivistyskyvyn varmistamiseksi. Sylinterin runko ja kierteitetty p\u00e4\u00e4typinta on hienosti k\u00e4sitelty kulutuskest\u00e4vyyden parantamiseksi. Varren sylinteri vaatii s\u00e4\u00e4nn\u00f6llist\u00e4 voitelua sopivalla hydrauli\u00f6ljyll\u00e4 sujuvan toiminnan yll\u00e4pit\u00e4miseksi ja k\u00e4ytt\u00f6i\u00e4n pident\u00e4miseksi.<\/p>\n<h2>Huolto ja ennaltaehk\u00e4isev\u00e4t huoltotoimenpiteet<\/h2>\n<p>Varren sylinteri on tarkastettava ja huollettava s\u00e4\u00e4nn\u00f6llisesti sen normaalin toiminnan varmistamiseksi, ja on toteutettava ennaltaehk\u00e4isevi\u00e4 huoltotoimenpiteit\u00e4, mukaan lukien:<\/p>\n<ul>\n<li>Tarkista ja vaihda tiivistekomponentit s\u00e4\u00e4nn\u00f6llisesti.<\/li>\n<li>Tarkista s\u00e4\u00e4nn\u00f6llisesti ja lis\u00e4\u00e4 oikeanlaista hydrauliikka\u00f6ljy\u00e4.<\/li>\n<li>Tarkista ja s\u00e4\u00e4d\u00e4 paineenalennusventtiili ja varoventtiili s\u00e4\u00e4nn\u00f6llisesti.<\/li>\n<li>Tarkista ja puhdista sylinterin runko ja kierteitetty p\u00e4\u00e4typinta s\u00e4\u00e4nn\u00f6llisesti.<\/li>\n<li>Tarkista ja kirist\u00e4 kierreliitokset s\u00e4\u00e4nn\u00f6llisesti.<\/li>\n<\/ul>\n<h2>Asennusopas<\/h2>\n<p>Ennen asennusta lue asennusohjeet ja varotoimet huolellisesti, valmistele tarvittavat ty\u00f6kalut ja materiaalit ja noudata tarkasti asennusvaiheita, mukaan lukien:<\/p>\n<ul>\n<li>Varmista, ett\u00e4 asennuspinta on puhdas ja tasainen.<\/li>\n<li>Asenna varren sylinteri m\u00e4\u00e4ritetyn suunnan ja asennon mukaisesti.<\/li>\n<li>Kirist\u00e4 pultit ja mutterit m\u00e4\u00e4r\u00e4tyll\u00e4 kiristysmomentilla.<\/li>\n<li>Tarkista tiivistyksen suorituskyky ja hydraulij\u00e4rjestelm\u00e4n toiminta.<\/li>\n<\/ul>\n<p><img decoding=\"async\" src=\"https:\/\/www.hydraulic-cylinders.net\/wp-content\/uploads\/2025\/01\/songte-bushings-with-all-kinds-of-excavator-models.webp\"><\/p>\n<h2>Turvallisuusn\u00e4k\u00f6kohdat ja ymp\u00e4rist\u00f6tekij\u00e4t<\/h2>\n<p>Varsisylintereiden k\u00e4yt\u00f6n aikana on ryhdytt\u00e4v\u00e4 turvatoimiin henkil\u00f6vahinkojen ja laitevaurioiden est\u00e4miseksi, kuten:<\/p>\n<ul>\n<li>Varmista, ett\u00e4 hydraulij\u00e4rjestelm\u00e4n paine on sallituissa rajoissa.<\/li>\n<li>Varmista, ett\u00e4 hydrauliikkaj\u00e4rjestelm\u00e4 on asianmukaisesti huollettu ja tarkastettu s\u00e4\u00e4nn\u00f6llisesti.<\/li>\n<li>Varmista, ett\u00e4 laitteita k\u00e4ytet\u00e4\u00e4n vakaassa ja luotettavassa tilassa.<\/li>\n<li>V\u00e4lt\u00e4 ty\u00f6skentely\u00e4 koneen py\u00f6rivien osien ja puristuskohtien l\u00e4hell\u00e4.<\/li>\n<li>K\u00e4yt\u00e4 asianmukaisia \u200b\u200bhenkil\u00f6nsuojaimia ty\u00f6skennelless\u00e4si koneiden kanssa.<\/li>\n<\/ul>\n<h2>Vianm\u00e4\u00e4ritys ja yleiset ongelmat<\/h2>\n<p>Yleisi\u00e4 ongelmia, joita voi esiinty\u00e4 varsisylintereiden k\u00e4yt\u00f6ss\u00e4, ovat:<\/p>\n<ul>\n<li>\u00d6ljyvuoto tiivistekomponenteissa.<\/li>\n<li>Heikentynyt tai riitt\u00e4m\u00e4t\u00f6n tehonsiirto.<\/li>\n<li>Melu k\u00e4yt\u00f6n aikana.<\/li>\n<li>Sylinterin rungon ja kierteitetyn p\u00e4\u00e4typinnan liiallinen kuluminen.<\/li>\n<li>Hydraulij\u00e4rjestelm\u00e4n ylikuumeneminen.<\/li>\n<\/ul>\n<p>N\u00e4iden ongelmien diagnosoimiseksi ja ratkaisemiseksi voidaan harkita seuraavia vinkkej\u00e4 ja ratkaisuja:<\/p>\n<ul>\n<li>Tarkista ja vaihda tiivistekomponentit.<\/li>\n<li>Tarkista ja s\u00e4\u00e4d\u00e4 hydraulij\u00e4rjestelm\u00e4n paine ja virtausnopeus.<\/li>\n<li>Tarkista ja vaihda kuluneet osat.<\/li>\n<li>Puhdista ja voitele sylinterin runko ja kierteitetty p\u00e4\u00e4typinta.<\/li>\n<li>Tarkista ja korjaa hydrauliikkaj\u00e4rjestelm\u00e4.<\/li>\n<\/ul>\n<p><img decoding=\"async\" src=\"https:\/\/www.hydraulic-cylinders.net\/wp-content\/uploads\/2025\/01\/songte-chushion-collar.webp\"><\/p>\n<h2>Tietoa meist\u00e4<\/h2>\n<p>Olemme ammattimainen korvaavien hydraulisylinterien valmistaja, joka tarjoaa laajan valikoiman tuotteita ja on yksi johtavista hydraulisylinterien valmistajista ja tukkumyyjist\u00e4 kotimaisilla ja kansainv\u00e4lisill\u00e4 markkinoilla. Noudatamme aina erinomaisen laadun periaatetta, luotamme tarkkuusvalmistusty\u00f6pajojen teollisen tuotannon hallintastrategiaan ja parannamme jatkuvasti teknologiatasoamme ja tuotantotehokkuuttamme. Edistyneiden digitaalisten valmistuslaitteiden ja ammattimaisten testausj\u00e4rjestelmien k\u00e4ytt\u00f6\u00f6noton avulla optimoimme valmistusymp\u00e4rist\u00f6\u00e4, parannamme tuotteiden laadunvalvontaprosessia ja meill\u00e4 on vahvat innovaatiokyvyt. Tavoitteenamme on vastata asiakkaiden monipuolisiin tarpeisiin tehokkuuden, tarkkuuden ja korkean laadun periaatteilla.<\/p>\n<h2>Vahvuutemme<\/h2>\n<ul>\n<li>Ammattitaito: Vuosien kokemuksella alalta olemme tulleet hydraulisylinterien valmistuksen asiantuntijoiksi.<\/li>\n<li>Kansainv\u00e4linen sertifiointi: Tuotteemme ovat saaneet kansainv\u00e4lisen sertifioinnin, kuten ISO9001:2015.<\/li>\n<li>R\u00e4\u00e4t\u00e4l\u00f6intipalvelu: Tarjoamme r\u00e4\u00e4t\u00e4l\u00f6intipalveluita asiakkaiden erityistarpeisiin.<\/li>\n<li>Edistykselliset tuotantolaitteet: K\u00e4yt\u00e4mme edistyneit\u00e4 digitaalisia valmistuslaitteita tuotteidemme tarkkuuden ja laadun varmistamiseksi.<\/li>\n<li>Myynnin j\u00e4lkeinen palvelu: Tarjoamme kattavaa myynnin j\u00e4lkeist\u00e4 palvelua, joka sis\u00e4lt\u00e4\u00e4 teknisen tuen, korjauksen ja huollon.<\/li>\n<\/ul>\n<p><img decoding=\"async\" src=\"https:\/\/www.hydraulic-cylinders.net\/wp-content\/uploads\/2025\/01\/songte-company-4.webp\"><br \/>\n<img decoding=\"async\" src=\"https:\/\/www.hydraulic-cylinders.net\/wp-content\/uploads\/2025\/01\/songte-company-3.webp\"><\/p>\n<p>Kirjoittaja: lyl<\/p>","protected":false},"excerpt":{"rendered":"<p>Arm Cylinder For Baoding WY65-8 Introduction Arm cylinder is a specially designed hydraulic cylinder that provides linear motion and power to the arms of various types of machinery, such as excavators, cranes, and robotic arms. Arm cylinders play a crucial role in hydraulic systems, enabling attachments or accessories to move and be controlled effectively. These [&hellip;]<\/p>","protected":false},"featured_media":14766,"comment_status":"open","ping_status":"closed","template":"","meta":{"_et_pb_use_builder":"","_et_pb_old_content":"","_et_gb_content_width":""},"product_brand":[],"product_cat":[1497],"product_tag":[1498,1496],"class_list":{"0":"post-16885","1":"product","2":"type-product","3":"status-publish","4":"has-post-thumbnail","6":"product_cat-arm-cylinders","7":"product_tag-arm-cylinders","8":"product_tag-hydraulic-cylinders","10":"first","11":"instock","12":"shipping-taxable","13":"product-type-simple"},"amp_enabled":true,"_links":{"self":[{"href":"https:\/\/www.hydraulic-cylinders.net\/fi\/wp-json\/wp\/v2\/product\/16885","targetHints":{"allow":["GET"]}}],"collection":[{"href":"https:\/\/www.hydraulic-cylinders.net\/fi\/wp-json\/wp\/v2\/product"}],"about":[{"href":"https:\/\/www.hydraulic-cylinders.net\/fi\/wp-json\/wp\/v2\/types\/product"}],"replies":[{"embeddable":true,"href":"https:\/\/www.hydraulic-cylinders.net\/fi\/wp-json\/wp\/v2\/comments?post=16885"}],"wp:featuredmedia":[{"embeddable":true,"href":"https:\/\/www.hydraulic-cylinders.net\/fi\/wp-json\/wp\/v2\/media\/14766"}],"wp:attachment":[{"href":"https:\/\/www.hydraulic-cylinders.net\/fi\/wp-json\/wp\/v2\/media?parent=16885"}],"wp:term":[{"taxonomy":"product_brand","embeddable":true,"href":"https:\/\/www.hydraulic-cylinders.net\/fi\/wp-json\/wp\/v2\/product_brand?post=16885"},{"taxonomy":"product_cat","embeddable":true,"href":"https:\/\/www.hydraulic-cylinders.net\/fi\/wp-json\/wp\/v2\/product_cat?post=16885"},{"taxonomy":"product_tag","embeddable":true,"href":"https:\/\/www.hydraulic-cylinders.net\/fi\/wp-json\/wp\/v2\/product_tag?post=16885"}],"curies":[{"name":"wp","href":"https:\/\/api.w.org\/{rel}","templated":true}]}}