{"id":16902,"date":"2025-01-21T06:11:41","date_gmt":"2025-01-21T06:11:41","guid":{"rendered":"https:\/\/www.hydraulic-cylinders.net\/product\/arm-cylinder-for-dasin-ds35\/"},"modified":"2025-01-21T06:11:43","modified_gmt":"2025-01-21T06:11:43","slug":"arm-cylinder-for-dasin-ds35","status":"publish","type":"product","link":"https:\/\/www.hydraulic-cylinders.net\/fi\/tuote\/arm-cylinder-for-dasin-ds35\/","title":{"rendered":"Varren sylinteri Dasin DS35:lle"},"content":{"rendered":"<h2>Varren sylinteri Dasin DS35:lle<\/h2>\n<h3>Johdanto<\/h3>\n<p>Dasin DS35:n varren sylinteri on hydraulinen sylinteri, joka on suunniteltu erityisesti tarjoamaan lineaarista liikett\u00e4 ja voimaa erilaisten koneiden, kuten kaivinkoneiden, nostureiden ja robottik\u00e4sivarsien, varrelle. Varren sylinterill\u00e4 on ratkaiseva rooli hydraulij\u00e4rjestelmiss\u00e4, sill\u00e4 se mahdollistaa lis\u00e4ty\u00f6kalujen tai lis\u00e4laitteiden tehokkaan liikkeen ja ohjauksen. N\u00e4m\u00e4 sylinterit eiv\u00e4t ainoastaan \u200b\u200btarjoa tasaista liikett\u00e4, vaan ne kest\u00e4v\u00e4t my\u00f6s raskaita kuormia, mik\u00e4 varmistaa koneiden tehokkaan toiminnan ja luotettavuuden erilaisissa k\u00e4ytt\u00f6olosuhteissa.<\/p>\n<p><img decoding=\"async\" src=\"https:\/\/www.hydraulic-cylinders.net\/wp-content\/uploads\/2025\/01\/songte-company-2.webp\" \/><\/p>\n<h3>Ominaisuudet<\/h3>\n<ul>\n<li><strong>Tehokas voimansiirto:<\/strong> Varren sylinteri tarjoaa tehokkaan lineaarisen liikkeen ja voiman, mik\u00e4 varmistaa robottik\u00e4sivarren korkean suorituskyvyn erilaisissa toiminnoissa.<\/li>\n<li><strong>Tarkka ohjaus:<\/strong> Hydraulisen j\u00e4rjestelm\u00e4n avulla varren sylinteri voi saavuttaa tarkan liikkeenohjauksen, mik\u00e4 tekee lis\u00e4ty\u00f6kalujen k\u00e4yt\u00f6st\u00e4 joustavampaa ja tarkempaa.<\/li>\n<li><strong>Kest\u00e4v\u00e4:<\/strong> Varsisylinterit on yleens\u00e4 valmistettu eritt\u00e4in lujista materiaaleista, joilla on hyv\u00e4 kulutuskest\u00e4vyys ja korroosionkest\u00e4vyys, mink\u00e4 ansiosta ne soveltuvat pitk\u00e4aikaiseen k\u00e4ytt\u00f6\u00f6n ankarissa olosuhteissa.<\/li>\n<li><strong>Monitoiminnallinen sopeutumiskyky:<\/strong> N\u00e4it\u00e4 sylintereit\u00e4 voidaan k\u00e4ytt\u00e4\u00e4 laajasti erityyppisiss\u00e4 koneissa, kuten kaivinkoneissa, nostureissa ja robottik\u00e4sivarsissa, mukautuen erilaisiin ty\u00f6vaatimuksiin.<\/li>\n<li><strong>Helppo huolto:<\/strong> Helppoa huoltoa ja vaihtoa silm\u00e4ll\u00e4 pit\u00e4en suunniteltu s\u00e4\u00e4nn\u00f6lliset tarkastukset ja huolto ovat k\u00e4tev\u00e4mpi\u00e4, mik\u00e4 v\u00e4hent\u00e4\u00e4 laitteiden seisokkiaikaa.<\/li>\n<\/ul>\n<p>Voimme tuottaa t\u00e4t\u00e4 tuotetta, ja tuotteemme voi t\u00e4ydellisesti korvata n\u00e4m\u00e4 hydraulisylinterit.<\/p>\n<p><img decoding=\"async\" src=\"https:\/\/www.hydraulic-cylinders.net\/wp-content\/uploads\/2025\/01\/songte-oil-pipes-and-spare-parts.webp\" \/><\/p>\n<h3>Sovellukset<\/h3>\n<p>Varsisylinteri\u00e4 k\u00e4ytet\u00e4\u00e4n useilla eri teollisuudenaloilla, mukaan lukien:<\/p>\n<ul>\n<li><strong>Rakentaminen:<\/strong> Kaivinkoneissa ja nostureissa varren sylinteri\u00e4 k\u00e4ytet\u00e4\u00e4n kauhojen tai puomien liikkeen ohjaamiseen maanrakennuksessa, materiaalink\u00e4sittelyss\u00e4 ja rakenteellisissa asennuksissa.<\/li>\n<li><strong>Valmistus:<\/strong> Automatisoiduilla tuotantolinjoilla varren sylinteri\u00e4 k\u00e4ytet\u00e4\u00e4n robottik\u00e4sivarsien liikuttamiseen kokoonpano-, hitsaus- ja materiaalink\u00e4sittelyprosesseissa, mik\u00e4 parantaa tuotannon tehokkuutta ja tarkkuutta.<\/li>\n<li><strong>Maatalouskoneet:<\/strong> Maatalouskoneissa, kuten puimureissa ja kylv\u00f6koneissa, varren sylinteri ohjaa k\u00e4ytt\u00f6varren liikett\u00e4 ja suorittaa teht\u00e4vi\u00e4, kuten kylv\u00f6\u00e4, lannoitusta ja sadonkorjuuta.<\/li>\n<li><strong>Kaivostoiminta:<\/strong> Kaivoslaitteissa varren sylinteri\u00e4 k\u00e4ytet\u00e4\u00e4n kaivoslaitteiden varren liikkeen ohjaamiseen kaivos- ja materiaalink\u00e4sittelyteht\u00e4vien suorittamiseksi.<\/li>\n<li><strong>Logistiikka ja kuljetus:<\/strong> Trukeissa ja robottien k\u00e4sittelyss\u00e4 varren sylinteri\u00e4 k\u00e4ytet\u00e4\u00e4n lastin nostamisen ja siirt\u00e4misen ohjaamiseen, materiaalien k\u00e4sittelyn ja pinoamisen toteuttamiseen.<\/li>\n<\/ul>\n<h3>Suunnittelun\u00e4k\u00f6kohdat ja valintakriteerit<\/h3>\n<p>Varren sylinterin suunnittelussa ja valinnassa on otettava huomioon:<\/p>\n<ul>\n<li><strong>Kantavuus:<\/strong> Varren sylinterin on kestett\u00e4v\u00e4 koneiston ja sen kuljettamien lis\u00e4laitteiden kuormitus.<\/li>\n<li><strong>Tiivistys:<\/strong> Varren sylinteriss\u00e4 tulisi k\u00e4ytt\u00e4\u00e4 erityyppisi\u00e4 tiivisteit\u00e4, kuten m\u00e4nn\u00e4ntiivisteit\u00e4 ja varren tiivisteit\u00e4, jotka on valmistettu kulutusta kest\u00e4vist\u00e4 materiaaleista, kuten polyuretaanista ja nitriilikumista.<\/li>\n<li><strong>Kest\u00e4vyys:<\/strong> Varren sylinterin tulee olla valmistettu eritt\u00e4in lujista materiaaleista ja sill\u00e4 tulee olla hyv\u00e4 kulutuskest\u00e4vyys ja korroosionkest\u00e4vyys, ja se soveltuu k\u00e4ytett\u00e4v\u00e4ksi vaativissa olosuhteissa.<\/li>\n<li><strong>Turvallisuus:<\/strong> Varren sylinteriss\u00e4 tulee olla turvakerroin rikkoutumisen tai onnettomuuksien est\u00e4miseksi k\u00e4yt\u00f6n aikana.<\/li>\n<li><strong>Yll\u00e4pidett\u00e4vyys:<\/strong> Varren sylinterin tulisi olla helppo huoltaa ja vaihtaa, mik\u00e4 v\u00e4hent\u00e4\u00e4 yll\u00e4pitokustannuksia ja laitteiden seisokkiaikaa.<\/li>\n<\/ul>\n<p><img decoding=\"async\" src=\"https:\/\/www.hydraulic-cylinders.net\/wp-content\/uploads\/2025\/01\/songte-cylinder-head-with-all-kinds-excavator-models.webp\" \/><\/p>\n<h3>Tiivistys ja voitelu<\/h3>\n<p>Varren sylinteriss\u00e4 tulisi k\u00e4ytt\u00e4\u00e4 erityyppisi\u00e4 tiivisteit\u00e4, kuten m\u00e4nn\u00e4ntiivisteit\u00e4 ja varren tiivisteit\u00e4, jotka on valmistettu kulutusta kest\u00e4vist\u00e4 materiaaleista, kuten polyuretaanista ja nitriilikumista. Sylinterin runko ja kierrepinta tulee k\u00e4sitell\u00e4 tarkasti kulutuskest\u00e4vyyden parantamiseksi. Varren sylinteri on voideltava s\u00e4\u00e4nn\u00f6llisesti sopivalla m\u00e4\u00e4r\u00e4ll\u00e4 hydrauli\u00f6ljy\u00e4 sujuvan toiminnan varmistamiseksi.<\/p>\n<h3>Huolto ja vianm\u00e4\u00e4ritys<\/h3>\n<p>Varren sylinterin tehokkaan toiminnan varmistamiseksi s\u00e4\u00e4nn\u00f6llinen huolto on v\u00e4ltt\u00e4m\u00e4t\u00f6nt\u00e4. Huoltoon kuuluu vuotojen tarkistaminen, sylinterin puhdistaminen, tiivisteiden vaihtaminen ja m\u00e4nn\u00e4nvarren vaurioiden tarkistaminen. Vianm\u00e4\u00e4rityksess\u00e4 seuraavista vinkeist\u00e4 voi olla apua:<\/p>\n<ul>\n<li><strong>Ongelma:<\/strong> Sylinteri ei liiku tai liikkuu hitaasti.<\/li>\n<li><strong>Ratkaisu:<\/strong> Tarkista hydrauliikka\u00f6ljyn taso, \u00f6ljypumppu ja venttiili.<\/li>\n<li><strong>Ongelma:<\/strong> Sylinteri liikkuu ep\u00e4tasaisesti tai t\u00e4risee.<\/li>\n<li><strong>Ratkaisu:<\/strong> Tarkista m\u00e4nn\u00e4nvarsi vaurioiden tai taipumisen varalta ja tarkista hydrauliikka\u00f6ljyn viskositeetti.<\/li>\n<\/ul>\n<p>Ennaltaehk\u00e4isevi\u00e4 toimenpiteit\u00e4 ovat valmistajan ohjeiden noudattaminen, s\u00e4\u00e4nn\u00f6llinen huolto sek\u00e4 hydraulij\u00e4rjestelm\u00e4n paineen ja l\u00e4mp\u00f6tilan seuranta.<\/p>\n<p><img decoding=\"async\" src=\"https:\/\/www.hydraulic-cylinders.net\/wp-content\/uploads\/2025\/01\/songte-chushion-collar.webp\" \/><\/p>\n<h3>Asennusopas<\/h3>\n<p>Varren sylinterin asennus vaatii varovaisuutta vaurioiden tai onnettomuuksien v\u00e4ltt\u00e4miseksi. Seuraavat vaiheet voivat ohjata asennusprosessia:<\/p>\n<ol>\n<li>Valmistele hydrauliikkaj\u00e4rjestelm\u00e4 ja puomin sylinteri valmistajan ohjeiden mukaisesti.<\/li>\n<li>Asenna sylinteri koneeseen varmistaen, ett\u00e4 sylinteri on oikein kohdistettu ja tuettu.<\/li>\n<li>Liit\u00e4 hydrauliletkut sylinteriin.<\/li>\n<li>Tarkista vuodot ja testaa sylinterin toiminta.<\/li>\n<\/ol>\n<p><img decoding=\"async\" src=\"https:\/\/www.hydraulic-cylinders.net\/wp-content\/uploads\/2025\/01\/songte-bushings-with-all-kinds-of-excavator-models.webp\" \/><\/p>\n<h3>Turvallisuusn\u00e4k\u00f6kohdat ja ymp\u00e4rist\u00f6tekij\u00e4t<\/h3>\n<p>Varren sylinterin k\u00e4yt\u00f6n tulee noudattaa valmistajan ohjeita ja turvallisuusm\u00e4\u00e4r\u00e4yksi\u00e4. Turvallisuusn\u00e4k\u00f6kohtiin kuuluu suojavarusteiden k\u00e4ytt\u00f6, s\u00e4\u00e4nn\u00f6llinen huolto sek\u00e4 hydraulij\u00e4rjestelm\u00e4n vuotojen ja paineen tarkastaminen. Ymp\u00e4rist\u00f6tekij\u00f6ihin kuuluvat hydrauli\u00f6ljyn asianmukainen h\u00e4vitt\u00e4minen ja paikallisten m\u00e4\u00e4r\u00e4ysten noudattaminen.<\/p>\n<h3>Tietoa meist\u00e4<\/h3>\n<p>Olemme ammattimainen hydraulisylintereiden valmistaja, jolla on laaja tuotevalikoima, ja olemme yksi johtavista hydraulisylintereiden valmistajista ja tukkumyyjist\u00e4 kotimaisilla ja kansainv\u00e4lisill\u00e4 markkinoilla. Noudatamme aina erinomaisen laadun periaatetta, luotamme teollistettuihin tuotannonohjausstrategioihin tarkkuusvalmistusty\u00f6pajoissa ja parannamme jatkuvasti teknist\u00e4 tasoamme ja tuotantotehokkuuttamme.<\/p>\n<p>Ottamalla k\u00e4ytt\u00f6\u00f6n huippuluokan digitaalisia valmistuslaitteita ja ammattimaisia \u200b\u200btunnistusj\u00e4rjestelmi\u00e4, optimoimme jatkuvasti valmistusalustaa, parannamme tuotteiden laadunvalvontaprosesseja ja meill\u00e4 on vahvat innovaatiokyvyt. Tavoitteenamme on vastata asiakkaiden monimuotoisiin tarpeisiin tehokkaalla, tarkalla ja laadukkaalla tavalla.<\/p>\n<p>Tarjoamme ammattitaitoisia palveluita, kansainv\u00e4lisi\u00e4 sertifikaatteja, r\u00e4\u00e4t\u00e4l\u00f6ityj\u00e4 palveluita, edistyneit\u00e4 tuotantolaitteita ja kattavaa huoltopalvelua.<\/p>\n<p><img decoding=\"async\" src=\"https:\/\/www.hydraulic-cylinders.net\/wp-content\/uploads\/2025\/01\/songte-company-4.webp\" \/><br \/>\n<img decoding=\"async\" src=\"https:\/\/www.hydraulic-cylinders.net\/wp-content\/uploads\/2025\/01\/songte-company-3.webp\" \/><\/p>\n<p>Kirjoittaja: lyl<\/p>","protected":false},"excerpt":{"rendered":"<p>Arm Cylinder For Dasin DS35 Introduction The Arm Cylinder for Dasin DS35 is a type of hydraulic cylinder designed specifically to provide linear motion and power to the arm of various types of machinery, such as excavators, cranes, and robotic arms. The arm cylinder plays a critical role in hydraulic systems, enabling the effective movement [&hellip;]<\/p>","protected":false},"featured_media":14774,"comment_status":"open","ping_status":"closed","template":"","meta":{"_et_pb_use_builder":"","_et_pb_old_content":"","_et_gb_content_width":""},"product_brand":[],"product_cat":[1497],"product_tag":[1498,1496],"class_list":{"0":"post-16902","1":"product","2":"type-product","3":"status-publish","4":"has-post-thumbnail","6":"product_cat-arm-cylinders","7":"product_tag-arm-cylinders","8":"product_tag-hydraulic-cylinders","10":"first","11":"instock","12":"shipping-taxable","13":"product-type-simple"},"amp_enabled":true,"_links":{"self":[{"href":"https:\/\/www.hydraulic-cylinders.net\/fi\/wp-json\/wp\/v2\/product\/16902","targetHints":{"allow":["GET"]}}],"collection":[{"href":"https:\/\/www.hydraulic-cylinders.net\/fi\/wp-json\/wp\/v2\/product"}],"about":[{"href":"https:\/\/www.hydraulic-cylinders.net\/fi\/wp-json\/wp\/v2\/types\/product"}],"replies":[{"embeddable":true,"href":"https:\/\/www.hydraulic-cylinders.net\/fi\/wp-json\/wp\/v2\/comments?post=16902"}],"wp:featuredmedia":[{"embeddable":true,"href":"https:\/\/www.hydraulic-cylinders.net\/fi\/wp-json\/wp\/v2\/media\/14774"}],"wp:attachment":[{"href":"https:\/\/www.hydraulic-cylinders.net\/fi\/wp-json\/wp\/v2\/media?parent=16902"}],"wp:term":[{"taxonomy":"product_brand","embeddable":true,"href":"https:\/\/www.hydraulic-cylinders.net\/fi\/wp-json\/wp\/v2\/product_brand?post=16902"},{"taxonomy":"product_cat","embeddable":true,"href":"https:\/\/www.hydraulic-cylinders.net\/fi\/wp-json\/wp\/v2\/product_cat?post=16902"},{"taxonomy":"product_tag","embeddable":true,"href":"https:\/\/www.hydraulic-cylinders.net\/fi\/wp-json\/wp\/v2\/product_tag?post=16902"}],"curies":[{"name":"wp","href":"https:\/\/api.w.org\/{rel}","templated":true}]}}