{"id":16960,"date":"2025-01-21T08:27:32","date_gmt":"2025-01-21T08:27:32","guid":{"rendered":"https:\/\/www.hydraulic-cylinders.net\/?post_type=product&#038;p=16960"},"modified":"2025-04-11T01:44:58","modified_gmt":"2025-04-11T01:44:58","slug":"hcyy11112000-forklift-lifting-cylinder","status":"publish","type":"product","link":"https:\/\/www.hydraulic-cylinders.net\/fi\/tuote\/hcyy11112000-forklift-lifting-cylinder\/","title":{"rendered":"HCYY11112000 Trukin nostosylinteri"},"content":{"rendered":"<h1 style=\"text-align: center;\"><strong>HCYY11112000 Trukin nostosylinteri<\/strong><\/h1>\n<p><img loading=\"lazy\" decoding=\"async\" class=\"alignnone wp-image-16964\" src=\"https:\/\/www.hydraulic-cylinders.net\/wp-content\/uploads\/2025\/01\/hcyy11112000-forklift-lifting-cylinder-1.webp\" alt=\"\" width=\"1000\" height=\"345\" srcset=\"https:\/\/www.hydraulic-cylinders.net\/wp-content\/uploads\/2025\/01\/hcyy11112000-forklift-lifting-cylinder-1-980x338.webp 980w, https:\/\/www.hydraulic-cylinders.net\/wp-content\/uploads\/2025\/01\/hcyy11112000-forklift-lifting-cylinder-1-480x166.webp 480w\" sizes=\"(min-width: 0px) and (max-width: 480px) 480px, (min-width: 481px) and (max-width: 980px) 980px, (min-width: 981px) 1000px, 100vw\" \/><\/p>\n<p>HCYY11112000-trukin nostosylinteri on trukin toiminnan kannalta ratkaisevan t\u00e4rke\u00e4 osa, joka helpottaa raskaiden kuormien tehokasta nostamista ja laskemista. Kest\u00e4v\u00e4ksi ja tehokkaaksi suunniteltu hydraulisylinteri parantaa merkitt\u00e4v\u00e4sti tuottavuutta erilaisissa teollisuusymp\u00e4rist\u00f6iss\u00e4.<\/p>\n<p>HCYY11112000 on olennainen osa kaikkia trukkitoimintoja, ja sen kest\u00e4v\u00e4 rakenne ja suuri kuormituskapasiteetti tekev\u00e4t siit\u00e4 ihanteellisen valinnan esimerkiksi varastointi- ja rakennusalalle. Perehtym\u00e4ll\u00e4 sen ominaisuuksiin, asianmukaiseen k\u00e4ytt\u00f6\u00f6n ja huoltovaatimuksiin k\u00e4ytt\u00e4j\u00e4t voivat varmistaa, ett\u00e4 t\u00e4m\u00e4 hydraulisylinteri tarjoaa luotettavaa palvelua ja parantaa tuottavuutta vuosien ajan.<\/p>\n<h2><strong>HCYY11112000 Trukin nostosylinterin parametri:<\/strong><\/h2>\n<h2><img loading=\"lazy\" decoding=\"async\" class=\"alignnone size-full wp-image-16968\" src=\"https:\/\/www.hydraulic-cylinders.net\/wp-content\/uploads\/2025\/01\/hcyy11112000-forklift-lifting-cylinder-5.webp\" alt=\"\" width=\"1517\" height=\"144\" srcset=\"https:\/\/www.hydraulic-cylinders.net\/wp-content\/uploads\/2025\/01\/hcyy11112000-forklift-lifting-cylinder-5.webp 1517w, https:\/\/www.hydraulic-cylinders.net\/wp-content\/uploads\/2025\/01\/hcyy11112000-forklift-lifting-cylinder-5-1280x122.webp 1280w, https:\/\/www.hydraulic-cylinders.net\/wp-content\/uploads\/2025\/01\/hcyy11112000-forklift-lifting-cylinder-5-980x93.webp 980w, https:\/\/www.hydraulic-cylinders.net\/wp-content\/uploads\/2025\/01\/hcyy11112000-forklift-lifting-cylinder-5-480x46.webp 480w\" sizes=\"(min-width: 0px) and (max-width: 480px) 480px, (min-width: 481px) and (max-width: 980px) 980px, (min-width: 981px) and (max-width: 1280px) 1280px, (min-width: 1281px) 1517px, 100vw\" \/><img loading=\"lazy\" decoding=\"async\" class=\"alignnone wp-image-16965\" style=\"color: #666666; font-size: 14px;\" src=\"https:\/\/www.hydraulic-cylinders.net\/wp-content\/uploads\/2025\/01\/hcyy11112000-forklift-lifting-cylinder-2.webp\" alt=\"\" width=\"1000\" height=\"482\" srcset=\"https:\/\/www.hydraulic-cylinders.net\/wp-content\/uploads\/2025\/01\/hcyy11112000-forklift-lifting-cylinder-2-980x472.webp 980w, https:\/\/www.hydraulic-cylinders.net\/wp-content\/uploads\/2025\/01\/hcyy11112000-forklift-lifting-cylinder-2-480x231.webp 480w\" sizes=\"(min-width: 0px) and (max-width: 480px) 480px, (min-width: 481px) and (max-width: 980px) 980px, (min-width: 981px) 1000px, 100vw\" \/><span style=\"color: #666666; font-size: 14px;\">\u00a0<\/span><img loading=\"lazy\" decoding=\"async\" class=\"alignnone wp-image-16966\" style=\"color: #666666; font-size: 14px;\" src=\"https:\/\/www.hydraulic-cylinders.net\/wp-content\/uploads\/2025\/01\/hcyy11112000-forklift-lifting-cylinder-3.webp\" alt=\"\" width=\"1000\" height=\"482\" srcset=\"https:\/\/www.hydraulic-cylinders.net\/wp-content\/uploads\/2025\/01\/hcyy11112000-forklift-lifting-cylinder-3-980x473.webp 980w, https:\/\/www.hydraulic-cylinders.net\/wp-content\/uploads\/2025\/01\/hcyy11112000-forklift-lifting-cylinder-3-480x232.webp 480w\" sizes=\"(min-width: 0px) and (max-width: 480px) 480px, (min-width: 481px) and (max-width: 980px) 980px, (min-width: 981px) 1000px, 100vw\" \/><img loading=\"lazy\" decoding=\"async\" class=\"alignnone size-full wp-image-16967\" src=\"https:\/\/www.hydraulic-cylinders.net\/wp-content\/uploads\/2025\/01\/hcyy11112000-forklift-lifting-cylinder-4.webp\" alt=\"\" width=\"1496\" height=\"774\" srcset=\"https:\/\/www.hydraulic-cylinders.net\/wp-content\/uploads\/2025\/01\/hcyy11112000-forklift-lifting-cylinder-4.webp 1496w, https:\/\/www.hydraulic-cylinders.net\/wp-content\/uploads\/2025\/01\/hcyy11112000-forklift-lifting-cylinder-4-1280x662.webp 1280w, https:\/\/www.hydraulic-cylinders.net\/wp-content\/uploads\/2025\/01\/hcyy11112000-forklift-lifting-cylinder-4-980x507.webp 980w, https:\/\/www.hydraulic-cylinders.net\/wp-content\/uploads\/2025\/01\/hcyy11112000-forklift-lifting-cylinder-4-480x248.webp 480w\" sizes=\"(min-width: 0px) and (max-width: 480px) 480px, (min-width: 481px) and (max-width: 980px) 980px, (min-width: 981px) and (max-width: 1280px) 1280px, (min-width: 1281px) 1496px, 100vw\" \/><\/h2>\n<h2><strong>Trukin sylinterisarja:\u00a0<\/strong><\/h2>\n<h2><img loading=\"lazy\" decoding=\"async\" class=\"alignnone size-full wp-image-16971\" src=\"https:\/\/www.hydraulic-cylinders.net\/wp-content\/uploads\/2025\/01\/fork-lift-cylinder.webp\" alt=\"\" width=\"2004\" height=\"2529\" srcset=\"https:\/\/www.hydraulic-cylinders.net\/wp-content\/uploads\/2025\/01\/fork-lift-cylinder.webp 2004w, https:\/\/www.hydraulic-cylinders.net\/wp-content\/uploads\/2025\/01\/fork-lift-cylinder-1280x1615.webp 1280w, https:\/\/www.hydraulic-cylinders.net\/wp-content\/uploads\/2025\/01\/fork-lift-cylinder-980x1237.webp 980w, https:\/\/www.hydraulic-cylinders.net\/wp-content\/uploads\/2025\/01\/fork-lift-cylinder-480x606.webp 480w\" sizes=\"(min-width: 0px) and (max-width: 480px) 480px, (min-width: 481px) and (max-width: 980px) 980px, (min-width: 981px) and (max-width: 1280px) 1280px, (min-width: 1281px) 2004px, 100vw\" \/><\/h2>\n<h2><strong>HCYY11112000-trukin nostosylinterin t\u00e4rkeimm\u00e4t ominaisuudet:<\/strong><\/h2>\n<p>HCYY11112000-trukin nostosylinteri on suunniteltu useilla erinomaisilla ominaisuuksilla, jotka parantavat sen suorituskyky\u00e4 ja luotettavuutta vaativissa teollisuusymp\u00e4rist\u00f6iss\u00e4.<\/p>\n<h4><strong>Suuri kuormituskapasiteetti<\/strong><\/h4>\n<p>Raskaaseen k\u00e4ytt\u00f6\u00f6n suunniteltu HCYY11112000 pystyy vaivattomasti k\u00e4sittelem\u00e4\u00e4n huomattavia painoja. T\u00e4m\u00e4 suuri kuormankesto varmistaa, ett\u00e4 k\u00e4ytt\u00e4j\u00e4t voivat nostaa ja kuljettaa suuria materiaaleja luottavaisin mielin, mik\u00e4 tekee siit\u00e4 korvaamattoman ty\u00f6kalun varastoissa, rakennusty\u00f6mailla ja tuotantolaitoksissa.<\/p>\n<h4><strong>Kest\u00e4v\u00e4 rakenne<\/strong><\/h4>\n<p>T\u00e4m\u00e4 eritt\u00e4in lujista materiaaleista valmistettu sylinteri on poikkeuksellisen kest\u00e4v\u00e4. Sen kest\u00e4v\u00e4 rakenne kest\u00e4\u00e4 kulumista, joten se kest\u00e4\u00e4 p\u00e4ivitt\u00e4isen k\u00e4yt\u00f6n rasitukset. T\u00e4m\u00e4 kest\u00e4vyys tarkoittaa pidemp\u00e4\u00e4 k\u00e4ytt\u00f6ik\u00e4\u00e4, mik\u00e4 v\u00e4hent\u00e4\u00e4 osien vaihtotarvetta ja minimoi k\u00e4ytt\u00f6kustannukset.<\/p>\n<h4><strong>Tarkkuustekniikka<\/strong><\/h4>\n<p>HCYY11112000:n innovatiivinen rakenne edist\u00e4\u00e4 sujuvaa ja tarkkaa nostamista. T\u00e4m\u00e4 tarkka suunnittelu minimoi kuorman siirtymisen riskin ja parantaa turvallisuutta k\u00e4yt\u00f6n aikana. K\u00e4ytt\u00e4j\u00e4t voivat luottaa t\u00e4h\u00e4n sylinteriin vakauden yll\u00e4pit\u00e4miseksi my\u00f6s ep\u00e4tasaisia \u200b\u200btai kookkaita kuormia nostettaessa.<\/p>\n<h4><strong>Korroosionkest\u00e4vyys<\/strong><\/h4>\n<p>Haastavissa ymp\u00e4rist\u00f6iss\u00e4 altistuminen kosteudelle ja voimakkaille kemikaaleille voi johtaa ennenaikaiseen heikkenemiseen. HCYY11112000 on varustettu erityisill\u00e4 pinnoitteilla, jotka suojaavat tehokkaasti ruosteelta ja korroosiolta. T\u00e4m\u00e4 ominaisuus varmistaa luotettavan toiminnan ja pident\u00e4\u00e4 sylinterin k\u00e4ytt\u00f6ik\u00e4\u00e4 olosuhteista riippumatta.<\/p>\n<h4><strong>Tehokas toiminta<\/strong><\/h4>\n<p>Optimoitu hydraulivirtaussuunnittelu parantaa HCYY11112000:n nostonopeutta ja tehokkuutta. T\u00e4m\u00e4 harkittu suunnittelu v\u00e4hent\u00e4\u00e4 seisokkiaikoja, jolloin k\u00e4ytt\u00e4j\u00e4t voivat suorittaa teht\u00e4v\u00e4t nopeammin ja tehokkaammin. Parannettu suorituskyky ei ainoastaan \u200b\u200bs\u00e4\u00e4st\u00e4 aikaa, vaan my\u00f6s parantaa kokonaistuottavuutta nopeatempoisissa ty\u00f6ymp\u00e4rist\u00f6iss\u00e4.<\/p>\n<h4><strong>Monipuolinen k\u00e4ytt\u00f6<\/strong><\/h4>\n<p>HCYY11112000 on riitt\u00e4v\u00e4n monipuolinen k\u00e4ytett\u00e4v\u00e4ksi erilaisissa sovelluksissa raskaiden teollisuuskomponenttien nostamisesta kuormalavojen k\u00e4sittelyyn varastossa. Sen muunneltavuus tekee siit\u00e4 ensisijaisen valinnan useilla toimialoilla, varmistaen, ett\u00e4 se vastaa k\u00e4ytt\u00e4jien monipuolisiin tarpeisiin.<\/p>\n<h4><strong>Helppo asennus ja huolto<\/strong><\/h4>\n<p>K\u00e4ytt\u00e4j\u00e4yst\u00e4v\u00e4llisyydeksi suunniteltu HCYY11112000 mahdollistaa helpon asennuksen ja huollon. K\u00e4ytt\u00e4j\u00e4t voivat nopeasti ottaa sen k\u00e4ytt\u00f6\u00f6n ja suorittaa s\u00e4\u00e4nn\u00f6llisi\u00e4 tarkastuksia, mik\u00e4 varmistaa sujuvan toiminnan ilman pitki\u00e4 seisokkeja.<\/p>\n<p>Vaikuttavien ominaisuuksiensa ansiosta HCYY11112000-trukin nostosylinteri ei ainoastaan \u200b\u200bparanna nostotehokkuutta, vaan my\u00f6s nostaa turvallisuus- ja kest\u00e4vyysstandardeja. Investoimalla t\u00e4h\u00e4n tehokkaaseen sylinteriin teollisuudenalat voivat parantaa tuottavuutta ja varmistaa luotettavan toiminnan vuosiksi eteenp\u00e4in.<\/p>\n<h2><strong>Mitk\u00e4 t\u00e4rke\u00e4t huoltotoimenpiteet pident\u00e4v\u00e4t trukin nostosylinterin k\u00e4ytt\u00f6ik\u00e4\u00e4?<\/strong><\/h2>\n<p>Trukin nostosylinterin k\u00e4ytt\u00f6i\u00e4n merkitt\u00e4v\u00e4ksi pident\u00e4miseksi on t\u00e4rke\u00e4\u00e4 omaksua ennakoiva huoltomenetelm\u00e4. T\u00e4ss\u00e4 on joitakin keskeisi\u00e4 k\u00e4yt\u00e4nt\u00f6j\u00e4, jotka paitsi pident\u00e4v\u00e4t k\u00e4ytt\u00f6ik\u00e4\u00e4 my\u00f6s varmistavat turvallisen ja tehokkaan toiminnan:<\/p>\n<h4><strong>1. S\u00e4\u00e4nn\u00f6lliset tarkastukset<\/strong><\/h4>\n<ul>\n<li><strong>Miksi sill\u00e4 on merkityst\u00e4<\/strong>S\u00e4\u00e4nn\u00f6lliset tarkastukset ovat ratkaisevan t\u00e4rkeit\u00e4 kulumisen, vuotojen tai vaurioiden havaitsemiseksi varhaisessa vaiheessa. N\u00e4iden ongelmien havaitseminen ennen niiden pahenemista voi s\u00e4\u00e4st\u00e4\u00e4 kalliilta korjauksilta ja seisokkiajalta.<\/li>\n<li><strong>K\u00e4rki<\/strong>Laadi tarkistuslista kaikkien komponenttien, mukaan lukien letkujen, tiivisteiden ja itse sylinterin, systemaattiseksi tarkastamiseksi.<\/li>\n<\/ul>\n<h4><strong>2. Hydraulinesteiden tarkistukset<\/strong><\/h4>\n<ul>\n<li><strong>Miksi sill\u00e4 on merkityst\u00e4<\/strong>Hydraulineste toimii nostosylinterin elinehtona ja mahdollistaa sujuvan toiminnan. Oikean nestetason ja laadun yll\u00e4pit\u00e4minen on elint\u00e4rke\u00e4\u00e4 optimaalisen suorituskyvyn saavuttamiseksi.<\/li>\n<li><strong>K\u00e4rki<\/strong>Tarkista s\u00e4\u00e4nn\u00f6llisesti ep\u00e4puhtaudet ja vaihda neste valmistajan suositusten mukaisesti.<\/li>\n<\/ul>\n<h4><strong>3. Tiivisteen huolto<\/strong><\/h4>\n<ul>\n<li><strong>Miksi sill\u00e4 on merkityst\u00e4<\/strong>Tiivisteill\u00e4 on ratkaiseva rooli vuotojen est\u00e4misess\u00e4 ja paineen yll\u00e4pit\u00e4misess\u00e4 sylinteriss\u00e4. Kuluneet tai vaurioituneet tiivisteet voivat johtaa suorituskykyongelmiin ja turvallisuusriskeihin.<\/li>\n<li><strong>K\u00e4rki<\/strong>Tarkista tiivisteet s\u00e4\u00e4nn\u00f6llisten tarkastusten yhteydess\u00e4 ja vaihda ne viipym\u00e4tt\u00e4 v\u00e4ltt\u00e4\u00e4ksesi vakavammat ongelmat.<\/li>\n<\/ul>\n<h4><strong>4. Puhdistus<\/strong><\/h4>\n<ul>\n<li><strong>Miksi sill\u00e4 on merkityst\u00e4<\/strong>Sylinterin ja sit\u00e4 ymp\u00e4r\u00f6ivien alueiden pit\u00e4minen puhtaina liasta ja roskista on t\u00e4rke\u00e4\u00e4 kontaminaation est\u00e4miseksi ja sujuvan toiminnan varmistamiseksi.<\/li>\n<li><strong>K\u00e4rki<\/strong>K\u00e4yt\u00e4 pehme\u00e4\u00e4 liinaa ja sopivia puhdistusaineita pinnan vahingoittumisen v\u00e4ltt\u00e4miseksi ja alueen puhtaana pit\u00e4miseksi.<\/li>\n<\/ul>\n<h4><strong>5. Voitelu<\/strong><\/h4>\n<ul>\n<li><strong>Miksi sill\u00e4 on merkityst\u00e4<\/strong>Liikkuvien osien asianmukainen voitelu v\u00e4hent\u00e4\u00e4 kitkaa ja kulumista, mik\u00e4 voi pident\u00e4\u00e4 sylinterin k\u00e4ytt\u00f6ik\u00e4\u00e4.<\/li>\n<li><strong>K\u00e4rki<\/strong>Noudata voiteluaineiden valmistajan ohjeita ja varmista, ett\u00e4 kaikki liikkuvat osat huolletaan asianmukaisesti.<\/li>\n<\/ul>\n<h4><strong>6. Kuormituksen hallinta<\/strong><\/h4>\n<ul>\n<li><strong>Miksi sill\u00e4 on merkityst\u00e4<\/strong>M\u00e4\u00e4ritellyn kuormituskapasiteetin rajoissa toimiminen on ratkaisevan t\u00e4rke\u00e4\u00e4 turvallisuuden ja tehokkuuden kannalta. Ylikuormitus voi johtaa mekaanisiin vaurioihin ja lis\u00e4\u00e4ntyneeseen kulumiseen.<\/li>\n<li><strong>K\u00e4rki<\/strong>Muista aina kuormitusrajoitukset ja kouluta kuljettajia ymm\u00e4rt\u00e4m\u00e4\u00e4n niiden noudattamisen t\u00e4rkeyden.<\/li>\n<\/ul>\n<h4><strong>7. Ammattimainen huolto<\/strong><\/h4>\n<ul>\n<li><strong>Miksi sill\u00e4 on merkityst\u00e4<\/strong>Ammattilaisten palkkaaminen s\u00e4\u00e4nn\u00f6llisiin huoltotarkastuksiin voi auttaa tunnistamaan mahdolliset ongelmat, jotka eiv\u00e4t v\u00e4ltt\u00e4m\u00e4tt\u00e4 ole ilmeisi\u00e4 rutiinitarkastuksissa.<\/li>\n<li><strong>K\u00e4rki<\/strong>Laadi huolto-ohjelma sertifioidun teknikon kanssa varmistaaksesi, ett\u00e4 kaikki komponentit ovat huippukunnossa.<\/li>\n<\/ul>\n<p>Integroimalla n\u00e4m\u00e4 t\u00e4rke\u00e4t huoltok\u00e4yt\u00e4nn\u00f6t rutiineihisi parannat trukkisylinterisi k\u00e4ytt\u00f6ik\u00e4\u00e4 ja turvallisuutta ja tehokkuutta kaikissa toiminnoissasi. Hyvin huollettu nostosylinteri voi johtaa lis\u00e4\u00e4ntyneeseen tuottavuuteen, alennettuihin k\u00e4ytt\u00f6kustannuksiin ja turvallisempaan ty\u00f6paikkaan, joten n\u00e4m\u00e4 k\u00e4yt\u00e4nn\u00f6t ovat vaivan arvoisia!<\/p>\n<h2><strong>Trukin sylinterin tuotantoalue:<\/strong><\/h2>\n<h2><img loading=\"lazy\" decoding=\"async\" class=\"alignnone size-full wp-image-16972\" src=\"https:\/\/www.hydraulic-cylinders.net\/wp-content\/uploads\/2025\/01\/hydraulic-cylinder-factory-1-scaled.webp\" alt=\"\" width=\"2016\" height=\"2560\" srcset=\"https:\/\/www.hydraulic-cylinders.net\/wp-content\/uploads\/2025\/01\/hydraulic-cylinder-factory-1-scaled.webp 2016w, https:\/\/www.hydraulic-cylinders.net\/wp-content\/uploads\/2025\/01\/hydraulic-cylinder-factory-1-1280x1625.webp 1280w, https:\/\/www.hydraulic-cylinders.net\/wp-content\/uploads\/2025\/01\/hydraulic-cylinder-factory-1-980x1244.webp 980w, https:\/\/www.hydraulic-cylinders.net\/wp-content\/uploads\/2025\/01\/hydraulic-cylinder-factory-1-480x610.webp 480w\" sizes=\"(min-width: 0px) and (max-width: 480px) 480px, (min-width: 481px) and (max-width: 980px) 980px, (min-width: 981px) and (max-width: 1280px) 1280px, (min-width: 1281px) 2016px, 100vw\" \/><\/h2>\n<p>Meill\u00e4 on ensiluokkainen itsen\u00e4inen tutkimus- ja kehitysalusta kokoonpanoa varten. Trukkisylinterien tuotantolaitoksessa on nelj\u00e4 puoliautomaattista nostosylinterien kokoonpanolinjaa ja t\u00e4ysautomaattinen kallistussylinterien kokoonpanolinja, joiden suunniteltu vuotuinen tuotantokapasiteetti on miljoona kappaletta. Erikoissylinterity\u00f6pajassa on erilaisten spesifikaatioiden puoliautomaattisia puhdistus- ja kokoonpanoj\u00e4rjestelmi\u00e4, joiden suunniteltu vuotuinen tuotantokapasiteetti on 200 000 kappaletta. Se on varustettu tunnettujen merkkien CNC-ty\u00f6st\u00f6koneilla, ty\u00f6st\u00f6keskuksilla, erikoislaitteilla tarkkuussylinterien ty\u00f6st\u00f6\u00f6n, robottihitsauskoneilla, automaattisilla puhdistuskoneilla, automaattisilla sylinterien kokoonpanokoneilla ja automaattisilla maalintuotantolinjoilla. Meill\u00e4 on k\u00e4yt\u00f6ss\u00e4 yli 300 keskeist\u00e4 laitetta. Laitteiden optimoitu kohdentaminen ja tehokas k\u00e4ytt\u00f6 varmistavat tuotteiden tarkkuusvaatimukset ja t\u00e4ytt\u00e4v\u00e4t tuotteiden korkeat laatustandardit.<\/p>\n<p>Koneistamo on varustettu mittatilausty\u00f6n\u00e4 valmistetuilla kallistuskiskojen sorvauskeskuksilla, ty\u00f6st\u00f6keskuksilla, nopeilla hoonauskoneilla, hitsausroboteilla ja muilla asiaankuuluvilla laitteilla, jotka pystyv\u00e4t k\u00e4sittelem\u00e4\u00e4n enint\u00e4\u00e4n 400 mm:n sis\u00e4halkaisijan ja enint\u00e4\u00e4n 6 metrin pituisten sylinteriputkien ty\u00f6st\u00f6\u00e4.<\/p>\n<h2><img loading=\"lazy\" decoding=\"async\" class=\"alignnone size-full wp-image-16973\" src=\"https:\/\/www.hydraulic-cylinders.net\/wp-content\/uploads\/2025\/01\/hydraulic-cylinder-factory-2-scaled.webp\" alt=\"\" width=\"2011\" height=\"2560\" srcset=\"https:\/\/www.hydraulic-cylinders.net\/wp-content\/uploads\/2025\/01\/hydraulic-cylinder-factory-2-scaled.webp 2011w, https:\/\/www.hydraulic-cylinders.net\/wp-content\/uploads\/2025\/01\/hydraulic-cylinder-factory-2-1280x1629.webp 1280w, https:\/\/www.hydraulic-cylinders.net\/wp-content\/uploads\/2025\/01\/hydraulic-cylinder-factory-2-980x1248.webp 980w, https:\/\/www.hydraulic-cylinders.net\/wp-content\/uploads\/2025\/01\/hydraulic-cylinder-factory-2-480x611.webp 480w\" sizes=\"(min-width: 0px) and (max-width: 480px) 480px, (min-width: 481px) and (max-width: 980px) 980px, (min-width: 981px) and (max-width: 1280px) 1280px, (min-width: 1281px) 2011px, 100vw\" \/><\/h2>\n<p>Meill\u00e4 on t\u00e4ysautomaattinen vesiohenteisen maalin pinnoituslinja pienille ja keskisuurille sylintereille, joka toteuttaa automaattisen lastauksen ja purkauksen sek\u00e4 automaattiset ruiskutusrobotit. Suunniteltu tuotantokapasiteetti on 4000 paikkaa vuorossa. Meill\u00e4 on toinen puoliautomaattinen maalauslinja suurille sylintereille, jota k\u00e4ytt\u00e4\u00e4 voimansiirtoketju, ja sen suunnittelukapasiteetti on 60 laatikkoa vuorossa.<\/p>\n<p>Parantaaksemme tuotteidemme suorituskyky\u00e4 entisest\u00e4\u00e4n ja vakiinnuttaaksemme hydraulisylintereidemme johtavan aseman alalla, yrityksemme ja zjimee perustivat yhdess\u00e4 kattavan hydraulisylintereiden, hydrauliventtiilien ja hydraulipumppujen suorituskykylaboratorion. Laboratoriossa tehd\u00e4\u00e4n tietokoneella avustettua testausta s\u00e4hk\u00f6hydraulisella tekniikalla, ja testiolosuhteet asetetaan tietokoneella ennalta, mik\u00e4 parantaa testien tarkkuutta ja j\u00e4rjestelm\u00e4n monipuolisuutta sek\u00e4 kokeellisia tietoja.<\/p>\n<p>Automaattinen tiedonkeruu toteutetaan antureiden avulla, ja tietokone k\u00e4sittelee suoraan l\u00e4ht\u00f6tiedot, kuten sylinterin tai venttiilin sis\u00e4isen vuodon ja kuormitustehokkuuden, ja muuntaa ne standardiyksik\u00f6iksi (ml\/min\u00b3TP\u00b3T). Samanaikaisesti hydraulij\u00e4rjestelm\u00e4n k\u00e4ytt\u00f6turvallisuuden varmistamiseksi suoritetaan tilanvalvontatoiminto t\u00e4rkeille suorituskykyparametreille, kuten \"\u00f6ljyn l\u00e4mp\u00f6tilan valvonta, nestetason valvonta, suodatinlaitteen valvonta\" jne. N\u00e4ist\u00e4 parametreista hydraulisylinterin testiteline voi testata \"kuormituksen\" suorituskyky\u00e4.<br \/>\nhy\u00f6tysuhdetta \u201dja\u201d sis\u00e4ist\u00e4 vuotoa\u201d lukemien avulla. Samalla se on varustettu ritil\u00e4viivaimella mittaavalla laitteella, joka t\u00e4ytt\u00e4\u00e4 kaikkien hydraulisylinterituotteiden testattavien kohteiden vaatimukset kansallisen standardin mukaisesti.<\/p>","protected":false},"excerpt":{"rendered":"<p>HCYY11112000 Forklift Lifting Cylinder The HCYY11112000 Forklift Lifting Cylinder is a crucial component for forklift operations, facilitating the efficient lifting and lowering of heavy loads. Engineered for durability and high performance, this hydraulic cylinder significantly boosts productivity across various industrial environments. As an essential asset for any forklift operation, the HCYY11112000 features a robust design [&hellip;]<\/p>","protected":false},"featured_media":16974,"comment_status":"open","ping_status":"closed","template":"","meta":{"_et_pb_use_builder":"","_et_pb_old_content":"","_et_gb_content_width":""},"product_brand":[],"product_cat":[1484,1549],"product_tag":[],"class_list":{"0":"post-16960","1":"product","2":"type-product","3":"status-publish","4":"has-post-thumbnail","6":"product_cat-forklift-hydraulic-cylinders","7":"product_cat-single-acting-hydraulic-cylinder","9":"first","10":"instock","11":"shipping-taxable","12":"product-type-simple"},"amp_enabled":true,"_links":{"self":[{"href":"https:\/\/www.hydraulic-cylinders.net\/fi\/wp-json\/wp\/v2\/product\/16960","targetHints":{"allow":["GET"]}}],"collection":[{"href":"https:\/\/www.hydraulic-cylinders.net\/fi\/wp-json\/wp\/v2\/product"}],"about":[{"href":"https:\/\/www.hydraulic-cylinders.net\/fi\/wp-json\/wp\/v2\/types\/product"}],"replies":[{"embeddable":true,"href":"https:\/\/www.hydraulic-cylinders.net\/fi\/wp-json\/wp\/v2\/comments?post=16960"}],"wp:featuredmedia":[{"embeddable":true,"href":"https:\/\/www.hydraulic-cylinders.net\/fi\/wp-json\/wp\/v2\/media\/16974"}],"wp:attachment":[{"href":"https:\/\/www.hydraulic-cylinders.net\/fi\/wp-json\/wp\/v2\/media?parent=16960"}],"wp:term":[{"taxonomy":"product_brand","embeddable":true,"href":"https:\/\/www.hydraulic-cylinders.net\/fi\/wp-json\/wp\/v2\/product_brand?post=16960"},{"taxonomy":"product_cat","embeddable":true,"href":"https:\/\/www.hydraulic-cylinders.net\/fi\/wp-json\/wp\/v2\/product_cat?post=16960"},{"taxonomy":"product_tag","embeddable":true,"href":"https:\/\/www.hydraulic-cylinders.net\/fi\/wp-json\/wp\/v2\/product_tag?post=16960"}],"curies":[{"name":"wp","href":"https:\/\/api.w.org\/{rel}","templated":true}]}}