{"id":17032,"date":"2025-01-23T08:17:40","date_gmt":"2025-01-23T08:17:40","guid":{"rendered":"https:\/\/www.hydraulic-cylinders.net\/?post_type=product&#038;p=17032"},"modified":"2025-04-15T05:47:52","modified_gmt":"2025-04-15T05:47:52","slug":"hcyy11112014-swing-arm-cylinder-for-environmental-protection","status":"publish","type":"product","link":"https:\/\/www.hydraulic-cylinders.net\/fi\/tuote\/hcyy11112014-swing-arm-cylinder-for-environmental-protection\/","title":{"rendered":"HCYY11112014 K\u00e4\u00e4nt\u00f6varren sylinteri ymp\u00e4rist\u00f6nsuojeluun"},"content":{"rendered":"<h1 style=\"text-align: center;\"><strong>HCYY11112014 K\u00e4\u00e4nt\u00f6varren sylinteri ymp\u00e4rist\u00f6nsuojeluun<\/strong><\/h1>\n<h1 style=\"text-align: center;\"><img loading=\"lazy\" decoding=\"async\" class=\"alignnone size-full wp-image-17034\" src=\"https:\/\/www.hydraulic-cylinders.net\/wp-content\/uploads\/2025\/01\/hcyy11112014-swing-arm-cylinder-2.webp\" alt=\"\" width=\"1495\" height=\"516\" srcset=\"https:\/\/www.hydraulic-cylinders.net\/wp-content\/uploads\/2025\/01\/hcyy11112014-swing-arm-cylinder-2.webp 1495w, https:\/\/www.hydraulic-cylinders.net\/wp-content\/uploads\/2025\/01\/hcyy11112014-swing-arm-cylinder-2-1280x442.webp 1280w, https:\/\/www.hydraulic-cylinders.net\/wp-content\/uploads\/2025\/01\/hcyy11112014-swing-arm-cylinder-2-980x338.webp 980w, https:\/\/www.hydraulic-cylinders.net\/wp-content\/uploads\/2025\/01\/hcyy11112014-swing-arm-cylinder-2-480x166.webp 480w\" sizes=\"(min-width: 0px) and (max-width: 480px) 480px, (min-width: 481px) and (max-width: 980px) 980px, (min-width: 981px) and (max-width: 1280px) 1280px, (min-width: 1281px) 1495px, 100vw\" \/><\/h1>\n<p>HCYY11112014-nivelvarsisylinteri on huippuluokan ratkaisu, joka parantaa toiminnan tehokkuutta ja asettaa samalla etusijalle ymp\u00e4rist\u00f6n kest\u00e4vyyden. T\u00e4m\u00e4 innovatiivinen tuote palvelee useita eri teollisuudenaloja ja tarjoaa luotettavaa suorituskyky\u00e4 minimaalisella ymp\u00e4rist\u00f6vaikutuksella.<\/p>\n<p>Merkitt\u00e4v\u00e4n\u00e4 edistysaskeleena ymp\u00e4rist\u00f6yst\u00e4v\u00e4llisess\u00e4 teknologiassa HCYY11112014-nivelvarsisylinteri ilment\u00e4\u00e4 kest\u00e4vyytt\u00e4 ja tehokkuutta, mik\u00e4 tekee siit\u00e4 t\u00e4ydellisen valinnan kest\u00e4v\u00e4\u00e4n kehitykseen sitoutuneille yrityksille. Sis\u00e4llytt\u00e4m\u00e4ll\u00e4 t\u00e4m\u00e4n tuotteen toimintaasi et ainoastaan \u200b\u200bparanna tuottavuutta, vaan my\u00f6s edist\u00e4t terveellisemp\u00e4\u00e4 planeettaa. Tee fiksu valinta jo t\u00e4n\u00e4\u00e4n investoimalla HCYY11112014-sylinteriin ja koe huipputeknologian edut, joka on suunniteltu ymp\u00e4rist\u00f6nsuojelu keski\u00f6ss\u00e4.<\/p>\n<h2><strong>HCYY11112014 K\u00e4\u00e4nt\u00f6varren sylinteri ymp\u00e4rist\u00f6nsuojeluparametria varten:<\/strong><\/h2>\n<h1 style=\"text-align: center;\"><img loading=\"lazy\" decoding=\"async\" class=\"alignnone size-full wp-image-17033\" src=\"https:\/\/www.hydraulic-cylinders.net\/wp-content\/uploads\/2025\/01\/hcyy11112014-swing-arm-cylinder-1.webp\" alt=\"\" width=\"1515\" height=\"142\" srcset=\"https:\/\/www.hydraulic-cylinders.net\/wp-content\/uploads\/2025\/01\/hcyy11112014-swing-arm-cylinder-1.webp 1515w, https:\/\/www.hydraulic-cylinders.net\/wp-content\/uploads\/2025\/01\/hcyy11112014-swing-arm-cylinder-1-1280x120.webp 1280w, https:\/\/www.hydraulic-cylinders.net\/wp-content\/uploads\/2025\/01\/hcyy11112014-swing-arm-cylinder-1-980x92.webp 980w, https:\/\/www.hydraulic-cylinders.net\/wp-content\/uploads\/2025\/01\/hcyy11112014-swing-arm-cylinder-1-480x45.webp 480w\" sizes=\"(min-width: 0px) and (max-width: 480px) 480px, (min-width: 481px) and (max-width: 980px) 980px, (min-width: 981px) and (max-width: 1280px) 1280px, (min-width: 1281px) 1515px, 100vw\" \/><\/h1>\n<h1 style=\"text-align: center;\"><img loading=\"lazy\" decoding=\"async\" class=\"alignnone size-full wp-image-17035\" src=\"https:\/\/www.hydraulic-cylinders.net\/wp-content\/uploads\/2025\/01\/hcyy11112014-swing-arm-cylinder-3.webp\" alt=\"\" width=\"1480\" height=\"710\" srcset=\"https:\/\/www.hydraulic-cylinders.net\/wp-content\/uploads\/2025\/01\/hcyy11112014-swing-arm-cylinder-3.webp 1480w, https:\/\/www.hydraulic-cylinders.net\/wp-content\/uploads\/2025\/01\/hcyy11112014-swing-arm-cylinder-3-1280x614.webp 1280w, https:\/\/www.hydraulic-cylinders.net\/wp-content\/uploads\/2025\/01\/hcyy11112014-swing-arm-cylinder-3-980x470.webp 980w, https:\/\/www.hydraulic-cylinders.net\/wp-content\/uploads\/2025\/01\/hcyy11112014-swing-arm-cylinder-3-480x230.webp 480w\" sizes=\"(min-width: 0px) and (max-width: 480px) 480px, (min-width: 481px) and (max-width: 980px) 980px, (min-width: 981px) and (max-width: 1280px) 1280px, (min-width: 1281px) 1480px, 100vw\" \/> <img loading=\"lazy\" decoding=\"async\" class=\"alignnone size-full wp-image-17036\" src=\"https:\/\/www.hydraulic-cylinders.net\/wp-content\/uploads\/2025\/01\/hcyy11112014-swing-arm-cylinder-4.webp\" alt=\"\" width=\"1476\" height=\"707\" srcset=\"https:\/\/www.hydraulic-cylinders.net\/wp-content\/uploads\/2025\/01\/hcyy11112014-swing-arm-cylinder-4.webp 1476w, https:\/\/www.hydraulic-cylinders.net\/wp-content\/uploads\/2025\/01\/hcyy11112014-swing-arm-cylinder-4-1280x613.webp 1280w, https:\/\/www.hydraulic-cylinders.net\/wp-content\/uploads\/2025\/01\/hcyy11112014-swing-arm-cylinder-4-980x469.webp 980w, https:\/\/www.hydraulic-cylinders.net\/wp-content\/uploads\/2025\/01\/hcyy11112014-swing-arm-cylinder-4-480x230.webp 480w\" sizes=\"(min-width: 0px) and (max-width: 480px) 480px, (min-width: 481px) and (max-width: 980px) 980px, (min-width: 981px) and (max-width: 1280px) 1280px, (min-width: 1281px) 1476px, 100vw\" \/> <img loading=\"lazy\" decoding=\"async\" class=\"alignnone size-full wp-image-17037\" src=\"https:\/\/www.hydraulic-cylinders.net\/wp-content\/uploads\/2025\/01\/hcyy11112014-swing-arm-cylinder-5.webp\" alt=\"\" width=\"1411\" height=\"704\" srcset=\"https:\/\/www.hydraulic-cylinders.net\/wp-content\/uploads\/2025\/01\/hcyy11112014-swing-arm-cylinder-5.webp 1411w, https:\/\/www.hydraulic-cylinders.net\/wp-content\/uploads\/2025\/01\/hcyy11112014-swing-arm-cylinder-5-1280x639.webp 1280w, https:\/\/www.hydraulic-cylinders.net\/wp-content\/uploads\/2025\/01\/hcyy11112014-swing-arm-cylinder-5-980x489.webp 980w, https:\/\/www.hydraulic-cylinders.net\/wp-content\/uploads\/2025\/01\/hcyy11112014-swing-arm-cylinder-5-480x239.webp 480w\" sizes=\"(min-width: 0px) and (max-width: 480px) 480px, (min-width: 481px) and (max-width: 980px) 980px, (min-width: 981px) and (max-width: 1280px) 1280px, (min-width: 1281px) 1411px, 100vw\" \/><\/h1>\n<h2><strong>Sylinterisarja ymp\u00e4rist\u00f6nsuojeluun:<\/strong><\/h2>\n<h2><img loading=\"lazy\" decoding=\"async\" class=\"alignnone size-full wp-image-17030\" src=\"https:\/\/www.hydraulic-cylinders.net\/wp-content\/uploads\/2025\/01\/cylinder-series-for-environmental-protection-scaled.webp\" alt=\"\" width=\"2044\" height=\"2560\" srcset=\"https:\/\/www.hydraulic-cylinders.net\/wp-content\/uploads\/2025\/01\/cylinder-series-for-environmental-protection-scaled.webp 2044w, https:\/\/www.hydraulic-cylinders.net\/wp-content\/uploads\/2025\/01\/cylinder-series-for-environmental-protection-1280x1603.webp 1280w, https:\/\/www.hydraulic-cylinders.net\/wp-content\/uploads\/2025\/01\/cylinder-series-for-environmental-protection-980x1227.webp 980w, https:\/\/www.hydraulic-cylinders.net\/wp-content\/uploads\/2025\/01\/cylinder-series-for-environmental-protection-480x601.webp 480w\" sizes=\"(min-width: 0px) and (max-width: 480px) 480px, (min-width: 481px) and (max-width: 980px) 980px, (min-width: 981px) and (max-width: 1280px) 1280px, (min-width: 1281px) 2044px, 100vw\" \/><\/h2>\n<h2><strong>HCYY11112014-nivelvarsisylinterin t\u00e4rkeimm\u00e4t ominaisuudet ymp\u00e4rist\u00f6nsuojelussa:<\/strong><\/h2>\n<h4><strong>Ymp\u00e4rist\u00f6yst\u00e4v\u00e4lliset materiaalit<\/strong><\/h4>\n<p>HCYY11112014 nivelvarsisylinteri on valmistettu korkealaatuisista, kierr\u00e4tett\u00e4vist\u00e4 ja kest\u00e4vist\u00e4 materiaaleista. T\u00e4m\u00e4 sitoutuminen vastuulliseen valmistukseen minimoi ymp\u00e4rist\u00f6vaikutukset ja tukee kiertotaloutta. Valitsemalla t\u00e4m\u00e4n sylinterin osallistut tulevaisuuteen, jossa j\u00e4tett\u00e4 v\u00e4hennet\u00e4\u00e4n ja resursseja maksimoidaan.<\/p>\n<h4><strong>Alhainen energiankulutus<\/strong><\/h4>\n<p>Energiatehokkuus mieless\u00e4 suunniteltu HCYY11112014 alentaa merkitt\u00e4v\u00e4sti k\u00e4ytt\u00f6kustannuksia. Sen innovatiivinen suunnittelu v\u00e4hent\u00e4\u00e4 energiankulutusta, mik\u00e4 johtaa hiilidioksidip\u00e4\u00e4st\u00f6jen v\u00e4henemiseen. T\u00e4m\u00e4 tarkoittaa, ett\u00e4 et ainoastaan \u200b\u200bs\u00e4\u00e4st\u00e4 kuluissa, vaan my\u00f6s olet t\u00e4rke\u00e4ss\u00e4 roolissa ilmastonmuutoksen torjunnassa. Se on hy\u00f6dyllinen sek\u00e4 yrityksellesi ett\u00e4 planeetalle.<\/p>\n<h4><strong>Edistynyt tiivistystekniikka<\/strong><\/h4>\n<p>Turvallisuus ja ymp\u00e4rist\u00f6nsuojelu ovat ensiarvoisen t\u00e4rkeit\u00e4, joten HCYY11112014:ss\u00e4 on huippuluokan tiivistysmekanismit. N\u00e4m\u00e4 edistyneet tiivisteet est\u00e4v\u00e4t tehokkaasti vaarallisten aineiden vuodot varmistaen, ett\u00e4 toimintasi ei vaaranna ymp\u00e4r\u00f6iv\u00e4\u00e4 ekosysteemi\u00e4. T\u00e4m\u00e4 teknologia parantaa turvallisuutta ja edist\u00e4\u00e4 luottamusta sidosryhmien ja yhteis\u00f6n v\u00e4lill\u00e4.<\/p>\n<h4><strong>Kest\u00e4v\u00e4 rakenne<\/strong><\/h4>\n<p>HCYY11112014 on rakennettu kest\u00e4m\u00e4\u00e4n haastavimmatkin olosuhteet, ja sen kest\u00e4vyys on poikkeuksellisen korkea. Sen vankka rakenne takaa pitk\u00e4n k\u00e4ytt\u00f6i\u00e4n ja minimoi osien vaihtotarpeen. T\u00e4m\u00e4 kest\u00e4vyys tarkoittaa luotettavuutta, jonka ansiosta toimintasi voi sujua keskeytyksett\u00e4 ja mik\u00e4 alentaa kokonaisvaltaisia \u200b\u200byll\u00e4pitokustannuksia.<\/p>\n<h4><strong>Kompakti muotoilu<\/strong><\/h4>\n<p>HCYY11112014:n innovatiivinen kompakti muotoilu tekee siit\u00e4 monipuolisen valinnan erilaisiin sovelluksiin. Sen tilaa s\u00e4\u00e4st\u00e4v\u00e4 profiili mahdollistaa saumattoman integroinnin olemassa oleviin j\u00e4rjestelmiin suorituskyvyst\u00e4 tinkim\u00e4tt\u00e4. T\u00e4m\u00e4 mukautuvuus mahdollistaa ty\u00f6tilasi optimoinnin, mik\u00e4 maksimoi toiminnan tehokkuuden ja tuottavuuden.<\/p>\n<p>Valitsemalla HCYY11112014-nivelvarsisylinterin saat k\u00e4ytt\u00f6\u00f6si tuotteen, joka ilment\u00e4\u00e4 kest\u00e4v\u00e4\u00e4 kehityst\u00e4, tehokkuutta ja innovaatiota. Koe, miten ymp\u00e4rist\u00f6tietoinen suunnittelu voi vaikuttaa yritykseesi ja planeettamme tulevaisuuteen.<\/p>\n<h2><strong>Mik\u00e4 tekee Hcyy11112014-nivelvarren sylinterist\u00e4 ymp\u00e4rist\u00f6yst\u00e4v\u00e4llisen?<\/strong><\/h2>\n<p>HCYY11112014-nivelvarsisylinteri erottuu ymp\u00e4rist\u00f6yst\u00e4v\u00e4llisen\u00e4 valintana useista vakuuttavista syist\u00e4:<\/p>\n<h4><strong>1. Kest\u00e4v\u00e4t materiaalit<\/strong><\/h4>\n<p>Kierr\u00e4tett\u00e4vist\u00e4 ja kest\u00e4vist\u00e4 materiaaleista valmistettu sylinteri heijastaa sitoutumista vastuulliseen valmistukseen. Valitsemalla t\u00e4m\u00e4n tuotteen tuet kiertotaloutta, joka asettaa etusijalle luonnonvarojen s\u00e4\u00e4st\u00e4misen ja v\u00e4hent\u00e4\u00e4 j\u00e4tett\u00e4.<\/p>\n<h4><strong>2. Energiatehokkuus<\/strong><\/h4>\n<p>Alhaiseksi energiankulutukseksi suunniteltu HCYY11112014 alentaa merkitt\u00e4v\u00e4sti k\u00e4ytt\u00f6kustannuksia. Sen energiatehokas teknologia s\u00e4\u00e4st\u00e4\u00e4 rahaa ja v\u00e4hent\u00e4\u00e4 hiilidioksidip\u00e4\u00e4st\u00f6j\u00e4, mik\u00e4 on ratkaisevassa roolissa ilmastonmuutoksen torjunnassa. T\u00e4m\u00e4 tarkoittaa, ett\u00e4 voit parantaa tuottavuutta ja olla samalla yst\u00e4v\u00e4llinen planeetalle.<\/p>\n<h4><strong>3. Edistynyt tiivistystekniikka<\/strong><\/h4>\n<p>Turvallisuus on ensiarvoisen t\u00e4rke\u00e4\u00e4, ja HCYY11112014 loistaa t\u00e4ss\u00e4. Sen huippuluokan tiivistysmekanismit est\u00e4v\u00e4t tehokkaasti vaarallisten aineiden vuodot, suojelevat ymp\u00e4rist\u00f6\u00e4 ja varmistavat turvallisuusstandardien noudattamisen. T\u00e4m\u00e4 teknologia edist\u00e4\u00e4 luottamusta sidosryhmien keskuudessa ja osoittaa sitoutumista ymp\u00e4rist\u00f6nsuojeluun.<\/p>\n<h4><strong>4. Poikkeuksellinen kest\u00e4vyys<\/strong><\/h4>\n<p>HCYY11112014 on rakennettu kest\u00e4m\u00e4\u00e4n vaativia olosuhteita ja tarjoaa pitk\u00e4n k\u00e4ytt\u00f6i\u00e4n. T\u00e4m\u00e4 kest\u00e4vyys v\u00e4hent\u00e4\u00e4 tarvetta usein vaihdettaville osille, minimoi j\u00e4tteen m\u00e4\u00e4r\u00e4n ja edist\u00e4\u00e4 kest\u00e4v\u00e4mp\u00e4\u00e4 toimintamallia. T\u00e4m\u00e4n sylinterin avulla hy\u00f6dyt luotettavuudesta ja mielenrauhasta.<\/p>\n<h4><strong>5. Tilaa s\u00e4\u00e4st\u00e4v\u00e4 muotoilu<\/strong><\/h4>\n<p>Sen kompakti muotoilu mahdollistaa helpon integroinnin olemassa oleviin j\u00e4rjestelmiin suorituskyvyst\u00e4 tinkim\u00e4tt\u00e4. T\u00e4m\u00e4 mukautuvuus optimoi ty\u00f6tilasi ja parantaa kokonaistehokkuutta, mik\u00e4 tekee siit\u00e4 monipuolisen ratkaisun erilaisiin sovelluksiin.<\/p>\n<p>Yhteenvetona voidaan todeta, ett\u00e4 HCYY11112014-nivelvarsisylinteri on enemm\u00e4n kuin vain toiminnallinen komponentti; se on eteenp\u00e4in katsova investointi kest\u00e4v\u00e4\u00e4n kehitykseen. Valitsemalla t\u00e4m\u00e4n ymp\u00e4rist\u00f6yst\u00e4v\u00e4llisen vaihtoehdon vaikutat positiivisesti sek\u00e4 toimintaasi ett\u00e4 ymp\u00e4rist\u00f6\u00f6n ja tasoitat tiet\u00e4 vihre\u00e4mm\u00e4lle tulevaisuudelle.<\/p>\n<h2><strong>Trukin sylinterin tuotantoalue:<\/strong><\/h2>\n<h2><img loading=\"lazy\" decoding=\"async\" class=\"alignnone size-full wp-image-16972\" src=\"https:\/\/www.hydraulic-cylinders.net\/wp-content\/uploads\/2025\/01\/hydraulic-cylinder-factory-1-scaled.webp\" alt=\"\" width=\"2016\" height=\"2560\" srcset=\"https:\/\/www.hydraulic-cylinders.net\/wp-content\/uploads\/2025\/01\/hydraulic-cylinder-factory-1-scaled.webp 2016w, https:\/\/www.hydraulic-cylinders.net\/wp-content\/uploads\/2025\/01\/hydraulic-cylinder-factory-1-1280x1625.webp 1280w, https:\/\/www.hydraulic-cylinders.net\/wp-content\/uploads\/2025\/01\/hydraulic-cylinder-factory-1-980x1244.webp 980w, https:\/\/www.hydraulic-cylinders.net\/wp-content\/uploads\/2025\/01\/hydraulic-cylinder-factory-1-480x610.webp 480w\" sizes=\"(min-width: 0px) and (max-width: 480px) 480px, (min-width: 481px) and (max-width: 980px) 980px, (min-width: 981px) and (max-width: 1280px) 1280px, (min-width: 1281px) 2016px, 100vw\" \/><\/h2>\n<p>Meill\u00e4 on huippuluokan itsen\u00e4inen kokoonpanoon keskittynyt tutkimus- ja kehitysalusta, joka varmistaa huippuluokan innovaatiot ja laadun valmistusprosesseissamme. Trukkisylinterien tuotantolaitoksessamme on nelj\u00e4 puoliautomaattista nostosylinterien kokoonpanolinjaa ja t\u00e4ysautomaattinen kallistussylinterien kokoonpanolinja, jotka on yhteens\u00e4 suunniteltu tuottamaan jopa miljoona yksikk\u00f6\u00e4 vuodessa.<\/p>\n<p>Lis\u00e4ksi erikoissylinteriverstassamme on k\u00e4yt\u00f6ss\u00e4 erilaisiin tarpeisiin r\u00e4\u00e4t\u00e4l\u00f6idyt puoliautomaattiset puhdistus- ja kokoonpanoj\u00e4rjestelm\u00e4t, joiden vuotuinen tuotantokapasiteetti on 200 000 kappaletta. K\u00e4yt\u00e4mme tunnettuja CNC-laitteita, ty\u00f6st\u00f6keskuksia ja erikoisty\u00f6kaluja tarkkaan sylinterien ty\u00f6st\u00f6\u00f6n. Laitoksellamme on my\u00f6s edistykselliset robottihitsauskoneet, automaattiset puhdistusj\u00e4rjestelm\u00e4t sek\u00e4 t\u00e4ysin automatisoidut sylinterien kokoonpano- ja maalauslinjat. Yli 300 keskeisen laitteen toiminnassa ollessa optimoimme resurssien kohdentamisen ja varmistamme tehokkaan k\u00e4yt\u00f6n t\u00e4ytt\u00e4en tiukat tarkkuus- ja laatustandardit.<\/p>\n<p>Koneistamossamme on mittatilausty\u00f6n\u00e4 valmistetut kallistuskiskosorvauskeskukset, ty\u00f6st\u00f6keskukset, nopeat hoonauskoneet, hitsausrobotit ja muut t\u00e4rke\u00e4t laitteet. T\u00e4m\u00e4n laitteiston avulla voimme ty\u00f6st\u00e4\u00e4 enint\u00e4\u00e4n 400 mm:n sis\u00e4halkaisijan ja jopa 6 metrin pituisia sylinteriputkia, mik\u00e4 parantaa entisest\u00e4\u00e4n tuotantokapasiteettiamme.<\/p>\n<h2><img loading=\"lazy\" decoding=\"async\" class=\"alignnone size-full wp-image-16973\" src=\"https:\/\/www.hydraulic-cylinders.net\/wp-content\/uploads\/2025\/01\/hydraulic-cylinder-factory-2-scaled.webp\" alt=\"\" width=\"2011\" height=\"2560\" srcset=\"https:\/\/www.hydraulic-cylinders.net\/wp-content\/uploads\/2025\/01\/hydraulic-cylinder-factory-2-scaled.webp 2011w, https:\/\/www.hydraulic-cylinders.net\/wp-content\/uploads\/2025\/01\/hydraulic-cylinder-factory-2-1280x1629.webp 1280w, https:\/\/www.hydraulic-cylinders.net\/wp-content\/uploads\/2025\/01\/hydraulic-cylinder-factory-2-980x1248.webp 980w, https:\/\/www.hydraulic-cylinders.net\/wp-content\/uploads\/2025\/01\/hydraulic-cylinder-factory-2-480x611.webp 480w\" sizes=\"(min-width: 0px) and (max-width: 480px) 480px, (min-width: 481px) and (max-width: 980px) 980px, (min-width: 981px) and (max-width: 1280px) 1280px, (min-width: 1281px) 2011px, 100vw\" \/><\/h2>\n<p>K\u00e4yt\u00e4mme t\u00e4ysautomaattista vesipohjaisten maalien pinnoituslinjaa, joka on erityisesti suunniteltu pienille ja keskisuurille sylintereille. Linjassa on automaattiset lastaus-, purku- ja ruiskutusrobotit. T\u00e4m\u00e4n huippumodernin j\u00e4rjestelm\u00e4n tuotantokapasiteetti on 4 000 yksikk\u00f6\u00e4 vuorossa. Lis\u00e4ksi meill\u00e4 on puoliautomaattinen ketjuk\u00e4ytt\u00f6inen maalauslinja suurille sylintereille, jonka suunnittelukapasiteetti on 60 laatikkoa vuorossa.<\/p>\n<p>Parantaaksemme tuotteidemme suorituskyky\u00e4 ja vahvistaaksemme johtoasemaamme hydraulisylintereiden alalla olemme tehneet yhteisty\u00f6t\u00e4 ZJIMEE:n kanssa perustaaksemme kattavan suorituskykylaboratorion, joka on omistettu hydraulisylintereille, venttiileille ja pumpuille. T\u00e4m\u00e4 edistynyt laboratorio hy\u00f6dynt\u00e4\u00e4 tietokoneella avustettua testausta s\u00e4hk\u00f6hydraulisella teknologialla, mik\u00e4 mahdollistaa ennalta asetetut testiolosuhteet, jotka parantavat tarkkuutta ja j\u00e4rjestelm\u00e4n monipuolisuutta. Automaattinen tiedonkeruuprosessi k\u00e4ytt\u00e4\u00e4 antureita tulostietojen, kuten sis\u00e4isen vuodon ja kuormitustehokkuuden, ker\u00e4\u00e4miseen. Tietokone k\u00e4sittelee tiedot ja muuntaa ne standardiyksik\u00f6iksi (ml\/min%).<\/p>\n<p>Lis\u00e4ksi hydraulij\u00e4rjestelmiemme turvallisuuden varmistamiseksi toteutamme tilanvalvonnan t\u00e4rkeimmille suorituskykyparametreille, kuten \u00f6ljyn l\u00e4mp\u00f6tilalle, nestetasolle ja suodatinlaitteen tilalle. Hydraulisylinterien testitelineemme pystyy arvioimaan \"kuormitustehokkuutta\" ja \"sis\u00e4ist\u00e4 vuotoa\" tarkkojen lukemien avulla. Se on my\u00f6s varustettu ritil\u00e4mittauslaitteella, joka t\u00e4ytt\u00e4\u00e4 kansalliset standardit ja varmistaa kaikkien hydraulisylinterituotteiden testausvaatimusten noudattamisen.<\/p>\n<p>&nbsp;<\/p>","protected":false},"excerpt":{"rendered":"<p>HCYY11112014 Swing Arm Cylinder For Environmental Protection The HCYY11112014 Swing Arm Cylinder is a state-of-the-art solution that boosts operational efficiency while prioritizing environmental sustainability. This innovative product serves various industries, delivering reliable performance with minimal ecological impact. As a significant advancement in eco-friendly technology, the HCYY11112014 Swing Arm Cylinder embodies durability and efficiency, making it [&hellip;]<\/p>","protected":false},"featured_media":17044,"comment_status":"open","ping_status":"closed","template":"","meta":{"_et_pb_use_builder":"","_et_pb_old_content":"","_et_gb_content_width":""},"product_brand":[],"product_cat":[1550,1486,1552,1376],"product_tag":[],"class_list":{"0":"post-17032","1":"product","2":"type-product","3":"status-publish","4":"has-post-thumbnail","6":"product_cat-double-acting-hydraulic-cylinder","7":"product_cat-sanitation-machinery-hydraulic-cylinders","8":"product_cat-stainless-steel-hydraulic-cylinder","9":"product_cat-hydraulic-cylinder","11":"first","12":"instock","13":"shipping-taxable","14":"product-type-simple"},"amp_enabled":true,"_links":{"self":[{"href":"https:\/\/www.hydraulic-cylinders.net\/fi\/wp-json\/wp\/v2\/product\/17032","targetHints":{"allow":["GET"]}}],"collection":[{"href":"https:\/\/www.hydraulic-cylinders.net\/fi\/wp-json\/wp\/v2\/product"}],"about":[{"href":"https:\/\/www.hydraulic-cylinders.net\/fi\/wp-json\/wp\/v2\/types\/product"}],"replies":[{"embeddable":true,"href":"https:\/\/www.hydraulic-cylinders.net\/fi\/wp-json\/wp\/v2\/comments?post=17032"}],"wp:featuredmedia":[{"embeddable":true,"href":"https:\/\/www.hydraulic-cylinders.net\/fi\/wp-json\/wp\/v2\/media\/17044"}],"wp:attachment":[{"href":"https:\/\/www.hydraulic-cylinders.net\/fi\/wp-json\/wp\/v2\/media?parent=17032"}],"wp:term":[{"taxonomy":"product_brand","embeddable":true,"href":"https:\/\/www.hydraulic-cylinders.net\/fi\/wp-json\/wp\/v2\/product_brand?post=17032"},{"taxonomy":"product_cat","embeddable":true,"href":"https:\/\/www.hydraulic-cylinders.net\/fi\/wp-json\/wp\/v2\/product_cat?post=17032"},{"taxonomy":"product_tag","embeddable":true,"href":"https:\/\/www.hydraulic-cylinders.net\/fi\/wp-json\/wp\/v2\/product_tag?post=17032"}],"curies":[{"name":"wp","href":"https:\/\/api.w.org\/{rel}","templated":true}]}}