{"id":17038,"date":"2025-01-23T08:39:26","date_gmt":"2025-01-23T08:39:26","guid":{"rendered":"https:\/\/www.hydraulic-cylinders.net\/?post_type=product&#038;p=17038"},"modified":"2025-04-15T05:47:49","modified_gmt":"2025-04-15T05:47:49","slug":"hcyy11112015-telescopic-cylinder-for-environmental-protection","status":"publish","type":"product","link":"https:\/\/www.hydraulic-cylinders.net\/fi\/tuote\/hcyy11112015-telescopic-cylinder-for-environmental-protection\/","title":{"rendered":"HCYY11112015 Teleskooppisylinteri ymp\u00e4rist\u00f6nsuojeluun"},"content":{"rendered":"<h1 style=\"text-align: center;\"><strong>HCYY11112015 Teleskooppisylinteri ymp\u00e4rist\u00f6nsuojeluun<\/strong><\/h1>\n<h1 style=\"text-align: center;\"><img loading=\"lazy\" decoding=\"async\" class=\"alignnone size-full wp-image-17040\" src=\"https:\/\/www.hydraulic-cylinders.net\/wp-content\/uploads\/2025\/01\/hcyy11112015-telescopic-cylinder-2.webp\" alt=\"\" width=\"1497\" height=\"514\" srcset=\"https:\/\/www.hydraulic-cylinders.net\/wp-content\/uploads\/2025\/01\/hcyy11112015-telescopic-cylinder-2.webp 1497w, https:\/\/www.hydraulic-cylinders.net\/wp-content\/uploads\/2025\/01\/hcyy11112015-telescopic-cylinder-2-1280x439.webp 1280w, https:\/\/www.hydraulic-cylinders.net\/wp-content\/uploads\/2025\/01\/hcyy11112015-telescopic-cylinder-2-980x336.webp 980w, https:\/\/www.hydraulic-cylinders.net\/wp-content\/uploads\/2025\/01\/hcyy11112015-telescopic-cylinder-2-480x165.webp 480w\" sizes=\"(min-width: 0px) and (max-width: 480px) 480px, (min-width: 481px) and (max-width: 980px) 980px, (min-width: 981px) and (max-width: 1280px) 1280px, (min-width: 1281px) 1497px, 100vw\" \/><\/h1>\n<p>HCYY11112015-teleskooppisylinteri on suunniteltu asiantuntevasti teollisuudenaloille, jotka vaativat sek\u00e4 korkeaa tehokkuutta ett\u00e4 sitoutumista ymp\u00e4rist\u00f6n kest\u00e4vyyteen. T\u00e4m\u00e4 huippuluokan sylinteri tarjoaa poikkeuksellisen suorituskyvyn ja samalla ymp\u00e4rist\u00f6yst\u00e4v\u00e4lliset ominaisuudet, mik\u00e4 tekee siit\u00e4 ihanteellisen ratkaisun monenlaisiin sovelluksiin, kuten rakentamiseen, valmistukseen ja j\u00e4tehuoltoon.<\/p>\n<p>Kuvittele tuote, joka ei ainoastaan \u200b\u200bvastaa toimintasi tiukkoihin vaatimuksiin, vaan my\u00f6s edist\u00e4\u00e4 terveellisemp\u00e4\u00e4 planeettaa. HCYY11112015 saavuttaa t\u00e4m\u00e4n tasapainon vaivattomasti. Sen innovatiivinen muotoilu mahdollistaa maksimaalisen lujuuden ja kest\u00e4vyyden varmistaen, ett\u00e4 se kest\u00e4\u00e4 raskaita kuormia ja haastavia olosuhteita helposti.<\/p>\n<p>Olitpa sitten nostamassa materiaaleja rakennusty\u00f6maalla, tehostamassa tuotantolaitoksen prosesseja tai hallitsemassa j\u00e4tett\u00e4 tehokkaasti, t\u00e4m\u00e4 teleskooppisylinteri erottuu joukosta parhaana valintana. Se antaa teollisuudenaloille mahdollisuuden toimia tehokkaasti ja samalla minimoida hiilijalanj\u00e4lkens\u00e4, mik\u00e4 on t\u00e4ydellisess\u00e4 linjassa nykyp\u00e4iv\u00e4n vihreiden aloitteiden kanssa.<\/p>\n<p>Valitse HCYY11112015-teleskooppisylinteri ja koe t\u00e4ydellinen yhdistelm\u00e4 tehoa ja kest\u00e4vyytt\u00e4, mullistaen tapasi l\u00e4hesty\u00e4 teollisia haasteita. Hyv\u00e4ksy tulevaisuus, jossa suorituskyky ja ymp\u00e4rist\u00f6vastuu kulkevat k\u00e4si k\u00e4dess\u00e4.<\/p>\n<h2><strong>HCYY11112015 Teleskooppisylinteri ymp\u00e4rist\u00f6nsuojeluun Parametri:<\/strong><\/h2>\n<h1 style=\"text-align: center;\"><img loading=\"lazy\" decoding=\"async\" class=\"alignnone size-full wp-image-17039\" src=\"https:\/\/www.hydraulic-cylinders.net\/wp-content\/uploads\/2025\/01\/hcyy11112015-telescopic-cylinder-1.webp\" alt=\"\" width=\"1512\" height=\"142\" srcset=\"https:\/\/www.hydraulic-cylinders.net\/wp-content\/uploads\/2025\/01\/hcyy11112015-telescopic-cylinder-1.webp 1512w, https:\/\/www.hydraulic-cylinders.net\/wp-content\/uploads\/2025\/01\/hcyy11112015-telescopic-cylinder-1-1280x120.webp 1280w, https:\/\/www.hydraulic-cylinders.net\/wp-content\/uploads\/2025\/01\/hcyy11112015-telescopic-cylinder-1-980x92.webp 980w, https:\/\/www.hydraulic-cylinders.net\/wp-content\/uploads\/2025\/01\/hcyy11112015-telescopic-cylinder-1-480x45.webp 480w\" sizes=\"(min-width: 0px) and (max-width: 480px) 480px, (min-width: 481px) and (max-width: 980px) 980px, (min-width: 981px) and (max-width: 1280px) 1280px, (min-width: 1281px) 1512px, 100vw\" \/><\/h1>\n<h1 style=\"text-align: center;\"><img loading=\"lazy\" decoding=\"async\" class=\"alignnone size-full wp-image-17041\" src=\"https:\/\/www.hydraulic-cylinders.net\/wp-content\/uploads\/2025\/01\/hcyy11112015-telescopic-cylinder-3.webp\" alt=\"\" width=\"1477\" height=\"711\" srcset=\"https:\/\/www.hydraulic-cylinders.net\/wp-content\/uploads\/2025\/01\/hcyy11112015-telescopic-cylinder-3.webp 1477w, https:\/\/www.hydraulic-cylinders.net\/wp-content\/uploads\/2025\/01\/hcyy11112015-telescopic-cylinder-3-1280x616.webp 1280w, https:\/\/www.hydraulic-cylinders.net\/wp-content\/uploads\/2025\/01\/hcyy11112015-telescopic-cylinder-3-980x472.webp 980w, https:\/\/www.hydraulic-cylinders.net\/wp-content\/uploads\/2025\/01\/hcyy11112015-telescopic-cylinder-3-480x231.webp 480w\" sizes=\"(min-width: 0px) and (max-width: 480px) 480px, (min-width: 481px) and (max-width: 980px) 980px, (min-width: 981px) and (max-width: 1280px) 1280px, (min-width: 1281px) 1477px, 100vw\" \/> <img loading=\"lazy\" decoding=\"async\" class=\"alignnone size-full wp-image-17042\" src=\"https:\/\/www.hydraulic-cylinders.net\/wp-content\/uploads\/2025\/01\/hcyy11112015-telescopic-cylinder-4.webp\" alt=\"\" width=\"1479\" height=\"707\" srcset=\"https:\/\/www.hydraulic-cylinders.net\/wp-content\/uploads\/2025\/01\/hcyy11112015-telescopic-cylinder-4.webp 1479w, https:\/\/www.hydraulic-cylinders.net\/wp-content\/uploads\/2025\/01\/hcyy11112015-telescopic-cylinder-4-1280x612.webp 1280w, https:\/\/www.hydraulic-cylinders.net\/wp-content\/uploads\/2025\/01\/hcyy11112015-telescopic-cylinder-4-980x468.webp 980w, https:\/\/www.hydraulic-cylinders.net\/wp-content\/uploads\/2025\/01\/hcyy11112015-telescopic-cylinder-4-480x229.webp 480w\" sizes=\"(min-width: 0px) and (max-width: 480px) 480px, (min-width: 481px) and (max-width: 980px) 980px, (min-width: 981px) and (max-width: 1280px) 1280px, (min-width: 1281px) 1479px, 100vw\" \/> <img loading=\"lazy\" decoding=\"async\" class=\"alignnone size-full wp-image-17043\" src=\"https:\/\/www.hydraulic-cylinders.net\/wp-content\/uploads\/2025\/01\/hcyy11112015-telescopic-cylinder-5.webp\" alt=\"\" width=\"1465\" height=\"754\" srcset=\"https:\/\/www.hydraulic-cylinders.net\/wp-content\/uploads\/2025\/01\/hcyy11112015-telescopic-cylinder-5.webp 1465w, https:\/\/www.hydraulic-cylinders.net\/wp-content\/uploads\/2025\/01\/hcyy11112015-telescopic-cylinder-5-1280x659.webp 1280w, https:\/\/www.hydraulic-cylinders.net\/wp-content\/uploads\/2025\/01\/hcyy11112015-telescopic-cylinder-5-980x504.webp 980w, https:\/\/www.hydraulic-cylinders.net\/wp-content\/uploads\/2025\/01\/hcyy11112015-telescopic-cylinder-5-480x247.webp 480w\" sizes=\"(min-width: 0px) and (max-width: 480px) 480px, (min-width: 481px) and (max-width: 980px) 980px, (min-width: 981px) and (max-width: 1280px) 1280px, (min-width: 1281px) 1465px, 100vw\" \/><\/h1>\n<h2><strong>Sylinterisarja ymp\u00e4rist\u00f6nsuojeluun:<\/strong><\/h2>\n<h2><img loading=\"lazy\" decoding=\"async\" class=\"alignnone size-full wp-image-17030\" src=\"https:\/\/www.hydraulic-cylinders.net\/wp-content\/uploads\/2025\/01\/cylinder-series-for-environmental-protection-scaled.webp\" alt=\"\" width=\"2044\" height=\"2560\" srcset=\"https:\/\/www.hydraulic-cylinders.net\/wp-content\/uploads\/2025\/01\/cylinder-series-for-environmental-protection-scaled.webp 2044w, https:\/\/www.hydraulic-cylinders.net\/wp-content\/uploads\/2025\/01\/cylinder-series-for-environmental-protection-1280x1603.webp 1280w, https:\/\/www.hydraulic-cylinders.net\/wp-content\/uploads\/2025\/01\/cylinder-series-for-environmental-protection-980x1227.webp 980w, https:\/\/www.hydraulic-cylinders.net\/wp-content\/uploads\/2025\/01\/cylinder-series-for-environmental-protection-480x601.webp 480w\" sizes=\"(min-width: 0px) and (max-width: 480px) 480px, (min-width: 481px) and (max-width: 980px) 980px, (min-width: 981px) and (max-width: 1280px) 1280px, (min-width: 1281px) 2044px, 100vw\" \/><\/h2>\n<h2><strong>HCYY11112015-teleskooppisylinterin t\u00e4rkeimm\u00e4t ominaisuudet ymp\u00e4rist\u00f6nsuojeluun:<\/strong><\/h2>\n<h4><strong>Ymp\u00e4rist\u00f6yst\u00e4v\u00e4lliset materiaalit<\/strong><\/h4>\n<p>HCYY11112015-teleskooppisylinteri on valmistettu korkealaatuisista, kierr\u00e4tett\u00e4vist\u00e4 osista. T\u00e4m\u00e4 harkittu muotoilu paitsi v\u00e4hent\u00e4\u00e4 merkitt\u00e4v\u00e4sti ymp\u00e4rist\u00f6vaikutuksia, my\u00f6s tukee kiertotaloutta. Valitsemalla t\u00e4m\u00e4n sylinterin valitset tietoisesti k\u00e4ytt\u00e4\u00e4 uudelleenk\u00e4ytett\u00e4vi\u00e4 materiaaleja ja edist\u00e4t kest\u00e4v\u00e4\u00e4 tulevaisuutta.<\/p>\n<h4><strong>Energiatehokkuus<\/strong><\/h4>\n<p>Merkitt\u00e4v\u00e4sti alhaisella energiankulutuksellaan HCYY11112015 auttaa yrityksi\u00e4 leikkaamaan k\u00e4ytt\u00f6kustannuksia ja minimoimaan hiilijalanj\u00e4lkens\u00e4. T\u00e4m\u00e4 energiatehokas rakenne mahdollistaa paremman tuottavuuden tinkim\u00e4tt\u00e4 ymp\u00e4rist\u00f6vastuusta, joten se on ihanteellinen valinta yrityksille, jotka haluavat optimoida toimintaansa pysyen samalla uskollisina kest\u00e4v\u00e4n kehityksen tavoitteilleen.<\/p>\n<h4><strong>Edistynyt tiivistystekniikka<\/strong><\/h4>\n<p>Turvallisuus ja vaatimustenmukaisuus ovat ensiarvoisen t\u00e4rkeit\u00e4 teollisessa toiminnassa. HCYY11112015:ss\u00e4 on edistynyt tiivistysj\u00e4rjestelm\u00e4, joka est\u00e4\u00e4 tehokkaasti vuodot ja suojaa prosessejasi sek\u00e4 ymp\u00e4rist\u00f6\u00e4. T\u00e4m\u00e4 innovaatio varmistaa tiukkojen ymp\u00e4rist\u00f6m\u00e4\u00e4r\u00e4ysten noudattamisen, jolloin voit toimia luottavaisin mielin ja johdonmukaisesti.<\/p>\n<h4><strong>Kest\u00e4v\u00e4 rakenne<\/strong><\/h4>\n<p>HCYY11112015 on rakennettu kest\u00e4m\u00e4\u00e4n jopa \u00e4\u00e4rimm\u00e4isimm\u00e4t olosuhteet, ja sen pitk\u00e4 k\u00e4ytt\u00f6ik\u00e4 v\u00e4hent\u00e4\u00e4 huomattavasti tarvetta vaihtaa sylinteri\u00e4 usein. T\u00e4m\u00e4 kest\u00e4vyys ei ainoastaan \u200b\u200bparanna luotettavuutta, vaan my\u00f6s alentaa yll\u00e4pitokustannuksia ajan my\u00f6t\u00e4. T\u00e4h\u00e4n sylinteriin investoiminen tarkoittaa investoimista ratkaisuun, joka kest\u00e4\u00e4 aikaa.<\/p>\n<h4><strong>Kompakti muotoilu<\/strong><\/h4>\n<p>HCYY11112015:n teleskooppimainen ominaisuus mahdollistaa saumattoman integroinnin ahtaisiin tiloihin ja maksimoi toiminnallisuuden tehokkuudesta tinkim\u00e4tt\u00e4. Kompakti muotoilu tekee siit\u00e4 monipuolisen vaihtoehdon erilaisiin sovelluksiin, jolloin yritykset voivat optimoida ty\u00f6nkulkujaan ja hy\u00f6dynt\u00e4\u00e4 tilaa tehokkaasti.<\/p>\n<p>Yhteenvetona voidaan todeta, ett\u00e4 HCYY11112015-teleskooppisylinteri ei ole vain laite; se on edistyksellinen ratkaisu, joka ilment\u00e4\u00e4 voimaa, tehokkuutta ja ymp\u00e4rist\u00f6tietoisuutta. Valitsemalla t\u00e4m\u00e4n sylinterin tehostat toimintaasi ja samalla vaikutat positiivisesti planeettaan. Koe ero tuotteella, joka on erinomainen suorituskyvylt\u00e4\u00e4n ja kest\u00e4v\u00e4lt\u00e4 kehitykselt\u00e4, ja nosta teolliset k\u00e4yt\u00e4nt\u00f6si uusiin ulottuvuuksiin.<\/p>\n<h2><strong>Mik\u00e4 tekee Hcyy11112014-nivelvarren sylinterist\u00e4 ymp\u00e4rist\u00f6yst\u00e4v\u00e4llisen?<\/strong><\/h2>\n<p>HCYY11112015-teleskooppisylinteri erottuu merkitt\u00e4v\u00e4n\u00e4 ratkaisuna ymp\u00e4rist\u00f6nsuojelun edist\u00e4miseen teollisuusymp\u00e4rist\u00f6iss\u00e4. N\u00e4in se vaikuttaa merkitt\u00e4v\u00e4sti:<\/p>\n<h4><strong>1. Kierr\u00e4tett\u00e4v\u00e4t materiaalit<\/strong><\/h4>\n<p>Korkealaatuisista kierr\u00e4tett\u00e4vist\u00e4 osista valmistettu HCYY11112015 v\u00e4hent\u00e4\u00e4 tehokkaasti j\u00e4tett\u00e4 ja tukee kiertotaloutta. Valitsemalla t\u00e4m\u00e4n sylinterin yritykset tehostavat toimintaansa ja edist\u00e4v\u00e4t kest\u00e4v\u00e4\u00e4 tulevaisuutta. Jokainen t\u00e4m\u00e4n tuotteen k\u00e4ytt\u00f6kerta tarkoittaa v\u00e4hemm\u00e4n kaatopaikoille p\u00e4\u00e4tyv\u00e4\u00e4 materiaalia, mik\u00e4 vaikuttaa my\u00f6nteisesti planeettaan.<\/p>\n<h4><strong>2. Energiatehokkuus<\/strong><\/h4>\n<p>Yksi t\u00e4m\u00e4n teleskooppisylinterin vaikuttavimmista ominaisuuksista on sen energiatehokkuus. Merkitt\u00e4v\u00e4sti pienemm\u00e4ll\u00e4 energiankulutuksella toimiminen auttaa alentamaan k\u00e4ytt\u00f6kustannuksia ja minimoimaan hiilijalanj\u00e4ljen. T\u00e4m\u00e4 on win-win-tilanne yrityksille: ne s\u00e4\u00e4st\u00e4v\u00e4t rahaa ja t\u00e4ytt\u00e4v\u00e4t samalla kest\u00e4v\u00e4n kehityksen sitoumuksensa. Kuvittele my\u00f6nteinen vaikutus tulokseesi ja ymp\u00e4rist\u00f6\u00f6n!<\/p>\n<h4><strong>3. Vuotojen ehk\u00e4isy<\/strong><\/h4>\n<p>Turvallisuus ja vaatimustenmukaisuus ovat ratkaisevan t\u00e4rkeit\u00e4 kaikissa teollisissa toiminnoissa, ja HCYY11112015 loistaa t\u00e4ll\u00e4 alueella. Sen edistynyt tiivistystekniikka est\u00e4\u00e4 tehokkaasti vuodot ja varmistaa, ett\u00e4 vaaralliset aineet pysyv\u00e4t eristyksiss\u00e4. T\u00e4m\u00e4 suojelee ymp\u00e4rist\u00f6\u00e4 ja auttaa yrityksi\u00e4 noudattamaan tiukkoja m\u00e4\u00e4r\u00e4yksi\u00e4, edist\u00e4en vastuullisuuden ja huolenpidon kulttuuria.<\/p>\n<h4><strong>4. Kest\u00e4vyys<\/strong><\/h4>\n<p>HCYY11112015 on rakennettu kest\u00e4m\u00e4\u00e4n ankarimpia olosuhteita, ja sen k\u00e4ytt\u00f6ik\u00e4 on vaikuttava. T\u00e4m\u00e4 kest\u00e4vyys tarkoittaa v\u00e4hemm\u00e4n vaihtoja ja v\u00e4hemm\u00e4n j\u00e4tett\u00e4 ajan my\u00f6t\u00e4, mink\u00e4 ansiosta yritykset voivat investoida kest\u00e4viin laitteisiin. V\u00e4hent\u00e4m\u00e4ll\u00e4 vaihtojen tiheytt\u00e4 yritykset voivat my\u00f6s v\u00e4hent\u00e4\u00e4 resurssien kulutusta ja edist\u00e4\u00e4 siten ymp\u00e4rist\u00f6n suojelua.<\/p>\n<h4><strong>5. Tilatehokkuus<\/strong><\/h4>\n<p>HCYY11112015:n teleskooppimainen ominaisuus mahdollistaa saumattoman integroinnin ahtaisiin tiloihin, maksimoiden toiminnallisuuden tehokkuudesta tinkim\u00e4tt\u00e4. T\u00e4m\u00e4 kompakti muotoilu antaa yrityksille mahdollisuuden optimoida ty\u00f6nkulkujaan ja hy\u00f6dynt\u00e4\u00e4 tilaa tehokkaasti, mik\u00e4 osoittaa, ett\u00e4 kest\u00e4v\u00e4 kehitys voi kulkea k\u00e4si k\u00e4dess\u00e4 innovaatioiden kanssa.<\/p>\n<p>Yhteenvetona voidaan todeta, ett\u00e4 HCYY11112015-teleskooppisylinteri on enemm\u00e4n kuin vain teollisuusty\u00f6kalu; se on positiivisen muutoksen katalysaattori. Ymp\u00e4rist\u00f6yst\u00e4v\u00e4llisten materiaalien, energiatehokkuuden edist\u00e4misen, vuotojen est\u00e4misen ja kest\u00e4vyyden ansiosta se antaa teollisuudenaloille mahdollisuuden toimia kest\u00e4v\u00e4sti. T\u00e4m\u00e4n sylinterin valitseminen tarkoittaa sitoutumista sek\u00e4 suorituskykyyn ett\u00e4 ymp\u00e4rist\u00f6nsuojeluun. Nosta toimintasi tasoa ja suojele planeettaamme \u2013 koe HCYY11112015:n mullistavat hy\u00f6dyt jo t\u00e4n\u00e4\u00e4n!<\/p>\n<h2><strong>Trukin sylinterin tuotantoalue:<\/strong><\/h2>\n<h2><img loading=\"lazy\" decoding=\"async\" class=\"alignnone size-full wp-image-16972\" src=\"https:\/\/www.hydraulic-cylinders.net\/wp-content\/uploads\/2025\/01\/hydraulic-cylinder-factory-1-scaled.webp\" alt=\"\" width=\"2016\" height=\"2560\" srcset=\"https:\/\/www.hydraulic-cylinders.net\/wp-content\/uploads\/2025\/01\/hydraulic-cylinder-factory-1-scaled.webp 2016w, https:\/\/www.hydraulic-cylinders.net\/wp-content\/uploads\/2025\/01\/hydraulic-cylinder-factory-1-1280x1625.webp 1280w, https:\/\/www.hydraulic-cylinders.net\/wp-content\/uploads\/2025\/01\/hydraulic-cylinder-factory-1-980x1244.webp 980w, https:\/\/www.hydraulic-cylinders.net\/wp-content\/uploads\/2025\/01\/hydraulic-cylinder-factory-1-480x610.webp 480w\" sizes=\"(min-width: 0px) and (max-width: 480px) 480px, (min-width: 481px) and (max-width: 980px) 980px, (min-width: 981px) and (max-width: 1280px) 1280px, (min-width: 1281px) 2016px, 100vw\" \/><\/h2>\n<p>Meill\u00e4 on huippuluokan itsen\u00e4inen kokoonpanoon keskittynyt tutkimus- ja kehitysalusta, joka varmistaa huippuluokan innovaatiot ja laadun valmistusprosesseissamme. Trukkisylinterien tuotantolaitoksessamme on nelj\u00e4 puoliautomaattista nostosylinterien kokoonpanolinjaa ja t\u00e4ysautomaattinen kallistussylinterien kokoonpanolinja, jotka on yhteens\u00e4 suunniteltu tuottamaan jopa miljoona yksikk\u00f6\u00e4 vuodessa.<\/p>\n<p>Lis\u00e4ksi erikoissylinteriverstassamme on k\u00e4yt\u00f6ss\u00e4 erilaisiin tarpeisiin r\u00e4\u00e4t\u00e4l\u00f6idyt puoliautomaattiset puhdistus- ja kokoonpanoj\u00e4rjestelm\u00e4t, joiden vuotuinen tuotantokapasiteetti on 200 000 kappaletta. K\u00e4yt\u00e4mme tunnettuja CNC-laitteita, ty\u00f6st\u00f6keskuksia ja erikoisty\u00f6kaluja tarkkaan sylinterien ty\u00f6st\u00f6\u00f6n. Laitoksellamme on my\u00f6s edistykselliset robottihitsauskoneet, automaattiset puhdistusj\u00e4rjestelm\u00e4t sek\u00e4 t\u00e4ysin automatisoidut sylinterien kokoonpano- ja maalauslinjat. Yli 300 keskeisen laitteen toiminnassa ollessa optimoimme resurssien kohdentamisen ja varmistamme tehokkaan k\u00e4yt\u00f6n t\u00e4ytt\u00e4en tiukat tarkkuus- ja laatustandardit.<\/p>\n<p>Koneistamossamme on mittatilausty\u00f6n\u00e4 valmistetut kallistuskiskosorvauskeskukset, ty\u00f6st\u00f6keskukset, nopeat hoonauskoneet, hitsausrobotit ja muut t\u00e4rke\u00e4t laitteet. T\u00e4m\u00e4n laitteiston avulla voimme ty\u00f6st\u00e4\u00e4 enint\u00e4\u00e4n 400 mm:n sis\u00e4halkaisijan ja jopa 6 metrin pituisia sylinteriputkia, mik\u00e4 parantaa entisest\u00e4\u00e4n tuotantokapasiteettiamme.<\/p>\n<h2><img loading=\"lazy\" decoding=\"async\" class=\"alignnone size-full wp-image-16973\" src=\"https:\/\/www.hydraulic-cylinders.net\/wp-content\/uploads\/2025\/01\/hydraulic-cylinder-factory-2-scaled.webp\" alt=\"\" width=\"2011\" height=\"2560\" srcset=\"https:\/\/www.hydraulic-cylinders.net\/wp-content\/uploads\/2025\/01\/hydraulic-cylinder-factory-2-scaled.webp 2011w, https:\/\/www.hydraulic-cylinders.net\/wp-content\/uploads\/2025\/01\/hydraulic-cylinder-factory-2-1280x1629.webp 1280w, https:\/\/www.hydraulic-cylinders.net\/wp-content\/uploads\/2025\/01\/hydraulic-cylinder-factory-2-980x1248.webp 980w, https:\/\/www.hydraulic-cylinders.net\/wp-content\/uploads\/2025\/01\/hydraulic-cylinder-factory-2-480x611.webp 480w\" sizes=\"(min-width: 0px) and (max-width: 480px) 480px, (min-width: 481px) and (max-width: 980px) 980px, (min-width: 981px) and (max-width: 1280px) 1280px, (min-width: 1281px) 2011px, 100vw\" \/><\/h2>\n<p>K\u00e4yt\u00e4mme t\u00e4ysautomaattista vesipohjaisten maalien pinnoituslinjaa, joka on erityisesti suunniteltu pienille ja keskisuurille sylintereille. Linjassa on automaattiset lastaus-, purku- ja ruiskutusrobotit. T\u00e4m\u00e4n huippumodernin j\u00e4rjestelm\u00e4n tuotantokapasiteetti on 4 000 yksikk\u00f6\u00e4 vuorossa. Lis\u00e4ksi meill\u00e4 on puoliautomaattinen ketjuk\u00e4ytt\u00f6inen maalauslinja suurille sylintereille, jonka suunnittelukapasiteetti on 60 laatikkoa vuorossa.<\/p>\n<p>Parantaaksemme tuotteidemme suorituskyky\u00e4 ja vahvistaaksemme johtoasemaamme hydraulisylintereiden alalla olemme tehneet yhteisty\u00f6t\u00e4 ZJIMEE:n kanssa perustaaksemme kattavan suorituskykylaboratorion, joka on omistettu hydraulisylintereille, venttiileille ja pumpuille. T\u00e4m\u00e4 edistynyt laboratorio hy\u00f6dynt\u00e4\u00e4 tietokoneella avustettua testausta s\u00e4hk\u00f6hydraulisella teknologialla, mik\u00e4 mahdollistaa ennalta asetetut testiolosuhteet, jotka parantavat tarkkuutta ja j\u00e4rjestelm\u00e4n monipuolisuutta. Automaattinen tiedonkeruuprosessi k\u00e4ytt\u00e4\u00e4 antureita tulostietojen, kuten sis\u00e4isen vuodon ja kuormitustehokkuuden, ker\u00e4\u00e4miseen. Tietokone k\u00e4sittelee tiedot ja muuntaa ne standardiyksik\u00f6iksi (ml\/min%).<\/p>\n<p>Lis\u00e4ksi hydraulij\u00e4rjestelmiemme turvallisuuden varmistamiseksi toteutamme tilanvalvonnan t\u00e4rkeimmille suorituskykyparametreille, kuten \u00f6ljyn l\u00e4mp\u00f6tilalle, nestetasolle ja suodatinlaitteen tilalle. Hydraulisylinterien testitelineemme pystyy arvioimaan \"kuormitustehokkuutta\" ja \"sis\u00e4ist\u00e4 vuotoa\" tarkkojen lukemien avulla. Se on my\u00f6s varustettu ritil\u00e4mittauslaitteella, joka t\u00e4ytt\u00e4\u00e4 kansalliset standardit ja varmistaa kaikkien hydraulisylinterituotteiden testausvaatimusten noudattamisen.<\/p>\n<p>&nbsp;<\/p>","protected":false},"excerpt":{"rendered":"<p>HCYY11112015 Telescopic Cylinder For Environmental Protection The HCYY11112015 Telescopic Cylinder is expertly designed for industries that demand both high efficiency and a commitment to environmental sustainability. This cutting-edge cylinder delivers exceptional performance while incorporating eco-friendly features, making it an ideal solution for a wide range of applications, including construction, manufacturing, and waste management. Imagine a [&hellip;]<\/p>","protected":false},"featured_media":17045,"comment_status":"open","ping_status":"closed","template":"","meta":{"_et_pb_use_builder":"","_et_pb_old_content":"","_et_gb_content_width":""},"product_brand":[],"product_cat":[1550,1486,1552,1376,1393],"product_tag":[],"class_list":{"0":"post-17038","1":"product","2":"type-product","3":"status-publish","4":"has-post-thumbnail","6":"product_cat-double-acting-hydraulic-cylinder","7":"product_cat-sanitation-machinery-hydraulic-cylinders","8":"product_cat-stainless-steel-hydraulic-cylinder","9":"product_cat-hydraulic-cylinder","10":"product_cat-telescopic-hydraulic-cylinder","12":"first","13":"instock","14":"shipping-taxable","15":"product-type-simple"},"amp_enabled":true,"_links":{"self":[{"href":"https:\/\/www.hydraulic-cylinders.net\/fi\/wp-json\/wp\/v2\/product\/17038","targetHints":{"allow":["GET"]}}],"collection":[{"href":"https:\/\/www.hydraulic-cylinders.net\/fi\/wp-json\/wp\/v2\/product"}],"about":[{"href":"https:\/\/www.hydraulic-cylinders.net\/fi\/wp-json\/wp\/v2\/types\/product"}],"replies":[{"embeddable":true,"href":"https:\/\/www.hydraulic-cylinders.net\/fi\/wp-json\/wp\/v2\/comments?post=17038"}],"wp:featuredmedia":[{"embeddable":true,"href":"https:\/\/www.hydraulic-cylinders.net\/fi\/wp-json\/wp\/v2\/media\/17045"}],"wp:attachment":[{"href":"https:\/\/www.hydraulic-cylinders.net\/fi\/wp-json\/wp\/v2\/media?parent=17038"}],"wp:term":[{"taxonomy":"product_brand","embeddable":true,"href":"https:\/\/www.hydraulic-cylinders.net\/fi\/wp-json\/wp\/v2\/product_brand?post=17038"},{"taxonomy":"product_cat","embeddable":true,"href":"https:\/\/www.hydraulic-cylinders.net\/fi\/wp-json\/wp\/v2\/product_cat?post=17038"},{"taxonomy":"product_tag","embeddable":true,"href":"https:\/\/www.hydraulic-cylinders.net\/fi\/wp-json\/wp\/v2\/product_tag?post=17038"}],"curies":[{"name":"wp","href":"https:\/\/api.w.org\/{rel}","templated":true}]}}