{"id":17058,"date":"2025-02-05T06:07:17","date_gmt":"2025-02-05T06:07:17","guid":{"rendered":"https:\/\/www.hydraulic-cylinders.net\/?post_type=product&#038;p=17058"},"modified":"2025-04-11T03:28:20","modified_gmt":"2025-04-11T03:28:20","slug":"arm-anti-tilt-hydraulic-cylinders-for-crawler-crane","status":"publish","type":"product","link":"https:\/\/www.hydraulic-cylinders.net\/fi\/tuote\/arm-anti-tilt-hydraulic-cylinders-for-crawler-crane\/","title":{"rendered":"Telaketjunosturin varren kallistuksenestohydrauliset sylinterit"},"content":{"rendered":"<h1 style=\"text-align: center;\"><strong>Telaketjunosturin varren kallistuksenestohydrauliset sylinterit<\/strong><\/h1>\n<h1 style=\"text-align: center;\"><img loading=\"lazy\" decoding=\"async\" class=\"alignnone size-full wp-image-17060\" src=\"https:\/\/www.hydraulic-cylinders.net\/wp-content\/uploads\/2025\/02\/hcyy11112019-cylinder-for-preventing-rear-tlit-of-boom-2.webp\" alt=\"\" width=\"1499\" height=\"519\" srcset=\"https:\/\/www.hydraulic-cylinders.net\/wp-content\/uploads\/2025\/02\/hcyy11112019-cylinder-for-preventing-rear-tlit-of-boom-2.webp 1499w, https:\/\/www.hydraulic-cylinders.net\/wp-content\/uploads\/2025\/02\/hcyy11112019-cylinder-for-preventing-rear-tlit-of-boom-2-1280x443.webp 1280w, https:\/\/www.hydraulic-cylinders.net\/wp-content\/uploads\/2025\/02\/hcyy11112019-cylinder-for-preventing-rear-tlit-of-boom-2-980x339.webp 980w, https:\/\/www.hydraulic-cylinders.net\/wp-content\/uploads\/2025\/02\/hcyy11112019-cylinder-for-preventing-rear-tlit-of-boom-2-480x166.webp 480w\" sizes=\"(min-width: 0px) and (max-width: 480px) 480px, (min-width: 481px) and (max-width: 980px) 980px, (min-width: 981px) and (max-width: 1280px) 1280px, (min-width: 1281px) 1499px, 100vw\" \/><\/h1>\n<p>Telaketjunostureille tarkoitetut kallistamisenestohydraulisylinterimme on suunniteltu parantamaan turvallisuutta ja vakautta raskaiden nostotoimintojen aikana. N\u00e4m\u00e4 telaketjunostureille suunnitellut sylinterit est\u00e4v\u00e4t nosturin puomin kallistumisen taaksep\u00e4in \u00e4\u00e4rimm\u00e4isten kuormien alla, mik\u00e4 varmistaa k\u00e4ytt\u00f6turvallisuuden vaativissa ymp\u00e4rist\u00f6iss\u00e4, kuten rakennusty\u00f6mailla, satamatoiminnoissa ja teollisuusprojekteissa. Eritt\u00e4in lujista materiaaleista ja edistyneest\u00e4 tiivistystekniikasta valmistetut sylinterimme tarjoavat poikkeuksellisen kest\u00e4vyyden, siet\u00e4v\u00e4t dynaamisia kuormia ja ankaria olosuhteita s\u00e4ilytt\u00e4en samalla tarkan hallinnan.<\/p>\n<p>Jopa 35 MPa:n paineluokituksen ja korroosionkest\u00e4vien pinnoitteiden ansiosta ne sopivat ihanteellisesti pitk\u00e4aikaiseen k\u00e4ytt\u00f6\u00f6n ep\u00e4tasaisessa maastossa. Nostatpa sitten raskaita ter\u00e4srakenteita tai k\u00e4sittelet ylisuuria lasteja, kallistumisenestoiset hydraulisylinterimme tarjoavat luotettavuutta ja suorituskyky\u00e4, jota tarvitset telaketjunosturisi turvalliseen ja tehokkaaseen toimintaan.<\/p>\n<h2><strong>Telaketjunosturin kallistussuojatut hydraulisylinterit Parametri:<\/strong><\/h2>\n<h1 style=\"text-align: center;\"><img loading=\"lazy\" decoding=\"async\" class=\"alignnone size-full wp-image-17059\" src=\"https:\/\/www.hydraulic-cylinders.net\/wp-content\/uploads\/2025\/02\/hcyy11112019-cylinder-for-preventing-rear-tlit-of-boom-1.webp\" alt=\"\" width=\"1512\" height=\"147\" srcset=\"https:\/\/www.hydraulic-cylinders.net\/wp-content\/uploads\/2025\/02\/hcyy11112019-cylinder-for-preventing-rear-tlit-of-boom-1.webp 1512w, https:\/\/www.hydraulic-cylinders.net\/wp-content\/uploads\/2025\/02\/hcyy11112019-cylinder-for-preventing-rear-tlit-of-boom-1-1280x124.webp 1280w, https:\/\/www.hydraulic-cylinders.net\/wp-content\/uploads\/2025\/02\/hcyy11112019-cylinder-for-preventing-rear-tlit-of-boom-1-980x95.webp 980w, https:\/\/www.hydraulic-cylinders.net\/wp-content\/uploads\/2025\/02\/hcyy11112019-cylinder-for-preventing-rear-tlit-of-boom-1-480x47.webp 480w\" sizes=\"(min-width: 0px) and (max-width: 480px) 480px, (min-width: 481px) and (max-width: 980px) 980px, (min-width: 981px) and (max-width: 1280px) 1280px, (min-width: 1281px) 1512px, 100vw\" \/><img loading=\"lazy\" decoding=\"async\" class=\"alignnone size-full wp-image-17061\" src=\"https:\/\/www.hydraulic-cylinders.net\/wp-content\/uploads\/2025\/02\/hcyy11112019-cylinder-for-preventing-rear-tlit-of-boom-3.webp\" alt=\"\" width=\"1477\" height=\"707\" srcset=\"https:\/\/www.hydraulic-cylinders.net\/wp-content\/uploads\/2025\/02\/hcyy11112019-cylinder-for-preventing-rear-tlit-of-boom-3.webp 1477w, https:\/\/www.hydraulic-cylinders.net\/wp-content\/uploads\/2025\/02\/hcyy11112019-cylinder-for-preventing-rear-tlit-of-boom-3-1280x613.webp 1280w, https:\/\/www.hydraulic-cylinders.net\/wp-content\/uploads\/2025\/02\/hcyy11112019-cylinder-for-preventing-rear-tlit-of-boom-3-980x469.webp 980w, https:\/\/www.hydraulic-cylinders.net\/wp-content\/uploads\/2025\/02\/hcyy11112019-cylinder-for-preventing-rear-tlit-of-boom-3-480x230.webp 480w\" sizes=\"(min-width: 0px) and (max-width: 480px) 480px, (min-width: 481px) and (max-width: 980px) 980px, (min-width: 981px) and (max-width: 1280px) 1280px, (min-width: 1281px) 1477px, 100vw\" \/> <img loading=\"lazy\" decoding=\"async\" class=\"alignnone size-full wp-image-17062\" src=\"https:\/\/www.hydraulic-cylinders.net\/wp-content\/uploads\/2025\/02\/hcyy11112019-cylinder-for-preventing-rear-tlit-of-boom-4.webp\" alt=\"\" width=\"1477\" height=\"711\" srcset=\"https:\/\/www.hydraulic-cylinders.net\/wp-content\/uploads\/2025\/02\/hcyy11112019-cylinder-for-preventing-rear-tlit-of-boom-4.webp 1477w, https:\/\/www.hydraulic-cylinders.net\/wp-content\/uploads\/2025\/02\/hcyy11112019-cylinder-for-preventing-rear-tlit-of-boom-4-1280x616.webp 1280w, https:\/\/www.hydraulic-cylinders.net\/wp-content\/uploads\/2025\/02\/hcyy11112019-cylinder-for-preventing-rear-tlit-of-boom-4-980x472.webp 980w, https:\/\/www.hydraulic-cylinders.net\/wp-content\/uploads\/2025\/02\/hcyy11112019-cylinder-for-preventing-rear-tlit-of-boom-4-480x231.webp 480w\" sizes=\"(min-width: 0px) and (max-width: 480px) 480px, (min-width: 481px) and (max-width: 980px) 980px, (min-width: 981px) and (max-width: 1280px) 1280px, (min-width: 1281px) 1477px, 100vw\" \/> <img loading=\"lazy\" decoding=\"async\" class=\"alignnone size-full wp-image-17063\" src=\"https:\/\/www.hydraulic-cylinders.net\/wp-content\/uploads\/2025\/02\/hcyy11112019-cylinder-for-preventing-rear-tlit-of-boom-5.webp\" alt=\"\" width=\"1401\" height=\"671\" srcset=\"https:\/\/www.hydraulic-cylinders.net\/wp-content\/uploads\/2025\/02\/hcyy11112019-cylinder-for-preventing-rear-tlit-of-boom-5.webp 1401w, https:\/\/www.hydraulic-cylinders.net\/wp-content\/uploads\/2025\/02\/hcyy11112019-cylinder-for-preventing-rear-tlit-of-boom-5-1280x613.webp 1280w, https:\/\/www.hydraulic-cylinders.net\/wp-content\/uploads\/2025\/02\/hcyy11112019-cylinder-for-preventing-rear-tlit-of-boom-5-980x469.webp 980w, https:\/\/www.hydraulic-cylinders.net\/wp-content\/uploads\/2025\/02\/hcyy11112019-cylinder-for-preventing-rear-tlit-of-boom-5-480x230.webp 480w\" sizes=\"(min-width: 0px) and (max-width: 480px) 480px, (min-width: 481px) and (max-width: 980px) 980px, (min-width: 981px) and (max-width: 1280px) 1280px, (min-width: 1281px) 1401px, 100vw\" \/><\/h1>\n<h2><strong>Telaketjunosturin sylinterisarja:<\/strong><\/h2>\n<h2><img loading=\"lazy\" decoding=\"async\" class=\"alignnone size-full wp-image-17054 aligncenter\" src=\"https:\/\/www.hydraulic-cylinders.net\/wp-content\/uploads\/2025\/02\/cylinder-series-of-crawler-crane-1.webp\" alt=\"\" width=\"709\" height=\"791\" srcset=\"https:\/\/www.hydraulic-cylinders.net\/wp-content\/uploads\/2025\/02\/cylinder-series-of-crawler-crane-1.webp 709w, https:\/\/www.hydraulic-cylinders.net\/wp-content\/uploads\/2025\/02\/cylinder-series-of-crawler-crane-1-480x536.webp 480w\" sizes=\"(min-width: 0px) and (max-width: 480px) 480px, (min-width: 481px) 709px, 100vw\" \/><\/h2>\n<h2><strong>Telaketjunosturin varren kallistusnesteiden hydraulisylinterien t\u00e4rkeimm\u00e4t ominaisuudet:<\/strong><\/h2>\n<h4><strong>Kest\u00e4v\u00e4 rakenne<\/strong><\/h4>\n<p>Kallistumisenestoiset varret sis\u00e4lt\u00e4v\u00e4t hydraulisylinterit on valmistettu kest\u00e4v\u00e4st\u00e4, eritt\u00e4in lujista materiaaleista, jotka on huolellisesti valittu kest\u00e4m\u00e4\u00e4n vaativimmatkin k\u00e4ytt\u00f6olosuhteet. T\u00e4m\u00e4 rakenne ei ainoastaan \u200b\u200btakaa poikkeuksellista kest\u00e4vyytt\u00e4, vaan my\u00f6s parantaa luotettavuutta, jolloin k\u00e4ytt\u00e4j\u00e4t voivat keskitty\u00e4 k\u00e4sill\u00e4 olevaan teht\u00e4v\u00e4\u00e4n murehtimatta laitteiden vioista. Sylinterin joustavuuden ansiosta se kest\u00e4\u00e4 kaikkea \u00e4\u00e4rimm\u00e4isist\u00e4 l\u00e4mp\u00f6tiloista voimakkaisiin t\u00e4rin\u00f6ihin, mik\u00e4 tekee siit\u00e4 luotettavan valinnan kaikkiin nosturitoimintoihin.<\/p>\n<h4><strong>Suuri kuormituskapasiteetti<\/strong><\/h4>\n<p>Merkitt\u00e4vien painojen k\u00e4sittelyyn suunnitellut kallistamisen est\u00e4v\u00e4t hydrauliset sylinterit antavat k\u00e4ytt\u00e4jille mahdollisuuden nostaa ja k\u00e4sitell\u00e4 raskaita materiaaleja luottavaisin mielin. Sen vaikuttava kuormakapasiteetti on ratkaisevassa roolissa telaketjunostureiden ominaisuuksien laajentamisessa, mink\u00e4 ansiosta ne voivat suorittaa monimutkaisia \u200b\u200bteht\u00e4vi\u00e4, jotka vaativat lujuutta ja vakautta. Olipa kyse sitten ter\u00e4spalkkien nostamisesta tai raskaiden koneiden kuljetuksesta, t\u00e4m\u00e4 sylinteri tarjoaa tarvittavan voiman ty\u00f6n suorittamiseen turvallisesti ja tehokkaasti.<\/p>\n<h4><strong>Tarkkuustekniikka<\/strong><\/h4>\n<p>Tiukkojen toleranssien ansiosta varren kallistuksenestohydraulisylinterit edist\u00e4v\u00e4t puomin sujuvaa toimintaa ja tarkkaa asemointia. T\u00e4m\u00e4 tarkkuustaso minimoi onnettomuusriskin ja parantaa yleist\u00e4 k\u00e4ytt\u00f6turvallisuutta. Kuljettajat voivat luottaa sylinterin tarkkuuteen, mik\u00e4 on elint\u00e4rke\u00e4\u00e4 teht\u00e4viss\u00e4, jotka vaativat tarkkaa hallintaa. T\u00e4m\u00e4 yksityiskohtiin kiinnitetty huomio ei ainoastaan \u200b\u200bparanna suorituskyky\u00e4, vaan my\u00f6s lis\u00e4\u00e4 kuljettajien luottamusta haastavissa nostotilanteissa.<\/p>\n<h4><strong>Korroosionkest\u00e4vyys<\/strong><\/h4>\n<p>Kallistumisenestoiset varret hydraulisylintereiss\u00e4 on erityinen pintak\u00e4sittely, joka tarjoaa erinomaisen suojan ruostetta ja korroosiota vastaan. T\u00e4m\u00e4 ominaisuus on erityisen hy\u00f6dyllinen haastavissa ymp\u00e4rist\u00f6iss\u00e4, joissa altistuminen kosteudelle ja voimakkaille kemikaaleille on yleist\u00e4. Pident\u00e4m\u00e4ll\u00e4 sylinterin k\u00e4ytt\u00f6ik\u00e4\u00e4 t\u00e4m\u00e4 korroosionkest\u00e4vyys varmistaa tasaisen suorituskyvyn ajan my\u00f6t\u00e4, mik\u00e4 v\u00e4hent\u00e4\u00e4 yll\u00e4pitokustannuksia ja parantaa investoinnin kokonaisarvoa.<\/p>\n<h4><strong>Kompakti muotoilu<\/strong><\/h4>\n<p>Sylinterin tilaa s\u00e4\u00e4st\u00e4v\u00e4 rakenne mahdollistaa helpon asennuksen ja saumattoman integroinnin erilaisiin telaketjunosturimalleihin. T\u00e4m\u00e4 kompakti koko maksimoi toiminnan tehokkuuden, jolloin nostureita voidaan k\u00e4ytt\u00e4\u00e4 ahtaammissa tiloissa suorituskyvyst\u00e4 tinkim\u00e4tt\u00e4. K\u00e4ytt\u00e4j\u00e4t arvostavat suoraviivaista asennusprosessia, joka s\u00e4\u00e4st\u00e4\u00e4 arvokasta aikaa ja minimoi seisokkiajat. Rakenne varmistaa, ett\u00e4 kallistamisen est\u00e4v\u00e4t hydraulisylinterit sopivat vaivattomasti olemassa oleviin laitteisiin, mik\u00e4 parantaa monipuolisuutta ja toimivuutta.<\/p>\n<p>Yhteenvetona voidaan todeta, ett\u00e4 HCYY11112019-sylinteri erottuu edukseen kest\u00e4v\u00e4n rakenteensa, suuren kuormituskapasiteettinsa, tarkan suunnittelunsa, korroosionkest\u00e4vyytens\u00e4 ja kompaktin muotoilunsa ansiosta. Jokainen n\u00e4ist\u00e4 ominaisuuksista edist\u00e4\u00e4 luotettavaa, tehokasta ja turvallista nostokokemusta, mik\u00e4 tekee t\u00e4st\u00e4 sylinterist\u00e4 korvaamattoman ty\u00f6kalun kaikissa telaketjunostureissa.<\/p>\n<h2><strong>Miten takakallistuksen est\u00e4v\u00e4 sylinteri parantaa telaketjunosturin toiminnan turvallisuutta?<\/strong><\/h2>\n<p>Takakallistuksen est\u00e4v\u00e4 sylinteri on t\u00e4rke\u00e4 osa, joka parantaa merkitt\u00e4v\u00e4sti telaketjunosturin turvallisuutta useilla vakuuttavilla tavoilla:<\/p>\n<ol>\n<li><strong>Vakaus nostamisen aikana<\/strong>Kuvittele mielenrauha, jonka nosturin vakaus tuo, erityisesti raskaita kuormia k\u00e4sitelt\u00e4ess\u00e4. Sylinteri est\u00e4\u00e4 puomin kallistumisen taaksep\u00e4in varmistaen, ett\u00e4 nosturi pysyy tasapainossa. T\u00e4m\u00e4 vakaus on ratkaisevan t\u00e4rke\u00e4\u00e4, sill\u00e4 se v\u00e4hent\u00e4\u00e4 merkitt\u00e4v\u00e4sti kaatumisen tai hallinnan menett\u00e4misen riski\u00e4 haastavissa nostoteht\u00e4viss\u00e4. K\u00e4ytt\u00e4j\u00e4t voivat keskitty\u00e4 ty\u00f6h\u00f6ns\u00e4 ilman jatkuvaa huolta mahdollisista onnettomuuksista.<\/li>\n<li><strong>Tarkka kuorman hallinta<\/strong>Tarkkuus on avainasemassa nosturin toiminnassa, ja t\u00e4m\u00e4 sylinteri edist\u00e4\u00e4 sit\u00e4 erinomaisesti. Mahdollistamalla puomin tarkan sijoittelun k\u00e4ytt\u00e4j\u00e4t voivat k\u00e4sitell\u00e4 kuormia huomattavan tarkasti. T\u00e4m\u00e4 ominaisuus on erityisen t\u00e4rke\u00e4 ahtaissa tiloissa navigoitaessa tai kuormia varovasti sijoiteltaessa. Parannetun hallinnan ansiosta kuorman virheellisest\u00e4 sijoittelusta johtuvien onnettomuuksien riski minimoituu, mik\u00e4 varmistaa sujuvamman ty\u00f6nkulun.<\/li>\n<li><strong>Pienempi mekaanisten vikojen riski<\/strong>Sylinterin kest\u00e4v\u00e4 rakenne on suunniteltu kest\u00e4m\u00e4\u00e4n raskaan nostamisen rasitukset. T\u00e4m\u00e4 kest\u00e4vyys mahdollistaa sen tehokkaan rasituksen ja rasituksen hallinnan, mik\u00e4 on elint\u00e4rke\u00e4\u00e4 mekaanisten vikojen ehk\u00e4isemisess\u00e4. V\u00e4hent\u00e4m\u00e4ll\u00e4 rikkoutumisen todenn\u00e4k\u00f6isyytt\u00e4 sylinteri ei ainoastaan \u200b\u200bparanna turvallisuutta, vaan my\u00f6s edist\u00e4\u00e4 toiminnan tehokkuutta, jolloin projektit pysyv\u00e4t aikataulussa ilman odottamattomia keskeytyksi\u00e4.<\/li>\n<li><strong>Lis\u00e4\u00e4ntynyt k\u00e4ytt\u00e4j\u00e4n luottamus<\/strong>Luottamus on ratkaiseva tekij\u00e4 turvallisuuden kannalta. Kun kuljettajat tiet\u00e4v\u00e4t, ett\u00e4 sylinteri est\u00e4\u00e4 aktiivisesti taaksep\u00e4in kallistumisen, he voivat keskitty\u00e4 t\u00e4ysin teht\u00e4viins\u00e4 ilman h\u00e4iri\u00f6tekij\u00f6it\u00e4. T\u00e4m\u00e4 varmuus edist\u00e4\u00e4 turvallisuuskulttuuria ty\u00f6maalla, koska kuljettajat ovat tarkkaavaisempia ja tietoisempia ymp\u00e4rist\u00f6st\u00e4\u00e4n, mik\u00e4 v\u00e4hent\u00e4\u00e4 entisest\u00e4\u00e4n onnettomuuksien todenn\u00e4k\u00f6isyytt\u00e4.<\/li>\n<li><strong>Turvallisuusstandardien noudattaminen<\/strong>Alalla, jolla turvallisuusm\u00e4\u00e4r\u00e4ykset ovat ensisijaisen t\u00e4rkeit\u00e4, takakallistuksen est\u00e4v\u00e4n sylinterin k\u00e4ytt\u00f6 auttaa varmistamaan, ett\u00e4 nosturit noudattavat tiukkoja turvallisuusstandardeja. T\u00e4m\u00e4 vaatimustenmukaisuus ei ainoastaan \u200b\u200bsuojele k\u00e4ytt\u00e4ji\u00e4 ja miehist\u00f6\u00e4, vaan my\u00f6s parantaa yrityksen mainetta ja osoittaa sitoutumista turvallisuuteen ja ammattitaitoon.<\/li>\n<\/ol>\n<p>Yhteenvetona voidaan todeta, ett\u00e4 taaksep\u00e4in kallistumisen est\u00e4v\u00e4 sylinteri on enemm\u00e4n kuin vain komponentti; se on mullistava tekij\u00e4 nosturin turvallisuudessa. Tarjoamalla vakautta, edist\u00e4m\u00e4ll\u00e4 tarkkuutta, v\u00e4hent\u00e4m\u00e4ll\u00e4 mekaanisia riskej\u00e4, lis\u00e4\u00e4m\u00e4ll\u00e4 k\u00e4ytt\u00e4j\u00e4n itseluottamusta ja varmistamalla turvallisuusstandardien noudattamisen, t\u00e4ll\u00e4 sylinterill\u00e4 on olennainen rooli turvallisen ja tehokkaan ty\u00f6ymp\u00e4rist\u00f6n luomisessa. T\u00e4llaisiin turvatoimenpiteisiin investoiminen ei ainoastaan \u200b\u200bsuojele ihmishenki\u00e4, vaan my\u00f6s parantaa tuottavuutta, mik\u00e4 tekee siit\u00e4 \u00e4lykk\u00e4\u00e4n valinnan mihin tahansa telaketjunosturik\u00e4ytt\u00f6\u00f6n.<\/p>\n<h2><strong>Trukin sylinterin tuotantoalue:<\/strong><\/h2>\n<h2><img loading=\"lazy\" decoding=\"async\" class=\"alignnone size-full wp-image-16972\" src=\"https:\/\/www.hydraulic-cylinders.net\/wp-content\/uploads\/2025\/01\/hydraulic-cylinder-factory-1-scaled.webp\" alt=\"\" width=\"2016\" height=\"2560\" srcset=\"https:\/\/www.hydraulic-cylinders.net\/wp-content\/uploads\/2025\/01\/hydraulic-cylinder-factory-1-scaled.webp 2016w, https:\/\/www.hydraulic-cylinders.net\/wp-content\/uploads\/2025\/01\/hydraulic-cylinder-factory-1-1280x1625.webp 1280w, https:\/\/www.hydraulic-cylinders.net\/wp-content\/uploads\/2025\/01\/hydraulic-cylinder-factory-1-980x1244.webp 980w, https:\/\/www.hydraulic-cylinders.net\/wp-content\/uploads\/2025\/01\/hydraulic-cylinder-factory-1-480x610.webp 480w\" sizes=\"(min-width: 0px) and (max-width: 480px) 480px, (min-width: 481px) and (max-width: 980px) 980px, (min-width: 981px) and (max-width: 1280px) 1280px, (min-width: 1281px) 2016px, 100vw\" \/><\/h2>\n<p>Meill\u00e4 on huippuluokan itsen\u00e4inen kokoonpanoon keskittynyt tutkimus- ja kehitysalusta, joka varmistaa huippuluokan innovaatiot ja laadun valmistusprosesseissamme. Trukkisylinterien tuotantolaitoksessamme on nelj\u00e4 puoliautomaattista nostosylinterien kokoonpanolinjaa ja t\u00e4ysautomaattinen kallistussylinterien kokoonpanolinja, jotka on yhteens\u00e4 suunniteltu tuottamaan jopa miljoona yksikk\u00f6\u00e4 vuodessa.<\/p>\n<p>Lis\u00e4ksi erikoissylinteriverstassamme on k\u00e4yt\u00f6ss\u00e4 erilaisiin tarpeisiin r\u00e4\u00e4t\u00e4l\u00f6idyt puoliautomaattiset puhdistus- ja kokoonpanoj\u00e4rjestelm\u00e4t, joiden vuotuinen tuotantokapasiteetti on 200 000 kappaletta. K\u00e4yt\u00e4mme tunnettuja CNC-laitteita, ty\u00f6st\u00f6keskuksia ja erikoisty\u00f6kaluja tarkkaan sylinterien ty\u00f6st\u00f6\u00f6n. Laitoksellamme on my\u00f6s edistykselliset robottihitsauskoneet, automaattiset puhdistusj\u00e4rjestelm\u00e4t sek\u00e4 t\u00e4ysin automatisoidut sylinterien kokoonpano- ja maalauslinjat. Yli 300 keskeisen laitteen toiminnassa ollessa optimoimme resurssien kohdentamisen ja varmistamme tehokkaan k\u00e4yt\u00f6n t\u00e4ytt\u00e4en tiukat tarkkuus- ja laatustandardit.<\/p>\n<p>Koneistamossamme on mittatilausty\u00f6n\u00e4 valmistetut kallistuskiskosorvauskeskukset, ty\u00f6st\u00f6keskukset, nopeat hoonauskoneet, hitsausrobotit ja muut t\u00e4rke\u00e4t laitteet. T\u00e4m\u00e4n laitteiston avulla voimme ty\u00f6st\u00e4\u00e4 enint\u00e4\u00e4n 400 mm:n sis\u00e4halkaisijan ja jopa 6 metrin pituisia sylinteriputkia, mik\u00e4 parantaa entisest\u00e4\u00e4n tuotantokapasiteettiamme.<\/p>\n<h2><img loading=\"lazy\" decoding=\"async\" class=\"alignnone size-full wp-image-16973\" src=\"https:\/\/www.hydraulic-cylinders.net\/wp-content\/uploads\/2025\/01\/hydraulic-cylinder-factory-2-scaled.webp\" alt=\"\" width=\"2011\" height=\"2560\" srcset=\"https:\/\/www.hydraulic-cylinders.net\/wp-content\/uploads\/2025\/01\/hydraulic-cylinder-factory-2-scaled.webp 2011w, https:\/\/www.hydraulic-cylinders.net\/wp-content\/uploads\/2025\/01\/hydraulic-cylinder-factory-2-1280x1629.webp 1280w, https:\/\/www.hydraulic-cylinders.net\/wp-content\/uploads\/2025\/01\/hydraulic-cylinder-factory-2-980x1248.webp 980w, https:\/\/www.hydraulic-cylinders.net\/wp-content\/uploads\/2025\/01\/hydraulic-cylinder-factory-2-480x611.webp 480w\" sizes=\"(min-width: 0px) and (max-width: 480px) 480px, (min-width: 481px) and (max-width: 980px) 980px, (min-width: 981px) and (max-width: 1280px) 1280px, (min-width: 1281px) 2011px, 100vw\" \/><\/h2>\n<p>K\u00e4yt\u00e4mme t\u00e4ysautomaattista vesipohjaisten maalien pinnoituslinjaa, joka on erityisesti suunniteltu pienille ja keskisuurille sylintereille. Linjassa on automaattiset lastaus-, purku- ja ruiskutusrobotit. T\u00e4m\u00e4n huippumodernin j\u00e4rjestelm\u00e4n tuotantokapasiteetti on 4 000 yksikk\u00f6\u00e4 vuorossa. Lis\u00e4ksi meill\u00e4 on puoliautomaattinen ketjuk\u00e4ytt\u00f6inen maalauslinja suurille sylintereille, jonka suunnittelukapasiteetti on 60 laatikkoa vuorossa.<\/p>\n<p>Parantaaksemme tuotteidemme suorituskyky\u00e4 ja vahvistaaksemme johtoasemaamme hydraulisylintereiden alalla olemme tehneet yhteisty\u00f6t\u00e4 ZJIMEE:n kanssa perustaaksemme kattavan suorituskykylaboratorion, joka on omistettu hydraulisylintereille, venttiileille ja pumpuille. T\u00e4m\u00e4 edistynyt laboratorio hy\u00f6dynt\u00e4\u00e4 tietokoneella avustettua testausta s\u00e4hk\u00f6hydraulisella teknologialla, mik\u00e4 mahdollistaa ennalta asetetut testiolosuhteet, jotka parantavat tarkkuutta ja j\u00e4rjestelm\u00e4n monipuolisuutta. Automaattinen tiedonkeruuprosessi k\u00e4ytt\u00e4\u00e4 antureita tulostietojen, kuten sis\u00e4isen vuodon ja kuormitustehokkuuden, ker\u00e4\u00e4miseen. Tietokone k\u00e4sittelee tiedot ja muuntaa ne standardiyksik\u00f6iksi (ml\/min%).<\/p>\n<p>Lis\u00e4ksi hydraulij\u00e4rjestelmiemme turvallisuuden varmistamiseksi toteutamme tilanvalvonnan t\u00e4rkeimmille suorituskykyparametreille, kuten \u00f6ljyn l\u00e4mp\u00f6tilalle, nestetasolle ja suodatinlaitteen tilalle. Hydraulisylinterien testitelineemme pystyy arvioimaan \"kuormitustehokkuutta\" ja \"sis\u00e4ist\u00e4 vuotoa\" tarkkojen lukemien avulla. Se on my\u00f6s varustettu ritil\u00e4mittauslaitteella, joka t\u00e4ytt\u00e4\u00e4 kansalliset standardit ja varmistaa kaikkien hydraulisylinterituotteiden testausvaatimusten noudattamisen.<\/p>\n<p>&nbsp;<\/p>","protected":false},"excerpt":{"rendered":"<p>Arm Anti Tilt Hydraulic Cylinders For Crawler Crane Our arm anti tilt hydraulic cylinders for crawler cranes are engineered to enhance safety and stability during heavy-duty lifting operations. Designed specifically for crawler cranes, these cylinders prevent the crane arm (boom) from tilting backward under extreme loads, ensuring operational safety in demanding environments like construction sites, [&hellip;]<\/p>","protected":false},"featured_media":17064,"comment_status":"open","ping_status":"closed","template":"","meta":{"_et_pb_use_builder":"","_et_pb_old_content":"","_et_gb_content_width":""},"product_brand":[],"product_cat":[1550,1514,1376],"product_tag":[],"class_list":{"0":"post-17058","1":"product","2":"type-product","3":"status-publish","4":"has-post-thumbnail","6":"product_cat-double-acting-hydraulic-cylinder","7":"product_cat-mobile-crane-hydraulic-cylinders","8":"product_cat-hydraulic-cylinder","10":"first","11":"instock","12":"shipping-taxable","13":"product-type-simple"},"amp_enabled":true,"_links":{"self":[{"href":"https:\/\/www.hydraulic-cylinders.net\/fi\/wp-json\/wp\/v2\/product\/17058","targetHints":{"allow":["GET"]}}],"collection":[{"href":"https:\/\/www.hydraulic-cylinders.net\/fi\/wp-json\/wp\/v2\/product"}],"about":[{"href":"https:\/\/www.hydraulic-cylinders.net\/fi\/wp-json\/wp\/v2\/types\/product"}],"replies":[{"embeddable":true,"href":"https:\/\/www.hydraulic-cylinders.net\/fi\/wp-json\/wp\/v2\/comments?post=17058"}],"wp:featuredmedia":[{"embeddable":true,"href":"https:\/\/www.hydraulic-cylinders.net\/fi\/wp-json\/wp\/v2\/media\/17064"}],"wp:attachment":[{"href":"https:\/\/www.hydraulic-cylinders.net\/fi\/wp-json\/wp\/v2\/media?parent=17058"}],"wp:term":[{"taxonomy":"product_brand","embeddable":true,"href":"https:\/\/www.hydraulic-cylinders.net\/fi\/wp-json\/wp\/v2\/product_brand?post=17058"},{"taxonomy":"product_cat","embeddable":true,"href":"https:\/\/www.hydraulic-cylinders.net\/fi\/wp-json\/wp\/v2\/product_cat?post=17058"},{"taxonomy":"product_tag","embeddable":true,"href":"https:\/\/www.hydraulic-cylinders.net\/fi\/wp-json\/wp\/v2\/product_tag?post=17058"}],"curies":[{"name":"wp","href":"https:\/\/api.w.org\/{rel}","templated":true}]}}