{"id":17065,"date":"2025-02-05T07:37:55","date_gmt":"2025-02-05T07:37:55","guid":{"rendered":"https:\/\/www.hydraulic-cylinders.net\/?post_type=product&#038;p=17065"},"modified":"2025-04-11T01:53:48","modified_gmt":"2025-04-11T01:53:48","slug":"support-hydraulic-cylinders-for-crawler-crane","status":"publish","type":"product","link":"https:\/\/www.hydraulic-cylinders.net\/fi\/tuote\/support-hydraulic-cylinders-for-crawler-crane\/","title":{"rendered":"Tukihydrauliset sylinterit telaketjunosturille"},"content":{"rendered":"<h1 style=\"text-align: center;\"><strong>Tukihydrauliset sylinterit telaketjunosturille<\/strong><\/h1>\n<h1 style=\"text-align: center;\"><img loading=\"lazy\" decoding=\"async\" class=\"alignnone size-full wp-image-17068\" src=\"https:\/\/www.hydraulic-cylinders.net\/wp-content\/uploads\/2025\/02\/hcyy11112020-cylinder-for-frame-support-2.webp\" alt=\"\" width=\"1497\" height=\"520\" srcset=\"https:\/\/www.hydraulic-cylinders.net\/wp-content\/uploads\/2025\/02\/hcyy11112020-cylinder-for-frame-support-2.webp 1497w, https:\/\/www.hydraulic-cylinders.net\/wp-content\/uploads\/2025\/02\/hcyy11112020-cylinder-for-frame-support-2-1280x445.webp 1280w, https:\/\/www.hydraulic-cylinders.net\/wp-content\/uploads\/2025\/02\/hcyy11112020-cylinder-for-frame-support-2-980x340.webp 980w, https:\/\/www.hydraulic-cylinders.net\/wp-content\/uploads\/2025\/02\/hcyy11112020-cylinder-for-frame-support-2-480x167.webp 480w\" sizes=\"(min-width: 0px) and (max-width: 480px) 480px, (min-width: 481px) and (max-width: 980px) 980px, (min-width: 981px) and (max-width: 1280px) 1280px, (min-width: 1281px) 1497px, 100vw\" \/><\/h1>\n<div>Meid\u00e4n <strong>telaketjunostureiden tukihydraulisylinterit<\/strong> on suunniteltu raskaaseen nostoon ja vakauttamiseen vaativissa ymp\u00e4rist\u00f6iss\u00e4. N\u00e4m\u00e4 sylinterit on suunniteltu tukemaan ristikkopuomirakennetta, ja ne varmistavat optimaalisen vakauden ja turvallisuuden suurten kuormien aikana, mik\u00e4 tekee niist\u00e4 ihanteellisia telaketjunostureille, joita k\u00e4ytet\u00e4\u00e4n rakennusalalla, satamatoiminnoissa ja teollisuusprojekteissa. Kest\u00e4vyyteen ja tarkkuuteen keskittyen hydrauliikkasylinterimme on rakennettu kest\u00e4m\u00e4\u00e4n dynaamisia kuormia ja ankaria olosuhteita, mik\u00e4 tarjoaa luotettavaa suorituskyky\u00e4 telaketjunosturille.<\/div>\n<h2><strong>Telaketjunosturin hydraulisylinterien tukiparametri:<\/strong><\/h2>\n<h1 style=\"text-align: center;\"><img loading=\"lazy\" decoding=\"async\" class=\"alignnone size-full wp-image-17067\" src=\"https:\/\/www.hydraulic-cylinders.net\/wp-content\/uploads\/2025\/02\/hcyy11112020-cylinder-for-frame-support-1.webp\" alt=\"\" width=\"1512\" height=\"150\" srcset=\"https:\/\/www.hydraulic-cylinders.net\/wp-content\/uploads\/2025\/02\/hcyy11112020-cylinder-for-frame-support-1.webp 1512w, https:\/\/www.hydraulic-cylinders.net\/wp-content\/uploads\/2025\/02\/hcyy11112020-cylinder-for-frame-support-1-1280x127.webp 1280w, https:\/\/www.hydraulic-cylinders.net\/wp-content\/uploads\/2025\/02\/hcyy11112020-cylinder-for-frame-support-1-980x97.webp 980w, https:\/\/www.hydraulic-cylinders.net\/wp-content\/uploads\/2025\/02\/hcyy11112020-cylinder-for-frame-support-1-480x48.webp 480w\" sizes=\"(min-width: 0px) and (max-width: 480px) 480px, (min-width: 481px) and (max-width: 980px) 980px, (min-width: 981px) and (max-width: 1280px) 1280px, (min-width: 1281px) 1512px, 100vw\" \/><img loading=\"lazy\" decoding=\"async\" class=\"alignnone size-full wp-image-17069\" src=\"https:\/\/www.hydraulic-cylinders.net\/wp-content\/uploads\/2025\/02\/hcyy11112020-cylinder-for-frame-support-3.webp\" alt=\"\" width=\"1475\" height=\"710\" srcset=\"https:\/\/www.hydraulic-cylinders.net\/wp-content\/uploads\/2025\/02\/hcyy11112020-cylinder-for-frame-support-3.webp 1475w, https:\/\/www.hydraulic-cylinders.net\/wp-content\/uploads\/2025\/02\/hcyy11112020-cylinder-for-frame-support-3-1280x616.webp 1280w, https:\/\/www.hydraulic-cylinders.net\/wp-content\/uploads\/2025\/02\/hcyy11112020-cylinder-for-frame-support-3-980x472.webp 980w, https:\/\/www.hydraulic-cylinders.net\/wp-content\/uploads\/2025\/02\/hcyy11112020-cylinder-for-frame-support-3-480x231.webp 480w\" sizes=\"(min-width: 0px) and (max-width: 480px) 480px, (min-width: 481px) and (max-width: 980px) 980px, (min-width: 981px) and (max-width: 1280px) 1280px, (min-width: 1281px) 1475px, 100vw\" \/> <img loading=\"lazy\" decoding=\"async\" class=\"alignnone size-full wp-image-17070\" src=\"https:\/\/www.hydraulic-cylinders.net\/wp-content\/uploads\/2025\/02\/hcyy11112020-cylinder-for-frame-support-4.webp\" alt=\"\" width=\"1479\" height=\"717\" srcset=\"https:\/\/www.hydraulic-cylinders.net\/wp-content\/uploads\/2025\/02\/hcyy11112020-cylinder-for-frame-support-4.webp 1479w, https:\/\/www.hydraulic-cylinders.net\/wp-content\/uploads\/2025\/02\/hcyy11112020-cylinder-for-frame-support-4-1280x621.webp 1280w, https:\/\/www.hydraulic-cylinders.net\/wp-content\/uploads\/2025\/02\/hcyy11112020-cylinder-for-frame-support-4-980x475.webp 980w, https:\/\/www.hydraulic-cylinders.net\/wp-content\/uploads\/2025\/02\/hcyy11112020-cylinder-for-frame-support-4-480x233.webp 480w\" sizes=\"(min-width: 0px) and (max-width: 480px) 480px, (min-width: 481px) and (max-width: 980px) 980px, (min-width: 981px) and (max-width: 1280px) 1280px, (min-width: 1281px) 1479px, 100vw\" \/> <img loading=\"lazy\" decoding=\"async\" class=\"alignnone size-full wp-image-17071\" src=\"https:\/\/www.hydraulic-cylinders.net\/wp-content\/uploads\/2025\/02\/hcyy11112020-cylinder-for-frame-support-5.webp\" alt=\"\" width=\"1421\" height=\"704\" srcset=\"https:\/\/www.hydraulic-cylinders.net\/wp-content\/uploads\/2025\/02\/hcyy11112020-cylinder-for-frame-support-5.webp 1421w, https:\/\/www.hydraulic-cylinders.net\/wp-content\/uploads\/2025\/02\/hcyy11112020-cylinder-for-frame-support-5-1280x634.webp 1280w, https:\/\/www.hydraulic-cylinders.net\/wp-content\/uploads\/2025\/02\/hcyy11112020-cylinder-for-frame-support-5-980x486.webp 980w, https:\/\/www.hydraulic-cylinders.net\/wp-content\/uploads\/2025\/02\/hcyy11112020-cylinder-for-frame-support-5-480x238.webp 480w\" sizes=\"(min-width: 0px) and (max-width: 480px) 480px, (min-width: 481px) and (max-width: 980px) 980px, (min-width: 981px) and (max-width: 1280px) 1280px, (min-width: 1281px) 1421px, 100vw\" \/><\/h1>\n<h2><strong>Telaketjunosturin sylinterisarja:<\/strong><\/h2>\n<h2><img loading=\"lazy\" decoding=\"async\" class=\"alignnone size-full wp-image-17054 aligncenter\" src=\"https:\/\/www.hydraulic-cylinders.net\/wp-content\/uploads\/2025\/02\/cylinder-series-of-crawler-crane-1.webp\" alt=\"\" width=\"709\" height=\"791\" srcset=\"https:\/\/www.hydraulic-cylinders.net\/wp-content\/uploads\/2025\/02\/cylinder-series-of-crawler-crane-1.webp 709w, https:\/\/www.hydraulic-cylinders.net\/wp-content\/uploads\/2025\/02\/cylinder-series-of-crawler-crane-1-480x536.webp 480w\" sizes=\"(min-width: 0px) and (max-width: 480px) 480px, (min-width: 481px) 709px, 100vw\" \/><\/h2>\n<h2><strong>Tukihydraulisten sylinterien t\u00e4rkeimm\u00e4t ominaisuudet ristikkovarren telaketjunosturille:<\/strong><\/h2>\n<h4><strong>Suuri kuormituskapasiteetti<\/strong><\/h4>\n<p>The <strong>Tukisylinteri<\/strong> erottuu vaikuttavalla kuormituskapasiteetillaan, jonka ansiosta se pystyy kannattelemaan huomattavia painoja vaivattomasti. T\u00e4m\u00e4 ominaisuus tekee siit\u00e4 ihanteellisen raskaisiin sovelluksiin, kuten suuriin rakennusprojekteihin ja infrastruktuurin kehitt\u00e4miseen. K\u00e4ytt\u00e4j\u00e4t voivat luottavaisin mielin nostaa ja k\u00e4sitell\u00e4 merkitt\u00e4vi\u00e4 kuormia tiet\u00e4en, ett\u00e4 heill\u00e4 on luotettava komponentti, joka vastaa heid\u00e4n haastavimpienkin teht\u00e4viens\u00e4 vaatimuksiin. T\u00e4m\u00e4 ominaisuus ei ainoastaan \u200b\u200bmaksimoi tuottavuutta, vaan my\u00f6s parantaa nosturin toiminnan kokonaistehokkuutta.<\/p>\n<h4><strong>Kest\u00e4v\u00e4 rakenne<\/strong><\/h4>\n<p>Eritt\u00e4in lujista materiaaleista valmistettu tukisylinteri on suunniteltu kest\u00e4m\u00e4\u00e4n vaativien ymp\u00e4rist\u00f6jen rasitukset. Sen kest\u00e4v\u00e4 rakenne kest\u00e4\u00e4 kulumista ja varmistaa sen luotettavan toiminnan ajan kuluessa. T\u00e4m\u00e4 joustavuus tarkoittaa v\u00e4hemm\u00e4n vaihtoja ja korjauksia, jolloin rakennustiimit voivat keskitty\u00e4 ty\u00f6h\u00f6ns\u00e4 huolto-ongelmien sijaan. Sylinterin pitk\u00e4ik\u00e4isyys auttaa v\u00e4hent\u00e4m\u00e4\u00e4n seisokkiaikoja, mik\u00e4 tekee siit\u00e4 \u00e4lykk\u00e4\u00e4n investoinnin mihin tahansa toimintaan.<\/p>\n<h4><strong>Korroosionkest\u00e4vyys<\/strong><\/h4>\n<p>Korroosio voi olla merkitt\u00e4v\u00e4 uhka hydrauliikkakomponenteille, mutta tukisylinteriss\u00e4 on edistyneet pintak\u00e4sittelyt, jotka suojaavat sit\u00e4 ruosteelta ja korroosiolta. T\u00e4m\u00e4 lis\u00e4suojakerros varmistaa, ett\u00e4 sylinteri pysyy erinomaisessa kunnossa my\u00f6s ankarissa s\u00e4\u00e4olosuhteissa tai aggressiivisissa ymp\u00e4rist\u00f6iss\u00e4. Pident\u00e4m\u00e4ll\u00e4 sylinterin k\u00e4ytt\u00f6ik\u00e4\u00e4 t\u00e4m\u00e4 korroosionkest\u00e4vyys ei ainoastaan \u200b\u200bparanna luotettavuutta, vaan my\u00f6s minimoi kalliiden korjausten tai vaihtojen tarpeen, mik\u00e4 parantaa lopulta toiminnan tehokkuutta.<\/p>\n<h4><strong>Kompakti muotoilu<\/strong><\/h4>\n<p>Tukisylinterin kompakti muotoilu parantaa sen monipuolisuutta ja mahdollistaa helpon integroinnin erilaisiin telaketjunosturimalleihin. T\u00e4m\u00e4 tilaa s\u00e4\u00e4st\u00e4v\u00e4 ominaisuus tarkoittaa, ett\u00e4 k\u00e4ytt\u00e4j\u00e4t voivat maksimoida nosturinsa suorituskyvyn ilman tarpeetonta kokoa. Virtaviivainen muotoilu helpottaa asennusta ja k\u00e4ytt\u00f6\u00e4, jolloin tiimit voivat sopeutua saumattomasti erilaisiin projektivaatimuksiin. T\u00e4m\u00e4 mukautuvuus lis\u00e4\u00e4 joustavuutta ty\u00f6maalla, mik\u00e4 helpottaa monenlaisten nostoteht\u00e4vien hoitamista.<\/p>\n<h4><strong>Tarkkuustekniikka<\/strong><\/h4>\n<p>Tarkkuus on ratkaisevan t\u00e4rke\u00e4\u00e4 nostotoiminnoissa, ja tukisylinteri on suunniteltu huolellisesti sujuvan toiminnan ja kuorman tarkan sijoittelun takaamiseksi. Tiukkojen valmistustoleranssien ansiosta t\u00e4m\u00e4 sylinteri varmistaa, ett\u00e4 jokainen nosto suoritetaan \u00e4\u00e4rimm\u00e4isen tarkasti, mik\u00e4 parantaa merkitt\u00e4v\u00e4sti yleist\u00e4 turvallisuutta. K\u00e4ytt\u00e4j\u00e4t voivat luottaa siihen, ett\u00e4 heid\u00e4n kuormansa sijoitetaan tarkasti, mik\u00e4 minimoi onnettomuusriskin ja parantaa ty\u00f6nkulun tehokkuutta. T\u00e4m\u00e4 tarkkuustaso ei ainoastaan \u200b\u200bsuojaa arvokkaita laitteita, vaan my\u00f6s edist\u00e4\u00e4 turvallisempaa ty\u00f6ymp\u00e4rist\u00f6\u00e4 kaikille.<\/p>\n<p>Yhteenvetona voidaan todeta, ett\u00e4 tukisylinteri erottuu edukseen poikkeuksellisen kuormituskapasiteetinsa, kest\u00e4v\u00e4n rakenteensa, korroosionkest\u00e4vyytens\u00e4, kompaktin muotoilunsa ja tarkan suunnittelunsa ansiosta. Kaikki n\u00e4m\u00e4 ominaisuudet yhdess\u00e4 tarjoavat luotettavan ja tehokkaan ratkaisun rakennusprojekteihin, mik\u00e4 tekee siit\u00e4 korvaamattoman ty\u00f6kalun alan ammattilaisille.<\/p>\n<h2><strong>Miten takakallistuksen est\u00e4v\u00e4 sylinteri parantaa telaketjunosturin toiminnan turvallisuutta?<\/strong><\/h2>\n<p>Suunnittelu <strong>Tukea<\/strong> <strong>Sylinteri<\/strong> on tekniikan mestariteos, joka parantaa merkitt\u00e4v\u00e4sti vakautta raskaiden nostotoimintojen aikana. N\u00e4in kukin ominaisuus vaikuttaa sen erinomaiseen suorituskykyyn:<\/p>\n<h4><strong>1. Vaikuttava kantavuus<\/strong><\/h4>\n<p>Tukisylinteri on erityisesti suunniteltu tukemaan merkitt\u00e4vi\u00e4 painoja, joten se sopii erinomaisesti raskaisiin sovelluksiin. T\u00e4m\u00e4 vaikuttava kuormituskapasiteetti varmistaa, ett\u00e4 jopa raskaimmat kuormat voidaan nostaa varmasti, mik\u00e4 v\u00e4hent\u00e4\u00e4 huomattavasti kaatumisen tai heilumisen riski\u00e4. Tarjoamalla vankan perustan t\u00e4m\u00e4 sylinteri antaa k\u00e4ytt\u00e4jille mahdollisuuden keskitty\u00e4 teht\u00e4viins\u00e4 ilman jatkuvaa huolta vakaudesta, mik\u00e4 parantaa kokonaistuottavuutta.<\/p>\n<h4><strong>2. Kest\u00e4v\u00e4 rakenne<\/strong><\/h4>\n<p>Eritt\u00e4in lujista materiaaleista valmistettu sylinteri on suunniteltu kest\u00e4m\u00e4\u00e4n vaativien ymp\u00e4rist\u00f6jen rasitukset. T\u00e4m\u00e4 kest\u00e4v\u00e4 rakenne varmistaa, ett\u00e4 se s\u00e4ilytt\u00e4\u00e4 rakenteellisen eheytens\u00e4 voimakkaan paineen alla ja tarjoaa luotettavan tukij\u00e4rjestelm\u00e4n, joka kest\u00e4\u00e4 dynaamisia voimia nostotoimintojen aikana. K\u00e4ytettyjen materiaalien kest\u00e4vyys ei ainoastaan \u200b\u200bpidenn\u00e4 sylinterin k\u00e4ytt\u00f6ik\u00e4\u00e4, vaan my\u00f6s parantaa sen kyky\u00e4 toimia tasaisesti jopa haastavimmissa tilanteissa.<\/p>\n<h4><strong>3. Kompakti muotoilu<\/strong><\/h4>\n<p>Yksi tukisylinterin erottuvista ominaisuuksista on sen kompakti muotoilu, joka mahdollistaa optimaalisen sijoittelun nosturin runkoon. T\u00e4m\u00e4 strateginen sijoittelu laskee painopistett\u00e4, mik\u00e4 parantaa merkitt\u00e4v\u00e4sti yleist\u00e4 vakautta k\u00e4yt\u00f6n aikana. Matalampi painopiste v\u00e4hent\u00e4\u00e4 kaatumisen todenn\u00e4k\u00f6isyytt\u00e4, erityisesti raskaita kuormia k\u00e4sitelt\u00e4ess\u00e4, mik\u00e4 tekee sylinterist\u00e4 olennaisen osan turvallisen ja tehokkaan nostamisen kannalta.<\/p>\n<h4><strong>4. Tarkkuustekniikka<\/strong><\/h4>\n<p>Tarkkuus on ensiarvoisen t\u00e4rke\u00e4\u00e4 nosto-operaatioissa, ja tukisylinteri on t\u00e4ss\u00e4 suhteessa erinomainen. Tiukkojen valmistustoleranssien ansiosta t\u00e4m\u00e4 sylinteri takaa sujuvat ja hallitut liikkeet. T\u00e4m\u00e4 tarkkuus ei ainoastaan \u200b\u200bparanna kuorman sijoittelutarkkuutta, vaan my\u00f6s minimoi \u00e4killisten siirtymien mahdollisuuden, jotka voisivat vaarantaa vakauden. K\u00e4ytt\u00e4j\u00e4t voivat luottaa siihen, ett\u00e4 heid\u00e4n kuormiaan k\u00e4sitell\u00e4\u00e4n hienovaraisesti ja tarkasti, mik\u00e4 parantaa turvallisuutta ty\u00f6maalla.<\/p>\n<h4><strong>5. Korroosionkest\u00e4vyys<\/strong><\/h4>\n<p>Korroosio voi olla merkitt\u00e4v\u00e4 huolenaihe hydrauliikkakomponenteille, erityisesti ankarissa olosuhteissa. Tukisylinteriss\u00e4 on edistykselliset pintak\u00e4sittelyt, jotka suojaavat sit\u00e4 ruosteelta ja hajoamiselta. T\u00e4m\u00e4 korroosionkest\u00e4vyys varmistaa, ett\u00e4 sylinteri s\u00e4ilytt\u00e4\u00e4 suorituskykyns\u00e4 ajan my\u00f6t\u00e4, my\u00f6s vaikeissa olosuhteissa. Est\u00e4m\u00e4ll\u00e4 kulumista t\u00e4m\u00e4 ominaisuus parantaa luotettavuutta ja pident\u00e4\u00e4 sylinterin k\u00e4ytt\u00f6ik\u00e4\u00e4, mik\u00e4 edist\u00e4\u00e4 kest\u00e4v\u00e4\u00e4 vakautta raskaiden nostoteht\u00e4vien aikana.<\/p>\n<p>Yhteenvetona voidaan todeta, ett\u00e4 <strong>Tukisylinteri<\/strong> erottuu vakauden ja luotettavuuden kulmakiven\u00e4 raskaissa nostot\u00f6iss\u00e4. Sen vaikuttava kuormituskapasiteetti, kest\u00e4v\u00e4 rakenne, kompakti muotoilu, tarkka suunnittelu ja korroosionkest\u00e4vyys luovat tehokkaan tukij\u00e4rjestelm\u00e4n. T\u00e4m\u00e4 sylinteri ei ainoastaan \u200b\u200bparanna turvallisuutta, vaan my\u00f6s tehokkuutta, mik\u00e4 tekee siit\u00e4 korvaamattoman voimavaran rakennusalan ammattilaisille. Investoimalla tukisylinteriin k\u00e4ytt\u00e4j\u00e4t voivat luottavaisin mielin parantaa suorituskyky\u00e4\u00e4n ja selviyty\u00e4 vaativimmistakin projekteista.<\/p>\n<h2><strong>Trukin sylinterin tuotantoalue:<\/strong><\/h2>\n<h2><img loading=\"lazy\" decoding=\"async\" class=\"alignnone size-full wp-image-16972\" src=\"https:\/\/www.hydraulic-cylinders.net\/wp-content\/uploads\/2025\/01\/hydraulic-cylinder-factory-1-scaled.webp\" alt=\"\" width=\"2016\" height=\"2560\" srcset=\"https:\/\/www.hydraulic-cylinders.net\/wp-content\/uploads\/2025\/01\/hydraulic-cylinder-factory-1-scaled.webp 2016w, https:\/\/www.hydraulic-cylinders.net\/wp-content\/uploads\/2025\/01\/hydraulic-cylinder-factory-1-1280x1625.webp 1280w, https:\/\/www.hydraulic-cylinders.net\/wp-content\/uploads\/2025\/01\/hydraulic-cylinder-factory-1-980x1244.webp 980w, https:\/\/www.hydraulic-cylinders.net\/wp-content\/uploads\/2025\/01\/hydraulic-cylinder-factory-1-480x610.webp 480w\" sizes=\"(min-width: 0px) and (max-width: 480px) 480px, (min-width: 481px) and (max-width: 980px) 980px, (min-width: 981px) and (max-width: 1280px) 1280px, (min-width: 1281px) 2016px, 100vw\" \/><\/h2>\n<p>Meill\u00e4 on huippuluokan itsen\u00e4inen kokoonpanoon keskittynyt tutkimus- ja kehitysalusta, joka varmistaa huippuluokan innovaatiot ja laadun valmistusprosesseissamme. Trukkisylinterien tuotantolaitoksessamme on nelj\u00e4 puoliautomaattista nostosylinterien kokoonpanolinjaa ja t\u00e4ysautomaattinen kallistussylinterien kokoonpanolinja, jotka on yhteens\u00e4 suunniteltu tuottamaan jopa miljoona yksikk\u00f6\u00e4 vuodessa.<\/p>\n<p>Lis\u00e4ksi erikoissylinteriverstassamme on k\u00e4yt\u00f6ss\u00e4 erilaisiin tarpeisiin r\u00e4\u00e4t\u00e4l\u00f6idyt puoliautomaattiset puhdistus- ja kokoonpanoj\u00e4rjestelm\u00e4t, joiden vuotuinen tuotantokapasiteetti on 200 000 kappaletta. K\u00e4yt\u00e4mme tunnettuja CNC-laitteita, ty\u00f6st\u00f6keskuksia ja erikoisty\u00f6kaluja tarkkaan sylinterien ty\u00f6st\u00f6\u00f6n. Laitoksellamme on my\u00f6s edistykselliset robottihitsauskoneet, automaattiset puhdistusj\u00e4rjestelm\u00e4t sek\u00e4 t\u00e4ysin automatisoidut sylinterien kokoonpano- ja maalauslinjat. Yli 300 keskeisen laitteen toiminnassa ollessa optimoimme resurssien kohdentamisen ja varmistamme tehokkaan k\u00e4yt\u00f6n t\u00e4ytt\u00e4en tiukat tarkkuus- ja laatustandardit.<\/p>\n<p>Koneistamossamme on mittatilausty\u00f6n\u00e4 valmistetut kallistuskiskosorvauskeskukset, ty\u00f6st\u00f6keskukset, nopeat hoonauskoneet, hitsausrobotit ja muut t\u00e4rke\u00e4t laitteet. T\u00e4m\u00e4n laitteiston avulla voimme ty\u00f6st\u00e4\u00e4 enint\u00e4\u00e4n 400 mm:n sis\u00e4halkaisijan ja jopa 6 metrin pituisia sylinteriputkia, mik\u00e4 parantaa entisest\u00e4\u00e4n tuotantokapasiteettiamme.<\/p>\n<h2><img loading=\"lazy\" decoding=\"async\" class=\"alignnone size-full wp-image-16973\" src=\"https:\/\/www.hydraulic-cylinders.net\/wp-content\/uploads\/2025\/01\/hydraulic-cylinder-factory-2-scaled.webp\" alt=\"\" width=\"2011\" height=\"2560\" srcset=\"https:\/\/www.hydraulic-cylinders.net\/wp-content\/uploads\/2025\/01\/hydraulic-cylinder-factory-2-scaled.webp 2011w, https:\/\/www.hydraulic-cylinders.net\/wp-content\/uploads\/2025\/01\/hydraulic-cylinder-factory-2-1280x1629.webp 1280w, https:\/\/www.hydraulic-cylinders.net\/wp-content\/uploads\/2025\/01\/hydraulic-cylinder-factory-2-980x1248.webp 980w, https:\/\/www.hydraulic-cylinders.net\/wp-content\/uploads\/2025\/01\/hydraulic-cylinder-factory-2-480x611.webp 480w\" sizes=\"(min-width: 0px) and (max-width: 480px) 480px, (min-width: 481px) and (max-width: 980px) 980px, (min-width: 981px) and (max-width: 1280px) 1280px, (min-width: 1281px) 2011px, 100vw\" \/><\/h2>\n<p>K\u00e4yt\u00e4mme t\u00e4ysautomaattista vesipohjaisten maalien pinnoituslinjaa, joka on erityisesti suunniteltu pienille ja keskisuurille sylintereille. Linjassa on automaattiset lastaus-, purku- ja ruiskutusrobotit. T\u00e4m\u00e4n huippumodernin j\u00e4rjestelm\u00e4n tuotantokapasiteetti on 4 000 yksikk\u00f6\u00e4 vuorossa. Lis\u00e4ksi meill\u00e4 on puoliautomaattinen ketjuk\u00e4ytt\u00f6inen maalauslinja suurille sylintereille, jonka suunnittelukapasiteetti on 60 laatikkoa vuorossa.<\/p>\n<p>Parantaaksemme tuotteidemme suorituskyky\u00e4 ja vahvistaaksemme johtoasemaamme hydraulisylintereiden alalla olemme tehneet yhteisty\u00f6t\u00e4 ZJIMEE:n kanssa perustaaksemme kattavan suorituskykylaboratorion, joka on omistettu hydraulisylintereille, venttiileille ja pumpuille. T\u00e4m\u00e4 edistynyt laboratorio hy\u00f6dynt\u00e4\u00e4 tietokoneella avustettua testausta s\u00e4hk\u00f6hydraulisella teknologialla, mik\u00e4 mahdollistaa ennalta asetetut testiolosuhteet, jotka parantavat tarkkuutta ja j\u00e4rjestelm\u00e4n monipuolisuutta. Automaattinen tiedonkeruuprosessi k\u00e4ytt\u00e4\u00e4 antureita tulostietojen, kuten sis\u00e4isen vuodon ja kuormitustehokkuuden, ker\u00e4\u00e4miseen. Tietokone k\u00e4sittelee tiedot ja muuntaa ne standardiyksik\u00f6iksi (ml\/min%).<\/p>\n<p>Lis\u00e4ksi hydraulij\u00e4rjestelmiemme turvallisuuden varmistamiseksi toteutamme tilanvalvonnan t\u00e4rkeimmille suorituskykyparametreille, kuten \u00f6ljyn l\u00e4mp\u00f6tilalle, nestetasolle ja suodatinlaitteen tilalle. Hydraulisylinterien testitelineemme pystyy arvioimaan \"kuormitustehokkuutta\" ja \"sis\u00e4ist\u00e4 vuotoa\" tarkkojen lukemien avulla. Se on my\u00f6s varustettu ritil\u00e4mittauslaitteella, joka t\u00e4ytt\u00e4\u00e4 kansalliset standardit ja varmistaa kaikkien hydraulisylinterituotteiden testausvaatimusten noudattamisen.<\/p>\n<p>&nbsp;<\/p>","protected":false},"excerpt":{"rendered":"<p>Support Hydraulic Cylinders For Crawler Crane Our support hydraulic cylinders for crawler cranes are engineered for heavy-duty lifting and stabilization in demanding environments. Designed to support the truss arm structure, these cylinders ensure optimal stability and safety during high-load operations, making them ideal for crawler cranes used in construction, port operations, and industrial projects. With [&hellip;]<\/p>","protected":false},"featured_media":17072,"comment_status":"open","ping_status":"closed","template":"","meta":{"_et_pb_use_builder":"","_et_pb_old_content":"","_et_gb_content_width":""},"product_brand":[],"product_cat":[1514,1549,1376],"product_tag":[],"class_list":{"0":"post-17065","1":"product","2":"type-product","3":"status-publish","4":"has-post-thumbnail","6":"product_cat-mobile-crane-hydraulic-cylinders","7":"product_cat-single-acting-hydraulic-cylinder","8":"product_cat-hydraulic-cylinder","10":"first","11":"instock","12":"shipping-taxable","13":"product-type-simple"},"amp_enabled":true,"_links":{"self":[{"href":"https:\/\/www.hydraulic-cylinders.net\/fi\/wp-json\/wp\/v2\/product\/17065","targetHints":{"allow":["GET"]}}],"collection":[{"href":"https:\/\/www.hydraulic-cylinders.net\/fi\/wp-json\/wp\/v2\/product"}],"about":[{"href":"https:\/\/www.hydraulic-cylinders.net\/fi\/wp-json\/wp\/v2\/types\/product"}],"replies":[{"embeddable":true,"href":"https:\/\/www.hydraulic-cylinders.net\/fi\/wp-json\/wp\/v2\/comments?post=17065"}],"wp:featuredmedia":[{"embeddable":true,"href":"https:\/\/www.hydraulic-cylinders.net\/fi\/wp-json\/wp\/v2\/media\/17072"}],"wp:attachment":[{"href":"https:\/\/www.hydraulic-cylinders.net\/fi\/wp-json\/wp\/v2\/media?parent=17065"}],"wp:term":[{"taxonomy":"product_brand","embeddable":true,"href":"https:\/\/www.hydraulic-cylinders.net\/fi\/wp-json\/wp\/v2\/product_brand?post=17065"},{"taxonomy":"product_cat","embeddable":true,"href":"https:\/\/www.hydraulic-cylinders.net\/fi\/wp-json\/wp\/v2\/product_cat?post=17065"},{"taxonomy":"product_tag","embeddable":true,"href":"https:\/\/www.hydraulic-cylinders.net\/fi\/wp-json\/wp\/v2\/product_tag?post=17065"}],"curies":[{"name":"wp","href":"https:\/\/api.w.org\/{rel}","templated":true}]}}