{"id":17103,"date":"2025-02-06T08:21:09","date_gmt":"2025-02-06T08:21:09","guid":{"rendered":"https:\/\/www.hydraulic-cylinders.net\/?post_type=product&#038;p=17103"},"modified":"2025-04-11T01:52:19","modified_gmt":"2025-04-11T01:52:19","slug":"hcyy11112022-cylinder-for-opening-rack-support-for-truck-cranes","status":"publish","type":"product","link":"https:\/\/www.hydraulic-cylinders.net\/fi\/tuote\/hcyy11112022-cylinder-for-opening-rack-support-for-truck-cranes\/","title":{"rendered":"HCYY11112022 Sylinteri kuorma-autonostureiden avaustelineen tukeen"},"content":{"rendered":"<h1 style=\"text-align: center;\"><strong>HCYY11112022 Sylinteri kuorma-autonostureiden avaustelineen tukeen<\/strong><\/h1>\n<h1 style=\"text-align: center;\"><img loading=\"lazy\" decoding=\"async\" class=\"alignnone size-full wp-image-17105\" src=\"https:\/\/www.hydraulic-cylinders.net\/wp-content\/uploads\/2025\/02\/hcyy11112022-cylinder-for-opening-rack-support-2.webp\" alt=\"\" width=\"1496\" height=\"516\" srcset=\"https:\/\/www.hydraulic-cylinders.net\/wp-content\/uploads\/2025\/02\/hcyy11112022-cylinder-for-opening-rack-support-2.webp 1496w, https:\/\/www.hydraulic-cylinders.net\/wp-content\/uploads\/2025\/02\/hcyy11112022-cylinder-for-opening-rack-support-2-1280x441.webp 1280w, https:\/\/www.hydraulic-cylinders.net\/wp-content\/uploads\/2025\/02\/hcyy11112022-cylinder-for-opening-rack-support-2-980x338.webp 980w, https:\/\/www.hydraulic-cylinders.net\/wp-content\/uploads\/2025\/02\/hcyy11112022-cylinder-for-opening-rack-support-2-480x166.webp 480w\" sizes=\"(min-width: 0px) and (max-width: 480px) 480px, (min-width: 481px) and (max-width: 980px) 980px, (min-width: 981px) and (max-width: 1280px) 1280px, (min-width: 1281px) 1496px, 100vw\" \/><\/h1>\n<p>The <strong>HCYY11112022 Sylinteri<\/strong> on kuorma-autonostureille erityisesti suunniteltu t\u00e4rke\u00e4 komponentti, joka parantaa merkitt\u00e4v\u00e4sti niiden toiminnan tehokkuutta ja turvallisuutta. T\u00e4m\u00e4 sylinteri tukee avausmekanismia, mik\u00e4 helpottaa nosturin rakenteen sujuvaa ja luotettavaa liikett\u00e4 erilaisten nostoteht\u00e4vien aikana.<\/p>\n<p>HCYY11112022-sylinteri on suunniteltu parantamaan sek\u00e4 nostotehokkuutta ett\u00e4 turvallisuutta, ja siin\u00e4 on kest\u00e4v\u00e4 rakenne ja tehokas suorituskyky. Sen yksinkertainen asennusprosessi antaa k\u00e4ytt\u00e4jille mahdollisuuden hallita luottavaisin mielin erilaisia \u200b\u200bnostoteht\u00e4vi\u00e4.<\/p>\n<p>S\u00e4\u00e4nn\u00f6llinen huolto ja asianmukainen k\u00e4ytt\u00f6 ovat v\u00e4ltt\u00e4m\u00e4tt\u00f6mi\u00e4 sen varmistamiseksi, ett\u00e4 HCYY11112022 pysyy luotettavana voimavarana nosturitoiminnassasi. Investoimalla t\u00e4h\u00e4n sylinteriin parannat nosturisi ominaisuuksia, mik\u00e4 johtaa lis\u00e4\u00e4ntyneeseen tuottavuuteen ja turvallisuuteen ty\u00f6maalla. Nosta toimintasi uudelle tasolle HCYY11112022-sylinterill\u00e4 jo t\u00e4n\u00e4\u00e4n.<\/p>\n<h2><strong>HCYY11112022 Sylinteri kuorma-autonostureiden avaustelineen tuelle Parametri:<\/strong><\/h2>\n<h1 style=\"text-align: center;\"><img loading=\"lazy\" decoding=\"async\" class=\"alignnone size-full wp-image-17104\" src=\"https:\/\/www.hydraulic-cylinders.net\/wp-content\/uploads\/2025\/02\/hcyy11112022-cylinder-for-opening-rack-support-1.webp\" alt=\"\" width=\"1516\" height=\"149\" srcset=\"https:\/\/www.hydraulic-cylinders.net\/wp-content\/uploads\/2025\/02\/hcyy11112022-cylinder-for-opening-rack-support-1.webp 1516w, https:\/\/www.hydraulic-cylinders.net\/wp-content\/uploads\/2025\/02\/hcyy11112022-cylinder-for-opening-rack-support-1-1280x126.webp 1280w, https:\/\/www.hydraulic-cylinders.net\/wp-content\/uploads\/2025\/02\/hcyy11112022-cylinder-for-opening-rack-support-1-980x96.webp 980w, https:\/\/www.hydraulic-cylinders.net\/wp-content\/uploads\/2025\/02\/hcyy11112022-cylinder-for-opening-rack-support-1-480x47.webp 480w\" sizes=\"(min-width: 0px) and (max-width: 480px) 480px, (min-width: 481px) and (max-width: 980px) 980px, (min-width: 981px) and (max-width: 1280px) 1280px, (min-width: 1281px) 1516px, 100vw\" \/><img loading=\"lazy\" decoding=\"async\" class=\"alignnone size-full wp-image-17106\" src=\"https:\/\/www.hydraulic-cylinders.net\/wp-content\/uploads\/2025\/02\/hcyy11112022-cylinder-for-opening-rack-support-3.webp\" alt=\"\" width=\"1475\" height=\"709\" srcset=\"https:\/\/www.hydraulic-cylinders.net\/wp-content\/uploads\/2025\/02\/hcyy11112022-cylinder-for-opening-rack-support-3.webp 1475w, https:\/\/www.hydraulic-cylinders.net\/wp-content\/uploads\/2025\/02\/hcyy11112022-cylinder-for-opening-rack-support-3-1280x615.webp 1280w, https:\/\/www.hydraulic-cylinders.net\/wp-content\/uploads\/2025\/02\/hcyy11112022-cylinder-for-opening-rack-support-3-980x471.webp 980w, https:\/\/www.hydraulic-cylinders.net\/wp-content\/uploads\/2025\/02\/hcyy11112022-cylinder-for-opening-rack-support-3-480x231.webp 480w\" sizes=\"(min-width: 0px) and (max-width: 480px) 480px, (min-width: 481px) and (max-width: 980px) 980px, (min-width: 981px) and (max-width: 1280px) 1280px, (min-width: 1281px) 1475px, 100vw\" \/> <img loading=\"lazy\" decoding=\"async\" class=\"alignnone size-full wp-image-17107\" src=\"https:\/\/www.hydraulic-cylinders.net\/wp-content\/uploads\/2025\/02\/hcyy11112022-cylinder-for-opening-rack-support-4.webp\" alt=\"\" width=\"1477\" height=\"710\" srcset=\"https:\/\/www.hydraulic-cylinders.net\/wp-content\/uploads\/2025\/02\/hcyy11112022-cylinder-for-opening-rack-support-4.webp 1477w, https:\/\/www.hydraulic-cylinders.net\/wp-content\/uploads\/2025\/02\/hcyy11112022-cylinder-for-opening-rack-support-4-1280x615.webp 1280w, https:\/\/www.hydraulic-cylinders.net\/wp-content\/uploads\/2025\/02\/hcyy11112022-cylinder-for-opening-rack-support-4-980x471.webp 980w, https:\/\/www.hydraulic-cylinders.net\/wp-content\/uploads\/2025\/02\/hcyy11112022-cylinder-for-opening-rack-support-4-480x231.webp 480w\" sizes=\"(min-width: 0px) and (max-width: 480px) 480px, (min-width: 481px) and (max-width: 980px) 980px, (min-width: 981px) and (max-width: 1280px) 1280px, (min-width: 1281px) 1477px, 100vw\" \/> <img loading=\"lazy\" decoding=\"async\" class=\"alignnone size-full wp-image-17108\" src=\"https:\/\/www.hydraulic-cylinders.net\/wp-content\/uploads\/2025\/02\/hcyy11112022-cylinder-for-opening-rack-support-5.webp\" alt=\"\" width=\"1324\" height=\"665\" srcset=\"https:\/\/www.hydraulic-cylinders.net\/wp-content\/uploads\/2025\/02\/hcyy11112022-cylinder-for-opening-rack-support-5.webp 1324w, https:\/\/www.hydraulic-cylinders.net\/wp-content\/uploads\/2025\/02\/hcyy11112022-cylinder-for-opening-rack-support-5-1280x643.webp 1280w, https:\/\/www.hydraulic-cylinders.net\/wp-content\/uploads\/2025\/02\/hcyy11112022-cylinder-for-opening-rack-support-5-980x492.webp 980w, https:\/\/www.hydraulic-cylinders.net\/wp-content\/uploads\/2025\/02\/hcyy11112022-cylinder-for-opening-rack-support-5-480x241.webp 480w\" sizes=\"(min-width: 0px) and (max-width: 480px) 480px, (min-width: 481px) and (max-width: 980px) 980px, (min-width: 981px) and (max-width: 1280px) 1280px, (min-width: 1281px) 1324px, 100vw\" \/><\/h1>\n<h2><strong>Kuorma-autonostureiden sylinterisarja:<\/strong><\/h2>\n<h2><img loading=\"lazy\" decoding=\"async\" class=\"alignnone size-full wp-image-17099\" src=\"https:\/\/www.hydraulic-cylinders.net\/wp-content\/uploads\/2025\/02\/cylinder-series-for-truck-cranes-1.webp\" alt=\"\" width=\"1246\" height=\"671\" srcset=\"https:\/\/www.hydraulic-cylinders.net\/wp-content\/uploads\/2025\/02\/cylinder-series-for-truck-cranes-1.webp 1246w, https:\/\/www.hydraulic-cylinders.net\/wp-content\/uploads\/2025\/02\/cylinder-series-for-truck-cranes-1-980x528.webp 980w, https:\/\/www.hydraulic-cylinders.net\/wp-content\/uploads\/2025\/02\/cylinder-series-for-truck-cranes-1-480x258.webp 480w\" sizes=\"(min-width: 0px) and (max-width: 480px) 480px, (min-width: 481px) and (max-width: 980px) 980px, (min-width: 981px) 1246px, 100vw\" \/><\/h2>\n<h2><strong>HCYY11112022-sylinterin t\u00e4rkeimm\u00e4t ominaisuudet kuorma-autonostureiden avaustelineen tukemiseen:<\/strong><\/h2>\n<p>The <strong>HCYY11112022 Sylinteri<\/strong> on korvaamaton komponentti, joka on suunniteltu erityisesti kuorma-autonostureille ja joka parantaa merkitt\u00e4v\u00e4sti toiminnan tehokkuutta ja turvallisuutta. T\u00e4ll\u00e4 edistyneell\u00e4 sylinterill\u00e4 on t\u00e4rke\u00e4 rooli avausmekanismin tukemisessa, mik\u00e4 on ratkaisevan t\u00e4rke\u00e4\u00e4 nosturin rakenteen sujuvan ja luotettavan liikkeen mahdollistamiseksi erilaisissa nostoteht\u00e4viss\u00e4.<\/p>\n<h4><strong>Parannettu tehokkuus ja turvallisuus<\/strong><\/h4>\n<p>Tarkasti suunniteltu HCYY11112022-sylinteri maksimoi sek\u00e4 nostotehokkuuden ett\u00e4 turvallisuuden. Sen kest\u00e4v\u00e4 rakenne kest\u00e4\u00e4 raskaita kuormia ja haastavia olosuhteita varmistaen, ett\u00e4 nosturi toimii sujuvasti my\u00f6s paineen alla. T\u00e4m\u00e4 luotettavuus tarkoittaa parempaa suorituskyky\u00e4 ty\u00f6maalla, jolloin k\u00e4ytt\u00e4j\u00e4t voivat suorittaa teht\u00e4v\u00e4t nopeasti ja tehokkaasti samalla minimoiden onnettomuusriskin.<\/p>\n<h4><strong>Virtaviivaistettu asennusprosessi<\/strong><\/h4>\n<p>Yksi HCYY11112022:n erottuvista ominaisuuksista on sen suoraviivainen asennusprosessi. K\u00e4ytt\u00e4j\u00e4t voivat helposti asentaa sylinterin ilman laajaa koulutusta tai erikoisty\u00f6kaluja. T\u00e4m\u00e4 helppo asennus ei ainoastaan \u200b\u200bs\u00e4\u00e4st\u00e4 aikaa, vaan antaa k\u00e4ytt\u00e4jille my\u00f6s mahdollisuuden hallita erilaisia \u200b\u200bnostoteht\u00e4vi\u00e4 luottavaisin mielin. Kun sylinteri on paikallaan, k\u00e4ytt\u00e4j\u00e4t voivat keskitty\u00e4 ty\u00f6h\u00f6ns\u00e4 sen sijaan, ett\u00e4 he murehtisivat laitteiden suorituskyvyst\u00e4.<\/p>\n<h4><strong>S\u00e4\u00e4nn\u00f6llisen huollon t\u00e4rkeys<\/strong><\/h4>\n<p>Jotta HCYY11112022 pysyy luotettavana resurssina nosturitoiminnassasi, s\u00e4\u00e4nn\u00f6llinen huolto ja asianmukainen k\u00e4ytt\u00f6 ovat v\u00e4ltt\u00e4m\u00e4tt\u00f6mi\u00e4. Rutiinitarkastukset auttavat tunnistamaan mahdolliset ongelmat ennen kuin ne pahenevat, mik\u00e4 mahdollistaa oikea-aikaiset korjaukset. Sylinterin pit\u00e4minen puhtaana ja hyvin voideltuna est\u00e4\u00e4 kulumista ja varmistaa pitk\u00e4aikaisen toimivuuden. Hyvin huollettu sylinteri ei ainoastaan \u200b\u200bparanna suorituskyky\u00e4, vaan my\u00f6s pident\u00e4\u00e4 nosturin k\u00e4ytt\u00f6ik\u00e4\u00e4, mik\u00e4 tekee siit\u00e4 viisaan investoinnin mihin tahansa toimintaan.<\/p>\n<h4><strong>Tuottavuuden ja turvallisuuden parantaminen<\/strong><\/h4>\n<p>HCYY11112022-sylinteriin investoiminen tarkoittaa nosturin ominaisuuksien parantamista, mik\u00e4 johtaa tuottavuuden kasvuun ja turvallisuuden paranemiseen ty\u00f6maalla. T\u00e4m\u00e4n luotettavan komponentin avulla k\u00e4ytt\u00e4j\u00e4t voivat selviyty\u00e4 vaativista nostoteht\u00e4vist\u00e4 luottavaisin mielin tiet\u00e4en, ett\u00e4 heill\u00e4 on tarvitsemansa tuki. Tuloksena on turvallisempi ty\u00f6ymp\u00e4rist\u00f6, jossa riskit minimoidaan ja tehokkuus maksimoidaan.<\/p>\n<p>Nosta toimintasi uudelle tasolle HCYY11112022-sylinterill\u00e4 jo t\u00e4n\u00e4\u00e4n. Integroimalla t\u00e4m\u00e4n korkealaatuisen komponentin kuorma-autonosturiisi et ainoastaan \u200b\u200bparanna sen suorituskyky\u00e4, vaan varmistat my\u00f6s turvallisemman ja tehokkaamman ty\u00f6ymp\u00e4rist\u00f6n. Kest\u00e4v\u00e4n rakenteen, helpon asennuksen ja huollon t\u00e4rkeyden yhdistelm\u00e4 tekee HCYY11112022:sta \u00e4lykk\u00e4\u00e4n valinnan kaikille nosturinkuljettajille, jotka haluavat parantaa tuottavuutta ja turvallisuutta ty\u00f6maalla. \u00c4l\u00e4 missaa tilaisuutta mullistaa nosturisi ominaisuuksia \u2013 investoi HCYY11112022-sylinteriin nyt.<\/p>\n<h2><strong>Mit\u00e4 huoltoa on v\u00e4ltt\u00e4m\u00e4t\u00f6nt\u00e4 Hcyy11112022-sylinterille telinetuen avaamiseksi?<\/strong><\/h2>\n<div id=\"message-340223452933\" class=\"ChatMessage_chatMessage__xkgHx\" data-complete=\"true\">\n<div class=\"ChatMessage_messageRow__DHlnq\">\n<div class=\"ChatMessage_messageWrapper__4Ugd6\">\n<div class=\"Message_rowWithFooter__FShU6\">\n<div class=\"Message_row__ug_UU\">\n<div class=\"Message_messageBubbleWrapper__sEq8z\">\n<div class=\"Message_leftSideMessageBubble__VPdk6\">\n<div class=\"Message_messageTextContainer__w64Sc\">\n<div>\n<div class=\"Markdown_markdownContainer__Tz3HQ\">\n<p>Optimaalisen suorituskyvyn varmistamiseksi <strong>HCYY11112022 Sylinteri telineen avaamiseen<\/strong> kuorma-autonostureissa on otettava huomioon seuraavat olennaiset huoltok\u00e4yt\u00e4nn\u00f6t:<\/p>\n<h4><strong>1. S\u00e4\u00e4nn\u00f6lliset tarkastukset<\/strong><\/h4>\n<p>S\u00e4\u00e4nn\u00f6llisten tarkastusten suorittaminen on avain ennakoivaan huoltoon. Aikatauluta rutiinitarkastukset kulumisen, vuotojen tai vaurioiden varalta sylinteriss\u00e4 ja sit\u00e4 ymp\u00e4r\u00f6iviss\u00e4 osissa. Ongelmien varhainen havaitseminen voi est\u00e4\u00e4 kalliita korjauksia ja varmistaa turvallisen k\u00e4yt\u00f6n. K\u00e4yt\u00e4 tarkistuslistaa tarkastustulosten seuraamiseen, mik\u00e4 helpottaa s\u00e4\u00e4nn\u00f6nmukaisuuksien tai toistuvien ongelmien tunnistamista.<\/p>\n<h4><strong>2. Voitelu<\/strong><\/h4>\n<p>Oikea voitelu on elint\u00e4rke\u00e4\u00e4 kitkan v\u00e4hent\u00e4miseksi ja sylinterin ja sen liikkuvien osien k\u00e4ytt\u00f6i\u00e4n pident\u00e4miseksi. K\u00e4yt\u00e4 valmistajan suosittelemaa voiteluainetta ja levit\u00e4 sit\u00e4 kriittisille alueille, kuten m\u00e4nn\u00e4nvarteen ja niveliin. Laadi voiteluaikataulu varmistaaksesi tasaisen voitelun. Hyvin voideltu sylinteri toimii tasaisesti, mik\u00e4 parantaa suorituskyky\u00e4 ja v\u00e4hent\u00e4\u00e4 mekaanisten vikojen riski\u00e4.<\/p>\n<h4><strong>3. Hydraulinesteiden tarkistukset<\/strong><\/h4>\n<p>Hydraulinesteen laatu on ratkaisevan t\u00e4rke\u00e4\u00e4 sylinterin toiminnan kannalta. Tarkkaile nestetasoja s\u00e4\u00e4nn\u00f6llisesti ja tarkista, ettei siin\u00e4 ole ep\u00e4puhtauksia tai pilaantumista. Jos neste n\u00e4ytt\u00e4\u00e4 likaiselta tai sill\u00e4 on pahanhajuinen haju, on aika vaihtaa se. Puhtaan ja riitt\u00e4v\u00e4n hydraulinesteen yll\u00e4pit\u00e4minen ei ainoastaan \u200b\u200btue tehokasta toimintaa, vaan my\u00f6s suojaa koko hydraulij\u00e4rjestelm\u00e4\u00e4 vaurioilta.<\/p>\n<h4><strong>4. Pulttien ja liitosten kirist\u00e4minen<\/strong><\/h4>\n<p>Kaikkien liitosten tiukan varmistaminen on t\u00e4rke\u00e4\u00e4 vuotojen est\u00e4miseksi ja rakenteellisen eheyden yll\u00e4pit\u00e4miseksi. Tarkista ja kirist\u00e4 pultit ja liittimet s\u00e4\u00e4nn\u00f6llisesti, erityisesti raskaan k\u00e4yt\u00f6n tai s\u00e4\u00e4t\u00f6jen j\u00e4lkeen. T\u00e4m\u00e4 yksinkertainen vaihe voi parantaa merkitt\u00e4v\u00e4sti turvallisuutta ja suorituskyky\u00e4, sill\u00e4 l\u00f6ys\u00e4t osat voivat johtaa vakaviin vikoihin.<\/p>\n<h4><strong>5. Puhdistus<\/strong><\/h4>\n<p>Sylinterin ja sen osien pit\u00e4minen puhtaina on elint\u00e4rke\u00e4\u00e4 vaurioiden ehk\u00e4isemiseksi. Pyyhi pinnat s\u00e4\u00e4nn\u00f6llisesti liasta, p\u00f6lyst\u00e4 ja roskista, jotka voivat aiheuttaa kulumista. Puhdas ty\u00f6ymp\u00e4rist\u00f6 ei ainoastaan \u200b\u200bparanna n\u00e4kyvyytt\u00e4 tarkastuksia varten, vaan auttaa my\u00f6s tunnistamaan mahdolliset ongelmat ennen kuin ne pahenevat.<\/p>\n<h4><strong>6. Toiminnallisuuden testaus<\/strong><\/h4>\n<p>Sylinterin toiminnan s\u00e4\u00e4nn\u00f6llinen testaaminen on ratkaisevan t\u00e4rke\u00e4\u00e4 sen varmistamiseksi, ett\u00e4 se reagoi oikein ja tehokkaasti. Suorita toiminnallisuustestej\u00e4 havaitaksesi, miten sylinteri k\u00e4ytt\u00e4ytyy kuormituksen alaisena ja liikkeen aikana. T\u00e4m\u00e4 ennakoiva l\u00e4hestymistapa voi paljastaa mahdolliset toiminnan ep\u00e4johdonmukaisuudet, jolloin voit korjata ne ennen kuin ne vaikuttavat suorituskykyyn.<\/p>\n<h4><strong>7. Dokumentaatio<\/strong><\/h4>\n<p>Kaikkien huoltotoimien yksityiskohtaisten tietojen yll\u00e4pit\u00e4minen on olennaista sylinterin kunnon seuraamiseksi ajan kuluessa. Dokumentoi tarkastukset, voitelut, nesteiden vaihdot ja korjaukset. N\u00e4m\u00e4 tiedot voivat auttaa tunnistamaan trendej\u00e4, mik\u00e4 helpottaa tulevien huoltotarpeiden ennakointia ja varmistaa, ettei mit\u00e4\u00e4n j\u00e4\u00e4 huomaamatta.<\/p>\n<p>N\u00e4it\u00e4 k\u00e4yt\u00e4nt\u00f6j\u00e4 noudattamalla voit parantaa HCYY11112022-sylinterin k\u00e4ytt\u00f6ik\u00e4\u00e4 ja luotettavuutta varmistaen nosturin turvallisen ja tehokkaan toiminnan. S\u00e4\u00e4nn\u00f6llinen huolto ei ainoastaan \u200b\u200bsuojaa investointiasi, vaan edist\u00e4\u00e4 my\u00f6s turvallisempaa ty\u00f6ymp\u00e4rist\u00f6\u00e4 kaikille asianosaisille.<\/p>\n<\/div>\n<\/div>\n<\/div>\n<\/div>\n<\/div>\n<\/div>\n<\/div>\n<\/div>\n<\/div>\n<\/div>\n<h2><strong>Trukin sylinterin tuotantoalue:<\/strong><\/h2>\n<h2><img loading=\"lazy\" decoding=\"async\" class=\"alignnone size-full wp-image-16972\" src=\"https:\/\/www.hydraulic-cylinders.net\/wp-content\/uploads\/2025\/01\/hydraulic-cylinder-factory-1-scaled.webp\" alt=\"\" width=\"2016\" height=\"2560\" srcset=\"https:\/\/www.hydraulic-cylinders.net\/wp-content\/uploads\/2025\/01\/hydraulic-cylinder-factory-1-scaled.webp 2016w, https:\/\/www.hydraulic-cylinders.net\/wp-content\/uploads\/2025\/01\/hydraulic-cylinder-factory-1-1280x1625.webp 1280w, https:\/\/www.hydraulic-cylinders.net\/wp-content\/uploads\/2025\/01\/hydraulic-cylinder-factory-1-980x1244.webp 980w, https:\/\/www.hydraulic-cylinders.net\/wp-content\/uploads\/2025\/01\/hydraulic-cylinder-factory-1-480x610.webp 480w\" sizes=\"(min-width: 0px) and (max-width: 480px) 480px, (min-width: 481px) and (max-width: 980px) 980px, (min-width: 981px) and (max-width: 1280px) 1280px, (min-width: 1281px) 2016px, 100vw\" \/><\/h2>\n<p>Meill\u00e4 on huippuluokan itsen\u00e4inen kokoonpanoon keskittynyt tutkimus- ja kehitysalusta, joka varmistaa huippuluokan innovaatiot ja laadun valmistusprosesseissamme. Trukkisylinterien tuotantolaitoksessamme on nelj\u00e4 puoliautomaattista nostosylinterien kokoonpanolinjaa ja t\u00e4ysautomaattinen kallistussylinterien kokoonpanolinja, jotka on yhteens\u00e4 suunniteltu tuottamaan jopa miljoona yksikk\u00f6\u00e4 vuodessa.<\/p>\n<p>Lis\u00e4ksi erikoissylinteriverstassamme on k\u00e4yt\u00f6ss\u00e4 erilaisiin tarpeisiin r\u00e4\u00e4t\u00e4l\u00f6idyt puoliautomaattiset puhdistus- ja kokoonpanoj\u00e4rjestelm\u00e4t, joiden vuotuinen tuotantokapasiteetti on 200 000 kappaletta. K\u00e4yt\u00e4mme tunnettuja CNC-laitteita, ty\u00f6st\u00f6keskuksia ja erikoisty\u00f6kaluja tarkkaan sylinterien ty\u00f6st\u00f6\u00f6n. Laitoksellamme on my\u00f6s edistykselliset robottihitsauskoneet, automaattiset puhdistusj\u00e4rjestelm\u00e4t sek\u00e4 t\u00e4ysin automatisoidut sylinterien kokoonpano- ja maalauslinjat. Yli 300 keskeisen laitteen toiminnassa ollessa optimoimme resurssien kohdentamisen ja varmistamme tehokkaan k\u00e4yt\u00f6n t\u00e4ytt\u00e4en tiukat tarkkuus- ja laatustandardit.<\/p>\n<p>Koneistamossamme on mittatilausty\u00f6n\u00e4 valmistetut kallistuskiskosorvauskeskukset, ty\u00f6st\u00f6keskukset, nopeat hoonauskoneet, hitsausrobotit ja muut t\u00e4rke\u00e4t laitteet. T\u00e4m\u00e4n laitteiston avulla voimme ty\u00f6st\u00e4\u00e4 enint\u00e4\u00e4n 400 mm:n sis\u00e4halkaisijan ja jopa 6 metrin pituisia sylinteriputkia, mik\u00e4 parantaa entisest\u00e4\u00e4n tuotantokapasiteettiamme.<\/p>\n<h2><img loading=\"lazy\" decoding=\"async\" class=\"alignnone size-full wp-image-16973\" src=\"https:\/\/www.hydraulic-cylinders.net\/wp-content\/uploads\/2025\/01\/hydraulic-cylinder-factory-2-scaled.webp\" alt=\"\" width=\"2011\" height=\"2560\" srcset=\"https:\/\/www.hydraulic-cylinders.net\/wp-content\/uploads\/2025\/01\/hydraulic-cylinder-factory-2-scaled.webp 2011w, https:\/\/www.hydraulic-cylinders.net\/wp-content\/uploads\/2025\/01\/hydraulic-cylinder-factory-2-1280x1629.webp 1280w, https:\/\/www.hydraulic-cylinders.net\/wp-content\/uploads\/2025\/01\/hydraulic-cylinder-factory-2-980x1248.webp 980w, https:\/\/www.hydraulic-cylinders.net\/wp-content\/uploads\/2025\/01\/hydraulic-cylinder-factory-2-480x611.webp 480w\" sizes=\"(min-width: 0px) and (max-width: 480px) 480px, (min-width: 481px) and (max-width: 980px) 980px, (min-width: 981px) and (max-width: 1280px) 1280px, (min-width: 1281px) 2011px, 100vw\" \/><\/h2>\n<p>K\u00e4yt\u00e4mme t\u00e4ysautomaattista vesipohjaisten maalien pinnoituslinjaa, joka on erityisesti suunniteltu pienille ja keskisuurille sylintereille. Linjassa on automaattiset lastaus-, purku- ja ruiskutusrobotit. T\u00e4m\u00e4n huippumodernin j\u00e4rjestelm\u00e4n tuotantokapasiteetti on 4 000 yksikk\u00f6\u00e4 vuorossa. Lis\u00e4ksi meill\u00e4 on puoliautomaattinen ketjuk\u00e4ytt\u00f6inen maalauslinja suurille sylintereille, jonka suunnittelukapasiteetti on 60 laatikkoa vuorossa.<\/p>\n<p>Parantaaksemme tuotteidemme suorituskyky\u00e4 ja vahvistaaksemme johtoasemaamme hydraulisylintereiden alalla olemme tehneet yhteisty\u00f6t\u00e4 ZJIMEE:n kanssa perustaaksemme kattavan suorituskykylaboratorion, joka on omistettu hydraulisylintereille, venttiileille ja pumpuille. T\u00e4m\u00e4 edistynyt laboratorio hy\u00f6dynt\u00e4\u00e4 tietokoneella avustettua testausta s\u00e4hk\u00f6hydraulisella teknologialla, mik\u00e4 mahdollistaa ennalta asetetut testiolosuhteet, jotka parantavat tarkkuutta ja j\u00e4rjestelm\u00e4n monipuolisuutta. Automaattinen tiedonkeruuprosessi k\u00e4ytt\u00e4\u00e4 antureita tulostietojen, kuten sis\u00e4isen vuodon ja kuormitustehokkuuden, ker\u00e4\u00e4miseen. Tietokone k\u00e4sittelee tiedot ja muuntaa ne standardiyksik\u00f6iksi (ml\/min%).<\/p>\n<p>Lis\u00e4ksi hydraulij\u00e4rjestelmiemme turvallisuuden varmistamiseksi toteutamme tilanvalvonnan t\u00e4rkeimmille suorituskykyparametreille, kuten \u00f6ljyn l\u00e4mp\u00f6tilalle, nestetasolle ja suodatinlaitteen tilalle. Hydraulisylinterien testitelineemme pystyy arvioimaan \"kuormitustehokkuutta\" ja \"sis\u00e4ist\u00e4 vuotoa\" tarkkojen lukemien avulla. Se on my\u00f6s varustettu ritil\u00e4mittauslaitteella, joka t\u00e4ytt\u00e4\u00e4 kansalliset standardit ja varmistaa kaikkien hydraulisylinterituotteiden testausvaatimusten noudattamisen.<\/p>\n<p>&nbsp;<\/p>","protected":false},"excerpt":{"rendered":"<p>HCYY11112022 Cylinder For Opening Rack Support For Truck Cranes The HCYY11112022 Cylinder is a crucial component specifically engineered for truck cranes, significantly improving their operational efficiency and safety. This cylinder supports the opening rack mechanism, facilitating smooth and reliable movement of the crane&#8217;s structure during various lifting tasks. Designed to enhance both lifting efficiency and [&hellip;]<\/p>","protected":false},"featured_media":17109,"comment_status":"open","ping_status":"closed","template":"","meta":{"_et_pb_use_builder":"","_et_pb_old_content":"","_et_gb_content_width":""},"product_brand":[],"product_cat":[1514,1549,1376],"product_tag":[],"class_list":{"0":"post-17103","1":"product","2":"type-product","3":"status-publish","4":"has-post-thumbnail","6":"product_cat-mobile-crane-hydraulic-cylinders","7":"product_cat-single-acting-hydraulic-cylinder","8":"product_cat-hydraulic-cylinder","10":"first","11":"instock","12":"shipping-taxable","13":"product-type-simple"},"amp_enabled":true,"_links":{"self":[{"href":"https:\/\/www.hydraulic-cylinders.net\/fi\/wp-json\/wp\/v2\/product\/17103","targetHints":{"allow":["GET"]}}],"collection":[{"href":"https:\/\/www.hydraulic-cylinders.net\/fi\/wp-json\/wp\/v2\/product"}],"about":[{"href":"https:\/\/www.hydraulic-cylinders.net\/fi\/wp-json\/wp\/v2\/types\/product"}],"replies":[{"embeddable":true,"href":"https:\/\/www.hydraulic-cylinders.net\/fi\/wp-json\/wp\/v2\/comments?post=17103"}],"wp:featuredmedia":[{"embeddable":true,"href":"https:\/\/www.hydraulic-cylinders.net\/fi\/wp-json\/wp\/v2\/media\/17109"}],"wp:attachment":[{"href":"https:\/\/www.hydraulic-cylinders.net\/fi\/wp-json\/wp\/v2\/media?parent=17103"}],"wp:term":[{"taxonomy":"product_brand","embeddable":true,"href":"https:\/\/www.hydraulic-cylinders.net\/fi\/wp-json\/wp\/v2\/product_brand?post=17103"},{"taxonomy":"product_cat","embeddable":true,"href":"https:\/\/www.hydraulic-cylinders.net\/fi\/wp-json\/wp\/v2\/product_cat?post=17103"},{"taxonomy":"product_tag","embeddable":true,"href":"https:\/\/www.hydraulic-cylinders.net\/fi\/wp-json\/wp\/v2\/product_tag?post=17103"}],"curies":[{"name":"wp","href":"https:\/\/api.w.org\/{rel}","templated":true}]}}