{"id":17116,"date":"2025-02-06T08:54:50","date_gmt":"2025-02-06T08:54:50","guid":{"rendered":"https:\/\/www.hydraulic-cylinders.net\/?post_type=product&#038;p=17116"},"modified":"2025-04-11T01:52:13","modified_gmt":"2025-04-11T01:52:13","slug":"hcyy11112024-front-cylinder-for-opening-rack-support-for-truck-cranes","status":"publish","type":"product","link":"https:\/\/www.hydraulic-cylinders.net\/fi\/tuote\/hcyy11112024-front-cylinder-for-opening-rack-support-for-truck-cranes\/","title":{"rendered":"HCYY11112024 Etusylinteri kuorma-autonostureiden avaustelineen tukeen"},"content":{"rendered":"<h1 style=\"text-align: center;\"><strong>HCYY11112024 Etusylinteri kuorma-autonostureiden avaustelineen tukeen\u00a0<\/strong><\/h1>\n<h1 style=\"text-align: center;\"><strong><img loading=\"lazy\" decoding=\"async\" class=\"alignnone size-full wp-image-17118\" src=\"https:\/\/www.hydraulic-cylinders.net\/wp-content\/uploads\/2025\/02\/hcyy11112024-front-cylinder-for-opening-rack-support-2.webp\" alt=\"\" width=\"1495\" height=\"519\" srcset=\"https:\/\/www.hydraulic-cylinders.net\/wp-content\/uploads\/2025\/02\/hcyy11112024-front-cylinder-for-opening-rack-support-2.webp 1495w, https:\/\/www.hydraulic-cylinders.net\/wp-content\/uploads\/2025\/02\/hcyy11112024-front-cylinder-for-opening-rack-support-2-1280x444.webp 1280w, https:\/\/www.hydraulic-cylinders.net\/wp-content\/uploads\/2025\/02\/hcyy11112024-front-cylinder-for-opening-rack-support-2-980x340.webp 980w, https:\/\/www.hydraulic-cylinders.net\/wp-content\/uploads\/2025\/02\/hcyy11112024-front-cylinder-for-opening-rack-support-2-480x167.webp 480w\" sizes=\"(min-width: 0px) and (max-width: 480px) 480px, (min-width: 481px) and (max-width: 980px) 980px, (min-width: 981px) and (max-width: 1280px) 1280px, (min-width: 1281px) 1495px, 100vw\" \/><\/strong><\/h1>\n<p>The <strong>HCYY11112024 Etusylinteri<\/strong> on elint\u00e4rke\u00e4 komponentti, joka on suunniteltu erityisesti kuorma-autonostureille. T\u00e4m\u00e4 tehokas sylinteri tarjoaa vankan tuen avaushyllylle, mik\u00e4 parantaa merkitt\u00e4v\u00e4sti sek\u00e4 toiminnan tehokkuutta ett\u00e4 turvallisuutta. Edistyksellisen rakenteensa ansiosta HCYY11112024 vastaa raskaiden nostoteht\u00e4vien vaativiin haasteisiin, mik\u00e4 tekee siit\u00e4 luotettavan valinnan eri teollisuudenalojen k\u00e4ytt\u00e4jille.<\/p>\n<p>HCYY11112024:n keskeisi\u00e4 ominaisuuksia ovat sen suuri kuormituskapasiteetti, kest\u00e4v\u00e4 rakenne ja tarkka suunnittelu. Sylinterin korroosionkest\u00e4v\u00e4t ominaisuudet takaavat pitk\u00e4n k\u00e4ytt\u00f6i\u00e4n, ja sen helppo asennusprosessi tekee siit\u00e4 olennaisen ty\u00f6kalun kaikissa kuorma-autonostureissa.<\/p>\n<p>T\u00e4m\u00e4n kriittisen komponentin suorituskyvyn maksimoimiseksi ja k\u00e4ytt\u00f6i\u00e4n pident\u00e4miseksi k\u00e4ytt\u00e4jien tulisi huoltaa ja tarkastaa laitetta s\u00e4\u00e4nn\u00f6llisesti. Valitsemalla HCYY11112024:n parannat nosturisi ominaisuuksia ja varmistat luotettavan suorituskyvyn kent\u00e4ll\u00e4.<\/p>\n<h2><strong>HCYY11112024 Etusylinteri kuorma-autonostureiden avaustelineen tuelle Parametri:<\/strong><\/h2>\n<h1 style=\"text-align: center;\"><strong><img loading=\"lazy\" decoding=\"async\" class=\"alignnone size-full wp-image-17117\" src=\"https:\/\/www.hydraulic-cylinders.net\/wp-content\/uploads\/2025\/02\/hcyy11112024-front-cylinder-for-opening-rack-support-1.webp\" alt=\"\" width=\"1514\" height=\"147\" srcset=\"https:\/\/www.hydraulic-cylinders.net\/wp-content\/uploads\/2025\/02\/hcyy11112024-front-cylinder-for-opening-rack-support-1.webp 1514w, https:\/\/www.hydraulic-cylinders.net\/wp-content\/uploads\/2025\/02\/hcyy11112024-front-cylinder-for-opening-rack-support-1-1280x124.webp 1280w, https:\/\/www.hydraulic-cylinders.net\/wp-content\/uploads\/2025\/02\/hcyy11112024-front-cylinder-for-opening-rack-support-1-980x95.webp 980w, https:\/\/www.hydraulic-cylinders.net\/wp-content\/uploads\/2025\/02\/hcyy11112024-front-cylinder-for-opening-rack-support-1-480x47.webp 480w\" sizes=\"(min-width: 0px) and (max-width: 480px) 480px, (min-width: 481px) and (max-width: 980px) 980px, (min-width: 981px) and (max-width: 1280px) 1280px, (min-width: 1281px) 1514px, 100vw\" \/><\/strong><\/h1>\n<h1 style=\"text-align: center;\"><strong> <img loading=\"lazy\" decoding=\"async\" class=\"alignnone size-full wp-image-17119\" src=\"https:\/\/www.hydraulic-cylinders.net\/wp-content\/uploads\/2025\/02\/hcyy11112024-front-cylinder-for-opening-rack-support-3.webp\" alt=\"\" width=\"1481\" height=\"710\" srcset=\"https:\/\/www.hydraulic-cylinders.net\/wp-content\/uploads\/2025\/02\/hcyy11112024-front-cylinder-for-opening-rack-support-3.webp 1481w, https:\/\/www.hydraulic-cylinders.net\/wp-content\/uploads\/2025\/02\/hcyy11112024-front-cylinder-for-opening-rack-support-3-1280x614.webp 1280w, https:\/\/www.hydraulic-cylinders.net\/wp-content\/uploads\/2025\/02\/hcyy11112024-front-cylinder-for-opening-rack-support-3-980x470.webp 980w, https:\/\/www.hydraulic-cylinders.net\/wp-content\/uploads\/2025\/02\/hcyy11112024-front-cylinder-for-opening-rack-support-3-480x230.webp 480w\" sizes=\"(min-width: 0px) and (max-width: 480px) 480px, (min-width: 481px) and (max-width: 980px) 980px, (min-width: 981px) and (max-width: 1280px) 1280px, (min-width: 1281px) 1481px, 100vw\" \/> <img loading=\"lazy\" decoding=\"async\" class=\"alignnone size-full wp-image-17120\" src=\"https:\/\/www.hydraulic-cylinders.net\/wp-content\/uploads\/2025\/02\/hcyy11112024-front-cylinder-for-opening-rack-support-4.webp\" alt=\"\" width=\"1477\" height=\"707\" srcset=\"https:\/\/www.hydraulic-cylinders.net\/wp-content\/uploads\/2025\/02\/hcyy11112024-front-cylinder-for-opening-rack-support-4.webp 1477w, https:\/\/www.hydraulic-cylinders.net\/wp-content\/uploads\/2025\/02\/hcyy11112024-front-cylinder-for-opening-rack-support-4-1280x613.webp 1280w, https:\/\/www.hydraulic-cylinders.net\/wp-content\/uploads\/2025\/02\/hcyy11112024-front-cylinder-for-opening-rack-support-4-980x469.webp 980w, https:\/\/www.hydraulic-cylinders.net\/wp-content\/uploads\/2025\/02\/hcyy11112024-front-cylinder-for-opening-rack-support-4-480x230.webp 480w\" sizes=\"(min-width: 0px) and (max-width: 480px) 480px, (min-width: 481px) and (max-width: 980px) 980px, (min-width: 981px) and (max-width: 1280px) 1280px, (min-width: 1281px) 1477px, 100vw\" \/> <img loading=\"lazy\" decoding=\"async\" class=\"alignnone size-full wp-image-17121\" src=\"https:\/\/www.hydraulic-cylinders.net\/wp-content\/uploads\/2025\/02\/hcyy11112024-front-cylinder-for-opening-rack-support-5.webp\" alt=\"\" width=\"1381\" height=\"712\" srcset=\"https:\/\/www.hydraulic-cylinders.net\/wp-content\/uploads\/2025\/02\/hcyy11112024-front-cylinder-for-opening-rack-support-5.webp 1381w, https:\/\/www.hydraulic-cylinders.net\/wp-content\/uploads\/2025\/02\/hcyy11112024-front-cylinder-for-opening-rack-support-5-1280x660.webp 1280w, https:\/\/www.hydraulic-cylinders.net\/wp-content\/uploads\/2025\/02\/hcyy11112024-front-cylinder-for-opening-rack-support-5-980x505.webp 980w, https:\/\/www.hydraulic-cylinders.net\/wp-content\/uploads\/2025\/02\/hcyy11112024-front-cylinder-for-opening-rack-support-5-480x247.webp 480w\" sizes=\"(min-width: 0px) and (max-width: 480px) 480px, (min-width: 481px) and (max-width: 980px) 980px, (min-width: 981px) and (max-width: 1280px) 1280px, (min-width: 1281px) 1381px, 100vw\" \/><\/strong><\/h1>\n<h2><strong>Kuorma-autonostureiden sylinterisarja:<\/strong><\/h2>\n<h2><img loading=\"lazy\" decoding=\"async\" class=\"alignnone size-full wp-image-17123\" src=\"https:\/\/www.hydraulic-cylinders.net\/wp-content\/uploads\/2025\/02\/cylinder-series-for-truck-cranes-2.webp\" alt=\"\" width=\"1240\" height=\"825\" srcset=\"https:\/\/www.hydraulic-cylinders.net\/wp-content\/uploads\/2025\/02\/cylinder-series-for-truck-cranes-2.webp 1240w, https:\/\/www.hydraulic-cylinders.net\/wp-content\/uploads\/2025\/02\/cylinder-series-for-truck-cranes-2-980x652.webp 980w, https:\/\/www.hydraulic-cylinders.net\/wp-content\/uploads\/2025\/02\/cylinder-series-for-truck-cranes-2-480x319.webp 480w\" sizes=\"(min-width: 0px) and (max-width: 480px) 480px, (min-width: 481px) and (max-width: 980px) 980px, (min-width: 981px) 1240px, 100vw\" \/><\/h2>\n<h2><strong>HCYY11112024:n etusylinterin t\u00e4rkeimm\u00e4t ominaisuudet kuorma-autonostureiden avaustelineen tukemiseen:<\/strong><\/h2>\n<h4><strong>Suuri kuormituskapasiteetti<\/strong><\/h4>\n<p>The <strong>HCYY11112024<\/strong> on huolellisesti suunniteltu k\u00e4sittelem\u00e4\u00e4n merkitt\u00e4vi\u00e4 painoja, mik\u00e4 tekee siit\u00e4 ihanteellisen vaativiin nostotilanteisiin. Sen vaikuttava kuormituskapasiteetti antaa k\u00e4ytt\u00e4jille mahdollisuuden k\u00e4sitell\u00e4 raskaita materiaaleja luottavaisin mielin, mik\u00e4 varmistaa turvallisen ja tehokkaan toiminnan. Olipa kyseess\u00e4 sitten rakennusmateriaalien tai teollisuuslaitteiden nostaminen, t\u00e4m\u00e4 sylinteri toimii luotettavasti paineen alla, mik\u00e4 v\u00e4hent\u00e4\u00e4 toimintah\u00e4iri\u00f6iden riski\u00e4.<\/p>\n<h4><strong>Kest\u00e4v\u00e4 rakenne<\/strong><\/h4>\n<p>Huippuluokan materiaaleista valmistettu HCYY11112024 on poikkeuksellisen kest\u00e4v\u00e4 ja kest\u00e4\u00e4 kulumista jopa ankarimmissa olosuhteissa. T\u00e4m\u00e4 kest\u00e4v\u00e4 rakenne takaa pitk\u00e4aikaisen luotettavuuden, jonka ansiosta sylinteri kest\u00e4\u00e4 p\u00e4ivitt\u00e4isen k\u00e4yt\u00f6n rasitukset, kuten raskaiden kuormien ja \u00e4\u00e4rimm\u00e4isten s\u00e4\u00e4olosuhteiden altistumisen. K\u00e4ytt\u00e4j\u00e4t voivat luottaa siihen, ett\u00e4 t\u00e4m\u00e4 komponentti s\u00e4ilytt\u00e4\u00e4 eheytens\u00e4, mik\u00e4 edist\u00e4\u00e4 nosturin yleist\u00e4 suorituskyky\u00e4 ja pitk\u00e4ik\u00e4isyytt\u00e4.<\/p>\n<h4><strong>Korroosionkest\u00e4vyys<\/strong><\/h4>\n<p>Suojapinnoitteella varustettu HCYY11112024 est\u00e4\u00e4 tehokkaasti ruosteen ja korroosion, mik\u00e4 on ratkaisevan t\u00e4rke\u00e4\u00e4 tasaisen suorituskyvyn yll\u00e4pit\u00e4miseksi ajan kuluessa. T\u00e4m\u00e4 ominaisuus on erityisen hy\u00f6dyllinen nostureille, joita k\u00e4ytet\u00e4\u00e4n haastavissa olosuhteissa, kuten kosteissa tai rannikkoymp\u00e4rist\u00f6iss\u00e4. Suojaamalla sylinteri\u00e4 sy\u00f6vytt\u00e4vilt\u00e4 tekij\u00f6ilt\u00e4 k\u00e4ytt\u00e4j\u00e4t voivat nauttia mielenrauhasta tiet\u00e4en, ett\u00e4 heid\u00e4n laitteensa pysyv\u00e4t toimintakunnossa ja turvassa, mik\u00e4 parantaa yleist\u00e4 toiminnan tehokkuutta.<\/p>\n<h4><strong>Helppo asennus<\/strong><\/h4>\n<p>HCYY11112024 on suunniteltu helposti integroitavaksi, ja se minimoi seisokkiajat asennuksen aikana. Sen k\u00e4ytt\u00e4j\u00e4yst\u00e4v\u00e4llinen muotoilu mahdollistaa nopean asennuksen olemassa oleviin nosturij\u00e4rjestelmiin, jolloin k\u00e4ytt\u00e4j\u00e4t voivat palata t\u00f6ihin nopeasti. Helppo asennus alentaa ty\u00f6voimakustannuksia ja parantaa tuottavuutta, mik\u00e4 tekee siit\u00e4 houkuttelevan vaihtoehdon yrityksille, jotka haluavat virtaviivaistaa toimintaansa laadusta tinkim\u00e4tt\u00e4.<\/p>\n<h4><strong>Tarkkuustekniikka<\/strong><\/h4>\n<p>Tarkkojen eritelmien mukaisesti valmistettu HCYY11112024 varmistaa optimaalisen suorituskyvyn ja yhteensopivuuden laajan valikoiman kuorma-autonosturimallien kanssa. T\u00e4m\u00e4 tarkka suunnittelu tarkoittaa sujuvampaa toimintaa ja parempaa luotettavuutta, sill\u00e4 sylinteri sopii saumattomasti nosturin hydraulij\u00e4rjestelm\u00e4\u00e4n. K\u00e4ytt\u00e4j\u00e4t voivat luottaa siihen, ett\u00e4 jokainen nosto suoritetaan tarkasti, mik\u00e4 parantaa sek\u00e4 turvallisuutta ett\u00e4 tehokkuutta ty\u00f6maalla.<\/p>\n<p>N\u00e4iden erinomaisten ominaisuuksien ansiosta HCYY11112024-etusylinteri ei ainoastaan \u200b\u200bparanna kuorma-autonostureiden ominaisuuksia, vaan my\u00f6s edist\u00e4\u00e4 turvallisempia ja tehokkaampia nostotoimintoja eri toimialoilla.<\/p>\n<h2><strong>Kuinka Hcyy11112024-etusylinterin korroosionkest\u00e4vyys parantaa sen suorituskyky\u00e4 haastavissa ymp\u00e4rist\u00f6iss\u00e4?<\/strong><\/h2>\n<p>Korroosionkest\u00e4vyys <strong>HCYY11112024 Etusylinteri<\/strong> parantaa merkitt\u00e4v\u00e4sti sen suorituskyky\u00e4 haastavissa ymp\u00e4rist\u00f6iss\u00e4 useilla tavoilla:<\/p>\n<h4><strong>1. Pitk\u00e4ik\u00e4isyys ja kest\u00e4vyys<\/strong><\/h4>\n<ul>\n<li>Suojapinnoite est\u00e4\u00e4 ruostumista ja kulumista, jolloin sylinteri s\u00e4ilytt\u00e4\u00e4 rakenteellisen eheytens\u00e4 ajan my\u00f6t\u00e4. T\u00e4m\u00e4 kest\u00e4vyys on ratkaisevan t\u00e4rke\u00e4\u00e4 ankarissa olosuhteissa, kuten rannikko- tai teollisuusymp\u00e4rist\u00f6iss\u00e4, joissa altistuminen kosteudelle ja sy\u00f6vytt\u00e4ville aineille on yleist\u00e4.<\/li>\n<\/ul>\n<h4><strong>2. Tasainen suorituskyky<\/strong><\/h4>\n<ul>\n<li>Korroosionkest\u00e4vyytens\u00e4 ansiosta sylinteri toimii sujuvasti ilman korroosioon liittyvien vikojen riski\u00e4. T\u00e4m\u00e4 luotettavuus varmistaa, ett\u00e4 nosturi toimii tasaisesti my\u00f6s vaativissa nostotilanteissa, mik\u00e4 v\u00e4hent\u00e4\u00e4 k\u00e4ytt\u00f6katkosten todenn\u00e4k\u00f6isyytt\u00e4.<\/li>\n<\/ul>\n<h4><strong>3. Pienemm\u00e4t yll\u00e4pitokustannukset<\/strong><\/h4>\n<ul>\n<li>Korroosionkest\u00e4v\u00e4t materiaalit vaativat harvemmin huoltoa ja vaihtoa. T\u00e4m\u00e4 kustannustehokkuus hy\u00f6dytt\u00e4\u00e4 k\u00e4ytt\u00e4ji\u00e4 minimoimalla korjauskulut ja pident\u00e4m\u00e4ll\u00e4 komponentin kokonaisk\u00e4ytt\u00f6ik\u00e4\u00e4.<\/li>\n<\/ul>\n<h4><strong>4. Parannettu turvallisuus<\/strong><\/h4>\n<ul>\n<li>Est\u00e4m\u00e4ll\u00e4 korroosiota sylinteri s\u00e4ilytt\u00e4\u00e4 lujuutensa ja toimivuutensa. T\u00e4m\u00e4 luotettavuus on olennaista turvallisen noston varmistamiseksi, sill\u00e4 vaurioituneet komponentit voivat johtaa vikoihin ja onnettomuuksiin.<\/li>\n<\/ul>\n<h4><strong>5. Parempi tehokkuus<\/strong><\/h4>\n<ul>\n<li>Korroosionkest\u00e4v\u00e4 sylinteri parantaa nosturij\u00e4rjestelm\u00e4n kokonaistehokkuutta. K\u00e4ytt\u00e4j\u00e4t voivat keskitty\u00e4 teht\u00e4viins\u00e4 murehtimatta mahdollisista laitevioista, mik\u00e4 mahdollistaa sujuvamman ja tuottavamman toiminnan.<\/li>\n<\/ul>\n<p>Yhteenvetona voidaan todeta, ett\u00e4 HCYY11112024-etusylinterin korroosionkest\u00e4vyys ei ainoastaan \u200b\u200bparanna sen kest\u00e4vyytt\u00e4 ja suorituskyky\u00e4, vaan my\u00f6s edist\u00e4\u00e4 turvallisuutta ja tehokkuutta haastavissa ty\u00f6ymp\u00e4rist\u00f6iss\u00e4.<\/p>\n<h2><strong>Trukin sylinterin tuotantoalue:<\/strong><\/h2>\n<h2><img loading=\"lazy\" decoding=\"async\" class=\"alignnone size-full wp-image-16972\" src=\"https:\/\/www.hydraulic-cylinders.net\/wp-content\/uploads\/2025\/01\/hydraulic-cylinder-factory-1-scaled.webp\" alt=\"\" width=\"2016\" height=\"2560\" srcset=\"https:\/\/www.hydraulic-cylinders.net\/wp-content\/uploads\/2025\/01\/hydraulic-cylinder-factory-1-scaled.webp 2016w, https:\/\/www.hydraulic-cylinders.net\/wp-content\/uploads\/2025\/01\/hydraulic-cylinder-factory-1-1280x1625.webp 1280w, https:\/\/www.hydraulic-cylinders.net\/wp-content\/uploads\/2025\/01\/hydraulic-cylinder-factory-1-980x1244.webp 980w, https:\/\/www.hydraulic-cylinders.net\/wp-content\/uploads\/2025\/01\/hydraulic-cylinder-factory-1-480x610.webp 480w\" sizes=\"(min-width: 0px) and (max-width: 480px) 480px, (min-width: 481px) and (max-width: 980px) 980px, (min-width: 981px) and (max-width: 1280px) 1280px, (min-width: 1281px) 2016px, 100vw\" \/><\/h2>\n<p>Meill\u00e4 on huippuluokan itsen\u00e4inen kokoonpanoon keskittynyt tutkimus- ja kehitysalusta, joka varmistaa huippuluokan innovaatiot ja laadun valmistusprosesseissamme. Trukkisylinterien tuotantolaitoksessamme on nelj\u00e4 puoliautomaattista nostosylinterien kokoonpanolinjaa ja t\u00e4ysautomaattinen kallistussylinterien kokoonpanolinja, jotka on yhteens\u00e4 suunniteltu tuottamaan jopa miljoona yksikk\u00f6\u00e4 vuodessa.<\/p>\n<p>Lis\u00e4ksi erikoissylinteriverstassamme on k\u00e4yt\u00f6ss\u00e4 erilaisiin tarpeisiin r\u00e4\u00e4t\u00e4l\u00f6idyt puoliautomaattiset puhdistus- ja kokoonpanoj\u00e4rjestelm\u00e4t, joiden vuotuinen tuotantokapasiteetti on 200 000 kappaletta. K\u00e4yt\u00e4mme tunnettuja CNC-laitteita, ty\u00f6st\u00f6keskuksia ja erikoisty\u00f6kaluja tarkkaan sylinterien ty\u00f6st\u00f6\u00f6n. Laitoksellamme on my\u00f6s edistykselliset robottihitsauskoneet, automaattiset puhdistusj\u00e4rjestelm\u00e4t sek\u00e4 t\u00e4ysin automatisoidut sylinterien kokoonpano- ja maalauslinjat. Yli 300 keskeisen laitteen toiminnassa ollessa optimoimme resurssien kohdentamisen ja varmistamme tehokkaan k\u00e4yt\u00f6n t\u00e4ytt\u00e4en tiukat tarkkuus- ja laatustandardit.<\/p>\n<p>Koneistamossamme on mittatilausty\u00f6n\u00e4 valmistetut kallistuskiskosorvauskeskukset, ty\u00f6st\u00f6keskukset, nopeat hoonauskoneet, hitsausrobotit ja muut t\u00e4rke\u00e4t laitteet. T\u00e4m\u00e4n laitteiston avulla voimme ty\u00f6st\u00e4\u00e4 enint\u00e4\u00e4n 400 mm:n sis\u00e4halkaisijan ja jopa 6 metrin pituisia sylinteriputkia, mik\u00e4 parantaa entisest\u00e4\u00e4n tuotantokapasiteettiamme.<\/p>\n<h2><img loading=\"lazy\" decoding=\"async\" class=\"alignnone size-full wp-image-16973\" src=\"https:\/\/www.hydraulic-cylinders.net\/wp-content\/uploads\/2025\/01\/hydraulic-cylinder-factory-2-scaled.webp\" alt=\"\" width=\"2011\" height=\"2560\" srcset=\"https:\/\/www.hydraulic-cylinders.net\/wp-content\/uploads\/2025\/01\/hydraulic-cylinder-factory-2-scaled.webp 2011w, https:\/\/www.hydraulic-cylinders.net\/wp-content\/uploads\/2025\/01\/hydraulic-cylinder-factory-2-1280x1629.webp 1280w, https:\/\/www.hydraulic-cylinders.net\/wp-content\/uploads\/2025\/01\/hydraulic-cylinder-factory-2-980x1248.webp 980w, https:\/\/www.hydraulic-cylinders.net\/wp-content\/uploads\/2025\/01\/hydraulic-cylinder-factory-2-480x611.webp 480w\" sizes=\"(min-width: 0px) and (max-width: 480px) 480px, (min-width: 481px) and (max-width: 980px) 980px, (min-width: 981px) and (max-width: 1280px) 1280px, (min-width: 1281px) 2011px, 100vw\" \/><\/h2>\n<p>K\u00e4yt\u00e4mme t\u00e4ysautomaattista vesipohjaisten maalien pinnoituslinjaa, joka on erityisesti suunniteltu pienille ja keskisuurille sylintereille. Linjassa on automaattiset lastaus-, purku- ja ruiskutusrobotit. T\u00e4m\u00e4n huippumodernin j\u00e4rjestelm\u00e4n tuotantokapasiteetti on 4 000 yksikk\u00f6\u00e4 vuorossa. Lis\u00e4ksi meill\u00e4 on puoliautomaattinen ketjuk\u00e4ytt\u00f6inen maalauslinja suurille sylintereille, jonka suunnittelukapasiteetti on 60 laatikkoa vuorossa.<\/p>\n<p>Parantaaksemme tuotteidemme suorituskyky\u00e4 ja vahvistaaksemme johtoasemaamme hydraulisylintereiden alalla olemme tehneet yhteisty\u00f6t\u00e4 ZJIMEE:n kanssa perustaaksemme kattavan suorituskykylaboratorion, joka on omistettu hydraulisylintereille, venttiileille ja pumpuille. T\u00e4m\u00e4 edistynyt laboratorio hy\u00f6dynt\u00e4\u00e4 tietokoneella avustettua testausta s\u00e4hk\u00f6hydraulisella teknologialla, mik\u00e4 mahdollistaa ennalta asetetut testiolosuhteet, jotka parantavat tarkkuutta ja j\u00e4rjestelm\u00e4n monipuolisuutta. Automaattinen tiedonkeruuprosessi k\u00e4ytt\u00e4\u00e4 antureita tulostietojen, kuten sis\u00e4isen vuodon ja kuormitustehokkuuden, ker\u00e4\u00e4miseen. Tietokone k\u00e4sittelee tiedot ja muuntaa ne standardiyksik\u00f6iksi (ml\/min%).<\/p>\n<p>Lis\u00e4ksi hydraulij\u00e4rjestelmiemme turvallisuuden varmistamiseksi toteutamme tilanvalvonnan t\u00e4rkeimmille suorituskykyparametreille, kuten \u00f6ljyn l\u00e4mp\u00f6tilalle, nestetasolle ja suodatinlaitteen tilalle. Hydraulisylinterien testitelineemme pystyy arvioimaan \"kuormitustehokkuutta\" ja \"sis\u00e4ist\u00e4 vuotoa\" tarkkojen lukemien avulla. Se on my\u00f6s varustettu ritil\u00e4mittauslaitteella, joka t\u00e4ytt\u00e4\u00e4 kansalliset standardit ja varmistaa kaikkien hydraulisylinterituotteiden testausvaatimusten noudattamisen.<\/p>\n<p>&nbsp;<\/p>","protected":false},"excerpt":{"rendered":"<p>HCYY11112024 Front Cylinder For Opening Rack Support For Truck Cranes\u00a0 The HCYY11112024 Front Cylinder is a vital component specifically engineered for truck cranes. This high-performance cylinder offers robust support for the opening rack, significantly enhancing both operational efficiency and safety. With its advanced engineering, the HCYY11112024 meets the demanding challenges of heavy lifting tasks, making [&hellip;]<\/p>","protected":false},"featured_media":17124,"comment_status":"open","ping_status":"closed","template":"","meta":{"_et_pb_use_builder":"","_et_pb_old_content":"","_et_gb_content_width":""},"product_brand":[],"product_cat":[1514,1549,1376],"product_tag":[],"class_list":{"0":"post-17116","1":"product","2":"type-product","3":"status-publish","4":"has-post-thumbnail","6":"product_cat-mobile-crane-hydraulic-cylinders","7":"product_cat-single-acting-hydraulic-cylinder","8":"product_cat-hydraulic-cylinder","10":"first","11":"instock","12":"shipping-taxable","13":"product-type-simple"},"amp_enabled":true,"_links":{"self":[{"href":"https:\/\/www.hydraulic-cylinders.net\/fi\/wp-json\/wp\/v2\/product\/17116","targetHints":{"allow":["GET"]}}],"collection":[{"href":"https:\/\/www.hydraulic-cylinders.net\/fi\/wp-json\/wp\/v2\/product"}],"about":[{"href":"https:\/\/www.hydraulic-cylinders.net\/fi\/wp-json\/wp\/v2\/types\/product"}],"replies":[{"embeddable":true,"href":"https:\/\/www.hydraulic-cylinders.net\/fi\/wp-json\/wp\/v2\/comments?post=17116"}],"wp:featuredmedia":[{"embeddable":true,"href":"https:\/\/www.hydraulic-cylinders.net\/fi\/wp-json\/wp\/v2\/media\/17124"}],"wp:attachment":[{"href":"https:\/\/www.hydraulic-cylinders.net\/fi\/wp-json\/wp\/v2\/media?parent=17116"}],"wp:term":[{"taxonomy":"product_brand","embeddable":true,"href":"https:\/\/www.hydraulic-cylinders.net\/fi\/wp-json\/wp\/v2\/product_brand?post=17116"},{"taxonomy":"product_cat","embeddable":true,"href":"https:\/\/www.hydraulic-cylinders.net\/fi\/wp-json\/wp\/v2\/product_cat?post=17116"},{"taxonomy":"product_tag","embeddable":true,"href":"https:\/\/www.hydraulic-cylinders.net\/fi\/wp-json\/wp\/v2\/product_tag?post=17116"}],"curies":[{"name":"wp","href":"https:\/\/api.w.org\/{rel}","templated":true}]}}