{"id":17147,"date":"2025-02-07T06:47:22","date_gmt":"2025-02-07T06:47:22","guid":{"rendered":"https:\/\/www.hydraulic-cylinders.net\/?post_type=product&#038;p=17147"},"modified":"2025-04-15T05:52:21","modified_gmt":"2025-04-15T05:52:21","slug":"wind-power-series-cylinders","status":"publish","type":"product","link":"https:\/\/www.hydraulic-cylinders.net\/fi\/tuote\/wind-power-series-cylinders\/","title":{"rendered":"Tuulivoimasarjan sylinterit"},"content":{"rendered":"<h1 style=\"text-align: center;\"><strong>Tuulivoimasarjan sylinterit<\/strong><\/h1>\n<h1 style=\"text-align: center;\">\u00a0<img loading=\"lazy\" decoding=\"async\" class=\"alignnone size-full wp-image-17149\" src=\"https:\/\/www.hydraulic-cylinders.net\/wp-content\/uploads\/2025\/02\/wind_power_series_cylinders-1-removebg-preview.webp\" alt=\"\" width=\"644\" height=\"644\" srcset=\"https:\/\/www.hydraulic-cylinders.net\/wp-content\/uploads\/2025\/02\/wind_power_series_cylinders-1-removebg-preview.webp 644w, https:\/\/www.hydraulic-cylinders.net\/wp-content\/uploads\/2025\/02\/wind_power_series_cylinders-1-removebg-preview-480x480.webp 480w\" sizes=\"(min-width: 0px) and (max-width: 480px) 480px, (min-width: 481px) 644px, 100vw\" \/><\/h1>\n<p>The <strong>Tuulivoimasarjan sylinterit<\/strong> on suunniteltu erityisesti tuulienergia-alalle, ja ne tarjoavat luotettavaa ja tehokasta suorituskyky\u00e4 erilaisissa sovelluksissa. N\u00e4ill\u00e4 sylintereill\u00e4 on t\u00e4rke\u00e4 rooli tuulienergiaa hy\u00f6dynt\u00e4vien mekanismien ohjauksessa, mik\u00e4 parantaa merkitt\u00e4v\u00e4sti tuuliturbiinien tehokkuutta ja vaikuttavuutta. Tarkkuudella valmistetut ja alan vaatimuksia kest\u00e4m\u00e4\u00e4n rakennetut sylinterit t\u00e4ytt\u00e4v\u00e4t t\u00e4m\u00e4n nopeasti kasvavan alan vaativat vaatimukset.<\/p>\n<p>Kest\u00e4vyyden, tehokkuuden ja k\u00e4ytt\u00e4j\u00e4yst\u00e4v\u00e4llisyyden yhdistelm\u00e4n ansiosta Wind Power -sarjan sylinterit erottuvat edukseen luotettavana valintana tuulienergiasovelluksiin. Niiden suuri kuormituskapasiteetti ja korroosionkest\u00e4vyys tekev\u00e4t niist\u00e4 ihanteellisia tuuliturbiinien toiminnan haastaviin ymp\u00e4rist\u00f6ihin. Noudattamalla suositeltuja k\u00e4ytt\u00f6- ja huoltok\u00e4yt\u00e4nt\u00f6j\u00e4 k\u00e4ytt\u00e4j\u00e4t voivat varmistaa, ett\u00e4 n\u00e4m\u00e4 sylinterit s\u00e4ilytt\u00e4v\u00e4t optimaalisen suorituskyvyn vuosien ajan. N\u00e4ihin sylintereihin investoiminen ei ainoastaan \u200b\u200bparanna tuulienergiaj\u00e4rjestelmien luotettavuutta, vaan tukee my\u00f6s kest\u00e4v\u00e4\u00e4 tulevaisuutta.<\/p>\n<h2><strong>Tuulivoimasarjan sylinterien parametri:<\/strong><\/h2>\n<h2><img loading=\"lazy\" decoding=\"async\" class=\"alignnone size-full wp-image-17148\" style=\"color: #666666; font-size: 14px;\" src=\"https:\/\/www.hydraulic-cylinders.net\/wp-content\/uploads\/2025\/02\/wind-power-series-cylinders-2.webp\" alt=\"\" width=\"1394\" height=\"731\" srcset=\"https:\/\/www.hydraulic-cylinders.net\/wp-content\/uploads\/2025\/02\/wind-power-series-cylinders-2.webp 1394w, https:\/\/www.hydraulic-cylinders.net\/wp-content\/uploads\/2025\/02\/wind-power-series-cylinders-2-1280x671.webp 1280w, https:\/\/www.hydraulic-cylinders.net\/wp-content\/uploads\/2025\/02\/wind-power-series-cylinders-2-980x514.webp 980w, https:\/\/www.hydraulic-cylinders.net\/wp-content\/uploads\/2025\/02\/wind-power-series-cylinders-2-480x252.webp 480w\" sizes=\"(min-width: 0px) and (max-width: 480px) 480px, (min-width: 481px) and (max-width: 980px) 980px, (min-width: 981px) and (max-width: 1280px) 1280px, (min-width: 1281px) 1394px, 100vw\" \/><\/h2>\n<p>\u00b7Sylinteritila: HCYY11112028<br \/>\n\u00b7 K\u00e4ytt\u00f6paine: 16 MPa<br \/>\n\u00b7 Suurin kest\u00e4vyyspaine: 25 MPa<br \/>\n\u00b7 Sylinteriputken halkaisija: 100 mm<br \/>\n\u00b7 M\u00e4nn\u00e4nvarren halkaisija: 50 mm<br \/>\n\u00b7 Tapin halkaisija: 150 mm<br \/>\n\u00b7 Matka: 80 mm<br \/>\n\u00b7 Sylinterin pituus: 855 mm<br \/>\n\u00b7 Paino: 140 kg<\/p>\n<h2><strong>Tuulivoimasarjan sylinterien t\u00e4rkeimm\u00e4t ominaisuudet:<\/strong><\/h2>\n<h4><strong>Suuri kuormituskapasiteetti<\/strong><\/h4>\n<p>Wind Power -sarjan sylinterit kest\u00e4v\u00e4t erinomaisesti merkitt\u00e4vi\u00e4 kuormia, mik\u00e4 on ratkaisevan t\u00e4rke\u00e4\u00e4 tuulienergian vaativissa sovelluksissa. Niiden kest\u00e4v\u00e4 rakenne varmistaa, ett\u00e4 ne toimivat luotettavasti haastavissa olosuhteissa, kuten kovissa tuulissa tai \u00e4\u00e4rimm\u00e4isiss\u00e4 s\u00e4\u00e4olosuhteissa. T\u00e4m\u00e4 ominaisuus ei ainoastaan \u200b\u200bparanna tuuliturbiinien tehokkuutta, vaan my\u00f6s lis\u00e4\u00e4 k\u00e4ytt\u00e4jien luottamusta, sill\u00e4 he tiet\u00e4v\u00e4t, ett\u00e4 heid\u00e4n laitteensa pystyv\u00e4t k\u00e4sittelem\u00e4\u00e4n merkitt\u00e4v\u00e4\u00e4 painoa vaarantamatta turvallisuutta tai suorituskyky\u00e4.<\/p>\n<h4><strong>Kest\u00e4v\u00e4 rakenne<\/strong><\/h4>\n<p>N\u00e4m\u00e4 ensiluokkaisista materiaaleista valmistetut sylinterit on suunniteltu kest\u00e4m\u00e4\u00e4n kulumista ajan my\u00f6t\u00e4. Niiden kest\u00e4v\u00e4 rakenne v\u00e4hent\u00e4\u00e4 merkitt\u00e4v\u00e4sti vaihtotarvetta, mik\u00e4 tekee niist\u00e4 kustannustehokkaan vaihtoehdon pitk\u00e4aikaiseen k\u00e4ytt\u00f6\u00f6n. Olivatpa sylinterit sitten ankarissa ymp\u00e4rist\u00f6olosuhteissa tai p\u00e4ivitt\u00e4isen k\u00e4yt\u00f6n rasituksessa, ne s\u00e4ilytt\u00e4v\u00e4t eheytens\u00e4 varmistaen, ett\u00e4 tuulivoimaj\u00e4rjestelm\u00e4t toimivat sujuvasti ja tehokkaasti.<\/p>\n<h4><strong>Korroosionkest\u00e4vyys<\/strong><\/h4>\n<p>Erikoispinnoitteella varustetut sylinterit kest\u00e4v\u00e4t hyvin ruostetta ja ymp\u00e4rist\u00f6n aiheuttamia vaurioita. T\u00e4m\u00e4 korroosionkest\u00e4vyys on erityisen t\u00e4rke\u00e4\u00e4 ulkok\u00e4yt\u00f6ss\u00e4, jossa altistuminen kosteudelle, suolalle ja muille ankarille tekij\u00f6ille voi johtaa heikkenemiseen. Suojaamalla sylintereit\u00e4 korroosiolta t\u00e4m\u00e4 ominaisuus ei ainoastaan \u200b\u200bpident\u00e4 niiden k\u00e4ytt\u00f6ik\u00e4\u00e4, vaan my\u00f6s minimoi huoltoty\u00f6t, jolloin k\u00e4ytt\u00e4j\u00e4t voivat keskitty\u00e4 energiantuotannon maksimointiin.<\/p>\n<h4><strong>Tarkkuustekniikka<\/strong><\/h4>\n<p>Tarkkojen eritelmien mukaisesti valmistetut Wind Power -sarjan sylinterit takaavat saumattoman yhteensopivuuden erilaisten tuuliturbiinimallien kanssa. T\u00e4m\u00e4 tarkka suunnittelu mahdollistaa suoraviivaisen asennuksen ja integroinnin olemassa oleviin j\u00e4rjestelmiin, mik\u00e4 v\u00e4hent\u00e4\u00e4 k\u00e4ytt\u00f6ongelmien riski\u00e4. N\u00e4iden sylinterien avulla k\u00e4ytt\u00e4j\u00e4t voivat nauttia mielenrauhasta tiet\u00e4en, ett\u00e4 he k\u00e4ytt\u00e4v\u00e4t komponentteja, jotka on suunniteltu toimimaan optimaalisesti heid\u00e4n tietyiss\u00e4 turbiinikokoonpanoissaan.<\/p>\n<h4><strong>Helppo asennus<\/strong><\/h4>\n<p>K\u00e4ytt\u00e4j\u00e4yst\u00e4v\u00e4llisyys mieless\u00e4 suunnitellut sylinterit mahdollistavat nopean ja vaivattoman asennuksen. Niiden intuitiivinen suunnittelu minimoi seisokkiajat asennuksen aikana, jolloin k\u00e4ytt\u00e4j\u00e4t voivat saada j\u00e4rjestelm\u00e4ns\u00e4 nopeasti k\u00e4ytt\u00f6\u00f6n. Helppo asennus ei ainoastaan \u200b\u200bparanna toiminnan tehokkuutta, vaan my\u00f6s mahdollistaa nopeamman reagoinnin huoltotarpeisiin varmistaen, ett\u00e4 tuulivoimaj\u00e4rjestelm\u00e4t pysyv\u00e4t tuottavina kaikkina aikoina.<\/p>\n<p>Korostamalla n\u00e4it\u00e4 ominaisuuksia HCYY11112028-tuulivoimasarjan sylinterit tarjoavat poikkeuksellisen suorituskyvyn, joka vastaa tuulienergia-alan kehittyviin vaatimuksiin.<\/p>\n<h2><strong>Miten tuulivoimaloiden sylinterien korroosionkest\u00e4vyys parantaa niiden suorituskyky\u00e4 ulkoymp\u00e4rist\u00f6iss\u00e4?<\/strong><\/h2>\n<p>Totta kai! T\u00e4ss\u00e4 on mielenkiintoisempi ja yksityiskohtaisempi selvitys siit\u00e4, miten Wind Power -sarjan sylinterien korroosionkest\u00e4vyys parantaa niiden suorituskyky\u00e4 ulkoymp\u00e4rist\u00f6iss\u00e4:<\/p>\n<h4><strong>1. Pitk\u00e4ik\u00e4isyys<\/strong><\/h4>\n<p>Sylinterien erityinen korroosionkest\u00e4v\u00e4 pinnoite toimii tehokkaana esteen\u00e4 ruostetta ja kulumista vastaan. T\u00e4m\u00e4 suojakerros on erityisen arvokas ymp\u00e4rist\u00f6iss\u00e4, joissa kosteus, suolasumu ja l\u00e4mp\u00f6tilan vaihtelut ovat yleisi\u00e4. Pident\u00e4m\u00e4ll\u00e4 sylinterien k\u00e4ytt\u00f6ik\u00e4\u00e4 merkitt\u00e4v\u00e4sti k\u00e4ytt\u00e4j\u00e4t voivat nauttia mielenrauhasta, joka tulee tiedosta, ett\u00e4 heid\u00e4n investointinsa kest\u00e4\u00e4 ajan testin, mik\u00e4 mahdollistaa pitk\u00e4aikaisen ja keskeytym\u00e4tt\u00f6m\u00e4n k\u00e4yt\u00f6n kent\u00e4ll\u00e4.<\/p>\n<h4><strong>2. V\u00e4hemm\u00e4n huoltoa<\/strong><\/h4>\n<p>Yksi korroosionkest\u00e4vyyden merkitt\u00e4vimmist\u00e4 eduista on huoltotarpeiden huomattava v\u00e4heneminen. Koska sylinterit ovat v\u00e4hemm\u00e4n alttiita ruostumiselle ja kulumiselle, k\u00e4ytt\u00e4j\u00e4t voivat k\u00e4ytt\u00e4\u00e4 v\u00e4hemm\u00e4n resursseja \u2013 sek\u00e4 aikaa ett\u00e4 rahaa \u2013 yll\u00e4pitoon. T\u00e4m\u00e4 tehokkuus tarkoittaa, ett\u00e4 huoltotiimit voivat keskitty\u00e4 tuuliturbiinin toiminnan muihin kriittisiin osa-alueisiin, mik\u00e4 parantaa kokonaistuottavuutta. T\u00e4m\u00e4n seurauksena tuulivoimaj\u00e4rjestelm\u00e4 voi toimia tasaisemmin ja maksimoida energiantuotannon ilman jatkuvaa huolta komponenttien vikaantumisesta.<\/p>\n<h4><strong>3. Tasainen suorituskyky<\/strong><\/h4>\n<p>Korroosio voi heikent\u00e4\u00e4 materiaaleja ajan my\u00f6t\u00e4, mik\u00e4 johtaa toiminnan ep\u00e4s\u00e4\u00e4nn\u00f6llisyyksiin ja siten energiantuotantoa h\u00e4iritseviin tekij\u00f6ihin. Korroosiota vastaan \u200b\u200bsuojatut sylinterit s\u00e4ilytt\u00e4v\u00e4t rakenteellisen eheytens\u00e4 ja suorituskykyns\u00e4 jopa haastavimmissa ulko-olosuhteissa. T\u00e4m\u00e4 luotettavuus varmistaa turbiinien tehokkaan toiminnan, mik\u00e4 johtaa optimaaliseen energiantuotantoon. K\u00e4ytt\u00e4j\u00e4t voivat odottaa tasaista suorituskyky\u00e4, mik\u00e4 on v\u00e4ltt\u00e4m\u00e4t\u00f6nt\u00e4 energiantarpeen t\u00e4ytt\u00e4miseksi ja kest\u00e4v\u00e4n kehityksen tavoitteiden saavuttamiseksi.<\/p>\n<h4><strong>4. Turvallisuus<\/strong><\/h4>\n<p>Turvallisuus on ensiarvoisen t\u00e4rke\u00e4\u00e4 kaikissa teollisuusymp\u00e4rist\u00f6iss\u00e4, eik\u00e4 korroosiosta johtuvaa vikaantumisriski\u00e4 voida sivuuttaa. Sylinterit auttavat lievent\u00e4m\u00e4\u00e4n n\u00e4it\u00e4 riskej\u00e4 s\u00e4ilytt\u00e4m\u00e4ll\u00e4 lujuutensa ja toimivuutensa ankarissa olosuhteissa. Est\u00e4m\u00e4ll\u00e4 korroosioon liittyvi\u00e4 vikoja n\u00e4m\u00e4 sylinterit edist\u00e4v\u00e4t turvallisempaa k\u00e4ytt\u00f6ymp\u00e4rist\u00f6\u00e4 sek\u00e4 henkil\u00f6st\u00f6lle ett\u00e4 laitteille. T\u00e4m\u00e4 turvallisuuden painottaminen edist\u00e4\u00e4 luotettavuuden ja luottamuksen kulttuuria tuulienergia-alalla.<\/p>\n<h4><strong>5. Kustannustehokkuus<\/strong><\/h4>\n<p>Korroosionkest\u00e4viin sylintereihin investoiminen ei ole vain v\u00e4lit\u00f6nt\u00e4 suorituskyky\u00e4, vaan kyse on pitk\u00e4n aikav\u00e4lin taloudellisesta j\u00e4rkevyydest\u00e4. Sylinterien kest\u00e4vyys ja v\u00e4h\u00e4inen huoltotarve johtavat merkitt\u00e4viin kustannuss\u00e4\u00e4st\u00f6ihin ajan my\u00f6t\u00e4. K\u00e4ytt\u00e4j\u00e4t voivat v\u00e4ltt\u00e4\u00e4 usein tapahtuviin vaihtoihin ja korjauksiin liittyv\u00e4t kulut, mik\u00e4 mahdollistaa budjettiresurssien paremman kohdentamisen. T\u00e4m\u00e4 kustannustehokkuus tekee n\u00e4ist\u00e4 sylintereist\u00e4 houkuttelevan vaihtoehdon yrityksille, jotka haluavat optimoida toimintabudjettinsa ja varmistaa samalla luotettavan energiantuotannon.<\/p>\n<p>Yhteenvetona voidaan todeta, ett\u00e4 Wind Power -sarjan sylinterien korroosionkest\u00e4vyys on enemm\u00e4n kuin pelkk\u00e4 ominaisuus \u2013 se on keskeinen ominaisuus, joka parantaa k\u00e4ytt\u00f6ik\u00e4\u00e4, v\u00e4hent\u00e4\u00e4 huoltotarvetta, varmistaa tasaisen suorituskyvyn, edist\u00e4\u00e4 turvallisuutta ja tarjoaa kustannustehokkuutta. N\u00e4m\u00e4 edut yhdess\u00e4 edist\u00e4v\u00e4t tehokkaampaa ja kest\u00e4v\u00e4mp\u00e4\u00e4 l\u00e4hestymistapaa tuulienergian hy\u00f6dynt\u00e4miseen, mik\u00e4 tekee n\u00e4ist\u00e4 sylintereist\u00e4 v\u00e4ltt\u00e4m\u00e4tt\u00f6m\u00e4n valinnan alalla.<\/p>\n<h2><strong>Trukin sylinterin tuotantoalue:<\/strong><\/h2>\n<h2><img loading=\"lazy\" decoding=\"async\" class=\"alignnone size-full wp-image-16972\" src=\"https:\/\/www.hydraulic-cylinders.net\/wp-content\/uploads\/2025\/01\/hydraulic-cylinder-factory-1-scaled.webp\" alt=\"\" width=\"2016\" height=\"2560\" srcset=\"https:\/\/www.hydraulic-cylinders.net\/wp-content\/uploads\/2025\/01\/hydraulic-cylinder-factory-1-scaled.webp 2016w, https:\/\/www.hydraulic-cylinders.net\/wp-content\/uploads\/2025\/01\/hydraulic-cylinder-factory-1-1280x1625.webp 1280w, https:\/\/www.hydraulic-cylinders.net\/wp-content\/uploads\/2025\/01\/hydraulic-cylinder-factory-1-980x1244.webp 980w, https:\/\/www.hydraulic-cylinders.net\/wp-content\/uploads\/2025\/01\/hydraulic-cylinder-factory-1-480x610.webp 480w\" sizes=\"(min-width: 0px) and (max-width: 480px) 480px, (min-width: 481px) and (max-width: 980px) 980px, (min-width: 981px) and (max-width: 1280px) 1280px, (min-width: 1281px) 2016px, 100vw\" \/><\/h2>\n<p>Meill\u00e4 on huippuluokan itsen\u00e4inen kokoonpanoon keskittynyt tutkimus- ja kehitysalusta, joka varmistaa huippuluokan innovaatiot ja laadun valmistusprosesseissamme. Trukkisylinterien tuotantolaitoksessamme on nelj\u00e4 puoliautomaattista nostosylinterien kokoonpanolinjaa ja t\u00e4ysautomaattinen kallistussylinterien kokoonpanolinja, jotka on yhteens\u00e4 suunniteltu tuottamaan jopa miljoona yksikk\u00f6\u00e4 vuodessa.<\/p>\n<p>Lis\u00e4ksi erikoissylinteriverstassamme on k\u00e4yt\u00f6ss\u00e4 erilaisiin tarpeisiin r\u00e4\u00e4t\u00e4l\u00f6idyt puoliautomaattiset puhdistus- ja kokoonpanoj\u00e4rjestelm\u00e4t, joiden vuotuinen tuotantokapasiteetti on 200 000 kappaletta. K\u00e4yt\u00e4mme tunnettuja CNC-laitteita, ty\u00f6st\u00f6keskuksia ja erikoisty\u00f6kaluja tarkkaan sylinterien ty\u00f6st\u00f6\u00f6n. Laitoksellamme on my\u00f6s edistykselliset robottihitsauskoneet, automaattiset puhdistusj\u00e4rjestelm\u00e4t sek\u00e4 t\u00e4ysin automatisoidut sylinterien kokoonpano- ja maalauslinjat. Yli 300 keskeisen laitteen toiminnassa ollessa optimoimme resurssien kohdentamisen ja varmistamme tehokkaan k\u00e4yt\u00f6n t\u00e4ytt\u00e4en tiukat tarkkuus- ja laatustandardit.<\/p>\n<p>Koneistamossamme on mittatilausty\u00f6n\u00e4 valmistetut kallistuskiskosorvauskeskukset, ty\u00f6st\u00f6keskukset, nopeat hoonauskoneet, hitsausrobotit ja muut t\u00e4rke\u00e4t laitteet. T\u00e4m\u00e4n laitteiston avulla voimme ty\u00f6st\u00e4\u00e4 enint\u00e4\u00e4n 400 mm:n sis\u00e4halkaisijan ja jopa 6 metrin pituisia sylinteriputkia, mik\u00e4 parantaa entisest\u00e4\u00e4n tuotantokapasiteettiamme.<\/p>\n<h2><img loading=\"lazy\" decoding=\"async\" class=\"alignnone size-full wp-image-16973\" src=\"https:\/\/www.hydraulic-cylinders.net\/wp-content\/uploads\/2025\/01\/hydraulic-cylinder-factory-2-scaled.webp\" alt=\"\" width=\"2011\" height=\"2560\" srcset=\"https:\/\/www.hydraulic-cylinders.net\/wp-content\/uploads\/2025\/01\/hydraulic-cylinder-factory-2-scaled.webp 2011w, https:\/\/www.hydraulic-cylinders.net\/wp-content\/uploads\/2025\/01\/hydraulic-cylinder-factory-2-1280x1629.webp 1280w, https:\/\/www.hydraulic-cylinders.net\/wp-content\/uploads\/2025\/01\/hydraulic-cylinder-factory-2-980x1248.webp 980w, https:\/\/www.hydraulic-cylinders.net\/wp-content\/uploads\/2025\/01\/hydraulic-cylinder-factory-2-480x611.webp 480w\" sizes=\"(min-width: 0px) and (max-width: 480px) 480px, (min-width: 481px) and (max-width: 980px) 980px, (min-width: 981px) and (max-width: 1280px) 1280px, (min-width: 1281px) 2011px, 100vw\" \/><\/h2>\n<p>K\u00e4yt\u00e4mme t\u00e4ysautomaattista vesipohjaisten maalien pinnoituslinjaa, joka on erityisesti suunniteltu pienille ja keskisuurille sylintereille. Linjassa on automaattiset lastaus-, purku- ja ruiskutusrobotit. T\u00e4m\u00e4n huippumodernin j\u00e4rjestelm\u00e4n tuotantokapasiteetti on 4 000 yksikk\u00f6\u00e4 vuorossa. Lis\u00e4ksi meill\u00e4 on puoliautomaattinen ketjuk\u00e4ytt\u00f6inen maalauslinja suurille sylintereille, jonka suunnittelukapasiteetti on 60 laatikkoa vuorossa.<\/p>\n<p>Parantaaksemme tuotteidemme suorituskyky\u00e4 ja vahvistaaksemme johtoasemaamme hydraulisylintereiden alalla olemme tehneet yhteisty\u00f6t\u00e4 ZJIMEE:n kanssa perustaaksemme kattavan suorituskykylaboratorion, joka on omistettu hydraulisylintereille, venttiileille ja pumpuille. T\u00e4m\u00e4 edistynyt laboratorio hy\u00f6dynt\u00e4\u00e4 tietokoneella avustettua testausta s\u00e4hk\u00f6hydraulisella teknologialla, mik\u00e4 mahdollistaa ennalta asetetut testiolosuhteet, jotka parantavat tarkkuutta ja j\u00e4rjestelm\u00e4n monipuolisuutta. Automaattinen tiedonkeruuprosessi k\u00e4ytt\u00e4\u00e4 antureita tulostietojen, kuten sis\u00e4isen vuodon ja kuormitustehokkuuden, ker\u00e4\u00e4miseen. Tietokone k\u00e4sittelee tiedot ja muuntaa ne standardiyksik\u00f6iksi (ml\/min%).<\/p>\n<p>Lis\u00e4ksi hydraulij\u00e4rjestelmiemme turvallisuuden varmistamiseksi toteutamme tilanvalvonnan t\u00e4rkeimmille suorituskykyparametreille, kuten \u00f6ljyn l\u00e4mp\u00f6tilalle, nestetasolle ja suodatinlaitteen tilalle. Hydraulisylinterien testitelineemme pystyy arvioimaan \"kuormitustehokkuutta\" ja \"sis\u00e4ist\u00e4 vuotoa\" tarkkojen lukemien avulla. Se on my\u00f6s varustettu ritil\u00e4mittauslaitteella, joka t\u00e4ytt\u00e4\u00e4 kansalliset standardit ja varmistaa kaikkien hydraulisylinterituotteiden testausvaatimusten noudattamisen.<\/p>\n<p>&nbsp;<\/p>","protected":false},"excerpt":{"rendered":"<p>Wind Power Series Cylinders \u00a0 The Wind Power Series Cylinders are specifically engineered for the wind energy sector, delivering reliable and efficient performance across various applications. These cylinders play a vital role in controlling the mechanisms that harness wind energy, significantly enhancing the efficiency and effectiveness of wind turbines. Crafted with precision and built to [&hellip;]<\/p>","protected":false},"featured_media":17150,"comment_status":"open","ping_status":"closed","template":"","meta":{"_et_pb_use_builder":"","_et_pb_old_content":"","_et_gb_content_width":""},"product_brand":[],"product_cat":[1552,1513,1376],"product_tag":[],"class_list":{"0":"post-17147","1":"product","2":"type-product","3":"status-publish","4":"has-post-thumbnail","6":"product_cat-stainless-steel-hydraulic-cylinder","7":"product_cat-wind-turbine-hydraulic-cylinders","8":"product_cat-hydraulic-cylinder","10":"first","11":"instock","12":"shipping-taxable","13":"product-type-simple"},"amp_enabled":true,"_links":{"self":[{"href":"https:\/\/www.hydraulic-cylinders.net\/fi\/wp-json\/wp\/v2\/product\/17147","targetHints":{"allow":["GET"]}}],"collection":[{"href":"https:\/\/www.hydraulic-cylinders.net\/fi\/wp-json\/wp\/v2\/product"}],"about":[{"href":"https:\/\/www.hydraulic-cylinders.net\/fi\/wp-json\/wp\/v2\/types\/product"}],"replies":[{"embeddable":true,"href":"https:\/\/www.hydraulic-cylinders.net\/fi\/wp-json\/wp\/v2\/comments?post=17147"}],"wp:featuredmedia":[{"embeddable":true,"href":"https:\/\/www.hydraulic-cylinders.net\/fi\/wp-json\/wp\/v2\/media\/17150"}],"wp:attachment":[{"href":"https:\/\/www.hydraulic-cylinders.net\/fi\/wp-json\/wp\/v2\/media?parent=17147"}],"wp:term":[{"taxonomy":"product_brand","embeddable":true,"href":"https:\/\/www.hydraulic-cylinders.net\/fi\/wp-json\/wp\/v2\/product_brand?post=17147"},{"taxonomy":"product_cat","embeddable":true,"href":"https:\/\/www.hydraulic-cylinders.net\/fi\/wp-json\/wp\/v2\/product_cat?post=17147"},{"taxonomy":"product_tag","embeddable":true,"href":"https:\/\/www.hydraulic-cylinders.net\/fi\/wp-json\/wp\/v2\/product_tag?post=17147"}],"curies":[{"name":"wp","href":"https:\/\/api.w.org\/{rel}","templated":true}]}}