{"id":17208,"date":"2025-02-23T08:12:19","date_gmt":"2025-02-23T08:12:19","guid":{"rendered":"https:\/\/www.hydraulic-cylinders.net\/?post_type=product&#038;p=17208"},"modified":"2025-04-30T08:43:42","modified_gmt":"2025-04-30T08:43:42","slug":"leveling-oil-cylinder-for-arm-type-aerial-work-vehicles","status":"publish","type":"product","link":"https:\/\/www.hydraulic-cylinders.net\/fi\/tuote\/leveling-oil-cylinder-for-arm-type-aerial-work-vehicles\/","title":{"rendered":"Tasoitus\u00f6ljysylinteri varsityyppisille ilma-aluksille"},"content":{"rendered":"<h1 style=\"text-align: center;\"><strong>Tasoitus\u00f6ljysylinteri varsityyppisille ilma-aluksille<\/strong><\/h1>\n<h1 style=\"text-align: center;\"><img loading=\"lazy\" decoding=\"async\" class=\"alignnone size-full wp-image-17224\" src=\"https:\/\/www.hydraulic-cylinders.net\/wp-content\/uploads\/2025\/02\/hcyy11112008-upper-leveling-cylinder-for-aerial-work-vehicles-2.webp\" alt=\"\" width=\"1500\" height=\"520\" srcset=\"https:\/\/www.hydraulic-cylinders.net\/wp-content\/uploads\/2025\/02\/hcyy11112008-upper-leveling-cylinder-for-aerial-work-vehicles-2.webp 1500w, https:\/\/www.hydraulic-cylinders.net\/wp-content\/uploads\/2025\/02\/hcyy11112008-upper-leveling-cylinder-for-aerial-work-vehicles-2-1280x444.webp 1280w, https:\/\/www.hydraulic-cylinders.net\/wp-content\/uploads\/2025\/02\/hcyy11112008-upper-leveling-cylinder-for-aerial-work-vehicles-2-980x340.webp 980w, https:\/\/www.hydraulic-cylinders.net\/wp-content\/uploads\/2025\/02\/hcyy11112008-upper-leveling-cylinder-for-aerial-work-vehicles-2-480x166.webp 480w\" sizes=\"(min-width: 0px) and (max-width: 480px) 480px, (min-width: 481px) and (max-width: 980px) 980px, (min-width: 981px) and (max-width: 1280px) 1280px, (min-width: 1281px) 1500px, 100vw\" \/><\/h1>\n<p>Varsivarsillisten ilma-alusten tasaus\u00f6ljysylinteri on elint\u00e4rke\u00e4 osa ilma-aluksia, sill\u00e4 se tarjoaa olennaista vakautta ja tarkkuutta nostettaessa. T\u00e4m\u00e4 sylinteri on suunniteltu parantamaan toiminnan tehokkuutta ja tukee tehokasta tasausta ja ohjausta, mik\u00e4 tekee siit\u00e4 v\u00e4ltt\u00e4m\u00e4tt\u00f6m\u00e4n rakennus-, kunnossapito- ja monissa muissa ilma-aluksissa teht\u00e4viss\u00e4.<\/p>\n<p>Kest\u00e4v\u00e4n rakenteensa ja tarkan suunnittelunsa ansiosta tasoitus\u00f6ljysylinteri on olennainen osa mit\u00e4 tahansa nostoajoneuvoa. Sen k\u00e4ytt\u00e4j\u00e4yst\u00e4v\u00e4lliset ominaisuudet takaavat luotettavuuden, mik\u00e4 tekee siit\u00e4 ammattilaisten suosiman valinnan. Integroimalla t\u00e4m\u00e4n sylinterin ty\u00f6nkulkuusi parannat merkitt\u00e4v\u00e4sti turvallisuutta ja toiminnan tehokkuutta, jolloin tiimisi voi keskitty\u00e4 ydinteht\u00e4viins\u00e4.<\/p>\n<p>Investoi varsillisten nostolaitteidesi tasaus\u00f6ljysylinteriin ja paranna nostolaitteidesi kykyj\u00e4 varmistaen, ett\u00e4 toimintasi saavuttaa uusia menestyksen korkeuksia.<\/p>\n<h2><strong>Tasoitus\u00f6ljysylinteri varsityyppisille ilma-aluksille Parametri:<\/strong><\/h2>\n<h1 style=\"text-align: center;\"><img loading=\"lazy\" decoding=\"async\" class=\"alignnone size-full wp-image-17223\" src=\"https:\/\/www.hydraulic-cylinders.net\/wp-content\/uploads\/2025\/02\/hcyy11112008-upper-leveling-cylinder-for-aerial-work-vehicles-1.webp\" alt=\"\" width=\"1506\" height=\"138\" srcset=\"https:\/\/www.hydraulic-cylinders.net\/wp-content\/uploads\/2025\/02\/hcyy11112008-upper-leveling-cylinder-for-aerial-work-vehicles-1.webp 1506w, https:\/\/www.hydraulic-cylinders.net\/wp-content\/uploads\/2025\/02\/hcyy11112008-upper-leveling-cylinder-for-aerial-work-vehicles-1-1280x117.webp 1280w, https:\/\/www.hydraulic-cylinders.net\/wp-content\/uploads\/2025\/02\/hcyy11112008-upper-leveling-cylinder-for-aerial-work-vehicles-1-980x90.webp 980w, https:\/\/www.hydraulic-cylinders.net\/wp-content\/uploads\/2025\/02\/hcyy11112008-upper-leveling-cylinder-for-aerial-work-vehicles-1-480x44.webp 480w\" sizes=\"(min-width: 0px) and (max-width: 480px) 480px, (min-width: 481px) and (max-width: 980px) 980px, (min-width: 981px) and (max-width: 1280px) 1280px, (min-width: 1281px) 1506px, 100vw\" \/> \u00a0<img loading=\"lazy\" decoding=\"async\" class=\"alignnone size-full wp-image-17225\" src=\"https:\/\/www.hydraulic-cylinders.net\/wp-content\/uploads\/2025\/02\/hcyy11112008-upper-leveling-cylinder-for-aerial-work-vehicles-3.webp\" alt=\"\" width=\"1481\" height=\"709\" srcset=\"https:\/\/www.hydraulic-cylinders.net\/wp-content\/uploads\/2025\/02\/hcyy11112008-upper-leveling-cylinder-for-aerial-work-vehicles-3.webp 1481w, https:\/\/www.hydraulic-cylinders.net\/wp-content\/uploads\/2025\/02\/hcyy11112008-upper-leveling-cylinder-for-aerial-work-vehicles-3-1280x613.webp 1280w, https:\/\/www.hydraulic-cylinders.net\/wp-content\/uploads\/2025\/02\/hcyy11112008-upper-leveling-cylinder-for-aerial-work-vehicles-3-980x469.webp 980w, https:\/\/www.hydraulic-cylinders.net\/wp-content\/uploads\/2025\/02\/hcyy11112008-upper-leveling-cylinder-for-aerial-work-vehicles-3-480x230.webp 480w\" sizes=\"(min-width: 0px) and (max-width: 480px) 480px, (min-width: 481px) and (max-width: 980px) 980px, (min-width: 981px) and (max-width: 1280px) 1280px, (min-width: 1281px) 1481px, 100vw\" \/> <img loading=\"lazy\" decoding=\"async\" class=\"alignnone size-full wp-image-17226\" src=\"https:\/\/www.hydraulic-cylinders.net\/wp-content\/uploads\/2025\/02\/hcyy11112008-upper-leveling-cylinder-for-aerial-work-vehicles-4.webp\" alt=\"\" width=\"1479\" height=\"712\" srcset=\"https:\/\/www.hydraulic-cylinders.net\/wp-content\/uploads\/2025\/02\/hcyy11112008-upper-leveling-cylinder-for-aerial-work-vehicles-4.webp 1479w, https:\/\/www.hydraulic-cylinders.net\/wp-content\/uploads\/2025\/02\/hcyy11112008-upper-leveling-cylinder-for-aerial-work-vehicles-4-1280x616.webp 1280w, https:\/\/www.hydraulic-cylinders.net\/wp-content\/uploads\/2025\/02\/hcyy11112008-upper-leveling-cylinder-for-aerial-work-vehicles-4-980x472.webp 980w, https:\/\/www.hydraulic-cylinders.net\/wp-content\/uploads\/2025\/02\/hcyy11112008-upper-leveling-cylinder-for-aerial-work-vehicles-4-480x231.webp 480w\" sizes=\"(min-width: 0px) and (max-width: 480px) 480px, (min-width: 481px) and (max-width: 980px) 980px, (min-width: 981px) and (max-width: 1280px) 1280px, (min-width: 1281px) 1479px, 100vw\" \/> <img loading=\"lazy\" decoding=\"async\" class=\"alignnone size-full wp-image-17227\" src=\"https:\/\/www.hydraulic-cylinders.net\/wp-content\/uploads\/2025\/02\/hcyy11112008-upper-leveling-cylinder-for-aerial-work-vehicles-5.webp\" alt=\"\" width=\"1499\" height=\"774\" srcset=\"https:\/\/www.hydraulic-cylinders.net\/wp-content\/uploads\/2025\/02\/hcyy11112008-upper-leveling-cylinder-for-aerial-work-vehicles-5.webp 1499w, https:\/\/www.hydraulic-cylinders.net\/wp-content\/uploads\/2025\/02\/hcyy11112008-upper-leveling-cylinder-for-aerial-work-vehicles-5-1280x661.webp 1280w, https:\/\/www.hydraulic-cylinders.net\/wp-content\/uploads\/2025\/02\/hcyy11112008-upper-leveling-cylinder-for-aerial-work-vehicles-5-980x506.webp 980w, https:\/\/www.hydraulic-cylinders.net\/wp-content\/uploads\/2025\/02\/hcyy11112008-upper-leveling-cylinder-for-aerial-work-vehicles-5-480x248.webp 480w\" sizes=\"(min-width: 0px) and (max-width: 480px) 480px, (min-width: 481px) and (max-width: 980px) 980px, (min-width: 981px) and (max-width: 1280px) 1280px, (min-width: 1281px) 1499px, 100vw\" \/><\/h1>\n<h2><strong>Ilma-alusten sylinterisarja:<\/strong><\/h2>\n<h2><img loading=\"lazy\" decoding=\"async\" class=\"wp-image-1044652 size-full aligncenter\" src=\"https:\/\/images.hzpt.com\/2025\/02\/cylinder-series-for-aerial-work-vehicles.webp\" alt=\"\" width=\"751\" height=\"850\" \/><\/h2>\n<h2><strong>Varsityyppisten ilma-alusten tasoitus\u00f6ljysylinterin t\u00e4rkeimm\u00e4t ominaisuudet:<\/strong><\/h2>\n<h4><strong>Kest\u00e4v\u00e4 rakenne<\/strong><\/h4>\n<p>Varsityyppisille henkil\u00f6nostimille tarkoitettu tasaus\u00f6ljysylinteri on valmistettu eritt\u00e4in lujista ja korroosionkest\u00e4vist\u00e4 materiaaleista, jotka varmistavat, ett\u00e4 se kest\u00e4\u00e4 haastavimmatkin ymp\u00e4rist\u00f6olosuhteet. T\u00e4m\u00e4 kest\u00e4vyys tarkoittaa pitk\u00e4kestoista suorituskyky\u00e4 ja v\u00e4hent\u00e4\u00e4 merkitt\u00e4v\u00e4sti osien vaihtotarvetta. Altistettiinpa sylinteri \u00e4\u00e4rimm\u00e4isille l\u00e4mp\u00f6tiloille, kosteudelle tai hankaaville aineille, se s\u00e4ilytt\u00e4\u00e4 eheytens\u00e4, mik\u00e4 tekee siit\u00e4 luotettavan valinnan vaativiin henkil\u00f6nostoihin.<\/p>\n<h4><strong>Tarkkuustekniikka<\/strong><\/h4>\n<p>Tarkkuus mieless\u00e4 suunniteltu varsivarsillisten henkil\u00f6nostimien tasaus\u00f6ljysylinteri mahdollistaa sujuvan ja tarkan tasauksen, mik\u00e4 on kriittist\u00e4 turvallisen ilmassa ty\u00f6skentelyn kannalta. Sen edistyksellinen rakenne minimoi ep\u00e4vakauden riskin varmistaen, ett\u00e4 k\u00e4ytt\u00e4j\u00e4t voivat suorittaa teht\u00e4vi\u00e4 luottavaisin mielin korkealla. T\u00e4m\u00e4 tarkkuustaso ei ainoastaan \u200b\u200bparanna turvallisuutta, vaan my\u00f6s parantaa kokonaistuottavuutta, koska ty\u00f6ntekij\u00e4t voivat keskitty\u00e4 teht\u00e4viins\u00e4 huolehtimatta laitteiden toimintah\u00e4iri\u00f6ist\u00e4.<\/p>\n<h4><strong>Helppo asennus<\/strong><\/h4>\n<p>Tasoitus\u00f6ljysylinteri on suunniteltu helppoa asennusta varten, mik\u00e4 minimoi seisokkiajat ja antaa k\u00e4ytt\u00e4jille mahdollisuuden jatkaa ty\u00f6t\u00e4\u00e4n nopeasti. Selke\u00e4t ohjeet ja intuitiivinen muotoilu tekev\u00e4t siit\u00e4 helppok\u00e4ytt\u00f6isen eri taitotasoille, mik\u00e4 tarkoittaa, ett\u00e4 tiimit voivat integroida t\u00e4m\u00e4n komponentin tehokkaasti olemassa oleviin j\u00e4rjestelmiins\u00e4. Helppo asennus auttaa virtaviivaistamaan toimintaa, jolloin aikaa voidaan k\u00e4ytt\u00e4\u00e4 tuottavaan toimintaan asennuksen sijaan.<\/p>\n<h4><strong>Suuri kuormituskapasiteetti<\/strong><\/h4>\n<p>Yksi varsivarsillisten nostolaitteiden tasaus\u00f6ljysylinterin erottuvista ominaisuuksista on sen vaikuttava kuormituskapasiteetti. T\u00e4m\u00e4 sylinteri kest\u00e4\u00e4 huomattavaa painoa, joten se sopii monenlaisiin nostot\u00f6ihin. Olipa kyseess\u00e4 sitten raskaiden laitteiden nostaminen tai useiden ty\u00f6ntekij\u00f6iden tukeminen, HCYY11112008 varmistaa, ett\u00e4 turvallisuus ei koskaan vaarannu. Sen vankka suorituskyky lis\u00e4\u00e4 k\u00e4ytt\u00e4jien luottamusta, sill\u00e4 he tiet\u00e4v\u00e4t, ett\u00e4 siihen voi luottaa vaativissa teht\u00e4viss\u00e4.<\/p>\n<h4><strong>Monipuolinen yhteensopivuus<\/strong><\/h4>\n<p>Puomityyppisille henkil\u00f6nostimille tarkoitettu tasaus\u00f6ljysylinteri on monipuolinen ja yhteensopiva erilaisten henkil\u00f6nostimien kanssa. T\u00e4m\u00e4 joustavuus parantaa toimivuutta eri malleissa, mik\u00e4 tekee siit\u00e4 ihanteellisen valinnan laivaston toimintaan. K\u00e4ytitp\u00e4 sitten saksinostinta, puominostinta tai muita henkil\u00f6nostimia, t\u00e4m\u00e4 sylinteri integroituu saumattomasti parantaen koneesi kokonaistehokkuutta ja laajentaen toimintakyky\u00e4si.<\/p>\n<h2><strong>Miten varsityyppisten ilma-alusten tasoitus\u00f6ljysylinteri toimii?<\/strong><\/h2>\n<p>Varsimallisille nostokoneille tarkoitettu tasaus\u00f6ljysylinteri parantaa nostokoneiden turvallisuutta ja tehokkuutta useilla keskeisill\u00e4 tavoilla:<\/p>\n<h4><strong>Parannettu vakaus<\/strong><\/h4>\n<p>Tarkan tasauksen ansiosta sylinteri varmistaa, ett\u00e4 ilmassa toimivat ty\u00f6koneet pysyv\u00e4t vakaina korkealla ty\u00f6skentelyn aikana. T\u00e4m\u00e4 vakaus v\u00e4hent\u00e4\u00e4 kaatumisen tai ep\u00e4tasaisten pintojen aiheuttamien onnettomuuksien riski\u00e4.<\/p>\n<h4><strong>Parannettu kuormituksenhallinta<\/strong><\/h4>\n<p>Suuren kuormituskapasiteettinsa ansiosta varsimallisille nostoajoneuvoille tarkoitettu tasaus\u00f6ljysylinteri k\u00e4sittelee tehokkaasti merkitt\u00e4vi\u00e4 painoja, jolloin k\u00e4ytt\u00e4j\u00e4t voivat nostaa raskaita laitteita ja henkil\u00f6st\u00f6\u00e4 turvallisesti turvallisuutta vaarantamatta.<\/p>\n<h4><strong>Nopea asennus ja seisokkiajan lyhent\u00e4minen<\/strong><\/h4>\n<p>Helppo asennusprosessi minimoi seisokkiajat, jolloin k\u00e4ytt\u00e4j\u00e4t voivat palata t\u00f6ihin nopeasti. V\u00e4hemm\u00e4n seisokkiaikoja tarkoittaa lis\u00e4\u00e4ntynytt\u00e4 tuottavuutta ja tehokkaampaa resurssien k\u00e4ytt\u00f6\u00e4.<\/p>\n<h4><strong>Luotettava suorituskyky vaativissa olosuhteissa<\/strong><\/h4>\n<p>Kest\u00e4vist\u00e4 ja korroosionkest\u00e4vist\u00e4 materiaaleista valmistettu varsimallisille nostoajoneuvoille tarkoitettu tasaus\u00f6ljysylinteri kest\u00e4\u00e4 haastavia ymp\u00e4rist\u00f6olosuhteita varmistaen tasaisen suorituskyvyn ja v\u00e4hent\u00e4en turvallisuusriskej\u00e4 aiheuttavien mekaanisten vikojen todenn\u00e4k\u00f6isyytt\u00e4.<\/p>\n<h4><strong>Monipuolinen yhteensopivuus<\/strong><\/h4>\n<p>Sen yhteensopivuus erilaisten ilma-alusmallien kanssa parantaa toiminnan joustavuutta, jolloin tiimit voivat sopeutua nopeasti erilaisiin teht\u00e4viin ilman laajoja laitevaihtoja.<\/p>\n<p>Kaiken kaikkiaan varsik\u00e4ytt\u00f6isten henkil\u00f6nostimien tasaava \u00f6ljysylinteri ei ainoastaan \u200b\u200bparanna ilmassa teht\u00e4vien toimintojen turvallisuutta, vaan my\u00f6s tehostaa merkitt\u00e4v\u00e4sti toiminnan tehokkuutta, jolloin tiimit voivat suorittaa ty\u00f6ns\u00e4 luottavaisesti ja luotettavasti.<\/p>\n<h2><strong>Ilma-alusten sylinterien tuotantoalue:<\/strong><\/h2>\n<h2><img loading=\"lazy\" decoding=\"async\" class=\"alignnone size-full wp-image-16972\" src=\"https:\/\/www.hydraulic-cylinders.net\/wp-content\/uploads\/2025\/01\/hydraulic-cylinder-factory-1-scaled.webp\" alt=\"\" width=\"2016\" height=\"2560\" srcset=\"https:\/\/www.hydraulic-cylinders.net\/wp-content\/uploads\/2025\/01\/hydraulic-cylinder-factory-1-scaled.webp 2016w, https:\/\/www.hydraulic-cylinders.net\/wp-content\/uploads\/2025\/01\/hydraulic-cylinder-factory-1-1280x1625.webp 1280w, https:\/\/www.hydraulic-cylinders.net\/wp-content\/uploads\/2025\/01\/hydraulic-cylinder-factory-1-980x1244.webp 980w, https:\/\/www.hydraulic-cylinders.net\/wp-content\/uploads\/2025\/01\/hydraulic-cylinder-factory-1-480x610.webp 480w\" sizes=\"(min-width: 0px) and (max-width: 480px) 480px, (min-width: 481px) and (max-width: 980px) 980px, (min-width: 981px) and (max-width: 1280px) 1280px, (min-width: 1281px) 2016px, 100vw\" \/><\/h2>\n<p>Meill\u00e4 on huippuluokan itsen\u00e4inen kokoonpanoon keskittynyt tutkimus- ja kehitysalusta, joka varmistaa huippuluokan innovaatiot ja laadun valmistusprosesseissamme. Trukkisylinterien tuotantolaitoksessamme on nelj\u00e4 puoliautomaattista nostosylinterien kokoonpanolinjaa ja t\u00e4ysautomaattinen kallistussylinterien kokoonpanolinja, jotka on yhteens\u00e4 suunniteltu tuottamaan jopa miljoona yksikk\u00f6\u00e4 vuodessa.<\/p>\n<p>Lis\u00e4ksi erikoissylinteriverstassamme on k\u00e4yt\u00f6ss\u00e4 erilaisiin tarpeisiin r\u00e4\u00e4t\u00e4l\u00f6idyt puoliautomaattiset puhdistus- ja kokoonpanoj\u00e4rjestelm\u00e4t, joiden vuotuinen tuotantokapasiteetti on 200 000 kappaletta. K\u00e4yt\u00e4mme tunnettuja CNC-laitteita, ty\u00f6st\u00f6keskuksia ja erikoisty\u00f6kaluja tarkkaan sylinterien ty\u00f6st\u00f6\u00f6n. Laitoksellamme on my\u00f6s edistykselliset robottihitsauskoneet, automaattiset puhdistusj\u00e4rjestelm\u00e4t sek\u00e4 t\u00e4ysin automatisoidut sylinterien kokoonpano- ja maalauslinjat. Yli 300 keskeisen laitteen toiminnassa ollessa optimoimme resurssien kohdentamisen ja varmistamme tehokkaan k\u00e4yt\u00f6n t\u00e4ytt\u00e4en tiukat tarkkuus- ja laatustandardit.<\/p>\n<p>Koneistamossamme on mittatilausty\u00f6n\u00e4 valmistetut kallistuskiskosorvauskeskukset, ty\u00f6st\u00f6keskukset, nopeat hoonauskoneet, hitsausrobotit ja muut t\u00e4rke\u00e4t laitteet. T\u00e4m\u00e4n laitteiston avulla voimme ty\u00f6st\u00e4\u00e4 enint\u00e4\u00e4n 400 mm:n sis\u00e4halkaisijan ja jopa 6 metrin pituisia sylinteriputkia, mik\u00e4 parantaa entisest\u00e4\u00e4n tuotantokapasiteettiamme.<\/p>\n<h2><img loading=\"lazy\" decoding=\"async\" class=\"alignnone size-full wp-image-16973\" src=\"https:\/\/www.hydraulic-cylinders.net\/wp-content\/uploads\/2025\/01\/hydraulic-cylinder-factory-2-scaled.webp\" alt=\"\" width=\"2011\" height=\"2560\" srcset=\"https:\/\/www.hydraulic-cylinders.net\/wp-content\/uploads\/2025\/01\/hydraulic-cylinder-factory-2-scaled.webp 2011w, https:\/\/www.hydraulic-cylinders.net\/wp-content\/uploads\/2025\/01\/hydraulic-cylinder-factory-2-1280x1629.webp 1280w, https:\/\/www.hydraulic-cylinders.net\/wp-content\/uploads\/2025\/01\/hydraulic-cylinder-factory-2-980x1248.webp 980w, https:\/\/www.hydraulic-cylinders.net\/wp-content\/uploads\/2025\/01\/hydraulic-cylinder-factory-2-480x611.webp 480w\" sizes=\"(min-width: 0px) and (max-width: 480px) 480px, (min-width: 481px) and (max-width: 980px) 980px, (min-width: 981px) and (max-width: 1280px) 1280px, (min-width: 1281px) 2011px, 100vw\" \/><\/h2>\n<p>K\u00e4yt\u00e4mme t\u00e4ysautomaattista vesipohjaisten maalien pinnoituslinjaa, joka on erityisesti suunniteltu pienille ja keskisuurille sylintereille. Linjassa on automaattiset lastaus-, purku- ja ruiskutusrobotit. T\u00e4m\u00e4n huippumodernin j\u00e4rjestelm\u00e4n tuotantokapasiteetti on 4 000 yksikk\u00f6\u00e4 vuorossa. Lis\u00e4ksi meill\u00e4 on puoliautomaattinen ketjuk\u00e4ytt\u00f6inen maalauslinja suurille sylintereille, jonka suunnittelukapasiteetti on 60 laatikkoa vuorossa.<\/p>\n<p>Parantaaksemme tuotteidemme suorituskyky\u00e4 ja vahvistaaksemme johtoasemaamme hydraulisylintereiden alalla olemme tehneet yhteisty\u00f6t\u00e4 ZJIMEE:n kanssa perustaaksemme kattavan suorituskykylaboratorion, joka on omistettu hydraulisylintereille, venttiileille ja pumpuille. T\u00e4m\u00e4 edistynyt laboratorio hy\u00f6dynt\u00e4\u00e4 tietokoneella avustettua testausta s\u00e4hk\u00f6hydraulisella teknologialla, mik\u00e4 mahdollistaa ennalta asetetut testiolosuhteet, jotka parantavat tarkkuutta ja j\u00e4rjestelm\u00e4n monipuolisuutta. Automaattinen tiedonkeruuprosessi k\u00e4ytt\u00e4\u00e4 antureita tulostietojen, kuten sis\u00e4isen vuodon ja kuormitustehokkuuden, ker\u00e4\u00e4miseen. Tietokone k\u00e4sittelee tiedot ja muuntaa ne standardiyksik\u00f6iksi (ml\/min%).<\/p>\n<p>Lis\u00e4ksi hydraulij\u00e4rjestelmiemme turvallisuuden varmistamiseksi toteutamme tilanvalvonnan t\u00e4rkeimmille suorituskykyparametreille, kuten \u00f6ljyn l\u00e4mp\u00f6tilalle, nestetasolle ja suodatinlaitteen tilalle. Hydraulisylinterien testitelineemme pystyy arvioimaan \"kuormitustehokkuutta\" ja \"sis\u00e4ist\u00e4 vuotoa\" tarkkojen lukemien avulla. Se on my\u00f6s varustettu ritil\u00e4mittauslaitteella, joka t\u00e4ytt\u00e4\u00e4 kansalliset standardit ja varmistaa kaikkien hydraulisylinterituotteiden testausvaatimusten noudattamisen.<\/p>\n<p>&nbsp;<\/p>","protected":false},"excerpt":{"rendered":"<p>Leveling Oil Cylinder For Arm Type Aerial Work Vehicles The leveling oil cylinder for arm type aerial work vehicles is a vital component for aerial work vehicles, providing essential stability and precision during elevated operations. Engineered to boost operational efficiency, this cylinder supports effective leveling and maneuvering, making it indispensable for construction, maintenance, and a [&hellip;]<\/p>","protected":false},"featured_media":17494,"comment_status":"open","ping_status":"closed","template":"","meta":{"_et_pb_use_builder":"","_et_pb_old_content":"","_et_gb_content_width":""},"product_brand":[],"product_cat":[1500,1550,1376],"product_tag":[],"class_list":{"0":"post-17208","1":"product","2":"type-product","3":"status-publish","4":"has-post-thumbnail","6":"product_cat-aerial-work-vehicle-hydraulic-cylinder","7":"product_cat-double-acting-hydraulic-cylinder","8":"product_cat-hydraulic-cylinder","10":"first","11":"instock","12":"shipping-taxable","13":"product-type-simple"},"amp_enabled":true,"_links":{"self":[{"href":"https:\/\/www.hydraulic-cylinders.net\/fi\/wp-json\/wp\/v2\/product\/17208","targetHints":{"allow":["GET"]}}],"collection":[{"href":"https:\/\/www.hydraulic-cylinders.net\/fi\/wp-json\/wp\/v2\/product"}],"about":[{"href":"https:\/\/www.hydraulic-cylinders.net\/fi\/wp-json\/wp\/v2\/types\/product"}],"replies":[{"embeddable":true,"href":"https:\/\/www.hydraulic-cylinders.net\/fi\/wp-json\/wp\/v2\/comments?post=17208"}],"wp:featuredmedia":[{"embeddable":true,"href":"https:\/\/www.hydraulic-cylinders.net\/fi\/wp-json\/wp\/v2\/media\/17494"}],"wp:attachment":[{"href":"https:\/\/www.hydraulic-cylinders.net\/fi\/wp-json\/wp\/v2\/media?parent=17208"}],"wp:term":[{"taxonomy":"product_brand","embeddable":true,"href":"https:\/\/www.hydraulic-cylinders.net\/fi\/wp-json\/wp\/v2\/product_brand?post=17208"},{"taxonomy":"product_cat","embeddable":true,"href":"https:\/\/www.hydraulic-cylinders.net\/fi\/wp-json\/wp\/v2\/product_cat?post=17208"},{"taxonomy":"product_tag","embeddable":true,"href":"https:\/\/www.hydraulic-cylinders.net\/fi\/wp-json\/wp\/v2\/product_tag?post=17208"}],"curies":[{"name":"wp","href":"https:\/\/api.w.org\/{rel}","templated":true}]}}