{"id":17237,"date":"2025-02-23T08:26:58","date_gmt":"2025-02-23T08:26:58","guid":{"rendered":"https:\/\/www.hydraulic-cylinders.net\/?post_type=product&#038;p=17237"},"modified":"2025-04-30T08:37:43","modified_gmt":"2025-04-30T08:37:43","slug":"luffing-cylinder-for-arm-type-aerial-work-vehicles","status":"publish","type":"product","link":"https:\/\/www.hydraulic-cylinders.net\/fi\/tuote\/luffing-cylinder-for-arm-type-aerial-work-vehicles\/","title":{"rendered":"Luffing-sylinteri varsityyppisille ilma-aluksille"},"content":{"rendered":"<h1 style=\"text-align: center;\"><strong>Luffing-sylinteri varsityyppisille ilma-aluksille<\/strong><\/h1>\n<h1 style=\"text-align: center;\"><img loading=\"lazy\" decoding=\"async\" class=\"alignnone size-full wp-image-17240\" src=\"https:\/\/www.hydraulic-cylinders.net\/wp-content\/uploads\/2025\/02\/hcyy11112010-main-boom-angle-cylinder-2.webp\" alt=\"\" width=\"1500\" height=\"520\" srcset=\"https:\/\/www.hydraulic-cylinders.net\/wp-content\/uploads\/2025\/02\/hcyy11112010-main-boom-angle-cylinder-2.webp 1500w, https:\/\/www.hydraulic-cylinders.net\/wp-content\/uploads\/2025\/02\/hcyy11112010-main-boom-angle-cylinder-2-1280x444.webp 1280w, https:\/\/www.hydraulic-cylinders.net\/wp-content\/uploads\/2025\/02\/hcyy11112010-main-boom-angle-cylinder-2-980x340.webp 980w, https:\/\/www.hydraulic-cylinders.net\/wp-content\/uploads\/2025\/02\/hcyy11112010-main-boom-angle-cylinder-2-480x166.webp 480w\" sizes=\"(min-width: 0px) and (max-width: 480px) 480px, (min-width: 481px) and (max-width: 980px) 980px, (min-width: 981px) and (max-width: 1280px) 1280px, (min-width: 1281px) 1500px, 100vw\" \/><\/h1>\n<p>Nostolavojen nostosylinteri on edistynyt komponentti, joka on suunniteltu erityisesti henkil\u00f6nostimille. T\u00e4m\u00e4 sylinteri parantaa merkitt\u00e4v\u00e4sti henkil\u00f6nostimien ohjattavuutta ja toimivuutta, mik\u00e4 tekee siit\u00e4 v\u00e4ltt\u00e4m\u00e4tt\u00f6m\u00e4n useilla eri toimialoilla, kuten rakentamisessa, kunnossapidossa ja televiestinn\u00e4ss\u00e4. Kest\u00e4v\u00e4n rakenteensa ja huippuluokan tekniikkansa ansiosta HCYY11112010 takaa turvallisen ja tehokkaan k\u00e4yt\u00f6n korkeissa korkeuksissa.<\/p>\n<p>T\u00e4m\u00e4 sylinteri on ratkaisevan t\u00e4rke\u00e4 sek\u00e4 turvallisuuden ett\u00e4 tehokkuuden parantamiseksi ilmassa teht\u00e4viss\u00e4 t\u00f6iss\u00e4. Sen kest\u00e4v\u00e4 rakenne, k\u00e4ytt\u00e4j\u00e4yst\u00e4v\u00e4llinen muotoilu ja tarkka toiminnallisuus vastaavat eri alojen ammattilaisten vaativiin tarpeisiin. Noudattamalla asianmukaisia \u200b\u200bk\u00e4ytt\u00f6- ja huolto-ohjeita k\u00e4ytt\u00e4j\u00e4t voivat varmistaa, ett\u00e4 luffaussylinteri tarjoaa jatkuvasti luotettavaa suorituskyky\u00e4, virtaviivaistaa ilmassa teht\u00e4vi\u00e4 toimintoja ja parantaa tehokkuutta.<\/p>\n<p>Kaivuvarsilla varustettujen henkil\u00f6autojen nostosylinteriin investoiminen ei ainoastaan \u200b\u200bparanna henkil\u00f6liikenteen suorituskyky\u00e4si, vaan my\u00f6s nostaa laitteidesi yleist\u00e4 suorituskyky\u00e4, jolloin voit hoitaa teht\u00e4v\u00e4t luottavaisin mielin ja tarkasti.<\/p>\n<h2><strong>Luffing-sylinteri varren tyyppisille ilma-aluksille Parametri:<\/strong><\/h2>\n<h1 style=\"text-align: center;\"><img loading=\"lazy\" decoding=\"async\" class=\"alignnone size-full wp-image-17239\" src=\"https:\/\/www.hydraulic-cylinders.net\/wp-content\/uploads\/2025\/02\/hcyy11112010-main-boom-angle-cylinder-1.webp\" alt=\"\" width=\"1512\" height=\"146\" srcset=\"https:\/\/www.hydraulic-cylinders.net\/wp-content\/uploads\/2025\/02\/hcyy11112010-main-boom-angle-cylinder-1.webp 1512w, https:\/\/www.hydraulic-cylinders.net\/wp-content\/uploads\/2025\/02\/hcyy11112010-main-boom-angle-cylinder-1-1280x124.webp 1280w, https:\/\/www.hydraulic-cylinders.net\/wp-content\/uploads\/2025\/02\/hcyy11112010-main-boom-angle-cylinder-1-980x95.webp 980w, https:\/\/www.hydraulic-cylinders.net\/wp-content\/uploads\/2025\/02\/hcyy11112010-main-boom-angle-cylinder-1-480x46.webp 480w\" sizes=\"(min-width: 0px) and (max-width: 480px) 480px, (min-width: 481px) and (max-width: 980px) 980px, (min-width: 981px) and (max-width: 1280px) 1280px, (min-width: 1281px) 1512px, 100vw\" \/> \u00a0<img loading=\"lazy\" decoding=\"async\" class=\"alignnone size-full wp-image-17241\" src=\"https:\/\/www.hydraulic-cylinders.net\/wp-content\/uploads\/2025\/02\/hcyy11112010-main-boom-angle-cylinder-3.webp\" alt=\"\" width=\"1479\" height=\"710\" srcset=\"https:\/\/www.hydraulic-cylinders.net\/wp-content\/uploads\/2025\/02\/hcyy11112010-main-boom-angle-cylinder-3.webp 1479w, https:\/\/www.hydraulic-cylinders.net\/wp-content\/uploads\/2025\/02\/hcyy11112010-main-boom-angle-cylinder-3-1280x614.webp 1280w, https:\/\/www.hydraulic-cylinders.net\/wp-content\/uploads\/2025\/02\/hcyy11112010-main-boom-angle-cylinder-3-980x470.webp 980w, https:\/\/www.hydraulic-cylinders.net\/wp-content\/uploads\/2025\/02\/hcyy11112010-main-boom-angle-cylinder-3-480x230.webp 480w\" sizes=\"(min-width: 0px) and (max-width: 480px) 480px, (min-width: 481px) and (max-width: 980px) 980px, (min-width: 981px) and (max-width: 1280px) 1280px, (min-width: 1281px) 1479px, 100vw\" \/> <img loading=\"lazy\" decoding=\"async\" class=\"alignnone size-full wp-image-17242\" src=\"https:\/\/www.hydraulic-cylinders.net\/wp-content\/uploads\/2025\/02\/hcyy11112010-main-boom-angle-cylinder-4.webp\" alt=\"\" width=\"1471\" height=\"710\" srcset=\"https:\/\/www.hydraulic-cylinders.net\/wp-content\/uploads\/2025\/02\/hcyy11112010-main-boom-angle-cylinder-4.webp 1471w, https:\/\/www.hydraulic-cylinders.net\/wp-content\/uploads\/2025\/02\/hcyy11112010-main-boom-angle-cylinder-4-1280x618.webp 1280w, https:\/\/www.hydraulic-cylinders.net\/wp-content\/uploads\/2025\/02\/hcyy11112010-main-boom-angle-cylinder-4-980x473.webp 980w, https:\/\/www.hydraulic-cylinders.net\/wp-content\/uploads\/2025\/02\/hcyy11112010-main-boom-angle-cylinder-4-480x232.webp 480w\" sizes=\"(min-width: 0px) and (max-width: 480px) 480px, (min-width: 481px) and (max-width: 980px) 980px, (min-width: 981px) and (max-width: 1280px) 1280px, (min-width: 1281px) 1471px, 100vw\" \/> <img loading=\"lazy\" decoding=\"async\" class=\"alignnone size-full wp-image-17243\" src=\"https:\/\/www.hydraulic-cylinders.net\/wp-content\/uploads\/2025\/02\/hcyy11112010-main-boom-angle-cylinder-5.webp\" alt=\"\" width=\"1497\" height=\"764\" srcset=\"https:\/\/www.hydraulic-cylinders.net\/wp-content\/uploads\/2025\/02\/hcyy11112010-main-boom-angle-cylinder-5.webp 1497w, https:\/\/www.hydraulic-cylinders.net\/wp-content\/uploads\/2025\/02\/hcyy11112010-main-boom-angle-cylinder-5-1280x653.webp 1280w, https:\/\/www.hydraulic-cylinders.net\/wp-content\/uploads\/2025\/02\/hcyy11112010-main-boom-angle-cylinder-5-980x500.webp 980w, https:\/\/www.hydraulic-cylinders.net\/wp-content\/uploads\/2025\/02\/hcyy11112010-main-boom-angle-cylinder-5-480x245.webp 480w\" sizes=\"(min-width: 0px) and (max-width: 480px) 480px, (min-width: 481px) and (max-width: 980px) 980px, (min-width: 981px) and (max-width: 1280px) 1280px, (min-width: 1281px) 1497px, 100vw\" \/><\/h1>\n<h2><strong>Ilma-alusten sylinterisarja:<\/strong><\/h2>\n<h2><img loading=\"lazy\" decoding=\"async\" class=\"wp-image-1044652 size-full aligncenter\" src=\"https:\/\/images.hzpt.com\/2025\/02\/cylinder-series-for-aerial-work-vehicles.webp\" alt=\"\" width=\"751\" height=\"850\" \/><\/h2>\n<h2><strong>Varsityyppisten ilma-alusten nostosylinterin t\u00e4rkeimm\u00e4t ominaisuudet:<\/strong><\/h2>\n<h4><strong>S\u00e4\u00e4nn\u00f6lliset tarkastukset<\/strong><\/h4>\n<p>Rutiinitarkastusten suorittaminen on elint\u00e4rke\u00e4\u00e4 varsityyppisten ilma-alusten nostosylinterin suorituskyvyn ja turvallisuuden yll\u00e4pit\u00e4miseksi. Tarkista tiivisteiden ja letkujen n\u00e4kyv\u00e4 kuluminen, tarkista hydrauliikkavuodot ja etsi merkkej\u00e4 vaurioista, kuten lommoista tai korroosiosta. N\u00e4iden ongelmien varhainen havaitseminen mahdollistaa oikea-aikaiset korjaukset, est\u00e4\u00e4 lis\u00e4vaurioita ja varmistaa sylinterin tehokkaan toiminnan.<\/p>\n<h4><strong>Voitelu<\/strong><\/h4>\n<p>Oikea voitelu on v\u00e4ltt\u00e4m\u00e4t\u00f6nt\u00e4 luffaussylinterin pitk\u00e4ik\u00e4isyyden kannalta. Levit\u00e4 suositeltuja voiteluaineita liikkuviin osiin s\u00e4\u00e4nn\u00f6llisesti valmistajan ohjeiden mukaisesti. T\u00e4m\u00e4 k\u00e4yt\u00e4nt\u00f6 v\u00e4hent\u00e4\u00e4 kitkaa, minimoi kulumista ja parantaa sylinterin tasaista toimintaa. Varmista, ett\u00e4 voitelukohtiin p\u00e4\u00e4see helposti k\u00e4siksi ja ett\u00e4 ylim\u00e4\u00e4r\u00e4inen voiteluaine pyyhit\u00e4\u00e4n pois kontaminaation est\u00e4miseksi.<\/p>\n<h4><strong>Hydraulinesteiden tasot<\/strong><\/h4>\n<p>Hydraulinesteen tason seuranta on ratkaisevan t\u00e4rke\u00e4\u00e4 optimaalisen toiminnan kannalta. Tarkista s\u00e4\u00e4nn\u00f6llisesti nestes\u00e4ili\u00f6 varmistaaksesi, ett\u00e4 se on suositellulla tasolla. Alhainen hydraulineste voi johtaa suorituskyvyn heikkenemiseen, nostokapasiteetin pienenemiseen ja mahdolliseen ylikuumenemiseen. Jos nestetasot ovat alhaiset, lis\u00e4\u00e4 v\u00e4litt\u00f6m\u00e4sti sopivaa hydraulinestett\u00e4 tehokkuuden yll\u00e4pit\u00e4miseksi ja vaurioiden est\u00e4miseksi.<\/p>\n<h4><strong>Puhdistus<\/strong><\/h4>\n<p>Puomityyppisten ilma-alusten nostosylinterin pit\u00e4minen puhtaana on v\u00e4ltt\u00e4m\u00e4t\u00f6nt\u00e4 sen tehokkaan toiminnan kannalta. Puhdista sylinteri s\u00e4\u00e4nn\u00f6llisesti roskien, lian ja ep\u00e4puhtauksien poistamiseksi, jotka voivat h\u00e4irit\u00e4 sen toimintaa. Pyyhi pinnat kostealla liinalla kiinnitt\u00e4en erityist\u00e4 huomiota tiivisteisiin ja niveliin, jotta lika ei p\u00e4\u00e4se hydraulij\u00e4rjestelm\u00e4\u00e4n. Puhdas sylinteri ei ainoastaan \u200b\u200btoimi paremmin, vaan my\u00f6s pident\u00e4\u00e4 sen k\u00e4ytt\u00f6ik\u00e4\u00e4.<\/p>\n<h4><strong>Ammattimainen huolto<\/strong><\/h4>\n<p>M\u00e4\u00e4r\u00e4aikaishuollon aikatauluttaminen p\u00e4tev\u00e4n teknikon toimesta on ratkaisevan t\u00e4rke\u00e4\u00e4 kattavan huollon kannalta. Ammattilainen voi suorittaa perusteellisia tarkastuksia, vianm\u00e4\u00e4rityksen ja varmistaa, ett\u00e4 kaikki komponentit toimivat oikein. T\u00e4m\u00e4 ennakoiva l\u00e4hestymistapa auttaa tunnistamaan mahdolliset ongelmat ennen kuin ne pahenevat, varmistaen, ett\u00e4 HCYY11112010 s\u00e4ilytt\u00e4\u00e4 huippusuorituskykyns\u00e4 ja luotettavuutensa koko k\u00e4ytt\u00f6ik\u00e4ns\u00e4 ajan. S\u00e4\u00e4nn\u00f6lliset ammattilaisen tarkastukset tarjoavat my\u00f6s mielenrauhaa tiet\u00e4en, ett\u00e4 laite t\u00e4ytt\u00e4\u00e4 turvallisuusstandardit ja k\u00e4ytt\u00f6ohjeet.<\/p>\n<h2><strong>Kuinka usein varsi-tyyppisten ilma-alusten nostosylinteri tulisi tarkastaa?<\/strong><\/h2>\n<p>Puomityyppisten nostinlaitteiden nostosylinterin optimaalisen suorituskyvyn ja turvallisuuden varmistamiseksi on eritt\u00e4in t\u00e4rke\u00e4\u00e4 laatia rutiininomainen tarkastusaikataulu. Pyri suorittamaan perusteelliset tarkastukset v\u00e4hint\u00e4\u00e4n kerran kuukaudessa. Jos sylinteri\u00e4si kuitenkin k\u00e4ytet\u00e4\u00e4n usein tai se toimii vaativissa olosuhteissa, kuten \u00e4\u00e4rimm\u00e4isiss\u00e4 l\u00e4mp\u00f6tiloissa, paljon p\u00f6ly\u00e4 tai kosteutta, on viisasta lis\u00e4t\u00e4 tarkastusten tiheytt\u00e4 viikoittaisiin.<\/p>\n<p>S\u00e4\u00e4nn\u00f6lliset tarkastukset ovat ensimm\u00e4inen puolustuslinjasi kunnossapidossa. Ne tarjoavat mahdollisuuden tunnistaa kulumisen, hydrauliikkavuotojen tai vaurioiden varhaiset merkit ennen kuin ne pahenevat vakavammiksi ongelmiksi. T\u00e4m\u00e4 ennakoiva l\u00e4hestymistapa ei ainoastaan \u200b\u200bs\u00e4\u00e4st\u00e4 sinua mahdollisilta kalliilta korjauksilta, vaan my\u00f6s parantaa ilmassa toimimisen turvallisuutta. Kuvittele mielenrauha, joka tulee tiedosta, ett\u00e4 laitteesi toimivat moitteettomasti ja ovat valmiita kohtaamaan mink\u00e4 tahansa haasteen luottavaisin mielin.<\/p>\n<p>Tarkastusten sis\u00e4llytt\u00e4minen rutiiniisi ei ainoastaan \u200b\u200bvarmista, ett\u00e4 nostovarsillisten nostolaitteiden nostosylinteri pysyy huippukunnossa, vaan my\u00f6s pident\u00e4\u00e4 sen k\u00e4ytt\u00f6ik\u00e4\u00e4 ja maksimoi lopulta investointisi tuoton. Sitoutumalla s\u00e4\u00e4nn\u00f6llisiin tarkastuksiin annat tiimillesi mahdollisuuden ty\u00f6skennell\u00e4 tehokkaammin ja turvallisemmin, jolloin voit keskitty\u00e4 siihen, mill\u00e4 on todella merkityst\u00e4 \u2013 ty\u00f6n tekemiseen oikein. Aseta tarkastukset etusijalle ja katso, kuinka toiminnan tehokkuus kasvaa!<\/p>\n<h2><strong>Ilma-alusten sylinterien tuotantoalue:<\/strong><\/h2>\n<h2><img loading=\"lazy\" decoding=\"async\" class=\"alignnone size-full wp-image-16972\" src=\"https:\/\/www.hydraulic-cylinders.net\/wp-content\/uploads\/2025\/01\/hydraulic-cylinder-factory-1-scaled.webp\" alt=\"\" width=\"2016\" height=\"2560\" srcset=\"https:\/\/www.hydraulic-cylinders.net\/wp-content\/uploads\/2025\/01\/hydraulic-cylinder-factory-1-scaled.webp 2016w, https:\/\/www.hydraulic-cylinders.net\/wp-content\/uploads\/2025\/01\/hydraulic-cylinder-factory-1-1280x1625.webp 1280w, https:\/\/www.hydraulic-cylinders.net\/wp-content\/uploads\/2025\/01\/hydraulic-cylinder-factory-1-980x1244.webp 980w, https:\/\/www.hydraulic-cylinders.net\/wp-content\/uploads\/2025\/01\/hydraulic-cylinder-factory-1-480x610.webp 480w\" sizes=\"(min-width: 0px) and (max-width: 480px) 480px, (min-width: 481px) and (max-width: 980px) 980px, (min-width: 981px) and (max-width: 1280px) 1280px, (min-width: 1281px) 2016px, 100vw\" \/><\/h2>\n<p>Meill\u00e4 on huippuluokan itsen\u00e4inen kokoonpanoon keskittynyt tutkimus- ja kehitysalusta, joka varmistaa huippuluokan innovaatiot ja laadun valmistusprosesseissamme. Trukkisylinterien tuotantolaitoksessamme on nelj\u00e4 puoliautomaattista nostosylinterien kokoonpanolinjaa ja t\u00e4ysautomaattinen kallistussylinterien kokoonpanolinja, jotka on yhteens\u00e4 suunniteltu tuottamaan jopa miljoona yksikk\u00f6\u00e4 vuodessa.<\/p>\n<p>Lis\u00e4ksi erikoissylinteriverstassamme on k\u00e4yt\u00f6ss\u00e4 erilaisiin tarpeisiin r\u00e4\u00e4t\u00e4l\u00f6idyt puoliautomaattiset puhdistus- ja kokoonpanoj\u00e4rjestelm\u00e4t, joiden vuotuinen tuotantokapasiteetti on 200 000 kappaletta. K\u00e4yt\u00e4mme tunnettuja CNC-laitteita, ty\u00f6st\u00f6keskuksia ja erikoisty\u00f6kaluja tarkkaan sylinterien ty\u00f6st\u00f6\u00f6n. Laitoksellamme on my\u00f6s edistykselliset robottihitsauskoneet, automaattiset puhdistusj\u00e4rjestelm\u00e4t sek\u00e4 t\u00e4ysin automatisoidut sylinterien kokoonpano- ja maalauslinjat. Yli 300 keskeisen laitteen toiminnassa ollessa optimoimme resurssien kohdentamisen ja varmistamme tehokkaan k\u00e4yt\u00f6n t\u00e4ytt\u00e4en tiukat tarkkuus- ja laatustandardit.<\/p>\n<p>Koneistamossamme on mittatilausty\u00f6n\u00e4 valmistetut kallistuskiskosorvauskeskukset, ty\u00f6st\u00f6keskukset, nopeat hoonauskoneet, hitsausrobotit ja muut t\u00e4rke\u00e4t laitteet. T\u00e4m\u00e4n laitteiston avulla voimme ty\u00f6st\u00e4\u00e4 enint\u00e4\u00e4n 400 mm:n sis\u00e4halkaisijan ja jopa 6 metrin pituisia sylinteriputkia, mik\u00e4 parantaa entisest\u00e4\u00e4n tuotantokapasiteettiamme.<\/p>\n<h2><img loading=\"lazy\" decoding=\"async\" class=\"alignnone size-full wp-image-16973\" src=\"https:\/\/www.hydraulic-cylinders.net\/wp-content\/uploads\/2025\/01\/hydraulic-cylinder-factory-2-scaled.webp\" alt=\"\" width=\"2011\" height=\"2560\" srcset=\"https:\/\/www.hydraulic-cylinders.net\/wp-content\/uploads\/2025\/01\/hydraulic-cylinder-factory-2-scaled.webp 2011w, https:\/\/www.hydraulic-cylinders.net\/wp-content\/uploads\/2025\/01\/hydraulic-cylinder-factory-2-1280x1629.webp 1280w, https:\/\/www.hydraulic-cylinders.net\/wp-content\/uploads\/2025\/01\/hydraulic-cylinder-factory-2-980x1248.webp 980w, https:\/\/www.hydraulic-cylinders.net\/wp-content\/uploads\/2025\/01\/hydraulic-cylinder-factory-2-480x611.webp 480w\" sizes=\"(min-width: 0px) and (max-width: 480px) 480px, (min-width: 481px) and (max-width: 980px) 980px, (min-width: 981px) and (max-width: 1280px) 1280px, (min-width: 1281px) 2011px, 100vw\" \/><\/h2>\n<p>K\u00e4yt\u00e4mme t\u00e4ysautomaattista vesipohjaisten maalien pinnoituslinjaa, joka on erityisesti suunniteltu pienille ja keskisuurille sylintereille. Linjassa on automaattiset lastaus-, purku- ja ruiskutusrobotit. T\u00e4m\u00e4n huippumodernin j\u00e4rjestelm\u00e4n tuotantokapasiteetti on 4 000 yksikk\u00f6\u00e4 vuorossa. Lis\u00e4ksi meill\u00e4 on puoliautomaattinen ketjuk\u00e4ytt\u00f6inen maalauslinja suurille sylintereille, jonka suunnittelukapasiteetti on 60 laatikkoa vuorossa.<\/p>\n<p>Parantaaksemme tuotteidemme suorituskyky\u00e4 ja vahvistaaksemme johtoasemaamme hydraulisylintereiden alalla olemme tehneet yhteisty\u00f6t\u00e4 ZJIMEE:n kanssa perustaaksemme kattavan suorituskykylaboratorion, joka on omistettu hydraulisylintereille, venttiileille ja pumpuille. T\u00e4m\u00e4 edistynyt laboratorio hy\u00f6dynt\u00e4\u00e4 tietokoneella avustettua testausta s\u00e4hk\u00f6hydraulisella teknologialla, mik\u00e4 mahdollistaa ennalta asetetut testiolosuhteet, jotka parantavat tarkkuutta ja j\u00e4rjestelm\u00e4n monipuolisuutta. Automaattinen tiedonkeruuprosessi k\u00e4ytt\u00e4\u00e4 antureita tulostietojen, kuten sis\u00e4isen vuodon ja kuormitustehokkuuden, ker\u00e4\u00e4miseen. Tietokone k\u00e4sittelee tiedot ja muuntaa ne standardiyksik\u00f6iksi (ml\/min%).<\/p>\n<p>Lis\u00e4ksi hydraulij\u00e4rjestelmiemme turvallisuuden varmistamiseksi toteutamme tilanvalvonnan t\u00e4rkeimmille suorituskykyparametreille, kuten \u00f6ljyn l\u00e4mp\u00f6tilalle, nestetasolle ja suodatinlaitteen tilalle. Hydraulisylinterien testitelineemme pystyy arvioimaan \"kuormitustehokkuutta\" ja \"sis\u00e4ist\u00e4 vuotoa\" tarkkojen lukemien avulla. Se on my\u00f6s varustettu ritil\u00e4mittauslaitteella, joka t\u00e4ytt\u00e4\u00e4 kansalliset standardit ja varmistaa kaikkien hydraulisylinterituotteiden testausvaatimusten noudattamisen.<\/p>\n<p>&nbsp;<\/p>","protected":false},"excerpt":{"rendered":"<p>Luffing Cylinder For Arm Type Aerial Work Vehicles The Luffing Cylinder For Arm Type Aerial Work Vehicles is an advanced component specifically engineered for aerial work vehicles. This cylinder significantly enhances the maneuverability and functionality of aerial platforms, making it indispensable across various industries, including construction, maintenance, and telecommunications. With its robust design and cutting-edge [&hellip;]<\/p>","protected":false},"featured_media":17496,"comment_status":"open","ping_status":"closed","template":"","meta":{"_et_pb_use_builder":"","_et_pb_old_content":"","_et_gb_content_width":""},"product_brand":[],"product_cat":[1500,1550,1376],"product_tag":[],"class_list":{"0":"post-17237","1":"product","2":"type-product","3":"status-publish","4":"has-post-thumbnail","6":"product_cat-aerial-work-vehicle-hydraulic-cylinder","7":"product_cat-double-acting-hydraulic-cylinder","8":"product_cat-hydraulic-cylinder","10":"first","11":"instock","12":"shipping-taxable","13":"product-type-simple"},"amp_enabled":true,"_links":{"self":[{"href":"https:\/\/www.hydraulic-cylinders.net\/fi\/wp-json\/wp\/v2\/product\/17237","targetHints":{"allow":["GET"]}}],"collection":[{"href":"https:\/\/www.hydraulic-cylinders.net\/fi\/wp-json\/wp\/v2\/product"}],"about":[{"href":"https:\/\/www.hydraulic-cylinders.net\/fi\/wp-json\/wp\/v2\/types\/product"}],"replies":[{"embeddable":true,"href":"https:\/\/www.hydraulic-cylinders.net\/fi\/wp-json\/wp\/v2\/comments?post=17237"}],"wp:featuredmedia":[{"embeddable":true,"href":"https:\/\/www.hydraulic-cylinders.net\/fi\/wp-json\/wp\/v2\/media\/17496"}],"wp:attachment":[{"href":"https:\/\/www.hydraulic-cylinders.net\/fi\/wp-json\/wp\/v2\/media?parent=17237"}],"wp:term":[{"taxonomy":"product_brand","embeddable":true,"href":"https:\/\/www.hydraulic-cylinders.net\/fi\/wp-json\/wp\/v2\/product_brand?post=17237"},{"taxonomy":"product_cat","embeddable":true,"href":"https:\/\/www.hydraulic-cylinders.net\/fi\/wp-json\/wp\/v2\/product_cat?post=17237"},{"taxonomy":"product_tag","embeddable":true,"href":"https:\/\/www.hydraulic-cylinders.net\/fi\/wp-json\/wp\/v2\/product_tag?post=17237"}],"curies":[{"name":"wp","href":"https:\/\/api.w.org\/{rel}","templated":true}]}}