{"id":17238,"date":"2025-02-23T08:32:58","date_gmt":"2025-02-23T08:32:58","guid":{"rendered":"https:\/\/www.hydraulic-cylinders.net\/?post_type=product&#038;p=17238"},"modified":"2025-04-30T08:35:27","modified_gmt":"2025-04-30T08:35:27","slug":"folding-boom-angle-cylinder-for-arm-type-aerial-work-vehicles","status":"publish","type":"product","link":"https:\/\/www.hydraulic-cylinders.net\/fi\/tuote\/folding-boom-angle-cylinder-for-arm-type-aerial-work-vehicles\/","title":{"rendered":"Taittuvan puomin kulma-sylinteri varsityyppisille ilma-aluksille"},"content":{"rendered":"<h1 style=\"text-align: center;\"><strong>Taittuvan puomin kulma-sylinteri varsityyppisille ilma-aluksille<\/strong><\/h1>\n<h1 style=\"text-align: center;\"><img loading=\"lazy\" decoding=\"async\" class=\"alignnone size-full wp-image-17246\" src=\"https:\/\/www.hydraulic-cylinders.net\/wp-content\/uploads\/2025\/02\/hcyy11112011-folding-boom-angle-cylinder-2.webp\" alt=\"\" width=\"1497\" height=\"516\" srcset=\"https:\/\/www.hydraulic-cylinders.net\/wp-content\/uploads\/2025\/02\/hcyy11112011-folding-boom-angle-cylinder-2.webp 1497w, https:\/\/www.hydraulic-cylinders.net\/wp-content\/uploads\/2025\/02\/hcyy11112011-folding-boom-angle-cylinder-2-1280x441.webp 1280w, https:\/\/www.hydraulic-cylinders.net\/wp-content\/uploads\/2025\/02\/hcyy11112011-folding-boom-angle-cylinder-2-980x338.webp 980w, https:\/\/www.hydraulic-cylinders.net\/wp-content\/uploads\/2025\/02\/hcyy11112011-folding-boom-angle-cylinder-2-480x165.webp 480w\" sizes=\"(min-width: 0px) and (max-width: 480px) 480px, (min-width: 481px) and (max-width: 980px) 980px, (min-width: 981px) and (max-width: 1280px) 1280px, (min-width: 1281px) 1497px, 100vw\" \/><\/h1>\n<p>Taittuvan puomin kulmas\u00e4\u00e4t\u00f6sylinteri on olennainen osa henkil\u00f6nostimia, ja se on suunniteltu parantamaan sek\u00e4 toiminnan tehokkuutta ett\u00e4 turvallisuutta. T\u00e4m\u00e4 sylinteri mahdollistaa puomin kulman tarkan hallinnan, mik\u00e4 mahdollistaa monipuoliset s\u00e4\u00e4d\u00f6t monenlaisissa henkil\u00f6nostimissa. Sen kest\u00e4v\u00e4 rakenne ja edistynyt suunnittelu takaavat luotettavuuden, mik\u00e4 tekee siit\u00e4 ratkaisevan t\u00e4rke\u00e4n osan mit\u00e4 tahansa henkil\u00f6nostinta.<\/p>\n<p>T\u00e4m\u00e4 taittopuomin kulmas\u00e4\u00e4t\u00f6sylinteri erottuu edukseen kest\u00e4vyytens\u00e4, tarkkuutensa ja k\u00e4ytt\u00e4j\u00e4yst\u00e4v\u00e4llisen muotoilunsa ansiosta. Olitpa sitten mukana kunnossapidossa, rakentamisessa tai muissa ilmassa teht\u00e4viss\u00e4, sylinteri parantaa merkitt\u00e4v\u00e4sti toimintakyky\u00e4si.<\/p>\n<p>S\u00e4\u00e4nn\u00f6llinen huolto on avainasemassa sen suorituskyvyn ja pitk\u00e4ik\u00e4isyyden maksimoimiseksi. Noudattamalla oikeita k\u00e4ytt\u00f6ohjeita ja suorittamalla rutiinitarkastuksia voit pit\u00e4\u00e4 sylinterin optimaalisessa kunnossa. T\u00e4m\u00e4 sitoutuminen ei ainoastaan \u200b\u200bpidenn\u00e4 sylinterin k\u00e4ytt\u00f6ik\u00e4\u00e4, vaan my\u00f6s suojaa investointiasi.<\/p>\n<p>Integroi taittopuomin kulmas\u00e4\u00e4t\u00f6sylinteri nostot\u00f6ihisi ja huomaa huomattava tuottavuuden ja turvallisuuden parannus. Nosta tehokkuuttasi ja koe t\u00e4m\u00e4n ensiluokkaisen komponentin tuoma luotettavuus projekteihisi.<\/p>\n<h2><strong>Taittuvan puomin kulma-sylinteri varren tyyppisille ilma-aluksille Parametri:<\/strong><\/h2>\n<h1 style=\"text-align: center;\"><img loading=\"lazy\" decoding=\"async\" class=\"alignnone size-full wp-image-17245\" src=\"https:\/\/www.hydraulic-cylinders.net\/wp-content\/uploads\/2025\/02\/hcyy11112011-folding-boom-angle-cylinder-1.webp\" alt=\"\" width=\"1519\" height=\"150\" srcset=\"https:\/\/www.hydraulic-cylinders.net\/wp-content\/uploads\/2025\/02\/hcyy11112011-folding-boom-angle-cylinder-1.webp 1519w, https:\/\/www.hydraulic-cylinders.net\/wp-content\/uploads\/2025\/02\/hcyy11112011-folding-boom-angle-cylinder-1-1280x126.webp 1280w, https:\/\/www.hydraulic-cylinders.net\/wp-content\/uploads\/2025\/02\/hcyy11112011-folding-boom-angle-cylinder-1-980x97.webp 980w, https:\/\/www.hydraulic-cylinders.net\/wp-content\/uploads\/2025\/02\/hcyy11112011-folding-boom-angle-cylinder-1-480x47.webp 480w\" sizes=\"(min-width: 0px) and (max-width: 480px) 480px, (min-width: 481px) and (max-width: 980px) 980px, (min-width: 981px) and (max-width: 1280px) 1280px, (min-width: 1281px) 1519px, 100vw\" \/> \u00a0<img loading=\"lazy\" decoding=\"async\" class=\"alignnone size-full wp-image-17247\" src=\"https:\/\/www.hydraulic-cylinders.net\/wp-content\/uploads\/2025\/02\/hcyy11112011-folding-boom-angle-cylinder-3.webp\" alt=\"\" width=\"1477\" height=\"706\" srcset=\"https:\/\/www.hydraulic-cylinders.net\/wp-content\/uploads\/2025\/02\/hcyy11112011-folding-boom-angle-cylinder-3.webp 1477w, https:\/\/www.hydraulic-cylinders.net\/wp-content\/uploads\/2025\/02\/hcyy11112011-folding-boom-angle-cylinder-3-1280x612.webp 1280w, https:\/\/www.hydraulic-cylinders.net\/wp-content\/uploads\/2025\/02\/hcyy11112011-folding-boom-angle-cylinder-3-980x468.webp 980w, https:\/\/www.hydraulic-cylinders.net\/wp-content\/uploads\/2025\/02\/hcyy11112011-folding-boom-angle-cylinder-3-480x229.webp 480w\" sizes=\"(min-width: 0px) and (max-width: 480px) 480px, (min-width: 481px) and (max-width: 980px) 980px, (min-width: 981px) and (max-width: 1280px) 1280px, (min-width: 1281px) 1477px, 100vw\" \/> <img loading=\"lazy\" decoding=\"async\" class=\"alignnone size-full wp-image-17248\" src=\"https:\/\/www.hydraulic-cylinders.net\/wp-content\/uploads\/2025\/02\/hcyy11112011-folding-boom-angle-cylinder-4.webp\" alt=\"\" width=\"1476\" height=\"711\" srcset=\"https:\/\/www.hydraulic-cylinders.net\/wp-content\/uploads\/2025\/02\/hcyy11112011-folding-boom-angle-cylinder-4.webp 1476w, https:\/\/www.hydraulic-cylinders.net\/wp-content\/uploads\/2025\/02\/hcyy11112011-folding-boom-angle-cylinder-4-1280x617.webp 1280w, https:\/\/www.hydraulic-cylinders.net\/wp-content\/uploads\/2025\/02\/hcyy11112011-folding-boom-angle-cylinder-4-980x472.webp 980w, https:\/\/www.hydraulic-cylinders.net\/wp-content\/uploads\/2025\/02\/hcyy11112011-folding-boom-angle-cylinder-4-480x231.webp 480w\" sizes=\"(min-width: 0px) and (max-width: 480px) 480px, (min-width: 481px) and (max-width: 980px) 980px, (min-width: 981px) and (max-width: 1280px) 1280px, (min-width: 1281px) 1476px, 100vw\" \/> <img loading=\"lazy\" decoding=\"async\" class=\"alignnone size-full wp-image-17249\" src=\"https:\/\/www.hydraulic-cylinders.net\/wp-content\/uploads\/2025\/02\/hcyy11112011-folding-boom-angle-cylinder-5.webp\" alt=\"\" width=\"1651\" height=\"739\" srcset=\"https:\/\/www.hydraulic-cylinders.net\/wp-content\/uploads\/2025\/02\/hcyy11112011-folding-boom-angle-cylinder-5.webp 1651w, https:\/\/www.hydraulic-cylinders.net\/wp-content\/uploads\/2025\/02\/hcyy11112011-folding-boom-angle-cylinder-5-1280x573.webp 1280w, https:\/\/www.hydraulic-cylinders.net\/wp-content\/uploads\/2025\/02\/hcyy11112011-folding-boom-angle-cylinder-5-980x439.webp 980w, https:\/\/www.hydraulic-cylinders.net\/wp-content\/uploads\/2025\/02\/hcyy11112011-folding-boom-angle-cylinder-5-480x215.webp 480w\" sizes=\"(min-width: 0px) and (max-width: 480px) 480px, (min-width: 481px) and (max-width: 980px) 980px, (min-width: 981px) and (max-width: 1280px) 1280px, (min-width: 1281px) 1651px, 100vw\" \/><\/h1>\n<h2><strong>Ilma-alusten sylinterisarja:<\/strong><\/h2>\n<h2><img loading=\"lazy\" decoding=\"async\" class=\"wp-image-1044652 size-full aligncenter\" src=\"https:\/\/images.hzpt.com\/2025\/02\/cylinder-series-for-aerial-work-vehicles.webp\" alt=\"\" width=\"751\" height=\"850\" \/><\/h2>\n<h2><strong>Taittuvan puomin kulma-sylinterin t\u00e4rkeimm\u00e4t ominaisuudet varsityyppisille ilma-aluksille:<\/strong><\/h2>\n<h4><strong>1. Kest\u00e4v\u00e4 rakenne<\/strong><\/h4>\n<p>Ensiluokkaisista materiaaleista valmistettu taittopuomin kulmapy\u00f6r\u00e4 on suunniteltu kest\u00e4m\u00e4\u00e4n vaativimmatkin olosuhteet. Sen tukeva rakenne varmistaa, ett\u00e4 se kest\u00e4\u00e4 \u00e4\u00e4rimm\u00e4isi\u00e4 l\u00e4mp\u00f6tiloja, hankaavia materiaaleja ja raskaita kuormia suorituskykyyn vaikuttamatta. T\u00e4m\u00e4 kest\u00e4vyys minimoi osien vaihtotarpeen, mik\u00e4 tekee siit\u00e4 kustannustehokkaan valinnan yrityksille.<\/p>\n<h4><strong>2. Parannettu tarkkuusohjaus<\/strong><\/h4>\n<p>Taittuvan puomin kulmas\u00e4\u00e4t\u00f6sylinteri tarjoaa saumattomia ja tarkkoja kulman s\u00e4\u00e4t\u00f6j\u00e4, joiden avulla k\u00e4ytt\u00e4j\u00e4t voivat sijoittaa puomin juuri tarvittavaan paikkaan. T\u00e4m\u00e4 ominaisuus parantaa tarkkuutta kriittisiss\u00e4 ilmassa teht\u00e4viss\u00e4, v\u00e4hent\u00e4\u00e4 virheiden riski\u00e4 ja lis\u00e4\u00e4 kokonaistehokkuutta. Olipa kyseess\u00e4 sitten ahtaissa tiloissa liikkuminen tai vaihtelevien korkeuksien s\u00e4\u00e4t\u00e4minen, k\u00e4ytt\u00e4j\u00e4t voivat luottaa sen sujuvaan toimintaan.<\/p>\n<h4><strong>3. Tilaa s\u00e4\u00e4st\u00e4v\u00e4 kompakti muotoilu<\/strong><\/h4>\n<p>Taittopuomin kulma-sylinterin innovatiivinen taittomekanismi mahdollistaa vaivattoman s\u00e4ilytyksen ja kuljetuksen. Kun sylinteri\u00e4 ei k\u00e4ytet\u00e4, se voidaan taittaa siististi kokoon, jolloin se vie vain v\u00e4h\u00e4n tilaa ajoneuvossa tai varastotilassa. T\u00e4m\u00e4 kompakti muotoilu tekee siit\u00e4 erityisen edullisen liikkuvassa k\u00e4yt\u00f6ss\u00e4, jossa tila on usein ahdasta.<\/p>\n<h4><strong>4. Vaikuttava kuormankantokyky<\/strong><\/h4>\n<p>Merkitt\u00e4vien painojen tukemiseen suunniteltu taittopuomin kulma-sylinteri sopii erinomaisesti raskaisiin sovelluksiin. Sen suuri kuormituskapasiteetti parantaa luotettavuutta ja varmistaa, ett\u00e4 se toimii paineen alla virheett\u00f6m\u00e4sti. T\u00e4m\u00e4 lujuus on ratkaisevan t\u00e4rke\u00e4\u00e4 teht\u00e4viss\u00e4, jotka vaativat raskaiden laitteiden tai materiaalien nostamista, ja se tarjoaa mielenrauhaa k\u00e4ytt\u00e4jille.<\/p>\n<h4><strong>5. Erinomainen korroosionkest\u00e4vyys<\/strong><\/h4>\n<p>Taittuvan puomin kulma-sylinteriss\u00e4 on edistyneet pinnoitteet, jotka suojaavat sylinteri\u00e4 ruosteelta ja korroosiolta pident\u00e4en sen k\u00e4ytt\u00f6ik\u00e4\u00e4. N\u00e4m\u00e4 erikoisk\u00e4sittelyt suojaavat sylinteri\u00e4 ankarilta s\u00e4\u00e4olosuhteilta, kuten sateelta, lumelta ja UV-s\u00e4teilylt\u00e4. Minimoimalla kulumisen t\u00e4m\u00e4 korroosionkest\u00e4vyys v\u00e4hent\u00e4\u00e4 merkitt\u00e4v\u00e4sti yll\u00e4pitokustannuksia ajan my\u00f6t\u00e4.<\/p>\n<h4><strong>6. Helppo asennus ja yhteensopivuus<\/strong><\/h4>\n<p>Monipuoliseksi suunniteltu taittopuomin kulmas\u00e4\u00e4t\u00f6sylinteri integroituu helposti erilaisiin nostoajoneuvoihin. K\u00e4ytt\u00e4j\u00e4yst\u00e4v\u00e4llisen asennusprosessin ansiosta k\u00e4ytt\u00e4j\u00e4t voivat ottaa sen nopeasti k\u00e4ytt\u00f6\u00f6n ilman laajaa koulutusta. T\u00e4m\u00e4 yhteensopivuus varmistaa, ett\u00e4 yritykset voivat mukauttaa laitteensa erityistarpeisiin minimoimalla seisokkiajat.<\/p>\n<p>N\u00e4m\u00e4 ominaisuudet tekev\u00e4t varsimallisille henkil\u00f6nostimille tarkoitetusta taittopuomin kulmas\u00e4\u00e4t\u00f6sylinterist\u00e4 luotettavan ja tehokkaan valinnan kaikkiin henkil\u00f6nostoihin, parantaen tuottavuutta ja turvallisuutta ty\u00f6ss\u00e4.<\/p>\n<h2><strong>Miten priorisoit turvallisuuden ja tehokkuuden ilmat\u00f6iss\u00e4si?<\/strong><\/h2>\n<p>Totta kai! T\u00e4ss\u00e4 on laajennettu ja optimoitu versio strategioista turvallisuuden ja tehokkuuden priorisoimiseksi ilmat\u00f6iss\u00e4:<\/p>\n<h4><strong>1. S\u00e4\u00e4nn\u00f6llinen harjoittelu<\/strong><\/h4>\n<p>Kattavan koulutusohjelman toteuttaminen on ratkaisevan t\u00e4rke\u00e4\u00e4 turvallisuuskulttuurin edist\u00e4miseksi. S\u00e4\u00e4nn\u00f6llisten koulutustilaisuuksien tulisi kattaa laitteiden k\u00e4ytt\u00f6, turvallisuusprotokollat \u200b\u200bja h\u00e4t\u00e4tilannemenettelyt. K\u00e4yt\u00e4nn\u00f6n harjoitusten ja simulaatioiden sis\u00e4llytt\u00e4minen voi auttaa ty\u00f6ntekij\u00f6it\u00e4 saamaan k\u00e4yt\u00e4nn\u00f6n kokemusta. Lis\u00e4ksi tulisi j\u00e4rjest\u00e4\u00e4 kertauskursseja taitojen pit\u00e4miseksi ter\u00e4vin\u00e4 ja varmistaa, ett\u00e4 kaikki henkil\u00f6st\u00f6 on ajan tasalla uusimmista turvallisuusm\u00e4\u00e4r\u00e4yksist\u00e4 ja parhaista k\u00e4yt\u00e4nn\u00f6ist\u00e4.<\/p>\n<h4><strong>2. Rutiinitarkastukset<\/strong><\/h4>\n<p>Kaikkien laitteiden, mukaan lukien varsimallin nostolaitteiden taittopuomin kulma-akselin sylinterin, perusteelliset ja s\u00e4\u00e4nn\u00f6lliset tarkastukset ovat olennaisia \u200b\u200bk\u00e4ytt\u00f6turvallisuuden yll\u00e4pit\u00e4miseksi. Laadi systemaattinen tarkastuslista, joka sis\u00e4lt\u00e4\u00e4 kulumisen ja repe\u00e4misen, hydraulisten vuotojen ja turvaominaisuuksien toiminnan tarkastukset. N\u00e4iden tarkastusten dokumentointi auttaa seuraamaan laitteiden kuntoa ajan kuluessa ja varmistaa, ett\u00e4 mahdolliset ongelmat ratkaistaan \u200b\u200bennakoivasti ennen kuin ne johtavat onnettomuuksiin tai laitevikoihin.<\/p>\n<h4><strong>3. Turvavarusteet<\/strong><\/h4>\n<p>Ty\u00f6ntekij\u00f6iden varustaminen asianmukaisilla henkil\u00f6nsuojaimilla on elint\u00e4rke\u00e4\u00e4 riskien minimoimiseksi. N\u00e4ihin kuuluvat kyp\u00e4r\u00e4t, valjaat, k\u00e4sineet ja silmiensuojaimet, jotka on r\u00e4\u00e4t\u00e4l\u00f6ity k\u00e4sill\u00e4 olevien teht\u00e4vien mukaan. Lis\u00e4ksi on varmistettava, ett\u00e4 kaikki koneiden turvaominaisuudet \u2013 kuten h\u00e4t\u00e4pys\u00e4ytyspainikkeet ja turvasuojukset \u2013 testataan ja huolletaan s\u00e4\u00e4nn\u00f6llisesti. Henkil\u00f6nsuojainten k\u00e4yt\u00f6n edist\u00e4minen koulutuksen ja muistutusten avulla vahvistaa niiden merkityst\u00e4 ty\u00f6ntekij\u00f6iden suojelemisessa mahdollisilta vaaroilta.<\/p>\n<h4><strong>4. Selke\u00e4 viestint\u00e4<\/strong><\/h4>\n<p>Tehokkaan viestinn\u00e4n luominen tiimin j\u00e4senten v\u00e4lille on ensiarvoisen t\u00e4rke\u00e4\u00e4, erityisesti koordinointia vaativissa operaatioissa. K\u00e4yt\u00e4 radiopuhelimia, k\u00e4simerkkej\u00e4 tai visuaalisia apuv\u00e4lineit\u00e4 varmistaaksesi, ett\u00e4 kaikki ovat tietoisia rooleistaan \u200b\u200bja vastuistaan. S\u00e4\u00e4nn\u00f6lliset tiedotustilaisuudet ennen teht\u00e4vien alkua voivat auttaa selkeytt\u00e4m\u00e4\u00e4n tavoitteita ja puuttumaan mahdollisiin huolenaiheisiin. Avoimen vuoropuhelun kannustaminen antaa tiimin j\u00e4senille mahdollisuuden ilmaista turvallisuuteen liittyvi\u00e4 huolenaiheita ja ehdotuksia, mik\u00e4 edist\u00e4\u00e4 yhteisty\u00f6h\u00f6n perustuvaa turvallisuuteen keskittyv\u00e4\u00e4 ymp\u00e4rist\u00f6\u00e4.<\/p>\n<h4><strong>5. Riskienarviointi<\/strong><\/h4>\n<p>Perusteellisten riskinarviointien suorittaminen ennen mink\u00e4 tahansa ty\u00f6n aloittamista on v\u00e4ltt\u00e4m\u00e4t\u00f6nt\u00e4 mahdollisten vaarojen tunnistamiseksi. Ota tiimin j\u00e4senet mukaan t\u00e4h\u00e4n prosessiin saadaksesi monipuolisia n\u00e4k\u00f6kulmia tiettyihin teht\u00e4viin liittyviin riskeihin. Laadi riskienhallintasuunnitelma, jossa esitet\u00e4\u00e4n toimenpiteet tunnistettujen vaarojen minimoimiseksi, mukaan lukien turvaesteiden k\u00e4ytt\u00f6\u00f6notto, ty\u00f6aikataulujen mukauttaminen tai vaihtoehtoisten menetelmien k\u00e4ytt\u00f6. Riskinarviointien s\u00e4\u00e4nn\u00f6llinen tarkistaminen ja p\u00e4ivitt\u00e4minen varmistaa, ett\u00e4 turvallisuustoimenpiteet pysyv\u00e4t ajan tasalla ja tehokkaina.<\/p>\n<h4><strong>6. Tehokas suunnittelu<\/strong><\/h4>\n<p>Huolellinen suunnittelu on avainasemassa sek\u00e4 turvallisuuden ett\u00e4 tehokkuuden optimoinnissa ilmat\u00f6iss\u00e4. Luo yksityiskohtaiset projektisuunnitelmat, joissa esitet\u00e4\u00e4n ty\u00f6n laajuus, aikataulut ja resurssien kohdentaminen. Sis\u00e4llyt\u00e4 varautumissuunnitelmia odottamattomien haasteiden varalta varmistaaksesi, ett\u00e4 tiimi on valmis sopeutumaan tarvittaessa. Ty\u00f6nkulkujen virtaviivaistaminen ja seisokkiaikojen minimoiminen takaavat sujuvan toiminnan, jolloin tiimit voivat keskitty\u00e4 teht\u00e4vien suorittamiseen turvallisesti ja tehokkaasti.<\/p>\n<p>Toteuttamalla n\u00e4it\u00e4 laajennettuja strategioita voit parantaa merkitt\u00e4v\u00e4sti turvallisuutta ja tehokkuutta ilmassa teht\u00e4viss\u00e4 ty\u00f6teht\u00e4viss\u00e4si, mik\u00e4 johtaa lopulta tuottavampaan ja turvallisempaan ty\u00f6ymp\u00e4rist\u00f6\u00f6n.<\/p>\n<h2><strong>Ilma-alusten sylinterien tuotantoalue:<\/strong><\/h2>\n<h2><img loading=\"lazy\" decoding=\"async\" class=\"alignnone size-full wp-image-16972\" src=\"https:\/\/www.hydraulic-cylinders.net\/wp-content\/uploads\/2025\/01\/hydraulic-cylinder-factory-1-scaled.webp\" alt=\"\" width=\"2016\" height=\"2560\" srcset=\"https:\/\/www.hydraulic-cylinders.net\/wp-content\/uploads\/2025\/01\/hydraulic-cylinder-factory-1-scaled.webp 2016w, https:\/\/www.hydraulic-cylinders.net\/wp-content\/uploads\/2025\/01\/hydraulic-cylinder-factory-1-1280x1625.webp 1280w, https:\/\/www.hydraulic-cylinders.net\/wp-content\/uploads\/2025\/01\/hydraulic-cylinder-factory-1-980x1244.webp 980w, https:\/\/www.hydraulic-cylinders.net\/wp-content\/uploads\/2025\/01\/hydraulic-cylinder-factory-1-480x610.webp 480w\" sizes=\"(min-width: 0px) and (max-width: 480px) 480px, (min-width: 481px) and (max-width: 980px) 980px, (min-width: 981px) and (max-width: 1280px) 1280px, (min-width: 1281px) 2016px, 100vw\" \/><\/h2>\n<p>Meill\u00e4 on huippuluokan itsen\u00e4inen kokoonpanoon keskittynyt tutkimus- ja kehitysalusta, joka varmistaa huippuluokan innovaatiot ja laadun valmistusprosesseissamme. Trukkisylinterien tuotantolaitoksessamme on nelj\u00e4 puoliautomaattista nostosylinterien kokoonpanolinjaa ja t\u00e4ysautomaattinen kallistussylinterien kokoonpanolinja, jotka on yhteens\u00e4 suunniteltu tuottamaan jopa miljoona yksikk\u00f6\u00e4 vuodessa.<\/p>\n<p>Lis\u00e4ksi erikoissylinteriverstassamme on k\u00e4yt\u00f6ss\u00e4 erilaisiin tarpeisiin r\u00e4\u00e4t\u00e4l\u00f6idyt puoliautomaattiset puhdistus- ja kokoonpanoj\u00e4rjestelm\u00e4t, joiden vuotuinen tuotantokapasiteetti on 200 000 kappaletta. K\u00e4yt\u00e4mme tunnettuja CNC-laitteita, ty\u00f6st\u00f6keskuksia ja erikoisty\u00f6kaluja tarkkaan sylinterien ty\u00f6st\u00f6\u00f6n. Laitoksellamme on my\u00f6s edistykselliset robottihitsauskoneet, automaattiset puhdistusj\u00e4rjestelm\u00e4t sek\u00e4 t\u00e4ysin automatisoidut sylinterien kokoonpano- ja maalauslinjat. Yli 300 keskeisen laitteen toiminnassa ollessa optimoimme resurssien kohdentamisen ja varmistamme tehokkaan k\u00e4yt\u00f6n t\u00e4ytt\u00e4en tiukat tarkkuus- ja laatustandardit.<\/p>\n<p>Koneistamossamme on mittatilausty\u00f6n\u00e4 valmistetut kallistuskiskosorvauskeskukset, ty\u00f6st\u00f6keskukset, nopeat hoonauskoneet, hitsausrobotit ja muut t\u00e4rke\u00e4t laitteet. T\u00e4m\u00e4n laitteiston avulla voimme ty\u00f6st\u00e4\u00e4 enint\u00e4\u00e4n 400 mm:n sis\u00e4halkaisijan ja jopa 6 metrin pituisia sylinteriputkia, mik\u00e4 parantaa entisest\u00e4\u00e4n tuotantokapasiteettiamme.<\/p>\n<h2><img loading=\"lazy\" decoding=\"async\" class=\"alignnone size-full wp-image-16973\" src=\"https:\/\/www.hydraulic-cylinders.net\/wp-content\/uploads\/2025\/01\/hydraulic-cylinder-factory-2-scaled.webp\" alt=\"\" width=\"2011\" height=\"2560\" srcset=\"https:\/\/www.hydraulic-cylinders.net\/wp-content\/uploads\/2025\/01\/hydraulic-cylinder-factory-2-scaled.webp 2011w, https:\/\/www.hydraulic-cylinders.net\/wp-content\/uploads\/2025\/01\/hydraulic-cylinder-factory-2-1280x1629.webp 1280w, https:\/\/www.hydraulic-cylinders.net\/wp-content\/uploads\/2025\/01\/hydraulic-cylinder-factory-2-980x1248.webp 980w, https:\/\/www.hydraulic-cylinders.net\/wp-content\/uploads\/2025\/01\/hydraulic-cylinder-factory-2-480x611.webp 480w\" sizes=\"(min-width: 0px) and (max-width: 480px) 480px, (min-width: 481px) and (max-width: 980px) 980px, (min-width: 981px) and (max-width: 1280px) 1280px, (min-width: 1281px) 2011px, 100vw\" \/><\/h2>\n<p>K\u00e4yt\u00e4mme t\u00e4ysautomaattista vesipohjaisten maalien pinnoituslinjaa, joka on erityisesti suunniteltu pienille ja keskisuurille sylintereille. Linjassa on automaattiset lastaus-, purku- ja ruiskutusrobotit. T\u00e4m\u00e4n huippumodernin j\u00e4rjestelm\u00e4n tuotantokapasiteetti on 4 000 yksikk\u00f6\u00e4 vuorossa. Lis\u00e4ksi meill\u00e4 on puoliautomaattinen ketjuk\u00e4ytt\u00f6inen maalauslinja suurille sylintereille, jonka suunnittelukapasiteetti on 60 laatikkoa vuorossa.<\/p>\n<p>Parantaaksemme tuotteidemme suorituskyky\u00e4 ja vahvistaaksemme johtoasemaamme hydraulisylintereiden alalla olemme tehneet yhteisty\u00f6t\u00e4 ZJIMEE:n kanssa perustaaksemme kattavan suorituskykylaboratorion, joka on omistettu hydraulisylintereille, venttiileille ja pumpuille. T\u00e4m\u00e4 edistynyt laboratorio hy\u00f6dynt\u00e4\u00e4 tietokoneella avustettua testausta s\u00e4hk\u00f6hydraulisella teknologialla, mik\u00e4 mahdollistaa ennalta asetetut testiolosuhteet, jotka parantavat tarkkuutta ja j\u00e4rjestelm\u00e4n monipuolisuutta. Automaattinen tiedonkeruuprosessi k\u00e4ytt\u00e4\u00e4 antureita tulostietojen, kuten sis\u00e4isen vuodon ja kuormitustehokkuuden, ker\u00e4\u00e4miseen. Tietokone k\u00e4sittelee tiedot ja muuntaa ne standardiyksik\u00f6iksi (ml\/min%).<\/p>\n<p>Lis\u00e4ksi hydraulij\u00e4rjestelmiemme turvallisuuden varmistamiseksi toteutamme tilanvalvonnan t\u00e4rkeimmille suorituskykyparametreille, kuten \u00f6ljyn l\u00e4mp\u00f6tilalle, nestetasolle ja suodatinlaitteen tilalle. Hydraulisylinterien testitelineemme pystyy arvioimaan \"kuormitustehokkuutta\" ja \"sis\u00e4ist\u00e4 vuotoa\" tarkkojen lukemien avulla. Se on my\u00f6s varustettu ritil\u00e4mittauslaitteella, joka t\u00e4ytt\u00e4\u00e4 kansalliset standardit ja varmistaa kaikkien hydraulisylinterituotteiden testausvaatimusten noudattamisen.<\/p>\n<p>&nbsp;<\/p>","protected":false},"excerpt":{"rendered":"<p>Folding Boom Angle Cylinder For Arm Type Aerial Work Vehicles The Folding Boom Angle Cylinder is an essential component for aerial work vehicles, engineered to enhance both operational efficiency and safety. This cylinder allows for precise control over the boom&#8217;s angle, enabling versatile adjustments for a wide range of aerial tasks. Its robust construction and [&hellip;]<\/p>","protected":false},"featured_media":17497,"comment_status":"open","ping_status":"closed","template":"","meta":{"_et_pb_use_builder":"","_et_pb_old_content":"","_et_gb_content_width":""},"product_brand":[],"product_cat":[1500,1550,1376],"product_tag":[],"class_list":{"0":"post-17238","1":"product","2":"type-product","3":"status-publish","4":"has-post-thumbnail","6":"product_cat-aerial-work-vehicle-hydraulic-cylinder","7":"product_cat-double-acting-hydraulic-cylinder","8":"product_cat-hydraulic-cylinder","10":"first","11":"instock","12":"shipping-taxable","13":"product-type-simple"},"amp_enabled":true,"_links":{"self":[{"href":"https:\/\/www.hydraulic-cylinders.net\/fi\/wp-json\/wp\/v2\/product\/17238","targetHints":{"allow":["GET"]}}],"collection":[{"href":"https:\/\/www.hydraulic-cylinders.net\/fi\/wp-json\/wp\/v2\/product"}],"about":[{"href":"https:\/\/www.hydraulic-cylinders.net\/fi\/wp-json\/wp\/v2\/types\/product"}],"replies":[{"embeddable":true,"href":"https:\/\/www.hydraulic-cylinders.net\/fi\/wp-json\/wp\/v2\/comments?post=17238"}],"wp:featuredmedia":[{"embeddable":true,"href":"https:\/\/www.hydraulic-cylinders.net\/fi\/wp-json\/wp\/v2\/media\/17497"}],"wp:attachment":[{"href":"https:\/\/www.hydraulic-cylinders.net\/fi\/wp-json\/wp\/v2\/media?parent=17238"}],"wp:term":[{"taxonomy":"product_brand","embeddable":true,"href":"https:\/\/www.hydraulic-cylinders.net\/fi\/wp-json\/wp\/v2\/product_brand?post=17238"},{"taxonomy":"product_cat","embeddable":true,"href":"https:\/\/www.hydraulic-cylinders.net\/fi\/wp-json\/wp\/v2\/product_cat?post=17238"},{"taxonomy":"product_tag","embeddable":true,"href":"https:\/\/www.hydraulic-cylinders.net\/fi\/wp-json\/wp\/v2\/product_tag?post=17238"}],"curies":[{"name":"wp","href":"https:\/\/api.w.org\/{rel}","templated":true}]}}