{"id":1724,"date":"2023-10-12T03:00:38","date_gmt":"2023-10-12T03:00:38","guid":{"rendered":"https:\/\/hydraulic-cylinders.net\/?post_type=product&#038;p=1724"},"modified":"2025-04-11T02:53:46","modified_gmt":"2025-04-11T02:53:46","slug":"equipment-roller-press-cement-cylinder","status":"publish","type":"product","link":"https:\/\/www.hydraulic-cylinders.net\/fi\/tuote\/equipment-roller-press-cement-cylinder\/","title":{"rendered":"Laitteiden rullapuristin sementtisylinteri"},"content":{"rendered":"<h1 style=\"text-align: center;\"><strong>Laitteiden rullapuristin sementtisylinteri<\/strong><\/h1>\n<p><img loading=\"lazy\" decoding=\"async\" class=\"aligncenter wp-image-1726\" src=\"https:\/\/hydraulic-cylinders.net\/wp-content\/uploads\/2023\/10\/roller-press-cylinder-1-300x300.webp\" alt=\"\" width=\"400\" height=\"400\" \/><\/p>\n<p>Sementtipuristimen telasylinteri on olennainen osa sementintuotantoa, ja se on erityisesti suunniteltu parantamaan tehokkuutta ja tuottavuutta tuotantolaitoksissa. Sen poikkeukselliset ominaisuudet ja kest\u00e4v\u00e4 rakenne tekev\u00e4t siit\u00e4 v\u00e4ltt\u00e4m\u00e4tt\u00f6m\u00e4n telapuristuskoneiden tehokkaalle toiminnalle.<\/p>\n<p>Korkean paineenkest\u00e4vyytens\u00e4, tarkan valmistuksensa ja edistyneen tiivistystekniikkansa ansiosta laitteen valssipuristimella varustettu sementtisylinteri varmistaa luotettavan ja tehokkaan suorituskyvyn. Voit maksimoida sylinterin suorituskyvyn ja pitk\u00e4ik\u00e4isyyden noudattamalla suositeltuja k\u00e4ytt\u00f6menetelmi\u00e4 ja huoltok\u00e4yt\u00e4nt\u00f6j\u00e4. T\u00e4m\u00e4 ei ainoastaan \u200b\u200bparanna sementtitoimintojesi tehokkuutta, vaan my\u00f6s edist\u00e4\u00e4 kokonaistuottavuutta ja kannattavuutta.<\/p>\n<h2><strong>Sementtilaitteiden rullanpuristimen sylinteriparametri:<\/strong><\/h2>\n<table border=\"1\" cellspacing=\"0\" cellpadding=\"0\">\n<tbody>\n<tr>\n<td>Tuotteen nimi<\/td>\n<td>Laitteiden rullapuristin sementtisylinteri<\/td>\n<\/tr>\n<tr>\n<td>Ominaisuudet:<\/td>\n<td>Varmista puristimen p\u00e4\u00e4n keskiasento<\/td>\n<\/tr>\n<tr>\n<td>Rei\u00e4n halkaisija:<\/td>\n<td>200 mm\uff5e700 mm<\/td>\n<\/tr>\n<tr>\n<td>Tangon halkaisija:<\/td>\n<td>130 mm\uff5e500 mm<br \/>\nIsku: \u2264500 mm<\/td>\n<\/tr>\n<tr>\n<td>Ty\u00f6nt\u00f6voima:<\/td>\n<td>Enint\u00e4\u00e4n 5387 kN<br \/>\n(Sylinterin halkaisija 700 mm \/ paine 14 MPa)<\/td>\n<\/tr>\n<tr>\n<td>Sementtilaitteiden rullapuristimen sylinterisovellukset:<\/td>\n<td>Sementtilaitteet<\/td>\n<\/tr>\n<\/tbody>\n<\/table>\n<div><\/div>\n<div class=\"txtboxR\">\n<div class=\"txtboxL\">\n<div class=\"txtboxL\">\n<div class=\"txtboxL\">\n<div class=\"txtboxL\">\n<div class=\"txtboxL\">\n<div class=\"txtboxL\">\n<div class=\"youhangitem\">\n<div class=\"youhangitem3\">\n<div class=\"txtbox clearfix\">\n<div class=\"txtboxL\"><strong>Ominaisuudet: <\/strong>Tarjoa ty\u00f6nt\u00f6voiman\/hallintarullan v\u00e4li<\/div>\n<div class=\"txtboxL\"><strong>Tekniset tiedot:<\/strong><\/div>\n<div class=\"txtboxR\"><strong>Rei\u00e4n halkaisija:<\/strong> 200 mm\uff5e700 mm<br \/>\n<strong>Tangon halkaisija:<\/strong> 130 mm\uff5e500 mm<br \/>\n<strong>Aivohalvaus:<\/strong> \u2264500 mm<\/div>\n<div class=\"txtboxL\"><strong>Ty\u00f6nt\u00f6voima: <\/strong>Enint\u00e4\u00e4n 5387 kN<br \/>\n(Sylinterin halkaisija 700 mm \/ paine 14 MPa)<\/div>\n<\/div>\n<\/div>\n<\/div>\n<\/div>\n<\/div>\n<\/div>\n<div><\/div>\n<div><strong style=\"color: #333333; font-size: 26px;\">Sementtilaitteiden rullapuristimen sylinterin t\u00e4rkeimm\u00e4t ominaisuudet:<\/strong><\/div>\n<\/div>\n<\/div>\n<\/div>\n<\/div>\n<h3><strong>Kest\u00e4v\u00e4 rakenne<\/strong><\/h3>\n<p>Laitteen valssipuristimella varustettu sementtipuristinsylinteri on valmistettu korkealaatuisista materiaaleista, mik\u00e4 takaa poikkeuksellisen kest\u00e4vyyden ja pitk\u00e4ik\u00e4isyyden jopa sementtitehtaiden vaativissa olosuhteissa. Sen tukeva rakenne mahdollistaa raskaiden kuormien k\u00e4sittelyn ja optimaalisen suorituskyvyn jatkuvassa k\u00e4yt\u00f6ss\u00e4.<\/p>\n<h3><strong>Korkea paineenkest\u00e4vyys<\/strong><\/h3>\n<p>Erityisesti korkeapainesovelluksiin suunniteltu sylinteri loistaa sementtivalssipuristimille tyypillisiss\u00e4 vaativissa olosuhteissa. Se hallitsee tehokkaasti raaka-aineiden jauhamisen ja murskaamisen aikana syntyvi\u00e4 huomattavia voimia varmistaen luotettavan ja tehokkaan toiminnan.<\/p>\n<h3><strong>Tarkkuusvalmistus<\/strong><\/h3>\n<p>Jokainen sementtilaitteiden valssipuristimen sylinteri on valmistettu huolellisesti tarkkojen mittojen ja tiukkojen toleranssien saavuttamiseksi. T\u00e4m\u00e4 tarkkuustaso mahdollistaa sujuvan ja tarkan liikkeen, mik\u00e4 parantaa merkitt\u00e4v\u00e4sti valssipuristimen suorituskyky\u00e4 ja tuottoa.<\/p>\n<h3><strong>Edistynyt tiivistystekniikka<\/strong><\/h3>\n<p>Huippuluokan tiivistystekniikalla varustettu sylinteri est\u00e4\u00e4 tehokkaasti hydraulinesteen vuotamisen. Luotettava tiivistysmekanismi paitsi minimoi seisokkiajat my\u00f6s v\u00e4hent\u00e4\u00e4 yll\u00e4pitokustannuksia, mik\u00e4 parantaa sementintuotantoprosessin kokonaistehokkuutta.<\/p>\n<h2><strong>S\u00e4hk\u00f6uuni <\/strong><strong> Sylinteritehdas:<\/strong><\/h2>\n<p><img loading=\"lazy\" decoding=\"async\" class=\"alignnone wp-image-1697 size-full\" src=\"https:\/\/hydraulic-cylinders.net\/wp-content\/uploads\/2023\/10\/filter-press-cylinder-1.webp\" alt=\"\" width=\"1418\" height=\"946\" srcset=\"https:\/\/hydraulic-cylinders.net\/wp-content\/uploads\/2023\/10\/filter-press-cylinder-1.webp 1418w, https:\/\/hydraulic-cylinders.net\/wp-content\/uploads\/2023\/10\/filter-press-cylinder-1-1280x854.webp 1280w, https:\/\/hydraulic-cylinders.net\/wp-content\/uploads\/2023\/10\/filter-press-cylinder-1-980x654.webp 980w, https:\/\/hydraulic-cylinders.net\/wp-content\/uploads\/2023\/10\/filter-press-cylinder-1-480x320.webp 480w\" sizes=\"(min-width: 0px) and (max-width: 480px) 480px, (min-width: 481px) and (max-width: 980px) 980px, (min-width: 981px) and (max-width: 1280px) 1280px, (min-width: 1281px) 1418px, 100vw\" \/><\/p>\n<h2><strong>Sementtilaitteiden rullanpuristussylinterin k\u00e4ytt\u00f6tapa<\/strong><strong>:<\/strong><\/h2>\n<h3><strong>Asennus<\/strong><\/h3>\n<p>Aloita noudattamalla valmistajan ohjeita asentaaksesi laitteen turvallisesti <strong>laitteet rullapuristin sementti sylinteri<\/strong> rullapr\u00e4ssikoneeseen. Varmista oikea kohdistus ja kiinnitys vakaan ja turvallisen toiminnan takaamiseksi.<\/p>\n<h3><strong>Hydraulinen liit\u00e4nt\u00e4<\/strong><\/h3>\n<p>Liit\u00e4 seuraavaksi sylinteri rullapr\u00e4ssin hydraulij\u00e4rjestelm\u00e4\u00e4n k\u00e4ytt\u00e4m\u00e4ll\u00e4 sopivia hydrauliliittimi\u00e4 ja letkuja. On t\u00e4rke\u00e4\u00e4 varmistaa, ett\u00e4 kaikki liit\u00e4nn\u00e4t ovat tukevasti kiinni ja vuodottomat j\u00e4rjestelm\u00e4n eheyden s\u00e4ilytt\u00e4miseksi.<\/p>\n<h3><strong>J\u00e4rjestelm\u00e4n kalibrointi<\/strong><\/h3>\n<p><img loading=\"lazy\" decoding=\"async\" class=\"size-full wp-image-8207 aligncenter\" src=\"https:\/\/www.hydraulic-cylinders.net\/wp-content\/uploads\/2023\/10\/hydraulic-system.webp\" alt=\"\" width=\"800\" height=\"450\" srcset=\"https:\/\/www.hydraulic-cylinders.net\/wp-content\/uploads\/2023\/10\/hydraulic-system.webp 800w, https:\/\/www.hydraulic-cylinders.net\/wp-content\/uploads\/2023\/10\/hydraulic-system-480x270.webp 480w\" sizes=\"(min-width: 0px) and (max-width: 480px) 480px, (min-width: 481px) 800px, 100vw\" \/><\/p>\n<p>Kalibroi hydraulij\u00e4rjestelm\u00e4 varmistaaksesi optimaalisen suorituskyvyn alusta loppuun. <strong>laitteet rullapuristin sementti sylinteri<\/strong>S\u00e4\u00e4d\u00e4 paineasetuksia ja virtausnopeuksia valmistajan suositusten mukaisesti haluttujen k\u00e4ytt\u00f6parametrien saavuttamiseksi.<\/p>\n<h3><strong>K\u00e4ytt\u00f6 ja ohjaus<\/strong><\/h3>\n<p>Aktivoi hydraulij\u00e4rjestelm\u00e4 aloittaaksesi rullapuristimen toiminnan. <strong>laitteet rullapuristin sementti sylinteri<\/strong> kytkeytyy puristusteloihin ja kohdistaa tarvittavan voiman raaka-aineiden tehokkaaseen jauhamiseen ja murskaamiseen. K\u00e4yt\u00e4 ohjauspaneelia tai k\u00e4ytt\u00f6liittym\u00e4\u00e4 sylinterin asennon, paineen ja nopeuden valvontaan ja s\u00e4\u00e4t\u00e4miseen, mik\u00e4 varmistaa tarkan ja tehokkaan toiminnan.<\/p>\n<h2 id=\"the-pasted-async\"><strong>Kuinka laitteiden rullapuristimien sementtisylinterit parantavat sementintuotannon tehokkuutta?<\/strong><\/h2>\n<h3 id=\"the-pasted-async\"><strong>Parannettu materiaalin hionta<\/strong><\/h3>\n<p><strong>Korkeapainesovellus:<\/strong> Sylinterit kohdistavat raaka-aineisiin merkitt\u00e4v\u00e4\u00e4 painetta, mik\u00e4 auttaa hajottamaan hiukkaset tehokkaammin kuin perinteiset jauhatusmenetelm\u00e4t. T\u00e4m\u00e4 prosessi johtaa hienompaan tuotteeseen, joka parantaa lopullisen sementin laatua.<br \/>\n<strong>Parannettu hiukkasten jakautuminen:<\/strong> Jauhatustoiminto luo tasaisemman hiukkaskokojakauman, mik\u00e4 on ratkaisevan t\u00e4rke\u00e4\u00e4 tasaisten sementin ominaisuuksien saavuttamiseksi.<\/p>\n<h3><strong>V\u00e4hentynyt energiankulutus<\/strong><\/h3>\n<p><strong>Alemmat energiakustannukset:<\/strong> Tehokkaan jauhatusominaisuuden ansiosta n\u00e4m\u00e4 sylinterit kuluttavat v\u00e4hemm\u00e4n energiaa, mik\u00e4 alentaa k\u00e4ytt\u00f6kustannuksia. Energians\u00e4\u00e4st\u00f6t voivat olla huomattavia pitkien tuotantojaksojen aikana.<br \/>\n<strong>V\u00e4hemm\u00e4n laitteiden kulumista:<\/strong> Tehokas jauhatus v\u00e4hent\u00e4\u00e4 tuotantolinjan muiden osien rasitusta, mik\u00e4 johtaa alhaisempiin energiantarpeisiin koko toiminnassa.<\/p>\n<h3><strong>Jatkuva k\u00e4ytt\u00f6<\/strong><\/h3>\n<p><strong>Kest\u00e4v\u00e4 muotoilu:<\/strong> Ankariin olosuhteisiin suunnitellut valssipuristimien sementtipuristussylinterit voivat toimia jatkuvasti ilman toistuvia h\u00e4iri\u00f6it\u00e4. T\u00e4m\u00e4 pitk\u00e4ik\u00e4isyys on v\u00e4ltt\u00e4m\u00e4t\u00f6nt\u00e4 korkeiden tuotantom\u00e4\u00e4rien yll\u00e4pit\u00e4miseksi.<br \/>\n<strong>Minimoitu seisokkiaika:<\/strong> Harvempien huoltotarpeiden ja jatkuvan toiminnan ansiosta tuotannon seisokkiaika lyhenee merkitt\u00e4v\u00e4sti, mik\u00e4 mahdollistaa tasaisemman tuotannon.<\/p>\n<h3><strong>Tarkkuusohjaus<\/strong><\/h3>\n<p><img loading=\"lazy\" decoding=\"async\" class=\"size-full wp-image-8213 aligncenter\" src=\"https:\/\/www.hydraulic-cylinders.net\/wp-content\/uploads\/2023\/10\/Hydraulic-Cylinder-for-Cement-Roller.webp\" alt=\"\" width=\"550\" height=\"550\" srcset=\"https:\/\/www.hydraulic-cylinders.net\/wp-content\/uploads\/2023\/10\/Hydraulic-Cylinder-for-Cement-Roller.webp 550w, https:\/\/www.hydraulic-cylinders.net\/wp-content\/uploads\/2023\/10\/Hydraulic-Cylinder-for-Cement-Roller-480x480.webp 480w\" sizes=\"(min-width: 0px) and (max-width: 480px) 480px, (min-width: 481px) 550px, 100vw\" \/><\/p>\n<p><strong>R\u00e4\u00e4t\u00e4l\u00f6ity k\u00e4sittely:<\/strong> K\u00e4ytt\u00e4j\u00e4t voivat s\u00e4\u00e4t\u00e4\u00e4 parametreja, kuten painetta ja virtausnopeuksia, sopimaan tiettyihin materiaaleihin ja tuotantovaatimuksiin. T\u00e4m\u00e4 joustavuus auttaa optimoimaan jauhatusprosessin erityyppisille sementtityypeille.<br \/>\n<strong>Laadun yhdenmukaisuus:<\/strong> Jauhatusprosessin tarkka hallinta varmistaa sementin laadun pysymisen tasaisena, mik\u00e4 on ratkaisevan t\u00e4rke\u00e4\u00e4 alan standardien ja asiakkaiden odotusten t\u00e4ytt\u00e4miseksi.<\/p>\n<h3><strong>Tilatehokkuus<\/strong><\/h3>\n<p><strong>Kompakti muotoilu:<\/strong> Rullapuristussylintereiden pienempi jalanj\u00e4lki perinteisiin myllyihin verrattuna mahdollistaa tehokkaamman tilank\u00e4yt\u00f6n tuotantolaitoksessa. T\u00e4m\u00e4 voi johtaa parempaan ty\u00f6nkulkuun ja prosessien integrointiin.<br \/>\n<strong>Joustavat asettelut:<\/strong> Niiden suunnittelu mahdollistaa joustavuuden tehtaiden asetteluissa, jolloin valmistajat voivat sopeutua muuttuviin tuotantotarpeisiin tai laajentaa toimintaansa ilman merkitt\u00e4vi\u00e4 rakenteellisia muutoksia.<\/p>\n<h3><strong>Ymp\u00e4rist\u00f6hy\u00f6dyt<\/strong><\/h3>\n<p><strong>Pienemm\u00e4t CO2-p\u00e4\u00e4st\u00f6t:<\/strong> Kuluttamalla v\u00e4hemm\u00e4n energiaa ja parantamalla jauhatusprosessin tehokkuutta, laitteiden valssipuristimilla varustetut sementtisylinterit auttavat v\u00e4hent\u00e4m\u00e4\u00e4n sementin tuotantoon liittyvi\u00e4 hiilidioksidip\u00e4\u00e4st\u00f6j\u00e4.<br \/>\n<strong>Luonnonvarojen s\u00e4\u00e4st\u00e4minen:<\/strong> Tehokas prosessointi tarkoittaa v\u00e4hemm\u00e4n raaka-aineh\u00e4vikki\u00e4, mik\u00e4 tukee kest\u00e4v\u00e4mpi\u00e4 tuotantotapoja.<\/p>\n<h3><strong>Integrointi modernin teknologian kanssa<\/strong><\/h3>\n<p><strong>Automaatio ja valvonta:<\/strong> Monissa nykyaikaisissa rullapainoj\u00e4rjestelmiss\u00e4 on edistyneet valvonta- ja ohjausj\u00e4rjestelm\u00e4t, jotka mahdollistavat reaaliaikaisen data-analyysin ja -s\u00e4\u00e4d\u00f6t. T\u00e4m\u00e4 integrointi parantaa toiminnan tehokkuutta ja reagointikyky\u00e4 tuotantotarpeisiin.<br \/>\n<strong>Yhteensopivuus muiden tekniikoiden kanssa:<\/strong> N\u00e4m\u00e4 sylinterit voidaan helposti integroida olemassa oleviin tuotantolinjoihin, mik\u00e4 mahdollistaa p\u00e4ivitykset ilman t\u00e4ydellisi\u00e4 j\u00e4rjestelm\u00e4remontteja.<\/p>\n<h2><strong>Tehtaan kapasiteetti ja kapasiteetti:<\/strong><\/h2>\n<h3><strong>(1) Kokoonpano<\/strong><\/h3>\n<p>Laitoksellamme on huippuluokan itsen\u00e4inen tutkimus- ja kehitysty\u00f6n kokoonpanoalusta, joka on omistettu hydraulisten sylinterien tuotannolle. Meill\u00e4 on nelj\u00e4 puoliautomaattista nostosylinterien kokoonpanolinjaa ja yksi t\u00e4ysautomaattinen kallistussylinterien kokoonpanolinja, joiden vaikuttava vuotuinen tuotantokapasiteetti on miljoona sylinteri\u00e4.<img loading=\"lazy\" decoding=\"async\" class=\"aligncenter wp-image-626\" src=\"https:\/\/hydraulic-cylinders.net\/wp-content\/uploads\/2023\/08\/hydraulic-cylinder-product-1-300x158.webp\" alt=\"\" width=\"500\" height=\"263\" srcset=\"https:\/\/hydraulic-cylinders.net\/wp-content\/uploads\/2023\/08\/hydraulic-cylinder-product-1-300x158.webp 500w, https:\/\/hydraulic-cylinders.net\/wp-content\/uploads\/2023\/08\/hydraulic-cylinder-product-1-480x252.webp 480w\" sizes=\"(min-width: 0px) and (max-width: 480px) 480px, (min-width: 481px) 500px, 100vw\" \/><\/p>\n<p>Erikoistuneessa sylinteriverstaassamme k\u00e4yt\u00e4mme erilaisiin tarpeisiin suunniteltua puoliautomaattista puhdistuskokoonpanoj\u00e4rjestelm\u00e4\u00e4, joka pystyy tuottamaan 200 000 sylinteri\u00e4 vuodessa. Verstaassamme on edistyneet CNC-ty\u00f6st\u00f6laitteet, ty\u00f6st\u00f6keskus, tarkat sylinterien ty\u00f6st\u00f6ty\u00f6kalut, robottihitsauskoneet, automaattiset puhdistusj\u00e4rjestelm\u00e4t ja automatisoitu sylinterien kokoonpanolinja. Lis\u00e4ksi meill\u00e4 on t\u00e4ysin automatisoitu maalauslinja.<\/p>\n<p>Yli 300 kriittisen laitteen ansiosta optimaalinen resurssien kohdentaminen varmistaa, ett\u00e4 t\u00e4yt\u00e4mme asiakkaidemme vaatimat tiukat tarkkuus- ja laatustandardit. T\u00e4m\u00e4 sitoutuminen tehokkuuteen ja t\u00e4sm\u00e4llisyyteen asettaa meid\u00e4t hydraulisylinteriteollisuuden johtajaksi.<\/p>\n<p><img loading=\"lazy\" decoding=\"async\" class=\"aligncenter wp-image-627\" src=\"https:\/\/hydraulic-cylinders.net\/wp-content\/uploads\/2023\/08\/hydraulic-cylinder-product-2-300x189.webp\" alt=\"\" width=\"500\" height=\"315\" srcset=\"https:\/\/hydraulic-cylinders.net\/wp-content\/uploads\/2023\/08\/hydraulic-cylinder-product-2-300x189.webp 500w, https:\/\/hydraulic-cylinders.net\/wp-content\/uploads\/2023\/08\/hydraulic-cylinder-product-2-480x302.webp 480w\" sizes=\"(min-width: 0px) and (max-width: 480px) 480px, (min-width: 481px) 500px, 100vw\" \/><\/p>\n<h3><strong>(2) Koneistus<\/strong><\/h3>\n<p>Koneistamomme on varustettu huippuluokan laitteilla, kuten r\u00e4\u00e4t\u00e4l\u00f6idyll\u00e4 vinokiskosorvauskeskuksella, tarkkuusty\u00f6st\u00f6keskuksella, nopealla hoonauskoneella ja edistyneill\u00e4 hitsausroboteilla. T\u00e4m\u00e4 hienostunut laitteisto mahdollistaa sylinteriputkien tehokkaan ty\u00f6st\u00e4misen, joiden sis\u00e4halkaisija on enint\u00e4\u00e4n 400 mm ja pituus jopa 6 metri\u00e4.<\/p>\n<p><img loading=\"lazy\" decoding=\"async\" class=\"wp-image-628 size-large aligncenter\" src=\"https:\/\/hydraulic-cylinders.net\/wp-content\/uploads\/2023\/08\/hydraulic-cylinder-product-3-1024x391.webp\" alt=\"\" width=\"1024\" height=\"391\" srcset=\"https:\/\/hydraulic-cylinders.net\/wp-content\/uploads\/2023\/08\/hydraulic-cylinder-product-3-980x374.webp 980w, https:\/\/hydraulic-cylinders.net\/wp-content\/uploads\/2023\/08\/hydraulic-cylinder-product-3-480x183.webp 480w\" sizes=\"(min-width: 0px) and (max-width: 480px) 480px, (min-width: 481px) and (max-width: 980px) 980px, (min-width: 981px) 1024px, 100vw\" \/><\/p>\n<p>Huipputeknologiamme avulla varmistamme korkealaatuisen koneistuksen, joka vastaa hydraulisylinterien tuotannon monipuolisiin tarpeisiin.<\/p>\n<h3><strong>(3) Hitsaus<\/strong><\/h3>\n<p><img loading=\"lazy\" decoding=\"async\" class=\"wp-image-629 size-large aligncenter\" src=\"https:\/\/hydraulic-cylinders.net\/wp-content\/uploads\/2023\/08\/hydraulic-cylinder-product-4-1024x510.webp\" alt=\"\" width=\"1024\" height=\"510\" srcset=\"https:\/\/hydraulic-cylinders.net\/wp-content\/uploads\/2023\/08\/hydraulic-cylinder-product-4-980x488.webp 980w, https:\/\/hydraulic-cylinders.net\/wp-content\/uploads\/2023\/08\/hydraulic-cylinder-product-4-480x239.webp 480w\" sizes=\"(min-width: 0px) and (max-width: 480px) 480px, (min-width: 481px) and (max-width: 980px) 980px, (min-width: 981px) 1024px, 100vw\" \/><\/p>\n<h3><strong>(4) Maalaus ja pinnoitus<\/strong><\/h3>\n<p><img loading=\"lazy\" decoding=\"async\" class=\"wp-image-630 aligncenter\" src=\"https:\/\/hydraulic-cylinders.net\/wp-content\/uploads\/2023\/08\/hydraulic-cylinder-product-5-300x213.webp\" alt=\"\" width=\"500\" height=\"355\" \/><\/p>\n<p>Laitoksellamme on k\u00e4yt\u00f6ss\u00e4 edistykselliset automaattiset vesiohenteisten maalien pinnoituslinjat, jotka on erityisesti suunniteltu pienille ja keskisuurille sylintereille. N\u00e4m\u00e4 linjat hy\u00f6dynt\u00e4v\u00e4t robottiteknologiaa tehokkaaseen lastaukseen, purkamiseen ja ruiskutukseen, ja niiden tuotantokapasiteetti on huomattava, 4 000 kappaletta vuorossa.<\/p>\n<p><img loading=\"lazy\" decoding=\"async\" class=\"wp-image-631 aligncenter\" src=\"https:\/\/hydraulic-cylinders.net\/wp-content\/uploads\/2023\/08\/hydraulic-cylinder-product-6-300x225.webp\" alt=\"\" width=\"500\" height=\"375\" srcset=\"https:\/\/hydraulic-cylinders.net\/wp-content\/uploads\/2023\/08\/hydraulic-cylinder-product-6-300x225.webp 500w, https:\/\/hydraulic-cylinders.net\/wp-content\/uploads\/2023\/08\/hydraulic-cylinder-product-6-480x360.webp 480w\" sizes=\"(min-width: 0px) and (max-width: 480px) 480px, (min-width: 481px) 500px, 100vw\" \/><\/p>\n<p>Lis\u00e4ksi meill\u00e4 on puoliautomaattinen maalintuotantolinja suurille sylintereille, jota k\u00e4ytt\u00e4\u00e4 vankka voimansiirtoketju ja jonka suunniteltu kapasiteetti on 60 laatikkoa vuorossa. T\u00e4m\u00e4 automaation ja tehokkuuden yhdistelm\u00e4 takaa korkealaatuisen lopputuloksen kaikille hydraulisylintereillemme.<\/p>\n<h3><strong>(5) Testaus<\/strong><\/h3>\n<p>Meill\u00e4 on ensiluokkaiset tarkastustilat ja testialustat, joilla varmistetaan, ett\u00e4 sylinterin suorituskyky t\u00e4ytt\u00e4\u00e4 vaatimukset.<\/p>\n<p><img loading=\"lazy\" decoding=\"async\" class=\"wp-image-632 aligncenter\" src=\"https:\/\/hydraulic-cylinders.net\/wp-content\/uploads\/2023\/08\/hydraulic-cylinder-product-8-300x200.webp\" alt=\"\" width=\"389\" height=\"260\" \/><\/p>\n<p>Olemme tunnettu valmistaja, joka valmistaa mm. <a href=\"https:\/\/hzpt.com\/mobile-machinery-hydraulic-cylinder\/\" target=\"_blank\" rel=\"noopener\">hydraulisylinterit<\/a>, joka on tunnustettu yhdeksi alan parhaista. Laaja tuotevalikoimamme sis\u00e4lt\u00e4\u00e4 laajan valikoiman hydraulisylintereit\u00e4, jotka on r\u00e4\u00e4t\u00e4l\u00f6ity erilaisiin k\u00e4ytt\u00f6tarkoituksiin. Hydraulisylinterien lis\u00e4ksi tarjoamme my\u00f6s korkealaatuisia maatalousvaihteistoja, mik\u00e4 varmistaa, ett\u00e4 asiakkaillamme on k\u00e4yt\u00f6ss\u00e4\u00e4n kattavat ratkaisut koneisiinsa.<\/p>\n<p>Sitoutumisella huippuosaamiseen olemme onnistuneesti vieneet tuotteitamme asiakkaille maailmanlaajuisesti ja ansainneet vahvan maineen erinomaisesta tuotelaadusta ja poikkeuksellisesta huoltopalvelusta. Omistautumisemme asiakastyytyv\u00e4isyyteen on tehnyt meist\u00e4 luotettavan kumppanin sek\u00e4 kotimaisilla ett\u00e4 kansainv\u00e4lisill\u00e4 markkinoilla.<\/p>\n<h2><strong>Miksi valita meid\u00e4t?<\/strong><\/h2>\n<p><img loading=\"lazy\" decoding=\"async\" class=\"size-full wp-image-7201 aligncenter\" src=\"https:\/\/www.hydraulic-cylinders.net\/wp-content\/uploads\/2024\/09\/mining-dump-steering-cylinder-hydraulics-on-trucks-8.webp\" alt=\"\" width=\"1110\" height=\"735\" srcset=\"https:\/\/www.hydraulic-cylinders.net\/wp-content\/uploads\/2024\/09\/mining-dump-steering-cylinder-hydraulics-on-trucks-8.webp 1110w, https:\/\/www.hydraulic-cylinders.net\/wp-content\/uploads\/2024\/09\/mining-dump-steering-cylinder-hydraulics-on-trucks-8-980x649.webp 980w, https:\/\/www.hydraulic-cylinders.net\/wp-content\/uploads\/2024\/09\/mining-dump-steering-cylinder-hydraulics-on-trucks-8-480x318.webp 480w\" sizes=\"(min-width: 0px) and (max-width: 480px) 480px, (min-width: 481px) and (max-width: 980px) 980px, (min-width: 981px) 1110px, 100vw\" \/><\/p>\n<p><strong>Ammattitaito:<\/strong> Tiimimme koostuu alan ammattilaisista, joilla on laaja tiet\u00e4mys ja kokemus hydrauliikkaj\u00e4rjestelmist\u00e4, mik\u00e4 varmistaa huippuluokan tuotteiden ja palveluiden toimittamisen.<\/p>\n<p><strong>Kansainv\u00e4liset sertifikaatit:<\/strong> Noudatamme tiukkoja laatustandardeja ja meill\u00e4 on useita kansainv\u00e4lisi\u00e4 sertifikaatteja, mik\u00e4 osoittaa sitoutumisemme luotettavien ja turvallisten hydrauliikkaratkaisujen toimittamiseen.<\/p>\n<p><strong>Mukautetut ratkaisut:<\/strong> Ymm\u00e4rr\u00e4mme, ett\u00e4 jokaisen asiakkaan tarpeet ovat ainutlaatuiset. Siksi tarjoamme r\u00e4\u00e4t\u00e4l\u00f6ityj\u00e4 hydraulisylintereit\u00e4 ja vaihteistoja, jotka on r\u00e4\u00e4t\u00e4l\u00f6ity vastaamaan erityisvaatimuksia.<\/p>\n<p><strong>Edistyneet tuotantolaitteet:<\/strong> Huippumodernit tuotantolaitoksemme hy\u00f6dynt\u00e4v\u00e4t uusinta teknologiaa ja laitteita, joiden avulla pystymme tuottamaan korkealaatuisia tuotteita tehokkaasti.<\/p>\n<p><strong>Kattava myynnin j\u00e4lkeinen tuki:<\/strong> Sitoutumisemme asiakkaisiimme ulottuu myynnin ulkopuolelle. Tarjoamme jatkuvia tuki- ja yll\u00e4pitopalveluita varmistaaksemme tuotteidemme optimaalisen suorituskyvyn.<\/p>\n<p>Kutsumme asiakkaita ymp\u00e4ri maailmaa ottamaan meihin yhteytt\u00e4 liikeneuvotteluja, tiedonvaihtoa ja yhteisty\u00f6mahdollisuuksia varten. Yhdess\u00e4 voimme saavuttaa suurempaa menestyst\u00e4 hydrauliikkateollisuudessa!<\/p>","protected":false},"excerpt":{"rendered":"<p>Equipment Roller Press Cement Cylinder The equipment roller press cement cylinder is a vital component in cement production, specifically designed to boost efficiency and productivity in manufacturing plants. Its exceptional characteristics and robust construction make it indispensable for effectively operating roller press machines. With its high-pressure resistance, precision manufacturing, and advanced sealing technology, the equipment [&hellip;]<\/p>","protected":false},"featured_media":1727,"comment_status":"open","ping_status":"closed","template":"","meta":{"_et_pb_use_builder":"","_et_pb_old_content":"","_et_gb_content_width":""},"product_brand":[],"product_cat":[1520,1549],"product_tag":[1380],"class_list":{"0":"post-1724","1":"product","2":"type-product","3":"status-publish","4":"has-post-thumbnail","6":"product_cat-concrete-equipment-hydraulic-cylinders","7":"product_cat-single-acting-hydraulic-cylinder","8":"product_tag-hydraulic-cylinder","10":"first","11":"instock","12":"shipping-taxable","13":"product-type-simple"},"amp_enabled":true,"_links":{"self":[{"href":"https:\/\/www.hydraulic-cylinders.net\/fi\/wp-json\/wp\/v2\/product\/1724","targetHints":{"allow":["GET"]}}],"collection":[{"href":"https:\/\/www.hydraulic-cylinders.net\/fi\/wp-json\/wp\/v2\/product"}],"about":[{"href":"https:\/\/www.hydraulic-cylinders.net\/fi\/wp-json\/wp\/v2\/types\/product"}],"replies":[{"embeddable":true,"href":"https:\/\/www.hydraulic-cylinders.net\/fi\/wp-json\/wp\/v2\/comments?post=1724"}],"wp:featuredmedia":[{"embeddable":true,"href":"https:\/\/www.hydraulic-cylinders.net\/fi\/wp-json\/wp\/v2\/media\/1727"}],"wp:attachment":[{"href":"https:\/\/www.hydraulic-cylinders.net\/fi\/wp-json\/wp\/v2\/media?parent=1724"}],"wp:term":[{"taxonomy":"product_brand","embeddable":true,"href":"https:\/\/www.hydraulic-cylinders.net\/fi\/wp-json\/wp\/v2\/product_brand?post=1724"},{"taxonomy":"product_cat","embeddable":true,"href":"https:\/\/www.hydraulic-cylinders.net\/fi\/wp-json\/wp\/v2\/product_cat?post=1724"},{"taxonomy":"product_tag","embeddable":true,"href":"https:\/\/www.hydraulic-cylinders.net\/fi\/wp-json\/wp\/v2\/product_tag?post=1724"}],"curies":[{"name":"wp","href":"https:\/\/api.w.org\/{rel}","templated":true}]}}