{"id":1728,"date":"2023-10-12T03:34:42","date_gmt":"2023-10-12T03:34:42","guid":{"rendered":"https:\/\/hydraulic-cylinders.net\/?post_type=product&#038;p=1728"},"modified":"2025-04-11T02:53:43","modified_gmt":"2025-04-11T02:53:43","slug":"cement-equipment-vertical-mill-cylinder","status":"publish","type":"product","link":"https:\/\/www.hydraulic-cylinders.net\/fi\/tuote\/cement-equipment-vertical-mill-cylinder\/","title":{"rendered":"Sementtilaitteiden pystysuora myllysylinteri"},"content":{"rendered":"<h1 style=\"text-align: center;\"><strong>Sementtilaitteiden pystysuora myllysylinteri<\/strong><\/h1>\n<p><img loading=\"lazy\" decoding=\"async\" class=\"aligncenter wp-image-1729\" src=\"https:\/\/hydraulic-cylinders.net\/wp-content\/uploads\/2023\/10\/vertical-mill-cylinder-1-300x300.webp\" alt=\"\" width=\"400\" height=\"400\" \/><\/p>\n<p>Sementtilaitteiden pystysuora myllysylinteri on t\u00e4rke\u00e4 osa sementinvalmistusprosessia, ja se on suunniteltu parantamaan sementtitehtaiden tehokkuutta ja tuottavuutta. T\u00e4ll\u00e4 sylinterill\u00e4 on t\u00e4rke\u00e4 rooli pystysuorissa valssimyllyiss\u00e4, joita k\u00e4ytet\u00e4\u00e4n laajalti raaka-aineiden ja klinkkerin jauhamiseen sementtiteollisuudessa.<\/p>\n<p>Sementtilaitteiden pystymyllysylinteri on kriittinen osa sementintuotannossa, ja se parantaa tehokkuutta ja tuottavuutta sementtitehtaissa. T\u00e4m\u00e4 sylinteri varmistaa luotettavan ja tehokkaan toiminnan kest\u00e4v\u00e4n rakenteensa, korkean paineenkest\u00e4vyytens\u00e4, tarkan ty\u00f6st\u00f6ns\u00e4 ja edistyneen tiivistystekniikkansa ansiosta. Noudattamalla suositeltuja k\u00e4ytt\u00f6menetelmi\u00e4 ja huoltok\u00e4yt\u00e4nt\u00f6j\u00e4 voit maksimoida sementtilaitteiden pystymyllysylinterin suorituskyvyn ja pitk\u00e4ik\u00e4isyyden, mik\u00e4 parantaa lopulta sementinvalmistustoimintojesi tuottavuutta ja kannattavuutta.<\/p>\n<p>Sementtilaitteiden pystysuoran myllysylinterin t\u00e4rkeimm\u00e4t ominaisuudet:<\/p>\n<ol>\n<li>Vankka rakenne:<\/li>\n<\/ol>\n<ul>\n<li>Valmistettu korkealaatuisista materiaaleista kest\u00e4vyytt\u00e4 varten vaativissa sementtitehdasymp\u00e4rist\u00f6iss\u00e4.<\/li>\n<li>Se kest\u00e4\u00e4 raskaita kuormia ja yll\u00e4pit\u00e4\u00e4 optimaalista suorituskyky\u00e4 hionnan aikana.<\/li>\n<\/ul>\n<ol start=\"2\">\n<li>Korkea paineenkest\u00e4vyys:<\/li>\n<\/ol>\n<ul>\n<li>Erityisesti suunniteltu kest\u00e4m\u00e4\u00e4n pystysuuntaisissa valssimyllyiss\u00e4 yleisesti esiintyvi\u00e4 korkeapainesovelluksia.<\/li>\n<li>Kest\u00e4\u00e4 raaka-aineiden ja klinkkerin jauhamisen aikana syntyvi\u00e4 voimakkaita voimia.<\/li>\n<\/ul>\n<ol start=\"3\">\n<li>Tarkka ty\u00f6st\u00f6:<\/li>\n<\/ol>\n<ul>\n<li>L\u00e4p\u00e4isee tarkat ty\u00f6st\u00f6prosessit tarkkojen mittojen ja tiukkojen toleranssien saavuttamiseksi.<\/li>\n<li>Mahdollistaa sujuvan ja tarkan liikkeen, mik\u00e4 parantaa kokonaissuorituskyky\u00e4 ja -tuottoa.<\/li>\n<\/ul>\n<ol start=\"4\">\n<li>Edistynyt tiivistystekniikka:<\/li>\n<\/ol>\n<ul>\n<li>Varustettu edistyneell\u00e4 tiivistystekniikalla hydraulinesteen vuotojen est\u00e4miseksi.<\/li>\n<li>Luotettava tiivistys minimoi seisokkiajat, alentaa yll\u00e4pitokustannuksia ja parantaa tehokkuutta.<\/li>\n<\/ul>\n<h2><strong>Sementtilaitteiden pystysuoran myllyn sylinteriparametri:<\/strong><\/h2>\n<table border=\"1\" cellspacing=\"0\" cellpadding=\"0\">\n<tbody>\n<tr>\n<td>Tuotteen nimi<\/td>\n<td>Sementtilaitteiden pystysuora myllysylinteri<\/td>\n<\/tr>\n<tr>\n<td>Ominaisuudet:<\/td>\n<td>Varmista puristimen p\u00e4\u00e4n keskiasento<\/td>\n<\/tr>\n<tr>\n<td>Rei\u00e4n halkaisija:<\/td>\n<td>200 mm\uff5e700 mm<\/td>\n<\/tr>\n<tr>\n<td>Tangon halkaisija:<\/td>\n<td>130 mm\uff5e500 mm<br \/>\nIsku: \u2264500 mm<\/td>\n<\/tr>\n<tr>\n<td>Ty\u00f6nt\u00f6voima:<\/td>\n<td>Enint\u00e4\u00e4n 5387 kN<br \/>\n(Sylinterin halkaisija 700 mm \/ paine 14 MPa)<\/td>\n<\/tr>\n<tr>\n<td>Sementtilaitteiden pystysuoran myllyn sylinterisovellukset:<\/td>\n<td>Sementtilaitteet<\/td>\n<\/tr>\n<\/tbody>\n<\/table>\n<div><\/div>\n<div>\n<div class=\"txtboxL\">Ominaisuudet:<\/div>\n<div class=\"txtboxR\">S\u00e4\u00e4d\u00e4 hiomarullien v\u00e4list\u00e4 kireytt\u00e4\/s\u00e4\u00e4d\u00e4 rakoa<\/div>\n<div class=\"txtboxL\">Tekniset tiedot:<\/div>\n<div class=\"txtboxR\">Rei\u00e4n halkaisija: 260 mm - 540 mm<br \/>\nTangon halkaisija: 130 mm\uff5e265 mm<br \/>\nIsku: \u22644000 mm<\/div>\n<div class=\"txtboxL\">Ty\u00f6nt\u00f6voima:<\/div>\n<div class=\"txtboxR\">Enint\u00e4\u00e4n 2646 kN<br \/>\n(Sylinterin halkaisija 540 mm \/ paine 21 MPa)<\/div>\n<\/div>\n<h2><strong>S\u00e4hk\u00f6uuni <\/strong><strong> Sylinteritehdas:<\/strong><\/h2>\n<p><img loading=\"lazy\" decoding=\"async\" class=\"alignnone wp-image-1697 size-full\" src=\"https:\/\/hydraulic-cylinders.net\/wp-content\/uploads\/2023\/10\/filter-press-cylinder-1.webp\" alt=\"\" width=\"1418\" height=\"946\" srcset=\"https:\/\/hydraulic-cylinders.net\/wp-content\/uploads\/2023\/10\/filter-press-cylinder-1.webp 1418w, https:\/\/hydraulic-cylinders.net\/wp-content\/uploads\/2023\/10\/filter-press-cylinder-1-1280x854.webp 1280w, https:\/\/hydraulic-cylinders.net\/wp-content\/uploads\/2023\/10\/filter-press-cylinder-1-980x654.webp 980w, https:\/\/hydraulic-cylinders.net\/wp-content\/uploads\/2023\/10\/filter-press-cylinder-1-480x320.webp 480w\" sizes=\"(min-width: 0px) and (max-width: 480px) 480px, (min-width: 481px) and (max-width: 980px) 980px, (min-width: 981px) and (max-width: 1280px) 1280px, (min-width: 1281px) 1418px, 100vw\" \/><\/p>\n<h2><strong>Sementtilaitteiden pystysuoran myllysylinterin k\u00e4ytt\u00f6tapa<\/strong><strong>:<\/strong><\/h2>\n<ol>\n<li><strong>Asennus:<\/strong><\/li>\n<\/ol>\n<ul>\n<li>Follow the manufacturer&#8217;s guidelines for secure installation onto the vertical roller mill.<\/li>\n<li>Varmista oikea kohdistus ja kiinnitys vakaan ja turvallisen k\u00e4yt\u00f6n varmistamiseksi.<\/li>\n<\/ul>\n<ol start=\"2\">\n<li><strong>Hydraulinen liit\u00e4nt\u00e4:<\/strong><\/li>\n<\/ol>\n<ul>\n<li>Liit\u00e4 sylinteri hydraulij\u00e4rjestelm\u00e4\u00e4n sopivilla liittimill\u00e4 ja letkuilla.<\/li>\n<li>Varmista, ett\u00e4 liit\u00e4nn\u00e4t ovat turvalliset ja ettei niiss\u00e4 ole vuotoja.<\/li>\n<\/ul>\n<ol start=\"3\">\n<li><strong>J\u00e4rjestelm\u00e4n kalibrointi:<\/strong><\/li>\n<\/ol>\n<ul>\n<li>Kalibroi hydraulij\u00e4rjestelm\u00e4 sylinterin suorituskyvyn optimoimiseksi.<\/li>\n<li>Adjust pressure settings and flow rates according to the manufacturer&#8217;s recommendations.<\/li>\n<\/ul>\n<ol start=\"4\">\n<li><strong>K\u00e4ytt\u00f6 ja ohjaus:<\/strong><\/li>\n<\/ol>\n<ul>\n<li>K\u00e4ynnist\u00e4 pystysuora valssimylly k\u00e4ynnist\u00e4m\u00e4ll\u00e4 hydrauliikkaj\u00e4rjestelm\u00e4.<\/li>\n<li>Sylinteri kytkeytyy jauhatusvalsseihin ja tuottaa tarvittavan voiman jauhamiseen ja hienontamiseen.<\/li>\n<li>Monitor and adjust the cylinder&#8217;s position, pressure, and speed through the control panel or interface.<\/li>\n<\/ul>\n<h2><strong>Kuinka hydraulisylintereit\u00e4 kunnostetaan?<\/strong><\/h2>\n<p>Hydraulisylinterien kunnostus voi auttaa palauttamaan niiden toimivuuden ja pident\u00e4\u00e4 niiden k\u00e4ytt\u00f6ik\u00e4\u00e4. T\u00e4ss\u00e4 on yleinen opas hydraulisylinterien kunnostamiseen:<\/p>\n<ol>\n<li><strong>Ker\u00e4\u00e4 ty\u00f6kalut ja materiaalit:<\/strong>\n<ul>\n<li>Suojak\u00e4sineet ja suojalasit<\/li>\n<li>Avaimet ja hylsyt<\/li>\n<li>V\u00e4\u00e4nt\u00f6rauta tai tiivisteen poistoty\u00f6kalu<\/li>\n<li>Kumivasara tai -vasara<\/li>\n<li>Sylinterin korjaussarja (sis\u00e4lt\u00e4\u00e4 tiivisteet, O-renkaat ja muut tarvittavat osat)<\/li>\n<li>Hydraulineste<\/li>\n<li>Puhtaat r\u00e4tit tai pyyhkeet<\/li>\n<\/ul>\n<\/li>\n<li><strong>Turvaohjeet:<\/strong>\n<ul>\n<li>Ennen uudelleenrakennusprosessin aloittamista varmista, ett\u00e4 hydrauliikkaj\u00e4rjestelm\u00e4 on paineeton ja sylinteri on vedetty kokonaan sis\u00e4\u00e4n.<\/li>\n<li>K\u00e4yt\u00e4 suojak\u00e4sineit\u00e4 ja suojalaseja suojautuaksesi mahdollisilta vaaroilta.<\/li>\n<\/ul>\n<\/li>\n<li><strong>Irrota sylinteri:<\/strong>\n<ul>\n<li>Irrota hydrauliletkut sylinterist\u00e4 jakoavaimilla tai hylsyill\u00e4.<\/li>\n<li>Irrota m\u00e4nt\u00e4 tai tiiviste varovasti sylinteriputkesta sorkkaraudalla tai tiivisteen poistoty\u00f6kalulla.<\/li>\n<li>Tarkasta sylinterin osat mahdollisten vaurioiden tai kulumisen varalta.<\/li>\n<\/ul>\n<\/li>\n<li><strong>Pura sylinteri:<\/strong>\n<ul>\n<li>Pura sylinteri varovasti irrottamalla kiinnitysrenkaat tai pultit, jotka pit\u00e4v\u00e4t eri komponentteja yhdess\u00e4.<\/li>\n<li>Huomioi osien j\u00e4rjestys ja asettelu tarkan kokoamisen varmistamiseksi.<\/li>\n<\/ul>\n<\/li>\n<li><strong>Puhdista ja tarkista:<\/strong>\n<ul>\n<li>Puhdista kaikki sylinterin osat huolellisesti sopivalla liuottimella lian, roskien ja vanhan hydraulinesteen poistamiseksi.<\/li>\n<li>Tarkasta komponentit vaurioiden, kulumisen tai sy\u00f6pymisen varalta. Vaihda vaurioituneet tai kuluneet osat.<\/li>\n<\/ul>\n<\/li>\n<li><strong>Vaihda tiivisteet ja O-renkaat:<\/strong>\n<ul>\n<li>Katso sylinterin korjaussarjasta sopivat tiivisteet ja O-renkaat vaihdettavaksi.<\/li>\n<li>Install the new seals and O-rings according to the manufacturer&#8217;s instructions and using the proper lubrication.<\/li>\n<\/ul>\n<\/li>\n<li><strong>Kokoa sylinteri uudelleen:<\/strong>\n<ul>\n<li>Aloita sylinterin kokoaminen asettamalla m\u00e4nt\u00e4 tai tiiviste varovasti takaisin sylinterin runkoon.<\/li>\n<li>Kiinnit\u00e4 kiinnitysrenkaat tai pultit takaisin kiinnitt\u00e4\u00e4ksesi komponentit yhteen.<\/li>\n<li>Noudata osien oikeaa j\u00e4rjestyst\u00e4 ja kokoonpanoa purkamisen aikana.<\/li>\n<\/ul>\n<\/li>\n<li><strong>Testaa ja asenna uudelleen:<\/strong>\n<ul>\n<li>Kun sylinteri on koottu uudelleen, testaa sen liike manuaalisesti varmistaaksesi sujuvan toiminnan.<\/li>\n<li>Kytke hydrauliikkaletkut takaisin ja varmista, ett\u00e4 ne on kiristetty kunnolla.<\/li>\n<li>T\u00e4yt\u00e4 hydraulij\u00e4rjestelm\u00e4 suositellulla hydraulinesteell\u00e4.<\/li>\n<\/ul>\n<\/li>\n<li><strong>Tarkista vuodot ja toiminta:<\/strong>\n<ul>\n<li>K\u00e4ynnist\u00e4 hydraulij\u00e4rjestelm\u00e4 ja tarkkaile sylinteri\u00e4 huolellisesti mahdollisten vuotojen varalta.<\/li>\n<li>Monitor the cylinder&#8217;s functionality and ensure it operates smoothly without any issues.<\/li>\n<\/ul>\n<\/li>\n<\/ol>\n<h2><strong>Tehtaan kapasiteetti ja kapasiteetti:<\/strong><\/h2>\n<h3>(1) Kokoonpano<\/h3>\n<p>Meill\u00e4 on ensiluokkainen riippumaton tutkimus- ja kehitysty\u00f6n kokoonpanoalusta. Hydraulisylinterien tuotantopajassa on nelj\u00e4 puoliautomaattista nostosylinterin kokoonpanolinjaa ja yksi automaattinen kallistussylinterin kokoonpanolinja, joiden suunniteltu vuotuinen tuotantokapasiteetti on 1 miljoona kappaletta. Erikoissylinterin ty\u00f6paja on varustettu erilaisilla eritelmill\u00e4 puoliautomaattisen puhdistusasennuksen kokoonpanoj\u00e4rjestelm\u00e4ll\u00e4, jonka suunniteltu vuotuinen tuotantokapasiteetti on 200 000, ja se on varustettu kuuluisilla CNC-ty\u00f6st\u00f6laitteilla, ty\u00f6st\u00f6keskuksella, korkean tarkkuuden sylinterin k\u00e4sittelyyn tarkoitetuilla erityislaitteilla, robottihitsauskoneella, automaattisella puhdistuslaitteella, automaattisella sylinterin kokoonpanokoneella ja automaattisella maalaustuotantolinjalla. Olemassa olevat kriittiset laitteet yli 300 sarjaa (sarjaa). Laiteresurssien optimaalinen kohdentaminen ja tehokas k\u00e4ytt\u00f6 varmistavat tuotteiden tarkkuusvaatimukset ja t\u00e4ytt\u00e4v\u00e4t tuotteiden laatuvaatimukset.<\/p>\n<p><img loading=\"lazy\" decoding=\"async\" class=\"alignnone wp-image-626\" src=\"https:\/\/hydraulic-cylinders.net\/wp-content\/uploads\/2023\/08\/hydraulic-cylinder-product-1-300x158.webp\" alt=\"\" width=\"495\" height=\"260\" srcset=\"https:\/\/hydraulic-cylinders.net\/wp-content\/uploads\/2023\/08\/hydraulic-cylinder-product-1-300x158.webp 495w, https:\/\/hydraulic-cylinders.net\/wp-content\/uploads\/2023\/08\/hydraulic-cylinder-product-1-480x252.webp 480w\" sizes=\"(min-width: 0px) and (max-width: 480px) 480px, (min-width: 481px) 495px, 100vw\" \/> <img loading=\"lazy\" decoding=\"async\" class=\"alignnone wp-image-627\" src=\"https:\/\/hydraulic-cylinders.net\/wp-content\/uploads\/2023\/08\/hydraulic-cylinder-product-2-300x189.webp\" alt=\"\" width=\"413\" height=\"260\" \/><\/p>\n<h3>(2) Koneistus<\/h3>\n<p>Ty\u00f6st\u00f6paja on varustettu r\u00e4\u00e4t\u00e4l\u00f6idyll\u00e4 kaltevalla kiskosorvauskeskuksella, ty\u00f6st\u00f6keskuksella, suurnopeus-hiontakoneella, hitsausrobotilla ja muilla vastaavilla laitteilla, joilla voidaan k\u00e4sitell\u00e4 sylinteriputkia, joiden sis\u00e4halkaisija on enint\u00e4\u00e4n 400 mm ja enimm\u00e4ispituus on 6 metri\u00e4.<\/p>\n<p><img loading=\"lazy\" decoding=\"async\" class=\"alignnone wp-image-628 size-large\" src=\"https:\/\/hydraulic-cylinders.net\/wp-content\/uploads\/2023\/08\/hydraulic-cylinder-product-3-1024x391.webp\" alt=\"\" width=\"1024\" height=\"391\" srcset=\"https:\/\/hydraulic-cylinders.net\/wp-content\/uploads\/2023\/08\/hydraulic-cylinder-product-3-980x374.webp 980w, https:\/\/hydraulic-cylinders.net\/wp-content\/uploads\/2023\/08\/hydraulic-cylinder-product-3-480x183.webp 480w\" sizes=\"(min-width: 0px) and (max-width: 480px) 480px, (min-width: 481px) and (max-width: 980px) 980px, (min-width: 981px) 1024px, 100vw\" \/><\/p>\n<h3>(3) Hitsaus<\/h3>\n<p><img loading=\"lazy\" decoding=\"async\" class=\"alignnone wp-image-629 size-large\" src=\"https:\/\/hydraulic-cylinders.net\/wp-content\/uploads\/2023\/08\/hydraulic-cylinder-product-4-1024x510.webp\" alt=\"\" width=\"1024\" height=\"510\" srcset=\"https:\/\/hydraulic-cylinders.net\/wp-content\/uploads\/2023\/08\/hydraulic-cylinder-product-4-980x488.webp 980w, https:\/\/hydraulic-cylinders.net\/wp-content\/uploads\/2023\/08\/hydraulic-cylinder-product-4-480x239.webp 480w\" sizes=\"(min-width: 0px) and (max-width: 480px) 480px, (min-width: 481px) and (max-width: 980px) 980px, (min-width: 981px) 1024px, 100vw\" \/><\/p>\n<h3>(4) Maalaus ja pinnoitus<\/h3>\n<p>Pienill\u00e4 ja keskisuurilla sylinterin automaattisilla vesipohjaisilla maalipinnoituslinjoilla automaattisen robotin lastaus- ja purku- ja automaattisen ruiskutuksen saavuttamiseksi, suunnittelukapasiteetti on 4000 kappaletta vuorossa;<br \/>\nMeill\u00e4 on my\u00f6s puoliautomaattinen maalauslinja suurille sylintereille, joka toimii voimaketjulla ja jonka suunnittelukapasiteetti on 60 laatikkoa ty\u00f6vuorossa.<\/p>\n<p><img loading=\"lazy\" decoding=\"async\" class=\"alignnone wp-image-630\" src=\"https:\/\/hydraulic-cylinders.net\/wp-content\/uploads\/2023\/08\/hydraulic-cylinder-product-5-300x213.webp\" alt=\"\" width=\"366\" height=\"260\" \/> <img loading=\"lazy\" decoding=\"async\" class=\"alignnone wp-image-631\" src=\"https:\/\/hydraulic-cylinders.net\/wp-content\/uploads\/2023\/08\/hydraulic-cylinder-product-6-300x225.webp\" alt=\"\" width=\"347\" height=\"260\" \/><\/p>\n<h3>(5) Testaus<\/h3>\n<p>Meill\u00e4 on ensiluokkaiset tarkastustilat ja testialustat, joilla varmistetaan, ett\u00e4 sylinterin suorituskyky t\u00e4ytt\u00e4\u00e4 vaatimukset.<\/p>\n<p><img loading=\"lazy\" decoding=\"async\" class=\"alignnone wp-image-632\" src=\"https:\/\/hydraulic-cylinders.net\/wp-content\/uploads\/2023\/08\/hydraulic-cylinder-product-8-300x200.webp\" alt=\"\" width=\"389\" height=\"260\" \/><\/p>\n<p>&nbsp;<\/p>\n<p>&nbsp;<\/p>\n<p>Olemme yksi parhaista hydraulisylintereiden valmistajista. Voimme tarjota kattavia hydraulisylintereit\u00e4. Tarjoamme my\u00f6s vastaavia <a href=\"https:\/\/hzpt.com\/agricultural-pto-gearbox\/\" target=\"_blank\" rel=\"noopener\">maatalousvaihteistot<\/a>Olemme vieneet tuotteitamme asiakkaille maailmanlaajuisesti ja ansainneet hyv\u00e4n maineen erinomaisen tuotelaadun ja huoltopalvelumme ansiosta. Toivotamme tervetulleeksi asiakkaat kotimaassa ja ulkomailla ottamaan meihin yhteytt\u00e4 neuvotellakseen liiketoimista, vaihtaakseen tietoja ja <a href=\"https:\/\/www.hydraulic-cylinders.net\/fi\/contact-us\/\">tehd\u00e4 yhteisty\u00f6t\u00e4 kanssamme<\/a>!<\/p>","protected":false},"excerpt":{"rendered":"<p>Cement Equipment Vertical Mill Cylinder The cement equipment vertical mill cylinder is a crucial component in the cement manufacturing process, designed to improve efficiency and productivity in cement plants. This cylinder plays a vital role in vertical roller mills, which are widely used for grinding raw materials and clinker in the cement industry. The cement [&hellip;]<\/p>","protected":false},"featured_media":1730,"comment_status":"open","ping_status":"closed","template":"","meta":{"_et_pb_use_builder":"","_et_pb_old_content":"","_et_gb_content_width":""},"product_brand":[],"product_cat":[1520,1549],"product_tag":[1380],"class_list":{"0":"post-1728","1":"product","2":"type-product","3":"status-publish","4":"has-post-thumbnail","6":"product_cat-concrete-equipment-hydraulic-cylinders","7":"product_cat-single-acting-hydraulic-cylinder","8":"product_tag-hydraulic-cylinder","10":"first","11":"instock","12":"shipping-taxable","13":"product-type-simple"},"amp_enabled":true,"_links":{"self":[{"href":"https:\/\/www.hydraulic-cylinders.net\/fi\/wp-json\/wp\/v2\/product\/1728","targetHints":{"allow":["GET"]}}],"collection":[{"href":"https:\/\/www.hydraulic-cylinders.net\/fi\/wp-json\/wp\/v2\/product"}],"about":[{"href":"https:\/\/www.hydraulic-cylinders.net\/fi\/wp-json\/wp\/v2\/types\/product"}],"replies":[{"embeddable":true,"href":"https:\/\/www.hydraulic-cylinders.net\/fi\/wp-json\/wp\/v2\/comments?post=1728"}],"wp:featuredmedia":[{"embeddable":true,"href":"https:\/\/www.hydraulic-cylinders.net\/fi\/wp-json\/wp\/v2\/media\/1730"}],"wp:attachment":[{"href":"https:\/\/www.hydraulic-cylinders.net\/fi\/wp-json\/wp\/v2\/media?parent=1728"}],"wp:term":[{"taxonomy":"product_brand","embeddable":true,"href":"https:\/\/www.hydraulic-cylinders.net\/fi\/wp-json\/wp\/v2\/product_brand?post=1728"},{"taxonomy":"product_cat","embeddable":true,"href":"https:\/\/www.hydraulic-cylinders.net\/fi\/wp-json\/wp\/v2\/product_cat?post=1728"},{"taxonomy":"product_tag","embeddable":true,"href":"https:\/\/www.hydraulic-cylinders.net\/fi\/wp-json\/wp\/v2\/product_tag?post=1728"}],"curies":[{"name":"wp","href":"https:\/\/api.w.org\/{rel}","templated":true}]}}