{"id":17331,"date":"2025-03-07T07:38:49","date_gmt":"2025-03-07T07:38:49","guid":{"rendered":"https:\/\/www.hydraulic-cylinders.net\/?post_type=product&#038;p=17331"},"modified":"2025-04-11T03:05:13","modified_gmt":"2025-04-11T03:05:13","slug":"main-and-auxiliary-lifting-cylinders-for-no-tillage-machines","status":"publish","type":"product","link":"https:\/\/www.hydraulic-cylinders.net\/fi\/tuote\/main-and-auxiliary-lifting-cylinders-for-no-tillage-machines\/","title":{"rendered":"P\u00e4\u00e4- ja apunostosylinterit ilman maanmuokkausta oleville koneille"},"content":{"rendered":"<h1 style=\"text-align: center;\"><strong>P\u00e4\u00e4- ja apunostosylinterit ilman maanmuokkausta oleville koneille<img loading=\"lazy\" decoding=\"async\" class=\"alignnone wp-image-17286\" src=\"https:\/\/www.hydraulic-cylinders.net\/wp-content\/uploads\/2025\/03\/main-and-auxiliary-lifting-cylinders-1-1.webp\" alt=\"\" width=\"500\" height=\"500\" \/> \u00a0<\/strong><\/h1>\n<p>P\u00e4\u00e4- ja apunostosylintereill\u00e4 on ratkaiseva rooli suorakylv\u00f6koneiden tehokkaassa toiminnassa, sill\u00e4 ne parantavat merkitt\u00e4v\u00e4sti niiden suorituskyky\u00e4 erilaisissa maatalousteht\u00e4viss\u00e4. N\u00e4m\u00e4 hydraulisylinterit tarjoavat poikkeuksellisen tehokkuuden t\u00e4rkeiden komponenttien nostamisessa ja laskemisessa, mik\u00e4 varmistaa sujuvan ja luotettavan toiminnan kriittisiss\u00e4 toiminnoissa, kuten istutuksessa, lannoituksessa ja sadonkorjuussa.<\/p>\n<p>N\u00e4m\u00e4 kest\u00e4viksi ja tarkkoiksi suunnitellut nostosylinterit on rakennettu kest\u00e4m\u00e4\u00e4n vaativien maatalousymp\u00e4rist\u00f6jen rasitukset. Niiden kest\u00e4v\u00e4 rakenne minimoi kulumisen ja tarjoaa viljelij\u00f6ille laitteita, jotka kest\u00e4v\u00e4t suorakylv\u00f6viljelyn haasteet. N\u00e4iden sylinterien tarkka suunnittelu mahdollistaa koneiden liikkeiden tarkan hallinnan, jolloin k\u00e4ytt\u00e4j\u00e4t voivat tehd\u00e4 hienos\u00e4\u00e4t\u00f6j\u00e4 ja optimoida ty\u00f6koneiden sijoittelun.<\/p>\n<p>Integroimalla p\u00e4\u00e4- ja apunostosylinterit laitteisiinsa viljelij\u00e4t voivat parantaa merkitt\u00e4v\u00e4sti suorakylv\u00f6koneidensa yleist\u00e4 toimivuutta. T\u00e4m\u00e4 integrointi parantaa toiminnan tehokkuutta ja mahdollistaa saumattomat siirtym\u00e4t eri teht\u00e4vien v\u00e4lill\u00e4, mik\u00e4 v\u00e4hent\u00e4\u00e4 seisokkiaikoja ja lis\u00e4\u00e4 tuottavuutta. T\u00e4m\u00e4n seurauksena viljelij\u00e4t voivat luottavaisin mielin omaksua nykyaikaiset viljelyk\u00e4yt\u00e4nn\u00f6t tiet\u00e4en, ett\u00e4 heid\u00e4n laitteensa on varustettu edistyneell\u00e4 hydrauliikkatekniikalla, joka on suunniteltu vastaamaan nykyaikaisen maatalouden vaatimuksiin.<\/p>\n<h2><strong>P\u00e4\u00e4- ja apuk\u00e4ytt\u00f6isten nostosylinterien parametri:<\/strong><\/h2>\n<h1 style=\"text-align: center;\"><strong><img loading=\"lazy\" decoding=\"async\" class=\"alignnone size-full wp-image-17283\" src=\"https:\/\/www.hydraulic-cylinders.net\/wp-content\/uploads\/2025\/03\/hydraulic-cylinders-for-no-tillage-machines-parameter-1.webp\" alt=\"\" width=\"2237\" height=\"1271\" srcset=\"https:\/\/www.hydraulic-cylinders.net\/wp-content\/uploads\/2025\/03\/hydraulic-cylinders-for-no-tillage-machines-parameter-1.webp 2237w, https:\/\/www.hydraulic-cylinders.net\/wp-content\/uploads\/2025\/03\/hydraulic-cylinders-for-no-tillage-machines-parameter-1-1280x727.webp 1280w, https:\/\/www.hydraulic-cylinders.net\/wp-content\/uploads\/2025\/03\/hydraulic-cylinders-for-no-tillage-machines-parameter-1-980x557.webp 980w, https:\/\/www.hydraulic-cylinders.net\/wp-content\/uploads\/2025\/03\/hydraulic-cylinders-for-no-tillage-machines-parameter-1-480x273.webp 480w\" sizes=\"(min-width: 0px) and (max-width: 480px) 480px, (min-width: 481px) and (max-width: 980px) 980px, (min-width: 981px) and (max-width: 1280px) 1280px, (min-width: 1281px) 2237px, 100vw\" \/><\/strong><\/h1>\n<h2><strong>P\u00e4\u00e4- ja apuk\u00e4ytt\u00f6isten nostosylinterien k\u00e4ytt\u00f6 ilman maanmuokkausta:<\/strong><\/h2>\n<p><img loading=\"lazy\" decoding=\"async\" class=\"alignnone size-full wp-image-17282\" src=\"https:\/\/www.hydraulic-cylinders.net\/wp-content\/uploads\/2025\/03\/hydraulic-cylinders-for-no-tillage-machines-application-1.webp\" alt=\"\" width=\"2273\" height=\"976\" srcset=\"https:\/\/www.hydraulic-cylinders.net\/wp-content\/uploads\/2025\/03\/hydraulic-cylinders-for-no-tillage-machines-application-1.webp 2273w, https:\/\/www.hydraulic-cylinders.net\/wp-content\/uploads\/2025\/03\/hydraulic-cylinders-for-no-tillage-machines-application-1-1280x550.webp 1280w, https:\/\/www.hydraulic-cylinders.net\/wp-content\/uploads\/2025\/03\/hydraulic-cylinders-for-no-tillage-machines-application-1-980x421.webp 980w, https:\/\/www.hydraulic-cylinders.net\/wp-content\/uploads\/2025\/03\/hydraulic-cylinders-for-no-tillage-machines-application-1-480x206.webp 480w\" sizes=\"(min-width: 0px) and (max-width: 480px) 480px, (min-width: 481px) and (max-width: 980px) 980px, (min-width: 981px) and (max-width: 1280px) 1280px, (min-width: 1281px) 2273px, 100vw\" \/><\/p>\n<h2><strong>P\u00e4\u00e4- ja apunostosylinterit ilman maanmuokkausta oleville koneille. T\u00e4rkeimm\u00e4t ominaisuudet:<\/strong><\/h2>\n<h4><strong>1. Kest\u00e4v\u00e4 rakenne<\/strong><\/h4>\n<p>N\u00e4m\u00e4 nostosylinterit on valmistettu ensiluokkaisista materiaaleista ja suunniteltu kest\u00e4m\u00e4\u00e4n vaativien maatalousymp\u00e4rist\u00f6jen haasteita. Niiden poikkeuksellinen kulutuskest\u00e4vyys takaa pitk\u00e4n k\u00e4ytt\u00f6i\u00e4n ja v\u00e4hent\u00e4\u00e4 merkitt\u00e4v\u00e4sti osien vaihtotarvetta. T\u00e4m\u00e4 kest\u00e4vyys tarkoittaa kustannuss\u00e4\u00e4st\u00f6j\u00e4 ajan my\u00f6t\u00e4 ja parantaa suorakylv\u00f6koneiden yleist\u00e4 luotettavuutta, jolloin viljelij\u00e4t voivat keskitty\u00e4 ty\u00f6h\u00f6ns\u00e4 ilman huolta laitevioista.<\/p>\n<h4><strong>2. Suuri kuormituskapasiteetti<\/strong><\/h4>\n<p>N\u00e4m\u00e4 sylinterit on suunniteltu k\u00e4sittelem\u00e4\u00e4n huomattavaa painoa, ja ne tuottavat tarvittavan voiman raskaiden laitteiden tehokkaaseen nostamiseen. Niiden vaikuttava kuormituskapasiteetti antaa viljelij\u00f6ille mahdollisuuden suorittaa vaativimmatkin maatalousteht\u00e4v\u00e4t suorituskyvyst\u00e4 tinkim\u00e4tt\u00e4. T\u00e4m\u00e4 luotettavuus lis\u00e4\u00e4 tuottavuutta ja antaa viljelij\u00f6ille mahdollisuuden k\u00e4sitell\u00e4 suurempia peltoja ja monimutkaisempia toimintoja helposti.<\/p>\n<h4><strong>3. Sujuva toiminta<\/strong><\/h4>\n<p>Edistyksellisen hydraulisen rakenteensa ansiosta n\u00e4m\u00e4 sylinterit minimoivat kitkan, mik\u00e4 johtaa saumattomiin nosto- ja laskutoimintoihin. T\u00e4m\u00e4 sujuva toiminta parantaa kokonaistehokkuutta ja mahdollistaa kuljettajien tarkan laitteiden hallinnan. V\u00e4h\u00e4isten t\u00e4rin\u00f6iden ja t\u00e4rin\u00f6iden ansiosta viljelij\u00e4t voivat saavuttaa suuremman tarkkuuden teht\u00e4viss\u00e4\u00e4n, mik\u00e4 johtaa parempaan sadon hallintaan ja suurempiin satoihin.<\/p>\n<h4><strong>4. Monipuolinen yhteensopivuus<\/strong><\/h4>\n<p>N\u00e4m\u00e4 nostosylinterit on suunniteltu yhteensopiviksi monenlaisten suorakylv\u00f6koneiden kanssa, ja ne tarjoavat monipuolisia ratkaisuja erilaisiin maataloussovelluksiin. Niiden kyky integroitua saumattomasti olemassa oleviin laitteisiin tarkoittaa, ett\u00e4 viljelij\u00e4t voivat p\u00e4ivitt\u00e4\u00e4 koneitaan ilman laajoja muutoksia. T\u00e4m\u00e4 joustavuus mahdollistaa r\u00e4\u00e4t\u00e4l\u00f6idyt ratkaisut, jotka t\u00e4ytt\u00e4v\u00e4t erityiset toiminnalliset vaatimukset.<\/p>\n<h4><strong>5. K\u00e4ytt\u00e4j\u00e4yst\u00e4v\u00e4llinen asennus<\/strong><\/h4>\n<p>N\u00e4m\u00e4 sylinterit on suunniteltu helposti asennettaviksi, mik\u00e4 v\u00e4hent\u00e4\u00e4 merkitt\u00e4v\u00e4sti seisokkiaikoja ja mahdollistaa viljelij\u00f6iden nopean paluun t\u00f6ihin. Yksinkertainen asennusprosessi varmistaa, ett\u00e4 jopa rajoitetun teknisen asiantuntemuksen omaavat voivat asentaa ne vaivattomasti. T\u00e4m\u00e4 k\u00e4tevyys virtaviivaistaa toimintaa ja parantaa tilan kokonaistuottavuutta.<\/p>\n<p>Valitsemalla n\u00e4m\u00e4 tehokkaat nostosylinterit viljelij\u00e4t voivat parantaa laitteidensa tehokkuutta ja luotettavuutta, mik\u00e4 tasoittaa tiet\u00e4 tuottavammalle ja menestyksekk\u00e4\u00e4mm\u00e4lle maataloustoiminnalle. N\u00e4iden edistyneiden hydraulisten ratkaisujen k\u00e4ytt\u00f6\u00f6notto antaa viljelij\u00f6ille mahdollisuuden sopeutua nykyaikaisiin viljelyk\u00e4yt\u00e4nt\u00f6ihin ja vastata nykyp\u00e4iv\u00e4n maatalousmaiseman haasteisiin.<\/p>\n<h2><strong>P\u00e4\u00e4- ja apunostosylinterit maanmuokkauskoneille, sovellettavissa oleva malli:<\/strong><\/h2>\n<h1 style=\"text-align: center;\"><strong><img loading=\"lazy\" decoding=\"async\" class=\"alignnone size-full wp-image-17284\" src=\"https:\/\/www.hydraulic-cylinders.net\/wp-content\/uploads\/2025\/03\/hydraulic-cylinders-for-no-tillage-machines-2.webp\" alt=\"\" width=\"2312\" height=\"600\" srcset=\"https:\/\/www.hydraulic-cylinders.net\/wp-content\/uploads\/2025\/03\/hydraulic-cylinders-for-no-tillage-machines-2.webp 2312w, https:\/\/www.hydraulic-cylinders.net\/wp-content\/uploads\/2025\/03\/hydraulic-cylinders-for-no-tillage-machines-2-1280x332.webp 1280w, https:\/\/www.hydraulic-cylinders.net\/wp-content\/uploads\/2025\/03\/hydraulic-cylinders-for-no-tillage-machines-2-980x254.webp 980w, https:\/\/www.hydraulic-cylinders.net\/wp-content\/uploads\/2025\/03\/hydraulic-cylinders-for-no-tillage-machines-2-480x125.webp 480w\" sizes=\"(min-width: 0px) and (max-width: 480px) 480px, (min-width: 481px) and (max-width: 980px) 980px, (min-width: 981px) and (max-width: 1280px) 1280px, (min-width: 1281px) 2312px, 100vw\" \/><\/strong><\/h1>\n<h2><strong>Kuinka p\u00e4\u00e4- ja apunostosylinterit parantavat maatalousteht\u00e4vien tehokkuutta?<\/strong><\/h2>\n<p>P\u00e4\u00e4- ja apunostosylinterit mullistavat maatalouden, sill\u00e4 ne tuovat mukanaan monia etuja, jotka parantavat merkitt\u00e4v\u00e4sti erilaisten teht\u00e4vien tehokkuutta. T\u00e4ss\u00e4 on tarkempi katsaus siihen, miten n\u00e4m\u00e4 hydrauliset ihmeet tekev\u00e4t eron:<\/p>\n<h4><strong>Parannettu kuormituksenhallinta<\/strong>:<\/h4>\n<p>N\u00e4m\u00e4 sylinterit on suunniteltu k\u00e4sittelem\u00e4\u00e4n merkitt\u00e4vi\u00e4 painoja, mink\u00e4 ansiosta maanviljelij\u00e4t voivat nostaa raskaita laitteita vaivattomasti. T\u00e4m\u00e4 tarkoittaa, ettei en\u00e4\u00e4 tarvitse kamppailla hankalien ty\u00f6kalujen kanssa tai riskeerata laitteiden vaurioitumista. Kyky ottaa vastaan \u200b\u200bvaativia teht\u00e4vi\u00e4 antaa maanviljelij\u00f6ille mahdollisuuden ty\u00f6skennell\u00e4 \u00e4lykk\u00e4\u00e4mmin, ei kovemmin, varmistaen, ett\u00e4 jokainen toiminto sujuu sujuvasti ja tehokkaasti.<\/p>\n<h4><strong>Saumaton toiminta<\/strong>:<\/h4>\n<p>Edistyksellisen hydraulisen rakenteensa ansiosta n\u00e4m\u00e4 sylinterit tarjoavat poikkeuksellisen tasaiset nosto- ja laskuliikkeet. Kitkan minimoimalla ne v\u00e4hent\u00e4v\u00e4t t\u00e4rin\u00e4\u00e4 ja t\u00e4rin\u00e4\u00e4, antaen k\u00e4ytt\u00e4jille tarkan hallinnan koneistaan. T\u00e4m\u00e4 saumaton toiminta ei ainoastaan \u200b\u200bparanna tarkkuutta, vaan tekee my\u00f6s koko prosessista intuitiivisemman, jolloin viljelij\u00e4t voivat keskitty\u00e4 k\u00e4sill\u00e4 olevaan teht\u00e4v\u00e4\u00e4n ilman h\u00e4iri\u00f6tekij\u00f6it\u00e4.<\/p>\n<h4><strong>Monipuolisuus<\/strong>:<\/h4>\n<p>Yksi n\u00e4iden nostosylinterien erottuvista ominaisuuksista on niiden yhteensopivuus monenlaisten suorakylv\u00f6koneiden kanssa. T\u00e4m\u00e4 monipuolisuus tarkoittaa, ett\u00e4 viljelij\u00e4t voivat helposti integroida ne olemassa oleviin laitteistoihinsa, mik\u00e4 tekee p\u00e4ivityksist\u00e4 yksinkertaisia \u200b\u200bilman laajoja muutoksia. T\u00e4m\u00e4 joustavuus antaa viljelij\u00f6ille mahdollisuuden r\u00e4\u00e4t\u00e4l\u00f6id\u00e4 laitteensa vastaamaan erityisi\u00e4 toimintatarpeita ja mukautua helposti eri viljelykasveihin ja pelto-olosuhteisiin.<\/p>\n<h4><strong>Lyhyempi seisokkiaika<\/strong>:<\/h4>\n<p>Maataloudessa aika on rahaa, ja n\u00e4m\u00e4 sylinterit on suunniteltu juuri t\u00e4m\u00e4 mieless\u00e4 pit\u00e4en. Niiden k\u00e4ytt\u00e4j\u00e4yst\u00e4v\u00e4llinen asennusprosessi mahdollistaa nopean asennuksen ja huollon, mik\u00e4 minimoi seisokkiajat. Viljelij\u00e4t voivat palata t\u00f6ihin nopeammin ja varmistaa, ett\u00e4 he saavat kaiken irti jokaisesta ty\u00f6tunnista kriittisten istutus- ja sadonkorjuukausien aikana.<\/p>\n<h4><strong>Parannettu tuottavuus<\/strong>:<\/h4>\n<p>Virtaviivaistamalla toimintoja ja mahdollistamalla useiden teht\u00e4vien tarkan hallinnan n\u00e4m\u00e4 nostosylinterit parantavat merkitt\u00e4v\u00e4sti kokonaistuottavuutta. Viljelij\u00e4t voivat kattaa suurempia alueita ja hoitaa monimutkaisempia toimintoja tehokkaasti, mik\u00e4 johtaa parempaan sadon hallintaan ja parempiin satoihin. T\u00e4m\u00e4 ei ainoastaan \u200b\u200bparanna kannattavuutta, vaan my\u00f6s antaa viljelij\u00f6ille mahdollisuuden omaksua nykyaikaisia \u200b\u200bk\u00e4yt\u00e4nt\u00f6j\u00e4 luottavaisin mielin.<\/p>\n<p>Yhteenvetona voidaan todeta, ett\u00e4 p\u00e4\u00e4- ja apunostosylinterit ovat olennaisia \u200b\u200bty\u00f6kaluja, jotka mullistavat maataloustoimintaa. Parantamalla kuormanhallintaa, varmistamalla sujuvan toiminnan, tarjoamalla monipuolisuutta, v\u00e4hent\u00e4m\u00e4ll\u00e4 seisokkiaikoja ja lis\u00e4\u00e4m\u00e4ll\u00e4 tuottavuutta ne antavat viljelij\u00f6ille mahdollisuuden ty\u00f6skennell\u00e4 tehokkaammin ja kest\u00e4v\u00e4mmin. N\u00e4iden teknologioiden k\u00e4ytt\u00f6\u00f6notto avaa uusia mahdollisuuksia menesty\u00e4 jatkuvasti kehittyv\u00e4ss\u00e4 maatalousmaisemassa.<\/p>\n<h2><strong>Testauslaitteet:<\/strong><\/h2>\n<p><strong><img loading=\"lazy\" decoding=\"async\" class=\"alignnone size-full wp-image-17293\" src=\"https:\/\/www.hydraulic-cylinders.net\/wp-content\/uploads\/2025\/03\/test-equipment.webp-2.webp\" alt=\"\" width=\"1932\" height=\"1741\" srcset=\"https:\/\/www.hydraulic-cylinders.net\/wp-content\/uploads\/2025\/03\/test-equipment.webp-2.webp 1932w, https:\/\/www.hydraulic-cylinders.net\/wp-content\/uploads\/2025\/03\/test-equipment.webp-2-1280x1153.webp 1280w, https:\/\/www.hydraulic-cylinders.net\/wp-content\/uploads\/2025\/03\/test-equipment.webp-2-980x883.webp 980w, https:\/\/www.hydraulic-cylinders.net\/wp-content\/uploads\/2025\/03\/test-equipment.webp-2-480x433.webp 480w\" sizes=\"(min-width: 0px) and (max-width: 480px) 480px, (min-width: 481px) and (max-width: 980px) 980px, (min-width: 981px) and (max-width: 1280px) 1280px, (min-width: 1281px) 1932px, 100vw\" \/><\/strong><\/p>\n<ul>\n<li>1: Suolasumutestauskammio<\/li>\n<li>2: Kemiallinen analyysi<\/li>\n<li>3: Vetolujuustestikone<\/li>\n<li>4: Rockwellin kovuusmittari<\/li>\n<li>5: Puhtauden testauslaite<\/li>\n<li>6: TH110-kimmoisuuskovuuden mittalaite<\/li>\n<li>7: Pinnoitteen paksuusmittari<\/li>\n<li>8: Heilurin iskukoe<\/li>\n<\/ul>\n<p><img loading=\"lazy\" decoding=\"async\" class=\"alignnone size-full wp-image-17292\" src=\"https:\/\/www.hydraulic-cylinders.net\/wp-content\/uploads\/2025\/03\/test-equipment.webp-1.webp\" alt=\"\" width=\"1600\" height=\"1216\" srcset=\"https:\/\/www.hydraulic-cylinders.net\/wp-content\/uploads\/2025\/03\/test-equipment.webp-1.webp 1600w, https:\/\/www.hydraulic-cylinders.net\/wp-content\/uploads\/2025\/03\/test-equipment.webp-1-1280x973.webp 1280w, https:\/\/www.hydraulic-cylinders.net\/wp-content\/uploads\/2025\/03\/test-equipment.webp-1-980x745.webp 980w, https:\/\/www.hydraulic-cylinders.net\/wp-content\/uploads\/2025\/03\/test-equipment.webp-1-480x365.webp 480w\" sizes=\"(min-width: 0px) and (max-width: 480px) 480px, (min-width: 481px) and (max-width: 980px) 980px, (min-width: 981px) and (max-width: 1280px) 1280px, (min-width: 1281px) 1600px, 100vw\" \/><\/p>\n<p>Yrityksemme pit\u00e4\u00e4 laatua menestyksemme perustana. T\u00e4m\u00e4n sitoumuksen yll\u00e4pit\u00e4miseksi olemme investoineet huippuluokan kotimaisiin testaus- ja laboratoriolaitteisiin, joita tukee tieteen ja teknologian alan eritt\u00e4in ammattitaitoinen tiimi.<\/p>\n<p>Yll\u00e4pid\u00e4mme tiukkaa laatuj\u00e4rjestelm\u00e4\u00e4, joka t\u00e4ytt\u00e4\u00e4 alan standardit, varmistaen, ett\u00e4 jokainen tuottamamme tuote-er\u00e4 t\u00e4ytt\u00e4\u00e4 korkeimmat laatuvaatimukset. Standardoimalla toimintamme ja jatkuvasti valvomalla prosessejamme varmistamme, ett\u00e4 asiakkaamme saavat vain parasta.<\/p>\n<p>T\u00e4m\u00e4 vankkumaton sitoutuminen laatuun ei ainoastaan \u200b\u200bparanna tuotteidemme luotettavuutta, vaan my\u00f6s rakentaa luottamusta ja tyytyv\u00e4isyytt\u00e4 asiakkaidemme keskuudessa. Uskomme, ett\u00e4 priorisoimalla huippuosaamista tuotantomme jokaisella osa-alueella edist\u00e4mme kumppaneidemme ja koko alan menestyst\u00e4. Yhdess\u00e4 pyrimme innovaatioihin ja laatuun, jotka kest\u00e4v\u00e4t aikaa.<\/p>\n<h2><strong>Hydraulisylinterin tuotantopaikka:<\/strong><\/h2>\n<p>Yrityksemme on johtava hydraulisylintereihin erikoistunut valmistaja, jota tukevat omat itsen\u00e4iset tutkimus-, kehitys- ja suunnitteluosaamisemme. Huippumodernissa laitoksessamme, jossa on yli 170 yleisk\u00e4ytt\u00f6ist\u00e4 ty\u00f6st\u00f6konetta, CNC-konetta, ty\u00f6st\u00f6keskusta, hitsauslaitetta ja erikoistuneita testaus- ja tarkastusty\u00f6kaluja, olemme hyvin varustautuneita vastaamaan monipuolisiin teollisuuden tarpeisiin.<\/p>\n<p>Vuosien varrella kertyneen teknologisen asiantuntemuksen ja prosessien kehitt\u00e4misen ansiosta olemme luoneet kyps\u00e4n tuotantoprosessin, joka integroi saumattomasti tutkimus- ja kehitystoiminnan valmistukseen. T\u00e4st\u00e4 integraatiosta on tullut keskeinen kilpailuetumme, jonka ansiosta voimme suunnitella ja valmistaa laajan valikoiman hydraulisylintereit\u00e4, jotka on r\u00e4\u00e4t\u00e4l\u00f6ity vastaamaan asiakkaiden erityisvaatimuksia.<\/p>\n<p>Tuotteitamme k\u00e4ytet\u00e4\u00e4n laajalti useilla eri aloilla, kuten maatalouskoneissa, rakennuskoneissa, ajoneuvoissa, tietekniikassa ja erikoiskoneissa. Tuemme ylpe\u00e4n\u00e4 lukuisia laitevalmistajia (OEM), kuten Bonong Xingdaa, Bojin Hummeria, Jilin Ruifengia, Debang Daweita, Shandong Yineng Heavy Industryta, Tai'an Modern Heavy Industryta ja Shifeng Groupia.<\/p>\n<p><img loading=\"lazy\" decoding=\"async\" class=\"alignnone size-full wp-image-17290\" src=\"https:\/\/www.hydraulic-cylinders.net\/wp-content\/uploads\/2025\/03\/production-site-1.webp\" alt=\"\" width=\"1971\" height=\"2253\" srcset=\"https:\/\/www.hydraulic-cylinders.net\/wp-content\/uploads\/2025\/03\/production-site-1.webp 1971w, https:\/\/www.hydraulic-cylinders.net\/wp-content\/uploads\/2025\/03\/production-site-1-1280x1463.webp 1280w, https:\/\/www.hydraulic-cylinders.net\/wp-content\/uploads\/2025\/03\/production-site-1-980x1120.webp 980w, https:\/\/www.hydraulic-cylinders.net\/wp-content\/uploads\/2025\/03\/production-site-1-480x549.webp 480w\" sizes=\"(min-width: 0px) and (max-width: 480px) 480px, (min-width: 481px) and (max-width: 980px) 980px, (min-width: 981px) and (max-width: 1280px) 1280px, (min-width: 1281px) 1971px, 100vw\" \/><\/p>\n<p>Olemme sitoutuneet tarjoamaan poikkeuksellista palvelua vahvan laatupolitiikan avulla, joka asettaa etusijalle jatkuvan innovoinnin tutkimuksessa ja kehityksess\u00e4, johtamisessa, laadunvalvonnassa ja asiakaspalvelussa. Sitoutumisemme laatuun on tunnustettu ISO\/TS16949-sertifioinnilla, joka varmistaa, ett\u00e4 emme ainoastaan \u200b\u200bt\u00e4yt\u00e4 asiakkaidemme odotuksia, vaan ylit\u00e4mme ne jatkuvasti.<\/p>\n<p>Tulevaisuudessa jatkamme teknologiamme kehitt\u00e4mist\u00e4 ja osaamisemme laajentamista pyrkien aina toimittamaan asiakkaillemme korkealaatuisimpia tuotteita ja palveluita. Yhdess\u00e4 luomme hydraulisylinteriteollisuuden huippuosaamisen perint\u00f6\u00e4.<\/p>","protected":false},"excerpt":{"rendered":"<p>Main And Auxiliary Lifting Cylinders For No Tillage Machines \u00a0 Main and auxiliary lifting cylinders play a crucial role in the effective operation of no-tillage machines, significantly enhancing their performance in various agricultural tasks. These hydraulic cylinders deliver exceptional efficiency in lifting and lowering essential components, ensuring smooth and reliable functionality during critical operations such [&hellip;]<\/p>","protected":false},"featured_media":17308,"comment_status":"open","ping_status":"closed","template":"","meta":{"_et_pb_use_builder":"","_et_pb_old_content":"","_et_gb_content_width":""},"product_brand":[],"product_cat":[1530,1549,1376],"product_tag":[],"class_list":{"0":"post-17331","1":"product","2":"type-product","3":"status-publish","4":"has-post-thumbnail","6":"product_cat-no-tillage-machinery-hydraulic-cylinders","7":"product_cat-single-acting-hydraulic-cylinder","8":"product_cat-hydraulic-cylinder","10":"first","11":"instock","12":"shipping-taxable","13":"product-type-simple"},"amp_enabled":true,"_links":{"self":[{"href":"https:\/\/www.hydraulic-cylinders.net\/fi\/wp-json\/wp\/v2\/product\/17331","targetHints":{"allow":["GET"]}}],"collection":[{"href":"https:\/\/www.hydraulic-cylinders.net\/fi\/wp-json\/wp\/v2\/product"}],"about":[{"href":"https:\/\/www.hydraulic-cylinders.net\/fi\/wp-json\/wp\/v2\/types\/product"}],"replies":[{"embeddable":true,"href":"https:\/\/www.hydraulic-cylinders.net\/fi\/wp-json\/wp\/v2\/comments?post=17331"}],"wp:featuredmedia":[{"embeddable":true,"href":"https:\/\/www.hydraulic-cylinders.net\/fi\/wp-json\/wp\/v2\/media\/17308"}],"wp:attachment":[{"href":"https:\/\/www.hydraulic-cylinders.net\/fi\/wp-json\/wp\/v2\/media?parent=17331"}],"wp:term":[{"taxonomy":"product_brand","embeddable":true,"href":"https:\/\/www.hydraulic-cylinders.net\/fi\/wp-json\/wp\/v2\/product_brand?post=17331"},{"taxonomy":"product_cat","embeddable":true,"href":"https:\/\/www.hydraulic-cylinders.net\/fi\/wp-json\/wp\/v2\/product_cat?post=17331"},{"taxonomy":"product_tag","embeddable":true,"href":"https:\/\/www.hydraulic-cylinders.net\/fi\/wp-json\/wp\/v2\/product_tag?post=17331"}],"curies":[{"name":"wp","href":"https:\/\/api.w.org\/{rel}","templated":true}]}}