{"id":17333,"date":"2025-03-07T07:52:56","date_gmt":"2025-03-07T07:52:56","guid":{"rendered":"https:\/\/www.hydraulic-cylinders.net\/?post_type=product&#038;p=17333"},"modified":"2025-04-11T03:04:59","modified_gmt":"2025-04-11T03:04:59","slug":"main-and-auxiliary-lifting-spring-cylinders-for-no-tillage-machines","status":"publish","type":"product","link":"https:\/\/www.hydraulic-cylinders.net\/fi\/tuote\/main-and-auxiliary-lifting-spring-cylinders-for-no-tillage-machines\/","title":{"rendered":"P\u00e4\u00e4- ja apuk\u00e4ytt\u00f6iset nostojousisylinterit maanmuokkauskoneille"},"content":{"rendered":"<h1 style=\"text-align: center;\"><strong>P\u00e4\u00e4- ja apuk\u00e4ytt\u00f6iset nostojousisylinterit maanmuokkauskoneille<br \/>\n<img loading=\"lazy\" decoding=\"async\" class=\"alignnone wp-image-17289\" src=\"https:\/\/www.hydraulic-cylinders.net\/wp-content\/uploads\/2025\/03\/main-and-auxiliary-lifting-spring-cylinder-1-1.webp\" alt=\"\" width=\"500\" height=\"500\" srcset=\"https:\/\/www.hydraulic-cylinders.net\/wp-content\/uploads\/2025\/03\/main-and-auxiliary-lifting-spring-cylinder-1-1.webp 500w, https:\/\/www.hydraulic-cylinders.net\/wp-content\/uploads\/2025\/03\/main-and-auxiliary-lifting-spring-cylinder-1-1-480x480.webp 480w\" sizes=\"(min-width: 0px) and (max-width: 480px) 480px, (min-width: 481px) 500px, 100vw\" \/><br \/>\n<\/strong><\/h1>\n<p>P\u00e4\u00e4- ja apuk\u00e4ytt\u00f6iset nostojousisylinterit ovat olennaisia \u200b\u200bosia suorakylv\u00f6koneissa, ja ne on taitavasti suunniteltu parantamaan sek\u00e4 toiminnallisuutta ett\u00e4 tehokkuutta. N\u00e4m\u00e4 hydraulisylinterit mahdollistavat laitteiden tarkan nostamisen ja laskemisen varmistaen saumattoman toiminnan kriittisiss\u00e4 maatalousteht\u00e4viss\u00e4. Kest\u00e4v\u00e4n rakenteensa ja edistyneen suunnittelunsa ansiosta ne ovat keskeisess\u00e4 asemassa nykyaikaisessa maataloudessa, sill\u00e4 ne edist\u00e4v\u00e4t parempaa maaper\u00e4n hallintaa ja lis\u00e4\u00e4v\u00e4t satoa.<\/p>\n<p>N\u00e4m\u00e4 nostojousisylinterit ovat olennainen osa suorakylv\u00f6koneiden tehokasta suorituskyky\u00e4. Niiden vaikuttava kuormituskapasiteetti, kest\u00e4v\u00e4 rakenne ja tasainen toiminta parantavat merkitt\u00e4v\u00e4sti maatalouden tehokkuutta. Kun viljelij\u00e4t noudattavat oikeita k\u00e4ytt\u00f6- ja huoltok\u00e4yt\u00e4nt\u00f6j\u00e4, he voivat luottaa n\u00e4iden sylinterien luotettavaan toimintaan, mik\u00e4 johtaa parempaan tuottavuuteen ja onnistuneisiin viljelytuloksiin. Korkealaatuisiin nostojousisylintereihin investoiminen on \u00e4lyk\u00e4s valinta mihin tahansa tulevaisuuteen suuntautuneeseen maataloustoimintaan.<\/p>\n<h2><strong>P\u00e4\u00e4- ja apuk\u00e4ytt\u00f6iset nostojousisylinterit maanmuokkauskoneille, parametri:<\/strong><\/h2>\n<h1 style=\"text-align: center;\"><strong><img loading=\"lazy\" decoding=\"async\" class=\"alignnone size-full wp-image-17283\" src=\"https:\/\/www.hydraulic-cylinders.net\/wp-content\/uploads\/2025\/03\/hydraulic-cylinders-for-no-tillage-machines-parameter-1.webp\" alt=\"\" width=\"2237\" height=\"1271\" srcset=\"https:\/\/www.hydraulic-cylinders.net\/wp-content\/uploads\/2025\/03\/hydraulic-cylinders-for-no-tillage-machines-parameter-1.webp 2237w, https:\/\/www.hydraulic-cylinders.net\/wp-content\/uploads\/2025\/03\/hydraulic-cylinders-for-no-tillage-machines-parameter-1-1280x727.webp 1280w, https:\/\/www.hydraulic-cylinders.net\/wp-content\/uploads\/2025\/03\/hydraulic-cylinders-for-no-tillage-machines-parameter-1-980x557.webp 980w, https:\/\/www.hydraulic-cylinders.net\/wp-content\/uploads\/2025\/03\/hydraulic-cylinders-for-no-tillage-machines-parameter-1-480x273.webp 480w\" sizes=\"(min-width: 0px) and (max-width: 480px) 480px, (min-width: 481px) and (max-width: 980px) 980px, (min-width: 981px) and (max-width: 1280px) 1280px, (min-width: 1281px) 2237px, 100vw\" \/><\/strong><\/h1>\n<h2><strong>P\u00e4\u00e4- ja apuk\u00e4ytt\u00f6isten nostojousien sylinterit maanmuokkauskoneille, k\u00e4ytt\u00f6:<\/strong><\/h2>\n<p><img loading=\"lazy\" decoding=\"async\" class=\"alignnone size-full wp-image-17282\" src=\"https:\/\/www.hydraulic-cylinders.net\/wp-content\/uploads\/2025\/03\/hydraulic-cylinders-for-no-tillage-machines-application-1.webp\" alt=\"\" width=\"2273\" height=\"976\" srcset=\"https:\/\/www.hydraulic-cylinders.net\/wp-content\/uploads\/2025\/03\/hydraulic-cylinders-for-no-tillage-machines-application-1.webp 2273w, https:\/\/www.hydraulic-cylinders.net\/wp-content\/uploads\/2025\/03\/hydraulic-cylinders-for-no-tillage-machines-application-1-1280x550.webp 1280w, https:\/\/www.hydraulic-cylinders.net\/wp-content\/uploads\/2025\/03\/hydraulic-cylinders-for-no-tillage-machines-application-1-980x421.webp 980w, https:\/\/www.hydraulic-cylinders.net\/wp-content\/uploads\/2025\/03\/hydraulic-cylinders-for-no-tillage-machines-application-1-480x206.webp 480w\" sizes=\"(min-width: 0px) and (max-width: 480px) 480px, (min-width: 481px) and (max-width: 980px) 980px, (min-width: 981px) and (max-width: 1280px) 1280px, (min-width: 1281px) 2273px, 100vw\" \/><\/p>\n<h2><strong>P\u00e4\u00e4- ja apuk\u00e4ytt\u00f6isten nostojousien sylinterit ilman maanmuokkausta oleville koneille. T\u00e4rkeimm\u00e4t ominaisuudet:<\/strong><\/h2>\n<h4><strong>Poikkeuksellinen kuormituskapasiteetti<\/strong><\/h4>\n<p>N\u00e4m\u00e4 nostojousisylinterit on suunniteltu k\u00e4sittelem\u00e4\u00e4n huomattavia painoja, ja ne tarjoavat tarvittavan voiman raskaiden maatalouskoneiden vaivattomaan nostamiseen. T\u00e4m\u00e4 vaikuttava kuormituskapasiteetti antaa viljelij\u00f6ille mahdollisuuden l\u00e4hesty\u00e4 vaativia teht\u00e4vi\u00e4 luottavaisin mielin, parantaa tehokkuutta ja mahdollistaa suurempien peltojen ja monimutkaisempien toimintojen hallinnan.<\/p>\n<h4><strong>Vankka monipuolisuus<\/strong><\/h4>\n<p>N\u00e4m\u00e4 sylinterit on suunniteltu yhteensopiviksi monenlaisten suorakylv\u00f6koneiden kanssa, ja ne tarjoavat huomattavaa monipuolisuutta erilaisiin maataloussovelluksiin. Niiden kyky integroitua saumattomasti olemassa oleviin laitteisiin tarkoittaa, ett\u00e4 viljelij\u00e4t voivat p\u00e4ivitt\u00e4\u00e4 koneitaan ilman laajojen muutosten vaivaa. T\u00e4m\u00e4 mukautuvuus mahdollistaa r\u00e4\u00e4t\u00e4l\u00f6idyt ratkaisut, jotka vastaavat erityisiin operatiivisiin tarpeisiin ja parantavat lopulta kokonaistuottavuutta.<\/p>\n<h4><strong>Sujuva ja tehokas toiminta<\/strong><\/h4>\n<p>N\u00e4iden sylinterien edistynyt hydraulinen rakenne minimoi kitkan, mik\u00e4 johtaa sujuviin ja hallittuihin nosto- ja laskutoimintoihin. T\u00e4m\u00e4 ominaisuus ei ainoastaan \u200b\u200bparanna toiminnan tehokkuutta, vaan my\u00f6s antaa viljelij\u00f6ille mahdollisuuden suorittaa teht\u00e4v\u00e4ns\u00e4 tarkemmin. Saumaton toiminta parantaa ty\u00f6nkulkua, maaper\u00e4n hallintaa ja optimaalista sadon sijoittelua.<\/p>\n<h4><strong>Kest\u00e4v\u00e4 rakenne<\/strong><\/h4>\n<p>N\u00e4m\u00e4 korkealaatuisista materiaaleista valmistetut nostojousisylinterit on rakennettu kest\u00e4m\u00e4\u00e4n ankarien maatalousymp\u00e4rist\u00f6jen haasteet. Niiden kest\u00e4v\u00e4 rakenne kest\u00e4\u00e4 kulumista ja varmistaa pitk\u00e4ik\u00e4isen suorituskyvyn my\u00f6s vaativissa olosuhteissa. T\u00e4m\u00e4 kest\u00e4vyys v\u00e4hent\u00e4\u00e4 osien vaihtov\u00e4li\u00e4, jolloin viljelij\u00e4t voivat keskitty\u00e4 ty\u00f6h\u00f6ns\u00e4 laitteiden huollon sijaan.<\/p>\n<h4><strong>Vaivaton asennus<\/strong><\/h4>\n<p>N\u00e4m\u00e4 k\u00e4ytt\u00e4j\u00e4yst\u00e4v\u00e4llisyytt\u00e4 silm\u00e4ll\u00e4 pit\u00e4en suunnitellut nostojousisylinterit mahdollistavat helpon asennuksen, mik\u00e4 minimoi seisokkiajat asennuksen aikana. Viljelij\u00e4t voivat integroida n\u00e4m\u00e4 sylinterit nopeasti ja tehokkaasti toimintaansa ja palata t\u00f6ihin ilman viivytyksi\u00e4. Helppo asennus auttaa optimoimaan tuottavuutta heti alusta alkaen.<\/p>\n<p>Valitsemalla n\u00e4m\u00e4 tehokkaat nostojousisylinterit viljelij\u00e4t voivat parantaa merkitt\u00e4v\u00e4sti suorakylv\u00f6koneitaan varmistaen luotettavan toiminnan ja paremman maatalouden tehokkuuden. Laadukkaisiin komponentteihin investoiminen johtaa tuottavampaan ja menestyksekk\u00e4\u00e4mp\u00e4\u00e4n viljelykokemukseen ja tasoittaa tiet\u00e4 valoisammalle maatalouden tulevaisuudelle.<\/p>\n<h2><strong>P\u00e4\u00e4- ja apu-nostosylinterit maanmuokkauskoneille, sovellettavissa oleva malli:<\/strong><\/h2>\n<h1 style=\"text-align: center;\"><strong><img loading=\"lazy\" decoding=\"async\" class=\"alignnone size-full wp-image-17284\" src=\"https:\/\/www.hydraulic-cylinders.net\/wp-content\/uploads\/2025\/03\/hydraulic-cylinders-for-no-tillage-machines-2.webp\" alt=\"\" width=\"2312\" height=\"600\" srcset=\"https:\/\/www.hydraulic-cylinders.net\/wp-content\/uploads\/2025\/03\/hydraulic-cylinders-for-no-tillage-machines-2.webp 2312w, https:\/\/www.hydraulic-cylinders.net\/wp-content\/uploads\/2025\/03\/hydraulic-cylinders-for-no-tillage-machines-2-1280x332.webp 1280w, https:\/\/www.hydraulic-cylinders.net\/wp-content\/uploads\/2025\/03\/hydraulic-cylinders-for-no-tillage-machines-2-980x254.webp 980w, https:\/\/www.hydraulic-cylinders.net\/wp-content\/uploads\/2025\/03\/hydraulic-cylinders-for-no-tillage-machines-2-480x125.webp 480w\" sizes=\"(min-width: 0px) and (max-width: 480px) 480px, (min-width: 481px) and (max-width: 980px) 980px, (min-width: 981px) and (max-width: 1280px) 1280px, (min-width: 1281px) 2312px, 100vw\" \/><\/strong><\/h1>\n<h2><strong>P\u00e4\u00e4- ja apuk\u00e4ytt\u00f6isten nostojousien sylinterien k\u00e4ytt\u00f6 ilman maanmuokkausta:<\/strong><\/h2>\n<p><img loading=\"lazy\" decoding=\"async\" class=\"aligncenter wp-image-1044961\" src=\"https:\/\/images.hzpt.com\/2025\/03\/main-and-auxiliary-lifting-spring-cylinder-installation-1.webp\" alt=\"\" width=\"500\" height=\"575\" \/><\/p>\n<p>P\u00e4\u00e4- ja apuk\u00e4ytt\u00f6isten nostosylinterien tehokkuuden maksimoimiseksi ota huomioon seuraavat t\u00e4rke\u00e4t vaiheet:<\/p>\n<h4><strong>1. Asennus<\/strong><\/h4>\n<p>Aloita asentamalla nostojousisylinterit tarkasti valmistajan ohjeiden mukaisesti. Oikea asennus on ratkaisevan t\u00e4rke\u00e4\u00e4 optimaalisen suorituskyvyn saavuttamiseksi. K\u00e4yt\u00e4 aikaa kaikkien liitosten kiinnitt\u00e4miseen vuotojen est\u00e4miseksi, jotka voivat aiheuttaa tehottomuutta ja mahdollisia vaurioita. Varmista, ett\u00e4 sylinterit on kohdistettu oikein, jotta ne toimivat sujuvasti suorakylv\u00f6koneessa. Hyvin asennettu sylinteri ei ainoastaan \u200b\u200bparanna toimivuutta, vaan my\u00f6s parantaa laitteen yleist\u00e4 turvallisuutta.<\/p>\n<h4><strong>2. Hydraulij\u00e4rjestelm\u00e4n tarkastus<\/strong><\/h4>\n<p>Ennen mink\u00e4\u00e4n toimenpiteen aloittamista suorita hydraulij\u00e4rjestelm\u00e4n perusteellinen tarkastus. Tarkista hydraulinesteen tasot varmistaaksesi, ett\u00e4 ne ovat suositellulla alueella, sill\u00e4 riitt\u00e4m\u00e4t\u00f6n neste voi heikent\u00e4\u00e4 suorituskyky\u00e4 ja johtaa j\u00e4rjestelm\u00e4n toimintah\u00e4iri\u00f6ihin. Tarkasta letkut ja liittimet kulumisen, halkeamien tai vuotojen varalta. Oikean hydraulipaineen yll\u00e4pit\u00e4minen on v\u00e4ltt\u00e4m\u00e4t\u00f6nt\u00e4 tehokkaan noston kannalta ja varmistaa, ett\u00e4 kone toimii parhaalla mahdollisella tavalla. S\u00e4\u00e4nn\u00f6lliset tarkastukset ovat suositeltavaa mahdollisten ongelmien havaitsemiseksi varhaisessa vaiheessa.<\/p>\n<h4><strong>3. Sitoutuminen<\/strong><\/h4>\n<p>Asennuksen ja tarkastuksen j\u00e4lkeen aktivoi hydraulij\u00e4rjestelm\u00e4 nostaaksesi tai laskeaksesi suorakylv\u00f6koneen osia. K\u00e4yt\u00e4 ohjausvipuja harkiten ja tee liikkeit\u00e4 asteittain ja tarkasti. T\u00e4m\u00e4 huolellinen l\u00e4hestymistapa mahdollistaa tarkat s\u00e4\u00e4d\u00f6t vaihtelevien pelto-olosuhteiden, kuten maaston tai sadon korkeuden muutosten, perusteella. Hydraulij\u00e4rjestelm\u00e4n sujuva kytkent\u00e4 ei ainoastaan \u200b\u200bparanna tehokkuutta, vaan my\u00f6s parantaa maan yleisi\u00e4 hoitok\u00e4yt\u00e4nt\u00f6j\u00e4.<\/p>\n<h4><strong>4. Suorituskyvyn seuranta<\/strong><\/h4>\n<p>Pid\u00e4 tarkasti silm\u00e4ll\u00e4 nostosylinterien suorituskyky\u00e4 k\u00e4yt\u00f6n aikana. Kuuntele s\u00e4\u00e4nn\u00f6llisesti ep\u00e4tavallisia \u00e4\u00e4ni\u00e4, kuten hankausta tai liiallista melua, ja tarkkaile vastusta noston ja laskun aikana. N\u00e4m\u00e4 merkit voivat viitata huoltotarpeisiin tai mekaanisiin ongelmiin. Ongelmien havaitseminen varhain mahdollistaa oikea-aikaiset korjaukset, auttaa v\u00e4ltt\u00e4m\u00e4\u00e4n kalliita seisokkeja ja varmistaa, ett\u00e4 koneet pysyv\u00e4t optimaalisessa toimintakunnossa. Pysym\u00e4ll\u00e4 valppaina maanviljelij\u00e4t voivat pident\u00e4\u00e4 nostosylinteriens\u00e4 k\u00e4ytt\u00f6ik\u00e4\u00e4 ja luotettavuutta.<\/p>\n<p>Noudattamalla n\u00e4it\u00e4 ohjeita k\u00e4ytt\u00e4j\u00e4t voivat varmistaa p\u00e4\u00e4- ja apu-nostosylinterien tehokkaan toiminnan, mik\u00e4 johtaa parempaan tuottavuuteen ja onnistuneisiin maataloustuloksiin.<\/p>\n<h2><strong>Testauslaitteet:<\/strong><\/h2>\n<p><strong><img loading=\"lazy\" decoding=\"async\" class=\"alignnone size-full wp-image-17293\" src=\"https:\/\/www.hydraulic-cylinders.net\/wp-content\/uploads\/2025\/03\/test-equipment.webp-2.webp\" alt=\"\" width=\"1932\" height=\"1741\" srcset=\"https:\/\/www.hydraulic-cylinders.net\/wp-content\/uploads\/2025\/03\/test-equipment.webp-2.webp 1932w, https:\/\/www.hydraulic-cylinders.net\/wp-content\/uploads\/2025\/03\/test-equipment.webp-2-1280x1153.webp 1280w, https:\/\/www.hydraulic-cylinders.net\/wp-content\/uploads\/2025\/03\/test-equipment.webp-2-980x883.webp 980w, https:\/\/www.hydraulic-cylinders.net\/wp-content\/uploads\/2025\/03\/test-equipment.webp-2-480x433.webp 480w\" sizes=\"(min-width: 0px) and (max-width: 480px) 480px, (min-width: 481px) and (max-width: 980px) 980px, (min-width: 981px) and (max-width: 1280px) 1280px, (min-width: 1281px) 1932px, 100vw\" \/><\/strong><\/p>\n<ul>\n<li>1: Suolasumutestauskammio<\/li>\n<li>2: Kemiallinen analyysi<\/li>\n<li>3: Vetolujuustestikone<\/li>\n<li>4: Rockwellin kovuusmittari<\/li>\n<li>5: Puhtauden testauslaite<\/li>\n<li>6: TH110-kimmoisuuskovuuden mittalaite<\/li>\n<li>7: Pinnoitteen paksuusmittari<\/li>\n<li>8: Heilurin iskukoe<\/li>\n<\/ul>\n<p><img loading=\"lazy\" decoding=\"async\" class=\"alignnone size-full wp-image-17292\" src=\"https:\/\/www.hydraulic-cylinders.net\/wp-content\/uploads\/2025\/03\/test-equipment.webp-1.webp\" alt=\"\" width=\"1600\" height=\"1216\" srcset=\"https:\/\/www.hydraulic-cylinders.net\/wp-content\/uploads\/2025\/03\/test-equipment.webp-1.webp 1600w, https:\/\/www.hydraulic-cylinders.net\/wp-content\/uploads\/2025\/03\/test-equipment.webp-1-1280x973.webp 1280w, https:\/\/www.hydraulic-cylinders.net\/wp-content\/uploads\/2025\/03\/test-equipment.webp-1-980x745.webp 980w, https:\/\/www.hydraulic-cylinders.net\/wp-content\/uploads\/2025\/03\/test-equipment.webp-1-480x365.webp 480w\" sizes=\"(min-width: 0px) and (max-width: 480px) 480px, (min-width: 481px) and (max-width: 980px) 980px, (min-width: 981px) and (max-width: 1280px) 1280px, (min-width: 1281px) 1600px, 100vw\" \/><\/p>\n<p>Yrityksemme pit\u00e4\u00e4 laatua menestyksemme perustana. T\u00e4m\u00e4n sitoumuksen yll\u00e4pit\u00e4miseksi olemme investoineet huippuluokan kotimaisiin testaus- ja laboratoriolaitteisiin, joita tukee tieteen ja teknologian alan eritt\u00e4in ammattitaitoinen tiimi.<\/p>\n<p>Yll\u00e4pid\u00e4mme tiukkaa laatuj\u00e4rjestelm\u00e4\u00e4, joka t\u00e4ytt\u00e4\u00e4 alan standardit, varmistaen, ett\u00e4 jokainen tuottamamme tuote-er\u00e4 t\u00e4ytt\u00e4\u00e4 korkeimmat laatuvaatimukset. Standardoimalla toimintamme ja jatkuvasti valvomalla prosessejamme varmistamme, ett\u00e4 asiakkaamme saavat vain parasta.<\/p>\n<p>T\u00e4m\u00e4 vankkumaton sitoutuminen laatuun ei ainoastaan \u200b\u200bparanna tuotteidemme luotettavuutta, vaan my\u00f6s rakentaa luottamusta ja tyytyv\u00e4isyytt\u00e4 asiakkaidemme keskuudessa. Uskomme, ett\u00e4 priorisoimalla huippuosaamista tuotantomme jokaisella osa-alueella edist\u00e4mme kumppaneidemme ja koko alan menestyst\u00e4. Yhdess\u00e4 pyrimme innovaatioihin ja laatuun, jotka kest\u00e4v\u00e4t aikaa.<\/p>\n<h2><strong>Hydraulisylinterin tuotantopaikka:<\/strong><\/h2>\n<p>Yrityksemme on johtava hydraulisylintereihin erikoistunut valmistaja, jota tukevat omat itsen\u00e4iset tutkimus-, kehitys- ja suunnitteluosaamisemme. Huippumodernissa laitoksessamme, jossa on yli 170 yleisk\u00e4ytt\u00f6ist\u00e4 ty\u00f6st\u00f6konetta, CNC-konetta, ty\u00f6st\u00f6keskusta, hitsauslaitetta ja erikoistuneita testaus- ja tarkastusty\u00f6kaluja, olemme hyvin varustautuneita vastaamaan monipuolisiin teollisuuden tarpeisiin.<\/p>\n<p>Vuosien varrella kertyneen teknologisen asiantuntemuksen ja prosessien kehitt\u00e4misen ansiosta olemme luoneet kyps\u00e4n tuotantoprosessin, joka integroi saumattomasti tutkimus- ja kehitystoiminnan valmistukseen. T\u00e4st\u00e4 integraatiosta on tullut keskeinen kilpailuetumme, jonka ansiosta voimme suunnitella ja valmistaa laajan valikoiman hydraulisylintereit\u00e4, jotka on r\u00e4\u00e4t\u00e4l\u00f6ity vastaamaan asiakkaiden erityisvaatimuksia.<\/p>\n<p>Tuotteitamme k\u00e4ytet\u00e4\u00e4n laajalti useilla eri aloilla, kuten maatalouskoneissa, rakennuskoneissa, ajoneuvoissa, tietekniikassa ja erikoiskoneissa. Tuemme ylpe\u00e4n\u00e4 lukuisia laitevalmistajia (OEM), kuten Bonong Xingdaa, Bojin Hummeria, Jilin Ruifengia, Debang Daweita, Shandong Yineng Heavy Industryta, Tai'an Modern Heavy Industryta ja Shifeng Groupia.<\/p>\n<p><img loading=\"lazy\" decoding=\"async\" class=\"alignnone size-full wp-image-17290\" src=\"https:\/\/www.hydraulic-cylinders.net\/wp-content\/uploads\/2025\/03\/production-site-1.webp\" alt=\"\" width=\"1971\" height=\"2253\" srcset=\"https:\/\/www.hydraulic-cylinders.net\/wp-content\/uploads\/2025\/03\/production-site-1.webp 1971w, https:\/\/www.hydraulic-cylinders.net\/wp-content\/uploads\/2025\/03\/production-site-1-1280x1463.webp 1280w, https:\/\/www.hydraulic-cylinders.net\/wp-content\/uploads\/2025\/03\/production-site-1-980x1120.webp 980w, https:\/\/www.hydraulic-cylinders.net\/wp-content\/uploads\/2025\/03\/production-site-1-480x549.webp 480w\" sizes=\"(min-width: 0px) and (max-width: 480px) 480px, (min-width: 481px) and (max-width: 980px) 980px, (min-width: 981px) and (max-width: 1280px) 1280px, (min-width: 1281px) 1971px, 100vw\" \/><\/p>\n<p>Olemme sitoutuneet tarjoamaan poikkeuksellista palvelua vahvan laatupolitiikan avulla, joka asettaa etusijalle jatkuvan innovoinnin tutkimuksessa ja kehityksess\u00e4, johtamisessa, laadunvalvonnassa ja asiakaspalvelussa. Sitoutumisemme laatuun on tunnustettu ISO\/TS16949-sertifioinnilla, joka varmistaa, ett\u00e4 emme ainoastaan \u200b\u200bt\u00e4yt\u00e4 asiakkaidemme odotuksia, vaan ylit\u00e4mme ne jatkuvasti.<\/p>\n<p>Tulevaisuudessa jatkamme teknologiamme kehitt\u00e4mist\u00e4 ja osaamisemme laajentamista pyrkien aina toimittamaan asiakkaillemme korkealaatuisimpia tuotteita ja palveluita. Yhdess\u00e4 luomme hydraulisylinteriteollisuuden huippuosaamisen perint\u00f6\u00e4.<\/p>\n<p><strong>\u00a0<\/strong><\/p>","protected":false},"excerpt":{"rendered":"<p>Main And Auxiliary Lifting Spring Cylinders For No Tillage Machines Main and auxiliary lifting spring cylinders are essential components of no-tillage machines, skillfully designed to enhance both functionality and efficiency. These hydraulic cylinders enable precise lifting and lowering of equipment, ensuring seamless operation during critical agricultural tasks. With their robust construction and advanced engineering, they [&hellip;]<\/p>","protected":false},"featured_media":17335,"comment_status":"open","ping_status":"closed","template":"","meta":{"_et_pb_use_builder":"","_et_pb_old_content":"","_et_gb_content_width":""},"product_brand":[],"product_cat":[1530,1549,1376],"product_tag":[],"class_list":{"0":"post-17333","1":"product","2":"type-product","3":"status-publish","4":"has-post-thumbnail","6":"product_cat-no-tillage-machinery-hydraulic-cylinders","7":"product_cat-single-acting-hydraulic-cylinder","8":"product_cat-hydraulic-cylinder","10":"first","11":"instock","12":"shipping-taxable","13":"product-type-simple"},"amp_enabled":true,"_links":{"self":[{"href":"https:\/\/www.hydraulic-cylinders.net\/fi\/wp-json\/wp\/v2\/product\/17333","targetHints":{"allow":["GET"]}}],"collection":[{"href":"https:\/\/www.hydraulic-cylinders.net\/fi\/wp-json\/wp\/v2\/product"}],"about":[{"href":"https:\/\/www.hydraulic-cylinders.net\/fi\/wp-json\/wp\/v2\/types\/product"}],"replies":[{"embeddable":true,"href":"https:\/\/www.hydraulic-cylinders.net\/fi\/wp-json\/wp\/v2\/comments?post=17333"}],"wp:featuredmedia":[{"embeddable":true,"href":"https:\/\/www.hydraulic-cylinders.net\/fi\/wp-json\/wp\/v2\/media\/17335"}],"wp:attachment":[{"href":"https:\/\/www.hydraulic-cylinders.net\/fi\/wp-json\/wp\/v2\/media?parent=17333"}],"wp:term":[{"taxonomy":"product_brand","embeddable":true,"href":"https:\/\/www.hydraulic-cylinders.net\/fi\/wp-json\/wp\/v2\/product_brand?post=17333"},{"taxonomy":"product_cat","embeddable":true,"href":"https:\/\/www.hydraulic-cylinders.net\/fi\/wp-json\/wp\/v2\/product_cat?post=17333"},{"taxonomy":"product_tag","embeddable":true,"href":"https:\/\/www.hydraulic-cylinders.net\/fi\/wp-json\/wp\/v2\/product_tag?post=17333"}],"curies":[{"name":"wp","href":"https:\/\/api.w.org\/{rel}","templated":true}]}}