{"id":17336,"date":"2025-03-07T08:15:05","date_gmt":"2025-03-07T08:15:05","guid":{"rendered":"https:\/\/www.hydraulic-cylinders.net\/?post_type=product&#038;p=17336"},"modified":"2025-04-11T03:04:56","modified_gmt":"2025-04-11T03:04:56","slug":"unidirectional-scriber-cylinder-for-no-tillage-machines","status":"publish","type":"product","link":"https:\/\/www.hydraulic-cylinders.net\/fi\/tuote\/unidirectional-scriber-cylinder-for-no-tillage-machines\/","title":{"rendered":"Yksisuuntainen piirustussylinteri ilman maanmuokkausta oleville koneille"},"content":{"rendered":"<h1 style=\"text-align: center;\"><strong>Yksisuuntainen piirustussylinteri ilman maanmuokkausta oleville koneille<\/strong><\/h1>\n<h1 style=\"text-align: center;\"><strong><img loading=\"lazy\" decoding=\"async\" class=\"alignnone wp-image-17299\" src=\"https:\/\/www.hydraulic-cylinders.net\/wp-content\/uploads\/2025\/03\/unidirectional-scriber-cylinder-1.webp\" alt=\"\" width=\"500\" height=\"521\" srcset=\"https:\/\/www.hydraulic-cylinders.net\/wp-content\/uploads\/2025\/03\/unidirectional-scriber-cylinder-1.webp 500w, https:\/\/www.hydraulic-cylinders.net\/wp-content\/uploads\/2025\/03\/unidirectional-scriber-cylinder-1-480x500.webp 480w\" sizes=\"(min-width: 0px) and (max-width: 480px) 480px, (min-width: 481px) 500px, 100vw\" \/><br \/>\n<\/strong><\/h1>\n<p>Yksisuuntainen piirustussylinteri on olennainen osa, joka on suunniteltu erityisesti suorakylv\u00f6koneisiin. T\u00e4m\u00e4 innovatiivinen ty\u00f6kalu parantaa merkitt\u00e4v\u00e4sti maanmuokkaus- ja kylv\u00f6prosesseja, jolloin viljelij\u00e4t voivat luoda optimaaliset kylv\u00f6olosuhteet tehokkaammin. Minimoimalla maaper\u00e4n h\u00e4iriintymisen yksisuuntainen piirustussylinteri on ratkaisevassa roolissa maaper\u00e4n rakenteen ja kosteustasojen s\u00e4ilytt\u00e4misess\u00e4, jotka ovat elint\u00e4rkeit\u00e4 terveen sadon kasvun edist\u00e4miseksi. Sen edistynyt muotoilu ja toiminnallisuus tekev\u00e4t siit\u00e4 arvokkaan ty\u00f6kalun nykyaikaisissa maatalousk\u00e4yt\u00e4nn\u00f6iss\u00e4.<\/p>\n<p>Yksisuuntainen piirtolylinteri on korvaamaton ty\u00f6kalu suorakylv\u00f6viljelyss\u00e4, ja se parantaa sek\u00e4 tarkkuutta ett\u00e4 tehokkuutta maaper\u00e4n k\u00e4sittelyss\u00e4. Sen kest\u00e4v\u00e4 rakenne takaa kest\u00e4vyyden, ja sen yksinkertainen asennusprosessi mahdollistaa nopean integroinnin olemassa oleviin koneisiin. V\u00e4hent\u00e4m\u00e4ll\u00e4 maaper\u00e4n h\u00e4iriintymist\u00e4 se tukee kest\u00e4vi\u00e4 viljelyk\u00e4yt\u00e4nt\u00f6j\u00e4 ja auttaa viljelij\u00f6it\u00e4 saavuttamaan ihanteelliset kylv\u00f6olosuhteet.<\/p>\n<p>Oikeiden k\u00e4ytt\u00f6- ja huolto-ohjeiden noudattaminen varmistaa luotettavan suorituskyvyn, mik\u00e4 johtaa lopulta parempaan satoon ja menestyksekk\u00e4isiin viljelytuloksiin. Yksisuuntaiseen piirustussylinteriin investoiminen on viisas p\u00e4\u00e4t\u00f6s kaikille maatalousyrityksille, joiden tavoitteena on parantaa tuottavuutta ja toiminnan tehokkuutta.<\/p>\n<h2><strong>Yksisuuntainen piirustussylinteri ilman maanmuokkauskoneita Parametri:<\/strong><\/h2>\n<h1 style=\"text-align: center;\"><strong><img loading=\"lazy\" decoding=\"async\" class=\"alignnone size-full wp-image-17283\" src=\"https:\/\/www.hydraulic-cylinders.net\/wp-content\/uploads\/2025\/03\/hydraulic-cylinders-for-no-tillage-machines-parameter-1.webp\" alt=\"\" width=\"2237\" height=\"1271\" srcset=\"https:\/\/www.hydraulic-cylinders.net\/wp-content\/uploads\/2025\/03\/hydraulic-cylinders-for-no-tillage-machines-parameter-1.webp 2237w, https:\/\/www.hydraulic-cylinders.net\/wp-content\/uploads\/2025\/03\/hydraulic-cylinders-for-no-tillage-machines-parameter-1-1280x727.webp 1280w, https:\/\/www.hydraulic-cylinders.net\/wp-content\/uploads\/2025\/03\/hydraulic-cylinders-for-no-tillage-machines-parameter-1-980x557.webp 980w, https:\/\/www.hydraulic-cylinders.net\/wp-content\/uploads\/2025\/03\/hydraulic-cylinders-for-no-tillage-machines-parameter-1-480x273.webp 480w\" sizes=\"(min-width: 0px) and (max-width: 480px) 480px, (min-width: 481px) and (max-width: 980px) 980px, (min-width: 981px) and (max-width: 1280px) 1280px, (min-width: 1281px) 2237px, 100vw\" \/><\/strong><\/h1>\n<h2><strong>Yksisuuntainen piirustussylinteri ilman maanmuokkausta k\u00e4ytett\u00e4ville koneille:<\/strong><\/h2>\n<p><img loading=\"lazy\" decoding=\"async\" class=\"alignnone size-full wp-image-17282\" src=\"https:\/\/www.hydraulic-cylinders.net\/wp-content\/uploads\/2025\/03\/hydraulic-cylinders-for-no-tillage-machines-application-1.webp\" alt=\"\" width=\"2273\" height=\"976\" srcset=\"https:\/\/www.hydraulic-cylinders.net\/wp-content\/uploads\/2025\/03\/hydraulic-cylinders-for-no-tillage-machines-application-1.webp 2273w, https:\/\/www.hydraulic-cylinders.net\/wp-content\/uploads\/2025\/03\/hydraulic-cylinders-for-no-tillage-machines-application-1-1280x550.webp 1280w, https:\/\/www.hydraulic-cylinders.net\/wp-content\/uploads\/2025\/03\/hydraulic-cylinders-for-no-tillage-machines-application-1-980x421.webp 980w, https:\/\/www.hydraulic-cylinders.net\/wp-content\/uploads\/2025\/03\/hydraulic-cylinders-for-no-tillage-machines-application-1-480x206.webp 480w\" sizes=\"(min-width: 0px) and (max-width: 480px) 480px, (min-width: 481px) and (max-width: 980px) 980px, (min-width: 981px) and (max-width: 1280px) 1280px, (min-width: 1281px) 2273px, 100vw\" \/><\/p>\n<h2><strong>Yksisuuntainen piirustussylinteri ilman maanmuokkausta oleville koneille T\u00e4rkeimm\u00e4t ominaisuudet:<\/strong><\/h2>\n<h4><strong>Virtaviivainen yhden suunnan toiminta<\/strong><\/h4>\n<p>Piirustussylinterin yksisuuntainen rakenne mahdollistaa tehokkaan liikkeen yhteen suuntaan, mik\u00e4 tekee siit\u00e4 erityisen tehokkaan suoraviivaisissa istutus- ja maaper\u00e4nhoitoteht\u00e4viss\u00e4. T\u00e4m\u00e4 keskittynyt toiminta yksinkertaistaa k\u00e4ytt\u00f6kokemusta, jolloin k\u00e4ytt\u00e4j\u00e4t voivat keskitty\u00e4 yhdenmukaisten ja tarkkojen tulosten saavuttamiseen. V\u00e4hent\u00e4m\u00e4ll\u00e4 ohjailun monimutkaisuutta viljelij\u00e4t voivat parantaa tuottavuutta, yll\u00e4pit\u00e4\u00e4 vakaata ty\u00f6nkulkua ja minimoida toimintavirheiden riskin.<\/p>\n<h4><strong>Kest\u00e4v\u00e4 ja luotettava rakenne<\/strong><\/h4>\n<p>Ensiluokkaisista materiaaleista valmistettu yksisuuntainen piirtok\u00e4rkisylinteri on suunniteltu kest\u00e4m\u00e4\u00e4n ankarien maatalousymp\u00e4rist\u00f6jen haasteet. Sen tukeva rakenne kest\u00e4\u00e4 kulumista ja varmistaa luotettavan suorituskyvyn koko viljelykauden ajan. T\u00e4m\u00e4 kest\u00e4vyys tarkoittaa v\u00e4hemm\u00e4n korjauksia ja vaihtoja, mink\u00e4 ansiosta viljelij\u00e4t voivat s\u00e4\u00e4st\u00e4\u00e4 sek\u00e4 aikaa ett\u00e4 rahaa ja nauttia samalla luotettavasta ty\u00f6kalusta. Pitk\u00e4ik\u00e4inen muotoilu lis\u00e4\u00e4 luottamusta tiet\u00e4en, ett\u00e4 se pystyy vastaamaan maataloustoiminnan p\u00e4ivitt\u00e4isiin vaatimuksiin.<\/p>\n<h4><strong>Parannettu tarkkuus ja hallinta<\/strong><\/h4>\n<p>Edistyksellisell\u00e4 hydrauliikkaj\u00e4rjestelm\u00e4ll\u00e4 varustettu yksisuuntainen piirustussylinteri tarjoaa poikkeuksellisen tarkkuuden sek\u00e4 syvyyden ett\u00e4 kulman hallinnassa. T\u00e4m\u00e4 ominaisuus mahdollistaa kuljettajien tehd\u00e4 tarkkoja s\u00e4\u00e4t\u00f6j\u00e4 tiettyihin maaper\u00e4olosuhteisiin ja sadon tarpeisiin r\u00e4\u00e4t\u00e4l\u00f6ityin\u00e4. T\u00e4llainen tarkkuus on elint\u00e4rke\u00e4\u00e4 optimaalisen siementen sijoittelun kannalta, sill\u00e4 se varmistaa, ett\u00e4 siemenet kylvet\u00e4\u00e4n ihanteelliseen syvyyteen tehokkaan it\u00e4misen varmistamiseksi. Tarkkojen s\u00e4\u00e4t\u00f6jen ansiosta parannettu maaper\u00e4n ilmastus tukee edelleen vahvaa sadonkehityst\u00e4, mik\u00e4 johtaa terveempiin kasveihin ja lis\u00e4\u00e4ntyneisiin satoihin.<\/p>\n<h4><strong>Vaivaton asennus<\/strong><\/h4>\n<p>K\u00e4ytt\u00e4j\u00e4yst\u00e4v\u00e4llisyytt\u00e4 ajatellen suunniteltu yksisuuntainen piirtolinssi on helppo asentaa. Viljelij\u00e4t voivat integroida sen saumattomasti olemassa oleviin suorakylv\u00f6koneisiinsa minimaalisella vaivalla ja teknisell\u00e4 asiantuntemuksella. T\u00e4m\u00e4 k\u00e4ytt\u00e4j\u00e4yst\u00e4v\u00e4llinen ominaisuus v\u00e4hent\u00e4\u00e4 merkitt\u00e4v\u00e4sti seisokkiaikaa, jolloin maataloustoimintaa voidaan jatkaa nopeasti ilman viivytyksi\u00e4. Minimoimalla asennusajan viljelij\u00e4t voivat keskitty\u00e4 tuottavuuden maksimointiin ja sopeutumiseen maatalousaikataulujensa dynaamisiin vaatimuksiin.<\/p>\n<h4><strong>Minimaalinen maaper\u00e4n h\u00e4iriintyminen<\/strong><\/h4>\n<p>Yksisuuntaisen piirustussylinterin innovatiivinen muotoilu minimoi tehokkaasti maaper\u00e4n h\u00e4iriintymisen k\u00e4yt\u00f6n aikana. S\u00e4ilytt\u00e4m\u00e4ll\u00e4 maaper\u00e4n olennaisen rakenteen ja kosteuspitoisuuden t\u00e4m\u00e4 ominaisuus edist\u00e4\u00e4 parempaa juurien kehityst\u00e4, mik\u00e4 on ratkaisevan t\u00e4rke\u00e4\u00e4 sadon terveydelle. Lis\u00e4ksi maaper\u00e4n h\u00e4iriintymisen v\u00e4hent\u00e4minen auttaa yll\u00e4pit\u00e4m\u00e4\u00e4n hy\u00f6dyllisi\u00e4 mikro-organismeja maaper\u00e4ss\u00e4, mik\u00e4 parantaa maaper\u00e4n yleist\u00e4 hedelm\u00e4llisyytt\u00e4. T\u00e4m\u00e4 harkittu l\u00e4hestymistapa maaper\u00e4n hoitoon tukee kest\u00e4vi\u00e4 viljelyk\u00e4yt\u00e4nt\u00f6j\u00e4 ja parantaa satojen terveytt\u00e4, mik\u00e4 johtaa satojen kasvuun ja pitk\u00e4n aikav\u00e4lin maatalouden menestykseen.<\/p>\n<p>Yhteenvetona voidaan todeta, ett\u00e4 yksisuuntainen piirtolinssi erottuu edukseen virtaviivaisella yksisuuntaisella toiminnallaan, kest\u00e4v\u00e4ll\u00e4 rakenteellaan, parannetulla tarkkuudellaan, vaivattomalla asennuksellaan ja minimoimalla maaper\u00e4n h\u00e4iriintymisell\u00e4\u00e4n. N\u00e4m\u00e4 ominaisuudet tekev\u00e4t siit\u00e4 korvaamattoman ty\u00f6kalun nykyaikaisiin maatalousk\u00e4yt\u00e4nt\u00f6ihin, sill\u00e4 ne antavat viljelij\u00f6ille mahdollisuuden tehokkaaseen ja tulokselliseen maaper\u00e4n hallintaan, mik\u00e4 johtaa lopulta terveempiin satoihin ja parempaan tuottavuuteen.<\/p>\n<h2><strong>Yksisuuntainen piirustussylinteri maanmuokkauskoneille, joihin ei sovelleta mallia:<\/strong><\/h2>\n<h1 style=\"text-align: center;\"><strong><img loading=\"lazy\" decoding=\"async\" class=\"alignnone size-full wp-image-17284\" src=\"https:\/\/www.hydraulic-cylinders.net\/wp-content\/uploads\/2025\/03\/hydraulic-cylinders-for-no-tillage-machines-2.webp\" alt=\"\" width=\"2312\" height=\"600\" srcset=\"https:\/\/www.hydraulic-cylinders.net\/wp-content\/uploads\/2025\/03\/hydraulic-cylinders-for-no-tillage-machines-2.webp 2312w, https:\/\/www.hydraulic-cylinders.net\/wp-content\/uploads\/2025\/03\/hydraulic-cylinders-for-no-tillage-machines-2-1280x332.webp 1280w, https:\/\/www.hydraulic-cylinders.net\/wp-content\/uploads\/2025\/03\/hydraulic-cylinders-for-no-tillage-machines-2-980x254.webp 980w, https:\/\/www.hydraulic-cylinders.net\/wp-content\/uploads\/2025\/03\/hydraulic-cylinders-for-no-tillage-machines-2-480x125.webp 480w\" sizes=\"(min-width: 0px) and (max-width: 480px) 480px, (min-width: 481px) and (max-width: 980px) 980px, (min-width: 981px) and (max-width: 1280px) 1280px, (min-width: 1281px) 2312px, 100vw\" \/><\/strong><\/h1>\n<h2><strong>Kuinka yksisuuntainen piirustussylinteri parantaa maaper\u00e4n terveytt\u00e4 istutuksen aikana?<\/strong><\/h2>\n<p>Yksisuuntainen piirustussylinteri parantaa maaper\u00e4n terveytt\u00e4 istutuksen aikana useiden keskeisten mekanismien avulla:<\/p>\n<h4><strong>V\u00e4hentynyt maaper\u00e4n h\u00e4iriintyminen<\/strong>:<\/h4>\n<p>Sen erikoissuunnittelu minimoi maaper\u00e4n rakenteen h\u00e4iriintymisen s\u00e4ilytt\u00e4en maaper\u00e4n kerrosten luonnollisen j\u00e4rjestyksen. T\u00e4m\u00e4 est\u00e4\u00e4 tiivistymisen, jolloin juuret p\u00e4\u00e4sev\u00e4t tunkeutumaan helpommin. S\u00e4ilytt\u00e4m\u00e4ll\u00e4 n\u00e4iden kerrosten eheyden sylinteri varmistaa, ett\u00e4 t\u00e4rke\u00e4t ravinteet ja kosteus s\u00e4ilyv\u00e4t maaper\u00e4ss\u00e4, mik\u00e4 luo suotuisamman ymp\u00e4rist\u00f6n kasvien kasvulle.<\/p>\n<h4><strong>Kosteudenpid\u00e4tys<\/strong>:<\/h4>\n<p>Rajoittamalla maaper\u00e4n h\u00e4iriintymist\u00e4 yksisuuntainen piirtolylinteri auttaa yll\u00e4pit\u00e4m\u00e4\u00e4n kosteustasoja, jotka ovat ratkaisevan t\u00e4rkeit\u00e4 siementen it\u00e4misen ja kasvien varhaisen kehityksen kannalta. T\u00e4m\u00e4 on erityisen t\u00e4rke\u00e4\u00e4 kuivissa olosuhteissa, joissa kosteuden menetys voi haitata sadon vakiintumista. Kyky yll\u00e4pit\u00e4\u00e4 kosteutta ei ainoastaan \u200b\u200btue alkuvaiheen kasvua, vaan my\u00f6s parantaa kasvien vastustuskyky\u00e4 kuivuusstressi\u00e4 vastaan \u200b\u200bmy\u00f6hemmin kasvukaudella.<\/p>\n<h4><strong>Tehostettu mikrobien toiminta<\/strong>:<\/h4>\n<p>Sylinterin rakenne mahdollistaa maaper\u00e4n hy\u00f6dyllisten mikro-organismien kukoistamisen minimoimalla niiden elinymp\u00e4rist\u00f6n h\u00e4iriintymisen. Terveill\u00e4 mikrobipopulaatioilla on t\u00e4rke\u00e4 rooli orgaanisen aineksen hajottamisessa, ravinteiden kierr\u00e4tyksess\u00e4 ja maaper\u00e4n hedelm\u00e4llisyyden parantamisessa. Edist\u00e4m\u00e4ll\u00e4 vahvaa mikrobiyhteis\u00f6\u00e4 yksisuuntainen piirtolylinteri edist\u00e4\u00e4 ravinteiden saatavuutta, mik\u00e4 tukee vahvempaa ja terveellisemp\u00e4\u00e4 sadon kasvua.<\/p>\n<h4><strong>Edist\u00e4\u00e4 juurien kehityst\u00e4<\/strong>:<\/h4>\n<p>Luomalla vakaan maaper\u00e4n yksisuuntainen piirtolylinteri edist\u00e4\u00e4 parempaa juurien kasvua ja kehityst\u00e4. Syv\u00e4t ja laajat juuristot ovat v\u00e4ltt\u00e4m\u00e4tt\u00f6mi\u00e4 veden ja ravinteiden saatavuudelle, jotka ovat kriittisi\u00e4 kasvien terveydelle. Parempi juurien kehitys parantaa my\u00f6s kasvien kyky\u00e4 kest\u00e4\u00e4 ymp\u00e4rist\u00f6rasituksia, kuten kuivuutta tai ravinnepuutoksia, mik\u00e4 johtaa vahvempiin satoihin.<\/p>\n<h4><strong>Maaper\u00e4n ilmastus<\/strong>:<\/h4>\n<p>Sylinterin tarkat s\u00e4\u00e4d\u00f6t helpottavat optimaalista siementen sijoittelua ja parantavat maaper\u00e4n ilmastusta. Riitt\u00e4v\u00e4 ilmastus on ratkaisevan t\u00e4rke\u00e4\u00e4 juurihengityksen ja maaper\u00e4n ekosysteemin yleisen terveyden kannalta. Edist\u00e4m\u00e4ll\u00e4 ilmankiertoa maaper\u00e4ss\u00e4 yksisuuntainen piirustussylinteri tukee tervett\u00e4 juurien kasvua ja lis\u00e4\u00e4 hy\u00f6dyllisten maaper\u00e4eli\u00f6iden toimintaa, mik\u00e4 osaltaan edist\u00e4\u00e4 kukoistavaa maatalousekosysteemi\u00e4.<\/p>\n<p>Yhteenvetona voidaan todeta, ett\u00e4 yksisuuntainen piirustussylinteri on t\u00e4rke\u00e4ss\u00e4 roolissa maaper\u00e4n terveyden parantamisessa istutuksen aikana v\u00e4hent\u00e4m\u00e4ll\u00e4 maaper\u00e4n h\u00e4iriintymist\u00e4, s\u00e4ilytt\u00e4m\u00e4ll\u00e4 kosteutta, edist\u00e4m\u00e4ll\u00e4 mikrobitoimintaa, tukemalla juurien kehityst\u00e4 ja parantamalla maaper\u00e4n ilmastusta. N\u00e4m\u00e4 yhdistetyt hy\u00f6dyt johtavat terveellisemp\u00e4\u00e4n maaper\u00e4\u00e4n, parempaan satoon ja kest\u00e4viin viljelyk\u00e4yt\u00e4nt\u00f6ihin.<\/p>\n<h2><strong>Testauslaitteet:<\/strong><\/h2>\n<p><strong><img loading=\"lazy\" decoding=\"async\" class=\"alignnone size-full wp-image-17293\" src=\"https:\/\/www.hydraulic-cylinders.net\/wp-content\/uploads\/2025\/03\/test-equipment.webp-2.webp\" alt=\"\" width=\"1932\" height=\"1741\" srcset=\"https:\/\/www.hydraulic-cylinders.net\/wp-content\/uploads\/2025\/03\/test-equipment.webp-2.webp 1932w, https:\/\/www.hydraulic-cylinders.net\/wp-content\/uploads\/2025\/03\/test-equipment.webp-2-1280x1153.webp 1280w, https:\/\/www.hydraulic-cylinders.net\/wp-content\/uploads\/2025\/03\/test-equipment.webp-2-980x883.webp 980w, https:\/\/www.hydraulic-cylinders.net\/wp-content\/uploads\/2025\/03\/test-equipment.webp-2-480x433.webp 480w\" sizes=\"(min-width: 0px) and (max-width: 480px) 480px, (min-width: 481px) and (max-width: 980px) 980px, (min-width: 981px) and (max-width: 1280px) 1280px, (min-width: 1281px) 1932px, 100vw\" \/><\/strong><\/p>\n<ul>\n<li>1: Suolasumutestauskammio<\/li>\n<li>2: Kemiallinen analyysi<\/li>\n<li>3: Vetolujuustestikone<\/li>\n<li>4: Rockwellin kovuusmittari<\/li>\n<li>5: Puhtauden testauslaite<\/li>\n<li>6: TH110-kimmoisuuskovuuden mittalaite<\/li>\n<li>7: Pinnoitteen paksuusmittari<\/li>\n<li>8: Heilurin iskukoe<\/li>\n<\/ul>\n<p><img loading=\"lazy\" decoding=\"async\" class=\"alignnone size-full wp-image-17292\" src=\"https:\/\/www.hydraulic-cylinders.net\/wp-content\/uploads\/2025\/03\/test-equipment.webp-1.webp\" alt=\"\" width=\"1600\" height=\"1216\" srcset=\"https:\/\/www.hydraulic-cylinders.net\/wp-content\/uploads\/2025\/03\/test-equipment.webp-1.webp 1600w, https:\/\/www.hydraulic-cylinders.net\/wp-content\/uploads\/2025\/03\/test-equipment.webp-1-1280x973.webp 1280w, https:\/\/www.hydraulic-cylinders.net\/wp-content\/uploads\/2025\/03\/test-equipment.webp-1-980x745.webp 980w, https:\/\/www.hydraulic-cylinders.net\/wp-content\/uploads\/2025\/03\/test-equipment.webp-1-480x365.webp 480w\" sizes=\"(min-width: 0px) and (max-width: 480px) 480px, (min-width: 481px) and (max-width: 980px) 980px, (min-width: 981px) and (max-width: 1280px) 1280px, (min-width: 1281px) 1600px, 100vw\" \/><\/p>\n<p>Yrityksemme pit\u00e4\u00e4 laatua menestyksemme perustana. T\u00e4m\u00e4n sitoumuksen yll\u00e4pit\u00e4miseksi olemme investoineet huippuluokan kotimaisiin testaus- ja laboratoriolaitteisiin, joita tukee tieteen ja teknologian alan eritt\u00e4in ammattitaitoinen tiimi.<\/p>\n<p>Yll\u00e4pid\u00e4mme tiukkaa laatuj\u00e4rjestelm\u00e4\u00e4, joka t\u00e4ytt\u00e4\u00e4 alan standardit, varmistaen, ett\u00e4 jokainen tuottamamme tuote-er\u00e4 t\u00e4ytt\u00e4\u00e4 korkeimmat laatuvaatimukset. Standardoimalla toimintamme ja jatkuvasti valvomalla prosessejamme varmistamme, ett\u00e4 asiakkaamme saavat vain parasta.<\/p>\n<p>T\u00e4m\u00e4 vankkumaton sitoutuminen laatuun ei ainoastaan \u200b\u200bparanna tuotteidemme luotettavuutta, vaan my\u00f6s rakentaa luottamusta ja tyytyv\u00e4isyytt\u00e4 asiakkaidemme keskuudessa. Uskomme, ett\u00e4 priorisoimalla huippuosaamista tuotantomme jokaisella osa-alueella edist\u00e4mme kumppaneidemme ja koko alan menestyst\u00e4. Yhdess\u00e4 pyrimme innovaatioihin ja laatuun, jotka kest\u00e4v\u00e4t aikaa.<\/p>\n<h2><strong>Hydraulisylinterin tuotantopaikka:<\/strong><\/h2>\n<p>Yrityksemme on johtava hydraulisylintereihin erikoistunut valmistaja, jota tukevat omat itsen\u00e4iset tutkimus-, kehitys- ja suunnitteluosaamisemme. Huippumodernissa laitoksessamme, jossa on yli 170 yleisk\u00e4ytt\u00f6ist\u00e4 ty\u00f6st\u00f6konetta, CNC-konetta, ty\u00f6st\u00f6keskusta, hitsauslaitetta ja erikoistuneita testaus- ja tarkastusty\u00f6kaluja, olemme hyvin varustautuneita vastaamaan monipuolisiin teollisuuden tarpeisiin.<\/p>\n<p>Vuosien varrella kertyneen teknologisen asiantuntemuksen ja prosessien kehitt\u00e4misen ansiosta olemme luoneet kyps\u00e4n tuotantoprosessin, joka integroi saumattomasti tutkimus- ja kehitystoiminnan valmistukseen. T\u00e4st\u00e4 integraatiosta on tullut keskeinen kilpailuetumme, jonka ansiosta voimme suunnitella ja valmistaa laajan valikoiman hydraulisylintereit\u00e4, jotka on r\u00e4\u00e4t\u00e4l\u00f6ity vastaamaan asiakkaiden erityisvaatimuksia.<\/p>\n<p>Tuotteitamme k\u00e4ytet\u00e4\u00e4n laajalti useilla eri aloilla, kuten maatalouskoneissa, rakennuskoneissa, ajoneuvoissa, tietekniikassa ja erikoiskoneissa. Tuemme ylpe\u00e4n\u00e4 lukuisia laitevalmistajia (OEM), kuten Bonong Xingdaa, Bojin Hummeria, Jilin Ruifengia, Debang Daweita, Shandong Yineng Heavy Industryta, Tai'an Modern Heavy Industryta ja Shifeng Groupia.<\/p>\n<p><img loading=\"lazy\" decoding=\"async\" class=\"alignnone size-full wp-image-17290\" src=\"https:\/\/www.hydraulic-cylinders.net\/wp-content\/uploads\/2025\/03\/production-site-1.webp\" alt=\"\" width=\"1971\" height=\"2253\" srcset=\"https:\/\/www.hydraulic-cylinders.net\/wp-content\/uploads\/2025\/03\/production-site-1.webp 1971w, https:\/\/www.hydraulic-cylinders.net\/wp-content\/uploads\/2025\/03\/production-site-1-1280x1463.webp 1280w, https:\/\/www.hydraulic-cylinders.net\/wp-content\/uploads\/2025\/03\/production-site-1-980x1120.webp 980w, https:\/\/www.hydraulic-cylinders.net\/wp-content\/uploads\/2025\/03\/production-site-1-480x549.webp 480w\" sizes=\"(min-width: 0px) and (max-width: 480px) 480px, (min-width: 481px) and (max-width: 980px) 980px, (min-width: 981px) and (max-width: 1280px) 1280px, (min-width: 1281px) 1971px, 100vw\" \/><\/p>\n<p>Olemme sitoutuneet tarjoamaan poikkeuksellista palvelua vahvan laatupolitiikan avulla, joka asettaa etusijalle jatkuvan innovoinnin tutkimuksessa ja kehityksess\u00e4, johtamisessa, laadunvalvonnassa ja asiakaspalvelussa. Sitoutumisemme laatuun on tunnustettu ISO\/TS16949-sertifioinnilla, joka varmistaa, ett\u00e4 emme ainoastaan \u200b\u200bt\u00e4yt\u00e4 asiakkaidemme odotuksia, vaan ylit\u00e4mme ne jatkuvasti.<\/p>\n<p>Tulevaisuudessa jatkamme teknologiamme kehitt\u00e4mist\u00e4 ja osaamisemme laajentamista pyrkien aina toimittamaan asiakkaillemme korkealaatuisimpia tuotteita ja palveluita. Yhdess\u00e4 luomme hydraulisylinteriteollisuuden huippuosaamisen perint\u00f6\u00e4.<\/p>","protected":false},"excerpt":{"rendered":"<p>Unidirectional Scriber Cylinder For No Tillage Machines The Unidirectional Scriber Cylinder is an essential component specifically engineered for no-tillage machines. This innovative tool significantly improves soil preparation and planting processes, enabling farmers to create optimal planting conditions with greater efficiency. By minimizing soil disruption, the Unidirectional Scriber Cylinder plays a crucial role in preserving soil [&hellip;]<\/p>","protected":false},"featured_media":17311,"comment_status":"open","ping_status":"closed","template":"","meta":{"_et_pb_use_builder":"","_et_pb_old_content":"","_et_gb_content_width":""},"product_brand":[],"product_cat":[1530,1549,1376],"product_tag":[],"class_list":{"0":"post-17336","1":"product","2":"type-product","3":"status-publish","4":"has-post-thumbnail","6":"product_cat-no-tillage-machinery-hydraulic-cylinders","7":"product_cat-single-acting-hydraulic-cylinder","8":"product_cat-hydraulic-cylinder","10":"first","11":"instock","12":"shipping-taxable","13":"product-type-simple"},"amp_enabled":true,"_links":{"self":[{"href":"https:\/\/www.hydraulic-cylinders.net\/fi\/wp-json\/wp\/v2\/product\/17336","targetHints":{"allow":["GET"]}}],"collection":[{"href":"https:\/\/www.hydraulic-cylinders.net\/fi\/wp-json\/wp\/v2\/product"}],"about":[{"href":"https:\/\/www.hydraulic-cylinders.net\/fi\/wp-json\/wp\/v2\/types\/product"}],"replies":[{"embeddable":true,"href":"https:\/\/www.hydraulic-cylinders.net\/fi\/wp-json\/wp\/v2\/comments?post=17336"}],"wp:featuredmedia":[{"embeddable":true,"href":"https:\/\/www.hydraulic-cylinders.net\/fi\/wp-json\/wp\/v2\/media\/17311"}],"wp:attachment":[{"href":"https:\/\/www.hydraulic-cylinders.net\/fi\/wp-json\/wp\/v2\/media?parent=17336"}],"wp:term":[{"taxonomy":"product_brand","embeddable":true,"href":"https:\/\/www.hydraulic-cylinders.net\/fi\/wp-json\/wp\/v2\/product_brand?post=17336"},{"taxonomy":"product_cat","embeddable":true,"href":"https:\/\/www.hydraulic-cylinders.net\/fi\/wp-json\/wp\/v2\/product_cat?post=17336"},{"taxonomy":"product_tag","embeddable":true,"href":"https:\/\/www.hydraulic-cylinders.net\/fi\/wp-json\/wp\/v2\/product_tag?post=17336"}],"curies":[{"name":"wp","href":"https:\/\/api.w.org\/{rel}","templated":true}]}}