{"id":1742,"date":"2023-10-12T07:55:54","date_gmt":"2023-10-12T07:55:54","guid":{"rendered":"https:\/\/hydraulic-cylinders.net\/?post_type=product&#038;p=1742"},"modified":"2025-04-11T02:56:56","modified_gmt":"2025-04-11T02:56:56","slug":"injection-molding-machine-ejection-cylinder","status":"publish","type":"product","link":"https:\/\/www.hydraulic-cylinders.net\/fi\/tuote\/injection-molding-machine-ejection-cylinder\/","title":{"rendered":"Ruiskuvalukoneen poistosylinteri"},"content":{"rendered":"<h1 style=\"text-align: center;\"><strong>Ruiskuvalukoneen poistosylinteri<\/strong><\/h1>\n<p><img loading=\"lazy\" decoding=\"async\" class=\"wp-image-1744 aligncenter\" src=\"https:\/\/hydraulic-cylinders.net\/wp-content\/uploads\/2023\/10\/ejection-cylinder-1-300x300.webp\" alt=\"\" width=\"400\" height=\"400\" \/><\/p>\n<p>Ruiskuvalukoneen poistosylinteri on t\u00e4rke\u00e4 osa muovin ruiskuvaluprosessia, ja se on suunniteltu parantamaan tehokkuutta ja tarkkuutta helpottamalla muovattujen osien poistoa muotista. T\u00e4ll\u00e4 erikoissylinterill\u00e4 on ratkaiseva rooli ruiskuvaluprosessin viimeisess\u00e4 vaiheessa, sill\u00e4 se varmistaa muovattujen osien sujuvan ja tehokkaan poiston muotista.<\/p>\n<p>Ruiskuvalukoneen ulosty\u00f6nt\u00f6sylinteri on olennainen osa muovin ruiskuvalua, sill\u00e4 se mahdollistaa muovattujen osien tehokkaan ja tarkan poiston muotista. T\u00e4m\u00e4 sylinteri varmistaa luotettavat ja optimoidut poistoprosessit kest\u00e4v\u00e4n rakenteensa, tarkan poistonhallinnansa, nopean toimintansa ja s\u00e4\u00e4dett\u00e4v\u00e4n iskunpituutensa ansiosta. Noudattamalla suositeltuja k\u00e4ytt\u00f6menetelmi\u00e4 ja huoltok\u00e4yt\u00e4nt\u00f6j\u00e4 valmistajat voivat maksimoida ruiskuvalukoneen ulosty\u00f6nt\u00f6sylinterin suorituskyvyn ja pitk\u00e4ik\u00e4isyyden, mik\u00e4 parantaa lopulta muovin ruiskuvalutoimintojen tehokkuutta, tarkkuutta ja yleist\u00e4 laatua.<\/p>\n<p>Ruiskuvalukoneen poistosylinterin keskeiset ominaisuudet:<\/p>\n<ol>\n<li>Vankka rakenne:<\/li>\n<\/ol>\n<ul>\n<li>Ruiskuvalukoneen ulosty\u00f6nt\u00f6sylinteri on valmistettu korkealaatuisista materiaaleista, mik\u00e4 varmistaa kest\u00e4vyyden ja pitk\u00e4ik\u00e4isyyden vaativissakin tuotantoymp\u00e4rist\u00f6iss\u00e4.<\/li>\n<li>Se on suunniteltu kest\u00e4m\u00e4\u00e4n suuria ty\u00f6nt\u00f6voimia ja toistuvia liikkeit\u00e4, s\u00e4ilytt\u00e4en tasaisen suorituskyvyn pitkien k\u00e4ytt\u00f6jaksojen ajan.<\/li>\n<\/ul>\n<ol start=\"2\">\n<li>Tarkka poiston hallinta:<\/li>\n<\/ol>\n<ul>\n<li>T\u00e4m\u00e4 sylinteri tarjoaa tarkan hallinnan poistoprosessille, mik\u00e4 mahdollistaa valettujen osien tarkan ja toistettavan poiston.<\/li>\n<li>Se mahdollistaa poistonopeuden, voiman ja iskunpituuden mukauttamisen varmistaen optimaalisen osan poiston aiheuttamatta vaurioita.<\/li>\n<\/ul>\n<ol start=\"3\">\n<li>Nopea ja tehokas toiminta:<\/li>\n<\/ol>\n<ul>\n<li>Ruiskuvalukoneen ulosty\u00f6nt\u00f6sylinteri mahdollistaa nopeat ulosty\u00f6nt\u00f6jaksot, mik\u00e4 minimoi tuotantoajan ja lis\u00e4\u00e4 kokonaistuottavuutta.<\/li>\n<li>Se varmistaa valettujen osien nopean ja luotettavan poiston, mik\u00e4 v\u00e4hent\u00e4\u00e4 seisokkiaikoja ja mahdollistaa nopeamman muotinvaihdon.<\/li>\n<\/ul>\n<ol start=\"4\">\n<li>S\u00e4\u00e4dett\u00e4v\u00e4 iskunpituus:<\/li>\n<\/ol>\n<ul>\n<li>T\u00e4ss\u00e4 sylinteriss\u00e4 on s\u00e4\u00e4dett\u00e4v\u00e4 iskunpituus muottimallien ja osakokojen mukaan.<\/li>\n<li>Se mahdollistaa joustavan poiston varmistaen, ett\u00e4 osat poistetaan sopivalla et\u00e4isyydell\u00e4 ja v\u00e4lyksell\u00e4 muotista.<\/li>\n<\/ul>\n<h2><strong>Ruiskuvalukoneen poistosylinterin parametri:<\/strong><\/h2>\n<table border=\"1\" cellspacing=\"0\" cellpadding=\"0\">\n<tbody>\n<tr>\n<td>Tuotteen nimi<\/td>\n<td>Ruiskuvalukoneen poistosylinteri<\/td>\n<\/tr>\n<tr>\n<td>Ominaisuudet:<\/td>\n<td>Poista muotista muodostunut tuote<\/td>\n<\/tr>\n<tr>\n<td>Rei\u00e4n halkaisija:<\/td>\n<td>\u00a090 mm\uff5e220 mm<\/td>\n<\/tr>\n<tr>\n<td>Tangon halkaisija:<\/td>\n<td>50 mm\uff5e140 mm<br \/>\nIsku \u2264600 mm<\/td>\n<\/tr>\n<tr>\n<td>Ty\u00f6nt\u00f6voima:<\/td>\n<td>Enimm\u00e4isteho 760 kN<br \/>\n(Rei\u00e4n halkaisija: 220 mm \/ paine 10 MPa)<\/td>\n<\/tr>\n<tr>\n<td>Sovellukset:<\/td>\n<td>Ruiskuvalukone<\/td>\n<\/tr>\n<\/tbody>\n<\/table>\n<div><\/div>\n<div>\n<div class=\"txtboxL\">\n<div class=\"txtboxL\">\n<div class=\"txtboxL\">\n<div class=\"txtboxL\">\n<div class=\"txtboxL\">Ominaisuudet:<\/div>\n<div class=\"txtboxR\">Poista muotista muodostunut tuote<\/div>\n<div class=\"txtboxL\">Tekniset tiedot:<\/div>\n<div class=\"txtboxR\">Rei\u00e4n halkaisija: 90 mm - 220 mm<br \/>\nTangon halkaisija: 50 mm - 140 mm<br \/>\nIsku \u2264600 mm<\/div>\n<div class=\"txtboxL\">Ty\u00f6nt\u00f6voima:<\/div>\n<div class=\"txtboxR\">Enimm\u00e4isteho 760 kN<br \/>\n(Rei\u00e4n halkaisija: 220 mm \/ paine 10 MPa)<\/div>\n<\/div>\n<\/div>\n<\/div>\n<\/div>\n<\/div>\n<h2><strong>Sementtilaitteet <\/strong><strong>Sylinteritehdas:<\/strong><\/h2>\n<p><img loading=\"lazy\" decoding=\"async\" class=\"alignnone wp-image-1734 size-full\" src=\"https:\/\/hydraulic-cylinders.net\/wp-content\/uploads\/2023\/10\/cement-equipment-cylinder-1.webp\" alt=\"\" width=\"1418\" height=\"946\" srcset=\"https:\/\/hydraulic-cylinders.net\/wp-content\/uploads\/2023\/10\/cement-equipment-cylinder-1.webp 1418w, https:\/\/hydraulic-cylinders.net\/wp-content\/uploads\/2023\/10\/cement-equipment-cylinder-1-1280x854.webp 1280w, https:\/\/hydraulic-cylinders.net\/wp-content\/uploads\/2023\/10\/cement-equipment-cylinder-1-980x654.webp 980w, https:\/\/hydraulic-cylinders.net\/wp-content\/uploads\/2023\/10\/cement-equipment-cylinder-1-480x320.webp 480w\" sizes=\"(min-width: 0px) and (max-width: 480px) 480px, (min-width: 481px) and (max-width: 980px) 980px, (min-width: 981px) and (max-width: 1280px) 1280px, (min-width: 1281px) 1418px, 100vw\" \/><\/p>\n<h2><strong>Ruiskuvalukoneen poistosylinterin k\u00e4ytt\u00f6tapa<\/strong><strong>:<\/strong><\/h2>\n<ol>\n<li><strong>Asennus:<\/strong><\/li>\n<\/ol>\n<ul>\n<li>Noudata valmistajan ohjeita asentaaksesi ruiskuvalukoneen poistosylinterin tukevasti ruiskuvalukoneeseen.<\/li>\n<li>Varmista oikea kohdistus ja kiinnitys koneen poistoyksikk\u00f6\u00f6n, jotta toiminta poiston aikana on sujuvaa.<\/li>\n<\/ul>\n<ol start=\"2\">\n<li><strong>Poistoparametrien s\u00e4\u00e4t\u00e4minen:<\/strong><\/li>\n<\/ol>\n<ul>\n<li>K\u00e4yt\u00e4 koneen ohjauspaneelia tai k\u00e4ytt\u00f6liittym\u00e4\u00e4 s\u00e4\u00e4t\u00e4\u00e4ksesi poistoparametreja, kuten nopeutta, voimaa ja iskunpituutta.<\/li>\n<li>Katso koneen k\u00e4ytt\u00f6oppaasta tarkat ohjeet asianmukaisten parametrien asettamiseen osan spesifikaatioiden ja muotin vaatimusten perusteella.<\/li>\n<\/ul>\n<ol start=\"3\">\n<li><strong>Muotin valmistelu:<\/strong><\/li>\n<\/ol>\n<ul>\n<li>Aseta muotti ruiskuvalukoneeseen ja varmista oikea kohdistus ja kiinnitys.<\/li>\n<li>Kiinnit\u00e4 poistokomponentit, kuten poistotapit tai -levyt, muottiin varmistaaksesi turvallisen ja luotettavan poiston.<\/li>\n<\/ul>\n<ol start=\"4\">\n<li><strong>Poistoprosessi:<\/strong><\/li>\n<\/ol>\n<ul>\n<li>Aloita poistoprosessi aktivoimalla ruiskuvalukone.<\/li>\n<li>Ruiskuvalukoneen ulosty\u00f6nt\u00f6sylinteri pident\u00e4\u00e4 ulosty\u00f6nt\u00f6komponentit nopeasti ja ty\u00f6nt\u00e4\u00e4 valetut osat ulos muotin ontelosta.<\/li>\n<li>Varmista, ett\u00e4 poistoiskun pituus on s\u00e4\u00e4detty siten, ett\u00e4 osat ty\u00f6ntyv\u00e4t ulos halutulla v\u00e4lyksell\u00e4 ja vahingoittumatta.<\/li>\n<\/ul>\n<h2><strong>Miten hydraulisylinteri toimii?<\/strong><\/h2>\n<p>Hydraulisylinteri on mekaaninen laite, joka k\u00e4ytt\u00e4\u00e4 hydraulinestett\u00e4 voiman tuottamiseen ja lineaarisen liikkeen helpottamiseen. Se toimii siirt\u00e4m\u00e4ll\u00e4 painetta suljetun nesteen l\u00e4pi mekaanisen tehon tuottamiseksi. T\u00e4ss\u00e4 on yksinkertaistettu selitys hydraulisylinterin toiminnasta:<\/p>\n<ol>\n<li><strong>Peruskomponentit:<\/strong>\n<ul>\n<li>Sylinteriputki: Hydraulisylinterin p\u00e4\u00e4rungossa on m\u00e4nt\u00e4 ja muut sis\u00e4iset komponentit.<\/li>\n<li>M\u00e4nt\u00e4: Sylinterim\u00e4inen osa, joka jakaa sylinteriputken kahteen kammioon.<\/li>\n<li>M\u00e4nn\u00e4nvarsi: M\u00e4nt\u00e4\u00e4n yhdistettyn\u00e4 se ulottuu sylinteriputken ulkopuolelle ja v\u00e4litt\u00e4\u00e4 syntyv\u00e4n voiman.<\/li>\n<li>Tiivisteet est\u00e4v\u00e4t hydraulinesteen vuotamisen m\u00e4nn\u00e4n ja sylinteriputken v\u00e4lill\u00e4 varmistaen tehokkaan toiminnan.<\/li>\n<\/ul>\n<\/li>\n<li><strong>Hydraulij\u00e4rjestelm\u00e4:<\/strong>\n<ul>\n<li>Hydrauliikkaj\u00e4rjestelm\u00e4\u00e4n kuuluvat pumppu, s\u00e4\u00e4t\u00f6venttiilit, hydrauliikka\u00f6ljy (yleens\u00e4 \u00f6ljy) ja liitosputket.<\/li>\n<li>Hydraulipumppu paineistaa nesteen, jolloin syntyy hydraulista energiaa, jota voidaan k\u00e4ytt\u00e4\u00e4 voiman tuottamiseen.<\/li>\n<\/ul>\n<\/li>\n<li><strong>Kaksi kamaria:<\/strong>\n<ul>\n<li>Hydraulisylinteriss\u00e4 on kaksi kammiota: m\u00e4nn\u00e4nvarren puoli (tai painepuoli) ja vastakkainen puoli (tai paluupuoli).<\/li>\n<li>Tangon puoli on kytketty hydraulipumppuun, kun taas vastakkainen puoli on kytketty s\u00e4ili\u00f6\u00f6n tai paluulinjaan.<\/li>\n<\/ul>\n<\/li>\n<li><strong>Toiminta:<\/strong>\n<ul>\n<li>Kun hydraulineste pumpataan m\u00e4nn\u00e4nvarren sivukammioon, se kohdistaa painetta m\u00e4nt\u00e4\u00e4n, jolloin se liikkuu ulosp\u00e4in.<\/li>\n<li>M\u00e4nn\u00e4n liikkuessa se ty\u00f6nt\u00e4\u00e4 tankoa, mik\u00e4 tuottaa lineaarista voimaa.<\/li>\n<li>Samanaikaisesti vastakkaisen sivukammion hydraulineste palaa s\u00e4ili\u00f6\u00f6n tai paluulinjaa pitkin.<\/li>\n<\/ul>\n<\/li>\n<li><strong>Suuntaohjaus:<\/strong>\n<ul>\n<li>Hydraulisylinterin liikesuuntaa ohjataan suuntaventtiileill\u00e4.<\/li>\n<li>N\u00e4m\u00e4 venttiilit s\u00e4\u00e4telev\u00e4t hydraulinesteen virtausta sopivaan kammioon ja m\u00e4\u00e4ritt\u00e4v\u00e4t m\u00e4nn\u00e4n liikesuunnan.<\/li>\n<\/ul>\n<\/li>\n<li><strong>Voiman ja nopeuden s\u00e4\u00e4t\u00f6:<\/strong>\n<ul>\n<li>Hydraulisylinterin tuottama voima riippuu hydraulisesta paineesta ja m\u00e4nn\u00e4n tehollisesta pinta-alasta.<\/li>\n<li>Hydraulista painetta s\u00e4\u00e4t\u00e4m\u00e4ll\u00e4 voidaan s\u00e4\u00e4t\u00e4\u00e4 voimantuottoa.<\/li>\n<li>Sylinterin liikenopeutta voidaan s\u00e4\u00e4t\u00e4\u00e4 s\u00e4\u00e4t\u00e4m\u00e4ll\u00e4 hydraulinesteen virtausnopeutta sylinteriin tai sylinterist\u00e4.<\/li>\n<\/ul>\n<\/li>\n<li><strong>Sovellukset:<\/strong>\n<ul>\n<li>Hydraulisylintereit\u00e4 k\u00e4ytet\u00e4\u00e4n erilaisissa sovelluksissa, jotka vaativat lineaarista voimaa ja liikett\u00e4, kuten rakennuslaitteissa, materiaalink\u00e4sittelykoneissa, valmistusj\u00e4rjestelmiss\u00e4 ja ajoneuvoissa.<\/li>\n<li>Niit\u00e4 k\u00e4ytet\u00e4\u00e4n yleisesti nosto-, ty\u00f6nt\u00f6-, veto-, taivutus- ja asemointisovelluksissa.<\/li>\n<\/ul>\n<\/li>\n<\/ol>\n<h2><strong>Tehtaan kapasiteetti ja kapasiteetti:<\/strong><\/h2>\n<h3>(1) Kokoonpano<\/h3>\n<p>Meill\u00e4 on ensiluokkainen riippumaton tutkimus- ja kehitysty\u00f6n kokoonpanoalusta. Hydraulisylinterien tuotantopajassa on nelj\u00e4 puoliautomaattista nostosylinterin kokoonpanolinjaa ja yksi automaattinen kallistussylinterin kokoonpanolinja, joiden suunniteltu vuotuinen tuotantokapasiteetti on 1 miljoona kappaletta. Erikoissylinterin ty\u00f6paja on varustettu erilaisilla eritelmill\u00e4 puoliautomaattisen puhdistusasennuksen kokoonpanoj\u00e4rjestelm\u00e4ll\u00e4, jonka suunniteltu vuotuinen tuotantokapasiteetti on 200 000, ja se on varustettu kuuluisilla CNC-ty\u00f6st\u00f6laitteilla, ty\u00f6st\u00f6keskuksella, korkean tarkkuuden sylinterin k\u00e4sittelyyn tarkoitetuilla erityislaitteilla, robottihitsauskoneella, automaattisella puhdistuslaitteella, automaattisella sylinterin kokoonpanokoneella ja automaattisella maalaustuotantolinjalla. Olemassa olevat kriittiset laitteet yli 300 sarjaa (sarjaa). Laiteresurssien optimaalinen kohdentaminen ja tehokas k\u00e4ytt\u00f6 varmistavat tuotteiden tarkkuusvaatimukset ja t\u00e4ytt\u00e4v\u00e4t tuotteiden laatuvaatimukset.<\/p>\n<p><img loading=\"lazy\" decoding=\"async\" class=\"alignnone wp-image-626\" src=\"https:\/\/hydraulic-cylinders.net\/wp-content\/uploads\/2023\/08\/hydraulic-cylinder-product-1-300x158.webp\" alt=\"\" width=\"495\" height=\"260\" srcset=\"https:\/\/hydraulic-cylinders.net\/wp-content\/uploads\/2023\/08\/hydraulic-cylinder-product-1-300x158.webp 495w, https:\/\/hydraulic-cylinders.net\/wp-content\/uploads\/2023\/08\/hydraulic-cylinder-product-1-480x252.webp 480w\" sizes=\"(min-width: 0px) and (max-width: 480px) 480px, (min-width: 481px) 495px, 100vw\" \/> <img loading=\"lazy\" decoding=\"async\" class=\"alignnone wp-image-627\" src=\"https:\/\/hydraulic-cylinders.net\/wp-content\/uploads\/2023\/08\/hydraulic-cylinder-product-2-300x189.webp\" alt=\"\" width=\"413\" height=\"260\" \/><\/p>\n<h3>(2) Koneistus<\/h3>\n<p>Ty\u00f6st\u00f6paja on varustettu r\u00e4\u00e4t\u00e4l\u00f6idyll\u00e4 kaltevalla kiskosorvauskeskuksella, ty\u00f6st\u00f6keskuksella, suurnopeus-hiontakoneella, hitsausrobotilla ja muilla vastaavilla laitteilla, joilla voidaan k\u00e4sitell\u00e4 sylinteriputkia, joiden sis\u00e4halkaisija on enint\u00e4\u00e4n 400 mm ja enimm\u00e4ispituus on 6 metri\u00e4.<\/p>\n<p><img loading=\"lazy\" decoding=\"async\" class=\"alignnone wp-image-628 size-large\" src=\"https:\/\/hydraulic-cylinders.net\/wp-content\/uploads\/2023\/08\/hydraulic-cylinder-product-3-1024x391.webp\" alt=\"\" width=\"1024\" height=\"391\" srcset=\"https:\/\/hydraulic-cylinders.net\/wp-content\/uploads\/2023\/08\/hydraulic-cylinder-product-3-980x374.webp 980w, https:\/\/hydraulic-cylinders.net\/wp-content\/uploads\/2023\/08\/hydraulic-cylinder-product-3-480x183.webp 480w\" sizes=\"(min-width: 0px) and (max-width: 480px) 480px, (min-width: 481px) and (max-width: 980px) 980px, (min-width: 981px) 1024px, 100vw\" \/><\/p>\n<h3>(3) Hitsaus<\/h3>\n<p><img loading=\"lazy\" decoding=\"async\" class=\"alignnone wp-image-629 size-large\" src=\"https:\/\/hydraulic-cylinders.net\/wp-content\/uploads\/2023\/08\/hydraulic-cylinder-product-4-1024x510.webp\" alt=\"\" width=\"1024\" height=\"510\" srcset=\"https:\/\/hydraulic-cylinders.net\/wp-content\/uploads\/2023\/08\/hydraulic-cylinder-product-4-980x488.webp 980w, https:\/\/hydraulic-cylinders.net\/wp-content\/uploads\/2023\/08\/hydraulic-cylinder-product-4-480x239.webp 480w\" sizes=\"(min-width: 0px) and (max-width: 480px) 480px, (min-width: 481px) and (max-width: 980px) 980px, (min-width: 981px) 1024px, 100vw\" \/><\/p>\n<h3>(4) Maalaus ja pinnoitus<\/h3>\n<p>Pienill\u00e4 ja keskisuurilla sylinterin automaattisilla vesipohjaisilla maalipinnoituslinjoilla automaattisen robotin lastaus- ja purku- ja automaattisen ruiskutuksen saavuttamiseksi, suunnittelukapasiteetti on 4000 kappaletta vuorossa;<br \/>\nMeill\u00e4 on my\u00f6s puoliautomaattinen maalauslinja suurille sylintereille, joka toimii voimaketjulla ja jonka suunnittelukapasiteetti on 60 laatikkoa ty\u00f6vuorossa.<\/p>\n<p><img loading=\"lazy\" decoding=\"async\" class=\"alignnone wp-image-630\" src=\"https:\/\/hydraulic-cylinders.net\/wp-content\/uploads\/2023\/08\/hydraulic-cylinder-product-5-300x213.webp\" alt=\"\" width=\"366\" height=\"260\" \/> <img loading=\"lazy\" decoding=\"async\" class=\"alignnone wp-image-631\" src=\"https:\/\/hydraulic-cylinders.net\/wp-content\/uploads\/2023\/08\/hydraulic-cylinder-product-6-300x225.webp\" alt=\"\" width=\"347\" height=\"260\" \/><\/p>\n<h3>(5) Testaus<\/h3>\n<p>Meill\u00e4 on ensiluokkaiset tarkastustilat ja testialustat, joilla varmistetaan, ett\u00e4 sylinterin suorituskyky t\u00e4ytt\u00e4\u00e4 vaatimukset.<\/p>\n<p><img loading=\"lazy\" decoding=\"async\" class=\"alignnone wp-image-632\" src=\"https:\/\/hydraulic-cylinders.net\/wp-content\/uploads\/2023\/08\/hydraulic-cylinder-product-8-300x200.webp\" alt=\"\" width=\"389\" height=\"260\" \/><\/p>\n<p>&nbsp;<\/p>\n<p>&nbsp;<\/p>\n<p>Olemme yksi parhaista hydraulisylintereiden valmistajista. Voimme tarjota kattavia hydraulisylintereit\u00e4. Tarjoamme my\u00f6s vastaavia <a href=\"https:\/\/hzpt.com\/agricultural-pto-gearbox\/\" target=\"_blank\" rel=\"noopener\">maatalousvaihteistot<\/a>Olemme vieneet tuotteitamme asiakkaille maailmanlaajuisesti ja ansainneet hyv\u00e4n maineen erinomaisen tuotelaadun ja huoltopalvelumme ansiosta. Toivotamme tervetulleeksi asiakkaat kotimaassa ja ulkomailla ottamaan meihin yhteytt\u00e4 neuvotellakseen liiketoimista, vaihtaakseen tietoja ja <a href=\"https:\/\/www.hydraulic-cylinders.net\/fi\/contact-us\/\">tehd\u00e4 yhteisty\u00f6t\u00e4 kanssamme<\/a>!<\/p>","protected":false},"excerpt":{"rendered":"<p>Injection Molding Machine Ejection Cylinder The injection molding machine ejection cylinder is a vital component in the plastic injection molding process, designed to improve efficiency and precision by facilitating the ejection of molded parts from the mold cavity. This specialized cylinder plays a crucial role in the final stage of the injection molding cycle, ensuring [&hellip;]<\/p>","protected":false},"featured_media":1745,"comment_status":"open","ping_status":"closed","template":"","meta":{"_et_pb_use_builder":"","_et_pb_old_content":"","_et_gb_content_width":""},"product_brand":[],"product_cat":[1523,1549,1376],"product_tag":[1380],"class_list":{"0":"post-1742","1":"product","2":"type-product","3":"status-publish","4":"has-post-thumbnail","6":"product_cat-injection-molding-hydraulic-cylinders","7":"product_cat-single-acting-hydraulic-cylinder","8":"product_cat-hydraulic-cylinder","9":"product_tag-hydraulic-cylinder","11":"first","12":"instock","13":"shipping-taxable","14":"product-type-simple"},"amp_enabled":true,"_links":{"self":[{"href":"https:\/\/www.hydraulic-cylinders.net\/fi\/wp-json\/wp\/v2\/product\/1742","targetHints":{"allow":["GET"]}}],"collection":[{"href":"https:\/\/www.hydraulic-cylinders.net\/fi\/wp-json\/wp\/v2\/product"}],"about":[{"href":"https:\/\/www.hydraulic-cylinders.net\/fi\/wp-json\/wp\/v2\/types\/product"}],"replies":[{"embeddable":true,"href":"https:\/\/www.hydraulic-cylinders.net\/fi\/wp-json\/wp\/v2\/comments?post=1742"}],"wp:featuredmedia":[{"embeddable":true,"href":"https:\/\/www.hydraulic-cylinders.net\/fi\/wp-json\/wp\/v2\/media\/1745"}],"wp:attachment":[{"href":"https:\/\/www.hydraulic-cylinders.net\/fi\/wp-json\/wp\/v2\/media?parent=1742"}],"wp:term":[{"taxonomy":"product_brand","embeddable":true,"href":"https:\/\/www.hydraulic-cylinders.net\/fi\/wp-json\/wp\/v2\/product_brand?post=1742"},{"taxonomy":"product_cat","embeddable":true,"href":"https:\/\/www.hydraulic-cylinders.net\/fi\/wp-json\/wp\/v2\/product_cat?post=1742"},{"taxonomy":"product_tag","embeddable":true,"href":"https:\/\/www.hydraulic-cylinders.net\/fi\/wp-json\/wp\/v2\/product_tag?post=1742"}],"curies":[{"name":"wp","href":"https:\/\/api.w.org\/{rel}","templated":true}]}}