{"id":1749,"date":"2023-10-12T08:32:32","date_gmt":"2023-10-12T08:32:32","guid":{"rendered":"https:\/\/hydraulic-cylinders.net\/?post_type=product&#038;p=1749"},"modified":"2025-04-11T03:49:34","modified_gmt":"2025-04-11T03:49:34","slug":"injection-molding-machine-reciprocating-cylinder","status":"publish","type":"product","link":"https:\/\/www.hydraulic-cylinders.net\/fi\/tuote\/injection-molding-machine-reciprocating-cylinder\/","title":{"rendered":"Ruiskuvalukoneen edestakaisin liikkuva sylinteri"},"content":{"rendered":"<h1 style=\"text-align: center;\"><strong>Ruiskuvalukoneen edestakaisin liikkuva sylinteri<\/strong><\/h1>\n<p><img loading=\"lazy\" decoding=\"async\" class=\"aligncenter wp-image-1750\" src=\"https:\/\/hydraulic-cylinders.net\/wp-content\/uploads\/2023\/10\/reciprocating-cylinder-1-300x300.webp\" alt=\"\" width=\"400\" height=\"400\" \/><\/p>\n<p>Ruiskuvalukoneen edestakainen sylinteri on t\u00e4rke\u00e4 osa muovin ruiskuvaluprosessia. T\u00e4m\u00e4 erikoissylinteri on suunniteltu helpottamaan ruiskutusyksik\u00f6n edestakaista liikett\u00e4, mik\u00e4 on elint\u00e4rke\u00e4\u00e4 tarkan ja tehokkaan tuotannon varmistamiseksi.<\/p>\n<p>Ruiskuvalukoneen edestakainen sylinteri on kriittinen komponentti muovin ruiskuvalussa, sill\u00e4 se mahdollistaa ruiskutusyksik\u00f6n tarkan ja tehokkaan edestakaista liikkeen. T\u00e4m\u00e4 sylinteri varmistaa ruiskutusyksik\u00f6n luotettavat ja optimoidut liikkeet kest\u00e4v\u00e4n rakenteensa, erityisen edestakaisen liikkeens\u00e4, nopean toimintansa sek\u00e4 s\u00e4\u00e4dett\u00e4v\u00e4n iskunpituutensa ja voimansa ansiosta. Noudattamalla suositeltuja k\u00e4ytt\u00f6menetelmi\u00e4 ja huoltok\u00e4yt\u00e4nt\u00f6j\u00e4 valmistajat voivat maksimoida ruiskuvalukoneen edestakaisen sylinterin suorituskyvyn ja pitk\u00e4ik\u00e4isyyden, mik\u00e4 parantaa lopulta muovin ruiskuvalutoimintojen tarkkuutta, tehokkuutta ja yleist\u00e4 laatua.<\/p>\n<p>Ruiskuvalukoneen edestakaisin liikkuvan sylinterin keskeiset ominaisuudet:<\/p>\n<ol>\n<li>Vankka rakenne:<\/li>\n<\/ol>\n<ul>\n<li>Ruiskuvalukoneen edestakaisin liikkuva sylinteri on valmistettu korkealaatuisista materiaaleista, mik\u00e4 varmistaa kest\u00e4vyyden ja pitk\u00e4ik\u00e4isyyden vaativissakin tuotantoymp\u00e4rist\u00f6iss\u00e4.<\/li>\n<li>Se on suunniteltu kest\u00e4m\u00e4\u00e4n suuria voimia ja toistuvia liikkeit\u00e4, s\u00e4ilytt\u00e4en tasaisen suorituskyvyn pitkien k\u00e4ytt\u00f6jaksojen ajan.<\/li>\n<\/ul>\n<ol start=\"2\">\n<li>Tarkka edestakainen liike:<\/li>\n<\/ol>\n<ul>\n<li>T\u00e4m\u00e4 sylinteri tarjoaa tarkan hallinnan ruiskutusyksik\u00f6n edestakaiselle liikkeelle varmistaen tarkan asemoinnin ja kohdistuksen.<\/li>\n<li>Se mahdollistaa edestakaisen nopeuden mukauttamisen, mik\u00e4 optimoi tuotantosyklej\u00e4 ja minimoi osien virheet.<\/li>\n<\/ul>\n<ol start=\"3\">\n<li>Nopea ja tehokas toiminta:<\/li>\n<\/ol>\n<ul>\n<li>Ruiskuvalukoneen edestakainen sylinteri mahdollistaa nopeat edestakaiset liikkeet, mik\u00e4 lyhent\u00e4\u00e4 tuotantoaikaa ja lis\u00e4\u00e4 kokonaistuottavuutta.<\/li>\n<li>Se varmistaa ruiskutusyksik\u00f6n nopean ja luotettavan liikkeen, mik\u00e4 mahdollistaa nopeammat ruiskutussyklit ja maksimoi tuotantotehon.<\/li>\n<\/ul>\n<ol start=\"4\">\n<li>S\u00e4\u00e4dett\u00e4v\u00e4 iskunpituus ja voima:<\/li>\n<\/ol>\n<ul>\n<li>T\u00e4ss\u00e4 sylinteriss\u00e4 on s\u00e4\u00e4dett\u00e4v\u00e4 iskunpituus ja voima, jotka sopivat eri ruiskutusyksik\u00f6iden kokoihin ja osavaatimuksiin.<\/li>\n<li>Se mahdollistaa ruiskutusyksik\u00f6n toiminnan joustavuuden varmistaen optimaalisen plastisoitumisen ja ruiskutuksen aiheuttamatta vaurioita.<\/li>\n<\/ul>\n<h2><strong>Ruiskuvalukoneen edestakaisin liikkuvan sylinterin parametri:<\/strong><\/h2>\n<table border=\"1\" cellspacing=\"0\" cellpadding=\"0\">\n<tbody>\n<tr>\n<td>Tuotteen nimi<\/td>\n<td>Ruiskuvalukoneen edestakaisin liikkuva sylinteri<\/td>\n<\/tr>\n<tr>\n<td>Ominaisuudet:<\/td>\n<td>Nopea muotinsiirto, jota kutsutaan my\u00f6s muotinsiirtosylinteriksi<\/td>\n<\/tr>\n<tr>\n<td>Rei\u00e4n halkaisija:<\/td>\n<td>\u00a063 mm\uff5e180 mm<\/td>\n<\/tr>\n<tr>\n<td>Tangon halkaisija:<\/td>\n<td>\u00a045 mm\uff5e125 mm<br \/>\nIsku \u22644000 mm<\/td>\n<\/tr>\n<tr>\n<td>Ty\u00f6nt\u00f6voima:<\/td>\n<td>Enimm\u00e4isteho 407 kN<br \/>\n(Rei\u00e4n halkaisija: 180 mm \/ paine 16 MPa)<\/td>\n<\/tr>\n<tr>\n<td>Sovellukset:<\/td>\n<td>Ruiskuvalukone<\/td>\n<\/tr>\n<\/tbody>\n<\/table>\n<div><\/div>\n<div>\n<div class=\"txtboxL\">\n<div class=\"txtboxL\">\n<div class=\"txtboxL\">\n<div class=\"txtboxL\">\n<div class=\"txtboxL\">\n<div class=\"txtboxL\">\n<div class=\"txtboxL\">Ominaisuudet:<\/div>\n<div class=\"txtboxR\">Nopea muotinsiirto, jota kutsutaan my\u00f6s muotinsiirtosylinteriksi<\/div>\n<div class=\"txtboxL\">Tekniset tiedot:<\/div>\n<div class=\"txtboxR\">Rei\u00e4n halkaisija: 63 mm - 180 mm<br \/>\nTangon halkaisija: 45 mm\uff5e125 mm<br \/>\nIsku \u22644000 mm<\/div>\n<div class=\"txtboxL\">Ty\u00f6nt\u00f6voima:<\/div>\n<div class=\"txtboxR\">Enimm\u00e4isteho 407 kN<br \/>\n(Rei\u00e4n halkaisija: 180 mm \/ paine 16 MPa)<\/div>\n<\/div>\n<\/div>\n<\/div>\n<\/div>\n<\/div>\n<\/div>\n<\/div>\n<h2><strong>Sementtilaitteet <\/strong><strong>Sylinteritehdas:<\/strong><\/h2>\n<p><img loading=\"lazy\" decoding=\"async\" class=\"alignnone wp-image-1734 size-full\" src=\"https:\/\/hydraulic-cylinders.net\/wp-content\/uploads\/2023\/10\/cement-equipment-cylinder-1.webp\" alt=\"\" width=\"1418\" height=\"946\" srcset=\"https:\/\/hydraulic-cylinders.net\/wp-content\/uploads\/2023\/10\/cement-equipment-cylinder-1.webp 1418w, https:\/\/hydraulic-cylinders.net\/wp-content\/uploads\/2023\/10\/cement-equipment-cylinder-1-1280x854.webp 1280w, https:\/\/hydraulic-cylinders.net\/wp-content\/uploads\/2023\/10\/cement-equipment-cylinder-1-980x654.webp 980w, https:\/\/hydraulic-cylinders.net\/wp-content\/uploads\/2023\/10\/cement-equipment-cylinder-1-480x320.webp 480w\" sizes=\"(min-width: 0px) and (max-width: 480px) 480px, (min-width: 481px) and (max-width: 980px) 980px, (min-width: 981px) and (max-width: 1280px) 1280px, (min-width: 1281px) 1418px, 100vw\" \/><\/p>\n<h2><strong>Ruiskuvalukoneen edestakaisin liikkuvan sylinterin k\u00e4ytt\u00f6tapa<\/strong><strong>:<\/strong><\/h2>\n<ol>\n<li><strong>Asennus:<\/strong><\/li>\n<\/ol>\n<ul>\n<li>Noudata valmistajan ohjeita asentaaksesi ruiskuvalukoneen edestakaisin liikkuvan sylinterin turvallisesti koneeseen.<\/li>\n<li>Varmista oikea kohdistus ja kiinnitys koneen edestakaiseen mekanismiin, jotta toiminta on sujuvaa muovauksen aikana.<\/li>\n<\/ul>\n<ol start=\"2\">\n<li><strong>Edestakaisen parametrien s\u00e4\u00e4t\u00e4minen:<\/strong><\/li>\n<\/ol>\n<ul>\n<li>K\u00e4yt\u00e4 koneen ohjauspaneelia tai k\u00e4ytt\u00f6liittym\u00e4\u00e4 s\u00e4\u00e4t\u00e4\u00e4ksesi edestakaisia \u200b\u200bparametreja, kuten nopeutta, iskunpituutta ja voimaa.<\/li>\n<li>Katso koneen k\u00e4ytt\u00f6oppaasta tarkat ohjeet sopivien parametrien asettamiseen ruiskutusyksik\u00f6n rakenteen ja osan teknisten tietojen perusteella.<\/li>\n<\/ul>\n<ol start=\"3\">\n<li><strong>Muotin valmistelu:<\/strong><\/li>\n<\/ol>\n<ul>\n<li>Aseta muotti ruiskutuskoneeseen ja varmista oikea kohdistus ja kiinnitys.<\/li>\n<li>Kiinnit\u00e4 ruiskutusyksikk\u00f6 muottiin varmistaen turvallisen ja luotettavan liitoksen, joka mahdollistaa tarkan plastisoinnin ja ruiskutuksen.<\/li>\n<\/ul>\n<ol start=\"4\">\n<li><strong>Edestakainen liike:<\/strong><\/li>\n<\/ol>\n<ul>\n<li>Aloita muovausprosessi aktivoimalla ruiskuvalukone.<\/li>\n<li>Ruiskuvalukoneen edestakainen sylinteri ohjaa ruiskutusyksik\u00f6n edestakaista liikett\u00e4 varmistaen tarkat ja tasaiset liikkeet.<\/li>\n<li>Varmista, ett\u00e4 iskunpituus ja voima on s\u00e4\u00e4detty halutun edestakaisen liikkeen saavuttamiseksi aiheuttamatta vaurioita.<\/li>\n<\/ul>\n<h2><strong>Kuinka rakentaa hydraulisylinterin kaavio uudelleen?<\/strong><\/h2>\n<ol>\n<li><strong>Purkaminen:<\/strong>\n<ul>\n<li>Aloita irrottamalla hydraulisylinteri laitteesta tai koneesta.<\/li>\n<li>Irrota varovasti kaikki sylinteriin kiinnitetyt hydrauliletkut tai liittimet.<\/li>\n<li>Huomioi sylinterin suunta ja asento kokoamista varten.<\/li>\n<\/ul>\n<\/li>\n<li><strong>Tyhjennysneste:<\/strong>\n<ul>\n<li>Aseta sopiva astia sylinterin alle j\u00e4ljelle j\u00e4\u00e4neen hydraulinesteen ker\u00e4\u00e4miseksi.<\/li>\n<li>Ved\u00e4 sylinteri kokonaan ulos tai sis\u00e4\u00e4n, jotta neste p\u00e4\u00e4see valumaan kokonaan ulos.<\/li>\n<\/ul>\n<\/li>\n<li><strong>Irrota p\u00e4\u00e4tykappaleet:<\/strong>\n<ul>\n<li>Paikanna sylinterin p\u00e4\u00e4tykappaleet.<\/li>\n<li>Sylinterin rakenteesta riippuen saatat joutua irrottamaan kiinnityspultit, lukitusrenkaat tai muut kiinnikkeet p\u00e4\u00e4tykansien vapauttamiseksi.<\/li>\n<li>Napauta p\u00e4\u00e4tykappaleita varovasti kumivasaralla, jos ne ovat jumissa. Varo vahingoittamasta osia.<\/li>\n<\/ul>\n<\/li>\n<li><strong>Irrota m\u00e4nt\u00e4 ja m\u00e4nn\u00e4nvarsi:<\/strong>\n<ul>\n<li>Kun p\u00e4\u00e4tykappaleet on irrotettu, liu'uta m\u00e4nt\u00e4- ja m\u00e4nt\u00e4varsikokoonpano varovasti ulos.<\/li>\n<li>Huomioi tiivisteiden, laakereiden ja muiden komponenttien suunta ja j\u00e4rjestely.<\/li>\n<\/ul>\n<\/li>\n<li><strong>Tarkista komponentit:<\/strong>\n<ul>\n<li>Tarkasta kaikki osat huolellisesti kulumisen, vaurioiden tai vuotojen varalta.<\/li>\n<li>Tarkista m\u00e4nt\u00e4, m\u00e4nt\u00e4tanko, sylinterin reik\u00e4, tiivisteet, laakerit ja muut osat mahdollisten vaihtoa vaativien ongelmien varalta.<\/li>\n<\/ul>\n<\/li>\n<li><strong>Vaihda tiivisteet ja komponentit:<\/strong>\n<ul>\n<li>Vaihda kaikki kuluneet tai vaurioituneet tiivisteet, laakerit tai muut osat uusiin, sylinterin kanssa yhteensopiviin.<\/li>\n<li>Varmista tiivisteiden ja komponenttien asianmukainen voitelu ennen asennusta.<\/li>\n<\/ul>\n<\/li>\n<li><strong>Kokoaminen:<\/strong>\n<ul>\n<li>Aseta m\u00e4nt\u00e4- ja m\u00e4nt\u00e4varsikokoonpano varovasti takaisin sylinterin reik\u00e4\u00e4n.<\/li>\n<li>Levit\u00e4 sopivaa kokoonpanovoiteluainetta kokoamisen helpottamiseksi.<\/li>\n<li>Kohdista p\u00e4\u00e4tykappaleet ja asenna kaikki tarvittavat kiinnikkeet varmistaen, ett\u00e4 oikeita v\u00e4\u00e4nt\u00f6momentteja noudatetaan.<\/li>\n<\/ul>\n<\/li>\n<li><strong>Testaa ja asenna uudelleen:<\/strong>\n<ul>\n<li>Kun sylinteri on koottu uudelleen, tee perusteellinen tarkastus varmistaaksesi, ett\u00e4 kaikki osat on asennettu oikein ja kohdistettu.<\/li>\n<li>Kytke takaisin kaikki purkamisen aikana irrotetut hydrauliikkaletkut tai -liittimet.<\/li>\n<li>Testaa uudelleenrakennetun hydraulisylinterin toiminta ja vuodot.<\/li>\n<li>Jos sylinteri toimii oikein, asenna se takaisin laitteeseen tai koneeseen.<\/li>\n<\/ul>\n<\/li>\n<\/ol>\n<h2><strong>Tehtaan kapasiteetti ja kapasiteetti:<\/strong><\/h2>\n<h3>(1) Kokoonpano<\/h3>\n<p>Meill\u00e4 on ensiluokkainen riippumaton tutkimus- ja kehitysty\u00f6n kokoonpanoalusta. Hydraulisylinterien tuotantopajassa on nelj\u00e4 puoliautomaattista nostosylinterin kokoonpanolinjaa ja yksi automaattinen kallistussylinterin kokoonpanolinja, joiden suunniteltu vuotuinen tuotantokapasiteetti on 1 miljoona kappaletta. Erikoissylinterin ty\u00f6paja on varustettu erilaisilla eritelmill\u00e4 puoliautomaattisen puhdistusasennuksen kokoonpanoj\u00e4rjestelm\u00e4ll\u00e4, jonka suunniteltu vuotuinen tuotantokapasiteetti on 200 000, ja se on varustettu kuuluisilla CNC-ty\u00f6st\u00f6laitteilla, ty\u00f6st\u00f6keskuksella, korkean tarkkuuden sylinterin k\u00e4sittelyyn tarkoitetuilla erityislaitteilla, robottihitsauskoneella, automaattisella puhdistuslaitteella, automaattisella sylinterin kokoonpanokoneella ja automaattisella maalaustuotantolinjalla. Olemassa olevat kriittiset laitteet yli 300 sarjaa (sarjaa). Laiteresurssien optimaalinen kohdentaminen ja tehokas k\u00e4ytt\u00f6 varmistavat tuotteiden tarkkuusvaatimukset ja t\u00e4ytt\u00e4v\u00e4t tuotteiden laatuvaatimukset.<\/p>\n<p><img loading=\"lazy\" decoding=\"async\" class=\"alignnone wp-image-626\" src=\"https:\/\/hydraulic-cylinders.net\/wp-content\/uploads\/2023\/08\/hydraulic-cylinder-product-1-300x158.webp\" alt=\"\" width=\"495\" height=\"260\" srcset=\"https:\/\/hydraulic-cylinders.net\/wp-content\/uploads\/2023\/08\/hydraulic-cylinder-product-1-300x158.webp 495w, https:\/\/hydraulic-cylinders.net\/wp-content\/uploads\/2023\/08\/hydraulic-cylinder-product-1-480x252.webp 480w\" sizes=\"(min-width: 0px) and (max-width: 480px) 480px, (min-width: 481px) 495px, 100vw\" \/> <img loading=\"lazy\" decoding=\"async\" class=\"alignnone wp-image-627\" src=\"https:\/\/hydraulic-cylinders.net\/wp-content\/uploads\/2023\/08\/hydraulic-cylinder-product-2-300x189.webp\" alt=\"\" width=\"413\" height=\"260\" \/><\/p>\n<h3>(2) Koneistus<\/h3>\n<p>Ty\u00f6st\u00f6paja on varustettu r\u00e4\u00e4t\u00e4l\u00f6idyll\u00e4 kaltevalla kiskosorvauskeskuksella, ty\u00f6st\u00f6keskuksella, suurnopeus-hiontakoneella, hitsausrobotilla ja muilla vastaavilla laitteilla, joilla voidaan k\u00e4sitell\u00e4 sylinteriputkia, joiden sis\u00e4halkaisija on enint\u00e4\u00e4n 400 mm ja enimm\u00e4ispituus on 6 metri\u00e4.<\/p>\n<p><img loading=\"lazy\" decoding=\"async\" class=\"alignnone wp-image-628 size-large\" src=\"https:\/\/hydraulic-cylinders.net\/wp-content\/uploads\/2023\/08\/hydraulic-cylinder-product-3-1024x391.webp\" alt=\"\" width=\"1024\" height=\"391\" srcset=\"https:\/\/hydraulic-cylinders.net\/wp-content\/uploads\/2023\/08\/hydraulic-cylinder-product-3-980x374.webp 980w, https:\/\/hydraulic-cylinders.net\/wp-content\/uploads\/2023\/08\/hydraulic-cylinder-product-3-480x183.webp 480w\" sizes=\"(min-width: 0px) and (max-width: 480px) 480px, (min-width: 481px) and (max-width: 980px) 980px, (min-width: 981px) 1024px, 100vw\" \/><\/p>\n<h3>(3) Hitsaus<\/h3>\n<p><img loading=\"lazy\" decoding=\"async\" class=\"alignnone wp-image-629 size-large\" src=\"https:\/\/hydraulic-cylinders.net\/wp-content\/uploads\/2023\/08\/hydraulic-cylinder-product-4-1024x510.webp\" alt=\"\" width=\"1024\" height=\"510\" srcset=\"https:\/\/hydraulic-cylinders.net\/wp-content\/uploads\/2023\/08\/hydraulic-cylinder-product-4-980x488.webp 980w, https:\/\/hydraulic-cylinders.net\/wp-content\/uploads\/2023\/08\/hydraulic-cylinder-product-4-480x239.webp 480w\" sizes=\"(min-width: 0px) and (max-width: 480px) 480px, (min-width: 481px) and (max-width: 980px) 980px, (min-width: 981px) 1024px, 100vw\" \/><\/p>\n<h3>(4) Maalaus ja pinnoitus<\/h3>\n<p>Pienill\u00e4 ja keskisuurilla sylinterin automaattisilla vesipohjaisilla maalipinnoituslinjoilla automaattisen robotin lastaus- ja purku- ja automaattisen ruiskutuksen saavuttamiseksi, suunnittelukapasiteetti on 4000 kappaletta vuorossa;<br \/>\nMeill\u00e4 on my\u00f6s puoliautomaattinen maalauslinja suurille sylintereille, joka toimii voimaketjulla ja jonka suunnittelukapasiteetti on 60 laatikkoa ty\u00f6vuorossa.<\/p>\n<p><img loading=\"lazy\" decoding=\"async\" class=\"alignnone wp-image-630\" src=\"https:\/\/hydraulic-cylinders.net\/wp-content\/uploads\/2023\/08\/hydraulic-cylinder-product-5-300x213.webp\" alt=\"\" width=\"366\" height=\"260\" \/> <img loading=\"lazy\" decoding=\"async\" class=\"alignnone wp-image-631\" src=\"https:\/\/hydraulic-cylinders.net\/wp-content\/uploads\/2023\/08\/hydraulic-cylinder-product-6-300x225.webp\" alt=\"\" width=\"347\" height=\"260\" \/><\/p>\n<h3>(5) Testaus<\/h3>\n<p>Meill\u00e4 on ensiluokkaiset tarkastustilat ja testialustat, joilla varmistetaan, ett\u00e4 sylinterin suorituskyky t\u00e4ytt\u00e4\u00e4 vaatimukset.<\/p>\n<p><img loading=\"lazy\" decoding=\"async\" class=\"alignnone wp-image-632\" src=\"https:\/\/hydraulic-cylinders.net\/wp-content\/uploads\/2023\/08\/hydraulic-cylinder-product-8-300x200.webp\" alt=\"\" width=\"389\" height=\"260\" \/><\/p>\n<p>&nbsp;<\/p>\n<p>&nbsp;<\/p>\n<p>Olemme yksi parhaista hydraulisylintereiden valmistajista. Voimme tarjota kattavia hydraulisylintereit\u00e4. Tarjoamme my\u00f6s vastaavia <a href=\"https:\/\/hzpt.com\/agricultural-pto-gearbox\/\" target=\"_blank\" rel=\"noopener\">maatalousvaihteistot<\/a>Olemme vieneet tuotteitamme asiakkaille maailmanlaajuisesti ja ansainneet hyv\u00e4n maineen erinomaisen tuotelaadun ja huoltopalvelumme ansiosta. Toivotamme tervetulleeksi asiakkaat kotimaassa ja ulkomailla ottamaan meihin yhteytt\u00e4 neuvotellakseen liiketoimista, vaihtaakseen tietoja ja <a href=\"https:\/\/www.hydraulic-cylinders.net\/fi\/contact-us\/\">tehd\u00e4 yhteisty\u00f6t\u00e4 kanssamme<\/a>!<\/p>","protected":false},"excerpt":{"rendered":"<p>Injection Molding Machine Reciprocating Cylinder The injection molding machine reciprocating cylinder is a crucial component in the plastic injection molding process. This specialized cylinder is designed to facilitate the reciprocating movement of the injection unit, which is vital in ensuring precise and efficient production. The injection molding machine reciprocating cylinder is a critical component in [&hellip;]<\/p>","protected":false},"featured_media":1751,"comment_status":"open","ping_status":"closed","template":"","meta":{"_et_pb_use_builder":"","_et_pb_old_content":"","_et_gb_content_width":""},"product_brand":[],"product_cat":[1550,1523,1376],"product_tag":[1380],"class_list":{"0":"post-1749","1":"product","2":"type-product","3":"status-publish","4":"has-post-thumbnail","6":"product_cat-double-acting-hydraulic-cylinder","7":"product_cat-injection-molding-hydraulic-cylinders","8":"product_cat-hydraulic-cylinder","9":"product_tag-hydraulic-cylinder","11":"first","12":"instock","13":"shipping-taxable","14":"product-type-simple"},"amp_enabled":true,"_links":{"self":[{"href":"https:\/\/www.hydraulic-cylinders.net\/fi\/wp-json\/wp\/v2\/product\/1749","targetHints":{"allow":["GET"]}}],"collection":[{"href":"https:\/\/www.hydraulic-cylinders.net\/fi\/wp-json\/wp\/v2\/product"}],"about":[{"href":"https:\/\/www.hydraulic-cylinders.net\/fi\/wp-json\/wp\/v2\/types\/product"}],"replies":[{"embeddable":true,"href":"https:\/\/www.hydraulic-cylinders.net\/fi\/wp-json\/wp\/v2\/comments?post=1749"}],"wp:featuredmedia":[{"embeddable":true,"href":"https:\/\/www.hydraulic-cylinders.net\/fi\/wp-json\/wp\/v2\/media\/1751"}],"wp:attachment":[{"href":"https:\/\/www.hydraulic-cylinders.net\/fi\/wp-json\/wp\/v2\/media?parent=1749"}],"wp:term":[{"taxonomy":"product_brand","embeddable":true,"href":"https:\/\/www.hydraulic-cylinders.net\/fi\/wp-json\/wp\/v2\/product_brand?post=1749"},{"taxonomy":"product_cat","embeddable":true,"href":"https:\/\/www.hydraulic-cylinders.net\/fi\/wp-json\/wp\/v2\/product_cat?post=1749"},{"taxonomy":"product_tag","embeddable":true,"href":"https:\/\/www.hydraulic-cylinders.net\/fi\/wp-json\/wp\/v2\/product_tag?post=1749"}],"curies":[{"name":"wp","href":"https:\/\/api.w.org\/{rel}","templated":true}]}}