{"id":1752,"date":"2023-10-13T02:41:02","date_gmt":"2023-10-13T02:41:02","guid":{"rendered":"https:\/\/hydraulic-cylinders.net\/?post_type=product&#038;p=1752"},"modified":"2025-04-15T05:55:30","modified_gmt":"2025-04-15T05:55:30","slug":"cutter-suction-dredger-traveling-cylinders","status":"publish","type":"product","link":"https:\/\/www.hydraulic-cylinders.net\/fi\/tuote\/cutter-suction-dredger-traveling-cylinders\/","title":{"rendered":"Leikkuriimuruoppaajan kuljetussylinterit"},"content":{"rendered":"<h1 style=\"text-align: center;\"><strong>Leikkuriimuruoppaajan kuljetussylinterit<\/strong><\/h1>\n<p><img loading=\"lazy\" decoding=\"async\" class=\"aligncenter wp-image-1753\" src=\"https:\/\/hydraulic-cylinders.net\/wp-content\/uploads\/2023\/10\/cutter-suction-dredger-the-traveling-cylinders-1-300x300.webp\" alt=\"\" width=\"400\" height=\"400\" \/><\/p>\n<p>Imuruoppaajan liikkuvat sylinterit ovat olennainen osa nykyaikaisia \u200b\u200bruoppaustoimintoja. N\u00e4m\u00e4 sylinterit on suunniteltu parantamaan tehokkuutta ja tuottavuutta, ja niill\u00e4 on t\u00e4rke\u00e4 rooli imuruoppausprosessissa.<\/p>\n<p>Imuruoppaajan sylinterit ovat v\u00e4ltt\u00e4m\u00e4tt\u00f6mi\u00e4 komponentteja tehokkaaseen ja tuottavaan ruoppaukseen. Kest\u00e4v\u00e4n rakenteensa, tarkan liikeliikkeens\u00e4, tehokkaan propulsionsa ja joustavien s\u00e4\u00e4t\u00f6ominaisuuksiensa ansiosta n\u00e4m\u00e4 sylinterit mahdollistavat ruoppaajan sujuvan ja tarkan liikkeen, mik\u00e4 optimoi ruoppaussuorituskyvyn. Noudattamalla suositeltuja k\u00e4ytt\u00f6- ja huoltok\u00e4yt\u00e4nt\u00f6j\u00e4 k\u00e4ytt\u00e4j\u00e4t voivat maksimoida sylinterien suorituskyvyn ja pitk\u00e4ik\u00e4isyyden, mik\u00e4 parantaa lopulta imuruoppausprosessin tehokkuutta ja vaikuttavuutta.<\/p>\n<p>Leikkuri-imuruoppaajan liikkuvien sylinterien keskeiset ominaisuudet:<\/p>\n<ol>\n<li>Vankka rakenne:<\/li>\n<\/ol>\n<ul>\n<li>Kulkusylinterit on valmistettu korkealaatuisista materiaaleista, mik\u00e4 varmistaa kest\u00e4vyyden ja pitk\u00e4ik\u00e4isyyden my\u00f6s haastavissa ruoppausolosuhteissa.<br \/>\nNe on suunniteltu kest\u00e4m\u00e4\u00e4n korkeita paineita, hankaavia materiaaleja ja jatkuvaa liikett\u00e4, s\u00e4ilytt\u00e4en tasaisen suorituskyvyn koko ruoppaustoiminnan ajan.<\/li>\n<\/ul>\n<ol start=\"2\">\n<li>Tarkka liike:<\/li>\n<\/ol>\n<ul>\n<li>N\u00e4m\u00e4 sylinterit mahdollistavat tarkan imuruoppaajan liikeradan hallinnan, mik\u00e4 varmistaa tarkan paikannuksen ja tasaisen liikkeen ruoppaustoiminnan aikana.<\/li>\n<li>Ne mahdollistavat ajonopeuden mukauttamisen, mik\u00e4 mahdollistaa tehokkaan navigoinnin erilaisissa maastoissa ja tarkan paikannuksen tehokasta ruoppausta varten.<\/li>\n<\/ul>\n<ol start=\"3\">\n<li>Tehokas k\u00e4ytt\u00f6voima:<\/li>\n<\/ol>\n<ul>\n<li>Liikkuvat sylinterit tarjoavat tehokkaan ty\u00f6nt\u00f6voiman leikkuri-imuruoppaajalle, mink\u00e4 ansiosta se voi liikkua sujuvasti ja tehokkaasti ruoppausalueella.<\/li>\n<li>Ne tarjoavat erinomaisen ty\u00f6nt\u00f6voiman ja pidon, mik\u00e4 varmistaa, ett\u00e4 ruoppaaja pystyy voittamaan sedimentin aiheuttaman vastuksen ja yll\u00e4pit\u00e4m\u00e4\u00e4n tasaista etenemist\u00e4.<\/li>\n<\/ul>\n<ol start=\"4\">\n<li>Joustava s\u00e4\u00e4t\u00f6:<\/li>\n<\/ol>\n<ul>\n<li>N\u00e4m\u00e4 sylinterit mahdollistavat leikkuri-imuruoppaajan ajoparametrien, kuten nopeuden, suunnan ja syvyyden, joustavan s\u00e4\u00e4t\u00e4misen.<\/li>\n<li>K\u00e4ytt\u00e4j\u00e4t voivat mukauttaa ruoppaajan liikett\u00e4 tiettyjen ruoppausvaatimusten mukaan ja optimoida koko toiminnan tehokkuuden.<\/li>\n<\/ul>\n<h2><strong>Leikkuri imuruoppaaja Matkustavat sylinterit Parametri:<\/strong><\/h2>\n<table border=\"1\" cellspacing=\"0\" cellpadding=\"0\">\n<tbody>\n<tr>\n<td>Tuotteen nimi<\/td>\n<td>Leikkuri imuruoppaaja Kulkusylinteri<\/td>\n<\/tr>\n<tr>\n<td>Ominaisuudet:<\/td>\n<td>On leikkuri-imuruoppaajan kuljetusmekanismin t\u00e4rkein toimeenpanoelementti<\/td>\n<\/tr>\n<tr>\n<td>Rei\u00e4n halkaisija:<\/td>\n<td>Jopa 480 mm<\/td>\n<\/tr>\n<tr>\n<td>Tangon halkaisija:<\/td>\n<td>Jopa 360 mm<br \/>\nIskunpituus jopa 9400 mm<\/td>\n<\/tr>\n<tr>\n<td>Paine:<\/td>\n<td>jopa 32 MPa<\/td>\n<\/tr>\n<tr>\n<td>Ty\u00f6nt\u00f6voima:<\/td>\n<td>Enimm\u00e4isteho 2900 kN<\/td>\n<\/tr>\n<tr>\n<td>Sovellukset:<\/td>\n<td>Leikkuri imuruoppaaja<\/td>\n<\/tr>\n<\/tbody>\n<\/table>\n<div><\/div>\n<div>\n<div class=\"txtboxL\">\n<div class=\"txtboxL\">\n<div class=\"txtboxL\">\n<div class=\"txtboxL\">\n<div class=\"txtboxL\">\n<div class=\"txtboxL\">\n<div class=\"txtboxL\">\n<div class=\"txtboxL\">Ominaisuudet:<\/div>\n<div class=\"txtboxR\">On leikkuri-imuruoppaajan kuljetusmekanismin t\u00e4rkein toimeenpanoelementti<\/div>\n<div class=\"txtboxL\">Tekniset tiedot:<\/div>\n<div class=\"txtboxR\">Rei\u00e4n halkaisija: jopa 480 mm<br \/>\nTangon halkaisija: jopa 360 mm<br \/>\nIskunpituus jopa 9400 mm<\/div>\n<div class=\"txtboxL\">Paine:<\/div>\n<div class=\"txtboxR\">jopa 32 MPa<\/div>\n<div class=\"txtboxL\">Ty\u00f6nt\u00f6voima:<\/div>\n<div class=\"txtboxR\">Enimm\u00e4isteho 2900 kN<\/div>\n<\/div>\n<\/div>\n<\/div>\n<\/div>\n<\/div>\n<\/div>\n<\/div>\n<\/div>\n<h2><strong>Ruoppaajan s\u00e4ili\u00f6n leikkuri-imusylinterit Sovellus:<\/strong><\/h2>\n<p><img loading=\"lazy\" decoding=\"async\" class=\"alignnone wp-image-1757 size-full\" src=\"https:\/\/hydraulic-cylinders.net\/wp-content\/uploads\/2023\/10\/dredger-tank-cylinder-1.webp\" alt=\"\" width=\"600\" height=\"400\" srcset=\"https:\/\/hydraulic-cylinders.net\/wp-content\/uploads\/2023\/10\/dredger-tank-cylinder-1.webp 600w, https:\/\/hydraulic-cylinders.net\/wp-content\/uploads\/2023\/10\/dredger-tank-cylinder-1-480x320.webp 480w\" sizes=\"(min-width: 0px) and (max-width: 480px) 480px, (min-width: 481px) 600px, 100vw\" \/><\/p>\n<h2><strong>Leikkuri-imuruoppaajan k\u00e4ytt\u00f6tapa Matkasylinterit<\/strong><strong>:<\/strong><\/h2>\n<ol>\n<li><strong>Asennus:<\/strong><\/li>\n<\/ol>\n<ul>\n<li>Noudata valmistajan ohjeita asentaaksesi kuljetussylinterit tukevasti leikkuri-imuruoppaajaan.<\/li>\n<li>Varmista oikea kohdistus ja kiinnitys ruoppaajan k\u00e4ytt\u00f6voimaj\u00e4rjestelm\u00e4\u00e4n, jotta liike on sujuvaa ja luotettavaa.<\/li>\n<\/ul>\n<ol start=\"2\">\n<li><strong>Ohjaus ja navigointi:<\/strong><\/li>\n<\/ol>\n<ul>\n<li>K\u00e4yt\u00e4 ruoppaajan ohjauspaneelia tai k\u00e4ytt\u00f6liittym\u00e4\u00e4 ajoparametrien, kuten nopeuden, suunnan ja syvyyden, ohjaamiseen.<\/li>\n<li>Tarkkaile ruoppaajan sijaintia ja s\u00e4\u00e4d\u00e4 ajonopeutta vastaavasti varmistaaksesi tehokkaan etenemisen ja tarkan asemoinnin ruoppaustoiminnassa.<\/li>\n<\/ul>\n<ol start=\"3\">\n<li><strong>Ruoppaustoiminnot:<\/strong><\/li>\n<\/ol>\n<ul>\n<li>Aloita ruoppausprosessi aktivoimalla leikkuri-imuruoppaaja ja kytkem\u00e4ll\u00e4 k\u00e4ytt\u00f6sylinterit ty\u00f6nt\u00f6voimaa varten.<\/li>\n<li>Ohjaa ruoppaajaa ruoppausalueen l\u00e4pi varmistaen tasaisen etenemisen ja tarkan paikannuksen tehokasta kaivamista ja materiaalin nostamista varten.<\/li>\n<li>S\u00e4\u00e4d\u00e4 ruoppaajan ajoparametreja optimoidaksesi ruoppaussuorituskyvyn ja sopeutuaksesi muuttuviin olosuhteisiin.<\/li>\n<\/ul>\n<h2><strong>Kuinka irrottaa hydraulisylinteri etukuormaajasta?<\/strong><\/h2>\n<p>Etukuormaajan hydraulisylinterin irrottamisen vaiheet voivat vaihdella kuormaajan merkist\u00e4 ja mallista riippuen. Voin kuitenkin tarjota yleisen menettelyn, joka antaa sinulle hyv\u00e4n l\u00e4ht\u00f6kohdan. T\u00e4ss\u00e4 on vaiheittainen opas:<\/p>\n<ol>\n<li><strong>Turvallisuus ennen kaikkea:<\/strong> Varmista, ett\u00e4 kuormaaja on sammutettu, moottori toimii moitteettomasti ja kuormaaja on tukevasti tuettu pukkien tai palikoiden varaan.<\/li>\n<li><strong>Paikanna hydraulisylinteri:<\/strong> Tunnista irrotettava hydraulisylinteri. Se on tyypillisesti kytketty kuormaajan hydraulij\u00e4rjestelm\u00e4\u00e4n ja sijoitettu ohjaamaan tietyn toiminnon, kuten kauhan tai nostovarsien, liikett\u00e4.<\/li>\n<li><strong>Hydraulisen paineen vapauttaminen:<\/strong> Vapauta j\u00e4rjestelm\u00e4n hydraulinen paine odottamattoman liikkeen est\u00e4miseksi ja turvallisuutesi varmistamiseksi. T\u00e4m\u00e4 tarkoittaa tyypillisesti kuormaajan hydraulisen ohjausventtiilin l\u00f6yt\u00e4mist\u00e4 ja ohjainten k\u00e4ytt\u00e4mist\u00e4 paineen vapauttamiseksi. Katso kuormaajan k\u00e4ytt\u00f6oppaasta tarkemmat ohjeet t\u00e4m\u00e4n vaiheen suorittamiseen.<\/li>\n<li><strong>Irrota hydrauliletkut:<\/strong> Irrota varovasti sylinteriin liitetyt hydrauliletkut. Rakenteesta riippuen t\u00e4m\u00e4 voi tarkoittaa hydrauliliittimien l\u00f6ys\u00e4\u00e4mist\u00e4 ja irrottamista tai erikoisty\u00f6kalujen, kuten jakoavainten tai hylsysarjojen, k\u00e4ytt\u00f6\u00e4.<\/li>\n<li><strong>Irrota kiinnitystapit:<\/strong> Etsi kiinnitystappeja tai pultteja, jotka kiinnitt\u00e4v\u00e4t sylinterin kuormaajan runkoon tai muihin osiin. Irrota n\u00e4m\u00e4 tapit tai pultit sylinterin vapauttamiseksi.<\/li>\n<li><strong>Tue sylinteri\u00e4:<\/strong> Hydraulisylinterit voivat olla painavia, joten on t\u00e4rke\u00e4\u00e4 laatia suunnitelma sylinterin tukemiseksi sit\u00e4 irrotettaessa. T\u00e4m\u00e4 voidaan tehd\u00e4 k\u00e4ytt\u00e4m\u00e4ll\u00e4 nostolaitetta, kuten nostolaitetta tai tunkkia, sylinterin painon tukemiseksi sit\u00e4 irrotettaessa.<\/li>\n<li><strong>Irrota sylinteri:<\/strong> Kun kiinnitystapit tai -pultit on irrotettu ja sylinteri on tuettu oikein, liu'uta tai ohjaa sylinteri\u00e4 varovasti irti kiinnikkeist\u00e4\u00e4n tai liitoksistaan. Varo sylinteriss\u00e4 tai letkuissa mahdollisesti olevaa hydraulinestett\u00e4.<\/li>\n<li><strong>Tarkista ja vaihda:<\/strong> Kun sylinteri on irrotettu, tarkista se mahdollisten vaurioiden tai kulumisen merkkien varalta. Vaihda tiivisteet, O-renkaat ja muut osat ennen sylinterin asentamista takaisin.<\/li>\n<\/ol>\n<h2><strong>Tehtaan kapasiteetti ja kapasiteetti:<\/strong><\/h2>\n<h3>(1) Kokoonpano<\/h3>\n<p>Meill\u00e4 on ensiluokkainen riippumaton tutkimus- ja kehitysty\u00f6n kokoonpanoalusta. Hydraulisylinterien tuotantopajassa on nelj\u00e4 puoliautomaattista nostosylinterin kokoonpanolinjaa ja yksi automaattinen kallistussylinterin kokoonpanolinja, joiden suunniteltu vuotuinen tuotantokapasiteetti on 1 miljoona kappaletta. Erikoissylinterin ty\u00f6paja on varustettu erilaisilla eritelmill\u00e4 puoliautomaattisen puhdistusasennuksen kokoonpanoj\u00e4rjestelm\u00e4ll\u00e4, jonka suunniteltu vuotuinen tuotantokapasiteetti on 200 000, ja se on varustettu kuuluisilla CNC-ty\u00f6st\u00f6laitteilla, ty\u00f6st\u00f6keskuksella, korkean tarkkuuden sylinterin k\u00e4sittelyyn tarkoitetuilla erityislaitteilla, robottihitsauskoneella, automaattisella puhdistuslaitteella, automaattisella sylinterin kokoonpanokoneella ja automaattisella maalaustuotantolinjalla. Olemassa olevat kriittiset laitteet yli 300 sarjaa (sarjaa). Laiteresurssien optimaalinen kohdentaminen ja tehokas k\u00e4ytt\u00f6 varmistavat tuotteiden tarkkuusvaatimukset ja t\u00e4ytt\u00e4v\u00e4t tuotteiden laatuvaatimukset.<\/p>\n<p><img loading=\"lazy\" decoding=\"async\" class=\"alignnone wp-image-626\" src=\"https:\/\/hydraulic-cylinders.net\/wp-content\/uploads\/2023\/08\/hydraulic-cylinder-product-1-300x158.webp\" alt=\"\" width=\"495\" height=\"260\" srcset=\"https:\/\/hydraulic-cylinders.net\/wp-content\/uploads\/2023\/08\/hydraulic-cylinder-product-1-300x158.webp 495w, https:\/\/hydraulic-cylinders.net\/wp-content\/uploads\/2023\/08\/hydraulic-cylinder-product-1-480x252.webp 480w\" sizes=\"(min-width: 0px) and (max-width: 480px) 480px, (min-width: 481px) 495px, 100vw\" \/> <img loading=\"lazy\" decoding=\"async\" class=\"alignnone wp-image-627\" src=\"https:\/\/hydraulic-cylinders.net\/wp-content\/uploads\/2023\/08\/hydraulic-cylinder-product-2-300x189.webp\" alt=\"\" width=\"413\" height=\"260\" \/><\/p>\n<h3>(2) Koneistus<\/h3>\n<p>Ty\u00f6st\u00f6paja on varustettu r\u00e4\u00e4t\u00e4l\u00f6idyll\u00e4 kaltevalla kiskosorvauskeskuksella, ty\u00f6st\u00f6keskuksella, suurnopeus-hiontakoneella, hitsausrobotilla ja muilla vastaavilla laitteilla, joilla voidaan k\u00e4sitell\u00e4 sylinteriputkia, joiden sis\u00e4halkaisija on enint\u00e4\u00e4n 400 mm ja enimm\u00e4ispituus on 6 metri\u00e4.<\/p>\n<p><img loading=\"lazy\" decoding=\"async\" class=\"alignnone wp-image-628 size-large\" src=\"https:\/\/hydraulic-cylinders.net\/wp-content\/uploads\/2023\/08\/hydraulic-cylinder-product-3-1024x391.webp\" alt=\"\" width=\"1024\" height=\"391\" srcset=\"https:\/\/hydraulic-cylinders.net\/wp-content\/uploads\/2023\/08\/hydraulic-cylinder-product-3-980x374.webp 980w, https:\/\/hydraulic-cylinders.net\/wp-content\/uploads\/2023\/08\/hydraulic-cylinder-product-3-480x183.webp 480w\" sizes=\"(min-width: 0px) and (max-width: 480px) 480px, (min-width: 481px) and (max-width: 980px) 980px, (min-width: 981px) 1024px, 100vw\" \/><\/p>\n<h3>(3) Hitsaus<\/h3>\n<p><img loading=\"lazy\" decoding=\"async\" class=\"alignnone wp-image-629 size-large\" src=\"https:\/\/hydraulic-cylinders.net\/wp-content\/uploads\/2023\/08\/hydraulic-cylinder-product-4-1024x510.webp\" alt=\"\" width=\"1024\" height=\"510\" srcset=\"https:\/\/hydraulic-cylinders.net\/wp-content\/uploads\/2023\/08\/hydraulic-cylinder-product-4-980x488.webp 980w, https:\/\/hydraulic-cylinders.net\/wp-content\/uploads\/2023\/08\/hydraulic-cylinder-product-4-480x239.webp 480w\" sizes=\"(min-width: 0px) and (max-width: 480px) 480px, (min-width: 481px) and (max-width: 980px) 980px, (min-width: 981px) 1024px, 100vw\" \/><\/p>\n<h3>(4) Maalaus ja pinnoitus<\/h3>\n<p>Pienill\u00e4 ja keskisuurilla sylinterin automaattisilla vesipohjaisilla maalipinnoituslinjoilla automaattisen robotin lastaus- ja purku- ja automaattisen ruiskutuksen saavuttamiseksi, suunnittelukapasiteetti on 4000 kappaletta vuorossa;<br \/>\nMeill\u00e4 on my\u00f6s puoliautomaattinen maalauslinja suurille sylintereille, joka toimii voimaketjulla ja jonka suunnittelukapasiteetti on 60 laatikkoa ty\u00f6vuorossa.<\/p>\n<p><img loading=\"lazy\" decoding=\"async\" class=\"alignnone wp-image-630\" src=\"https:\/\/hydraulic-cylinders.net\/wp-content\/uploads\/2023\/08\/hydraulic-cylinder-product-5-300x213.webp\" alt=\"\" width=\"366\" height=\"260\" \/> <img loading=\"lazy\" decoding=\"async\" class=\"alignnone wp-image-631\" src=\"https:\/\/hydraulic-cylinders.net\/wp-content\/uploads\/2023\/08\/hydraulic-cylinder-product-6-300x225.webp\" alt=\"\" width=\"347\" height=\"260\" \/><\/p>\n<h3>(5) Testaus<\/h3>\n<p>Meill\u00e4 on ensiluokkaiset tarkastustilat ja testialustat, joilla varmistetaan, ett\u00e4 sylinterin suorituskyky t\u00e4ytt\u00e4\u00e4 vaatimukset.<\/p>\n<p><img loading=\"lazy\" decoding=\"async\" class=\"alignnone wp-image-632\" src=\"https:\/\/hydraulic-cylinders.net\/wp-content\/uploads\/2023\/08\/hydraulic-cylinder-product-8-300x200.webp\" alt=\"\" width=\"389\" height=\"260\" \/><\/p>\n<p>&nbsp;<\/p>\n<p>&nbsp;<\/p>\n<p>Olemme yksi parhaista hydraulisylintereiden valmistajista. Voimme tarjota kattavia hydraulisylintereit\u00e4. Tarjoamme my\u00f6s vastaavia <a href=\"https:\/\/hzpt.com\/agricultural-pto-gearbox\/\" target=\"_blank\" rel=\"noopener\">maatalousvaihteistot<\/a>Olemme vieneet tuotteitamme asiakkaille maailmanlaajuisesti ja ansainneet hyv\u00e4n maineen erinomaisen tuotelaadun ja huoltopalvelumme ansiosta. Toivotamme tervetulleeksi asiakkaat kotimaassa ja ulkomailla ottamaan meihin yhteytt\u00e4 neuvotellakseen liiketoimista, vaihtaakseen tietoja ja <a href=\"https:\/\/www.hydraulic-cylinders.net\/fi\/contact-us\/\">tehd\u00e4 yhteisty\u00f6t\u00e4 kanssamme<\/a>!<\/p>","protected":false},"excerpt":{"rendered":"<p>Cutter Suction Dredger Traveling Cylinders The cutter suction dredger traveling cylinders are essential components of modern dredging operations. Designed to enhance efficiency and productivity, these cylinders play a vital role in the cutter-suction dredging process. The cutter suction dredger traveling cylinders are indispensable components for efficient and productive dredging operations. With their robust construction, precise [&hellip;]<\/p>","protected":false},"featured_media":1755,"comment_status":"open","ping_status":"closed","template":"","meta":{"_et_pb_use_builder":"","_et_pb_old_content":"","_et_gb_content_width":""},"product_brand":[],"product_cat":[1550,1535,1552,1376],"product_tag":[1380],"class_list":{"0":"post-1752","1":"product","2":"type-product","3":"status-publish","4":"has-post-thumbnail","6":"product_cat-double-acting-hydraulic-cylinder","7":"product_cat-dredger-hydraulic-cylinders","8":"product_cat-stainless-steel-hydraulic-cylinder","9":"product_cat-hydraulic-cylinder","10":"product_tag-hydraulic-cylinder","12":"first","13":"instock","14":"shipping-taxable","15":"product-type-simple"},"amp_enabled":true,"_links":{"self":[{"href":"https:\/\/www.hydraulic-cylinders.net\/fi\/wp-json\/wp\/v2\/product\/1752","targetHints":{"allow":["GET"]}}],"collection":[{"href":"https:\/\/www.hydraulic-cylinders.net\/fi\/wp-json\/wp\/v2\/product"}],"about":[{"href":"https:\/\/www.hydraulic-cylinders.net\/fi\/wp-json\/wp\/v2\/types\/product"}],"replies":[{"embeddable":true,"href":"https:\/\/www.hydraulic-cylinders.net\/fi\/wp-json\/wp\/v2\/comments?post=1752"}],"wp:featuredmedia":[{"embeddable":true,"href":"https:\/\/www.hydraulic-cylinders.net\/fi\/wp-json\/wp\/v2\/media\/1755"}],"wp:attachment":[{"href":"https:\/\/www.hydraulic-cylinders.net\/fi\/wp-json\/wp\/v2\/media?parent=1752"}],"wp:term":[{"taxonomy":"product_brand","embeddable":true,"href":"https:\/\/www.hydraulic-cylinders.net\/fi\/wp-json\/wp\/v2\/product_brand?post=1752"},{"taxonomy":"product_cat","embeddable":true,"href":"https:\/\/www.hydraulic-cylinders.net\/fi\/wp-json\/wp\/v2\/product_cat?post=1752"},{"taxonomy":"product_tag","embeddable":true,"href":"https:\/\/www.hydraulic-cylinders.net\/fi\/wp-json\/wp\/v2\/product_tag?post=1752"}],"curies":[{"name":"wp","href":"https:\/\/api.w.org\/{rel}","templated":true}]}}