{"id":17579,"date":"2025-03-18T05:32:03","date_gmt":"2025-03-18T05:32:03","guid":{"rendered":"https:\/\/www.hydraulic-cylinders.net\/?post_type=product&#038;p=17579"},"modified":"2025-04-11T03:15:32","modified_gmt":"2025-04-11T03:15:32","slug":"side-shift-hydraulic-cylinders-large-forklift","status":"publish","type":"product","link":"https:\/\/www.hydraulic-cylinders.net\/fi\/tuote\/side-shift-hydraulic-cylinders-large-forklift\/","title":{"rendered":"Sivusiirtohydrauliset sylinterit suurille trukeille"},"content":{"rendered":"<h1 style=\"text-align: center;\"><strong>Sivusiirtohydrauliset sylinterit suurille trukeille<\/strong><\/h1>\n<p>Etsin luotettavaa ja tehokasta\u00a0<strong>Sivusiirtohydrauliset sylinterit suurille trukeille<\/strong>? Korkean suorituskyvyn\u00a0<strong>Hydrauliset sylinterit trukin sivuttaissiirtoon<\/strong>\u00a0on suunniteltu vastaamaan kompaktien trukkien vaatimuksiin ja tarjoaa tarkan sivuttaissiirron parantaen ohjattavuutta ahtaissa tiloissa. Rakennettu\u00a0<strong>kest\u00e4v\u00e4 rakenne<\/strong>N\u00e4m\u00e4 sylinterit takaavat pitk\u00e4kestoisen suorituskyvyn jopa vaativimmissakin ty\u00f6olosuhteissa.<\/p>\n<p>Tarvitsetpa sitten\u00a0<strong>Kompaktit trukin sivuttaissiirtosylinterit<\/strong>\u00a0kevyeen k\u00e4ytt\u00f6\u00f6n tai edullisiin ratkaisuihin laivastollesi, tuotteemme ovat\u00a0<strong>helppo asentaa ja huoltaa<\/strong>, mik\u00e4 v\u00e4hent\u00e4\u00e4 merkitt\u00e4v\u00e4sti seisokkiaikoja ja parantaa tuottavuutta. Valitse seuraavista:\u00a0<strong>Parhaat hydraulisylinterit suurille trukeille<\/strong>\u00a0jotka yhdist\u00e4v\u00e4t laadun, kest\u00e4vyyden ja kohtuuhintaisuuden.<\/p>\n<p>P\u00e4ivit\u00e4 trukkisi jo t\u00e4n\u00e4\u00e4n meid\u00e4n avullamme\u00a0<strong>Kest\u00e4v\u00e4t sivuttaissiirtohydraulisylinterit kevyisiin trukkeihin<\/strong>\u00a0ja koe vertaansa vailla oleva tehokkuus ja luotettavuus!<\/p>\n<h1 style=\"text-align: center;\"><img loading=\"lazy\" decoding=\"async\" class=\"alignnone wp-image-17586\" src=\"https:\/\/www.hydraulic-cylinders.net\/wp-content\/uploads\/2025\/03\/Side-shift-hydraulic-cylinders-for-large-forklift-1.webp\" alt=\"Sivusiirtohydraulinen sylinteri pienelle trukille\" width=\"500\" height=\"500\" srcset=\"https:\/\/www.hydraulic-cylinders.net\/wp-content\/uploads\/2025\/03\/Side-shift-hydraulic-cylinders-for-large-forklift-1.webp 500w, https:\/\/www.hydraulic-cylinders.net\/wp-content\/uploads\/2025\/03\/Side-shift-hydraulic-cylinders-for-large-forklift-1-480x480.webp 480w\" sizes=\"(min-width: 0px) and (max-width: 480px) 480px, (min-width: 481px) 500px, 100vw\" \/><\/h1>\n<p style=\"text-align: center;\"><strong>Sivusiirtosylinteri suurille trukeille<\/strong><\/p>\n<h2><strong>Sivusiirtohydrauliset sylinterit suurille trukeille <\/strong><strong>Tekniset tiedot<\/strong><strong>:<\/strong><\/h2>\n<p><strong>Toiminto:<\/strong> K\u00e4ytet\u00e4\u00e4n haarukan vasemmalle ja oikealle liikkumiseen<br \/>\n<strong>Sylinterin halkaisija:<\/strong> 70\u2013120 mm<br \/>\n<strong>Tangon halkaisija:<\/strong> 30\u201360 mm<br \/>\n<strong>Matkustaa:<\/strong> 300\u20131025 mm<br \/>\n<strong>Suurin paine:<\/strong> 21MPa<br \/>\n<strong>Suurin ty\u00f6nt\u00f6voima:<\/strong> 238 kN<\/p>\n<h2><strong>Suuri trukki hydraulisylinterisarja:\u00a0<\/strong><\/h2>\n<h2><img loading=\"lazy\" decoding=\"async\" class=\"alignnone size-full wp-image-17582\" src=\"https:\/\/www.hydraulic-cylinders.net\/wp-content\/uploads\/2025\/03\/large-forklift-hydraulic-cylinder-construction.webp\" alt=\"\" width=\"1100\" height=\"615\" srcset=\"https:\/\/www.hydraulic-cylinders.net\/wp-content\/uploads\/2025\/03\/large-forklift-hydraulic-cylinder-construction.webp 1100w, https:\/\/www.hydraulic-cylinders.net\/wp-content\/uploads\/2025\/03\/large-forklift-hydraulic-cylinder-construction-980x548.webp 980w, https:\/\/www.hydraulic-cylinders.net\/wp-content\/uploads\/2025\/03\/large-forklift-hydraulic-cylinder-construction-480x268.webp 480w\" sizes=\"(min-width: 0px) and (max-width: 480px) 480px, (min-width: 481px) and (max-width: 980px) 980px, (min-width: 981px) 1100px, 100vw\" \/><\/h2>\n<h2><strong>T\u00e4rkeimm\u00e4t ominaisuudet\u00a0<\/strong><strong>Sivusiirtohydrauliset sylinterit <\/strong><strong>Suuri <\/strong><strong>Trukki<\/strong><strong>:<\/strong><\/h2>\n<p>Meid\u00e4n\u00a0<strong>Sivusiirtohydrauliset sylinterit suurille trukeille<\/strong>\u00a0on suunniteltu tarjoamaan poikkeuksellista suorituskyky\u00e4 ja luotettavuutta vaativimmissakin teollisuusymp\u00e4rist\u00f6iss\u00e4. T\u00e4ss\u00e4 on syit\u00e4, miksi ne erottuvat edukseen:<\/p>\n<ul>\n<li><strong>Tarkka sivuttaissiirto<\/strong>N\u00e4m\u00e4 sylinterit on suunniteltu erityisesti suurille trukeille, ja ne tarjoavat tarkan ja tasaisen sivuttaissiirron, mik\u00e4 parantaa ohjattavuutta ja tehokkuutta raskaassa k\u00e4yt\u00f6ss\u00e4.<\/li>\n<li><strong>Kest\u00e4v\u00e4 rakenne<\/strong>Valmistettu korkealaatuisista materiaaleista, meid\u00e4n\u00a0<strong>Hydraulisylinterit suurten trukkien sivuttaissiirtoon<\/strong>\u00a0on suunniteltu kest\u00e4m\u00e4\u00e4n \u00e4\u00e4rimm\u00e4isi\u00e4 olosuhteita varmistaen pitk\u00e4ik\u00e4isen suorituskyvyn ja minimaalisen kulumisen.<\/li>\n<li><strong>Helppo asennus ja huolto<\/strong>K\u00e4ytt\u00e4j\u00e4yst\u00e4v\u00e4llisen muotoilun ansiosta n\u00e4m\u00e4\u00a0<strong>Raskaan trukin sivuttaissiirtosylinterit<\/strong>\u00a0ovat nopeita asentaa ja helppoja huoltaa, mik\u00e4 v\u00e4hent\u00e4\u00e4 seisokkiaikoja ja maksimoi tuottavuuden.<\/li>\n<li><strong>Optimoitu raskaaseen k\u00e4ytt\u00f6\u00f6n<\/strong>Suurille trukeille r\u00e4\u00e4t\u00e4l\u00f6idyt sylinterit sopivat t\u00e4ydellisesti teollisuussovelluksiin, ja ne tarjoavat vertaansa vailla olevaa lujuutta ja luotettavuutta.<\/li>\n<li><strong>Kustannustehokas ratkaisu<\/strong>Yhten\u00e4 t\u00e4rkeimmist\u00e4\u00a0<strong>edulliset sivuttaissiirtosylinterit raskaisiin trukkeihin<\/strong>tuotteemme tarjoavat poikkeuksellista vastinetta rahalle laadusta tinkim\u00e4tt\u00e4.<\/li>\n<\/ul>\n<p>P\u00e4ivit\u00e4 suuri trukkisi meid\u00e4n\u00a0<strong>Sivusiirtohydrauliset sylinterit suurille trukeille<\/strong>\u00a0ja koe erinomainen suorituskyky, kest\u00e4vyys ja helppok\u00e4ytt\u00f6isyys!<\/p>\n<h2><strong>K\u00e4ytt\u00f6tapaukset: Sivuttaissiirtohydraulisylinterit suurille trukeille:<\/strong><\/h2>\n<p>Meid\u00e4n\u00a0<strong>Sivusiirtohydrauliset sylinterit suurille trukeille<\/strong>\u00a0on suunniteltu vastaamaan raskaiden teollisuussovellusten vaatimuksiin. T\u00e4ss\u00e4 on joitakin keskeisi\u00e4 k\u00e4ytt\u00f6tapauksia, joissa n\u00e4m\u00e4 sylinterit loistavat:<\/p>\n<h3><strong>1. Varastotoiminnot<\/strong><\/h3>\n<p><img loading=\"lazy\" decoding=\"async\" class=\"alignnone size-full wp-image-17583\" src=\"https:\/\/www.hydraulic-cylinders.net\/wp-content\/uploads\/2025\/03\/heavy-duty-forklift-side-shift-cylinder-application.webp\" alt=\"Sivusiirtohydraulinen sylinteri suurille trukeille varastossa\" width=\"2320\" height=\"1340\" srcset=\"https:\/\/www.hydraulic-cylinders.net\/wp-content\/uploads\/2025\/03\/heavy-duty-forklift-side-shift-cylinder-application.webp 2320w, https:\/\/www.hydraulic-cylinders.net\/wp-content\/uploads\/2025\/03\/heavy-duty-forklift-side-shift-cylinder-application-1280x739.webp 1280w, https:\/\/www.hydraulic-cylinders.net\/wp-content\/uploads\/2025\/03\/heavy-duty-forklift-side-shift-cylinder-application-980x566.webp 980w, https:\/\/www.hydraulic-cylinders.net\/wp-content\/uploads\/2025\/03\/heavy-duty-forklift-side-shift-cylinder-application-480x277.webp 480w\" sizes=\"(min-width: 0px) and (max-width: 480px) 480px, (min-width: 481px) and (max-width: 980px) 980px, (min-width: 981px) and (max-width: 1280px) 1280px, (min-width: 1281px) 2320px, 100vw\" \/><\/p>\n<ul>\n<li><strong>Tarkka sivuttaissiirto<\/strong>Vilkkaissa varastoissa meid\u00e4n\u00a0<strong>Hydraulisylinterit suurten trukkien sivuttaissiirtoon<\/strong>\u00a0mahdollistavat raskaiden kuormien tarkan k\u00e4sittelyn my\u00f6s kapeissa k\u00e4yt\u00e4vill\u00e4 ja ahtaissa tiloissa.<\/li>\n<li><strong>Parempi tehokkuus<\/strong>Parantamalla trukin ketteryytt\u00e4 n\u00e4m\u00e4 sylinterit auttavat virtaviivaistamaan lastaus- ja purkuprosesseja, mik\u00e4 v\u00e4hent\u00e4\u00e4 toiminnan seisokkiaikoja.<\/li>\n<\/ul>\n<h3><strong>2. Rakennusty\u00f6maat<\/strong><\/h3>\n<ul>\n<li><strong>Kest\u00e4v\u00e4 rakenne<\/strong>Rakennettu kest\u00e4m\u00e4\u00e4n ankaria olosuhteita, meid\u00e4n\u00a0<strong>Raskaan trukin sivuttaissiirtosylinterit<\/strong>\u00a0sopivat t\u00e4ydellisesti rakennusty\u00f6maille, joilla laitteet altistuvat p\u00f6lylle, roskille ja raskaille kuormille.<\/li>\n<li><strong>Luotettava suorituskyky<\/strong>N\u00e4m\u00e4 sylinterit varmistavat tasaisen suorituskyvyn my\u00f6s k\u00e4sitelt\u00e4ess\u00e4 kookkaita materiaaleja, kuten ter\u00e4spalkkeja tai betonilohkoja.<\/li>\n<\/ul>\n<h3><strong>3. Tuotantolaitokset<\/strong><\/h3>\n<ul>\n<li><strong>Helppo asennus ja huolto<\/strong>Tuotantoymp\u00e4rist\u00f6iss\u00e4, joissa seisokkiajat voivat olla kalliita, sivuttaissiirtosylinterimme on nopea asentaa ja helppo huoltaa, mik\u00e4 minimoi tuotantoaikataulujen h\u00e4iri\u00f6t.<\/li>\n<li><strong>Parannettu turvallisuus<\/strong>N\u00e4iden sylinterien tarjoama tarkka ohjaus v\u00e4hent\u00e4\u00e4 onnettomuusriski\u00e4 raskaita koneita tai materiaaleja siirrett\u00e4ess\u00e4.<\/li>\n<\/ul>\n<h3><strong>4. Logistiikka- ja jakelukeskukset<\/strong><\/h3>\n<ul>\n<li><strong>Kest\u00e4v\u00e4 ja kest\u00e4v\u00e4<\/strong>Meid\u00e4n\u00a0<strong>Sivusiirtohydrauliset sylinterit suurille trukeille<\/strong>\u00a0sopivat ihanteellisesti kuormalavojen, konttien ja ylisuurten kuormien k\u00e4sittelyyn suurten volyymien jakelukeskuksissa.<\/li>\n<li><strong>Kustannustehokas ratkaisu<\/strong>Parantamalla trukkien tehokkuutta ja v\u00e4hent\u00e4m\u00e4ll\u00e4 huoltotarpeita n\u00e4m\u00e4 sylinterit auttavat alentamaan k\u00e4ytt\u00f6kustannuksia ajan mittaan.<\/li>\n<\/ul>\n<h4><strong>5. Satamat ja laivatelakat<\/strong><\/h4>\n<ul>\n<li><strong>Pitk\u00e4kestoinen suorituskyky<\/strong>N\u00e4m\u00e4 raskaaseen k\u00e4ytt\u00f6\u00f6n suunnitellut sylinterit sopivat t\u00e4ydellisesti satamatoimintoihin, joissa trukit siirt\u00e4v\u00e4t jatkuvasti suuria kontteja ja raskaita lasteja.<\/li>\n<li><strong>S\u00e4\u00e4nkest\u00e4v\u00e4 muotoilu<\/strong>Kest\u00e4v\u00e4 rakenne varmistaa luotettavan suorituskyvyn ulkoymp\u00e4rist\u00f6iss\u00e4, jopa haastavissa s\u00e4\u00e4olosuhteissa.<\/li>\n<\/ul>\n<h4><strong>6. Kierr\u00e4tys ja j\u00e4tehuolto<\/strong><\/h4>\n<ul>\n<li><strong>Kest\u00e4v\u00e4 ja luotettava<\/strong>Meid\u00e4n\u00a0<strong>Raskaan trukin sivuttaissiirtosylinterit<\/strong>\u00a0on rakennettu kest\u00e4m\u00e4\u00e4n kierr\u00e4tyslaitosten vaatimuksia, joissa trukit siirt\u00e4v\u00e4t raskaita kierr\u00e4tett\u00e4vien materiaalien paaleja.<\/li>\n<li><strong>Lyhyempi seisokkiaika<\/strong>Helppo huolto ja korjaus varmistavat, ett\u00e4 laitteet pysyv\u00e4t toimintakunnossa my\u00f6s vaativissa j\u00e4tehuoltoymp\u00e4rist\u00f6iss\u00e4.<\/li>\n<\/ul>\n<h2><strong>Miksi valita sivuttaissiirtohydraulisylinterimme?<\/strong><\/h2>\n<p>Kun on kyse\u00a0<strong>trukkien lis\u00e4laitteet<\/strong>, meid\u00e4n\u00a0<strong>Sivusiirtohydrauliset sylinterit suurille trukeille<\/strong>\u00a0ovat mullistavia. N\u00e4m\u00e4 sylinterit on suunniteltu optimoimaan suorituskyky\u00e4 ja tehokkuutta, ja ne ovat t\u00e4ydellinen lis\u00e4 raskaaseen kalustoon.<\/p>\n<ul>\n<li><strong>Tarkka sivuttaissiirto<\/strong>Suurille trukeille suunnitellut sylinterit mahdollistavat tasaisen ja tarkan sivuttaissiirron, mik\u00e4 tekee niist\u00e4 ihanteellisia raskaiden kuormien k\u00e4sittelyyn ahtaissa tiloissa.<\/li>\n<li><strong>Kest\u00e4v\u00e4 rakenne<\/strong>Rakennettu kest\u00e4m\u00e4\u00e4n, meid\u00e4n\u00a0<strong>Hydraulisylinterit suurten trukkien sivuttaissiirtoon<\/strong>\u00a0on valmistettu korkealaatuisista materiaaleista, mik\u00e4 takaa luotettavan suorituskyvyn my\u00f6s vaativimmissa teollisuusymp\u00e4rist\u00f6iss\u00e4.<\/li>\n<li><strong>Helppo asennus ja huolto<\/strong>: N\u00e4m\u00e4 on suunniteltu k\u00e4ytt\u00e4j\u00e4yst\u00e4v\u00e4llisyytt\u00e4 ajatellen\u00a0<strong>Raskaan trukin sivuttaissiirtosylinterit<\/strong>\u00a0ovat nopeita asentaa ja helppoja huoltaa, mik\u00e4 v\u00e4hent\u00e4\u00e4 seisokkiaikoja ja pit\u00e4\u00e4 toimintasi sujuvana.<\/li>\n<\/ul>\n<p>Etsitk\u00f6 raskaaseen k\u00e4ytt\u00f6\u00f6n tarkoitettuja trukkisylintereit\u00e4? Tutustu valikoimaamme <a href=\"https:\/\/www.hydraulic-cylinders.net\/fi\/forklift-hydraulic-cylinder\/\">Raskaat hydraulisylinterit<\/a>.<\/p>\n<h3><strong>T\u00e4ydellinen trukkien huoltoon ja korjaukseen<\/strong><\/h3>\n<p>Suoritatpa sitten rutiinia\u00a0<strong>trukkien huolto<\/strong>\u00a0tai tarvitsetko luotettavan ratkaisun\u00a0<strong>hydraulisylinterin korjaus<\/strong>Sivusiirtosylinterimme on suunniteltu minimoimaan h\u00e4iri\u00f6t ja pident\u00e4m\u00e4\u00e4n laitteidesi k\u00e4ytt\u00f6ik\u00e4\u00e4. Niiden kest\u00e4v\u00e4 rakenne varmistaa, ett\u00e4 ne pystyv\u00e4t k\u00e4sittelem\u00e4\u00e4n raskaiden sovellusten vaatimukset, mik\u00e4 tekee niist\u00e4 kustannustehokkaan valinnan teolliseen k\u00e4ytt\u00f6\u00f6n.<\/p>\n<h2><strong>Trukin sylinterin tuotantoalue:<\/strong><\/h2>\n<h2><img loading=\"lazy\" decoding=\"async\" class=\"alignnone size-full wp-image-16972\" src=\"https:\/\/www.hydraulic-cylinders.net\/wp-content\/uploads\/2025\/01\/hydraulic-cylinder-factory-1-scaled.webp\" sizes=\"(min-width: 0px) and (max-width: 480px) 480px, (min-width: 481px) and (max-width: 980px) 980px, (min-width: 981px) and (max-width: 1280px) 1280px, (min-width: 1281px) 2016px, 100vw\" srcset=\"https:\/\/www.hydraulic-cylinders.net\/wp-content\/uploads\/2025\/01\/hydraulic-cylinder-factory-1-scaled.webp 2016w, https:\/\/www.hydraulic-cylinders.net\/wp-content\/uploads\/2025\/01\/hydraulic-cylinder-factory-1-1280x1625.webp 1280w, https:\/\/www.hydraulic-cylinders.net\/wp-content\/uploads\/2025\/01\/hydraulic-cylinder-factory-1-980x1244.webp 980w, https:\/\/www.hydraulic-cylinders.net\/wp-content\/uploads\/2025\/01\/hydraulic-cylinder-factory-1-480x610.webp 480w\" alt=\"\" width=\"2016\" height=\"2560\" \/><\/h2>\n<p>Meill\u00e4 on ensiluokkainen itsen\u00e4inen tutkimus- ja kehitysalusta kokoonpanoa varten. Trukkisylinterien tuotantolaitoksessa on nelj\u00e4 puoliautomaattista nostosylinterien kokoonpanolinjaa ja t\u00e4ysautomaattinen kallistussylinterien kokoonpanolinja, joiden suunniteltu vuotuinen tuotantokapasiteetti on miljoona kappaletta. Erikoissylinterity\u00f6pajassa on erilaisten spesifikaatioiden puoliautomaattisia puhdistus- ja kokoonpanoj\u00e4rjestelmi\u00e4, joiden suunniteltu vuotuinen tuotantokapasiteetti on 200 000 kappaletta. Se on varustettu tunnettujen merkkien CNC-ty\u00f6st\u00f6koneilla, ty\u00f6st\u00f6keskuksilla, erikoislaitteilla tarkkuussylinterien ty\u00f6st\u00f6\u00f6n, robottihitsauskoneilla, automaattisilla puhdistuskoneilla, automaattisilla sylinterien kokoonpanokoneilla ja automaattisilla maalintuotantolinjoilla. Meill\u00e4 on k\u00e4yt\u00f6ss\u00e4 yli 300 keskeist\u00e4 laitetta. Laitteiden optimoitu kohdentaminen ja tehokas k\u00e4ytt\u00f6 varmistavat tuotteiden tarkkuusvaatimukset ja t\u00e4ytt\u00e4v\u00e4t tuotteiden korkeat laatustandardit.<\/p>\n<p>Koneistamo on varustettu mittatilausty\u00f6n\u00e4 valmistetuilla kallistuskiskojen sorvauskeskuksilla, ty\u00f6st\u00f6keskuksilla, nopeilla hoonauskoneilla, hitsausroboteilla ja muilla asiaankuuluvilla laitteilla, jotka pystyv\u00e4t k\u00e4sittelem\u00e4\u00e4n enint\u00e4\u00e4n 400 mm:n sis\u00e4halkaisijan ja enint\u00e4\u00e4n 6 metrin pituisten sylinteriputkien ty\u00f6st\u00f6\u00e4.<\/p>\n<h2><img loading=\"lazy\" decoding=\"async\" class=\"alignnone size-full wp-image-16973\" src=\"https:\/\/www.hydraulic-cylinders.net\/wp-content\/uploads\/2025\/01\/hydraulic-cylinder-factory-2-scaled.webp\" sizes=\"(min-width: 0px) and (max-width: 480px) 480px, (min-width: 481px) and (max-width: 980px) 980px, (min-width: 981px) and (max-width: 1280px) 1280px, (min-width: 1281px) 2011px, 100vw\" srcset=\"https:\/\/www.hydraulic-cylinders.net\/wp-content\/uploads\/2025\/01\/hydraulic-cylinder-factory-2-scaled.webp 2011w, https:\/\/www.hydraulic-cylinders.net\/wp-content\/uploads\/2025\/01\/hydraulic-cylinder-factory-2-1280x1629.webp 1280w, https:\/\/www.hydraulic-cylinders.net\/wp-content\/uploads\/2025\/01\/hydraulic-cylinder-factory-2-980x1248.webp 980w, https:\/\/www.hydraulic-cylinders.net\/wp-content\/uploads\/2025\/01\/hydraulic-cylinder-factory-2-480x611.webp 480w\" alt=\"\" width=\"2011\" height=\"2560\" \/><\/h2>\n<p>Meill\u00e4 on t\u00e4ysautomaattinen vesiohenteisen maalin pinnoituslinja pienille ja keskisuurille sylintereille, joka toteuttaa automaattisen lastauksen ja purkauksen sek\u00e4 automaattiset ruiskutusrobotit. Suunniteltu tuotantokapasiteetti on 4000 paikkaa vuorossa. Meill\u00e4 on toinen puoliautomaattinen maalauslinja suurille sylintereille, jota k\u00e4ytt\u00e4\u00e4 voimansiirtoketju, ja sen suunnittelukapasiteetti on 60 laatikkoa vuorossa.<\/p>\n<p>Parantaaksemme tuotteidemme suorituskyky\u00e4 entisest\u00e4\u00e4n ja vakiinnuttaaksemme hydraulisylintereidemme johtavan aseman alalla, yrityksemme ja zjimee perustivat yhdess\u00e4 kattavan hydraulisylintereiden, hydrauliventtiilien ja hydraulipumppujen suorituskykylaboratorion. Laboratoriossa tehd\u00e4\u00e4n tietokoneella avustettua testausta s\u00e4hk\u00f6hydraulisella tekniikalla, ja testiolosuhteet asetetaan tietokoneella ennalta, mik\u00e4 parantaa testien tarkkuutta ja j\u00e4rjestelm\u00e4n monipuolisuutta sek\u00e4 kokeellisia tietoja.<\/p>\n<p>Automaattinen tiedonkeruu toteutetaan antureiden avulla, ja tietokone k\u00e4sittelee suoraan l\u00e4ht\u00f6tiedot, kuten sylinterin tai venttiilin sis\u00e4isen vuodon ja kuormitustehokkuuden, ja muuntaa ne standardiyksik\u00f6iksi (ml\/min\u00b3TP\u00b3T). Samanaikaisesti hydraulij\u00e4rjestelm\u00e4n k\u00e4ytt\u00f6turvallisuuden varmistamiseksi suoritetaan tilanvalvontatoiminto t\u00e4rkeille suorituskykyparametreille, kuten \"\u00f6ljyn l\u00e4mp\u00f6tilan valvonta, nestetason valvonta, suodatinlaitteen valvonta\" jne. N\u00e4ist\u00e4 parametreista hydraulisylinterin testiteline voi testata \"kuormituksen\" suorituskyky\u00e4.<br \/>\nhy\u00f6tysuhdetta \u201dja\u201d sis\u00e4ist\u00e4 vuotoa\u201d lukemien avulla. Samalla se on varustettu ritil\u00e4viivaimella mittaavalla laitteella, joka t\u00e4ytt\u00e4\u00e4 kaikkien hydraulisylinterituotteiden testattavien kohteiden vaatimukset kansallisen standardin mukaisesti.<\/p>\n<h3><strong>Usein kysytyt kysymykset -osio:<\/strong><\/h3>\n<p><strong>K: Mitk\u00e4 ovat suurten trukkien sivuttaissiirtohydraulisylinterien t\u00e4rkeimm\u00e4t ominaisuudet?<\/strong><br \/>\nA: Sivuttaissiirtohydraulisylinterimme on suunniteltu suurille trukeille, ja ne tarjoavat tarkan sivuttaissiirron, kest\u00e4v\u00e4n rakenteen pitk\u00e4aikaiseen suorituskykyyn ja helpon asennuksen seisokkiaikojen v\u00e4hent\u00e4miseksi.<\/p>\n<p><strong>K: Kest\u00e4v\u00e4tk\u00f6 n\u00e4m\u00e4 sylinterit raskaiden k\u00e4ytt\u00f6tarkoitusten k\u00e4sittelyn?<\/strong><br \/>\nV: Kyll\u00e4, n\u00e4m\u00e4 sylinterit on suunniteltu erityisesti raskaaseen k\u00e4ytt\u00f6\u00f6n, joten ne sopivat ihanteellisesti teollisuusymp\u00e4rist\u00f6ihin, kuten rakennusty\u00f6maille, varastoihin ja satamiin.<\/p>\n<p><strong>K: Ovatko n\u00e4m\u00e4 hydraulisylinterit helppoja asentaa?<\/strong><br \/>\nA: Ehdottomasti! Sivuttaissiirtosylinterimme on suunniteltu nopeaa ja vaivatonta asennusta varten, mik\u00e4 minimoi seisokkiajat ja varmistaa, ett\u00e4 trukkisi on nopeasti taas k\u00e4yt\u00f6ss\u00e4.<\/p>\n<p>&nbsp;<\/p>","protected":false},"excerpt":{"rendered":"<p>Side Shift Hydraulic Cylinders For Large Forklift Looking for reliable and efficient\u00a0Side Shift Hydraulic Cylinders for Large Forklifts? Our high-performance\u00a0Hydraulic Cylinders for Forklift Side Shifting\u00a0are designed to meet the demands of compact forklifts, offering precise side shifting for enhanced maneuverability in tight spaces. Built with\u00a0durable construction, these cylinders ensure long-lasting performance even in the toughest [&hellip;]<\/p>","protected":false},"featured_media":17581,"comment_status":"open","ping_status":"closed","template":"","meta":{"_et_pb_use_builder":"","_et_pb_old_content":"","_et_gb_content_width":""},"product_brand":[],"product_cat":[1550,1484,1376],"product_tag":[],"class_list":{"0":"post-17579","1":"product","2":"type-product","3":"status-publish","4":"has-post-thumbnail","6":"product_cat-double-acting-hydraulic-cylinder","7":"product_cat-forklift-hydraulic-cylinders","8":"product_cat-hydraulic-cylinder","10":"first","11":"instock","12":"shipping-taxable","13":"product-type-simple"},"amp_enabled":true,"_links":{"self":[{"href":"https:\/\/www.hydraulic-cylinders.net\/fi\/wp-json\/wp\/v2\/product\/17579","targetHints":{"allow":["GET"]}}],"collection":[{"href":"https:\/\/www.hydraulic-cylinders.net\/fi\/wp-json\/wp\/v2\/product"}],"about":[{"href":"https:\/\/www.hydraulic-cylinders.net\/fi\/wp-json\/wp\/v2\/types\/product"}],"replies":[{"embeddable":true,"href":"https:\/\/www.hydraulic-cylinders.net\/fi\/wp-json\/wp\/v2\/comments?post=17579"}],"wp:featuredmedia":[{"embeddable":true,"href":"https:\/\/www.hydraulic-cylinders.net\/fi\/wp-json\/wp\/v2\/media\/17581"}],"wp:attachment":[{"href":"https:\/\/www.hydraulic-cylinders.net\/fi\/wp-json\/wp\/v2\/media?parent=17579"}],"wp:term":[{"taxonomy":"product_brand","embeddable":true,"href":"https:\/\/www.hydraulic-cylinders.net\/fi\/wp-json\/wp\/v2\/product_brand?post=17579"},{"taxonomy":"product_cat","embeddable":true,"href":"https:\/\/www.hydraulic-cylinders.net\/fi\/wp-json\/wp\/v2\/product_cat?post=17579"},{"taxonomy":"product_tag","embeddable":true,"href":"https:\/\/www.hydraulic-cylinders.net\/fi\/wp-json\/wp\/v2\/product_tag?post=17579"}],"curies":[{"name":"wp","href":"https:\/\/api.w.org\/{rel}","templated":true}]}}