{"id":1758,"date":"2023-10-13T03:29:58","date_gmt":"2023-10-13T03:29:58","guid":{"rendered":"https:\/\/hydraulic-cylinders.net\/?post_type=product&#038;p=1758"},"modified":"2025-04-15T05:55:27","modified_gmt":"2025-04-15T05:55:27","slug":"cutter-suction-dredger-piling-cylinder","status":"publish","type":"product","link":"https:\/\/www.hydraulic-cylinders.net\/fi\/tuote\/cutter-suction-dredger-piling-cylinder\/","title":{"rendered":"Leikkuri imuruoppaaja paalutussylinteri"},"content":{"rendered":"<h1 style=\"text-align: center;\"><strong>Leikkuri imuruoppaaja paalutussylinteri<\/strong><\/h1>\n<p><img loading=\"lazy\" decoding=\"async\" class=\"aligncenter wp-image-1759\" src=\"https:\/\/hydraulic-cylinders.net\/wp-content\/uploads\/2023\/10\/cutter-suction-dredger-piling-cylinder-1-300x300.webp\" alt=\"\" width=\"400\" height=\"400\" \/><\/p>\n<p>Imuruoppaajalla varustettu paalutussylinteri on tehokas ja monipuolinen hydraulinen laite, joka on suunniteltu erityisesti merirakennusprojekteihin. Kest\u00e4v\u00e4n rakenteensa ja korkean suorituskykyns\u00e4 ansiosta t\u00e4m\u00e4 paalutussylinteri on keskeinen osa nykyaikaisia \u200b\u200bruoppaustoimintoja.<\/p>\n<p>Imuruoppaajan paalutussylinteri on luotettava ja monipuolinen hydraulinen laite, joka parantaa merkitt\u00e4v\u00e4sti merirakennusprojekteja. Kest\u00e4v\u00e4n rakenteensa, s\u00e4\u00e4dett\u00e4v\u00e4n iskunpituutensa ja tehokkaan hydrauliikkaj\u00e4rjestelm\u00e4ns\u00e4 ansiosta se mahdollistaa tarkat ja tehokkaat paalutusty\u00f6t. Noudattamalla oikeita k\u00e4ytt\u00f6menetelmi\u00e4 ja suorittamalla s\u00e4\u00e4nn\u00f6llist\u00e4 huoltoa k\u00e4ytt\u00e4j\u00e4t voivat maksimoida t\u00e4m\u00e4n imuruoppaajien olennaisen komponentin k\u00e4ytt\u00f6i\u00e4n ja suorituskyvyn. Investoi imuruoppaajan paalutussylinteriin ja koe parantunut tuottavuus ja tarkkuus merirakennushankkeissasi.<\/p>\n<p>Leikkuri-imuruoppaajan paalutussylinterin keskeiset ominaisuudet:<\/p>\n<ol>\n<li>Kest\u00e4v\u00e4 rakenne: Imuruoppaajan paalutussylinteri on rakennettu kest\u00e4m\u00e4\u00e4n vaativia meriymp\u00e4rist\u00f6j\u00e4. Korkealaatuisista materiaaleista valmistettu sylinteri on erinomaisen kest\u00e4v\u00e4 korroosiota, hankausta ja iskuja vastaan, mik\u00e4 varmistaa pitk\u00e4n k\u00e4ytt\u00f6i\u00e4n.<\/li>\n<li>Hydraulinen teho: Tehokkaalla hydrauliikkaj\u00e4rjestelm\u00e4ll\u00e4 varustettu t\u00e4m\u00e4 paalutussylinteri tarjoaa vaikuttavaa tehoa ja tarkkuutta. Se siirt\u00e4\u00e4 tehokkaasti hydraulista energiaa paalutusoperaation ohjaamiseksi, mik\u00e4 parantaa tuottavuutta ja tarkkuutta.<\/li>\n<li>S\u00e4\u00e4dett\u00e4v\u00e4 iskunpituus: Paalutussylinteri tarjoaa joustavuutta s\u00e4\u00e4t\u00e4\u00e4 iskunpituutta projektin erityisvaatimusten mukaan. T\u00e4m\u00e4 mukautuvuus mahdollistaa paalutussyvyyden tarkan hallinnan, mik\u00e4 sopii erilaisiin merirakennustarpeisiin.<\/li>\n<\/ol>\n<h2><strong>Leikkuriimuruoppaajan paalutussylinterin parametri:<\/strong><\/h2>\n<table border=\"1\" cellspacing=\"0\" cellpadding=\"0\">\n<tbody>\n<tr>\n<td>Tuotteen nimi<\/td>\n<td>Leikkuri imuruoppaaja Kulkusylinteri<\/td>\n<\/tr>\n<tr>\n<td>Ominaisuudet:<\/td>\n<td>On leikkuri-imuruoppaajan kuljetusmekanismin t\u00e4rkein toimeenpanoelementti<\/td>\n<\/tr>\n<tr>\n<td>Rei\u00e4n halkaisija:<\/td>\n<td>Jopa 480 mm<\/td>\n<\/tr>\n<tr>\n<td>Tangon halkaisija:<\/td>\n<td>Jopa 360 mm<br \/>\nIskunpituus jopa 9400 mm<\/td>\n<\/tr>\n<tr>\n<td>Paine:<\/td>\n<td>jopa 32 MPa<\/td>\n<\/tr>\n<tr>\n<td>Ty\u00f6nt\u00f6voima:<\/td>\n<td>Enimm\u00e4isteho 2900 kN<\/td>\n<\/tr>\n<tr>\n<td>Sovellukset:<\/td>\n<td>Leikkuri imuruoppaaja<\/td>\n<\/tr>\n<\/tbody>\n<\/table>\n<div><\/div>\n<div>\n<div class=\"txtboxL\">\n<div class=\"txtboxL\">\n<div class=\"txtboxL\">\n<div class=\"txtboxL\">\n<div class=\"txtboxL\">\n<div class=\"txtboxL\">\n<div class=\"txtboxL\">\n<div class=\"txtboxL\">Ominaisuudet:<\/div>\n<div class=\"txtboxR\">On leikkuri-imuruoppaajan kuljetusmekanismin t\u00e4rkein toimeenpanoelementti<\/div>\n<div class=\"txtboxL\">Tekniset tiedot:<\/div>\n<div class=\"txtboxR\">Rei\u00e4n halkaisija: jopa 480 mm<br \/>\nTangon halkaisija: jopa 360 mm<br \/>\nIskunpituus jopa 9400 mm<\/div>\n<div class=\"txtboxL\">Paine:<\/div>\n<div class=\"txtboxR\">jopa 32 MPa<\/div>\n<div class=\"txtboxL\">Ty\u00f6nt\u00f6voima:<\/div>\n<div class=\"txtboxR\">Enimm\u00e4isteho 2900 kN<\/div>\n<\/div>\n<\/div>\n<\/div>\n<\/div>\n<\/div>\n<\/div>\n<\/div>\n<\/div>\n<h2><strong>Ruoppaajan s\u00e4ili\u00f6n leikkuri-imusylinterit Sovellus:<\/strong><\/h2>\n<p><img loading=\"lazy\" decoding=\"async\" class=\"alignnone wp-image-1757 size-full\" src=\"https:\/\/hydraulic-cylinders.net\/wp-content\/uploads\/2023\/10\/dredger-tank-cylinder-1.webp\" alt=\"\" width=\"600\" height=\"400\" srcset=\"https:\/\/hydraulic-cylinders.net\/wp-content\/uploads\/2023\/10\/dredger-tank-cylinder-1.webp 600w, https:\/\/hydraulic-cylinders.net\/wp-content\/uploads\/2023\/10\/dredger-tank-cylinder-1-480x320.webp 480w\" sizes=\"(min-width: 0px) and (max-width: 480px) 480px, (min-width: 481px) 600px, 100vw\" \/><\/p>\n<h2><strong>Leikkuri-imuruoppaajan paalutussylinterin k\u00e4ytt\u00f6tapa<\/strong><strong>:<\/strong><\/h2>\n<ul>\n<li><strong>Valmistelu:<\/strong> Ennen paalutusty\u00f6n aloittamista varmista, ett\u00e4 kaikkia turvallisuusprotokollia on noudatettu. Tarkista paalutussylinteri, sen liitokset ja hydraulij\u00e4rjestelm\u00e4 mahdollisten vaurioiden tai vuotojen varalta. Varmista, ett\u00e4 hydraulinen voimanl\u00e4hde on kytketty oikein ja toimii.<\/li>\n<li><strong>Paikannus:<\/strong> Aseta leikkuri-imuruoppaajan paalutussylinteri haluttuun paalutuspaikkaan. Kohdista se kohdealueen kanssa varmistaen asianmukaisen vakauden ja tuen.<\/li>\n<li><strong>Yhteys:<\/strong> Kytke paalutussylinteri hydrauliseen virtal\u00e4hteeseen yhteensopivilla liittimill\u00e4 ja letkuilla. Varmista, ett\u00e4 liitokset ovat tukevasti kiinni ja vuotamattomat.<\/li>\n<li><strong>Iskunpituuden s\u00e4\u00e4t\u00f6:<\/strong> Set the desired stroke length on the piling cylinder, considering the depth required for the piling operation. Adjust the stroke length using the provided controls or mechanisms, following the manufacturer&#8217;s instructions.<\/li>\n<li><strong>Paalutusoperaatio:<\/strong> Aktivoi hydraulinen voimanl\u00e4hde aloittaaksesi paalutusty\u00f6n. Imuruoppaajan paalutussylinteri pakottaa paalut meren- tai joenpohjaan. Seuraa prosessia tarkasti varmistaaksesi, ett\u00e4 haluttu syvyys ja tarkkuus saavutetaan.<\/li>\n<\/ul>\n<h2><strong>Kuinka pakata hydraulisylinteri uudelleen?<\/strong><\/h2>\n<p>Repacking a hydraulic cylinder involves replacing the seals and other components to restore its functionality and prevent leaks. Here&#8217;s a general guide on how to repack a hydraulic cylinder:<\/p>\n<ol>\n<li><strong>Turvaohjeet:<\/strong>\n<ul>\n<li>Varmista, ett\u00e4 hydraulij\u00e4rjestelm\u00e4 on paineeton ja sylinteri on t\u00e4ysin ulkona.<\/li>\n<li>Noudata asianmukaisia \u200b\u200blukitus-\/merkint\u00e4menettelyj\u00e4 est\u00e4\u00e4ksesi j\u00e4rjestelm\u00e4n vahingossa tapahtuvan aktivoitumisen.<\/li>\n<\/ul>\n<\/li>\n<li><strong>Sylinterin irrotus:<\/strong>\n<ul>\n<li>Irrota kaikki sylinteriin kytketyt hydrauliletkut tai liittimet.<\/li>\n<li>Irrota kaikki kiinnitystapit tai pultit, jotka kiinnitt\u00e4v\u00e4t sylinterin laitteeseen.<\/li>\n<li>Liu'uta tai ohjaa sylinteri\u00e4 varovasti irti kiinnikkeist\u00e4\u00e4n tai liitoksistaan.<\/li>\n<\/ul>\n<\/li>\n<li><strong>Purkaminen:<\/strong>\n<ul>\n<li>Aseta sylinteri puhtaalle ty\u00f6tasolle.<\/li>\n<li>Irrota sylinterin p\u00e4\u00e4tykansi(t) sopivilla ty\u00f6kaluilla, kuten jakoavaimilla tai hylsysarjoilla.<\/li>\n<li>Huomioi osien j\u00e4rjestys ja suunta purkaessasi niit\u00e4.<\/li>\n<li>Irrota m\u00e4nt\u00e4, tanko ja tiivisteet sylinteriputkesta.<\/li>\n<\/ul>\n<\/li>\n<li><strong>Tiivisteen vaihto:<\/strong>\n<ul>\n<li>Tarkasta vanhat tiivisteet vaurioiden tai kulumisen varalta ja vaihda ne uusiin samankokoisiin ja -tyyppisiin.<\/li>\n<li>Voitele uudet tiivisteet hydrauliikka\u00f6ljyll\u00e4 ennen niiden asentamista.<\/li>\n<li>Aseta uudet tiivisteet varovasti uriinsa ja varmista, ett\u00e4 ne ovat oikein paikoillaan.<\/li>\n<\/ul>\n<\/li>\n<li><strong>Komponenttien tarkastus ja puhdistus:<\/strong>\n<ul>\n<li>Tarkasta m\u00e4nt\u00e4, m\u00e4nt\u00e4tanko ja muut osat vaurioiden tai kulumisen varalta.<\/li>\n<li>Puhdista kaikki osat huolellisesti sopivalla puhdistusliuottimella lian, roskien ja hydraulinesteen j\u00e4\u00e4mien poistamiseksi.<\/li>\n<li>Varmista, ett\u00e4 kaikki pinnat ovat kuivat ennen uudelleenkokoamista.<\/li>\n<\/ul>\n<\/li>\n<li><strong>Kokoaminen:<\/strong>\n<ul>\n<li>Asenna m\u00e4nt\u00e4, tanko ja tiivisteet takaisin sylinteriputkeen oikeassa j\u00e4rjestyksess\u00e4 ja suunnassa.<\/li>\n<li>Levit\u00e4 ohut kerros hydrauliikka\u00f6ljy\u00e4 tiivisteille ja muille kosketuspinnoille.<\/li>\n<li>Carefully reattach the end cap(s) and tighten them securely to the manufacturer&#8217;s specifications.<\/li>\n<li>Varmista, ett\u00e4 kaikki kierreliitokset on kohdistettu ja kiristetty oikein.<\/li>\n<\/ul>\n<\/li>\n<li><strong>Sylinterin uudelleenasennus:<\/strong>\n<ul>\n<li>Liu'uta tai ohjaa koottu sylinteri takaisin kiinnikkeisiins\u00e4 tai liit\u00e4nt\u00f6ihins\u00e4.<\/li>\n<li>Kiinnit\u00e4 kaikki kiinnitystapit tai pultit takaisin sylinterin kiinnitt\u00e4miseksi paikalleen.<\/li>\n<li>Kytke hydrauliletkut tai -liittimet takaisin sylinteriin ja varmista oikea kohdistus ja kireys.<\/li>\n<\/ul>\n<\/li>\n<li><strong>Testaus ja tarkastus:<\/strong>\n<ul>\n<li>Paineista hydraulij\u00e4rjestelm\u00e4 uudelleen ja tarkista, ettei siin\u00e4 ole vuotoja tai ep\u00e4normaalia toimintaa.<\/li>\n<li>Ved\u00e4 sylinteri kokonaan ulos ja sis\u00e4\u00e4n varmistaaksesi tasaisen liikkeen ja oikean toiminnan.<\/li>\n<li>Tarkasta sylinteri ja sen liitokset vuotojen tai muiden ongelmien varalta.<\/li>\n<\/ul>\n<\/li>\n<\/ol>\n<h2><strong>Tehtaan kapasiteetti ja kapasiteetti:<\/strong><\/h2>\n<h3>(1) Kokoonpano<\/h3>\n<p>Meill\u00e4 on ensiluokkainen riippumaton tutkimus- ja kehitysty\u00f6n kokoonpanoalusta. Hydraulisylinterien tuotantopajassa on nelj\u00e4 puoliautomaattista nostosylinterin kokoonpanolinjaa ja yksi automaattinen kallistussylinterin kokoonpanolinja, joiden suunniteltu vuotuinen tuotantokapasiteetti on 1 miljoona kappaletta. Erikoissylinterin ty\u00f6paja on varustettu erilaisilla eritelmill\u00e4 puoliautomaattisen puhdistusasennuksen kokoonpanoj\u00e4rjestelm\u00e4ll\u00e4, jonka suunniteltu vuotuinen tuotantokapasiteetti on 200 000, ja se on varustettu kuuluisilla CNC-ty\u00f6st\u00f6laitteilla, ty\u00f6st\u00f6keskuksella, korkean tarkkuuden sylinterin k\u00e4sittelyyn tarkoitetuilla erityislaitteilla, robottihitsauskoneella, automaattisella puhdistuslaitteella, automaattisella sylinterin kokoonpanokoneella ja automaattisella maalaustuotantolinjalla. Olemassa olevat kriittiset laitteet yli 300 sarjaa (sarjaa). Laiteresurssien optimaalinen kohdentaminen ja tehokas k\u00e4ytt\u00f6 varmistavat tuotteiden tarkkuusvaatimukset ja t\u00e4ytt\u00e4v\u00e4t tuotteiden laatuvaatimukset.<\/p>\n<p><img loading=\"lazy\" decoding=\"async\" class=\"alignnone wp-image-626\" src=\"https:\/\/hydraulic-cylinders.net\/wp-content\/uploads\/2023\/08\/hydraulic-cylinder-product-1-300x158.webp\" alt=\"\" width=\"495\" height=\"260\" srcset=\"https:\/\/hydraulic-cylinders.net\/wp-content\/uploads\/2023\/08\/hydraulic-cylinder-product-1-300x158.webp 495w, https:\/\/hydraulic-cylinders.net\/wp-content\/uploads\/2023\/08\/hydraulic-cylinder-product-1-480x252.webp 480w\" sizes=\"(min-width: 0px) and (max-width: 480px) 480px, (min-width: 481px) 495px, 100vw\" \/> <img loading=\"lazy\" decoding=\"async\" class=\"alignnone wp-image-627\" src=\"https:\/\/hydraulic-cylinders.net\/wp-content\/uploads\/2023\/08\/hydraulic-cylinder-product-2-300x189.webp\" alt=\"\" width=\"413\" height=\"260\" \/><\/p>\n<h3>(2) Koneistus<\/h3>\n<p>Ty\u00f6st\u00f6paja on varustettu r\u00e4\u00e4t\u00e4l\u00f6idyll\u00e4 kaltevalla kiskosorvauskeskuksella, ty\u00f6st\u00f6keskuksella, suurnopeus-hiontakoneella, hitsausrobotilla ja muilla vastaavilla laitteilla, joilla voidaan k\u00e4sitell\u00e4 sylinteriputkia, joiden sis\u00e4halkaisija on enint\u00e4\u00e4n 400 mm ja enimm\u00e4ispituus on 6 metri\u00e4.<\/p>\n<p><img loading=\"lazy\" decoding=\"async\" class=\"alignnone wp-image-628 size-large\" src=\"https:\/\/hydraulic-cylinders.net\/wp-content\/uploads\/2023\/08\/hydraulic-cylinder-product-3-1024x391.webp\" alt=\"\" width=\"1024\" height=\"391\" srcset=\"https:\/\/hydraulic-cylinders.net\/wp-content\/uploads\/2023\/08\/hydraulic-cylinder-product-3-980x374.webp 980w, https:\/\/hydraulic-cylinders.net\/wp-content\/uploads\/2023\/08\/hydraulic-cylinder-product-3-480x183.webp 480w\" sizes=\"(min-width: 0px) and (max-width: 480px) 480px, (min-width: 481px) and (max-width: 980px) 980px, (min-width: 981px) 1024px, 100vw\" \/><\/p>\n<h3>(3) Hitsaus<\/h3>\n<p><img loading=\"lazy\" decoding=\"async\" class=\"alignnone wp-image-629 size-large\" src=\"https:\/\/hydraulic-cylinders.net\/wp-content\/uploads\/2023\/08\/hydraulic-cylinder-product-4-1024x510.webp\" alt=\"\" width=\"1024\" height=\"510\" srcset=\"https:\/\/hydraulic-cylinders.net\/wp-content\/uploads\/2023\/08\/hydraulic-cylinder-product-4-980x488.webp 980w, https:\/\/hydraulic-cylinders.net\/wp-content\/uploads\/2023\/08\/hydraulic-cylinder-product-4-480x239.webp 480w\" sizes=\"(min-width: 0px) and (max-width: 480px) 480px, (min-width: 481px) and (max-width: 980px) 980px, (min-width: 981px) 1024px, 100vw\" \/><\/p>\n<h3>(4) Maalaus ja pinnoitus<\/h3>\n<p>Pienill\u00e4 ja keskisuurilla sylinterin automaattisilla vesipohjaisilla maalipinnoituslinjoilla automaattisen robotin lastaus- ja purku- ja automaattisen ruiskutuksen saavuttamiseksi, suunnittelukapasiteetti on 4000 kappaletta vuorossa;<br \/>\nMeill\u00e4 on my\u00f6s puoliautomaattinen maalauslinja suurille sylintereille, joka toimii voimaketjulla ja jonka suunnittelukapasiteetti on 60 laatikkoa ty\u00f6vuorossa.<\/p>\n<p><img loading=\"lazy\" decoding=\"async\" class=\"alignnone wp-image-630\" src=\"https:\/\/hydraulic-cylinders.net\/wp-content\/uploads\/2023\/08\/hydraulic-cylinder-product-5-300x213.webp\" alt=\"\" width=\"366\" height=\"260\" \/> <img loading=\"lazy\" decoding=\"async\" class=\"alignnone wp-image-631\" src=\"https:\/\/hydraulic-cylinders.net\/wp-content\/uploads\/2023\/08\/hydraulic-cylinder-product-6-300x225.webp\" alt=\"\" width=\"347\" height=\"260\" \/><\/p>\n<h3>(5) Testaus<\/h3>\n<p>Meill\u00e4 on ensiluokkaiset tarkastustilat ja testialustat, joilla varmistetaan, ett\u00e4 sylinterin suorituskyky t\u00e4ytt\u00e4\u00e4 vaatimukset.<\/p>\n<p><img loading=\"lazy\" decoding=\"async\" class=\"alignnone wp-image-632\" src=\"https:\/\/hydraulic-cylinders.net\/wp-content\/uploads\/2023\/08\/hydraulic-cylinder-product-8-300x200.webp\" alt=\"\" width=\"389\" height=\"260\" \/><\/p>\n<p>&nbsp;<\/p>\n<p>&nbsp;<\/p>\n<p>Olemme yksi parhaista hydraulisylintereiden valmistajista. Voimme tarjota kattavia hydraulisylintereit\u00e4. Tarjoamme my\u00f6s vastaavia <a href=\"https:\/\/hzpt.com\/agricultural-pto-gearbox\/\" target=\"_blank\" rel=\"noopener\">maatalousvaihteistot<\/a>Olemme vieneet tuotteitamme asiakkaille maailmanlaajuisesti ja ansainneet hyv\u00e4n maineen erinomaisen tuotelaadun ja huoltopalvelumme ansiosta. Toivotamme tervetulleeksi asiakkaat kotimaassa ja ulkomailla ottamaan meihin yhteytt\u00e4 neuvotellakseen liiketoimista, vaihtaakseen tietoja ja <a href=\"https:\/\/www.hydraulic-cylinders.net\/fi\/contact-us\/\">tehd\u00e4 yhteisty\u00f6t\u00e4 kanssamme<\/a>!<\/p>","protected":false},"excerpt":{"rendered":"<p>Cutter Suction Dredger Piling Cylinder The cutter suction dredger piling cylinder is a powerful and versatile hydraulic device designed specifically for marine construction projects. With its robust construction and high-performance capabilities, this piling cylinder is a key component in modern dredging operations. The cutter suction dredger piling cylinder is a reliable and versatile hydraulic device [&hellip;]<\/p>","protected":false},"featured_media":1760,"comment_status":"open","ping_status":"closed","template":"","meta":{"_et_pb_use_builder":"","_et_pb_old_content":"","_et_gb_content_width":""},"product_brand":[],"product_cat":[1535,1549,1552,1376],"product_tag":[1380],"class_list":{"0":"post-1758","1":"product","2":"type-product","3":"status-publish","4":"has-post-thumbnail","6":"product_cat-dredger-hydraulic-cylinders","7":"product_cat-single-acting-hydraulic-cylinder","8":"product_cat-stainless-steel-hydraulic-cylinder","9":"product_cat-hydraulic-cylinder","10":"product_tag-hydraulic-cylinder","12":"first","13":"instock","14":"shipping-taxable","15":"product-type-simple"},"amp_enabled":true,"_links":{"self":[{"href":"https:\/\/www.hydraulic-cylinders.net\/fi\/wp-json\/wp\/v2\/product\/1758","targetHints":{"allow":["GET"]}}],"collection":[{"href":"https:\/\/www.hydraulic-cylinders.net\/fi\/wp-json\/wp\/v2\/product"}],"about":[{"href":"https:\/\/www.hydraulic-cylinders.net\/fi\/wp-json\/wp\/v2\/types\/product"}],"replies":[{"embeddable":true,"href":"https:\/\/www.hydraulic-cylinders.net\/fi\/wp-json\/wp\/v2\/comments?post=1758"}],"wp:featuredmedia":[{"embeddable":true,"href":"https:\/\/www.hydraulic-cylinders.net\/fi\/wp-json\/wp\/v2\/media\/1760"}],"wp:attachment":[{"href":"https:\/\/www.hydraulic-cylinders.net\/fi\/wp-json\/wp\/v2\/media?parent=1758"}],"wp:term":[{"taxonomy":"product_brand","embeddable":true,"href":"https:\/\/www.hydraulic-cylinders.net\/fi\/wp-json\/wp\/v2\/product_brand?post=1758"},{"taxonomy":"product_cat","embeddable":true,"href":"https:\/\/www.hydraulic-cylinders.net\/fi\/wp-json\/wp\/v2\/product_cat?post=1758"},{"taxonomy":"product_tag","embeddable":true,"href":"https:\/\/www.hydraulic-cylinders.net\/fi\/wp-json\/wp\/v2\/product_tag?post=1758"}],"curies":[{"name":"wp","href":"https:\/\/api.w.org\/{rel}","templated":true}]}}