{"id":17589,"date":"2025-03-18T06:09:41","date_gmt":"2025-03-18T06:09:41","guid":{"rendered":"https:\/\/www.hydraulic-cylinders.net\/?post_type=product&#038;p=17589"},"modified":"2025-04-11T01:44:55","modified_gmt":"2025-04-11T01:44:55","slug":"lift-hydraulic-cylinders-for-large-forklift","status":"publish","type":"product","link":"https:\/\/www.hydraulic-cylinders.net\/fi\/tuote\/lift-hydraulic-cylinders-for-large-forklift\/","title":{"rendered":"Nostohydrauliset sylinterit suurille trukeille"},"content":{"rendered":"<h1 style=\"text-align: center;\"><strong>Nostohydrauliset sylinterit suurille trukeille<\/strong><\/h1>\n<p>Nostohydraulisylinterit ovat ratkaisevan t\u00e4rkeit\u00e4 osia suurissa trukeissa, sill\u00e4 ne mahdollistavat niiden t\u00e4rkeiden nosto- ja laskutoimintojen suorittamisen. N\u00e4m\u00e4 sylinterit tarjoavat tarvittavan tehon raskaiden kuormien tehokkaaseen k\u00e4sittelyyn ja varmistavat sujuvan toiminnan erilaisissa teollisuusymp\u00e4rist\u00f6iss\u00e4. Kest\u00e4v\u00e4n rakenteensa ja korkean suorituskykyns\u00e4 ansiosta nostohydraulisylinterit parantavat tuottavuutta ja turvallisuutta materiaalink\u00e4sittelyss\u00e4.<\/p>\n<p>Korkealaatuisiin nostosylintereihin investoiminen suurissa trukeissa parantaa merkitt\u00e4v\u00e4sti toiminnan tehokkuutta ja turvallisuutta. Ymm\u00e4rt\u00e4m\u00e4ll\u00e4 niiden ominaisuudet, asianmukaisen k\u00e4yt\u00f6n ja huoltovaatimukset k\u00e4ytt\u00e4j\u00e4t voivat varmistaa, ett\u00e4 sylinterit tarjoavat tasaisen suorituskyvyn ja pitk\u00e4n k\u00e4ytt\u00f6i\u00e4n. Oikeilla nostosylintereill\u00e4 yritykset voivat optimoida materiaalink\u00e4sittelyprosessejaan, mik\u00e4 johtaa tuottavuuden kasvuun ja seisokkiaikojen v\u00e4henemiseen.<\/p>\n<h1 style=\"text-align: center;\"><img loading=\"lazy\" decoding=\"async\" class=\"alignnone wp-image-17590\" src=\"https:\/\/www.hydraulic-cylinders.net\/wp-content\/uploads\/2025\/03\/Lift-hydraulic-cylinders-for-large-forklift.jpg\" alt=\"\" width=\"500\" height=\"500\" srcset=\"https:\/\/www.hydraulic-cylinders.net\/wp-content\/uploads\/2025\/03\/Lift-hydraulic-cylinders-for-large-forklift.jpg 500w, https:\/\/www.hydraulic-cylinders.net\/wp-content\/uploads\/2025\/03\/Lift-hydraulic-cylinders-for-large-forklift-480x480.jpg 480w\" sizes=\"(min-width: 0px) and (max-width: 480px) 480px, (min-width: 481px) 500px, 100vw\" \/><\/h1>\n<p style=\"text-align: center;\"><strong>Nostohydrauliset sylinterit suurille trukeille<\/strong><\/p>\n<h2><strong>Suuri trukki hydraulisylinterisarja:\u00a0<\/strong><\/h2>\n<h2><img loading=\"lazy\" decoding=\"async\" class=\"alignnone size-full wp-image-17582\" src=\"https:\/\/www.hydraulic-cylinders.net\/wp-content\/uploads\/2025\/03\/large-forklift-hydraulic-cylinder-construction.webp\" alt=\"\" width=\"1100\" height=\"615\" srcset=\"https:\/\/www.hydraulic-cylinders.net\/wp-content\/uploads\/2025\/03\/large-forklift-hydraulic-cylinder-construction.webp 1100w, https:\/\/www.hydraulic-cylinders.net\/wp-content\/uploads\/2025\/03\/large-forklift-hydraulic-cylinder-construction-980x548.webp 980w, https:\/\/www.hydraulic-cylinders.net\/wp-content\/uploads\/2025\/03\/large-forklift-hydraulic-cylinder-construction-480x268.webp 480w\" sizes=\"(min-width: 0px) and (max-width: 480px) 480px, (min-width: 481px) and (max-width: 980px) 980px, (min-width: 981px) 1100px, 100vw\" \/><\/h2>\n<h2><strong>Nostohydrauliset sylinterit suurille trukeille suurille trukeille <\/strong><strong>Tekniset tiedot<\/strong><strong>:<\/strong><\/h2>\n<p><strong>Toiminto:<\/strong> Nosto- ja laskutoimituksen saavuttamiseksi nostolaitteessa<br \/>\n<strong>Sylinterin halkaisija:<\/strong> 65\u2013190 mm<br \/>\n<strong>Tangon halkaisija:<\/strong> 50\u2013160 mm<br \/>\n<strong>Matkustaa:<\/strong> 100\u20133490 mm<br \/>\n<strong>Suurin paine:<\/strong> 21MPa<br \/>\n<strong>Suurin ty\u00f6nt\u00f6voima:<\/strong> 596KN<\/p>\n<h2><strong>Suurten trukkien nostohydraulisylinterien t\u00e4rkeimm\u00e4t ominaisuudet<\/strong><strong>:<\/strong><\/h2>\n<ul>\n<li><strong>Suuri kuormituskapasiteetti<\/strong>N\u00e4m\u00e4 nostosylinterit on suunniteltu tukemaan merkitt\u00e4vi\u00e4 painoja, mik\u00e4 tekee niist\u00e4 ihanteellisia raskaisiin sovelluksiin. Niiden kest\u00e4v\u00e4 rakenne varmistaa luotettavan toiminnan my\u00f6s \u00e4\u00e4rimm\u00e4isiss\u00e4 kuormissa, mink\u00e4 ansiosta trukit voivat k\u00e4sitell\u00e4 suuria kuormalavoja ja materiaaleja luottavaisin mielin. T\u00e4m\u00e4 ominaisuus parantaa merkitt\u00e4v\u00e4sti ty\u00f6paikan tehokkuutta minimoimalla toimintah\u00e4iri\u00f6iden riskin vaativissa teht\u00e4viss\u00e4.<\/li>\n<li><strong>Kest\u00e4v\u00e4 rakenne<\/strong>N\u00e4m\u00e4 ensiluokkaisista materiaaleista valmistetut hydraulisylinterit on rakennettu kest\u00e4m\u00e4\u00e4n vaativia ty\u00f6ymp\u00e4rist\u00f6j\u00e4. Niiden kulumis-, korroosio- ja v\u00e4symiskest\u00e4vyys pident\u00e4\u00e4 sylinterin k\u00e4ytt\u00f6ik\u00e4\u00e4 ja v\u00e4hent\u00e4\u00e4 tarvetta vaihtaa sylinteri\u00e4 usein. T\u00e4m\u00e4 kest\u00e4vyys tarkoittaa alhaisempia yll\u00e4pitokustannuksia ja pidemp\u00e4\u00e4 k\u00e4ytt\u00f6aikaa, mik\u00e4 tekee niist\u00e4 \u00e4lykk\u00e4\u00e4n investoinnin mihin tahansa teolliseen toimintaan.<\/li>\n<li><strong>Monipuoliset koot<\/strong>N\u00e4it\u00e4 nostosylinterien halkaisijoita ja iskunpituuksia on saatavilla laajalla valikoimalla, ja ne voidaan r\u00e4\u00e4t\u00e4l\u00f6id\u00e4 vastaamaan erilaisten trukkimallien ja -sovellusten erityistarpeita. T\u00e4m\u00e4 monipuolisuus varmistaa, ett\u00e4 ne voidaan integroida saumattomasti erilaisiin j\u00e4rjestelmiin, mik\u00e4 tarjoaa joustavuutta yrityksille, jotka k\u00e4sittelev\u00e4t erilaisia \u200b\u200bkuormia ja materiaaleja.<\/li>\n<li><strong>Tehokas suorituskyky<\/strong>Optimaalista toimivuutta varten suunnitellut hydraulisylinterit mahdollistavat nopeat nosto- ja laskutoiminnot. T\u00e4m\u00e4 tehokkuus minimoi sykliaikoja, jolloin k\u00e4ytt\u00e4j\u00e4t voivat suorittaa teht\u00e4v\u00e4t nopeammin ja tehokkaammin. Parannettu ty\u00f6nkulku ei ainoastaan \u200b\u200blis\u00e4\u00e4 tuottavuutta, vaan my\u00f6s parantaa trukin yleist\u00e4 toiminnan tehokkuutta, mik\u00e4 tekee siit\u00e4 elint\u00e4rke\u00e4n ty\u00f6kalun materiaalink\u00e4sittelyss\u00e4.<\/li>\n<li><strong>Korkeapaineluokitukset<\/strong>N\u00e4m\u00e4 sylinterit, jotka kykenev\u00e4t toimimaan korotetuissa paineissa, varmistavat tehokkaan ty\u00f6nt\u00f6voiman ja vakauden nostotoimintojen aikana. Niiden korkeat paineluokat mahdollistavat raskaiden kuormien turvallisen k\u00e4sittelyn suorituskyky\u00e4 vaarantamatta. T\u00e4m\u00e4 luotettavuus on olennaista ty\u00f6paikan turvallisuusstandardien yll\u00e4pit\u00e4miseksi ja antaa k\u00e4ytt\u00e4jille mielenrauhaa ty\u00f6skennelless\u00e4\u00e4n suurten materiaalien kanssa.<\/li>\n<\/ul>\n<h2><strong>K\u00e4yt\u00e4 suurten trukkien nostohydraulisylintereiden koteloita:<\/strong><\/h2>\n<h3><strong>1. Varastointi ja jakelu<\/strong><\/h3>\n<p>Varastoissa suuret, nostosylintereill\u00e4 varustetut trukit ovat v\u00e4ltt\u00e4m\u00e4tt\u00f6mi\u00e4 raskaiden lavojen pinoamiseen ja noutamiseen. N\u00e4m\u00e4 sylinterit mahdollistavat nopean nostamisen ja laskemisen, jolloin k\u00e4ytt\u00e4j\u00e4t voivat tehokkaasti hallita varastoa ja optimoida varastotilan. Ne helpottavat nopeita lastaus- ja purkuprosesseja, mik\u00e4 parantaa merkitt\u00e4v\u00e4sti kokonaistuottavuutta.<\/p>\n<h3><strong>2. Rakennusty\u00f6maat<\/strong><\/h3>\n<p>Rakennusty\u00f6mailla nostosylintereill\u00e4 on ratkaiseva rooli raskaiden materiaalien, kuten ter\u00e4spalkkien, betonilohkojen ja laitteiden, siirt\u00e4misess\u00e4. Niiden suuren kantavuuden ansiosta trukit voivat nostaa merkitt\u00e4vi\u00e4 painoja turvallisesti, mik\u00e4 varmistaa, ett\u00e4 materiaalit toimitetaan oikeisiin paikkoihin viipym\u00e4tt\u00e4. T\u00e4m\u00e4 ominaisuus parantaa ty\u00f6nkulkua ja tukee projektin oikea-aikaista valmistumista.<\/p>\n<h3><strong>3. Tuotantolaitokset<\/strong><\/h3>\n<p>Tuotantoymp\u00e4rist\u00f6iss\u00e4 suuret trukit, joissa on nostosylinterit, auttavat kuljettamaan raaka-aineita ja valmiita tuotteita laitoksen eri alueiden v\u00e4lill\u00e4. N\u00e4m\u00e4 sylinterit mahdollistavat kuorman tarkan sijoittelun, mik\u00e4 on elint\u00e4rke\u00e4\u00e4 kokoonpanolinjoille ja laadunvalvontaprosesseille. Niiden tehokas suorituskyky lyhent\u00e4\u00e4 sykliaikoja ja parantaa tuotannon kokonaistehokkuutta.<\/p>\n<h3><strong>4. Kierr\u00e4tys ja j\u00e4tehuolto<\/strong><\/h3>\n<p>Nostohydrauliset sylinterit ovat ratkaisevan t\u00e4rkeit\u00e4 kierr\u00e4tys- ja j\u00e4tehuoltotoiminnoissa, joissa k\u00e4ytet\u00e4\u00e4n suuria trukkeja raskaiden s\u00e4ili\u00f6iden ja astioiden k\u00e4sittelyyn. N\u00e4iden sylinterien avulla k\u00e4ytt\u00e4j\u00e4t voivat nostaa ja siirt\u00e4\u00e4 kookkaita j\u00e4temateriaaleja turvallisesti, mik\u00e4 tehostaa kierr\u00e4tett\u00e4vien materiaalien lajittelua ja k\u00e4sittely\u00e4. T\u00e4m\u00e4 tehokkuus edist\u00e4\u00e4 j\u00e4rjestelm\u00e4llisemp\u00e4\u00e4 ja tehokkaampaa j\u00e4tehuoltoj\u00e4rjestelm\u00e4\u00e4.<\/p>\n<h3><strong>5. Maatalous<\/strong><\/h3>\n<p>Maatalousymp\u00e4rist\u00f6iss\u00e4 k\u00e4ytet\u00e4\u00e4n suuria, nostohydraulisylintereill\u00e4 varustettuja trukkeja raskaiden kuormien, kuten hein\u00e4-, rehu- ja laitepaalien, kuljettamiseen. N\u00e4iden kuormien helppo nostaminen ja laskeminen antaa viljelij\u00f6ille mahdollisuuden hallita toimintaansa tehokkaammin, varmistaen oikea-aikaiset toimitukset ja resurssien tehokkaan k\u00e4yt\u00f6n.<\/p>\n<p>Etsitk\u00f6 raskaaseen k\u00e4ytt\u00f6\u00f6n tarkoitettuja trukkisylintereit\u00e4? Tutustu valikoimaamme <a href=\"https:\/\/www.hydraulic-cylinders.net\/fi\/forklift-hydraulic-cylinder\/\">Raskaat hydraulisylinterit<\/a>.<\/p>\n<h2><strong>Trukin sylinterin tuotantoalue:<\/strong><\/h2>\n<h2><img loading=\"lazy\" decoding=\"async\" class=\"alignnone size-full wp-image-16972\" src=\"https:\/\/www.hydraulic-cylinders.net\/wp-content\/uploads\/2025\/01\/hydraulic-cylinder-factory-1-scaled.webp\" sizes=\"(min-width: 0px) and (max-width: 480px) 480px, (min-width: 481px) and (max-width: 980px) 980px, (min-width: 981px) and (max-width: 1280px) 1280px, (min-width: 1281px) 2016px, 100vw\" srcset=\"https:\/\/www.hydraulic-cylinders.net\/wp-content\/uploads\/2025\/01\/hydraulic-cylinder-factory-1-scaled.webp 2016w, https:\/\/www.hydraulic-cylinders.net\/wp-content\/uploads\/2025\/01\/hydraulic-cylinder-factory-1-1280x1625.webp 1280w, https:\/\/www.hydraulic-cylinders.net\/wp-content\/uploads\/2025\/01\/hydraulic-cylinder-factory-1-980x1244.webp 980w, https:\/\/www.hydraulic-cylinders.net\/wp-content\/uploads\/2025\/01\/hydraulic-cylinder-factory-1-480x610.webp 480w\" alt=\"\" width=\"2016\" height=\"2560\" \/><\/h2>\n<p>Meill\u00e4 on ensiluokkainen itsen\u00e4inen tutkimus- ja kehitysalusta kokoonpanoa varten. Trukkisylinterien tuotantolaitoksessa on nelj\u00e4 puoliautomaattista nostosylinterien kokoonpanolinjaa ja t\u00e4ysautomaattinen kallistussylinterien kokoonpanolinja, joiden suunniteltu vuotuinen tuotantokapasiteetti on miljoona kappaletta. Erikoissylinterity\u00f6pajassa on erilaisten spesifikaatioiden puoliautomaattisia puhdistus- ja kokoonpanoj\u00e4rjestelmi\u00e4, joiden suunniteltu vuotuinen tuotantokapasiteetti on 200 000 kappaletta. Se on varustettu tunnettujen merkkien CNC-ty\u00f6st\u00f6koneilla, ty\u00f6st\u00f6keskuksilla, erikoislaitteilla tarkkuussylinterien ty\u00f6st\u00f6\u00f6n, robottihitsauskoneilla, automaattisilla puhdistuskoneilla, automaattisilla sylinterien kokoonpanokoneilla ja automaattisilla maalintuotantolinjoilla. Meill\u00e4 on k\u00e4yt\u00f6ss\u00e4 yli 300 keskeist\u00e4 laitetta. Laitteiden optimoitu kohdentaminen ja tehokas k\u00e4ytt\u00f6 varmistavat tuotteiden tarkkuusvaatimukset ja t\u00e4ytt\u00e4v\u00e4t tuotteiden korkeat laatustandardit.<\/p>\n<p>Koneistamo on varustettu mittatilausty\u00f6n\u00e4 valmistetuilla kallistuskiskojen sorvauskeskuksilla, ty\u00f6st\u00f6keskuksilla, nopeilla hoonauskoneilla, hitsausroboteilla ja muilla asiaankuuluvilla laitteilla, jotka pystyv\u00e4t k\u00e4sittelem\u00e4\u00e4n enint\u00e4\u00e4n 400 mm:n sis\u00e4halkaisijan ja enint\u00e4\u00e4n 6 metrin pituisten sylinteriputkien ty\u00f6st\u00f6\u00e4.<\/p>\n<h2><img loading=\"lazy\" decoding=\"async\" class=\"alignnone size-full wp-image-16973\" src=\"https:\/\/www.hydraulic-cylinders.net\/wp-content\/uploads\/2025\/01\/hydraulic-cylinder-factory-2-scaled.webp\" sizes=\"(min-width: 0px) and (max-width: 480px) 480px, (min-width: 481px) and (max-width: 980px) 980px, (min-width: 981px) and (max-width: 1280px) 1280px, (min-width: 1281px) 2011px, 100vw\" srcset=\"https:\/\/www.hydraulic-cylinders.net\/wp-content\/uploads\/2025\/01\/hydraulic-cylinder-factory-2-scaled.webp 2011w, https:\/\/www.hydraulic-cylinders.net\/wp-content\/uploads\/2025\/01\/hydraulic-cylinder-factory-2-1280x1629.webp 1280w, https:\/\/www.hydraulic-cylinders.net\/wp-content\/uploads\/2025\/01\/hydraulic-cylinder-factory-2-980x1248.webp 980w, https:\/\/www.hydraulic-cylinders.net\/wp-content\/uploads\/2025\/01\/hydraulic-cylinder-factory-2-480x611.webp 480w\" alt=\"\" width=\"2011\" height=\"2560\" \/><\/h2>\n<p>Meill\u00e4 on t\u00e4ysautomaattinen vesiohenteisen maalin pinnoituslinja pienille ja keskisuurille sylintereille, joka toteuttaa automaattisen lastauksen ja purkauksen sek\u00e4 automaattiset ruiskutusrobotit. Suunniteltu tuotantokapasiteetti on 4000 paikkaa vuorossa. Meill\u00e4 on toinen puoliautomaattinen maalauslinja suurille sylintereille, jota k\u00e4ytt\u00e4\u00e4 voimansiirtoketju, ja sen suunnittelukapasiteetti on 60 laatikkoa vuorossa.<\/p>\n<p>Parantaaksemme tuotteidemme suorituskyky\u00e4 entisest\u00e4\u00e4n ja vakiinnuttaaksemme hydraulisylintereidemme johtavan aseman alalla, yrityksemme ja zjimee perustivat yhdess\u00e4 kattavan hydraulisylintereiden, hydrauliventtiilien ja hydraulipumppujen suorituskykylaboratorion. Laboratoriossa tehd\u00e4\u00e4n tietokoneella avustettua testausta s\u00e4hk\u00f6hydraulisella tekniikalla, ja testiolosuhteet asetetaan tietokoneella ennalta, mik\u00e4 parantaa testien tarkkuutta ja j\u00e4rjestelm\u00e4n monipuolisuutta sek\u00e4 kokeellisia tietoja.<\/p>\n<p>Automaattinen tiedonkeruu toteutetaan antureiden avulla, ja tietokone k\u00e4sittelee suoraan l\u00e4ht\u00f6tiedot, kuten sylinterin tai venttiilin sis\u00e4isen vuodon ja kuormitustehokkuuden, ja muuntaa ne standardiyksik\u00f6iksi (ml\/min\u00b3TP\u00b3T). Samanaikaisesti hydraulij\u00e4rjestelm\u00e4n k\u00e4ytt\u00f6turvallisuuden varmistamiseksi suoritetaan tilanvalvontatoiminto t\u00e4rkeille suorituskykyparametreille, kuten \"\u00f6ljyn l\u00e4mp\u00f6tilan valvonta, nestetason valvonta, suodatinlaitteen valvonta\" jne. N\u00e4ist\u00e4 parametreista hydraulisylinterin testiteline voi testata \"kuormituksen\" suorituskyky\u00e4.<br \/>\nhy\u00f6tysuhdetta \u201dja\u201d sis\u00e4ist\u00e4 vuotoa\u201d lukemien avulla. Samalla se on varustettu ritil\u00e4viivaimella mittaavalla laitteella, joka t\u00e4ytt\u00e4\u00e4 kaikkien hydraulisylinterituotteiden testattavien kohteiden vaatimukset kansallisen standardin mukaisesti.<\/p>\n<p>&nbsp;<\/p>","protected":false},"excerpt":{"rendered":"<p>Lift Hydraulic Cylinders For Large Forklift Lift hydraulic cylinders are crucial components in large forklifts, enabling them to perform essential lifting and lowering functions. These cylinders provide the necessary power to handle heavy loads efficiently, ensuring smooth operations in various industrial settings. With robust design and high performance, lift hydraulic cylinders enhance productivity and safety [&hellip;]<\/p>","protected":false},"featured_media":17591,"comment_status":"open","ping_status":"closed","template":"","meta":{"_et_pb_use_builder":"","_et_pb_old_content":"","_et_gb_content_width":""},"product_brand":[],"product_cat":[1484,1549],"product_tag":[],"class_list":{"0":"post-17589","1":"product","2":"type-product","3":"status-publish","4":"has-post-thumbnail","6":"product_cat-forklift-hydraulic-cylinders","7":"product_cat-single-acting-hydraulic-cylinder","9":"first","10":"instock","11":"shipping-taxable","12":"product-type-simple"},"amp_enabled":true,"_links":{"self":[{"href":"https:\/\/www.hydraulic-cylinders.net\/fi\/wp-json\/wp\/v2\/product\/17589","targetHints":{"allow":["GET"]}}],"collection":[{"href":"https:\/\/www.hydraulic-cylinders.net\/fi\/wp-json\/wp\/v2\/product"}],"about":[{"href":"https:\/\/www.hydraulic-cylinders.net\/fi\/wp-json\/wp\/v2\/types\/product"}],"replies":[{"embeddable":true,"href":"https:\/\/www.hydraulic-cylinders.net\/fi\/wp-json\/wp\/v2\/comments?post=17589"}],"wp:featuredmedia":[{"embeddable":true,"href":"https:\/\/www.hydraulic-cylinders.net\/fi\/wp-json\/wp\/v2\/media\/17591"}],"wp:attachment":[{"href":"https:\/\/www.hydraulic-cylinders.net\/fi\/wp-json\/wp\/v2\/media?parent=17589"}],"wp:term":[{"taxonomy":"product_brand","embeddable":true,"href":"https:\/\/www.hydraulic-cylinders.net\/fi\/wp-json\/wp\/v2\/product_brand?post=17589"},{"taxonomy":"product_cat","embeddable":true,"href":"https:\/\/www.hydraulic-cylinders.net\/fi\/wp-json\/wp\/v2\/product_cat?post=17589"},{"taxonomy":"product_tag","embeddable":true,"href":"https:\/\/www.hydraulic-cylinders.net\/fi\/wp-json\/wp\/v2\/product_tag?post=17589"}],"curies":[{"name":"wp","href":"https:\/\/api.w.org\/{rel}","templated":true}]}}