{"id":17593,"date":"2025-03-18T06:19:55","date_gmt":"2025-03-18T06:19:55","guid":{"rendered":"https:\/\/www.hydraulic-cylinders.net\/?post_type=product&#038;p=17593"},"modified":"2025-04-11T03:15:26","modified_gmt":"2025-04-11T03:15:26","slug":"steering-hydraulic-cylinders-for-large-forklift","status":"publish","type":"product","link":"https:\/\/www.hydraulic-cylinders.net\/fi\/tuote\/steering-hydraulic-cylinders-for-large-forklift\/","title":{"rendered":"Ohjaushydrauliset sylinterit suurille trukeille"},"content":{"rendered":"<h1 style=\"text-align: center;\"><strong>Ohjaushydrauliset sylinterit suurille trukeille<\/strong><\/h1>\n<p>Ohjaushydraulisylinterit ovat elint\u00e4rkeit\u00e4 osia suurissa trukeissa, sill\u00e4 ne tarjoavat tarvittavan tehon ja tarkkuuden ohjaukseen. N\u00e4m\u00e4 sylinterit mahdollistavat sujuvan ohjattavuuden, mik\u00e4 on olennaista ahtaissa tiloissa navigoinnissa ja monimutkaisten teht\u00e4vien suorittamisessa. Muuntamalla hydraulisen paineen mekaaniseksi voimaksi ohjaushydraulisylinterit parantavat trukkien toiminnan yleist\u00e4 tehokkuutta ja turvallisuutta.<\/p>\n<p>Ohjaushydraulisylinterit ovat v\u00e4ltt\u00e4m\u00e4tt\u00f6mi\u00e4 suurten trukkien tehokkaalle toiminnalle. Niiden kest\u00e4v\u00e4 rakenne, tehokkuus ja mukautuvuus tekev\u00e4t niist\u00e4 kriittisen komponentin erilaisissa teollisissa sovelluksissa. Ymm\u00e4rt\u00e4m\u00e4ll\u00e4 niiden ominaisuudet, asianmukaiset k\u00e4ytt\u00f6tavat ja huoltovaatimukset k\u00e4ytt\u00e4j\u00e4t voivat maksimoida trukkiensa suorituskyvyn ja turvallisuuden, mik\u00e4 parantaa lopulta tuottavuutta ty\u00f6paikalla. Korkealaatuisiin ohjaushydraulisylintereihin investoiminen varmistaa luotettavan ja tarkan ohjauksen, mik\u00e4 on ratkaisevan t\u00e4rke\u00e4\u00e4 haastavissa ymp\u00e4rist\u00f6iss\u00e4 navigoinnissa.<\/p>\n<h1 style=\"text-align: center;\"><img loading=\"lazy\" decoding=\"async\" class=\"alignnone wp-image-17590\" src=\"https:\/\/www.hydraulic-cylinders.net\/wp-content\/uploads\/2025\/03\/Lift-hydraulic-cylinders-for-large-forklift.jpg\" alt=\"\" width=\"500\" height=\"500\" srcset=\"https:\/\/www.hydraulic-cylinders.net\/wp-content\/uploads\/2025\/03\/Lift-hydraulic-cylinders-for-large-forklift.jpg 500w, https:\/\/www.hydraulic-cylinders.net\/wp-content\/uploads\/2025\/03\/Lift-hydraulic-cylinders-for-large-forklift-480x480.jpg 480w\" sizes=\"(min-width: 0px) and (max-width: 480px) 480px, (min-width: 481px) 500px, 100vw\" \/><\/h1>\n<p style=\"text-align: center;\"><strong>Ohjaushydrauliset sylinterit suurille trukeille<\/strong><\/p>\n<h2><strong>Ohjaushydrauliset sylinterit suurille trukeille <\/strong><strong>Tekniset tiedot<\/strong><strong>:<\/strong><\/h2>\n<p><strong>Toiminto:<\/strong> Toteuta trukin ohjausakselin toiminta ja ota k\u00e4ytt\u00f6\u00f6n trukin renkaiden ohjaus<br \/>\n<strong>Sylinterin halkaisija:<\/strong> 80\u2013160 mm<br \/>\n<strong>Tangon halkaisija:<\/strong> 50\u2013110 mm<br \/>\n<strong>Matkustaa:<\/strong> 71 mm \u00d7 2 \u2013 235 mm \u00d7 2<br \/>\n<strong>Suurin paine:<\/strong> 18MPa<br \/>\n<strong>Suurin ty\u00f6nt\u00f6voima:<\/strong> 362KN<\/p>\n<h2><strong>Suuri trukki hydraulisylinterisarja:\u00a0<\/strong><\/h2>\n<h2><img loading=\"lazy\" decoding=\"async\" class=\"alignnone size-full wp-image-17582\" src=\"https:\/\/www.hydraulic-cylinders.net\/wp-content\/uploads\/2025\/03\/large-forklift-hydraulic-cylinder-construction.webp\" alt=\"\" width=\"1100\" height=\"615\" srcset=\"https:\/\/www.hydraulic-cylinders.net\/wp-content\/uploads\/2025\/03\/large-forklift-hydraulic-cylinder-construction.webp 1100w, https:\/\/www.hydraulic-cylinders.net\/wp-content\/uploads\/2025\/03\/large-forklift-hydraulic-cylinder-construction-980x548.webp 980w, https:\/\/www.hydraulic-cylinders.net\/wp-content\/uploads\/2025\/03\/large-forklift-hydraulic-cylinder-construction-480x268.webp 480w\" sizes=\"(min-width: 0px) and (max-width: 480px) 480px, (min-width: 481px) and (max-width: 980px) 980px, (min-width: 981px) 1100px, 100vw\" \/><\/h2>\n<h2><strong>Suurten trukkien ohjaushydraulisylinterien t\u00e4rkeimm\u00e4t ominaisuudet<\/strong><strong>:<\/strong><\/h2>\n<ul>\n<li><strong>Vankka rakenne:<\/strong> Ohjaushydrauliset sylinterit on valmistettu korkealaatuisesta ter\u00e4ksest\u00e4 ja vahvistetuista materiaaleista, mik\u00e4 varmistaa, ett\u00e4 ne kest\u00e4v\u00e4t raskaan k\u00e4yt\u00f6n vaativat olosuhteet. T\u00e4m\u00e4 kest\u00e4vyys tarkoittaa pitk\u00e4kestoista suorituskyky\u00e4, mik\u00e4 v\u00e4hent\u00e4\u00e4 tarvetta vaihtaa osia usein ja s\u00e4\u00e4st\u00e4\u00e4 yll\u00e4pitokustannuksissa.<\/li>\n<li><strong>Korkea hy\u00f6tysuhde:<\/strong> N\u00e4m\u00e4 sylinterit on suunniteltu nopeita ja herkki\u00e4 ohjausliikkeit\u00e4 varten. T\u00e4m\u00e4 rakenne parantaa kuljettajan hallintaa trukkiin ja helpottaa tarkkoja ohjausliikkeit\u00e4. Olipa kyse sitten ahtaissa tiloissa navigoinnista tai jyrkist\u00e4 k\u00e4\u00e4nn\u00f6ksist\u00e4, kuljettajat voivat luottaa hydraulij\u00e4rjestelm\u00e4n v\u00e4litt\u00f6m\u00e4\u00e4n reagointiin, mik\u00e4 parantaa kokonaistuottavuutta.<\/li>\n<li><strong>Kompakti muotoilu:<\/strong> Ohjaushydraulisten sylintereiden kompakti koko mahdollistaa helpon asennuksen erilaisiin trukkimalleihin. T\u00e4m\u00e4 ominaisuus maksimoi tilank\u00e4yt\u00f6n tehokkuuden trukin suunnittelussa, jolloin valmistajat voivat optimoida suorituskyvyn tinkim\u00e4tt\u00e4 toiminnallisuudesta. K\u00e4ytt\u00e4j\u00e4t hy\u00f6tyv\u00e4t virtaviivaisesta asennuksesta, joka parantaa ketteryytt\u00e4 ahtaissa ymp\u00e4rist\u00f6iss\u00e4.<\/li>\n<li><strong>Sinet\u00f6ity suojausta varten:<\/strong> N\u00e4iden sylinterien tiivistetyt hydraulij\u00e4rjestelm\u00e4t tarjoavat ratkaisevan suojan likaa ja kosteutta vastaan. T\u00e4m\u00e4 tiivistys auttaa yll\u00e4pit\u00e4m\u00e4\u00e4n hydraulinesteen eheytt\u00e4 varmistaen tasaisen suorituskyvyn my\u00f6s haastavissa olosuhteissa. Est\u00e4m\u00e4ll\u00e4 ep\u00e4puhtauksien p\u00e4\u00e4syn j\u00e4rjestelm\u00e4\u00e4n n\u00e4m\u00e4 sylinterit v\u00e4hent\u00e4v\u00e4t kulumista ja pident\u00e4en siten k\u00e4ytt\u00f6ik\u00e4\u00e4.<\/li>\n<li><strong>Monipuolinen yhteensopivuus:<\/strong> Ohjaushydraulisylinterit on suunniteltu yhteensopiviksi laajan valikoiman trukkimalleja kanssa. T\u00e4m\u00e4 monipuolisuus tekee niist\u00e4 ihanteellisen valinnan kaluston huoltoon ja p\u00e4ivityksiin, sill\u00e4 ne mahdollistavat yritysten osien standardoinnin eri koneiden v\u00e4lill\u00e4. K\u00e4ytt\u00e4j\u00e4t voivat helposti vaihtaa tai p\u00e4ivitt\u00e4\u00e4 sylintereit\u00e4 murehtimatta yhteensopivuusongelmista, mik\u00e4 virtaviivaistaa huoltoprosesseja.<\/li>\n<\/ul>\n<h2><strong>K\u00e4yt\u00e4 tapauksia suurten trukkien hydraulisten sylinterien ohjaamiseen:<\/strong><\/h2>\n<p>Ohjaushydraulisylintereill\u00e4 on ratkaiseva rooli suurten trukkien toimivuuden ja tehokkuuden parantamisessa eri toimialoilla. T\u00e4ss\u00e4 on joitakin keskeisi\u00e4 k\u00e4ytt\u00f6tapauksia:<\/p>\n<h4>1. <strong>Varastotoiminnot<\/strong><\/h4>\n<p>Varastoissa suuret, ohjaushydraulisylintereill\u00e4 varustetut trukit navigoivat kapeissa k\u00e4yt\u00e4vill\u00e4 ja k\u00e4sittelev\u00e4t raskaita lavoja. Tarkkojen ohjausominaisuuksien ansiosta k\u00e4ytt\u00e4j\u00e4t voivat pinota ja noutaa tavaroita tehokkaasti, mik\u00e4 optimoi tilank\u00e4yt\u00f6n ja parantaa varastonhallintaa.<\/p>\n<h4>2. <strong>Rakennusty\u00f6maat<\/strong><\/h4>\n<p>Rakennusty\u00f6mailla n\u00e4m\u00e4 sylinterit tarjoavat tarvittavan hallinnan raskaiden materiaalien, kuten ter\u00e4spalkkien ja betonilohkojen, siirt\u00e4miseen. K\u00e4ytt\u00e4j\u00e4t voivat helposti ohjata trukkia ahtaissa tiloissa, mik\u00e4 varmistaa materiaalien turvallisen ja tarkan sijoittelun, mik\u00e4 on kriittist\u00e4 projektin aikataulujen kannalta.<\/p>\n<h4>3. <strong>Tuotantolaitokset<\/strong><\/h4>\n<p>Valmistuksessa ohjaushydrauliset sylinterit helpottavat osien ja komponenttien kuljetusta eri tuotantovaiheiden v\u00e4lill\u00e4. Nopea ja herkk\u00e4 ohjaus mahdollistaa k\u00e4ytt\u00e4jien siirt\u00e4\u00e4 esineit\u00e4 tehokkaasti, mik\u00e4 v\u00e4hent\u00e4\u00e4 seisokkiaikoja ja parantaa ty\u00f6nkulkua koko laitoksessa.<\/p>\n<h4>4. <strong>Maataloussovellukset<\/strong><\/h4>\n<p>Maataloudessa k\u00e4ytett\u00e4v\u00e4t suuret trukit k\u00e4ytt\u00e4v\u00e4t ohjaushydraulisylintereit\u00e4 paalien, laatikoiden ja muiden maataloustuotteiden k\u00e4sittelyyn. Parannetun ohjattavuuden ansiosta viljelij\u00e4t voivat lastata ja purkaa materiaaleja nopeasti, mik\u00e4 tehostaa toimintaa sesonkiaikoina.<\/p>\n<h4>5. <strong>Kierr\u00e4tys ja j\u00e4tehuolto<\/strong><\/h4>\n<p>Kierr\u00e4tyslaitoksissa trukkien kierr\u00e4tysmateriaalien kuljetuksessa ja pinoamisessa k\u00e4ytet\u00e4\u00e4n ohjaushydraulisia sylintereit\u00e4. Niiden kyky navigoida ahtaissa ymp\u00e4rist\u00f6iss\u00e4 varmistaa toiminnan sujuvuuden, parantaa lajitteluprosesseja ja kokonaistehokkuutta.<\/p>\n<h3><span style=\"color: #666666; font-size: 14px;\">Etsitk\u00f6 raskaaseen k\u00e4ytt\u00f6\u00f6n tarkoitettuja trukkisylintereit\u00e4? Tutustu valikoimaamme <\/span><a style=\"font-size: 14px;\" href=\"https:\/\/www.hydraulic-cylinders.net\/fi\/forklift-hydraulic-cylinder\/\">Raskaat hydraulisylinterit<\/a><span style=\"color: #666666; font-size: 14px;\">.<\/span><\/h3>\n<h2><strong>Trukin sylinterin tuotantoalue:<\/strong><\/h2>\n<h2><img loading=\"lazy\" decoding=\"async\" class=\"alignnone size-full wp-image-16972\" src=\"https:\/\/www.hydraulic-cylinders.net\/wp-content\/uploads\/2025\/01\/hydraulic-cylinder-factory-1-scaled.webp\" sizes=\"(min-width: 0px) and (max-width: 480px) 480px, (min-width: 481px) and (max-width: 980px) 980px, (min-width: 981px) and (max-width: 1280px) 1280px, (min-width: 1281px) 2016px, 100vw\" srcset=\"https:\/\/www.hydraulic-cylinders.net\/wp-content\/uploads\/2025\/01\/hydraulic-cylinder-factory-1-scaled.webp 2016w, https:\/\/www.hydraulic-cylinders.net\/wp-content\/uploads\/2025\/01\/hydraulic-cylinder-factory-1-1280x1625.webp 1280w, https:\/\/www.hydraulic-cylinders.net\/wp-content\/uploads\/2025\/01\/hydraulic-cylinder-factory-1-980x1244.webp 980w, https:\/\/www.hydraulic-cylinders.net\/wp-content\/uploads\/2025\/01\/hydraulic-cylinder-factory-1-480x610.webp 480w\" alt=\"\" width=\"2016\" height=\"2560\" \/><\/h2>\n<p>Meill\u00e4 on ensiluokkainen itsen\u00e4inen tutkimus- ja kehitysalusta kokoonpanoa varten. Trukkisylinterien tuotantolaitoksessa on nelj\u00e4 puoliautomaattista nostosylinterien kokoonpanolinjaa ja t\u00e4ysautomaattinen kallistussylinterien kokoonpanolinja, joiden suunniteltu vuotuinen tuotantokapasiteetti on miljoona kappaletta. Erikoissylinterity\u00f6pajassa on erilaisten spesifikaatioiden puoliautomaattisia puhdistus- ja kokoonpanoj\u00e4rjestelmi\u00e4, joiden suunniteltu vuotuinen tuotantokapasiteetti on 200 000 kappaletta. Se on varustettu tunnettujen merkkien CNC-ty\u00f6st\u00f6koneilla, ty\u00f6st\u00f6keskuksilla, erikoislaitteilla tarkkuussylinterien ty\u00f6st\u00f6\u00f6n, robottihitsauskoneilla, automaattisilla puhdistuskoneilla, automaattisilla sylinterien kokoonpanokoneilla ja automaattisilla maalintuotantolinjoilla. Meill\u00e4 on k\u00e4yt\u00f6ss\u00e4 yli 300 keskeist\u00e4 laitetta. Laitteiden optimoitu kohdentaminen ja tehokas k\u00e4ytt\u00f6 varmistavat tuotteiden tarkkuusvaatimukset ja t\u00e4ytt\u00e4v\u00e4t tuotteiden korkeat laatustandardit.<\/p>\n<p>Koneistamo on varustettu mittatilausty\u00f6n\u00e4 valmistetuilla kallistuskiskojen sorvauskeskuksilla, ty\u00f6st\u00f6keskuksilla, nopeilla hoonauskoneilla, hitsausroboteilla ja muilla asiaankuuluvilla laitteilla, jotka pystyv\u00e4t k\u00e4sittelem\u00e4\u00e4n enint\u00e4\u00e4n 400 mm:n sis\u00e4halkaisijan ja enint\u00e4\u00e4n 6 metrin pituisten sylinteriputkien ty\u00f6st\u00f6\u00e4.<\/p>\n<h2><img loading=\"lazy\" decoding=\"async\" class=\"alignnone size-full wp-image-16973\" src=\"https:\/\/www.hydraulic-cylinders.net\/wp-content\/uploads\/2025\/01\/hydraulic-cylinder-factory-2-scaled.webp\" sizes=\"(min-width: 0px) and (max-width: 480px) 480px, (min-width: 481px) and (max-width: 980px) 980px, (min-width: 981px) and (max-width: 1280px) 1280px, (min-width: 1281px) 2011px, 100vw\" srcset=\"https:\/\/www.hydraulic-cylinders.net\/wp-content\/uploads\/2025\/01\/hydraulic-cylinder-factory-2-scaled.webp 2011w, https:\/\/www.hydraulic-cylinders.net\/wp-content\/uploads\/2025\/01\/hydraulic-cylinder-factory-2-1280x1629.webp 1280w, https:\/\/www.hydraulic-cylinders.net\/wp-content\/uploads\/2025\/01\/hydraulic-cylinder-factory-2-980x1248.webp 980w, https:\/\/www.hydraulic-cylinders.net\/wp-content\/uploads\/2025\/01\/hydraulic-cylinder-factory-2-480x611.webp 480w\" alt=\"\" width=\"2011\" height=\"2560\" \/><\/h2>\n<p>Meill\u00e4 on t\u00e4ysautomaattinen vesiohenteisen maalin pinnoituslinja pienille ja keskisuurille sylintereille, joka toteuttaa automaattisen lastauksen ja purkauksen sek\u00e4 automaattiset ruiskutusrobotit. Suunniteltu tuotantokapasiteetti on 4000 paikkaa vuorossa. Meill\u00e4 on toinen puoliautomaattinen maalauslinja suurille sylintereille, jota k\u00e4ytt\u00e4\u00e4 voimansiirtoketju, ja sen suunnittelukapasiteetti on 60 laatikkoa vuorossa.<\/p>\n<p>Parantaaksemme tuotteidemme suorituskyky\u00e4 entisest\u00e4\u00e4n ja vakiinnuttaaksemme hydraulisylintereidemme johtavan aseman alalla, yrityksemme ja zjimee perustivat yhdess\u00e4 kattavan hydraulisylintereiden, hydrauliventtiilien ja hydraulipumppujen suorituskykylaboratorion. Laboratoriossa tehd\u00e4\u00e4n tietokoneella avustettua testausta s\u00e4hk\u00f6hydraulisella tekniikalla, ja testiolosuhteet asetetaan tietokoneella ennalta, mik\u00e4 parantaa testien tarkkuutta ja j\u00e4rjestelm\u00e4n monipuolisuutta sek\u00e4 kokeellisia tietoja.<\/p>\n<p>Automaattinen tiedonkeruu toteutetaan antureiden avulla, ja tietokone k\u00e4sittelee suoraan l\u00e4ht\u00f6tiedot, kuten sylinterin tai venttiilin sis\u00e4isen vuodon ja kuormitustehokkuuden, ja muuntaa ne standardiyksik\u00f6iksi (ml\/min\u00b3TP\u00b3T). Samanaikaisesti hydraulij\u00e4rjestelm\u00e4n k\u00e4ytt\u00f6turvallisuuden varmistamiseksi suoritetaan tilanvalvontatoiminto t\u00e4rkeille suorituskykyparametreille, kuten \"\u00f6ljyn l\u00e4mp\u00f6tilan valvonta, nestetason valvonta, suodatinlaitteen valvonta\" jne. N\u00e4ist\u00e4 parametreista hydraulisylinterin testiteline voi testata \"kuormituksen\" suorituskyky\u00e4.<br \/>\nhy\u00f6tysuhdetta \u201dja\u201d sis\u00e4ist\u00e4 vuotoa\u201d lukemien avulla. Samalla se on varustettu ritil\u00e4viivaimella mittaavalla laitteella, joka t\u00e4ytt\u00e4\u00e4 kaikkien hydraulisylinterituotteiden testattavien kohteiden vaatimukset kansallisen standardin mukaisesti.<\/p>\n<p>&nbsp;<\/p>","protected":false},"excerpt":{"rendered":"<p>Steering Hydraulic Cylinders For Large Forklift Steering hydraulic cylinders are vital components in large forklifts, providing the necessary power and precision for steering control. These cylinders enable smooth maneuverability, essential for navigating tight spaces and performing complex tasks. By converting hydraulic pressure into mechanical force, steering hydraulic cylinders enhance the overall efficiency and safety of [&hellip;]<\/p>","protected":false},"featured_media":17595,"comment_status":"open","ping_status":"closed","template":"","meta":{"_et_pb_use_builder":"","_et_pb_old_content":"","_et_gb_content_width":""},"product_brand":[],"product_cat":[1484,1550],"product_tag":[],"class_list":{"0":"post-17593","1":"product","2":"type-product","3":"status-publish","4":"has-post-thumbnail","6":"product_cat-forklift-hydraulic-cylinders","7":"product_cat-double-acting-hydraulic-cylinder","9":"first","10":"instock","11":"shipping-taxable","12":"product-type-simple"},"amp_enabled":true,"_links":{"self":[{"href":"https:\/\/www.hydraulic-cylinders.net\/fi\/wp-json\/wp\/v2\/product\/17593","targetHints":{"allow":["GET"]}}],"collection":[{"href":"https:\/\/www.hydraulic-cylinders.net\/fi\/wp-json\/wp\/v2\/product"}],"about":[{"href":"https:\/\/www.hydraulic-cylinders.net\/fi\/wp-json\/wp\/v2\/types\/product"}],"replies":[{"embeddable":true,"href":"https:\/\/www.hydraulic-cylinders.net\/fi\/wp-json\/wp\/v2\/comments?post=17593"}],"wp:featuredmedia":[{"embeddable":true,"href":"https:\/\/www.hydraulic-cylinders.net\/fi\/wp-json\/wp\/v2\/media\/17595"}],"wp:attachment":[{"href":"https:\/\/www.hydraulic-cylinders.net\/fi\/wp-json\/wp\/v2\/media?parent=17593"}],"wp:term":[{"taxonomy":"product_brand","embeddable":true,"href":"https:\/\/www.hydraulic-cylinders.net\/fi\/wp-json\/wp\/v2\/product_brand?post=17593"},{"taxonomy":"product_cat","embeddable":true,"href":"https:\/\/www.hydraulic-cylinders.net\/fi\/wp-json\/wp\/v2\/product_cat?post=17593"},{"taxonomy":"product_tag","embeddable":true,"href":"https:\/\/www.hydraulic-cylinders.net\/fi\/wp-json\/wp\/v2\/product_tag?post=17593"}],"curies":[{"name":"wp","href":"https:\/\/api.w.org\/{rel}","templated":true}]}}